{"id":44621,"date":"2024-12-02T13:23:54","date_gmt":"2024-12-02T18:23:54","guid":{"rendered":"https:\/\/www.belleflamme.ca\/?post_type=product&#038;p=44621"},"modified":"2024-12-02T13:29:47","modified_gmt":"2024-12-02T18:29:47","slug":"thermopompe-centrale-haut-de-gamme-de-napoleon","status":"publish","type":"product","link":"https:\/\/staging.belleflamme.ca\/fr\/produit\/thermopompe-centrale-haut-de-gamme-de-napoleon\/","title":{"rendered":"Thermopompe Centrale haut de gamme de Napoleon"},"content":{"rendered":"\t\t<div data-elementor-type=\"product-post\" data-elementor-id=\"44621\" class=\"elementor elementor-44621\" data-elementor-post-type=\"product\">\n\t\t\t\t\t\t<section class=\"elementor-section elementor-top-section elementor-element elementor-element-55511653 elementor-section-boxed elementor-section-height-default elementor-section-height-default\" data-id=\"55511653\" data-element_type=\"section\">\n\t\t\t\t\t\t<div class=\"elementor-container elementor-column-gap-default\">\n\t\t\t\t\t<div class=\"elementor-column elementor-col-100 elementor-top-column elementor-element elementor-element-1534ae65\" data-id=\"1534ae65\" data-element_type=\"column\">\n\t\t\t<div class=\"elementor-widget-wrap elementor-element-populated\">\n\t\t\t\t\t\t<div class=\"elementor-element elementor-element-100ee4f elementor-widget elementor-widget-text-editor\" data-id=\"100ee4f\" data-element_type=\"widget\" data-widget_type=\"text-editor.default\">\n\t\t\t\t<div class=\"elementor-widget-container\">\n\t\t\t\t\t\t\t\t\t<h1 style=\"text-align: center;\"><span class=\"field field--name-title field--type-string field--label-hidden\">Pompe \u00e0 chaleur haut de gamme<\/span><\/h1>\r\nNapoleon Premium Cold Climate Heat Pump offers versatile compatibility with any furnace type, allowing you to heat and cool your home using gas, electricity, or a combination. Easily integrate the heat pump into your existing system. In summer, it cools by expelling indoor heat outside. In Spring &amp; Fall, it keeps you warm indoors at ease. If installed as a standalone system (without a furnace), in winter it can maintain a comfortable condition indoors even when ambient is -15C (5F). Enjoy cost savings, home comfort, and a low carbon footprint. Includes a 10-year warranty on parts and compressor.\r\n<h2 class=\"feature-name\">Chauffage et climatisation<\/h2>\r\n<h3 class=\"field field--name-field-feature-lead field--type-string field--label-hidden field__item\">Le confort \u00e0 la maison en toute saison<\/h3>\r\n<div class=\"clearfix text-formatted field field--name-field-feature-description field--type-text-long field--label-hidden field__item\">\r\n\r\nId\u00e9ale pour les climats plus temp\u00e9r\u00e9s, avec la plus large \u00e9tendue de chauffage et de refroidissement de l&#8217;industrie.\r\n<h2 class=\"feature-name\">Technologie Inverter<\/h2>\r\n<h3 class=\"field field--name-field-feature-lead field--type-string field--label-hidden field__item\">Mod\u00e8le \u00e0 haut rendement et \u00e0 faible vibration<\/h3>\r\n<\/div>\r\n<div class=\"clearfix text-formatted field field--name-field-feature-description field--type-text-long field--label-hidden field__item\">\r\n<div class=\"clearfix text-formatted field field--name-field-feature-description field--type-text-long field--label-hidden field__item\">\r\n\r\nAvec une efficacit\u00e9 de climatisation de 17 SEER2 et une efficacit\u00e9 de chauffage de 9 CPSC2, notre technologie Inverter r\u00e9duit le gaspillage d&#8217;\u00e9nergie et les co\u00fbts de fonctionnement.\r\n<h2 class=\"feature-name\">Pales de ventilateur en fl\u00e8che<\/h2>\r\n<h3 class=\"field field--name-field-feature-lead field--type-string field--label-hidden field__item\">Fonctionnement silencieux<\/h3>\r\n<\/div>\r\n<\/div>\r\n<div class=\"clearfix text-formatted field field--name-field-feature-description field--type-text-long field--label-hidden field__item\">\r\n<div class=\"clearfix text-formatted field field--name-field-feature-description field--type-text-long field--label-hidden field__item\">\r\n<div class=\"clearfix text-formatted field field--name-field-feature-description field--type-text-long field--label-hidden field__item\">\r\n\r\nR\u00e9duction du bruit \u00e0 la pointe de l&#8217;industrie\r\n\r\n<\/div>\r\n<\/div>\r\n<\/div>\r\n<h3 class=\"title-tab title-desktop\">Sp\u00e9cifications<\/h3>\r\n<div class=\"specification tab-item tab-on\">\r\n<div class=\"efficiency\">\r\n<p class=\"field\">Taux d\u2019efficacit\u00e9 :<\/p>\r\n\r\n<div class=\"field field--name-field-efficiency-rating field--type-entity-reference field--label-hidden field__item\">Up to 17 SEER2<\/div>\r\n<\/div>\r\n<div class=\"features\">\r\n<p class=\"field\">Caract\u00e9ristiques :<\/p>\r\n\r\n<div class=\"field field--name-field-parent-search-features field--type-entity-reference field--label-hidden field__items\">\r\n<div class=\"field__item\">Chauffage<\/div>\r\n<div class=\"field__item\">Climatisation<\/div>\r\n<div class=\"field__item\">Solution hybride<\/div>\r\n<\/div>\r\n<\/div>\r\n<div class=\"btu-range\">\r\n<p class=\"field\">Plage de BTU :<\/p>\r\n\r\n<div class=\"field\">24 000 BTU &#8211; 54 000 BTU<\/div>\r\n<\/div>\r\n<\/div>\r\n<div><\/div>\r\n<div>\r\n<h3 class=\"options-section-title\">Liste compl\u00e8te des caract\u00e9ristiques<\/h3>\r\n<div class=\"clearfix text-formatted field field--name-field-summary-features field--type-text field--label-hidden field__items\">\r\n<ul>\r\n \t<li class=\"field__item\">Jusqu&#8217;\u00e0 54 000 BTU<\/li>\r\n \t<li class=\"field__item\">Efficacit\u00e9 jusqu&#8217;\u00e0 17 SEER2<\/li>\r\n \t<li class=\"field__item\">9 HSPF2 (Region IV), 7 HSPF2 (Region V)<\/li>\r\n \t<li class=\"field__item\">Capacit\u00e9s allant de 2,0 \u00e0 5,0 tonnes<\/li>\r\n \t<li class=\"field__item\">R\u00e9frig\u00e9rant R-410A \u00e9cologique<\/li>\r\n \t<li class=\"field__item\">Compresseurs \u00e0 haut rendement<\/li>\r\n \t<li class=\"field__item\">Fonctionnement silencieux<\/li>\r\n<\/ul>\r\n<p style=\"text-align: center;\"><img fetchpriority=\"high\" decoding=\"async\" class=\"alignnone size-full wp-image-44227\" src=\"https:\/\/www.belleflamme.ca\/wp-content\/uploads\/2024\/11\/Garantie-Belleflamme-FR-10-ans.png\" alt=\"\" width=\"250\" height=\"250\" srcset=\"https:\/\/staging.belleflamme.ca\/wp-content\/uploads\/2024\/11\/Garantie-Belleflamme-FR-10-ans.png 250w, https:\/\/staging.belleflamme.ca\/wp-content\/uploads\/2024\/11\/Garantie-Belleflamme-FR-10-ans-150x150.png 150w, https:\/\/staging.belleflamme.ca\/wp-content\/uploads\/2024\/11\/Garantie-Belleflamme-FR-10-ans-100x100.png 100w\" sizes=\"(max-width: 250px) 100vw, 250px\" \/><\/p>\r\n\r\n<\/div>\r\n<\/div>\r\n&nbsp;\r\n<p style=\"text-align: center;\"><img decoding=\"async\" class=\"alignnone size-full wp-image-44628\" src=\"https:\/\/www.belleflamme.ca\/wp-content\/uploads\/2024\/12\/2024-12-02-13_25_48-Napoleon-SEER2-Tech-Sheet_DIGITAL.pdf.png\" alt=\"\" width=\"796\" height=\"993\" srcset=\"https:\/\/staging.belleflamme.ca\/wp-content\/uploads\/2024\/12\/2024-12-02-13_25_48-Napoleon-SEER2-Tech-Sheet_DIGITAL.pdf.png 796w, https:\/\/staging.belleflamme.ca\/wp-content\/uploads\/2024\/12\/2024-12-02-13_25_48-Napoleon-SEER2-Tech-Sheet_DIGITAL.pdf-240x300.png 240w, https:\/\/staging.belleflamme.ca\/wp-content\/uploads\/2024\/12\/2024-12-02-13_25_48-Napoleon-SEER2-Tech-Sheet_DIGITAL.pdf-768x958.png 768w\" sizes=\"(max-width: 796px) 100vw, 796px\" \/><\/p>\t\t\t\t\t\t\t\t<\/div>\n\t\t\t\t<\/div>\n\t\t\t\t\t<\/div>\n\t\t<\/div>\n\t\t\t\t\t<\/div>\n\t\t<\/section>\n\t\t\t\t<section class=\"elementor-section elementor-top-section elementor-element elementor-element-186829c elementor-section-boxed elementor-section-height-default elementor-section-height-default\" data-id=\"186829c\" data-element_type=\"section\">\n\t\t\t\t\t\t<div class=\"elementor-container elementor-column-gap-default\">\n\t\t\t\t\t<div class=\"elementor-column elementor-col-100 elementor-top-column elementor-element elementor-element-c309c83\" data-id=\"c309c83\" data-element_type=\"column\">\n\t\t\t<div class=\"elementor-widget-wrap elementor-element-populated\">\n\t\t\t\t\t\t<div class=\"elementor-element elementor-element-71ef65f elementor-tabs-view-horizontal elementor-widget elementor-widget-tabs\" data-id=\"71ef65f\" data-element_type=\"widget\" data-widget_type=\"tabs.default\">\n\t\t\t\t<div class=\"elementor-widget-container\">\n\t\t\t\t\t\t\t<div class=\"elementor-tabs\">\n\t\t\t<div class=\"elementor-tabs-wrapper\" role=\"tablist\" >\n\t\t\t\t\t\t\t\t\t<div id=\"elementor-tab-title-1191\" class=\"elementor-tab-title elementor-tab-desktop-title\" aria-selected=\"true\" data-tab=\"1\" role=\"tab\" tabindex=\"0\" aria-controls=\"elementor-tab-content-1191\" aria-expanded=\"false\">Fichiers<\/div>\n\t\t\t\t\t\t\t<\/div>\n\t\t\t<div class=\"elementor-tabs-content-wrapper\" role=\"tablist\" aria-orientation=\"vertical\">\n\t\t\t\t\t\t\t\t\t<div class=\"elementor-tab-title elementor-tab-mobile-title\" aria-selected=\"true\" data-tab=\"1\" role=\"tab\" tabindex=\"0\" aria-controls=\"elementor-tab-content-1191\" aria-expanded=\"false\">Fichiers<\/div>\n\t\t\t\t\t<div id=\"elementor-tab-content-1191\" class=\"elementor-tab-content elementor-clearfix\" data-tab=\"1\" role=\"tabpanel\" aria-labelledby=\"elementor-tab-title-1191\" tabindex=\"0\" hidden=\"false\"><i class=\"far fa-file-pdf fa-xl\" style=\"font-size:35px\"><\/i><a href=\"https:\/\/www.belleflamme.ca\/wp-content\/uploads\/2024\/12\/ADBRN3-HPAH_2023_LowRes.pdf\"> Brochure<\/a><\/br>\n<i class=\"far fa-file-pdf fa-xl\" style=\"font-size:35px\"><\/i><a href=\"https:\/\/www.belleflamme.ca\/wp-content\/uploads\/2024\/12\/Napoleon-SEER2-Tech-Sheet_DIGITAL-1.pdf\"> Sp\u00e9cifications<\/a><\/br><\/div>\n\t\t\t\t\t\t\t<\/div>\n\t\t<\/div>\n\t\t\t\t\t\t<\/div>\n\t\t\t\t<\/div>\n\t\t\t\t\t<\/div>\n\t\t<\/div>\n\t\t\t\t\t<\/div>\n\t\t<\/section>\n\t\t\t\t<\/div>\n\t\t","protected":false},"excerpt":{"rendered":"<p>Pompe \u00e0 chaleur haut de gamme Napoleon Premium Cold Climate Heat Pump offers versatile compatibility with any furnace type, allowing you to heat and cool your home using gas, electricity, or a combination. Easily integrate the heat pump into your existing system. In summer, it cools by expelling indoor heat outside. In Spring &amp; Fall, [&hellip;]<\/p>\n","protected":false},"featured_media":44610,"template":"","meta":{"inline_featured_image":false},"product_brand":[359],"product_cat":[70,71,78],"product_tag":[],"class_list":{"0":"post-44621","1":"product","2":"type-product","3":"status-publish","4":"has-post-thumbnail","6":"product_brand-napoleon-climatisation-chauffage","7":"product_cat-climatisation-chauffage","8":"product_cat-systeme-central","9":"product_cat-thermopompes-centrales","11":"first","12":"instock","13":"taxable","14":"shipping-taxable","15":"product-type-variable"},"yoast_head":"<!-- This site is optimized with the Yoast SEO Premium plugin v24.2 (Yoast SEO v24.2) - https:\/\/yoast.com\/wordpress\/plugins\/seo\/ -->\n<title>Thermopompe Centrale haut de gamme de Napoleon - Groupe BelleFlamme<\/title>\n<meta name=\"description\" content=\"Thermopompe Centrale haut de gamme de Napoleon vendu et install\u00e9 par le Groupe Belleflamme. Laval, Montr\u00e9al, Gatineau et Saint-Sauveur.\" \/>\n<meta name=\"robots\" content=\"index, follow, max-snippet:-1, max-image-preview:large, max-video-preview:-1\" \/>\n<link rel=\"canonical\" href=\"https:\/\/staging.belleflamme.ca\/fr\/produit\/thermopompe-centrale-haut-de-gamme-de-napoleon\/\" \/>\n<meta property=\"og:locale\" content=\"fr_FR\" \/>\n<meta property=\"og:type\" content=\"article\" \/>\n<meta property=\"og:title\" content=\"Thermopompe Centrale haut de gamme de Napoleon\" \/>\n<meta property=\"og:description\" content=\"Thermopompe Centrale haut de gamme de Napoleon vendu et install\u00e9 par le Groupe Belleflamme. Laval, Montr\u00e9al, Gatineau et Saint-Sauveur.\" \/>\n<meta property=\"og:url\" content=\"https:\/\/staging.belleflamme.ca\/fr\/produit\/thermopompe-centrale-haut-de-gamme-de-napoleon\/\" \/>\n<meta property=\"og:site_name\" content=\"Groupe BelleFlamme\" \/>\n<meta property=\"article:publisher\" content=\"https:\/\/www.facebook.com\/belleflamme.ca\/\" \/>\n<meta property=\"article:modified_time\" content=\"2024-12-02T18:29:47+00:00\" \/>\n<meta property=\"og:image\" content=\"https:\/\/www.belleflamme.ca\/wp-content\/uploads\/2023\/03\/Thermopompe-Centrale-SERIE-NS18-de-Napoleon.webp\" \/>\n\t<meta property=\"og:image:width\" content=\"600\" \/>\n\t<meta property=\"og:image:height\" content=\"600\" \/>\n\t<meta property=\"og:image:type\" content=\"image\/webp\" \/>\n<meta name=\"twitter:card\" content=\"summary_large_image\" \/>\n<meta name=\"twitter:label1\" content=\"Disponibilit\u00e9\" \/>\n\t<meta name=\"twitter:data1\" content=\"En stock\" \/>\n<script type=\"application\/ld+json\" class=\"yoast-schema-graph\">{\"@context\":\"https:\/\/schema.org\",\"@graph\":[{\"@type\":[\"WebPage\",\"ItemPage\"],\"@id\":\"https:\/\/staging.belleflamme.ca\/fr\/produit\/thermopompe-centrale-haut-de-gamme-de-napoleon\/\",\"url\":\"https:\/\/staging.belleflamme.ca\/fr\/produit\/thermopompe-centrale-haut-de-gamme-de-napoleon\/\",\"name\":\"Thermopompe Centrale haut de gamme de Napoleon - Groupe BelleFlamme\",\"isPartOf\":{\"@id\":\"https:\/\/www.belleflamme.ca\/fr\/#website\"},\"primaryImageOfPage\":{\"@id\":\"https:\/\/staging.belleflamme.ca\/fr\/produit\/thermopompe-centrale-haut-de-gamme-de-napoleon\/#primaryimage\"},\"image\":{\"@id\":\"https:\/\/staging.belleflamme.ca\/fr\/produit\/thermopompe-centrale-haut-de-gamme-de-napoleon\/#primaryimage\"},\"thumbnailUrl\":\"https:\/\/staging.belleflamme.ca\/wp-content\/uploads\/2023\/03\/Thermopompe-Centrale-SERIE-NS18-de-Napoleon.webp\",\"datePublished\":\"2024-12-02T18:23:54+00:00\",\"dateModified\":\"2024-12-02T18:29:47+00:00\",\"description\":\"Thermopompe Centrale haut de gamme de Napoleon vendu et install\u00e9 par le Groupe Belleflamme. Laval, Montr\u00e9al, Gatineau et Saint-Sauveur.\",\"breadcrumb\":{\"@id\":\"https:\/\/staging.belleflamme.ca\/fr\/produit\/thermopompe-centrale-haut-de-gamme-de-napoleon\/#breadcrumb\"},\"inLanguage\":\"fr-FR\",\"potentialAction\":[{\"@type\":\"ReadAction\",\"target\":[\"https:\/\/staging.belleflamme.ca\/fr\/produit\/thermopompe-centrale-haut-de-gamme-de-napoleon\/\"]}]},{\"@type\":\"ImageObject\",\"inLanguage\":\"fr-FR\",\"@id\":\"https:\/\/staging.belleflamme.ca\/fr\/produit\/thermopompe-centrale-haut-de-gamme-de-napoleon\/#primaryimage\",\"url\":\"https:\/\/staging.belleflamme.ca\/wp-content\/uploads\/2023\/03\/Thermopompe-Centrale-SERIE-NS18-de-Napoleon.webp\",\"contentUrl\":\"https:\/\/staging.belleflamme.ca\/wp-content\/uploads\/2023\/03\/Thermopompe-Centrale-SERIE-NS18-de-Napoleon.webp\",\"width\":600,\"height\":600,\"caption\":\"Thermopompe Centrale S\u00c9RIE NS18 de Napoleon\"},{\"@type\":\"BreadcrumbList\",\"@id\":\"https:\/\/staging.belleflamme.ca\/fr\/produit\/thermopompe-centrale-haut-de-gamme-de-napoleon\/#breadcrumb\",\"itemListElement\":[{\"@type\":\"ListItem\",\"position\":1,\"name\":\"Accueil\",\"item\":\"https:\/\/www.belleflamme.ca\/fr\/\"},{\"@type\":\"ListItem\",\"position\":2,\"name\":\"Boutique\",\"item\":\"https:\/\/www.belleflamme.ca\/fr\/boutique\/\"},{\"@type\":\"ListItem\",\"position\":3,\"name\":\"Climatisation &amp; Chauffage\",\"item\":\"https:\/\/staging.belleflamme.ca\/fr\/categories\/climatisation-chauffage\/\"},{\"@type\":\"ListItem\",\"position\":4,\"name\":\"Syst\u00e8me central\",\"item\":\"https:\/\/staging.belleflamme.ca\/fr\/categories\/climatisation-chauffage\/systeme-central\/\"},{\"@type\":\"ListItem\",\"position\":5,\"name\":\"Thermopompes Centrales\",\"item\":\"https:\/\/staging.belleflamme.ca\/fr\/categories\/climatisation-chauffage\/systeme-central\/thermopompes-centrales\/\"},{\"@type\":\"ListItem\",\"position\":6,\"name\":\"Thermopompe Centrale haut de gamme de Napoleon\"}]},{\"@type\":\"WebSite\",\"@id\":\"https:\/\/www.belleflamme.ca\/fr\/#website\",\"url\":\"https:\/\/www.belleflamme.ca\/fr\/\",\"name\":\"Groupe Belleflamme\",\"description\":\"La m\u00e9canique du b\u00e2timent dans le sang.\",\"publisher\":{\"@id\":\"https:\/\/www.belleflamme.ca\/fr\/#organization\"},\"potentialAction\":[{\"@type\":\"SearchAction\",\"target\":{\"@type\":\"EntryPoint\",\"urlTemplate\":\"https:\/\/www.belleflamme.ca\/fr\/?s={search_term_string}\"},\"query-input\":{\"@type\":\"PropertyValueSpecification\",\"valueRequired\":true,\"valueName\":\"search_term_string\"}}],\"inLanguage\":\"fr-FR\"},{\"@type\":[\"Organization\",\"Place\"],\"@id\":\"https:\/\/www.belleflamme.ca\/fr\/#organization\",\"name\":\"Groupe Belleflamme\",\"alternateName\":\"Belleflamme\",\"url\":\"https:\/\/www.belleflamme.ca\/fr\/\",\"logo\":{\"@type\":\"ImageObject\",\"inLanguage\":\"fr-FR\",\"@id\":\"https:\/\/www.belleflamme.ca\/fr\/#\/schema\/logo\/image\/\",\"url\":\"https:\/\/staging.belleflamme.ca\/wp-content\/uploads\/2023\/01\/og-image.jpg\",\"contentUrl\":\"https:\/\/staging.belleflamme.ca\/wp-content\/uploads\/2023\/01\/og-image.jpg\",\"width\":1200,\"height\":630,\"caption\":\"Groupe Belleflamme\"},\"image\":{\"@id\":\"https:\/\/www.belleflamme.ca\/fr\/#\/schema\/logo\/image\/\"},\"sameAs\":[\"https:\/\/www.facebook.com\/belleflamme.ca\/\",\"https:\/\/www.linkedin.com\/company\/belleflamme\/\",\"https:\/\/www.pinterest.ca\/groupebelleflamme\/\",\"https:\/\/www.instagram.com\/legroupebelleflamme\/\"],\"mainEntityOfPage\":{\"@id\":\"https:\/\/staging.belleflamme.ca\/fr\/produit\/thermopompe-centrale-haut-de-gamme-de-napoleon\/\"}}]}<\/script>\n<meta property=\"product:brand\" content=\"Napoleon climatisation chauffage\" \/>\n<meta property=\"og:availability\" content=\"instock\" \/>\n<meta property=\"product:availability\" content=\"instock\" \/>\n<meta property=\"product:condition\" content=\"new\" \/>\n<!-- \/ Yoast SEO Premium plugin. -->","yoast_head_json":{"title":"Thermopompe Centrale haut de gamme de Napoleon - Groupe BelleFlamme","description":"Thermopompe Centrale haut de gamme de Napoleon vendu et install\u00e9 par le Groupe Belleflamme. Laval, Montr\u00e9al, Gatineau et Saint-Sauveur.","robots":{"index":"index","follow":"follow","max-snippet":"max-snippet:-1","max-image-preview":"max-image-preview:large","max-video-preview":"max-video-preview:-1"},"canonical":"https:\/\/staging.belleflamme.ca\/fr\/produit\/thermopompe-centrale-haut-de-gamme-de-napoleon\/","og_locale":"fr_FR","og_type":"article","og_title":"Thermopompe Centrale haut de gamme de Napoleon","og_description":"Thermopompe Centrale haut de gamme de Napoleon vendu et install\u00e9 par le Groupe Belleflamme. Laval, Montr\u00e9al, Gatineau et Saint-Sauveur.","og_url":"https:\/\/staging.belleflamme.ca\/fr\/produit\/thermopompe-centrale-haut-de-gamme-de-napoleon\/","og_site_name":"Groupe BelleFlamme","article_publisher":"https:\/\/www.facebook.com\/belleflamme.ca\/","article_modified_time":"2024-12-02T18:29:47+00:00","og_image":[{"width":600,"height":600,"url":"https:\/\/www.belleflamme.ca\/wp-content\/uploads\/2023\/03\/Thermopompe-Centrale-SERIE-NS18-de-Napoleon.webp","type":"image\/webp"}],"twitter_card":"summary_large_image","twitter_misc":{"Disponibilit\u00e9":"En stock"},"schema":{"@context":"https:\/\/schema.org","@graph":[{"@type":["WebPage","ItemPage"],"@id":"https:\/\/staging.belleflamme.ca\/fr\/produit\/thermopompe-centrale-haut-de-gamme-de-napoleon\/","url":"https:\/\/staging.belleflamme.ca\/fr\/produit\/thermopompe-centrale-haut-de-gamme-de-napoleon\/","name":"Thermopompe Centrale haut de gamme de Napoleon - Groupe BelleFlamme","isPartOf":{"@id":"https:\/\/www.belleflamme.ca\/fr\/#website"},"primaryImageOfPage":{"@id":"https:\/\/staging.belleflamme.ca\/fr\/produit\/thermopompe-centrale-haut-de-gamme-de-napoleon\/#primaryimage"},"image":{"@id":"https:\/\/staging.belleflamme.ca\/fr\/produit\/thermopompe-centrale-haut-de-gamme-de-napoleon\/#primaryimage"},"thumbnailUrl":"https:\/\/staging.belleflamme.ca\/wp-content\/uploads\/2023\/03\/Thermopompe-Centrale-SERIE-NS18-de-Napoleon.webp","datePublished":"2024-12-02T18:23:54+00:00","dateModified":"2024-12-02T18:29:47+00:00","description":"Thermopompe Centrale haut de gamme de Napoleon vendu et install\u00e9 par le Groupe Belleflamme. Laval, Montr\u00e9al, Gatineau et Saint-Sauveur.","breadcrumb":{"@id":"https:\/\/staging.belleflamme.ca\/fr\/produit\/thermopompe-centrale-haut-de-gamme-de-napoleon\/#breadcrumb"},"inLanguage":"fr-FR","potentialAction":[{"@type":"ReadAction","target":["https:\/\/staging.belleflamme.ca\/fr\/produit\/thermopompe-centrale-haut-de-gamme-de-napoleon\/"]}]},{"@type":"ImageObject","inLanguage":"fr-FR","@id":"https:\/\/staging.belleflamme.ca\/fr\/produit\/thermopompe-centrale-haut-de-gamme-de-napoleon\/#primaryimage","url":"https:\/\/staging.belleflamme.ca\/wp-content\/uploads\/2023\/03\/Thermopompe-Centrale-SERIE-NS18-de-Napoleon.webp","contentUrl":"https:\/\/staging.belleflamme.ca\/wp-content\/uploads\/2023\/03\/Thermopompe-Centrale-SERIE-NS18-de-Napoleon.webp","width":600,"height":600,"caption":"Thermopompe Centrale S\u00c9RIE NS18 de Napoleon"},{"@type":"BreadcrumbList","@id":"https:\/\/staging.belleflamme.ca\/fr\/produit\/thermopompe-centrale-haut-de-gamme-de-napoleon\/#breadcrumb","itemListElement":[{"@type":"ListItem","position":1,"name":"Accueil","item":"https:\/\/www.belleflamme.ca\/fr\/"},{"@type":"ListItem","position":2,"name":"Boutique","item":"https:\/\/www.belleflamme.ca\/fr\/boutique\/"},{"@type":"ListItem","position":3,"name":"Climatisation &amp; Chauffage","item":"https:\/\/staging.belleflamme.ca\/fr\/categories\/climatisation-chauffage\/"},{"@type":"ListItem","position":4,"name":"Syst\u00e8me central","item":"https:\/\/staging.belleflamme.ca\/fr\/categories\/climatisation-chauffage\/systeme-central\/"},{"@type":"ListItem","position":5,"name":"Thermopompes Centrales","item":"https:\/\/staging.belleflamme.ca\/fr\/categories\/climatisation-chauffage\/systeme-central\/thermopompes-centrales\/"},{"@type":"ListItem","position":6,"name":"Thermopompe Centrale haut de gamme de Napoleon"}]},{"@type":"WebSite","@id":"https:\/\/www.belleflamme.ca\/fr\/#website","url":"https:\/\/www.belleflamme.ca\/fr\/","name":"Groupe Belleflamme","description":"La m\u00e9canique du b\u00e2timent dans le sang.","publisher":{"@id":"https:\/\/www.belleflamme.ca\/fr\/#organization"},"potentialAction":[{"@type":"SearchAction","target":{"@type":"EntryPoint","urlTemplate":"https:\/\/www.belleflamme.ca\/fr\/?s={search_term_string}"},"query-input":{"@type":"PropertyValueSpecification","valueRequired":true,"valueName":"search_term_string"}}],"inLanguage":"fr-FR"},{"@type":["Organization","Place"],"@id":"https:\/\/www.belleflamme.ca\/fr\/#organization","name":"Groupe Belleflamme","alternateName":"Belleflamme","url":"https:\/\/www.belleflamme.ca\/fr\/","logo":{"@type":"ImageObject","inLanguage":"fr-FR","@id":"https:\/\/www.belleflamme.ca\/fr\/#\/schema\/logo\/image\/","url":"https:\/\/staging.belleflamme.ca\/wp-content\/uploads\/2023\/01\/og-image.jpg","contentUrl":"https:\/\/staging.belleflamme.ca\/wp-content\/uploads\/2023\/01\/og-image.jpg","width":1200,"height":630,"caption":"Groupe Belleflamme"},"image":{"@id":"https:\/\/www.belleflamme.ca\/fr\/#\/schema\/logo\/image\/"},"sameAs":["https:\/\/www.facebook.com\/belleflamme.ca\/","https:\/\/www.linkedin.com\/company\/belleflamme\/","https:\/\/www.pinterest.ca\/groupebelleflamme\/","https:\/\/www.instagram.com\/legroupebelleflamme\/"],"mainEntityOfPage":{"@id":"https:\/\/staging.belleflamme.ca\/fr\/produit\/thermopompe-centrale-haut-de-gamme-de-napoleon\/"}}]},"product_brand":"Napoleon climatisation chauffage","og_availability":"instock","product_availability":"instock","product_condition":"new"},"_links":{"self":[{"href":"https:\/\/staging.belleflamme.ca\/fr\/wp-json\/wp\/v2\/product\/44621","targetHints":{"allow":["GET"]}}],"collection":[{"href":"https:\/\/staging.belleflamme.ca\/fr\/wp-json\/wp\/v2\/product"}],"about":[{"href":"https:\/\/staging.belleflamme.ca\/fr\/wp-json\/wp\/v2\/types\/product"}],"version-history":[{"count":5,"href":"https:\/\/staging.belleflamme.ca\/fr\/wp-json\/wp\/v2\/product\/44621\/revisions"}],"predecessor-version":[{"id":44637,"href":"https:\/\/staging.belleflamme.ca\/fr\/wp-json\/wp\/v2\/product\/44621\/revisions\/44637"}],"wp:featuredmedia":[{"embeddable":true,"href":"https:\/\/staging.belleflamme.ca\/fr\/wp-json\/wp\/v2\/media\/44610"}],"wp:attachment":[{"href":"https:\/\/staging.belleflamme.ca\/fr\/wp-json\/wp\/v2\/media?parent=44621"}],"wp:term":[{"taxonomy":"product_brand","embeddable":true,"href":"https:\/\/staging.belleflamme.ca\/fr\/wp-json\/wp\/v2\/product_brand?post=44621"},{"taxonomy":"product_cat","embeddable":true,"href":"https:\/\/staging.belleflamme.ca\/fr\/wp-json\/wp\/v2\/product_cat?post=44621"},{"taxonomy":"product_tag","embeddable":true,"href":"https:\/\/staging.belleflamme.ca\/fr\/wp-json\/wp\/v2\/product_tag?post=44621"}],"curies":[{"name":"wp","href":"https:\/\/api.w.org\/{rel}","templated":true}]}}