{"id":4460,"date":"2023-02-15T16:32:20","date_gmt":"2023-02-15T21:32:20","guid":{"rendered":"https:\/\/www.belleflamme.ca\/product\/chauffage-electrique-tmm5\/"},"modified":"2024-12-17T15:39:22","modified_gmt":"2024-12-17T20:39:22","slug":"fournaise-electrique-tmm-de-trane","status":"publish","type":"product","link":"https:\/\/staging.belleflamme.ca\/fr\/produit\/fournaise-electrique-tmm-de-trane\/","title":{"rendered":"Fournaise \u00e9lectrique TMM de Trane"},"content":{"rendered":"\t\t<div data-elementor-type=\"product-post\" data-elementor-id=\"4460\" class=\"elementor elementor-4460\" data-elementor-post-type=\"product\">\n\t\t\t\t\t\t<section class=\"elementor-section elementor-top-section elementor-element elementor-element-7800fdad elementor-section-boxed elementor-section-height-default elementor-section-height-default\" data-id=\"7800fdad\" data-element_type=\"section\">\n\t\t\t\t\t\t<div class=\"elementor-container elementor-column-gap-default\">\n\t\t\t\t\t<div class=\"elementor-column elementor-col-100 elementor-top-column elementor-element elementor-element-ff6bea0\" data-id=\"ff6bea0\" data-element_type=\"column\">\n\t\t\t<div class=\"elementor-widget-wrap elementor-element-populated\">\n\t\t\t\t\t\t<div class=\"elementor-element elementor-element-1f2176a9 elementor-widget elementor-widget-text-editor\" data-id=\"1f2176a9\" data-element_type=\"widget\" data-widget_type=\"text-editor.default\">\n\t\t\t\t<div class=\"elementor-widget-container\">\n\t\t\t\t\t\t\t\t\t<div><div class=\"flex items-center font-rich-back md:block md:mb-42\"><img decoding=\"async\" src=\"https:\/\/live-trane-headless-cms.pantheonsite.io\/wp-content\/uploads\/2022\/04\/electricity-icon.svg\" alt=\"ic\u00f4ne\" width=\"30\" height=\"30\" data-nimg=\"1\" \/><h3 class=\"text-charcoal pl-4 font-bold md:pl-0 md:text-28 md:mb-6\"><span>Construction fiable<\/span><\/h3><\/div><p class=\"mb-10 text-16 md:mb-14\"><span>La bobine enti\u00e8rement en aluminium de la s\u00e9rie TMM est plus durable et r\u00e9sistante \u00e0 la rouille que les bobines en cuivre standard, ce qui vous permet d&#8217;\u00e9viter les fuites de produits corrosifs comme le sel ou les produits de nettoyage m\u00e9nagers.<\/span><\/p><\/div><div><div class=\"flex items-center font-rich-back md:block md:mb-42\"><img decoding=\"async\" src=\"https:\/\/live-trane-headless-cms.pantheonsite.io\/wp-content\/uploads\/2022\/03\/box-icon.svg\" alt=\"ic\u00f4ne\" width=\"30\" height=\"30\" data-nimg=\"1\" \/><h3 class=\"text-charcoal pl-4 font-bold md:pl-0 md:text-28 md:mb-6\"><span>S&#8217;adapte aux petits espaces<\/span><\/h3><\/div><p class=\"mb-10 text-16 md:mb-14\"><span>Cette s\u00e9rie TMM est con\u00e7ue pour \u00eatre mont\u00e9e sur des goujons au-dessus d&#8217;espaces plus restreints, comme le chauffe-eau.<\/span><\/p><\/div><div><div class=\"flex items-center font-rich-back md:block md:mb-42\"><img decoding=\"async\" src=\"https:\/\/live-trane-headless-cms.pantheonsite.io\/wp-content\/uploads\/2022\/04\/sun-icon.svg\" alt=\"ic\u00f4ne\" width=\"30\" height=\"30\" data-nimg=\"1\" \/><h3 class=\"text-charcoal pl-4 font-bold md:pl-0 md:text-28 md:mb-6\">Pr\u00e9vention de la rouille<\/h3><\/div><p class=\"mb-10 text-16 md:mb-14\">Le fournaise \u00e9lectrique est livr\u00e9e avec un bac de r\u00e9cup\u00e9ration en polym\u00e8re antirouille et une armoire galvanis\u00e9e pour que tout fonctionne et reste beau pendant longtemps.<\/p><h2 class=\"pb-4\">Sp\u00e9cifications\u00a0de la fournaise \u00e9lectrique de la s\u00e9rie TMM<\/h2><p class=\"pb-4\">La fournaise \u00e9lectrique de la s\u00e9rie TMM de Trane sont con\u00e7ues pour r\u00e9pondre \u00e0 des besoins et des syst\u00e8mes sp\u00e9cifiques afin de vous offrir le confort et l&#8217;efficacit\u00e9 les plus fiables, comme seule une unit\u00e9 de traitement d&#8217;air de Trane peut le faire. L&#8217;unit\u00e9 de traitement d&#8217;air de la s\u00e9rie TMM comprend :<\/p><ul><li>Armoire en acier galvanis\u00e9 peint<\/li><li>Bobine d&#8217;aluminium<\/li><li>Syst\u00e8mes de refroidissement et de pompe \u00e0 chaleur disponibles<\/li><\/ul><p style=\"text-align: center;\"><img loading=\"lazy\" decoding=\"async\" class=\"alignnone size-full wp-image-47779\" src=\"https:\/\/www.belleflamme.ca\/wp-content\/uploads\/2024\/12\/Garantie-Belleflamme-FR-5-1.png\" alt=\"\" width=\"250\" height=\"250\" srcset=\"https:\/\/staging.belleflamme.ca\/wp-content\/uploads\/2024\/12\/Garantie-Belleflamme-FR-5-1.png 250w, https:\/\/staging.belleflamme.ca\/wp-content\/uploads\/2024\/12\/Garantie-Belleflamme-FR-5-1-150x150.png 150w, https:\/\/staging.belleflamme.ca\/wp-content\/uploads\/2024\/12\/Garantie-Belleflamme-FR-5-1-100x100.png 100w\" sizes=\"(max-width: 250px) 100vw, 250px\" \/><\/p><\/div><table class=\"w-full\"><thead><tr><td class=\"p-3 border \"><span>Mod\u00e8le<\/span><\/td><td class=\"p-3 border text-center\"><span>Tonnes nominales<\/span><\/td><td class=\"p-3 border text-center\"><span>Hauteur (IN.)<\/span><\/td><td class=\"p-3 border text-center\"><span>Largeur (PO.)<\/span><\/td><td class=\"p-3 border text-center\"><span>Profondeur (IN.)<\/span><\/td><td class=\"p-3 border text-center\"><span>R\u00e9frig\u00e9rant compatible<\/span><\/td><\/tr><\/thead><tbody><tr><td class=\"p-3 border \"><span>TMM4B0A18<\/span><\/td><td class=\"p-3 border text-center\"><span>1,5<\/span><\/td><td class=\"p-3 border text-center\"><span>36,5<\/span><\/td><td class=\"p-3 border text-center\"><span>20,5<\/span><\/td><td class=\"p-3 border text-center\"><span>15<\/span><\/td><td class=\"p-3 border text-center\"><span>R-410A<\/span><\/td><\/tr><tr><td class=\"p-3 border \"><span>TMM4B0A24<\/span><\/td><td class=\"p-3 border text-center\"><span>2<\/span><\/td><td class=\"p-3 border text-center\"><span>36,5<\/span><\/td><td class=\"p-3 border text-center\"><span>20,5<\/span><\/td><td class=\"p-3 border text-center\"><span>15<\/span><\/td><td class=\"p-3 border text-center\"><span>R-410A<\/span><\/td><\/tr><tr><td class=\"p-3 border \"><span>TMM5A0B24M<\/span><\/td><td class=\"p-3 border text-center\"><span>2<\/span><\/td><td class=\"p-3 border text-center\"><span>39,5<\/span><\/td><td class=\"p-3 border text-center\"><span>20,5<\/span><\/td><td class=\"p-3 border text-center\"><span>15<\/span><\/td><td class=\"p-3 border text-center\"><span>R-410A<\/span><\/td><\/tr><tr><td class=\"p-3 border \"><span>TMM4B0B30<\/span><\/td><td class=\"p-3 border text-center\"><span>2.5<\/span><\/td><td class=\"p-3 border text-center\"><span>39,5<\/span><\/td><td class=\"p-3 border text-center\"><span>22<\/span><\/td><td class=\"p-3 border text-center\"><span>19<\/span><\/td><td class=\"p-3 border text-center\"><span>R-410A<\/span><\/td><\/tr><tr><td class=\"p-3 border \"><span>TMM5A0B30M<\/span><\/td><td class=\"p-3 border text-center\"><span>2.5<\/span><\/td><td class=\"p-3 border text-center\"><span>39,5<\/span><\/td><td class=\"p-3 border text-center\"><span>22<\/span><\/td><td class=\"p-3 border text-center\"><span>19<\/span><\/td><td class=\"p-3 border text-center\"><span>R-410A<\/span><\/td><\/tr><tr><td class=\"p-3 border \"><span>TMM4B0B36<\/span><\/td><td class=\"p-3 border text-center\"><span>3<\/span><\/td><td class=\"p-3 border text-center\"><span>39,5<\/span><\/td><td class=\"p-3 border text-center\"><span>22<\/span><\/td><td class=\"p-3 border text-center\"><span>19<\/span><\/td><td class=\"p-3 border text-center\"><span>R-410A<\/span><\/td><\/tr><tr><td class=\"p-3 border \"><span>TMM5A0B36M<\/span><\/td><td class=\"p-3 border text-center\"><span>3<\/span><\/td><td class=\"p-3 border text-center\"><span>39,5<\/span><\/td><td class=\"p-3 border text-center\"><span>22<\/span><\/td><td class=\"p-3 border text-center\"><span>19<\/span><\/td><td class=\"p-3 border text-center\"><span>R-410A<\/span><\/td><\/tr><\/tbody><\/table><p>\u00a0<\/p><p>\u00a0<\/p>\t\t\t\t\t\t\t\t<\/div>\n\t\t\t\t<\/div>\n\t\t\t\t\t<\/div>\n\t\t<\/div>\n\t\t\t\t\t<\/div>\n\t\t<\/section>\n\t\t\t\t<section class=\"elementor-section elementor-top-section elementor-element elementor-element-bb65d3c elementor-section-boxed elementor-section-height-default elementor-section-height-default\" data-id=\"bb65d3c\" data-element_type=\"section\">\n\t\t\t\t\t\t<div class=\"elementor-container elementor-column-gap-default\">\n\t\t\t\t\t<div class=\"elementor-column elementor-col-100 elementor-top-column elementor-element elementor-element-b564823\" data-id=\"b564823\" data-element_type=\"column\">\n\t\t\t<div class=\"elementor-widget-wrap elementor-element-populated\">\n\t\t\t\t\t\t<div class=\"elementor-element elementor-element-deefccc elementor-tabs-view-horizontal elementor-widget elementor-widget-tabs\" data-id=\"deefccc\" data-element_type=\"widget\" data-widget_type=\"tabs.default\">\n\t\t\t\t<div class=\"elementor-widget-container\">\n\t\t\t\t\t\t\t<div class=\"elementor-tabs\">\n\t\t\t<div class=\"elementor-tabs-wrapper\" role=\"tablist\" >\n\t\t\t\t\t\t\t\t\t<div id=\"elementor-tab-title-2331\" class=\"elementor-tab-title elementor-tab-desktop-title\" aria-selected=\"true\" data-tab=\"1\" role=\"tab\" tabindex=\"0\" aria-controls=\"elementor-tab-content-2331\" aria-expanded=\"false\">Fichiers<\/div>\n\t\t\t\t\t\t\t<\/div>\n\t\t\t<div class=\"elementor-tabs-content-wrapper\" role=\"tablist\" aria-orientation=\"vertical\">\n\t\t\t\t\t\t\t\t\t<div class=\"elementor-tab-title elementor-tab-mobile-title\" aria-selected=\"true\" data-tab=\"1\" role=\"tab\" tabindex=\"0\" aria-controls=\"elementor-tab-content-2331\" aria-expanded=\"false\">Fichiers<\/div>\n\t\t\t\t\t<div id=\"elementor-tab-content-2331\" class=\"elementor-tab-content elementor-clearfix\" data-tab=\"1\" role=\"tabpanel\" aria-labelledby=\"elementor-tab-title-2331\" tabindex=\"0\" hidden=\"false\"><i class=\"far fa-file-pdf fa-xl\" style=\"font-size:35px\"><\/i><a href=\"https:\/\/www.belleflamme.ca\/wp-content\/uploads\/2024\/12\/TT_72-1267-R-35_Air-Handlers-Brochure_Trane_proof_053024.pdf\"> Brochure<\/a><\/br>\n<i class=\"far fa-file-pdf fa-xl\" style=\"font-size:35px\"><\/i><a href=\"https:\/\/www.belleflamme.ca\/wp-content\/uploads\/2024\/12\/22-1922-1D-EN_05042022.pdf\"> Sp\u00e9cifications<\/a><\/br>\n<i class=\"far fa-file-pdf fa-xl\" style=\"font-size:35px\"><\/i><a href=\"https:\/\/www.belleflamme.ca\/wp-content\/uploads\/2024\/12\/18-GF12D1-1A-FC_08292019.pdf\"> Installation<\/a><\/br>\n<i class=\"far fa-file-pdf fa-xl\" style=\"font-size:35px\"><\/i><a href=\"https:\/\/www.belleflamme.ca\/wp-content\/uploads\/2024\/12\/32-5084-1A-AC-AH-HP.pdf\"> Guide d&#8217;utilisateur<\/a><\/br><\/div>\n\t\t\t\t\t\t\t<\/div>\n\t\t<\/div>\n\t\t\t\t\t\t<\/div>\n\t\t\t\t<\/div>\n\t\t\t\t\t<\/div>\n\t\t<\/div>\n\t\t\t\t\t<\/div>\n\t\t<\/section>\n\t\t\t\t<\/div>\n\t\t","protected":false},"excerpt":{"rendered":"<p>Construction fiable La bobine enti\u00e8rement en aluminium de la s\u00e9rie TMM est plus durable et r\u00e9sistante \u00e0 la rouille que les bobines en cuivre standard, ce qui vous permet d&#8217;\u00e9viter les fuites de produits corrosifs comme le sel ou les produits de nettoyage m\u00e9nagers. S&#8217;adapte aux petits espaces Cette s\u00e9rie TMM est con\u00e7ue pour \u00eatre [&hellip;]<\/p>\n","protected":false},"featured_media":5075,"template":"","meta":{"inline_featured_image":false},"product_brand":[291],"product_cat":[70,76,81,71],"product_tag":[],"class_list":{"0":"post-4460","1":"product","2":"type-product","3":"status-publish","4":"has-post-thumbnail","6":"product_brand-trane","7":"product_cat-climatisation-chauffage","8":"product_cat-fournaise","9":"product_cat-fournaise-electrique","10":"product_cat-systeme-central","12":"first","13":"instock","14":"taxable","15":"shipping-taxable","16":"product-type-simple"},"yoast_head":"<!-- This site is optimized with the Yoast SEO Premium plugin v24.2 (Yoast SEO v24.2) - https:\/\/yoast.com\/wordpress\/plugins\/seo\/ -->\n<title>Fournaise \u00e9lectrique TMM de Trane - Groupe BelleFlamme<\/title>\n<meta name=\"description\" content=\"Fournaise \u00e9lectrique TMM de Trane vendu et install\u00e9 par le Groupe Belleflamme. Laval, Montr\u00e9al, Gatineau et Saint-Sauveur.\" \/>\n<meta name=\"robots\" content=\"index, follow, max-snippet:-1, max-image-preview:large, max-video-preview:-1\" \/>\n<link rel=\"canonical\" href=\"https:\/\/staging.belleflamme.ca\/fr\/produit\/fournaise-electrique-tmm-de-trane\/\" \/>\n<meta property=\"og:locale\" content=\"fr_FR\" \/>\n<meta property=\"og:type\" content=\"article\" \/>\n<meta property=\"og:title\" content=\"Fournaise \u00e9lectrique TMM de Trane\" \/>\n<meta property=\"og:description\" content=\"Fournaise \u00e9lectrique TMM de Trane vendu et install\u00e9 par le Groupe Belleflamme. Laval, Montr\u00e9al, Gatineau et Saint-Sauveur.\" \/>\n<meta property=\"og:url\" content=\"https:\/\/staging.belleflamme.ca\/fr\/produit\/fournaise-electrique-tmm-de-trane\/\" \/>\n<meta property=\"og:site_name\" content=\"Groupe BelleFlamme\" \/>\n<meta property=\"article:publisher\" content=\"https:\/\/www.facebook.com\/belleflamme.ca\/\" \/>\n<meta property=\"article:modified_time\" content=\"2024-12-17T20:39:22+00:00\" \/>\n<meta property=\"og:image\" content=\"https:\/\/www.belleflamme.ca\/wp-content\/uploads\/2023\/02\/TMM-series-trane-fournaise.webp\" \/>\n\t<meta property=\"og:image:width\" content=\"600\" \/>\n\t<meta property=\"og:image:height\" content=\"600\" \/>\n\t<meta property=\"og:image:type\" content=\"image\/webp\" \/>\n<meta name=\"twitter:card\" content=\"summary_large_image\" \/>\n<meta name=\"twitter:label1\" content=\"Prix\" \/>\n\t<meta name=\"twitter:data1\" content=\"\" \/>\n\t<meta name=\"twitter:label2\" content=\"Disponibilit\u00e9\" \/>\n\t<meta name=\"twitter:data2\" content=\"En stock\" \/>\n<script type=\"application\/ld+json\" class=\"yoast-schema-graph\">{\"@context\":\"https:\/\/schema.org\",\"@graph\":[{\"@type\":[\"WebPage\",\"ItemPage\"],\"@id\":\"https:\/\/staging.belleflamme.ca\/fr\/produit\/fournaise-electrique-tmm-de-trane\/\",\"url\":\"https:\/\/staging.belleflamme.ca\/fr\/produit\/fournaise-electrique-tmm-de-trane\/\",\"name\":\"Fournaise \u00e9lectrique TMM de Trane - Groupe BelleFlamme\",\"isPartOf\":{\"@id\":\"https:\/\/www.belleflamme.ca\/fr\/#website\"},\"primaryImageOfPage\":{\"@id\":\"https:\/\/staging.belleflamme.ca\/fr\/produit\/fournaise-electrique-tmm-de-trane\/#primaryimage\"},\"image\":{\"@id\":\"https:\/\/staging.belleflamme.ca\/fr\/produit\/fournaise-electrique-tmm-de-trane\/#primaryimage\"},\"thumbnailUrl\":\"https:\/\/staging.belleflamme.ca\/wp-content\/uploads\/2023\/02\/TMM-series-trane-fournaise.webp\",\"datePublished\":\"2023-02-15T21:32:20+00:00\",\"dateModified\":\"2024-12-17T20:39:22+00:00\",\"description\":\"Fournaise \u00e9lectrique TMM de Trane vendu et install\u00e9 par le Groupe Belleflamme. Laval, Montr\u00e9al, Gatineau et Saint-Sauveur.\",\"breadcrumb\":{\"@id\":\"https:\/\/staging.belleflamme.ca\/fr\/produit\/fournaise-electrique-tmm-de-trane\/#breadcrumb\"},\"inLanguage\":\"fr-FR\",\"potentialAction\":[{\"@type\":\"ReadAction\",\"target\":[\"https:\/\/staging.belleflamme.ca\/fr\/produit\/fournaise-electrique-tmm-de-trane\/\"]}]},{\"@type\":\"ImageObject\",\"inLanguage\":\"fr-FR\",\"@id\":\"https:\/\/staging.belleflamme.ca\/fr\/produit\/fournaise-electrique-tmm-de-trane\/#primaryimage\",\"url\":\"https:\/\/staging.belleflamme.ca\/wp-content\/uploads\/2023\/02\/TMM-series-trane-fournaise.webp\",\"contentUrl\":\"https:\/\/staging.belleflamme.ca\/wp-content\/uploads\/2023\/02\/TMM-series-trane-fournaise.webp\",\"width\":600,\"height\":600,\"caption\":\"TMM series trane fournaise\"},{\"@type\":\"BreadcrumbList\",\"@id\":\"https:\/\/staging.belleflamme.ca\/fr\/produit\/fournaise-electrique-tmm-de-trane\/#breadcrumb\",\"itemListElement\":[{\"@type\":\"ListItem\",\"position\":1,\"name\":\"Accueil\",\"item\":\"https:\/\/www.belleflamme.ca\/fr\/\"},{\"@type\":\"ListItem\",\"position\":2,\"name\":\"Boutique\",\"item\":\"https:\/\/www.belleflamme.ca\/fr\/boutique\/\"},{\"@type\":\"ListItem\",\"position\":3,\"name\":\"Climatisation &amp; Chauffage\",\"item\":\"https:\/\/staging.belleflamme.ca\/fr\/categories\/climatisation-chauffage\/\"},{\"@type\":\"ListItem\",\"position\":4,\"name\":\"Syst\u00e8me central\",\"item\":\"https:\/\/staging.belleflamme.ca\/fr\/categories\/climatisation-chauffage\/systeme-central\/\"},{\"@type\":\"ListItem\",\"position\":5,\"name\":\"Fournaise\",\"item\":\"https:\/\/staging.belleflamme.ca\/fr\/categories\/climatisation-chauffage\/systeme-central\/fournaise\/\"},{\"@type\":\"ListItem\",\"position\":6,\"name\":\"Fournaises \u00c9lectriques\",\"item\":\"https:\/\/staging.belleflamme.ca\/fr\/categories\/climatisation-chauffage\/systeme-central\/fournaise\/fournaise-electrique\/\"},{\"@type\":\"ListItem\",\"position\":7,\"name\":\"Fournaise \u00e9lectrique TMM de Trane\"}]},{\"@type\":\"WebSite\",\"@id\":\"https:\/\/www.belleflamme.ca\/fr\/#website\",\"url\":\"https:\/\/www.belleflamme.ca\/fr\/\",\"name\":\"Groupe Belleflamme\",\"description\":\"La m\u00e9canique du b\u00e2timent dans le sang.\",\"publisher\":{\"@id\":\"https:\/\/www.belleflamme.ca\/fr\/#organization\"},\"potentialAction\":[{\"@type\":\"SearchAction\",\"target\":{\"@type\":\"EntryPoint\",\"urlTemplate\":\"https:\/\/www.belleflamme.ca\/fr\/?s={search_term_string}\"},\"query-input\":{\"@type\":\"PropertyValueSpecification\",\"valueRequired\":true,\"valueName\":\"search_term_string\"}}],\"inLanguage\":\"fr-FR\"},{\"@type\":[\"Organization\",\"Place\"],\"@id\":\"https:\/\/www.belleflamme.ca\/fr\/#organization\",\"name\":\"Groupe Belleflamme\",\"alternateName\":\"Belleflamme\",\"url\":\"https:\/\/www.belleflamme.ca\/fr\/\",\"logo\":{\"@type\":\"ImageObject\",\"inLanguage\":\"fr-FR\",\"@id\":\"https:\/\/www.belleflamme.ca\/fr\/#\/schema\/logo\/image\/\",\"url\":\"https:\/\/staging.belleflamme.ca\/wp-content\/uploads\/2023\/01\/og-image.jpg\",\"contentUrl\":\"https:\/\/staging.belleflamme.ca\/wp-content\/uploads\/2023\/01\/og-image.jpg\",\"width\":1200,\"height\":630,\"caption\":\"Groupe Belleflamme\"},\"image\":{\"@id\":\"https:\/\/www.belleflamme.ca\/fr\/#\/schema\/logo\/image\/\"},\"sameAs\":[\"https:\/\/www.facebook.com\/belleflamme.ca\/\",\"https:\/\/www.linkedin.com\/company\/belleflamme\/\",\"https:\/\/www.pinterest.ca\/groupebelleflamme\/\",\"https:\/\/www.instagram.com\/legroupebelleflamme\/\"],\"mainEntityOfPage\":{\"@id\":\"https:\/\/staging.belleflamme.ca\/fr\/produit\/fournaise-electrique-tmm-de-trane\/\"}}]}<\/script>\n<meta property=\"product:brand\" content=\"Trane\" \/>\n<meta property=\"product:price:amount\" content=\"0.00\" \/>\n<meta property=\"product:price:currency\" content=\"CAD\" \/>\n<meta property=\"og:availability\" content=\"instock\" \/>\n<meta property=\"product:availability\" content=\"instock\" \/>\n<meta property=\"product:condition\" content=\"new\" \/>\n<!-- \/ Yoast SEO Premium plugin. -->","yoast_head_json":{"title":"Fournaise \u00e9lectrique TMM de Trane - Groupe BelleFlamme","description":"Fournaise \u00e9lectrique TMM de Trane vendu et install\u00e9 par le Groupe Belleflamme. Laval, Montr\u00e9al, Gatineau et Saint-Sauveur.","robots":{"index":"index","follow":"follow","max-snippet":"max-snippet:-1","max-image-preview":"max-image-preview:large","max-video-preview":"max-video-preview:-1"},"canonical":"https:\/\/staging.belleflamme.ca\/fr\/produit\/fournaise-electrique-tmm-de-trane\/","og_locale":"fr_FR","og_type":"article","og_title":"Fournaise \u00e9lectrique TMM de Trane","og_description":"Fournaise \u00e9lectrique TMM de Trane vendu et install\u00e9 par le Groupe Belleflamme. Laval, Montr\u00e9al, Gatineau et Saint-Sauveur.","og_url":"https:\/\/staging.belleflamme.ca\/fr\/produit\/fournaise-electrique-tmm-de-trane\/","og_site_name":"Groupe BelleFlamme","article_publisher":"https:\/\/www.facebook.com\/belleflamme.ca\/","article_modified_time":"2024-12-17T20:39:22+00:00","og_image":[{"width":600,"height":600,"url":"https:\/\/www.belleflamme.ca\/wp-content\/uploads\/2023\/02\/TMM-series-trane-fournaise.webp","type":"image\/webp"}],"twitter_card":"summary_large_image","twitter_misc":{"Prix":"","Disponibilit\u00e9":"En stock"},"schema":{"@context":"https:\/\/schema.org","@graph":[{"@type":["WebPage","ItemPage"],"@id":"https:\/\/staging.belleflamme.ca\/fr\/produit\/fournaise-electrique-tmm-de-trane\/","url":"https:\/\/staging.belleflamme.ca\/fr\/produit\/fournaise-electrique-tmm-de-trane\/","name":"Fournaise \u00e9lectrique TMM de Trane - Groupe BelleFlamme","isPartOf":{"@id":"https:\/\/www.belleflamme.ca\/fr\/#website"},"primaryImageOfPage":{"@id":"https:\/\/staging.belleflamme.ca\/fr\/produit\/fournaise-electrique-tmm-de-trane\/#primaryimage"},"image":{"@id":"https:\/\/staging.belleflamme.ca\/fr\/produit\/fournaise-electrique-tmm-de-trane\/#primaryimage"},"thumbnailUrl":"https:\/\/staging.belleflamme.ca\/wp-content\/uploads\/2023\/02\/TMM-series-trane-fournaise.webp","datePublished":"2023-02-15T21:32:20+00:00","dateModified":"2024-12-17T20:39:22+00:00","description":"Fournaise \u00e9lectrique TMM de Trane vendu et install\u00e9 par le Groupe Belleflamme. Laval, Montr\u00e9al, Gatineau et Saint-Sauveur.","breadcrumb":{"@id":"https:\/\/staging.belleflamme.ca\/fr\/produit\/fournaise-electrique-tmm-de-trane\/#breadcrumb"},"inLanguage":"fr-FR","potentialAction":[{"@type":"ReadAction","target":["https:\/\/staging.belleflamme.ca\/fr\/produit\/fournaise-electrique-tmm-de-trane\/"]}]},{"@type":"ImageObject","inLanguage":"fr-FR","@id":"https:\/\/staging.belleflamme.ca\/fr\/produit\/fournaise-electrique-tmm-de-trane\/#primaryimage","url":"https:\/\/staging.belleflamme.ca\/wp-content\/uploads\/2023\/02\/TMM-series-trane-fournaise.webp","contentUrl":"https:\/\/staging.belleflamme.ca\/wp-content\/uploads\/2023\/02\/TMM-series-trane-fournaise.webp","width":600,"height":600,"caption":"TMM series trane fournaise"},{"@type":"BreadcrumbList","@id":"https:\/\/staging.belleflamme.ca\/fr\/produit\/fournaise-electrique-tmm-de-trane\/#breadcrumb","itemListElement":[{"@type":"ListItem","position":1,"name":"Accueil","item":"https:\/\/www.belleflamme.ca\/fr\/"},{"@type":"ListItem","position":2,"name":"Boutique","item":"https:\/\/www.belleflamme.ca\/fr\/boutique\/"},{"@type":"ListItem","position":3,"name":"Climatisation &amp; Chauffage","item":"https:\/\/staging.belleflamme.ca\/fr\/categories\/climatisation-chauffage\/"},{"@type":"ListItem","position":4,"name":"Syst\u00e8me central","item":"https:\/\/staging.belleflamme.ca\/fr\/categories\/climatisation-chauffage\/systeme-central\/"},{"@type":"ListItem","position":5,"name":"Fournaise","item":"https:\/\/staging.belleflamme.ca\/fr\/categories\/climatisation-chauffage\/systeme-central\/fournaise\/"},{"@type":"ListItem","position":6,"name":"Fournaises \u00c9lectriques","item":"https:\/\/staging.belleflamme.ca\/fr\/categories\/climatisation-chauffage\/systeme-central\/fournaise\/fournaise-electrique\/"},{"@type":"ListItem","position":7,"name":"Fournaise \u00e9lectrique TMM de Trane"}]},{"@type":"WebSite","@id":"https:\/\/www.belleflamme.ca\/fr\/#website","url":"https:\/\/www.belleflamme.ca\/fr\/","name":"Groupe Belleflamme","description":"La m\u00e9canique du b\u00e2timent dans le sang.","publisher":{"@id":"https:\/\/www.belleflamme.ca\/fr\/#organization"},"potentialAction":[{"@type":"SearchAction","target":{"@type":"EntryPoint","urlTemplate":"https:\/\/www.belleflamme.ca\/fr\/?s={search_term_string}"},"query-input":{"@type":"PropertyValueSpecification","valueRequired":true,"valueName":"search_term_string"}}],"inLanguage":"fr-FR"},{"@type":["Organization","Place"],"@id":"https:\/\/www.belleflamme.ca\/fr\/#organization","name":"Groupe Belleflamme","alternateName":"Belleflamme","url":"https:\/\/www.belleflamme.ca\/fr\/","logo":{"@type":"ImageObject","inLanguage":"fr-FR","@id":"https:\/\/www.belleflamme.ca\/fr\/#\/schema\/logo\/image\/","url":"https:\/\/staging.belleflamme.ca\/wp-content\/uploads\/2023\/01\/og-image.jpg","contentUrl":"https:\/\/staging.belleflamme.ca\/wp-content\/uploads\/2023\/01\/og-image.jpg","width":1200,"height":630,"caption":"Groupe Belleflamme"},"image":{"@id":"https:\/\/www.belleflamme.ca\/fr\/#\/schema\/logo\/image\/"},"sameAs":["https:\/\/www.facebook.com\/belleflamme.ca\/","https:\/\/www.linkedin.com\/company\/belleflamme\/","https:\/\/www.pinterest.ca\/groupebelleflamme\/","https:\/\/www.instagram.com\/legroupebelleflamme\/"],"mainEntityOfPage":{"@id":"https:\/\/staging.belleflamme.ca\/fr\/produit\/fournaise-electrique-tmm-de-trane\/"}}]},"product_brand":"Trane","product_price_amount":"0.00","product_price_currency":"CAD","og_availability":"instock","product_availability":"instock","product_condition":"new"},"_links":{"self":[{"href":"https:\/\/staging.belleflamme.ca\/fr\/wp-json\/wp\/v2\/product\/4460","targetHints":{"allow":["GET"]}}],"collection":[{"href":"https:\/\/staging.belleflamme.ca\/fr\/wp-json\/wp\/v2\/product"}],"about":[{"href":"https:\/\/staging.belleflamme.ca\/fr\/wp-json\/wp\/v2\/types\/product"}],"version-history":[{"count":12,"href":"https:\/\/staging.belleflamme.ca\/fr\/wp-json\/wp\/v2\/product\/4460\/revisions"}],"predecessor-version":[{"id":47964,"href":"https:\/\/staging.belleflamme.ca\/fr\/wp-json\/wp\/v2\/product\/4460\/revisions\/47964"}],"wp:featuredmedia":[{"embeddable":true,"href":"https:\/\/staging.belleflamme.ca\/fr\/wp-json\/wp\/v2\/media\/5075"}],"wp:attachment":[{"href":"https:\/\/staging.belleflamme.ca\/fr\/wp-json\/wp\/v2\/media?parent=4460"}],"wp:term":[{"taxonomy":"product_brand","embeddable":true,"href":"https:\/\/staging.belleflamme.ca\/fr\/wp-json\/wp\/v2\/product_brand?post=4460"},{"taxonomy":"product_cat","embeddable":true,"href":"https:\/\/staging.belleflamme.ca\/fr\/wp-json\/wp\/v2\/product_cat?post=4460"},{"taxonomy":"product_tag","embeddable":true,"href":"https:\/\/staging.belleflamme.ca\/fr\/wp-json\/wp\/v2\/product_tag?post=4460"}],"curies":[{"name":"wp","href":"https:\/\/api.w.org\/{rel}","templated":true}]}}