{"id":4453,"date":"2023-02-15T16:32:10","date_gmt":"2023-02-15T21:32:10","guid":{"rendered":"https:\/\/www.belleflamme.ca\/product\/ventilateur-recuperateur-denergie-phrvte-120\/"},"modified":"2023-03-22T10:55:46","modified_gmt":"2023-03-22T14:55:46","slug":"ventilateur-recuperateur-denergie-phrvte-120","status":"publish","type":"product","link":"https:\/\/staging.belleflamme.ca\/fr\/produit\/ventilateur-recuperateur-denergie-phrvte-120\/","title":{"rendered":"Ventilateur r\u00e9cup\u00e9rateur d&#8217;\u00e9nergie PHRVTE-120"},"content":{"rendered":"\t\t<div data-elementor-type=\"product-post\" data-elementor-id=\"4453\" class=\"elementor elementor-4453\" data-elementor-post-type=\"product\">\n\t\t\t\t\t\t<section class=\"elementor-section elementor-top-section elementor-element elementor-element-60844fe0 elementor-section-boxed elementor-section-height-default elementor-section-height-default\" data-id=\"60844fe0\" data-element_type=\"section\">\n\t\t\t\t\t\t<div class=\"elementor-container elementor-column-gap-default\">\n\t\t\t\t\t<div class=\"elementor-column elementor-col-100 elementor-top-column elementor-element elementor-element-79a5c48b\" data-id=\"79a5c48b\" data-element_type=\"column\">\n\t\t\t<div class=\"elementor-widget-wrap elementor-element-populated\">\n\t\t\t\t\t\t<div class=\"elementor-element elementor-element-647bce88 elementor-widget elementor-widget-text-editor\" data-id=\"647bce88\" data-element_type=\"widget\" data-widget_type=\"text-editor.default\">\n\t\t\t\t<div class=\"elementor-widget-container\">\n\t\t\t\t\t\t\t\t\t<p style=\"text-align: justify;\">Ventilateur r\u00e9cup\u00e9rateur d&#8217;\u00e9nergie<\/p>\n<p style=\"text-align: justify;\">D\u00e9bit d&#8217;air de 90 \u00e0 155 cfm<\/p>\n<p style=\"text-align: justify;\">Avec un profil de seulement 8.75 po, le PHRVTE-120 est id\u00e9ale pour les condos et appartements qui n\u2019ont pas de salle m\u00e9canique et o\u00f9 il doit \u00eatre situ\u00e9 au-dessus d&#8217;un faux plafond.\u00a0 Le noyau r\u00e9cup\u00e9rateur d&#8217;\u00e9nergie au centre de l&#8217;appareil transf\u00e8re la chaleur et l&#8217;humidit\u00e9 de l\u2019air entrant \u00e0 l\u2019air sortant qui a \u00e9t\u00e9 refroidi et s\u00e9ch\u00e9 par le climatiseur du b\u00e2timent si pr\u00e9sent.<\/p>\n<p style=\"text-align: justify;\">Conception mince, seulement 8.75&#8243; (222mm) d&#8217;\u00e9paisseur<\/p>\n<p style=\"text-align: justify;\">Aucun drain requis<\/p>\n<p style=\"text-align: justify;\">Installation facile avec support de plafond inclus<\/p>\n<p style=\"text-align: justify;\">L\u00e9ger, seulement 36 lbs (16 kg) incluant le noyau<\/p>\n<p style=\"text-align: justify;\">Filtres \u00e9lectrostatiques (lavables)<\/p>\n<p style=\"text-align: justify;\">Op\u00e9ration \u00e0 vitesses multiples<\/p>\t\t\t\t\t\t\t\t<\/div>\n\t\t\t\t<\/div>\n\t\t\t\t\t<\/div>\n\t\t<\/div>\n\t\t\t\t\t<\/div>\n\t\t<\/section>\n\t\t\t\t<section class=\"elementor-section elementor-top-section elementor-element elementor-element-fe0a411 elementor-section-boxed elementor-section-height-default elementor-section-height-default\" data-id=\"fe0a411\" data-element_type=\"section\">\n\t\t\t\t\t\t<div class=\"elementor-container elementor-column-gap-default\">\n\t\t\t\t\t<div class=\"elementor-column elementor-col-100 elementor-top-column elementor-element elementor-element-4714f25\" data-id=\"4714f25\" data-element_type=\"column\">\n\t\t\t<div class=\"elementor-widget-wrap elementor-element-populated\">\n\t\t\t\t\t\t<div class=\"elementor-element elementor-element-003209b elementor-tabs-view-horizontal elementor-widget elementor-widget-tabs\" data-id=\"003209b\" data-element_type=\"widget\" data-widget_type=\"tabs.default\">\n\t\t\t\t<div class=\"elementor-widget-container\">\n\t\t\t\t\t\t\t<div class=\"elementor-tabs\">\n\t\t\t<div class=\"elementor-tabs-wrapper\" role=\"tablist\" >\n\t\t\t\t\t\t\t\t\t<div id=\"elementor-tab-title-2041\" class=\"elementor-tab-title elementor-tab-desktop-title\" aria-selected=\"true\" data-tab=\"1\" role=\"tab\" tabindex=\"0\" aria-controls=\"elementor-tab-content-2041\" aria-expanded=\"false\">Fichiers<\/div>\n\t\t\t\t\t\t\t<\/div>\n\t\t\t<div class=\"elementor-tabs-content-wrapper\" role=\"tablist\" aria-orientation=\"vertical\">\n\t\t\t\t\t\t\t\t\t<div class=\"elementor-tab-title elementor-tab-mobile-title\" aria-selected=\"true\" data-tab=\"1\" role=\"tab\" tabindex=\"0\" aria-controls=\"elementor-tab-content-2041\" aria-expanded=\"false\">Fichiers<\/div>\n\t\t\t\t\t<div id=\"elementor-tab-content-2041\" class=\"elementor-tab-content elementor-clearfix\" data-tab=\"1\" role=\"tabpanel\" aria-labelledby=\"elementor-tab-title-2041\" tabindex=\"0\" hidden=\"false\"><i class=\"far fa-file-pdf fa-xl\" style=\"font-size:35px\"><\/i><a href=\"https:\/\/www.belleflamme.ca\/wp-content\/uploads\/2023\/03\/phrvte-120-spec-sheet-fr-99291-1557405742.pdf\"> Fiche de Specification(Fr)<\/a><\/br><\/div>\n\t\t\t\t\t\t\t<\/div>\n\t\t<\/div>\n\t\t\t\t\t\t<\/div>\n\t\t\t\t<\/div>\n\t\t\t\t\t<\/div>\n\t\t<\/div>\n\t\t\t\t\t<\/div>\n\t\t<\/section>\n\t\t\t\t<\/div>\n\t\t","protected":false},"excerpt":{"rendered":"<p>Ventilateur r\u00e9cup\u00e9rateur d&#8217;\u00e9nergie D\u00e9bit d&#8217;air de 90 \u00e0 155 cfm Avec un profil de seulement 8.75 po, le PHRVTE-120 est id\u00e9ale pour les condos et appartements qui n\u2019ont pas de salle m\u00e9canique et o\u00f9 il doit \u00eatre situ\u00e9 au-dessus d&#8217;un faux plafond.\u00a0 Le noyau r\u00e9cup\u00e9rateur d&#8217;\u00e9nergie au centre de l&#8217;appareil transf\u00e8re la chaleur et l&#8217;humidit\u00e9 [&hellip;]<\/p>\n","protected":false},"featured_media":5098,"template":"","meta":{"inline_featured_image":false},"product_brand":[292],"product_cat":[70,83,79,71],"product_tag":[],"class_list":{"0":"post-4453","1":"product","2":"type-product","3":"status-publish","4":"has-post-thumbnail","6":"product_brand-direct-air","7":"product_cat-climatisation-chauffage","8":"product_cat-echangeurs-dair","9":"product_cat-qualite-de-lair","10":"product_cat-systeme-central","12":"first","13":"instock","14":"taxable","15":"shipping-taxable","16":"product-type-simple"},"yoast_head":"<!-- This site is optimized with the Yoast SEO Premium plugin v24.2 (Yoast SEO v24.2) - https:\/\/yoast.com\/wordpress\/plugins\/seo\/ -->\n<title>Ventilateur r\u00e9cup\u00e9rateur d&#039;\u00e9nergie PHRVTE-120 - Groupe BelleFlamme<\/title>\n<meta name=\"description\" content=\"Ventilateur r\u00e9cup\u00e9rateur d&#039;\u00e9nergie PHRVTE-120 vendu et install\u00e9 par le Groupe Belleflamme. Laval, Montr\u00e9al, Gatineau, Drummondville et Saint-Sauveur.\" \/>\n<meta name=\"robots\" content=\"index, follow, max-snippet:-1, max-image-preview:large, max-video-preview:-1\" \/>\n<link rel=\"canonical\" href=\"https:\/\/staging.belleflamme.ca\/fr\/produit\/ventilateur-recuperateur-denergie-phrvte-120\/\" \/>\n<meta property=\"og:locale\" content=\"fr_FR\" \/>\n<meta property=\"og:type\" content=\"article\" \/>\n<meta property=\"og:title\" content=\"Ventilateur r\u00e9cup\u00e9rateur d&#039;\u00e9nergie PHRVTE-120\" \/>\n<meta property=\"og:description\" content=\"Ventilateur r\u00e9cup\u00e9rateur d&#039;\u00e9nergie PHRVTE-120 vendu et install\u00e9 par le Groupe Belleflamme. Laval, Montr\u00e9al, Gatineau, Drummondville et Saint-Sauveur.\" \/>\n<meta property=\"og:url\" content=\"https:\/\/staging.belleflamme.ca\/fr\/produit\/ventilateur-recuperateur-denergie-phrvte-120\/\" \/>\n<meta property=\"og:site_name\" content=\"Groupe BelleFlamme\" \/>\n<meta property=\"article:publisher\" content=\"https:\/\/www.facebook.com\/belleflamme.ca\/\" \/>\n<meta property=\"article:modified_time\" content=\"2023-03-22T14:55:46+00:00\" \/>\n<meta property=\"og:image\" content=\"https:\/\/www.belleflamme.ca\/wp-content\/uploads\/2023\/02\/PHRVTE-120-direct-air.webp\" \/>\n\t<meta property=\"og:image:width\" content=\"600\" \/>\n\t<meta property=\"og:image:height\" content=\"600\" \/>\n\t<meta property=\"og:image:type\" content=\"image\/webp\" \/>\n<meta name=\"twitter:card\" content=\"summary_large_image\" \/>\n<meta name=\"twitter:label1\" content=\"Prix\" \/>\n\t<meta name=\"twitter:data1\" content=\"\" \/>\n\t<meta name=\"twitter:label2\" content=\"Disponibilit\u00e9\" \/>\n\t<meta name=\"twitter:data2\" content=\"En stock\" \/>\n<script type=\"application\/ld+json\" class=\"yoast-schema-graph\">{\"@context\":\"https:\/\/schema.org\",\"@graph\":[{\"@type\":[\"WebPage\",\"ItemPage\"],\"@id\":\"https:\/\/staging.belleflamme.ca\/fr\/produit\/ventilateur-recuperateur-denergie-phrvte-120\/\",\"url\":\"https:\/\/staging.belleflamme.ca\/fr\/produit\/ventilateur-recuperateur-denergie-phrvte-120\/\",\"name\":\"Ventilateur r\u00e9cup\u00e9rateur d'\u00e9nergie PHRVTE-120 - Groupe BelleFlamme\",\"isPartOf\":{\"@id\":\"https:\/\/www.belleflamme.ca\/fr\/#website\"},\"primaryImageOfPage\":{\"@id\":\"https:\/\/staging.belleflamme.ca\/fr\/produit\/ventilateur-recuperateur-denergie-phrvte-120\/#primaryimage\"},\"image\":{\"@id\":\"https:\/\/staging.belleflamme.ca\/fr\/produit\/ventilateur-recuperateur-denergie-phrvte-120\/#primaryimage\"},\"thumbnailUrl\":\"https:\/\/staging.belleflamme.ca\/wp-content\/uploads\/2023\/02\/PHRVTE-120-direct-air.webp\",\"datePublished\":\"2023-02-15T21:32:10+00:00\",\"dateModified\":\"2023-03-22T14:55:46+00:00\",\"description\":\"Ventilateur r\u00e9cup\u00e9rateur d'\u00e9nergie PHRVTE-120 [get_meta_en_fr]\",\"breadcrumb\":{\"@id\":\"https:\/\/staging.belleflamme.ca\/fr\/produit\/ventilateur-recuperateur-denergie-phrvte-120\/#breadcrumb\"},\"inLanguage\":\"fr-FR\",\"potentialAction\":[{\"@type\":\"ReadAction\",\"target\":[\"https:\/\/staging.belleflamme.ca\/fr\/produit\/ventilateur-recuperateur-denergie-phrvte-120\/\"]}]},{\"@type\":\"ImageObject\",\"inLanguage\":\"fr-FR\",\"@id\":\"https:\/\/staging.belleflamme.ca\/fr\/produit\/ventilateur-recuperateur-denergie-phrvte-120\/#primaryimage\",\"url\":\"https:\/\/staging.belleflamme.ca\/wp-content\/uploads\/2023\/02\/PHRVTE-120-direct-air.webp\",\"contentUrl\":\"https:\/\/staging.belleflamme.ca\/wp-content\/uploads\/2023\/02\/PHRVTE-120-direct-air.webp\",\"width\":600,\"height\":600,\"caption\":\"PHRVTE-120 direct air\"},{\"@type\":\"BreadcrumbList\",\"@id\":\"https:\/\/staging.belleflamme.ca\/fr\/produit\/ventilateur-recuperateur-denergie-phrvte-120\/#breadcrumb\",\"itemListElement\":[{\"@type\":\"ListItem\",\"position\":1,\"name\":\"Accueil\",\"item\":\"https:\/\/www.belleflamme.ca\/fr\/\"},{\"@type\":\"ListItem\",\"position\":2,\"name\":\"Boutique\",\"item\":\"https:\/\/www.belleflamme.ca\/fr\/boutique\/\"},{\"@type\":\"ListItem\",\"position\":3,\"name\":\"Climatisation &amp; Chauffage\",\"item\":\"https:\/\/staging.belleflamme.ca\/fr\/categories\/climatisation-chauffage\/\"},{\"@type\":\"ListItem\",\"position\":4,\"name\":\"Syst\u00e8me central\",\"item\":\"https:\/\/staging.belleflamme.ca\/fr\/categories\/climatisation-chauffage\/systeme-central\/\"},{\"@type\":\"ListItem\",\"position\":5,\"name\":\"Qualit\u00e9 de l'air\",\"item\":\"https:\/\/staging.belleflamme.ca\/fr\/categories\/climatisation-chauffage\/systeme-central\/qualite-de-lair\/\"},{\"@type\":\"ListItem\",\"position\":6,\"name\":\"\u00c9changeurs d'air\",\"item\":\"https:\/\/staging.belleflamme.ca\/fr\/categories\/climatisation-chauffage\/systeme-central\/qualite-de-lair\/echangeurs-dair\/\"},{\"@type\":\"ListItem\",\"position\":7,\"name\":\"Ventilateur r\u00e9cup\u00e9rateur d&rsquo;\u00e9nergie PHRVTE-120\"}]},{\"@type\":\"WebSite\",\"@id\":\"https:\/\/www.belleflamme.ca\/fr\/#website\",\"url\":\"https:\/\/www.belleflamme.ca\/fr\/\",\"name\":\"Groupe Belleflamme\",\"description\":\"La m\u00e9canique du b\u00e2timent dans le sang.\",\"publisher\":{\"@id\":\"https:\/\/www.belleflamme.ca\/fr\/#organization\"},\"potentialAction\":[{\"@type\":\"SearchAction\",\"target\":{\"@type\":\"EntryPoint\",\"urlTemplate\":\"https:\/\/www.belleflamme.ca\/fr\/?s={search_term_string}\"},\"query-input\":{\"@type\":\"PropertyValueSpecification\",\"valueRequired\":true,\"valueName\":\"search_term_string\"}}],\"inLanguage\":\"fr-FR\"},{\"@type\":[\"Organization\",\"Place\"],\"@id\":\"https:\/\/www.belleflamme.ca\/fr\/#organization\",\"name\":\"Groupe Belleflamme\",\"alternateName\":\"Belleflamme\",\"url\":\"https:\/\/www.belleflamme.ca\/fr\/\",\"logo\":{\"@type\":\"ImageObject\",\"inLanguage\":\"fr-FR\",\"@id\":\"https:\/\/www.belleflamme.ca\/fr\/#\/schema\/logo\/image\/\",\"url\":\"https:\/\/staging.belleflamme.ca\/wp-content\/uploads\/2023\/01\/og-image.jpg\",\"contentUrl\":\"https:\/\/staging.belleflamme.ca\/wp-content\/uploads\/2023\/01\/og-image.jpg\",\"width\":1200,\"height\":630,\"caption\":\"Groupe Belleflamme\"},\"image\":{\"@id\":\"https:\/\/www.belleflamme.ca\/fr\/#\/schema\/logo\/image\/\"},\"sameAs\":[\"https:\/\/www.facebook.com\/belleflamme.ca\/\",\"https:\/\/www.linkedin.com\/company\/belleflamme\/\",\"https:\/\/www.pinterest.ca\/groupebelleflamme\/\",\"https:\/\/www.instagram.com\/legroupebelleflamme\/\"],\"mainEntityOfPage\":{\"@id\":\"https:\/\/staging.belleflamme.ca\/fr\/produit\/ventilateur-recuperateur-denergie-phrvte-120\/\"}}]}<\/script>\n<meta property=\"product:brand\" content=\"Direct Air\" \/>\n<meta property=\"product:price:amount\" content=\"0.00\" \/>\n<meta property=\"product:price:currency\" content=\"CAD\" \/>\n<meta property=\"og:availability\" content=\"instock\" \/>\n<meta property=\"product:availability\" content=\"instock\" \/>\n<meta property=\"product:condition\" content=\"new\" \/>\n<!-- \/ Yoast SEO Premium plugin. -->","yoast_head_json":{"title":"Ventilateur r\u00e9cup\u00e9rateur d'\u00e9nergie PHRVTE-120 - Groupe BelleFlamme","description":"Ventilateur r\u00e9cup\u00e9rateur d'\u00e9nergie PHRVTE-120 vendu et install\u00e9 par le Groupe Belleflamme. Laval, Montr\u00e9al, Gatineau, Drummondville et Saint-Sauveur.","robots":{"index":"index","follow":"follow","max-snippet":"max-snippet:-1","max-image-preview":"max-image-preview:large","max-video-preview":"max-video-preview:-1"},"canonical":"https:\/\/staging.belleflamme.ca\/fr\/produit\/ventilateur-recuperateur-denergie-phrvte-120\/","og_locale":"fr_FR","og_type":"article","og_title":"Ventilateur r\u00e9cup\u00e9rateur d'\u00e9nergie PHRVTE-120","og_description":"Ventilateur r\u00e9cup\u00e9rateur d'\u00e9nergie PHRVTE-120 vendu et install\u00e9 par le Groupe Belleflamme. Laval, Montr\u00e9al, Gatineau, Drummondville et Saint-Sauveur.","og_url":"https:\/\/staging.belleflamme.ca\/fr\/produit\/ventilateur-recuperateur-denergie-phrvte-120\/","og_site_name":"Groupe BelleFlamme","article_publisher":"https:\/\/www.facebook.com\/belleflamme.ca\/","article_modified_time":"2023-03-22T14:55:46+00:00","og_image":[{"width":600,"height":600,"url":"https:\/\/www.belleflamme.ca\/wp-content\/uploads\/2023\/02\/PHRVTE-120-direct-air.webp","type":"image\/webp"}],"twitter_card":"summary_large_image","twitter_misc":{"Prix":"","Disponibilit\u00e9":"En stock"},"schema":{"@context":"https:\/\/schema.org","@graph":[{"@type":["WebPage","ItemPage"],"@id":"https:\/\/staging.belleflamme.ca\/fr\/produit\/ventilateur-recuperateur-denergie-phrvte-120\/","url":"https:\/\/staging.belleflamme.ca\/fr\/produit\/ventilateur-recuperateur-denergie-phrvte-120\/","name":"Ventilateur r\u00e9cup\u00e9rateur d'\u00e9nergie PHRVTE-120 - Groupe BelleFlamme","isPartOf":{"@id":"https:\/\/www.belleflamme.ca\/fr\/#website"},"primaryImageOfPage":{"@id":"https:\/\/staging.belleflamme.ca\/fr\/produit\/ventilateur-recuperateur-denergie-phrvte-120\/#primaryimage"},"image":{"@id":"https:\/\/staging.belleflamme.ca\/fr\/produit\/ventilateur-recuperateur-denergie-phrvte-120\/#primaryimage"},"thumbnailUrl":"https:\/\/staging.belleflamme.ca\/wp-content\/uploads\/2023\/02\/PHRVTE-120-direct-air.webp","datePublished":"2023-02-15T21:32:10+00:00","dateModified":"2023-03-22T14:55:46+00:00","description":"Ventilateur r\u00e9cup\u00e9rateur d'\u00e9nergie PHRVTE-120 [get_meta_en_fr]","breadcrumb":{"@id":"https:\/\/staging.belleflamme.ca\/fr\/produit\/ventilateur-recuperateur-denergie-phrvte-120\/#breadcrumb"},"inLanguage":"fr-FR","potentialAction":[{"@type":"ReadAction","target":["https:\/\/staging.belleflamme.ca\/fr\/produit\/ventilateur-recuperateur-denergie-phrvte-120\/"]}]},{"@type":"ImageObject","inLanguage":"fr-FR","@id":"https:\/\/staging.belleflamme.ca\/fr\/produit\/ventilateur-recuperateur-denergie-phrvte-120\/#primaryimage","url":"https:\/\/staging.belleflamme.ca\/wp-content\/uploads\/2023\/02\/PHRVTE-120-direct-air.webp","contentUrl":"https:\/\/staging.belleflamme.ca\/wp-content\/uploads\/2023\/02\/PHRVTE-120-direct-air.webp","width":600,"height":600,"caption":"PHRVTE-120 direct air"},{"@type":"BreadcrumbList","@id":"https:\/\/staging.belleflamme.ca\/fr\/produit\/ventilateur-recuperateur-denergie-phrvte-120\/#breadcrumb","itemListElement":[{"@type":"ListItem","position":1,"name":"Accueil","item":"https:\/\/www.belleflamme.ca\/fr\/"},{"@type":"ListItem","position":2,"name":"Boutique","item":"https:\/\/www.belleflamme.ca\/fr\/boutique\/"},{"@type":"ListItem","position":3,"name":"Climatisation &amp; Chauffage","item":"https:\/\/staging.belleflamme.ca\/fr\/categories\/climatisation-chauffage\/"},{"@type":"ListItem","position":4,"name":"Syst\u00e8me central","item":"https:\/\/staging.belleflamme.ca\/fr\/categories\/climatisation-chauffage\/systeme-central\/"},{"@type":"ListItem","position":5,"name":"Qualit\u00e9 de l'air","item":"https:\/\/staging.belleflamme.ca\/fr\/categories\/climatisation-chauffage\/systeme-central\/qualite-de-lair\/"},{"@type":"ListItem","position":6,"name":"\u00c9changeurs d'air","item":"https:\/\/staging.belleflamme.ca\/fr\/categories\/climatisation-chauffage\/systeme-central\/qualite-de-lair\/echangeurs-dair\/"},{"@type":"ListItem","position":7,"name":"Ventilateur r\u00e9cup\u00e9rateur d&rsquo;\u00e9nergie PHRVTE-120"}]},{"@type":"WebSite","@id":"https:\/\/www.belleflamme.ca\/fr\/#website","url":"https:\/\/www.belleflamme.ca\/fr\/","name":"Groupe Belleflamme","description":"La m\u00e9canique du b\u00e2timent dans le sang.","publisher":{"@id":"https:\/\/www.belleflamme.ca\/fr\/#organization"},"potentialAction":[{"@type":"SearchAction","target":{"@type":"EntryPoint","urlTemplate":"https:\/\/www.belleflamme.ca\/fr\/?s={search_term_string}"},"query-input":{"@type":"PropertyValueSpecification","valueRequired":true,"valueName":"search_term_string"}}],"inLanguage":"fr-FR"},{"@type":["Organization","Place"],"@id":"https:\/\/www.belleflamme.ca\/fr\/#organization","name":"Groupe Belleflamme","alternateName":"Belleflamme","url":"https:\/\/www.belleflamme.ca\/fr\/","logo":{"@type":"ImageObject","inLanguage":"fr-FR","@id":"https:\/\/www.belleflamme.ca\/fr\/#\/schema\/logo\/image\/","url":"https:\/\/staging.belleflamme.ca\/wp-content\/uploads\/2023\/01\/og-image.jpg","contentUrl":"https:\/\/staging.belleflamme.ca\/wp-content\/uploads\/2023\/01\/og-image.jpg","width":1200,"height":630,"caption":"Groupe Belleflamme"},"image":{"@id":"https:\/\/www.belleflamme.ca\/fr\/#\/schema\/logo\/image\/"},"sameAs":["https:\/\/www.facebook.com\/belleflamme.ca\/","https:\/\/www.linkedin.com\/company\/belleflamme\/","https:\/\/www.pinterest.ca\/groupebelleflamme\/","https:\/\/www.instagram.com\/legroupebelleflamme\/"],"mainEntityOfPage":{"@id":"https:\/\/staging.belleflamme.ca\/fr\/produit\/ventilateur-recuperateur-denergie-phrvte-120\/"}}]},"product_brand":"Direct Air","product_price_amount":"0.00","product_price_currency":"CAD","og_availability":"instock","product_availability":"instock","product_condition":"new"},"_links":{"self":[{"href":"https:\/\/staging.belleflamme.ca\/fr\/wp-json\/wp\/v2\/product\/4453","targetHints":{"allow":["GET"]}}],"collection":[{"href":"https:\/\/staging.belleflamme.ca\/fr\/wp-json\/wp\/v2\/product"}],"about":[{"href":"https:\/\/staging.belleflamme.ca\/fr\/wp-json\/wp\/v2\/types\/product"}],"version-history":[{"count":4,"href":"https:\/\/staging.belleflamme.ca\/fr\/wp-json\/wp\/v2\/product\/4453\/revisions"}],"predecessor-version":[{"id":8441,"href":"https:\/\/staging.belleflamme.ca\/fr\/wp-json\/wp\/v2\/product\/4453\/revisions\/8441"}],"wp:featuredmedia":[{"embeddable":true,"href":"https:\/\/staging.belleflamme.ca\/fr\/wp-json\/wp\/v2\/media\/5098"}],"wp:attachment":[{"href":"https:\/\/staging.belleflamme.ca\/fr\/wp-json\/wp\/v2\/media?parent=4453"}],"wp:term":[{"taxonomy":"product_brand","embeddable":true,"href":"https:\/\/staging.belleflamme.ca\/fr\/wp-json\/wp\/v2\/product_brand?post=4453"},{"taxonomy":"product_cat","embeddable":true,"href":"https:\/\/staging.belleflamme.ca\/fr\/wp-json\/wp\/v2\/product_cat?post=4453"},{"taxonomy":"product_tag","embeddable":true,"href":"https:\/\/staging.belleflamme.ca\/fr\/wp-json\/wp\/v2\/product_tag?post=4453"}],"curies":[{"name":"wp","href":"https:\/\/api.w.org\/{rel}","templated":true}]}}