{"id":4434,"date":"2023-02-15T16:32:03","date_gmt":"2023-02-15T21:32:03","guid":{"rendered":"https:\/\/www.belleflamme.ca\/product\/humidificateur-a-leau-modele-600\/"},"modified":"2024-05-22T11:25:08","modified_gmt":"2024-05-22T15:25:08","slug":"humidificateur-a-grande-derivation-aprilaire-600","status":"publish","type":"product","link":"https:\/\/staging.belleflamme.ca\/fr\/produit\/humidificateur-a-grande-derivation-aprilaire-600\/","title":{"rendered":"Humidificateur \u00e0 grande d\u00e9rivation AprilAire 600"},"content":{"rendered":"\t\t<div data-elementor-type=\"product-post\" data-elementor-id=\"4434\" class=\"elementor elementor-4434\" data-elementor-post-type=\"product\">\n\t\t\t\t\t\t<section class=\"elementor-section elementor-top-section elementor-element elementor-element-7f98e610 elementor-section-boxed elementor-section-height-default elementor-section-height-default\" data-id=\"7f98e610\" data-element_type=\"section\">\n\t\t\t\t\t\t<div class=\"elementor-container elementor-column-gap-default\">\n\t\t\t\t\t<div class=\"elementor-column elementor-col-100 elementor-top-column elementor-element elementor-element-347220b0\" data-id=\"347220b0\" data-element_type=\"column\">\n\t\t\t<div class=\"elementor-widget-wrap elementor-element-populated\">\n\t\t\t\t\t\t<div class=\"elementor-element elementor-element-4275f258 elementor-widget elementor-widget-text-editor\" data-id=\"4275f258\" data-element_type=\"widget\" data-widget_type=\"text-editor.default\">\n\t\t\t\t<div class=\"elementor-widget-container\">\n\t\t\t\t\t\t\t\t\t<p><iframe title=\"YouTube video player\" src=\"https:\/\/www.youtube.com\/embed\/Mp0cv8kB0VE?si=MyTN0Xt3x8tJzljV\" width=\"560\" height=\"315\" frameborder=\"0\" allowfullscreen=\"allowfullscreen\"><\/iframe><\/p><h2><span>CARACT\u00c9RISTIQUES DU MOD\u00c8LE 600\u00a0:<\/span><\/h2><ul><li><strong><span>L&#8217;HUMIDIT\u00c9 POUR LA SANT\u00c9<\/span><\/strong><span>\u00a0Les humidificateurs AprilAire peuvent vous aider \u00e0 maintenir une humidit\u00e9 optimale dans votre maison, ce qui a \u00e9t\u00e9 d\u00e9montr\u00e9 pour r\u00e9duire l&#8217;incidence des infections respiratoires et des sympt\u00f4mes li\u00e9s aux allergies et \u00e0 l&#8217;asthme en minimisant la formation de bact\u00e9ries et de virus.<\/span><\/li><li><strong><span>L&#8217;HUMIDIT\u00c9 POUR LE CONFORT<\/span><\/strong><span>\u00a0\u00c9quilibrez votre humidit\u00e9 pour pr\u00e9server votre maison et prot\u00e9ger ses occupants des probl\u00e8mes d&#8217;air sec comme les chocs statiques et les ger\u00e7ures de la peau.<\/span><\/li><li><strong><span>PROT\u00c9GEZ VOTRE MAISON<\/span><\/strong><span>\u00a0Pr\u00e9servez votre maison et tout contenu susceptible d&#8217;\u00eatre endommag\u00e9 par des changements d&#8217;humidit\u00e9 ou des conditions s\u00e8ches.<\/span><\/li><li><strong><span>ACHETEZ EN TOUTE CONFIANCE<\/span><\/strong><span>\u00a0Cet humidificateur a \u00e9t\u00e9 con\u00e7u et fabriqu\u00e9 aux \u00c9tats-Unis par AprilAire, l&#8217;inventeur de l&#8217;humidificateur par \u00e9vaporation pour toute la maison et le leader de la qualit\u00e9 de l&#8217;air int\u00e9rieur depuis 1954.<\/span><\/li><li><strong><span>CAPTEUR DE CONTR\u00d4LE INT\u00c9GR\u00c9<\/span><\/strong><span>\u00a0Allume automatiquement le ventilateur CVC pour mesurer l&#8217;humidit\u00e9 relative \u00e0 l&#8217;int\u00e9rieur des conduits et de toutes les parties de la maison. Allume l&#8217;humidificateur chaque fois que l&#8217;humidit\u00e9 mesur\u00e9e descend en dessous du point de consigne.<\/span><\/li><li><strong><span>CONTR\u00d4LE PRATIQUE<\/span><\/strong><span>\u00a0Pour surveiller et r\u00e9gler l\u2019humidit\u00e9 avec un \u00e9cran num\u00e9rique \u00e0 contraste \u00e9lev\u00e9.<\/span><\/li><li><strong><span>HUMIDIFICATION DE TOUTE LA MAISON<\/span><\/strong><span>\u00a0Pour les syst\u00e8mes CVC canalis\u00e9s.<\/span><\/li><li><strong><span>COUVERTURE COMPL\u00c8TE<\/span><\/strong><span>\u00a0Pour les maisons \u00e9troitement construites jusqu&#8217;\u00e0 5 000 pieds carr\u00e9s, avec une capacit\u00e9 de 17 gallons par jour.*<\/span><\/li><\/ul><h3><span>AVANTAGES:<\/span><\/h3><p><span>Notre humidificateur par \u00e9vaporation \u00e0 grande d\u00e9rivation mont\u00e9 sur conduit est con\u00e7u pour les maisons \u00e9troites de moins de 5 000 pieds carr\u00e9s. L&#8217;humidificateur ajoute de l&#8217;humidit\u00e9 \u00e0 l&#8217;air sec de votre maison lorsqu&#8217;il se d\u00e9place \u00e0 travers notre panneau d&#8217;eau charg\u00e9 d&#8217;humidit\u00e9 pour cr\u00e9er une humidit\u00e9 saine dans toute votre maison.<\/span><\/p><p><strong><span>INCLUS DANS LA BO\u00ceTE\u00a0:<\/span><\/strong><\/p><ul><li><span>600 Humidificateur<\/span><\/li><li><span>Humidistat automatique num\u00e9rique mod\u00e8le 60<\/span><\/li><li><span>Panneau d&#8217;eau mod\u00e8le 35<\/span><\/li><li><span>Transformateur 24VAC<\/span><\/li><li><span>Capteur de temp\u00e9rature ext\u00e9rieure<\/span><\/li><li><span>Valve de selle<\/span><\/li><li><span>instructions d&#8217;installation<\/span><\/li><\/ul><p><strong><span>CARACT\u00c9RISTIQUES:<\/span><\/strong><\/p><ul><li><strong><span>Mat\u00e9riaux :<\/span><\/strong><span>\u00a0Plastique<\/span><\/li><li><strong><span>Mesures r\u00e9elles\u00a0:<\/span><\/strong><span>\u00a015,75 H x 10,25 L x 15,375 P (pouces)<\/span><\/li><\/ul>\t\t\t\t\t\t\t\t<\/div>\n\t\t\t\t<\/div>\n\t\t\t\t\t<\/div>\n\t\t<\/div>\n\t\t\t\t\t<\/div>\n\t\t<\/section>\n\t\t\t\t<section class=\"elementor-section elementor-top-section elementor-element elementor-element-984e2ba elementor-section-boxed elementor-section-height-default elementor-section-height-default\" data-id=\"984e2ba\" data-element_type=\"section\">\n\t\t\t\t\t\t<div class=\"elementor-container elementor-column-gap-default\">\n\t\t\t\t\t<div class=\"elementor-column elementor-col-100 elementor-top-column elementor-element elementor-element-fe39752\" data-id=\"fe39752\" data-element_type=\"column\">\n\t\t\t<div class=\"elementor-widget-wrap elementor-element-populated\">\n\t\t\t\t\t\t<div class=\"elementor-element elementor-element-99bff28 elementor-tabs-view-horizontal elementor-widget elementor-widget-tabs\" data-id=\"99bff28\" data-element_type=\"widget\" data-widget_type=\"tabs.default\">\n\t\t\t\t<div class=\"elementor-widget-container\">\n\t\t\t\t\t\t\t<div class=\"elementor-tabs\">\n\t\t\t<div class=\"elementor-tabs-wrapper\" role=\"tablist\" >\n\t\t\t\t\t\t\t\t\t<div id=\"elementor-tab-title-1611\" class=\"elementor-tab-title elementor-tab-desktop-title\" aria-selected=\"true\" data-tab=\"1\" role=\"tab\" tabindex=\"0\" aria-controls=\"elementor-tab-content-1611\" aria-expanded=\"false\">Fichiers<\/div>\n\t\t\t\t\t\t\t<\/div>\n\t\t\t<div class=\"elementor-tabs-content-wrapper\" role=\"tablist\" aria-orientation=\"vertical\">\n\t\t\t\t\t\t\t\t\t<div class=\"elementor-tab-title elementor-tab-mobile-title\" aria-selected=\"true\" data-tab=\"1\" role=\"tab\" tabindex=\"0\" aria-controls=\"elementor-tab-content-1611\" aria-expanded=\"false\">Fichiers<\/div>\n\t\t\t\t\t<div id=\"elementor-tab-content-1611\" class=\"elementor-tab-content elementor-clearfix\" data-tab=\"1\" role=\"tabpanel\" aria-labelledby=\"elementor-tab-title-1611\" tabindex=\"0\" hidden=\"false\"><i class=\"far fa-file-pdf fa-xl\" style=\"font-size:35px\"><\/i><a href=\"https:\/\/www.belleflamme.ca\/wp-content\/uploads\/2023\/03\/aprilaire-300-400-400m-500-500m-600-600m-700-700m-humidifier-owners-manual-B2209190.pdf\"> Manuel<\/a><\/br><\/div>\n\t\t\t\t\t\t\t<\/div>\n\t\t<\/div>\n\t\t\t\t\t\t<\/div>\n\t\t\t\t<\/div>\n\t\t\t\t\t<\/div>\n\t\t<\/div>\n\t\t\t\t\t<\/div>\n\t\t<\/section>\n\t\t\t\t<\/div>\n\t\t","protected":false},"excerpt":{"rendered":"<p>CARACT\u00c9RISTIQUES DU MOD\u00c8LE 600\u00a0: L&#8217;HUMIDIT\u00c9 POUR LA SANT\u00c9\u00a0Les humidificateurs AprilAire peuvent vous aider \u00e0 maintenir une humidit\u00e9 optimale dans votre maison, ce qui a \u00e9t\u00e9 d\u00e9montr\u00e9 pour r\u00e9duire l&#8217;incidence des infections respiratoires et des sympt\u00f4mes li\u00e9s aux allergies et \u00e0 l&#8217;asthme en minimisant la formation de bact\u00e9ries et de virus. L&#8217;HUMIDIT\u00c9 POUR LE CONFORT\u00a0\u00c9quilibrez votre [&hellip;]<\/p>\n","protected":false},"featured_media":39601,"template":"","meta":{"inline_featured_image":false},"product_brand":[298],"product_cat":[70,84,79,71],"product_tag":[],"class_list":{"0":"post-4434","1":"product","2":"type-product","3":"status-publish","4":"has-post-thumbnail","6":"product_brand-aprilaire","7":"product_cat-climatisation-chauffage","8":"product_cat-humidificateurs","9":"product_cat-qualite-de-lair","10":"product_cat-systeme-central","12":"first","13":"instock","14":"taxable","15":"shipping-taxable","16":"product-type-simple"},"yoast_head":"<!-- This site is optimized with the Yoast SEO Premium plugin v24.2 (Yoast SEO v24.2) - https:\/\/yoast.com\/wordpress\/plugins\/seo\/ -->\n<title>Humidificateur \u00e0 grande d\u00e9rivation AprilAire 600 - Groupe BelleFlamme<\/title>\n<meta name=\"description\" content=\"Humidificateur \u00e0 grande d\u00e9rivation AprilAire 600 vendu par le Groupe Belleflamme. Laval, Montr\u00e9al, Gatineau et Saint-Sauveur.\" \/>\n<meta name=\"robots\" content=\"index, follow, max-snippet:-1, max-image-preview:large, max-video-preview:-1\" \/>\n<link rel=\"canonical\" href=\"https:\/\/staging.belleflamme.ca\/fr\/produit\/humidificateur-a-grande-derivation-aprilaire-600\/\" \/>\n<meta property=\"og:locale\" content=\"fr_FR\" \/>\n<meta property=\"og:type\" content=\"article\" \/>\n<meta property=\"og:title\" content=\"Humidificateur \u00e0 grande d\u00e9rivation AprilAire 600\" \/>\n<meta property=\"og:description\" content=\"Humidificateur \u00e0 grande d\u00e9rivation AprilAire 600 vendu par le Groupe Belleflamme. Laval, Montr\u00e9al, Gatineau et Saint-Sauveur.\" \/>\n<meta property=\"og:url\" content=\"https:\/\/staging.belleflamme.ca\/fr\/produit\/humidificateur-a-grande-derivation-aprilaire-600\/\" \/>\n<meta property=\"og:site_name\" content=\"Groupe BelleFlamme\" \/>\n<meta property=\"article:publisher\" content=\"https:\/\/www.facebook.com\/belleflamme.ca\/\" \/>\n<meta property=\"article:modified_time\" content=\"2024-05-22T15:25:08+00:00\" \/>\n<meta property=\"og:image\" content=\"https:\/\/www.belleflamme.ca\/wp-content\/uploads\/2023\/02\/Humidificateur-a-grande-derivation-AprilAire-600.webp\" \/>\n\t<meta property=\"og:image:width\" content=\"1080\" \/>\n\t<meta property=\"og:image:height\" content=\"1080\" \/>\n\t<meta property=\"og:image:type\" content=\"image\/webp\" \/>\n<meta name=\"twitter:card\" content=\"summary_large_image\" \/>\n<meta name=\"twitter:label1\" content=\"Prix\" \/>\n\t<meta name=\"twitter:data1\" content=\"\" \/>\n\t<meta name=\"twitter:label2\" content=\"Disponibilit\u00e9\" \/>\n\t<meta name=\"twitter:data2\" content=\"En stock\" \/>\n<script type=\"application\/ld+json\" class=\"yoast-schema-graph\">{\"@context\":\"https:\/\/schema.org\",\"@graph\":[{\"@type\":[\"WebPage\",\"ItemPage\"],\"@id\":\"https:\/\/staging.belleflamme.ca\/fr\/produit\/humidificateur-a-grande-derivation-aprilaire-600\/\",\"url\":\"https:\/\/staging.belleflamme.ca\/fr\/produit\/humidificateur-a-grande-derivation-aprilaire-600\/\",\"name\":\"Humidificateur \u00e0 grande d\u00e9rivation AprilAire 600 - Groupe BelleFlamme\",\"isPartOf\":{\"@id\":\"https:\/\/www.belleflamme.ca\/fr\/#website\"},\"primaryImageOfPage\":{\"@id\":\"https:\/\/staging.belleflamme.ca\/fr\/produit\/humidificateur-a-grande-derivation-aprilaire-600\/#primaryimage\"},\"image\":{\"@id\":\"https:\/\/staging.belleflamme.ca\/fr\/produit\/humidificateur-a-grande-derivation-aprilaire-600\/#primaryimage\"},\"thumbnailUrl\":\"https:\/\/staging.belleflamme.ca\/wp-content\/uploads\/2023\/02\/Humidificateur-a-grande-derivation-AprilAire-600.webp\",\"datePublished\":\"2023-02-15T21:32:03+00:00\",\"dateModified\":\"2024-05-22T15:25:08+00:00\",\"description\":\"Humidificateur \u00e0 grande d\u00e9rivation AprilAire 600 vendu par le Groupe Belleflamme. Laval, Montr\u00e9al, Gatineau et Saint-Sauveur.\",\"breadcrumb\":{\"@id\":\"https:\/\/staging.belleflamme.ca\/fr\/produit\/humidificateur-a-grande-derivation-aprilaire-600\/#breadcrumb\"},\"inLanguage\":\"fr-FR\",\"potentialAction\":[{\"@type\":\"ReadAction\",\"target\":[\"https:\/\/staging.belleflamme.ca\/fr\/produit\/humidificateur-a-grande-derivation-aprilaire-600\/\"]}]},{\"@type\":\"ImageObject\",\"inLanguage\":\"fr-FR\",\"@id\":\"https:\/\/staging.belleflamme.ca\/fr\/produit\/humidificateur-a-grande-derivation-aprilaire-600\/#primaryimage\",\"url\":\"https:\/\/staging.belleflamme.ca\/wp-content\/uploads\/2023\/02\/Humidificateur-a-grande-derivation-AprilAire-600.webp\",\"contentUrl\":\"https:\/\/staging.belleflamme.ca\/wp-content\/uploads\/2023\/02\/Humidificateur-a-grande-derivation-AprilAire-600.webp\",\"width\":1080,\"height\":1080,\"caption\":\"Humidificateur \u00e0 grande d\u00e9rivation AprilAire 600\"},{\"@type\":\"BreadcrumbList\",\"@id\":\"https:\/\/staging.belleflamme.ca\/fr\/produit\/humidificateur-a-grande-derivation-aprilaire-600\/#breadcrumb\",\"itemListElement\":[{\"@type\":\"ListItem\",\"position\":1,\"name\":\"Accueil\",\"item\":\"https:\/\/www.belleflamme.ca\/fr\/\"},{\"@type\":\"ListItem\",\"position\":2,\"name\":\"Boutique\",\"item\":\"https:\/\/www.belleflamme.ca\/fr\/boutique\/\"},{\"@type\":\"ListItem\",\"position\":3,\"name\":\"Climatisation &amp; Chauffage\",\"item\":\"https:\/\/staging.belleflamme.ca\/fr\/categories\/climatisation-chauffage\/\"},{\"@type\":\"ListItem\",\"position\":4,\"name\":\"Syst\u00e8me central\",\"item\":\"https:\/\/staging.belleflamme.ca\/fr\/categories\/climatisation-chauffage\/systeme-central\/\"},{\"@type\":\"ListItem\",\"position\":5,\"name\":\"Qualit\u00e9 de l'air\",\"item\":\"https:\/\/staging.belleflamme.ca\/fr\/categories\/climatisation-chauffage\/systeme-central\/qualite-de-lair\/\"},{\"@type\":\"ListItem\",\"position\":6,\"name\":\"Humidificateurs\",\"item\":\"https:\/\/staging.belleflamme.ca\/fr\/categories\/climatisation-chauffage\/systeme-central\/qualite-de-lair\/humidificateurs\/\"},{\"@type\":\"ListItem\",\"position\":7,\"name\":\"Humidificateur \u00e0 grande d\u00e9rivation AprilAire 600\"}]},{\"@type\":\"WebSite\",\"@id\":\"https:\/\/www.belleflamme.ca\/fr\/#website\",\"url\":\"https:\/\/www.belleflamme.ca\/fr\/\",\"name\":\"Groupe Belleflamme\",\"description\":\"La m\u00e9canique du b\u00e2timent dans le sang.\",\"publisher\":{\"@id\":\"https:\/\/www.belleflamme.ca\/fr\/#organization\"},\"potentialAction\":[{\"@type\":\"SearchAction\",\"target\":{\"@type\":\"EntryPoint\",\"urlTemplate\":\"https:\/\/www.belleflamme.ca\/fr\/?s={search_term_string}\"},\"query-input\":{\"@type\":\"PropertyValueSpecification\",\"valueRequired\":true,\"valueName\":\"search_term_string\"}}],\"inLanguage\":\"fr-FR\"},{\"@type\":[\"Organization\",\"Place\"],\"@id\":\"https:\/\/www.belleflamme.ca\/fr\/#organization\",\"name\":\"Groupe Belleflamme\",\"alternateName\":\"Belleflamme\",\"url\":\"https:\/\/www.belleflamme.ca\/fr\/\",\"logo\":{\"@type\":\"ImageObject\",\"inLanguage\":\"fr-FR\",\"@id\":\"https:\/\/www.belleflamme.ca\/fr\/#\/schema\/logo\/image\/\",\"url\":\"https:\/\/staging.belleflamme.ca\/wp-content\/uploads\/2023\/01\/og-image.jpg\",\"contentUrl\":\"https:\/\/staging.belleflamme.ca\/wp-content\/uploads\/2023\/01\/og-image.jpg\",\"width\":1200,\"height\":630,\"caption\":\"Groupe Belleflamme\"},\"image\":{\"@id\":\"https:\/\/www.belleflamme.ca\/fr\/#\/schema\/logo\/image\/\"},\"sameAs\":[\"https:\/\/www.facebook.com\/belleflamme.ca\/\",\"https:\/\/www.linkedin.com\/company\/belleflamme\/\",\"https:\/\/www.pinterest.ca\/groupebelleflamme\/\",\"https:\/\/www.instagram.com\/legroupebelleflamme\/\"],\"mainEntityOfPage\":{\"@id\":\"https:\/\/staging.belleflamme.ca\/fr\/produit\/humidificateur-a-grande-derivation-aprilaire-600\/\"}}]}<\/script>\n<meta property=\"product:brand\" content=\"Aprilaire\" \/>\n<meta property=\"product:price:amount\" content=\"0.00\" \/>\n<meta property=\"product:price:currency\" content=\"CAD\" \/>\n<meta property=\"og:availability\" content=\"instock\" \/>\n<meta property=\"product:availability\" content=\"instock\" \/>\n<meta property=\"product:condition\" content=\"new\" \/>\n<!-- \/ Yoast SEO Premium plugin. -->","yoast_head_json":{"title":"Humidificateur \u00e0 grande d\u00e9rivation AprilAire 600 - Groupe BelleFlamme","description":"Humidificateur \u00e0 grande d\u00e9rivation AprilAire 600 vendu par le Groupe Belleflamme. Laval, Montr\u00e9al, Gatineau et Saint-Sauveur.","robots":{"index":"index","follow":"follow","max-snippet":"max-snippet:-1","max-image-preview":"max-image-preview:large","max-video-preview":"max-video-preview:-1"},"canonical":"https:\/\/staging.belleflamme.ca\/fr\/produit\/humidificateur-a-grande-derivation-aprilaire-600\/","og_locale":"fr_FR","og_type":"article","og_title":"Humidificateur \u00e0 grande d\u00e9rivation AprilAire 600","og_description":"Humidificateur \u00e0 grande d\u00e9rivation AprilAire 600 vendu par le Groupe Belleflamme. Laval, Montr\u00e9al, Gatineau et Saint-Sauveur.","og_url":"https:\/\/staging.belleflamme.ca\/fr\/produit\/humidificateur-a-grande-derivation-aprilaire-600\/","og_site_name":"Groupe BelleFlamme","article_publisher":"https:\/\/www.facebook.com\/belleflamme.ca\/","article_modified_time":"2024-05-22T15:25:08+00:00","og_image":[{"width":1080,"height":1080,"url":"https:\/\/www.belleflamme.ca\/wp-content\/uploads\/2023\/02\/Humidificateur-a-grande-derivation-AprilAire-600.webp","type":"image\/webp"}],"twitter_card":"summary_large_image","twitter_misc":{"Prix":"","Disponibilit\u00e9":"En stock"},"schema":{"@context":"https:\/\/schema.org","@graph":[{"@type":["WebPage","ItemPage"],"@id":"https:\/\/staging.belleflamme.ca\/fr\/produit\/humidificateur-a-grande-derivation-aprilaire-600\/","url":"https:\/\/staging.belleflamme.ca\/fr\/produit\/humidificateur-a-grande-derivation-aprilaire-600\/","name":"Humidificateur \u00e0 grande d\u00e9rivation AprilAire 600 - Groupe BelleFlamme","isPartOf":{"@id":"https:\/\/www.belleflamme.ca\/fr\/#website"},"primaryImageOfPage":{"@id":"https:\/\/staging.belleflamme.ca\/fr\/produit\/humidificateur-a-grande-derivation-aprilaire-600\/#primaryimage"},"image":{"@id":"https:\/\/staging.belleflamme.ca\/fr\/produit\/humidificateur-a-grande-derivation-aprilaire-600\/#primaryimage"},"thumbnailUrl":"https:\/\/staging.belleflamme.ca\/wp-content\/uploads\/2023\/02\/Humidificateur-a-grande-derivation-AprilAire-600.webp","datePublished":"2023-02-15T21:32:03+00:00","dateModified":"2024-05-22T15:25:08+00:00","description":"Humidificateur \u00e0 grande d\u00e9rivation AprilAire 600 vendu par le Groupe Belleflamme. Laval, Montr\u00e9al, Gatineau et Saint-Sauveur.","breadcrumb":{"@id":"https:\/\/staging.belleflamme.ca\/fr\/produit\/humidificateur-a-grande-derivation-aprilaire-600\/#breadcrumb"},"inLanguage":"fr-FR","potentialAction":[{"@type":"ReadAction","target":["https:\/\/staging.belleflamme.ca\/fr\/produit\/humidificateur-a-grande-derivation-aprilaire-600\/"]}]},{"@type":"ImageObject","inLanguage":"fr-FR","@id":"https:\/\/staging.belleflamme.ca\/fr\/produit\/humidificateur-a-grande-derivation-aprilaire-600\/#primaryimage","url":"https:\/\/staging.belleflamme.ca\/wp-content\/uploads\/2023\/02\/Humidificateur-a-grande-derivation-AprilAire-600.webp","contentUrl":"https:\/\/staging.belleflamme.ca\/wp-content\/uploads\/2023\/02\/Humidificateur-a-grande-derivation-AprilAire-600.webp","width":1080,"height":1080,"caption":"Humidificateur \u00e0 grande d\u00e9rivation AprilAire 600"},{"@type":"BreadcrumbList","@id":"https:\/\/staging.belleflamme.ca\/fr\/produit\/humidificateur-a-grande-derivation-aprilaire-600\/#breadcrumb","itemListElement":[{"@type":"ListItem","position":1,"name":"Accueil","item":"https:\/\/www.belleflamme.ca\/fr\/"},{"@type":"ListItem","position":2,"name":"Boutique","item":"https:\/\/www.belleflamme.ca\/fr\/boutique\/"},{"@type":"ListItem","position":3,"name":"Climatisation &amp; Chauffage","item":"https:\/\/staging.belleflamme.ca\/fr\/categories\/climatisation-chauffage\/"},{"@type":"ListItem","position":4,"name":"Syst\u00e8me central","item":"https:\/\/staging.belleflamme.ca\/fr\/categories\/climatisation-chauffage\/systeme-central\/"},{"@type":"ListItem","position":5,"name":"Qualit\u00e9 de l'air","item":"https:\/\/staging.belleflamme.ca\/fr\/categories\/climatisation-chauffage\/systeme-central\/qualite-de-lair\/"},{"@type":"ListItem","position":6,"name":"Humidificateurs","item":"https:\/\/staging.belleflamme.ca\/fr\/categories\/climatisation-chauffage\/systeme-central\/qualite-de-lair\/humidificateurs\/"},{"@type":"ListItem","position":7,"name":"Humidificateur \u00e0 grande d\u00e9rivation AprilAire 600"}]},{"@type":"WebSite","@id":"https:\/\/www.belleflamme.ca\/fr\/#website","url":"https:\/\/www.belleflamme.ca\/fr\/","name":"Groupe Belleflamme","description":"La m\u00e9canique du b\u00e2timent dans le sang.","publisher":{"@id":"https:\/\/www.belleflamme.ca\/fr\/#organization"},"potentialAction":[{"@type":"SearchAction","target":{"@type":"EntryPoint","urlTemplate":"https:\/\/www.belleflamme.ca\/fr\/?s={search_term_string}"},"query-input":{"@type":"PropertyValueSpecification","valueRequired":true,"valueName":"search_term_string"}}],"inLanguage":"fr-FR"},{"@type":["Organization","Place"],"@id":"https:\/\/www.belleflamme.ca\/fr\/#organization","name":"Groupe Belleflamme","alternateName":"Belleflamme","url":"https:\/\/www.belleflamme.ca\/fr\/","logo":{"@type":"ImageObject","inLanguage":"fr-FR","@id":"https:\/\/www.belleflamme.ca\/fr\/#\/schema\/logo\/image\/","url":"https:\/\/staging.belleflamme.ca\/wp-content\/uploads\/2023\/01\/og-image.jpg","contentUrl":"https:\/\/staging.belleflamme.ca\/wp-content\/uploads\/2023\/01\/og-image.jpg","width":1200,"height":630,"caption":"Groupe Belleflamme"},"image":{"@id":"https:\/\/www.belleflamme.ca\/fr\/#\/schema\/logo\/image\/"},"sameAs":["https:\/\/www.facebook.com\/belleflamme.ca\/","https:\/\/www.linkedin.com\/company\/belleflamme\/","https:\/\/www.pinterest.ca\/groupebelleflamme\/","https:\/\/www.instagram.com\/legroupebelleflamme\/"],"mainEntityOfPage":{"@id":"https:\/\/staging.belleflamme.ca\/fr\/produit\/humidificateur-a-grande-derivation-aprilaire-600\/"}}]},"product_brand":"Aprilaire","product_price_amount":"0.00","product_price_currency":"CAD","og_availability":"instock","product_availability":"instock","product_condition":"new"},"_links":{"self":[{"href":"https:\/\/staging.belleflamme.ca\/fr\/wp-json\/wp\/v2\/product\/4434","targetHints":{"allow":["GET"]}}],"collection":[{"href":"https:\/\/staging.belleflamme.ca\/fr\/wp-json\/wp\/v2\/product"}],"about":[{"href":"https:\/\/staging.belleflamme.ca\/fr\/wp-json\/wp\/v2\/types\/product"}],"version-history":[{"count":8,"href":"https:\/\/staging.belleflamme.ca\/fr\/wp-json\/wp\/v2\/product\/4434\/revisions"}],"predecessor-version":[{"id":39607,"href":"https:\/\/staging.belleflamme.ca\/fr\/wp-json\/wp\/v2\/product\/4434\/revisions\/39607"}],"wp:featuredmedia":[{"embeddable":true,"href":"https:\/\/staging.belleflamme.ca\/fr\/wp-json\/wp\/v2\/media\/39601"}],"wp:attachment":[{"href":"https:\/\/staging.belleflamme.ca\/fr\/wp-json\/wp\/v2\/media?parent=4434"}],"wp:term":[{"taxonomy":"product_brand","embeddable":true,"href":"https:\/\/staging.belleflamme.ca\/fr\/wp-json\/wp\/v2\/product_brand?post=4434"},{"taxonomy":"product_cat","embeddable":true,"href":"https:\/\/staging.belleflamme.ca\/fr\/wp-json\/wp\/v2\/product_cat?post=4434"},{"taxonomy":"product_tag","embeddable":true,"href":"https:\/\/staging.belleflamme.ca\/fr\/wp-json\/wp\/v2\/product_tag?post=4434"}],"curies":[{"name":"wp","href":"https:\/\/api.w.org\/{rel}","templated":true}]}}