{"id":44046,"date":"2024-11-27T11:45:47","date_gmt":"2024-11-27T16:45:47","guid":{"rendered":"https:\/\/www.belleflamme.ca\/?post_type=product&#038;p=44046"},"modified":"2025-04-15T08:51:15","modified_gmt":"2025-04-15T12:51:15","slug":"foyer-electrique-astound-flexmount-de-napoleon","status":"publish","type":"product","link":"https:\/\/staging.belleflamme.ca\/fr\/produit\/foyer-electrique-astound-flexmount-de-napoleon\/","title":{"rendered":"Foyer \u00c9lectrique Astound Flexmount de Napoleon"},"content":{"rendered":"\t\t<div data-elementor-type=\"product-post\" data-elementor-id=\"44046\" class=\"elementor elementor-44046\" data-elementor-post-type=\"product\">\n\t\t\t\t\t\t<section class=\"elementor-section elementor-top-section elementor-element elementor-element-c94c2f1 elementor-section-boxed elementor-section-height-default elementor-section-height-default\" data-id=\"c94c2f1\" data-element_type=\"section\">\n\t\t\t\t\t\t<div class=\"elementor-container elementor-column-gap-default\">\n\t\t\t\t\t<div class=\"elementor-column elementor-col-100 elementor-top-column elementor-element elementor-element-42f14c2e\" data-id=\"42f14c2e\" data-element_type=\"column\">\n\t\t\t<div class=\"elementor-widget-wrap elementor-element-populated\">\n\t\t\t\t\t\t<div class=\"elementor-element elementor-element-7840377 elementor-widget elementor-widget-text-editor\" data-id=\"7840377\" data-element_type=\"widget\" data-widget_type=\"text-editor.default\">\n\t\t\t\t<div class=\"elementor-widget-container\">\n\t\t\t\t\t\t\t\t\tLe foyer \u00e9lectrique Astound 50 Flex est le compl\u00e9ment id\u00e9al d&#8217;une ambiance confortable et connect\u00e9e. Notre technologie \u00e0 \u00e9tincelles unique rehausse les flammes pour un r\u00e9alisme in\u00e9gal\u00e9, tandis que les ensembles Beach Fire et Woodland inclus permettent de personnaliser le foyer \u00e0 votre go\u00fbt. Utilisez le panneau de commande tactile, la t\u00e9l\u00e9commande incluse, les commandes vocales ou votre appareil mobile avec l&#8217;application Napoleon Home pour une ma\u00eetrise sans pareille de votre foyer. Le mode Eco consomme moins d&#8217;\u00e9nergie, tandis que le mode Boost apporte un suppl\u00e9ment de chaleur lors des journ\u00e9es fra\u00eeches. Personnalisez vos r\u00e9glages de chaleur et de couleur pour chaque jour de la semaine en programmant un horaire. Treize couleurs de lit de braises et d&#8217;\u00e9clairage sup\u00e9rieur vous permettent de personnaliser l&#8217;ambiance, tandis que les braises de verre optionnelles et les b\u00fbches incluses garantissent que ce foyer s&#8217;harmonise avec votre style. Plus qu&#8217;un \u00e9l\u00e9gant foyer, avec ses options d&#8217;installation tr\u00e8s flexibles et sa facilit\u00e9 d&#8217;entretien, l&#8217;Astound peut \u00eatre personnalis\u00e9 pour s&#8217;agencer \u00e0 n&#8217;importe quelle pi\u00e8ce ou espace commercial.\r\n<h4 class=\"title hide-item-on-mobile\">Caract\u00e9ristiques<\/h4>\r\n<div class=\"inner-wrapper open\" data-max-height=\"360px\" data-fade=\"true\" data-height=\"620px\">\r\n<div class=\"clearfix text-formatted field field--name-field-summary-features field--type-text field--label-hidden field__items\">\r\n<ul>\r\n \t<li class=\"field__item\">NIVEAU SUP\u00c9RIEUR DE R\u00c9ALISME : Les couleurs de flamme et la technologie \u00e0 \u00e9tincelles reproduisent l&#8217;apparence d&#8217;un v\u00e9ritable feu<\/li>\r\n \t<li class=\"field__item\">PLUS GRANDE FLEXIBILIT\u00c9 D&#8217;INSTALLATION : Installation murale ou partiellement encastr\u00e9e (3 c\u00f4t\u00e9s) ou enti\u00e8rement encastr\u00e9e (1 c\u00f4t\u00e9, 2 c\u00f4t\u00e9s ou 3 c\u00f4t\u00e9s). De plus, les panneaux d&#8217;extr\u00e9mit\u00e9 et la moulure inclus sont id\u00e9aux pour les applications modernes n\u00e9cessitant une transition fluide (pour les installations enti\u00e8rement encastr\u00e9es), offrant un aspect sans cadre.<\/li>\r\n \t<li class=\"field__item\">CONNECTIVIT\u00c9 FACILE : D\u00e9couvrez les avantages offerts par la connectivit\u00e9 gr\u00e2ce aux commandes vocales (Google Home, Alexa) et \u00e0 une application compatible avec le r\u00e9seau Wi-Fi (Napoleon Home)<\/li>\r\n \t<li class=\"field__item\">LE CONTR\u00d4LE AU BOUT DES DOIGTS : T\u00e9l\u00e9commande de luxe incluse. Plus l&#8217;application mobile Napoleon Home ou la commande murale en option (parfaite pour les installations commerciales).<\/li>\r\n \t<li class=\"field__item\">ADAPT\u00c9 AUX ESPACES COMMERCIAUX :\u00a0Il fera sensation dans les maisons comme dans les espaces commerciaux.<\/li>\r\n \t<li class=\"field__item\">PERSONNALISABLE : Les ensembles Beach Fire et Woodland inclus, ainsi que les options d\u00e9coratives suppl\u00e9mentaires permettent de personnaliser l&#8217;int\u00e9rieur de ce foyer \u00e9lectrique.<\/li>\r\n \t<li class=\"field__item\">\u00c9CO\u00c9NERG\u00c9TIQUE : Faites fonctionner le foyer en mode ECO. L&#8217;appareil fonctionnera \u00e0 mi-chaleur, consommant ainsi moins d&#8217;\u00e9nergie<\/li>\r\n \t<li class=\"field__item\">EXTRA CONFORTABLE : Si vous avez besoin d&#8217;un peu plus de chaleur par temps frais, utilisez le mode BOOST. Le radiateur fonctionne \u00e0 chaleur maximale et \u00e0 vitesse de soufflerie plus rapide<\/li>\r\n \t<li class=\"field__item\">GARANTIE DE 2 ANS : L&#8217;Astound b\u00e9n\u00e9ficie d&#8217;une garantie de 2 ans avec l&#8217;enregistrement du produit<\/li>\r\n \t<li class=\"field__item\">OUVERTURE DE VENTILATION AVANT : L&#8217;ouverture de ventilation \u00e0 l&#8217;avant projette la chaleur dans la pi\u00e8ce, garantissant ainsi votre confort.<\/li>\r\n<\/ul>\r\n<\/div>\r\n<\/div>\t\t\t\t\t\t\t\t<\/div>\n\t\t\t\t<\/div>\n\t\t\t\t\t<\/div>\n\t\t<\/div>\n\t\t\t\t\t<\/div>\n\t\t<\/section>\n\t\t\t\t<section class=\"elementor-section elementor-top-section elementor-element elementor-element-03dac49 elementor-section-boxed elementor-section-height-default elementor-section-height-default\" data-id=\"03dac49\" data-element_type=\"section\">\n\t\t\t\t\t\t<div class=\"elementor-container elementor-column-gap-default\">\n\t\t\t\t\t<div class=\"elementor-column elementor-col-100 elementor-top-column elementor-element elementor-element-144a444\" data-id=\"144a444\" data-element_type=\"column\">\n\t\t\t<div class=\"elementor-widget-wrap elementor-element-populated\">\n\t\t\t\t\t\t<div class=\"elementor-element elementor-element-f1a1366 elementor-tabs-view-horizontal elementor-widget elementor-widget-tabs\" data-id=\"f1a1366\" data-element_type=\"widget\" data-widget_type=\"tabs.default\">\n\t\t\t\t<div class=\"elementor-widget-container\">\n\t\t\t\t\t\t\t<div class=\"elementor-tabs\">\n\t\t\t<div class=\"elementor-tabs-wrapper\" role=\"tablist\" >\n\t\t\t\t\t\t\t\t\t<div id=\"elementor-tab-title-2531\" class=\"elementor-tab-title elementor-tab-desktop-title\" aria-selected=\"true\" data-tab=\"1\" role=\"tab\" tabindex=\"0\" aria-controls=\"elementor-tab-content-2531\" aria-expanded=\"false\">Fichiers<\/div>\n\t\t\t\t\t\t\t<\/div>\n\t\t\t<div class=\"elementor-tabs-content-wrapper\" role=\"tablist\" aria-orientation=\"vertical\">\n\t\t\t\t\t\t\t\t\t<div class=\"elementor-tab-title elementor-tab-mobile-title\" aria-selected=\"true\" data-tab=\"1\" role=\"tab\" tabindex=\"0\" aria-controls=\"elementor-tab-content-2531\" aria-expanded=\"false\">Fichiers<\/div>\n\t\t\t\t\t<div id=\"elementor-tab-content-2531\" class=\"elementor-tab-content elementor-clearfix\" data-tab=\"1\" role=\"tabpanel\" aria-labelledby=\"elementor-tab-title-2531\" tabindex=\"0\" hidden=\"false\"><i class=\"far fa-file-pdf fa-xl\" style=\"font-size:35px\"><\/i><a href=\"https:\/\/www.belleflamme.ca\/wp-content\/uploads\/2024\/11\/ADBRN1-ASTNDFM-FR-Astound-FlexMount-Brochure.pdf\"> Brochure<\/a><\/br>\n<i class=\"far fa-file-pdf fa-xl\" style=\"font-size:35px\"><\/i><a href=\"https:\/\/www.belleflamme.ca\/wp-content\/uploads\/2024\/11\/W415-4173_A-0_VIEW1.pdf\"> Installation<\/a><\/br><\/div>\n\t\t\t\t\t\t\t<\/div>\n\t\t<\/div>\n\t\t\t\t\t\t<\/div>\n\t\t\t\t<\/div>\n\t\t\t\t\t<\/div>\n\t\t<\/div>\n\t\t\t\t\t<\/div>\n\t\t<\/section>\n\t\t\t\t<\/div>\n\t\t","protected":false},"excerpt":{"rendered":"<p>Le foyer \u00e9lectrique Astound 50 Flex est le compl\u00e9ment id\u00e9al d&#8217;une ambiance confortable et connect\u00e9e. Notre technologie \u00e0 \u00e9tincelles unique rehausse les flammes pour un r\u00e9alisme in\u00e9gal\u00e9, tandis que les ensembles Beach Fire et Woodland inclus permettent de personnaliser le foyer \u00e0 votre go\u00fbt. Utilisez le panneau de commande tactile, la t\u00e9l\u00e9commande incluse, les commandes [&hellip;]<\/p>\n","protected":false},"featured_media":44047,"template":"","meta":{"inline_featured_image":false},"product_brand":[1314],"product_cat":[240,241,33],"product_tag":[],"class_list":{"0":"post-44046","1":"product","2":"type-product","3":"status-publish","4":"has-post-thumbnail","6":"product_brand-foyers-napoleon","7":"product_cat-foyer-electrique","8":"product_cat-poele-foyer-electrique","9":"product_cat-poeles-et-foyers","11":"first","12":"instock","13":"taxable","14":"shipping-taxable","15":"purchasable","16":"product-type-variable"},"yoast_head":"<!-- This site is optimized with the Yoast SEO Premium plugin v24.2 (Yoast SEO v24.2) - https:\/\/yoast.com\/wordpress\/plugins\/seo\/ -->\n<title>Foyer \u00c9lectrique Astound Flexmount de Napoleon - Groupe BelleFlamme<\/title>\n<meta name=\"description\" content=\"Foyer \u00c9lectrique Astound de Napoleon vendu et install\u00e9 par le Groupe Belleflamme. Laval, Montr\u00e9al, Gatineau et Saint-Sauveur.\" \/>\n<meta name=\"robots\" content=\"index, follow, max-snippet:-1, max-image-preview:large, max-video-preview:-1\" \/>\n<link rel=\"canonical\" href=\"https:\/\/staging.belleflamme.ca\/fr\/produit\/foyer-electrique-astound-flexmount-de-napoleon\/\" \/>\n<meta property=\"og:locale\" content=\"fr_FR\" \/>\n<meta property=\"og:type\" content=\"article\" \/>\n<meta property=\"og:title\" content=\"Foyer \u00c9lectrique Astound Flexmount de Napoleon\" \/>\n<meta property=\"og:description\" content=\"Foyer \u00c9lectrique Astound de Napoleon vendu et install\u00e9 par le Groupe Belleflamme. Laval, Montr\u00e9al, Gatineau et Saint-Sauveur.\" \/>\n<meta property=\"og:url\" content=\"https:\/\/staging.belleflamme.ca\/fr\/produit\/foyer-electrique-astound-flexmount-de-napoleon\/\" \/>\n<meta property=\"og:site_name\" content=\"Groupe BelleFlamme\" \/>\n<meta property=\"article:publisher\" content=\"https:\/\/www.facebook.com\/belleflamme.ca\/\" \/>\n<meta property=\"article:modified_time\" content=\"2025-04-15T12:51:15+00:00\" \/>\n<meta property=\"og:image\" content=\"https:\/\/www.belleflamme.ca\/wp-content\/uploads\/2024\/11\/Foyer-Electrique-Astound-de-Napoleon.jpg\" \/>\n\t<meta property=\"og:image:width\" content=\"1400\" \/>\n\t<meta property=\"og:image:height\" content=\"990\" \/>\n\t<meta property=\"og:image:type\" content=\"image\/jpeg\" \/>\n<meta name=\"twitter:card\" content=\"summary_large_image\" \/>\n<meta name=\"twitter:label1\" content=\"Disponibilit\u00e9\" \/>\n\t<meta name=\"twitter:data1\" content=\"En stock\" \/>\n<script type=\"application\/ld+json\" class=\"yoast-schema-graph\">{\"@context\":\"https:\/\/schema.org\",\"@graph\":[{\"@type\":[\"WebPage\",\"ItemPage\"],\"@id\":\"https:\/\/staging.belleflamme.ca\/fr\/produit\/foyer-electrique-astound-flexmount-de-napoleon\/\",\"url\":\"https:\/\/staging.belleflamme.ca\/fr\/produit\/foyer-electrique-astound-flexmount-de-napoleon\/\",\"name\":\"Foyer \u00c9lectrique Astound Flexmount de Napoleon - Groupe BelleFlamme\",\"isPartOf\":{\"@id\":\"https:\/\/www.belleflamme.ca\/fr\/#website\"},\"primaryImageOfPage\":{\"@id\":\"https:\/\/staging.belleflamme.ca\/fr\/produit\/foyer-electrique-astound-flexmount-de-napoleon\/#primaryimage\"},\"image\":{\"@id\":\"https:\/\/staging.belleflamme.ca\/fr\/produit\/foyer-electrique-astound-flexmount-de-napoleon\/#primaryimage\"},\"thumbnailUrl\":\"https:\/\/staging.belleflamme.ca\/wp-content\/uploads\/2024\/11\/Foyer-Electrique-Astound-de-Napoleon.jpg\",\"datePublished\":\"2024-11-27T16:45:47+00:00\",\"dateModified\":\"2025-04-15T12:51:15+00:00\",\"description\":\"Foyer \u00c9lectrique Astound de Napoleon vendu et install\u00e9 par le Groupe Belleflamme. Laval, Montr\u00e9al, Gatineau et Saint-Sauveur.\",\"breadcrumb\":{\"@id\":\"https:\/\/staging.belleflamme.ca\/fr\/produit\/foyer-electrique-astound-flexmount-de-napoleon\/#breadcrumb\"},\"inLanguage\":\"fr-FR\",\"potentialAction\":[{\"@type\":\"ReadAction\",\"target\":[\"https:\/\/staging.belleflamme.ca\/fr\/produit\/foyer-electrique-astound-flexmount-de-napoleon\/\"]}]},{\"@type\":\"ImageObject\",\"inLanguage\":\"fr-FR\",\"@id\":\"https:\/\/staging.belleflamme.ca\/fr\/produit\/foyer-electrique-astound-flexmount-de-napoleon\/#primaryimage\",\"url\":\"https:\/\/staging.belleflamme.ca\/wp-content\/uploads\/2024\/11\/Foyer-Electrique-Astound-de-Napoleon.jpg\",\"contentUrl\":\"https:\/\/staging.belleflamme.ca\/wp-content\/uploads\/2024\/11\/Foyer-Electrique-Astound-de-Napoleon.jpg\",\"width\":1400,\"height\":990,\"caption\":\"Foyer \u00c9lectrique Astound de Napoleon\"},{\"@type\":\"BreadcrumbList\",\"@id\":\"https:\/\/staging.belleflamme.ca\/fr\/produit\/foyer-electrique-astound-flexmount-de-napoleon\/#breadcrumb\",\"itemListElement\":[{\"@type\":\"ListItem\",\"position\":1,\"name\":\"Accueil\",\"item\":\"https:\/\/www.belleflamme.ca\/fr\/\"},{\"@type\":\"ListItem\",\"position\":2,\"name\":\"Boutique\",\"item\":\"https:\/\/www.belleflamme.ca\/fr\/boutique\/\"},{\"@type\":\"ListItem\",\"position\":3,\"name\":\"Po\u00eales &amp; Foyers\",\"item\":\"https:\/\/staging.belleflamme.ca\/fr\/categories\/poeles-et-foyers\/\"},{\"@type\":\"ListItem\",\"position\":4,\"name\":\"Po\u00eale &amp; Foyer \u00c9lectrique\",\"item\":\"https:\/\/staging.belleflamme.ca\/fr\/categories\/poeles-et-foyers\/poele-foyer-electrique\/\"},{\"@type\":\"ListItem\",\"position\":5,\"name\":\"Foyer \u00c9lectrique\",\"item\":\"https:\/\/staging.belleflamme.ca\/fr\/categories\/poeles-et-foyers\/poele-foyer-electrique\/foyer-electrique\/\"},{\"@type\":\"ListItem\",\"position\":6,\"name\":\"Foyer \u00c9lectrique Astound Flexmount de Napoleon\"}]},{\"@type\":\"WebSite\",\"@id\":\"https:\/\/www.belleflamme.ca\/fr\/#website\",\"url\":\"https:\/\/www.belleflamme.ca\/fr\/\",\"name\":\"Groupe Belleflamme\",\"description\":\"La m\u00e9canique du b\u00e2timent dans le sang.\",\"publisher\":{\"@id\":\"https:\/\/www.belleflamme.ca\/fr\/#organization\"},\"potentialAction\":[{\"@type\":\"SearchAction\",\"target\":{\"@type\":\"EntryPoint\",\"urlTemplate\":\"https:\/\/www.belleflamme.ca\/fr\/?s={search_term_string}\"},\"query-input\":{\"@type\":\"PropertyValueSpecification\",\"valueRequired\":true,\"valueName\":\"search_term_string\"}}],\"inLanguage\":\"fr-FR\"},{\"@type\":[\"Organization\",\"Place\"],\"@id\":\"https:\/\/www.belleflamme.ca\/fr\/#organization\",\"name\":\"Groupe Belleflamme\",\"alternateName\":\"Belleflamme\",\"url\":\"https:\/\/www.belleflamme.ca\/fr\/\",\"logo\":{\"@type\":\"ImageObject\",\"inLanguage\":\"fr-FR\",\"@id\":\"https:\/\/www.belleflamme.ca\/fr\/#\/schema\/logo\/image\/\",\"url\":\"https:\/\/staging.belleflamme.ca\/wp-content\/uploads\/2023\/01\/og-image.jpg\",\"contentUrl\":\"https:\/\/staging.belleflamme.ca\/wp-content\/uploads\/2023\/01\/og-image.jpg\",\"width\":1200,\"height\":630,\"caption\":\"Groupe Belleflamme\"},\"image\":{\"@id\":\"https:\/\/www.belleflamme.ca\/fr\/#\/schema\/logo\/image\/\"},\"sameAs\":[\"https:\/\/www.facebook.com\/belleflamme.ca\/\",\"https:\/\/www.linkedin.com\/company\/belleflamme\/\",\"https:\/\/www.pinterest.ca\/groupebelleflamme\/\",\"https:\/\/www.instagram.com\/legroupebelleflamme\/\"],\"mainEntityOfPage\":{\"@id\":\"https:\/\/staging.belleflamme.ca\/fr\/produit\/foyer-electrique-astound-flexmount-de-napoleon\/\"}}]}<\/script>\n<meta property=\"product:brand\" content=\"Foyers Napoleon\" \/>\n<meta property=\"og:availability\" content=\"instock\" \/>\n<meta property=\"product:availability\" content=\"instock\" \/>\n<meta property=\"product:condition\" content=\"new\" \/>\n<!-- \/ Yoast SEO Premium plugin. -->","yoast_head_json":{"title":"Foyer \u00c9lectrique Astound Flexmount de Napoleon - Groupe BelleFlamme","description":"Foyer \u00c9lectrique Astound de Napoleon vendu et install\u00e9 par le Groupe Belleflamme. Laval, Montr\u00e9al, Gatineau et Saint-Sauveur.","robots":{"index":"index","follow":"follow","max-snippet":"max-snippet:-1","max-image-preview":"max-image-preview:large","max-video-preview":"max-video-preview:-1"},"canonical":"https:\/\/staging.belleflamme.ca\/fr\/produit\/foyer-electrique-astound-flexmount-de-napoleon\/","og_locale":"fr_FR","og_type":"article","og_title":"Foyer \u00c9lectrique Astound Flexmount de Napoleon","og_description":"Foyer \u00c9lectrique Astound de Napoleon vendu et install\u00e9 par le Groupe Belleflamme. Laval, Montr\u00e9al, Gatineau et Saint-Sauveur.","og_url":"https:\/\/staging.belleflamme.ca\/fr\/produit\/foyer-electrique-astound-flexmount-de-napoleon\/","og_site_name":"Groupe BelleFlamme","article_publisher":"https:\/\/www.facebook.com\/belleflamme.ca\/","article_modified_time":"2025-04-15T12:51:15+00:00","og_image":[{"width":1400,"height":990,"url":"https:\/\/www.belleflamme.ca\/wp-content\/uploads\/2024\/11\/Foyer-Electrique-Astound-de-Napoleon.jpg","type":"image\/jpeg"}],"twitter_card":"summary_large_image","twitter_misc":{"Disponibilit\u00e9":"En stock"},"schema":{"@context":"https:\/\/schema.org","@graph":[{"@type":["WebPage","ItemPage"],"@id":"https:\/\/staging.belleflamme.ca\/fr\/produit\/foyer-electrique-astound-flexmount-de-napoleon\/","url":"https:\/\/staging.belleflamme.ca\/fr\/produit\/foyer-electrique-astound-flexmount-de-napoleon\/","name":"Foyer \u00c9lectrique Astound Flexmount de Napoleon - Groupe BelleFlamme","isPartOf":{"@id":"https:\/\/www.belleflamme.ca\/fr\/#website"},"primaryImageOfPage":{"@id":"https:\/\/staging.belleflamme.ca\/fr\/produit\/foyer-electrique-astound-flexmount-de-napoleon\/#primaryimage"},"image":{"@id":"https:\/\/staging.belleflamme.ca\/fr\/produit\/foyer-electrique-astound-flexmount-de-napoleon\/#primaryimage"},"thumbnailUrl":"https:\/\/staging.belleflamme.ca\/wp-content\/uploads\/2024\/11\/Foyer-Electrique-Astound-de-Napoleon.jpg","datePublished":"2024-11-27T16:45:47+00:00","dateModified":"2025-04-15T12:51:15+00:00","description":"Foyer \u00c9lectrique Astound de Napoleon vendu et install\u00e9 par le Groupe Belleflamme. Laval, Montr\u00e9al, Gatineau et Saint-Sauveur.","breadcrumb":{"@id":"https:\/\/staging.belleflamme.ca\/fr\/produit\/foyer-electrique-astound-flexmount-de-napoleon\/#breadcrumb"},"inLanguage":"fr-FR","potentialAction":[{"@type":"ReadAction","target":["https:\/\/staging.belleflamme.ca\/fr\/produit\/foyer-electrique-astound-flexmount-de-napoleon\/"]}]},{"@type":"ImageObject","inLanguage":"fr-FR","@id":"https:\/\/staging.belleflamme.ca\/fr\/produit\/foyer-electrique-astound-flexmount-de-napoleon\/#primaryimage","url":"https:\/\/staging.belleflamme.ca\/wp-content\/uploads\/2024\/11\/Foyer-Electrique-Astound-de-Napoleon.jpg","contentUrl":"https:\/\/staging.belleflamme.ca\/wp-content\/uploads\/2024\/11\/Foyer-Electrique-Astound-de-Napoleon.jpg","width":1400,"height":990,"caption":"Foyer \u00c9lectrique Astound de Napoleon"},{"@type":"BreadcrumbList","@id":"https:\/\/staging.belleflamme.ca\/fr\/produit\/foyer-electrique-astound-flexmount-de-napoleon\/#breadcrumb","itemListElement":[{"@type":"ListItem","position":1,"name":"Accueil","item":"https:\/\/www.belleflamme.ca\/fr\/"},{"@type":"ListItem","position":2,"name":"Boutique","item":"https:\/\/www.belleflamme.ca\/fr\/boutique\/"},{"@type":"ListItem","position":3,"name":"Po\u00eales &amp; Foyers","item":"https:\/\/staging.belleflamme.ca\/fr\/categories\/poeles-et-foyers\/"},{"@type":"ListItem","position":4,"name":"Po\u00eale &amp; Foyer \u00c9lectrique","item":"https:\/\/staging.belleflamme.ca\/fr\/categories\/poeles-et-foyers\/poele-foyer-electrique\/"},{"@type":"ListItem","position":5,"name":"Foyer \u00c9lectrique","item":"https:\/\/staging.belleflamme.ca\/fr\/categories\/poeles-et-foyers\/poele-foyer-electrique\/foyer-electrique\/"},{"@type":"ListItem","position":6,"name":"Foyer \u00c9lectrique Astound Flexmount de Napoleon"}]},{"@type":"WebSite","@id":"https:\/\/www.belleflamme.ca\/fr\/#website","url":"https:\/\/www.belleflamme.ca\/fr\/","name":"Groupe Belleflamme","description":"La m\u00e9canique du b\u00e2timent dans le sang.","publisher":{"@id":"https:\/\/www.belleflamme.ca\/fr\/#organization"},"potentialAction":[{"@type":"SearchAction","target":{"@type":"EntryPoint","urlTemplate":"https:\/\/www.belleflamme.ca\/fr\/?s={search_term_string}"},"query-input":{"@type":"PropertyValueSpecification","valueRequired":true,"valueName":"search_term_string"}}],"inLanguage":"fr-FR"},{"@type":["Organization","Place"],"@id":"https:\/\/www.belleflamme.ca\/fr\/#organization","name":"Groupe Belleflamme","alternateName":"Belleflamme","url":"https:\/\/www.belleflamme.ca\/fr\/","logo":{"@type":"ImageObject","inLanguage":"fr-FR","@id":"https:\/\/www.belleflamme.ca\/fr\/#\/schema\/logo\/image\/","url":"https:\/\/staging.belleflamme.ca\/wp-content\/uploads\/2023\/01\/og-image.jpg","contentUrl":"https:\/\/staging.belleflamme.ca\/wp-content\/uploads\/2023\/01\/og-image.jpg","width":1200,"height":630,"caption":"Groupe Belleflamme"},"image":{"@id":"https:\/\/www.belleflamme.ca\/fr\/#\/schema\/logo\/image\/"},"sameAs":["https:\/\/www.facebook.com\/belleflamme.ca\/","https:\/\/www.linkedin.com\/company\/belleflamme\/","https:\/\/www.pinterest.ca\/groupebelleflamme\/","https:\/\/www.instagram.com\/legroupebelleflamme\/"],"mainEntityOfPage":{"@id":"https:\/\/staging.belleflamme.ca\/fr\/produit\/foyer-electrique-astound-flexmount-de-napoleon\/"}}]},"product_brand":"Foyers Napoleon","og_availability":"instock","product_availability":"instock","product_condition":"new"},"_links":{"self":[{"href":"https:\/\/staging.belleflamme.ca\/fr\/wp-json\/wp\/v2\/product\/44046","targetHints":{"allow":["GET"]}}],"collection":[{"href":"https:\/\/staging.belleflamme.ca\/fr\/wp-json\/wp\/v2\/product"}],"about":[{"href":"https:\/\/staging.belleflamme.ca\/fr\/wp-json\/wp\/v2\/types\/product"}],"version-history":[{"count":5,"href":"https:\/\/staging.belleflamme.ca\/fr\/wp-json\/wp\/v2\/product\/44046\/revisions"}],"predecessor-version":[{"id":44060,"href":"https:\/\/staging.belleflamme.ca\/fr\/wp-json\/wp\/v2\/product\/44046\/revisions\/44060"}],"wp:featuredmedia":[{"embeddable":true,"href":"https:\/\/staging.belleflamme.ca\/fr\/wp-json\/wp\/v2\/media\/44047"}],"wp:attachment":[{"href":"https:\/\/staging.belleflamme.ca\/fr\/wp-json\/wp\/v2\/media?parent=44046"}],"wp:term":[{"taxonomy":"product_brand","embeddable":true,"href":"https:\/\/staging.belleflamme.ca\/fr\/wp-json\/wp\/v2\/product_brand?post=44046"},{"taxonomy":"product_cat","embeddable":true,"href":"https:\/\/staging.belleflamme.ca\/fr\/wp-json\/wp\/v2\/product_cat?post=44046"},{"taxonomy":"product_tag","embeddable":true,"href":"https:\/\/staging.belleflamme.ca\/fr\/wp-json\/wp\/v2\/product_tag?post=44046"}],"curies":[{"name":"wp","href":"https:\/\/api.w.org\/{rel}","templated":true}]}}