{"id":43781,"date":"2024-11-20T14:56:27","date_gmt":"2024-11-20T19:56:27","guid":{"rendered":"https:\/\/www.belleflamme.ca\/?post_type=product&#038;p=43781"},"modified":"2024-11-21T10:37:59","modified_gmt":"2024-11-21T15:37:59","slug":"foyer-au-bois-astra-18-traditionnel-de-supreme","status":"publish","type":"product","link":"https:\/\/staging.belleflamme.ca\/fr\/produit\/foyer-au-bois-astra-18-traditionnel-de-supreme\/","title":{"rendered":"Foyer au bois ASTRA 18 de Supreme"},"content":{"rendered":"\t\t<div data-elementor-type=\"product-post\" data-elementor-id=\"43781\" class=\"elementor elementor-43781\" data-elementor-post-type=\"product\">\n\t\t\t\t\t\t<section class=\"elementor-section elementor-top-section elementor-element elementor-element-5c5a1550 elementor-section-boxed elementor-section-height-default elementor-section-height-default\" data-id=\"5c5a1550\" data-element_type=\"section\">\n\t\t\t\t\t\t<div class=\"elementor-container elementor-column-gap-default\">\n\t\t\t\t\t<div class=\"elementor-column elementor-col-100 elementor-top-column elementor-element elementor-element-3da33ddb\" data-id=\"3da33ddb\" data-element_type=\"column\">\n\t\t\t<div class=\"elementor-widget-wrap elementor-element-populated\">\n\t\t\t\t\t\t<div class=\"elementor-element elementor-element-462b90a0 elementor-widget elementor-widget-text-editor\" data-id=\"462b90a0\" data-element_type=\"widget\" data-widget_type=\"text-editor.default\">\n\t\t\t\t<div class=\"elementor-widget-container\">\n\t\t\t\t\t\t\t\t\t<p>\u00a0<\/p><p><iframe title=\"YouTube video player\" src=\"https:\/\/www.youtube.com\/embed\/UwLNHEAXRjk?si=ROJK4RGIIsAiPhw7\" width=\"560\" height=\"315\" frameborder=\"0\" allowfullscreen=\"allowfullscreen\"><\/iframe><\/p><h4>Foyer \u00e0 haute efficacit\u00e9\u00a0<\/h4><div><strong>2 Mod\u00e8les disponible version Traditionnel et Contemporain<\/strong><\/div><p>Le foyer compacte Astra 18 est con\u00e7u pour s&#8217;int\u00e9grer parfaitement \u00e0 n&#8217;importe quel espace, il impressionne par son \u00e9l\u00e9gance. Malgr\u00e9 sa faible profondeur et son \u00e9troite largeur, il peut accueillir des b\u00fbches de 18 pouces et chauffer efficacement des espaces allant jusqu&#8217;\u00e0 1 500 pi2. Cet appareil de chauffage au bois \u00e0 haut rendement est \u00e9galement une solution id\u00e9ale pour les installations en coin et de remplacement dans les maisons \u00e0 faible encombrement. Avec sa finition de style classique ou transitionnel, ce bijou ne manquera pas d&#8217;apporter harmonie, chaleur et confort chez-vous. Il vous r\u00e9jouira gr\u00e2ce \u00e0 sa polyvalence en cr\u00e9ant une ambiance parfaite.<\/p><div><div><h3>SP\u00c9CIFICATIONS TECHNIQUES VERSION TRADITIONNEL<\/h3><\/div><\/div><div><div><table><tbody><tr><td><b>Superficie chauff\u00e9e:<\/b><\/td><td>500 \u00e0 1 500 pieds carr\u00e9s<\/td><\/tr><tr><td><b>Puissance calorifique totale:<\/b><\/td><td>60 000 BTUs<\/td><\/tr><tr><td><b>Dur\u00e9e de combustion:<\/b><\/td><td>4 \u00e0 8 heures<\/td><\/tr><tr><td><b>Grandeur de la chambre \u00e0 combustion:<\/b><\/td><td>1,79 pieds cubes<\/td><\/tr><tr><td><b>Chemin\u00e9e:<\/b><\/td><td>6 pouces (veuillez vous r\u00e9f\u00e9rer au manuel d\u2019utilisation pour la liste compl\u00e8te)<\/td><\/tr><tr><td><b>Longueur des b\u00fbches:<\/b><\/td><td>Maximum: 18&#8243; Recommand\u00e9e: 16&#8243;<\/td><\/tr><tr><td><b>\u00c9missions:<\/b><\/td><td>1,2 g\/h<\/td><\/tr><tr><td><b>Dimensions de la vitre:<\/b><\/td><td>17 \u00bc\u201d x 12\u201d<\/td><\/tr><\/tbody><\/table><\/div><div><div><div class=\"row\"><div class=\"col-lg-12 techspec_title\"><h3 class=\"orange\">SP\u00c9CIFICATIONS TECHNIQUES VERSION CONTEMPORAINE<\/h3><\/div><\/div><div class=\"row\"><div class=\"col-lg-12\"><table class=\"table-specifications\"><tbody><tr><td><b>Superficie chauff\u00e9e:<\/b><\/td><td>500 \u00e0 1 500 pieds carr\u00e9s<\/td><\/tr><tr><td><b>Puissance calorifique totale:<\/b><\/td><td>60 000 BTUs<\/td><\/tr><tr><td><b>Dur\u00e9e de combustion:<\/b><\/td><td>4 \u00e0 8 heures<\/td><\/tr><tr><td><b>Grandeur de la chambre \u00e0 combustion:<\/b><\/td><td>2,4 cpieds cubes<\/td><\/tr><tr><td><b>Chemin\u00e9e:<\/b><\/td><td>6 pouces (veuillez vous r\u00e9f\u00e9rer au manuel d\u2019utilisation pour la liste compl\u00e8te)<\/td><\/tr><tr><td><b>Longueur des b\u00fbches:<\/b><\/td><td>Maximum: 18&#8243; Recommand\u00e9e: 16&#8243;<\/td><\/tr><tr><td><b>\u00c9missions:<\/b><\/td><td>1,2 g\/h<\/td><\/tr><tr><td><b>Dimensions de la vitre:<\/b><\/td><td>17 \u00bc\u201d x 12\u201d<\/td><\/tr><\/tbody><\/table><\/div><\/div><\/div><h3>\u00a0<\/h3><h3>DIMENSIONS VERSION TRADITIONNEL<\/h3><\/div><p><img fetchpriority=\"high\" decoding=\"async\" src=\"https:\/\/www.supremem.com\/images\/dimensions\/Astra%2018%20dimensions\/Astra_18TD_FR_dimensions.png\" alt=\"\" width=\"1500\" height=\"950\" \/><\/p><div class=\"col-lg-12 techspec_title\"><h3 class=\"orange\">DIMENSIONS VERSION CONTEMPORAINE\u00a0<\/h3><\/div><p><img decoding=\"async\" class=\"img-responsive center-block\" src=\"https:\/\/www.supremem.com\/images\/dimensions\/Astra%2018%20dimensions\/Astra_18CF_FR_dimensions.png\" alt=\"\" width=\"1500\" height=\"950\" \/><\/p><p>\u00a0<\/p><\/div>\t\t\t\t\t\t\t\t<\/div>\n\t\t\t\t<\/div>\n\t\t\t\t\t<\/div>\n\t\t<\/div>\n\t\t\t\t\t<\/div>\n\t\t<\/section>\n\t\t\t\t<section class=\"elementor-section elementor-top-section elementor-element elementor-element-d4dfa7a elementor-section-boxed elementor-section-height-default elementor-section-height-default\" data-id=\"d4dfa7a\" data-element_type=\"section\">\n\t\t\t\t\t\t<div class=\"elementor-container elementor-column-gap-default\">\n\t\t\t\t\t<div class=\"elementor-column elementor-col-100 elementor-top-column elementor-element elementor-element-39b67d8\" data-id=\"39b67d8\" data-element_type=\"column\">\n\t\t\t<div class=\"elementor-widget-wrap elementor-element-populated\">\n\t\t\t\t\t\t<div class=\"elementor-element elementor-element-996b46b elementor-tabs-view-horizontal elementor-widget elementor-widget-tabs\" data-id=\"996b46b\" data-element_type=\"widget\" data-widget_type=\"tabs.default\">\n\t\t\t\t<div class=\"elementor-widget-container\">\n\t\t\t\t\t\t\t<div class=\"elementor-tabs\">\n\t\t\t<div class=\"elementor-tabs-wrapper\" role=\"tablist\" >\n\t\t\t\t\t\t\t\t\t<div id=\"elementor-tab-title-1601\" class=\"elementor-tab-title elementor-tab-desktop-title\" aria-selected=\"true\" data-tab=\"1\" role=\"tab\" tabindex=\"0\" aria-controls=\"elementor-tab-content-1601\" aria-expanded=\"false\">Fichiers<\/div>\n\t\t\t\t\t\t\t<\/div>\n\t\t\t<div class=\"elementor-tabs-content-wrapper\" role=\"tablist\" aria-orientation=\"vertical\">\n\t\t\t\t\t\t\t\t\t<div class=\"elementor-tab-title elementor-tab-mobile-title\" aria-selected=\"true\" data-tab=\"1\" role=\"tab\" tabindex=\"0\" aria-controls=\"elementor-tab-content-1601\" aria-expanded=\"false\">Fichiers<\/div>\n\t\t\t\t\t<div id=\"elementor-tab-content-1601\" class=\"elementor-tab-content elementor-clearfix\" data-tab=\"1\" role=\"tabpanel\" aria-labelledby=\"elementor-tab-title-1601\" tabindex=\"0\" hidden=\"false\"><i class=\"far fa-file-pdf fa-xl\" style=\"font-size:35px\"><\/i><a href=\"https:\/\/www.belleflamme.ca\/wp-content\/uploads\/2024\/11\/Astra_18_brochure_FR.pdf\"> Brochure<\/a><\/br>\n<i class=\"far fa-file-pdf fa-xl\" style=\"font-size:35px\"><\/i><a href=\"https:\/\/www.belleflamme.ca\/wp-content\/uploads\/2024\/11\/18SFC_FR_OM_FEB24.pdf\"> Manuel<\/a><\/br><\/div>\n\t\t\t\t\t\t\t<\/div>\n\t\t<\/div>\n\t\t\t\t\t\t<\/div>\n\t\t\t\t<\/div>\n\t\t\t\t\t<\/div>\n\t\t<\/div>\n\t\t\t\t\t<\/div>\n\t\t<\/section>\n\t\t\t\t<\/div>\n\t\t","protected":false},"excerpt":{"rendered":"<p>Foyer \u00e0 haute efficacit\u00e9 2 Mod\u00e8les disponible version Traditionnel et Contemporain Le foyer compacte Astra 18 est con\u00e7u pour s&#8217;int\u00e9grer parfaitement \u00e0 n&#8217;importe quel espace, il impressionne par son \u00e9l\u00e9gance. Malgr\u00e9 sa faible profondeur et son \u00e9troite largeur, il peut accueillir des b\u00fbches de 18 pouces et chauffer efficacement des espaces allant jusqu&#8217;\u00e0 1 500 [&hellip;]<\/p>\n","protected":false},"featured_media":43786,"template":"","meta":{"inline_featured_image":false},"product_brand":[224],"product_cat":[33,34,40],"product_tag":[],"class_list":{"0":"post-43781","1":"product","2":"type-product","3":"status-publish","4":"has-post-thumbnail","6":"product_brand-supreme","7":"product_cat-poeles-et-foyers","8":"product_cat-poeles-et-foyers-au-bois","9":"product_cat-foyer-au-bois","11":"first","12":"instock","13":"taxable","14":"shipping-taxable","15":"purchasable","16":"product-type-simple"},"yoast_head":"<!-- This site is optimized with the Yoast SEO Premium plugin v24.2 (Yoast SEO v24.2) - https:\/\/yoast.com\/wordpress\/plugins\/seo\/ -->\n<title>Foyer au bois ASTRA 18 de Supreme - Groupe BelleFlamme<\/title>\n<meta name=\"description\" content=\"Foyer au bois ASTRA 18 Traditionnel de Supreme vendu et install\u00e9 par le Groupe Belleflamme. Laval, Montr\u00e9al, Gatineau et Saint-Sauveur.\" \/>\n<meta name=\"robots\" content=\"index, follow, max-snippet:-1, max-image-preview:large, max-video-preview:-1\" \/>\n<link rel=\"canonical\" href=\"https:\/\/staging.belleflamme.ca\/fr\/produit\/foyer-au-bois-astra-18-traditionnel-de-supreme\/\" \/>\n<meta property=\"og:locale\" content=\"fr_FR\" \/>\n<meta property=\"og:type\" content=\"article\" \/>\n<meta property=\"og:title\" content=\"Foyer au bois ASTRA 18 de Supreme\" \/>\n<meta property=\"og:description\" content=\"Foyer au bois ASTRA 18 Traditionnel de Supreme vendu et install\u00e9 par le Groupe Belleflamme. Laval, Montr\u00e9al, Gatineau et Saint-Sauveur.\" \/>\n<meta property=\"og:url\" content=\"https:\/\/staging.belleflamme.ca\/fr\/produit\/foyer-au-bois-astra-18-traditionnel-de-supreme\/\" \/>\n<meta property=\"og:site_name\" content=\"Groupe BelleFlamme\" \/>\n<meta property=\"article:publisher\" content=\"https:\/\/www.facebook.com\/belleflamme.ca\/\" \/>\n<meta property=\"article:modified_time\" content=\"2024-11-21T15:37:59+00:00\" \/>\n<meta property=\"og:image\" content=\"https:\/\/www.belleflamme.ca\/wp-content\/uploads\/2024\/11\/Foyer-au-bois-ASTRA-18-Traditionnel-de-Supreme-scaled.jpg\" \/>\n\t<meta property=\"og:image:width\" content=\"2560\" \/>\n\t<meta property=\"og:image:height\" content=\"1440\" \/>\n\t<meta property=\"og:image:type\" content=\"image\/jpeg\" \/>\n<meta name=\"twitter:card\" content=\"summary_large_image\" \/>\n<meta name=\"twitter:label1\" content=\"Prix\" \/>\n\t<meta name=\"twitter:data1\" content=\"&#036;3,850.00\" \/>\n\t<meta name=\"twitter:label2\" content=\"Disponibilit\u00e9\" \/>\n\t<meta name=\"twitter:data2\" content=\"En stock\" \/>\n<script type=\"application\/ld+json\" class=\"yoast-schema-graph\">{\"@context\":\"https:\/\/schema.org\",\"@graph\":[{\"@type\":[\"WebPage\",\"ItemPage\"],\"@id\":\"https:\/\/staging.belleflamme.ca\/fr\/produit\/foyer-au-bois-astra-18-traditionnel-de-supreme\/\",\"url\":\"https:\/\/staging.belleflamme.ca\/fr\/produit\/foyer-au-bois-astra-18-traditionnel-de-supreme\/\",\"name\":\"Foyer au bois ASTRA 18 de Supreme - Groupe BelleFlamme\",\"isPartOf\":{\"@id\":\"https:\/\/www.belleflamme.ca\/fr\/#website\"},\"primaryImageOfPage\":{\"@id\":\"https:\/\/staging.belleflamme.ca\/fr\/produit\/foyer-au-bois-astra-18-traditionnel-de-supreme\/#primaryimage\"},\"image\":{\"@id\":\"https:\/\/staging.belleflamme.ca\/fr\/produit\/foyer-au-bois-astra-18-traditionnel-de-supreme\/#primaryimage\"},\"thumbnailUrl\":\"https:\/\/staging.belleflamme.ca\/wp-content\/uploads\/2024\/11\/Foyer-au-bois-ASTRA-18-Traditionnel-de-Supreme-scaled.jpg\",\"datePublished\":\"2024-11-20T19:56:27+00:00\",\"dateModified\":\"2024-11-21T15:37:59+00:00\",\"description\":\"Foyer au bois ASTRA 18 Traditionnel de Supreme vendu et install\u00e9 par le Groupe Belleflamme. Laval, Montr\u00e9al, Gatineau et Saint-Sauveur.\",\"breadcrumb\":{\"@id\":\"https:\/\/staging.belleflamme.ca\/fr\/produit\/foyer-au-bois-astra-18-traditionnel-de-supreme\/#breadcrumb\"},\"inLanguage\":\"fr-FR\",\"potentialAction\":[{\"@type\":\"ReadAction\",\"target\":[\"https:\/\/staging.belleflamme.ca\/fr\/produit\/foyer-au-bois-astra-18-traditionnel-de-supreme\/\"]}]},{\"@type\":\"ImageObject\",\"inLanguage\":\"fr-FR\",\"@id\":\"https:\/\/staging.belleflamme.ca\/fr\/produit\/foyer-au-bois-astra-18-traditionnel-de-supreme\/#primaryimage\",\"url\":\"https:\/\/staging.belleflamme.ca\/wp-content\/uploads\/2024\/11\/Foyer-au-bois-ASTRA-18-Traditionnel-de-Supreme-scaled.jpg\",\"contentUrl\":\"https:\/\/staging.belleflamme.ca\/wp-content\/uploads\/2024\/11\/Foyer-au-bois-ASTRA-18-Traditionnel-de-Supreme-scaled.jpg\",\"width\":2560,\"height\":1440,\"caption\":\"Foyer au bois ASTRA 18 Traditionnel de Supreme\"},{\"@type\":\"BreadcrumbList\",\"@id\":\"https:\/\/staging.belleflamme.ca\/fr\/produit\/foyer-au-bois-astra-18-traditionnel-de-supreme\/#breadcrumb\",\"itemListElement\":[{\"@type\":\"ListItem\",\"position\":1,\"name\":\"Accueil\",\"item\":\"https:\/\/www.belleflamme.ca\/fr\/\"},{\"@type\":\"ListItem\",\"position\":2,\"name\":\"Boutique\",\"item\":\"https:\/\/www.belleflamme.ca\/fr\/boutique\/\"},{\"@type\":\"ListItem\",\"position\":3,\"name\":\"Po\u00eales &amp; Foyers\",\"item\":\"https:\/\/staging.belleflamme.ca\/fr\/categories\/poeles-et-foyers\/\"},{\"@type\":\"ListItem\",\"position\":4,\"name\":\"Po\u00eales &amp; Foyers au Bois\",\"item\":\"https:\/\/staging.belleflamme.ca\/fr\/categories\/poeles-et-foyers\/poeles-et-foyers-au-bois\/\"},{\"@type\":\"ListItem\",\"position\":5,\"name\":\"Foyer au Bois\",\"item\":\"https:\/\/staging.belleflamme.ca\/fr\/categories\/poeles-et-foyers\/poeles-et-foyers-au-bois\/foyer-au-bois\/\"},{\"@type\":\"ListItem\",\"position\":6,\"name\":\"Foyer au bois ASTRA 18 de Supreme\"}]},{\"@type\":\"WebSite\",\"@id\":\"https:\/\/www.belleflamme.ca\/fr\/#website\",\"url\":\"https:\/\/www.belleflamme.ca\/fr\/\",\"name\":\"Groupe Belleflamme\",\"description\":\"La m\u00e9canique du b\u00e2timent dans le sang.\",\"publisher\":{\"@id\":\"https:\/\/www.belleflamme.ca\/fr\/#organization\"},\"potentialAction\":[{\"@type\":\"SearchAction\",\"target\":{\"@type\":\"EntryPoint\",\"urlTemplate\":\"https:\/\/www.belleflamme.ca\/fr\/?s={search_term_string}\"},\"query-input\":{\"@type\":\"PropertyValueSpecification\",\"valueRequired\":true,\"valueName\":\"search_term_string\"}}],\"inLanguage\":\"fr-FR\"},{\"@type\":[\"Organization\",\"Place\"],\"@id\":\"https:\/\/www.belleflamme.ca\/fr\/#organization\",\"name\":\"Groupe Belleflamme\",\"alternateName\":\"Belleflamme\",\"url\":\"https:\/\/www.belleflamme.ca\/fr\/\",\"logo\":{\"@type\":\"ImageObject\",\"inLanguage\":\"fr-FR\",\"@id\":\"https:\/\/www.belleflamme.ca\/fr\/#\/schema\/logo\/image\/\",\"url\":\"https:\/\/staging.belleflamme.ca\/wp-content\/uploads\/2023\/01\/og-image.jpg\",\"contentUrl\":\"https:\/\/staging.belleflamme.ca\/wp-content\/uploads\/2023\/01\/og-image.jpg\",\"width\":1200,\"height\":630,\"caption\":\"Groupe Belleflamme\"},\"image\":{\"@id\":\"https:\/\/www.belleflamme.ca\/fr\/#\/schema\/logo\/image\/\"},\"sameAs\":[\"https:\/\/www.facebook.com\/belleflamme.ca\/\",\"https:\/\/www.linkedin.com\/company\/belleflamme\/\",\"https:\/\/www.pinterest.ca\/groupebelleflamme\/\",\"https:\/\/www.instagram.com\/legroupebelleflamme\/\"],\"mainEntityOfPage\":{\"@id\":\"https:\/\/staging.belleflamme.ca\/fr\/produit\/foyer-au-bois-astra-18-traditionnel-de-supreme\/\"}}]}<\/script>\n<meta property=\"product:brand\" content=\"Supreme\" \/>\n<meta property=\"product:price:amount\" content=\"3850.00\" \/>\n<meta property=\"product:price:currency\" content=\"CAD\" \/>\n<meta property=\"og:availability\" content=\"instock\" \/>\n<meta property=\"product:availability\" content=\"instock\" \/>\n<meta property=\"product:retailer_item_id\" content=\"18AT-01\" \/>\n<meta property=\"product:condition\" content=\"new\" \/>\n<!-- \/ Yoast SEO Premium plugin. -->","yoast_head_json":{"title":"Foyer au bois ASTRA 18 de Supreme - Groupe BelleFlamme","description":"Foyer au bois ASTRA 18 Traditionnel de Supreme vendu et install\u00e9 par le Groupe Belleflamme. Laval, Montr\u00e9al, Gatineau et Saint-Sauveur.","robots":{"index":"index","follow":"follow","max-snippet":"max-snippet:-1","max-image-preview":"max-image-preview:large","max-video-preview":"max-video-preview:-1"},"canonical":"https:\/\/staging.belleflamme.ca\/fr\/produit\/foyer-au-bois-astra-18-traditionnel-de-supreme\/","og_locale":"fr_FR","og_type":"article","og_title":"Foyer au bois ASTRA 18 de Supreme","og_description":"Foyer au bois ASTRA 18 Traditionnel de Supreme vendu et install\u00e9 par le Groupe Belleflamme. Laval, Montr\u00e9al, Gatineau et Saint-Sauveur.","og_url":"https:\/\/staging.belleflamme.ca\/fr\/produit\/foyer-au-bois-astra-18-traditionnel-de-supreme\/","og_site_name":"Groupe BelleFlamme","article_publisher":"https:\/\/www.facebook.com\/belleflamme.ca\/","article_modified_time":"2024-11-21T15:37:59+00:00","og_image":[{"width":2560,"height":1440,"url":"https:\/\/www.belleflamme.ca\/wp-content\/uploads\/2024\/11\/Foyer-au-bois-ASTRA-18-Traditionnel-de-Supreme-scaled.jpg","type":"image\/jpeg"}],"twitter_card":"summary_large_image","twitter_misc":{"Prix":"&#36;3,850.00","Disponibilit\u00e9":"En stock"},"schema":{"@context":"https:\/\/schema.org","@graph":[{"@type":["WebPage","ItemPage"],"@id":"https:\/\/staging.belleflamme.ca\/fr\/produit\/foyer-au-bois-astra-18-traditionnel-de-supreme\/","url":"https:\/\/staging.belleflamme.ca\/fr\/produit\/foyer-au-bois-astra-18-traditionnel-de-supreme\/","name":"Foyer au bois ASTRA 18 de Supreme - Groupe BelleFlamme","isPartOf":{"@id":"https:\/\/www.belleflamme.ca\/fr\/#website"},"primaryImageOfPage":{"@id":"https:\/\/staging.belleflamme.ca\/fr\/produit\/foyer-au-bois-astra-18-traditionnel-de-supreme\/#primaryimage"},"image":{"@id":"https:\/\/staging.belleflamme.ca\/fr\/produit\/foyer-au-bois-astra-18-traditionnel-de-supreme\/#primaryimage"},"thumbnailUrl":"https:\/\/staging.belleflamme.ca\/wp-content\/uploads\/2024\/11\/Foyer-au-bois-ASTRA-18-Traditionnel-de-Supreme-scaled.jpg","datePublished":"2024-11-20T19:56:27+00:00","dateModified":"2024-11-21T15:37:59+00:00","description":"Foyer au bois ASTRA 18 Traditionnel de Supreme vendu et install\u00e9 par le Groupe Belleflamme. Laval, Montr\u00e9al, Gatineau et Saint-Sauveur.","breadcrumb":{"@id":"https:\/\/staging.belleflamme.ca\/fr\/produit\/foyer-au-bois-astra-18-traditionnel-de-supreme\/#breadcrumb"},"inLanguage":"fr-FR","potentialAction":[{"@type":"ReadAction","target":["https:\/\/staging.belleflamme.ca\/fr\/produit\/foyer-au-bois-astra-18-traditionnel-de-supreme\/"]}]},{"@type":"ImageObject","inLanguage":"fr-FR","@id":"https:\/\/staging.belleflamme.ca\/fr\/produit\/foyer-au-bois-astra-18-traditionnel-de-supreme\/#primaryimage","url":"https:\/\/staging.belleflamme.ca\/wp-content\/uploads\/2024\/11\/Foyer-au-bois-ASTRA-18-Traditionnel-de-Supreme-scaled.jpg","contentUrl":"https:\/\/staging.belleflamme.ca\/wp-content\/uploads\/2024\/11\/Foyer-au-bois-ASTRA-18-Traditionnel-de-Supreme-scaled.jpg","width":2560,"height":1440,"caption":"Foyer au bois ASTRA 18 Traditionnel de Supreme"},{"@type":"BreadcrumbList","@id":"https:\/\/staging.belleflamme.ca\/fr\/produit\/foyer-au-bois-astra-18-traditionnel-de-supreme\/#breadcrumb","itemListElement":[{"@type":"ListItem","position":1,"name":"Accueil","item":"https:\/\/www.belleflamme.ca\/fr\/"},{"@type":"ListItem","position":2,"name":"Boutique","item":"https:\/\/www.belleflamme.ca\/fr\/boutique\/"},{"@type":"ListItem","position":3,"name":"Po\u00eales &amp; Foyers","item":"https:\/\/staging.belleflamme.ca\/fr\/categories\/poeles-et-foyers\/"},{"@type":"ListItem","position":4,"name":"Po\u00eales &amp; Foyers au Bois","item":"https:\/\/staging.belleflamme.ca\/fr\/categories\/poeles-et-foyers\/poeles-et-foyers-au-bois\/"},{"@type":"ListItem","position":5,"name":"Foyer au Bois","item":"https:\/\/staging.belleflamme.ca\/fr\/categories\/poeles-et-foyers\/poeles-et-foyers-au-bois\/foyer-au-bois\/"},{"@type":"ListItem","position":6,"name":"Foyer au bois ASTRA 18 de Supreme"}]},{"@type":"WebSite","@id":"https:\/\/www.belleflamme.ca\/fr\/#website","url":"https:\/\/www.belleflamme.ca\/fr\/","name":"Groupe Belleflamme","description":"La m\u00e9canique du b\u00e2timent dans le sang.","publisher":{"@id":"https:\/\/www.belleflamme.ca\/fr\/#organization"},"potentialAction":[{"@type":"SearchAction","target":{"@type":"EntryPoint","urlTemplate":"https:\/\/www.belleflamme.ca\/fr\/?s={search_term_string}"},"query-input":{"@type":"PropertyValueSpecification","valueRequired":true,"valueName":"search_term_string"}}],"inLanguage":"fr-FR"},{"@type":["Organization","Place"],"@id":"https:\/\/www.belleflamme.ca\/fr\/#organization","name":"Groupe Belleflamme","alternateName":"Belleflamme","url":"https:\/\/www.belleflamme.ca\/fr\/","logo":{"@type":"ImageObject","inLanguage":"fr-FR","@id":"https:\/\/www.belleflamme.ca\/fr\/#\/schema\/logo\/image\/","url":"https:\/\/staging.belleflamme.ca\/wp-content\/uploads\/2023\/01\/og-image.jpg","contentUrl":"https:\/\/staging.belleflamme.ca\/wp-content\/uploads\/2023\/01\/og-image.jpg","width":1200,"height":630,"caption":"Groupe Belleflamme"},"image":{"@id":"https:\/\/www.belleflamme.ca\/fr\/#\/schema\/logo\/image\/"},"sameAs":["https:\/\/www.facebook.com\/belleflamme.ca\/","https:\/\/www.linkedin.com\/company\/belleflamme\/","https:\/\/www.pinterest.ca\/groupebelleflamme\/","https:\/\/www.instagram.com\/legroupebelleflamme\/"],"mainEntityOfPage":{"@id":"https:\/\/staging.belleflamme.ca\/fr\/produit\/foyer-au-bois-astra-18-traditionnel-de-supreme\/"}}]},"product_brand":"Supreme","product_price_amount":"3850.00","product_price_currency":"CAD","og_availability":"instock","product_availability":"instock","product_retailer_item_id":"18AT-01","product_condition":"new"},"_links":{"self":[{"href":"https:\/\/staging.belleflamme.ca\/fr\/wp-json\/wp\/v2\/product\/43781","targetHints":{"allow":["GET"]}}],"collection":[{"href":"https:\/\/staging.belleflamme.ca\/fr\/wp-json\/wp\/v2\/product"}],"about":[{"href":"https:\/\/staging.belleflamme.ca\/fr\/wp-json\/wp\/v2\/types\/product"}],"version-history":[{"count":21,"href":"https:\/\/staging.belleflamme.ca\/fr\/wp-json\/wp\/v2\/product\/43781\/revisions"}],"predecessor-version":[{"id":43815,"href":"https:\/\/staging.belleflamme.ca\/fr\/wp-json\/wp\/v2\/product\/43781\/revisions\/43815"}],"wp:featuredmedia":[{"embeddable":true,"href":"https:\/\/staging.belleflamme.ca\/fr\/wp-json\/wp\/v2\/media\/43786"}],"wp:attachment":[{"href":"https:\/\/staging.belleflamme.ca\/fr\/wp-json\/wp\/v2\/media?parent=43781"}],"wp:term":[{"taxonomy":"product_brand","embeddable":true,"href":"https:\/\/staging.belleflamme.ca\/fr\/wp-json\/wp\/v2\/product_brand?post=43781"},{"taxonomy":"product_cat","embeddable":true,"href":"https:\/\/staging.belleflamme.ca\/fr\/wp-json\/wp\/v2\/product_cat?post=43781"},{"taxonomy":"product_tag","embeddable":true,"href":"https:\/\/staging.belleflamme.ca\/fr\/wp-json\/wp\/v2\/product_tag?post=43781"}],"curies":[{"name":"wp","href":"https:\/\/api.w.org\/{rel}","templated":true}]}}