{"id":43507,"date":"2024-10-17T12:54:46","date_gmt":"2024-10-17T16:54:46","guid":{"rendered":"https:\/\/www.belleflamme.ca\/?post_type=product&#038;p=43507"},"modified":"2025-04-03T12:26:49","modified_gmt":"2025-04-03T16:26:49","slug":"foyer-au-gaz-serie-tall-linear-vector-avec-buches-lumineuses-de-napoleon","status":"publish","type":"product","link":"https:\/\/staging.belleflamme.ca\/fr\/produit\/foyer-au-gaz-serie-tall-linear-vector-avec-buches-lumineuses-de-napoleon\/","title":{"rendered":"Foyer au Gaz Serie Tall Linear Vector avec b\u00fbches lumineuses de Napoleon"},"content":{"rendered":"\t\t<div data-elementor-type=\"product-post\" data-elementor-id=\"43507\" class=\"elementor elementor-43507\" data-elementor-post-type=\"product\">\n\t\t\t\t\t\t<section class=\"elementor-section elementor-top-section elementor-element elementor-element-59042cb1 elementor-section-boxed elementor-section-height-default elementor-section-height-default\" data-id=\"59042cb1\" data-element_type=\"section\">\n\t\t\t\t\t\t<div class=\"elementor-container elementor-column-gap-default\">\n\t\t\t\t\t<div class=\"elementor-column elementor-col-100 elementor-top-column elementor-element elementor-element-66bd09a1\" data-id=\"66bd09a1\" data-element_type=\"column\">\n\t\t\t<div class=\"elementor-widget-wrap elementor-element-populated\">\n\t\t\t\t\t\t<div class=\"elementor-element elementor-element-63e9b909 elementor-widget elementor-widget-text-editor\" data-id=\"63e9b909\" data-element_type=\"widget\" data-widget_type=\"text-editor.default\">\n\t\t\t\t<div class=\"elementor-widget-container\">\n\t\t\t\t\t\t\t\t\t<p><iframe title=\"YouTube video player\" src=\"https:\/\/www.youtube.com\/embed\/WfKYCqwG76E?si=8JHBWisL8QYkZmv8\" width=\"560\" height=\"315\" frameborder=\"0\" allowfullscreen=\"allowfullscreen\"><\/iframe>D\u00e9couvrez le foyer au gaz Tall Vector\u1d39\u1d30 lin\u00e9aire 50 avec b\u00fbches lumineuses o\u00f9 les flammes \u00e9mergent directement des b\u00fbches pour vous offrir un effet r\u00e9aliste in\u00e9gal\u00e9. Ce foyer contemporain binaire peut \u00eatre admir\u00e9 \u00e0 partir de deux pi\u00e8ces et utilis\u00e9 en toute saison gr\u00e2ce \u00e0 son d\u00e9bit de chaleur variable qui r\u00e9duit votre consommation annuelle de gaz. Rehaussez le style de votre foyer avec l&#8217;ensemble exclusif de b\u00fbches Woodland qui comprend des \u00e9clats de bois, des roches, du charbon, du verre et de la vermiculite. La technologie de b\u00fbches lumineuses cr\u00e9e un effet r\u00e9aliste qui ressemble \u00e0 un feu de bois traditionnel. Le lit de braises \u00e0 modulation produit un effet incandescent sans pour autant diminuer le rendement de votre foyer, et ce, plus magnifiquement que n&#8217;importe quel autre foyer de l&#8217;industrie. Installez facilement le Tall Vector\u1d39\u1d30 avec b\u00fbches lumineuses de mani\u00e8re fluide gr\u00e2ce \u00e0 sa conception sans cadre, ou jumelez-le avec une magnifique moulure de finition pour un aspect plus traditionnel. Profitez de la chaleur l\u00e0 o\u00f9 vous en avez besoin en optimisant sa distribution, sans avoir besoin de soufflerie ou de terminaison \u00e0 \u00e9vacuation m\u00e9canique. Optez pour les syst\u00e8mes de gestion de chaleur optionnels qui r\u00e9duisent les d\u00e9gagements aux appareils \u00e9lectroniques tout en fournissant de la chaleur \u00e0 d&#8217;autres pi\u00e8ces.<\/p><h4 class=\"title hide-item-on-mobile\">Caract\u00e9ristiques<\/h4><div class=\"inner-wrapper open\" data-max-height=\"360px\" data-fade=\"true\" data-height=\"377px\"><div class=\"clearfix text-formatted field field--name-field-summary-features field--type-text field--label-hidden field__items\"><ul><li class=\"field__item\">Jusqu&#8217;\u00e0 36 000 BTU<\/li><li class=\"field__item\">La combustion \u00e0 feu \u00e9lev\u00e9\/bas r\u00e9duit la consommation de gaz<\/li><li class=\"field__item\">Comprend un ensemble de b\u00fbches Woodland avec des \u00e9clats de bois, des roches, du charbon, du verre et de la vermiculite<\/li><li class=\"field__item\">Choix de b\u00fbches de ch\u00eane ou de bois flott\u00e9 dot\u00e9es d&#8217;une technologie de b\u00fbches lumineuses<\/li><li class=\"field__item\">Les flammes dansent et vacillent comme un feu de bois traditionnel<\/li><li class=\"field__item\">\u00c9clairage sup\u00e9rieur<\/li><li class=\"field__item\">T\u00e9l\u00e9commande incluse ou utilisation de l&#8217;application eFIRE<\/li><li class=\"field__item\">Possibilit\u00e9s d&#8217;installation sans cadre ou avec la moulure de finition \u00e0 quatre c\u00f4t\u00e9s optionnelle<\/li><li class=\"field__item\">Gestion optimale de la chaleur (syst\u00e8mes DHC &amp; DHM)<\/li><li class=\"field__item\">Id\u00e9al pour les projets r\u00e9sidentiels et commerciaux<\/li><\/ul><\/div><\/div><h3>\u00a0<\/h3><div><div><div>\u00a0<\/div><\/div><\/div>\t\t\t\t\t\t\t\t<\/div>\n\t\t\t\t<\/div>\n\t\t\t\t\t<\/div>\n\t\t<\/div>\n\t\t\t\t\t<\/div>\n\t\t<\/section>\n\t\t\t\t<section class=\"elementor-section elementor-top-section elementor-element elementor-element-acf3188 elementor-section-boxed elementor-section-height-default elementor-section-height-default\" data-id=\"acf3188\" data-element_type=\"section\">\n\t\t\t\t\t\t<div class=\"elementor-container elementor-column-gap-default\">\n\t\t\t\t\t<div class=\"elementor-column elementor-col-100 elementor-top-column elementor-element elementor-element-5ace5fa\" data-id=\"5ace5fa\" data-element_type=\"column\">\n\t\t\t<div class=\"elementor-widget-wrap elementor-element-populated\">\n\t\t\t\t\t\t<div class=\"elementor-element elementor-element-e28b737 elementor-tabs-view-horizontal elementor-widget elementor-widget-tabs\" data-id=\"e28b737\" data-element_type=\"widget\" data-widget_type=\"tabs.default\">\n\t\t\t\t<div class=\"elementor-widget-container\">\n\t\t\t\t\t\t\t<div class=\"elementor-tabs\">\n\t\t\t<div class=\"elementor-tabs-wrapper\" role=\"tablist\" >\n\t\t\t\t\t\t\t\t\t<div id=\"elementor-tab-title-2371\" class=\"elementor-tab-title elementor-tab-desktop-title\" aria-selected=\"true\" data-tab=\"1\" role=\"tab\" tabindex=\"0\" aria-controls=\"elementor-tab-content-2371\" aria-expanded=\"false\">Fichiers<\/div>\n\t\t\t\t\t\t\t<\/div>\n\t\t\t<div class=\"elementor-tabs-content-wrapper\" role=\"tablist\" aria-orientation=\"vertical\">\n\t\t\t\t\t\t\t\t\t<div class=\"elementor-tab-title elementor-tab-mobile-title\" aria-selected=\"true\" data-tab=\"1\" role=\"tab\" tabindex=\"0\" aria-controls=\"elementor-tab-content-2371\" aria-expanded=\"false\">Fichiers<\/div>\n\t\t\t\t\t<div id=\"elementor-tab-content-2371\" class=\"elementor-tab-content elementor-clearfix\" data-tab=\"1\" role=\"tabpanel\" aria-labelledby=\"elementor-tab-title-2371\" tabindex=\"0\" hidden=\"false\"><i class=\"far fa-file-pdf fa-xl\" style=\"font-size: 35px;\"><\/i><a href=\"https:\/\/www.belleflamme.ca\/wp-content\/uploads\/2024\/10\/W415-4122_TLV_TLVX-Owner-Manual-e-f_12.05.22.pdf\"> Manuel<\/a><\/br>\n<i class=\"far fa-file-pdf fa-xl\" style=\"font-size: 35px;\"><\/i><a href=\"https:\/\/www.belleflamme.ca\/wp-content\/uploads\/2024\/10\/W415-4121_TLV_Installaion_D-0.pdf\"> Installation<\/a><\/br>\n<i class=\"far fa-file-pdf fa-xl\" style=\"font-size: 35px;\"><\/i><a href=\"https:\/\/www.belleflamme.ca\/wp-content\/uploads\/2024\/04\/ADBRN1-GLTLVL-FR-Tall-Linear-Vector-with-Luminous-Logs-Series_LoRes.pdf\"> Brochures b\u00fbches lumineuses<\/a><\/br>\n<i class=\"far fa-file-pdf fa-xl\" style=\"font-size: 35px;\"><\/i><a href=\"https:\/\/www.belleflamme.ca\/wp-content\/uploads\/2024\/04\/W415-4127_TLVLInstallationManual_B-0.pdf\"> Installation b\u00fbches lumineuses<\/a><\/br>\n<i class=\"far fa-file-pdf fa-xl\" style=\"font-size: 35px;\"><\/i><a href=\"https:\/\/www.belleflamme.ca\/wp-content\/uploads\/2024\/04\/W415-4128_TLVL-Owner-Manual.pdf\"> Manuel b\u00fbches lumineuses<\/a><\/br>\n<i class=\"far fa-file-pdf fa-xl\" style=\"font-size: 35px;\"><\/i><a href=\"https:\/\/www.belleflamme.ca\/wp-content\/uploads\/2024\/04\/W415-4142_TLV50_TLV50LSpecificationLeaflet_C-0.pdf\"> Sp\u00e9cification 50<\/a><\/br>\n<i class=\"far fa-file-pdf fa-xl\" style=\"font-size: 35px;\"><\/i><a href=\"https:\/\/www.belleflamme.ca\/wp-content\/uploads\/2024\/04\/W415-4143_TLV62_TLV62LSpecificationLeaflet_C-0.pdf\"> Sp\u00e9cifications 62<\/a><\/br>\n<i class=\"far fa-file-pdf fa-xl\" style=\"font-size: 35px;\"><\/i><a href=\"https:\/\/www.belleflamme.ca\/wp-content\/uploads\/2024\/04\/W415-4144_TLV74_TLV74LSpecificationLeaflet_C-0.pdf\"> Sp\u00e9cifications 74<\/a><\/div>\n\t\t\t\t\t\t\t<\/div>\n\t\t<\/div>\n\t\t\t\t\t\t<\/div>\n\t\t\t\t<\/div>\n\t\t\t\t\t<\/div>\n\t\t<\/div>\n\t\t\t\t\t<\/div>\n\t\t<\/section>\n\t\t\t\t<\/div>\n\t\t","protected":false},"excerpt":{"rendered":"<p>D\u00e9couvrez le foyer au gaz Tall Vector\u1d39\u1d30 lin\u00e9aire 50 avec b\u00fbches lumineuses o\u00f9 les flammes \u00e9mergent directement des b\u00fbches pour vous offrir un effet r\u00e9aliste in\u00e9gal\u00e9. Ce foyer contemporain binaire peut \u00eatre admir\u00e9 \u00e0 partir de deux pi\u00e8ces et utilis\u00e9 en toute saison gr\u00e2ce \u00e0 son d\u00e9bit de chaleur variable qui r\u00e9duit votre consommation annuelle [&hellip;]<\/p>\n","protected":false},"featured_media":43519,"template":"","meta":{"inline_featured_image":false},"product_brand":[1314],"product_cat":[33,35,37],"product_tag":[],"class_list":{"0":"post-43507","1":"product","2":"type-product","3":"status-publish","4":"has-post-thumbnail","6":"product_brand-foyers-napoleon","7":"product_cat-poeles-et-foyers","8":"product_cat-poeles-foyer-au-gaz","9":"product_cat-foyer-au-gaz","11":"first","12":"instock","13":"taxable","14":"shipping-taxable","15":"purchasable","16":"product-type-variable"},"yoast_head":"<!-- This site is optimized with the Yoast SEO Premium plugin v24.2 (Yoast SEO v24.2) - https:\/\/yoast.com\/wordpress\/plugins\/seo\/ -->\n<title>Foyer au Gaz Serie Tall Linear Vector avec b\u00fbches lumineuses de Napoleon - Groupe BelleFlamme<\/title>\n<meta name=\"description\" content=\"Foyer au Gaz Serie Tall Linear Vector de Napoleon vendu et install\u00e9 par le Groupe Belleflamme. Laval, Montr\u00e9al, Gatineau et Saint-Sauveur.\" \/>\n<meta name=\"robots\" content=\"index, follow, max-snippet:-1, max-image-preview:large, max-video-preview:-1\" \/>\n<link rel=\"canonical\" href=\"https:\/\/staging.belleflamme.ca\/fr\/produit\/foyer-au-gaz-serie-tall-linear-vector-avec-buches-lumineuses-de-napoleon\/\" \/>\n<meta property=\"og:locale\" content=\"fr_FR\" \/>\n<meta property=\"og:type\" content=\"article\" \/>\n<meta property=\"og:title\" content=\"Foyer au Gaz Serie Tall Linear Vector avec b\u00fbches lumineuses de Napoleon\" \/>\n<meta property=\"og:description\" content=\"Foyer au Gaz Serie Tall Linear Vector de Napoleon vendu et install\u00e9 par le Groupe Belleflamme. Laval, Montr\u00e9al, Gatineau et Saint-Sauveur.\" \/>\n<meta property=\"og:url\" content=\"https:\/\/staging.belleflamme.ca\/fr\/produit\/foyer-au-gaz-serie-tall-linear-vector-avec-buches-lumineuses-de-napoleon\/\" \/>\n<meta property=\"og:site_name\" content=\"Groupe BelleFlamme\" \/>\n<meta property=\"article:publisher\" content=\"https:\/\/www.facebook.com\/belleflamme.ca\/\" \/>\n<meta property=\"article:modified_time\" content=\"2025-04-03T16:26:49+00:00\" \/>\n<meta property=\"og:image\" content=\"https:\/\/www.belleflamme.ca\/wp-content\/uploads\/2024\/10\/Foyer-au-Gaz-Serie-Tall-Linear-Vector-avec-buches-lumineuses-de-Napoleon.jpg\" \/>\n\t<meta property=\"og:image:width\" content=\"996\" \/>\n\t<meta property=\"og:image:height\" content=\"498\" \/>\n\t<meta property=\"og:image:type\" content=\"image\/jpeg\" \/>\n<meta name=\"twitter:card\" content=\"summary_large_image\" \/>\n<meta name=\"twitter:label1\" content=\"Disponibilit\u00e9\" \/>\n\t<meta name=\"twitter:data1\" content=\"En stock\" \/>\n<script type=\"application\/ld+json\" class=\"yoast-schema-graph\">{\"@context\":\"https:\/\/schema.org\",\"@graph\":[{\"@type\":[\"WebPage\",\"ItemPage\"],\"@id\":\"https:\/\/staging.belleflamme.ca\/fr\/produit\/foyer-au-gaz-serie-tall-linear-vector-avec-buches-lumineuses-de-napoleon\/\",\"url\":\"https:\/\/staging.belleflamme.ca\/fr\/produit\/foyer-au-gaz-serie-tall-linear-vector-avec-buches-lumineuses-de-napoleon\/\",\"name\":\"Foyer au Gaz Serie Tall Linear Vector avec b\u00fbches lumineuses de Napoleon - Groupe BelleFlamme\",\"isPartOf\":{\"@id\":\"https:\/\/www.belleflamme.ca\/fr\/#website\"},\"primaryImageOfPage\":{\"@id\":\"https:\/\/staging.belleflamme.ca\/fr\/produit\/foyer-au-gaz-serie-tall-linear-vector-avec-buches-lumineuses-de-napoleon\/#primaryimage\"},\"image\":{\"@id\":\"https:\/\/staging.belleflamme.ca\/fr\/produit\/foyer-au-gaz-serie-tall-linear-vector-avec-buches-lumineuses-de-napoleon\/#primaryimage\"},\"thumbnailUrl\":\"https:\/\/staging.belleflamme.ca\/wp-content\/uploads\/2024\/10\/Foyer-au-Gaz-Serie-Tall-Linear-Vector-avec-buches-lumineuses-de-Napoleon.jpg\",\"datePublished\":\"2024-10-17T16:54:46+00:00\",\"dateModified\":\"2025-04-03T16:26:49+00:00\",\"description\":\"Foyer au Gaz Serie Tall Linear Vector de Napoleon vendu et install\u00e9 par le Groupe Belleflamme. Laval, Montr\u00e9al, Gatineau et Saint-Sauveur.\",\"breadcrumb\":{\"@id\":\"https:\/\/staging.belleflamme.ca\/fr\/produit\/foyer-au-gaz-serie-tall-linear-vector-avec-buches-lumineuses-de-napoleon\/#breadcrumb\"},\"inLanguage\":\"fr-FR\",\"potentialAction\":[{\"@type\":\"ReadAction\",\"target\":[\"https:\/\/staging.belleflamme.ca\/fr\/produit\/foyer-au-gaz-serie-tall-linear-vector-avec-buches-lumineuses-de-napoleon\/\"]}]},{\"@type\":\"ImageObject\",\"inLanguage\":\"fr-FR\",\"@id\":\"https:\/\/staging.belleflamme.ca\/fr\/produit\/foyer-au-gaz-serie-tall-linear-vector-avec-buches-lumineuses-de-napoleon\/#primaryimage\",\"url\":\"https:\/\/staging.belleflamme.ca\/wp-content\/uploads\/2024\/10\/Foyer-au-Gaz-Serie-Tall-Linear-Vector-avec-buches-lumineuses-de-Napoleon.jpg\",\"contentUrl\":\"https:\/\/staging.belleflamme.ca\/wp-content\/uploads\/2024\/10\/Foyer-au-Gaz-Serie-Tall-Linear-Vector-avec-buches-lumineuses-de-Napoleon.jpg\",\"width\":996,\"height\":498,\"caption\":\"Foyer au Gaz Serie Tall Linear Vector avec b\u00fbches lumineuses de Napoleon\"},{\"@type\":\"BreadcrumbList\",\"@id\":\"https:\/\/staging.belleflamme.ca\/fr\/produit\/foyer-au-gaz-serie-tall-linear-vector-avec-buches-lumineuses-de-napoleon\/#breadcrumb\",\"itemListElement\":[{\"@type\":\"ListItem\",\"position\":1,\"name\":\"Accueil\",\"item\":\"https:\/\/www.belleflamme.ca\/fr\/\"},{\"@type\":\"ListItem\",\"position\":2,\"name\":\"Boutique\",\"item\":\"https:\/\/www.belleflamme.ca\/fr\/boutique\/\"},{\"@type\":\"ListItem\",\"position\":3,\"name\":\"Po\u00eales &amp; Foyers\",\"item\":\"https:\/\/staging.belleflamme.ca\/fr\/categories\/poeles-et-foyers\/\"},{\"@type\":\"ListItem\",\"position\":4,\"name\":\"Po\u00eale &amp; Foyer au Gaz\",\"item\":\"https:\/\/staging.belleflamme.ca\/fr\/categories\/poeles-et-foyers\/poeles-foyer-au-gaz\/\"},{\"@type\":\"ListItem\",\"position\":5,\"name\":\"Foyer au Gaz\",\"item\":\"https:\/\/staging.belleflamme.ca\/fr\/categories\/poeles-et-foyers\/poeles-foyer-au-gaz\/foyer-au-gaz\/\"},{\"@type\":\"ListItem\",\"position\":6,\"name\":\"Foyer au Gaz Serie Tall Linear Vector avec b\u00fbches lumineuses de Napoleon\"}]},{\"@type\":\"WebSite\",\"@id\":\"https:\/\/www.belleflamme.ca\/fr\/#website\",\"url\":\"https:\/\/www.belleflamme.ca\/fr\/\",\"name\":\"Groupe Belleflamme\",\"description\":\"La m\u00e9canique du b\u00e2timent dans le sang.\",\"publisher\":{\"@id\":\"https:\/\/www.belleflamme.ca\/fr\/#organization\"},\"potentialAction\":[{\"@type\":\"SearchAction\",\"target\":{\"@type\":\"EntryPoint\",\"urlTemplate\":\"https:\/\/www.belleflamme.ca\/fr\/?s={search_term_string}\"},\"query-input\":{\"@type\":\"PropertyValueSpecification\",\"valueRequired\":true,\"valueName\":\"search_term_string\"}}],\"inLanguage\":\"fr-FR\"},{\"@type\":[\"Organization\",\"Place\"],\"@id\":\"https:\/\/www.belleflamme.ca\/fr\/#organization\",\"name\":\"Groupe Belleflamme\",\"alternateName\":\"Belleflamme\",\"url\":\"https:\/\/www.belleflamme.ca\/fr\/\",\"logo\":{\"@type\":\"ImageObject\",\"inLanguage\":\"fr-FR\",\"@id\":\"https:\/\/www.belleflamme.ca\/fr\/#\/schema\/logo\/image\/\",\"url\":\"https:\/\/staging.belleflamme.ca\/wp-content\/uploads\/2023\/01\/og-image.jpg\",\"contentUrl\":\"https:\/\/staging.belleflamme.ca\/wp-content\/uploads\/2023\/01\/og-image.jpg\",\"width\":1200,\"height\":630,\"caption\":\"Groupe Belleflamme\"},\"image\":{\"@id\":\"https:\/\/www.belleflamme.ca\/fr\/#\/schema\/logo\/image\/\"},\"sameAs\":[\"https:\/\/www.facebook.com\/belleflamme.ca\/\",\"https:\/\/www.linkedin.com\/company\/belleflamme\/\",\"https:\/\/www.pinterest.ca\/groupebelleflamme\/\",\"https:\/\/www.instagram.com\/legroupebelleflamme\/\"],\"mainEntityOfPage\":{\"@id\":\"https:\/\/staging.belleflamme.ca\/fr\/produit\/foyer-au-gaz-serie-tall-linear-vector-avec-buches-lumineuses-de-napoleon\/\"}}]}<\/script>\n<meta property=\"product:brand\" content=\"Foyers Napoleon\" \/>\n<meta property=\"og:availability\" content=\"instock\" \/>\n<meta property=\"product:availability\" content=\"instock\" \/>\n<meta property=\"product:condition\" content=\"new\" \/>\n<!-- \/ Yoast SEO Premium plugin. -->","yoast_head_json":{"title":"Foyer au Gaz Serie Tall Linear Vector avec b\u00fbches lumineuses de Napoleon - Groupe BelleFlamme","description":"Foyer au Gaz Serie Tall Linear Vector de Napoleon vendu et install\u00e9 par le Groupe Belleflamme. Laval, Montr\u00e9al, Gatineau et Saint-Sauveur.","robots":{"index":"index","follow":"follow","max-snippet":"max-snippet:-1","max-image-preview":"max-image-preview:large","max-video-preview":"max-video-preview:-1"},"canonical":"https:\/\/staging.belleflamme.ca\/fr\/produit\/foyer-au-gaz-serie-tall-linear-vector-avec-buches-lumineuses-de-napoleon\/","og_locale":"fr_FR","og_type":"article","og_title":"Foyer au Gaz Serie Tall Linear Vector avec b\u00fbches lumineuses de Napoleon","og_description":"Foyer au Gaz Serie Tall Linear Vector de Napoleon vendu et install\u00e9 par le Groupe Belleflamme. Laval, Montr\u00e9al, Gatineau et Saint-Sauveur.","og_url":"https:\/\/staging.belleflamme.ca\/fr\/produit\/foyer-au-gaz-serie-tall-linear-vector-avec-buches-lumineuses-de-napoleon\/","og_site_name":"Groupe BelleFlamme","article_publisher":"https:\/\/www.facebook.com\/belleflamme.ca\/","article_modified_time":"2025-04-03T16:26:49+00:00","og_image":[{"width":996,"height":498,"url":"https:\/\/www.belleflamme.ca\/wp-content\/uploads\/2024\/10\/Foyer-au-Gaz-Serie-Tall-Linear-Vector-avec-buches-lumineuses-de-Napoleon.jpg","type":"image\/jpeg"}],"twitter_card":"summary_large_image","twitter_misc":{"Disponibilit\u00e9":"En stock"},"schema":{"@context":"https:\/\/schema.org","@graph":[{"@type":["WebPage","ItemPage"],"@id":"https:\/\/staging.belleflamme.ca\/fr\/produit\/foyer-au-gaz-serie-tall-linear-vector-avec-buches-lumineuses-de-napoleon\/","url":"https:\/\/staging.belleflamme.ca\/fr\/produit\/foyer-au-gaz-serie-tall-linear-vector-avec-buches-lumineuses-de-napoleon\/","name":"Foyer au Gaz Serie Tall Linear Vector avec b\u00fbches lumineuses de Napoleon - Groupe BelleFlamme","isPartOf":{"@id":"https:\/\/www.belleflamme.ca\/fr\/#website"},"primaryImageOfPage":{"@id":"https:\/\/staging.belleflamme.ca\/fr\/produit\/foyer-au-gaz-serie-tall-linear-vector-avec-buches-lumineuses-de-napoleon\/#primaryimage"},"image":{"@id":"https:\/\/staging.belleflamme.ca\/fr\/produit\/foyer-au-gaz-serie-tall-linear-vector-avec-buches-lumineuses-de-napoleon\/#primaryimage"},"thumbnailUrl":"https:\/\/staging.belleflamme.ca\/wp-content\/uploads\/2024\/10\/Foyer-au-Gaz-Serie-Tall-Linear-Vector-avec-buches-lumineuses-de-Napoleon.jpg","datePublished":"2024-10-17T16:54:46+00:00","dateModified":"2025-04-03T16:26:49+00:00","description":"Foyer au Gaz Serie Tall Linear Vector de Napoleon vendu et install\u00e9 par le Groupe Belleflamme. Laval, Montr\u00e9al, Gatineau et Saint-Sauveur.","breadcrumb":{"@id":"https:\/\/staging.belleflamme.ca\/fr\/produit\/foyer-au-gaz-serie-tall-linear-vector-avec-buches-lumineuses-de-napoleon\/#breadcrumb"},"inLanguage":"fr-FR","potentialAction":[{"@type":"ReadAction","target":["https:\/\/staging.belleflamme.ca\/fr\/produit\/foyer-au-gaz-serie-tall-linear-vector-avec-buches-lumineuses-de-napoleon\/"]}]},{"@type":"ImageObject","inLanguage":"fr-FR","@id":"https:\/\/staging.belleflamme.ca\/fr\/produit\/foyer-au-gaz-serie-tall-linear-vector-avec-buches-lumineuses-de-napoleon\/#primaryimage","url":"https:\/\/staging.belleflamme.ca\/wp-content\/uploads\/2024\/10\/Foyer-au-Gaz-Serie-Tall-Linear-Vector-avec-buches-lumineuses-de-Napoleon.jpg","contentUrl":"https:\/\/staging.belleflamme.ca\/wp-content\/uploads\/2024\/10\/Foyer-au-Gaz-Serie-Tall-Linear-Vector-avec-buches-lumineuses-de-Napoleon.jpg","width":996,"height":498,"caption":"Foyer au Gaz Serie Tall Linear Vector avec b\u00fbches lumineuses de Napoleon"},{"@type":"BreadcrumbList","@id":"https:\/\/staging.belleflamme.ca\/fr\/produit\/foyer-au-gaz-serie-tall-linear-vector-avec-buches-lumineuses-de-napoleon\/#breadcrumb","itemListElement":[{"@type":"ListItem","position":1,"name":"Accueil","item":"https:\/\/www.belleflamme.ca\/fr\/"},{"@type":"ListItem","position":2,"name":"Boutique","item":"https:\/\/www.belleflamme.ca\/fr\/boutique\/"},{"@type":"ListItem","position":3,"name":"Po\u00eales &amp; Foyers","item":"https:\/\/staging.belleflamme.ca\/fr\/categories\/poeles-et-foyers\/"},{"@type":"ListItem","position":4,"name":"Po\u00eale &amp; Foyer au Gaz","item":"https:\/\/staging.belleflamme.ca\/fr\/categories\/poeles-et-foyers\/poeles-foyer-au-gaz\/"},{"@type":"ListItem","position":5,"name":"Foyer au Gaz","item":"https:\/\/staging.belleflamme.ca\/fr\/categories\/poeles-et-foyers\/poeles-foyer-au-gaz\/foyer-au-gaz\/"},{"@type":"ListItem","position":6,"name":"Foyer au Gaz Serie Tall Linear Vector avec b\u00fbches lumineuses de Napoleon"}]},{"@type":"WebSite","@id":"https:\/\/www.belleflamme.ca\/fr\/#website","url":"https:\/\/www.belleflamme.ca\/fr\/","name":"Groupe Belleflamme","description":"La m\u00e9canique du b\u00e2timent dans le sang.","publisher":{"@id":"https:\/\/www.belleflamme.ca\/fr\/#organization"},"potentialAction":[{"@type":"SearchAction","target":{"@type":"EntryPoint","urlTemplate":"https:\/\/www.belleflamme.ca\/fr\/?s={search_term_string}"},"query-input":{"@type":"PropertyValueSpecification","valueRequired":true,"valueName":"search_term_string"}}],"inLanguage":"fr-FR"},{"@type":["Organization","Place"],"@id":"https:\/\/www.belleflamme.ca\/fr\/#organization","name":"Groupe Belleflamme","alternateName":"Belleflamme","url":"https:\/\/www.belleflamme.ca\/fr\/","logo":{"@type":"ImageObject","inLanguage":"fr-FR","@id":"https:\/\/www.belleflamme.ca\/fr\/#\/schema\/logo\/image\/","url":"https:\/\/staging.belleflamme.ca\/wp-content\/uploads\/2023\/01\/og-image.jpg","contentUrl":"https:\/\/staging.belleflamme.ca\/wp-content\/uploads\/2023\/01\/og-image.jpg","width":1200,"height":630,"caption":"Groupe Belleflamme"},"image":{"@id":"https:\/\/www.belleflamme.ca\/fr\/#\/schema\/logo\/image\/"},"sameAs":["https:\/\/www.facebook.com\/belleflamme.ca\/","https:\/\/www.linkedin.com\/company\/belleflamme\/","https:\/\/www.pinterest.ca\/groupebelleflamme\/","https:\/\/www.instagram.com\/legroupebelleflamme\/"],"mainEntityOfPage":{"@id":"https:\/\/staging.belleflamme.ca\/fr\/produit\/foyer-au-gaz-serie-tall-linear-vector-avec-buches-lumineuses-de-napoleon\/"}}]},"product_brand":"Foyers Napoleon","og_availability":"instock","product_availability":"instock","product_condition":"new"},"_links":{"self":[{"href":"https:\/\/staging.belleflamme.ca\/fr\/wp-json\/wp\/v2\/product\/43507","targetHints":{"allow":["GET"]}}],"collection":[{"href":"https:\/\/staging.belleflamme.ca\/fr\/wp-json\/wp\/v2\/product"}],"about":[{"href":"https:\/\/staging.belleflamme.ca\/fr\/wp-json\/wp\/v2\/types\/product"}],"version-history":[{"count":8,"href":"https:\/\/staging.belleflamme.ca\/fr\/wp-json\/wp\/v2\/product\/43507\/revisions"}],"predecessor-version":[{"id":43579,"href":"https:\/\/staging.belleflamme.ca\/fr\/wp-json\/wp\/v2\/product\/43507\/revisions\/43579"}],"wp:featuredmedia":[{"embeddable":true,"href":"https:\/\/staging.belleflamme.ca\/fr\/wp-json\/wp\/v2\/media\/43519"}],"wp:attachment":[{"href":"https:\/\/staging.belleflamme.ca\/fr\/wp-json\/wp\/v2\/media?parent=43507"}],"wp:term":[{"taxonomy":"product_brand","embeddable":true,"href":"https:\/\/staging.belleflamme.ca\/fr\/wp-json\/wp\/v2\/product_brand?post=43507"},{"taxonomy":"product_cat","embeddable":true,"href":"https:\/\/staging.belleflamme.ca\/fr\/wp-json\/wp\/v2\/product_cat?post=43507"},{"taxonomy":"product_tag","embeddable":true,"href":"https:\/\/staging.belleflamme.ca\/fr\/wp-json\/wp\/v2\/product_tag?post=43507"}],"curies":[{"name":"wp","href":"https:\/\/api.w.org\/{rel}","templated":true}]}}