{"id":43031,"date":"2024-09-16T09:57:26","date_gmt":"2024-09-16T13:57:26","guid":{"rendered":"https:\/\/www.belleflamme.ca\/?post_type=product&#038;p=43031"},"modified":"2025-04-18T15:41:45","modified_gmt":"2025-04-18T19:41:45","slug":"foyers-au-gaz-lineaire-delray-drl3613-de-montigo","status":"publish","type":"product","link":"https:\/\/staging.belleflamme.ca\/fr\/produit\/foyers-au-gaz-lineaire-delray-drl3613-de-montigo\/","title":{"rendered":"Foyer au Gaz Lin\u00e9aire DelRay DRL3613NI de Montigo"},"content":{"rendered":"\t\t<div data-elementor-type=\"product-post\" data-elementor-id=\"43031\" class=\"elementor elementor-43031\" data-elementor-post-type=\"product\">\n\t\t\t\t\t\t<section class=\"elementor-section elementor-top-section elementor-element elementor-element-62b18efa elementor-section-boxed elementor-section-height-default elementor-section-height-default\" data-id=\"62b18efa\" data-element_type=\"section\">\n\t\t\t\t\t\t<div class=\"elementor-container elementor-column-gap-default\">\n\t\t\t\t\t<div class=\"elementor-column elementor-col-100 elementor-top-column elementor-element elementor-element-794c7af8\" data-id=\"794c7af8\" data-element_type=\"column\">\n\t\t\t<div class=\"elementor-widget-wrap elementor-element-populated\">\n\t\t\t\t\t\t<div class=\"elementor-element elementor-element-6a3860ae elementor-widget elementor-widget-text-editor\" data-id=\"6a3860ae\" data-element_type=\"widget\" data-widget_type=\"text-editor.default\">\n\t\t\t\t<div class=\"elementor-widget-container\">\n\t\t\t\t\t\t\t\t\t<iframe title=\"YouTube video player\" src=\"https:\/\/www.youtube.com\/embed\/QmYoM9DACbg?si=4E2sGQwoypae5f4c\" width=\"560\" height=\"315\" frameborder=\"0\" allowfullscreen=\"allowfullscreen\"><\/iframe>\r\n\r\n&nbsp;\r\n<h2><span>Minimaliste et \u00e9l\u00e9gamment simple<\/span><\/h2>\r\n<span>Pr\u00e9sentation du DELRAY lin\u00e9aire DRL3613-2.\u00a0Ce foyer au gaz r\u00e9sidentiel minimaliste offre \u00e9l\u00e9gance et efficacit\u00e9 \u00e0 un prix d\u2019entr\u00e9e de gamme.<\/span>\r\n\r\n<span>Avec une fine profondeur de charpente de 14 \u00bc&#8221; et une ventilation directe 4\/7, le DELRAY peut ajouter un style contemporain \u00e9l\u00e9gant aux nouvelles installations de construction et de r\u00e9novation avec un impact minimal sur l&#8217;espace au sol.<\/span>\r\n\r\n<span>Le DELRAY Linear est un foyer \u00e0 haute efficacit\u00e9 compatible avec les maisons mobiles qui est pr\u00eat \u00e0 \u00eatre personnalis\u00e9 avec l&#8217;une de nos superbes options de br\u00fbleurs.\u00a0Un parement en bois combustible peut \u00eatre install\u00e9 jusqu\u2019\u00e0 l\u2019ouverture vitr\u00e9e.<\/span>\r\n\r\nLes fonctionnalit\u00e9s suppl\u00e9mentaires incluent\u00a0<a href=\"https:\/\/www.montigo.com\/blog\/fireplace-heat-management\/\">la gestion de la chaleur<\/a>\u00a0, les kits de conversion au propane, les kits de garniture, et plus encore.\r\n<h2><span>Gestion de la chaleur<\/span><\/h2>\r\n<h3><span>SOLUTIONS DE MURS FROIDS<\/span><\/h3>\r\n<span>\u00c9tant donn\u00e9 que les propri\u00e9taires d&#8217;aujourd&#8217;hui souhaitent souvent installer un t\u00e9l\u00e9viseur ou une \u0153uvre d&#8217;art au-dessus de leur foyer, la gestion de la chaleur et le maintien d&#8217;un mur frais sont une pr\u00e9occupation majeure. Les foyers \u00e0 gaz d\u00e9gagent une quantit\u00e9 consid\u00e9rable de chaleur, ce qui peut endommager les appareils \u00e9lectroniques d\u00e9licats.\u00a0C&#8217;est pourquoi Montigo propose plusieurs options de contr\u00f4le et de redirection de la chaleur.<\/span>\r\n<h2><span>Inspiration de conception de foyer<\/span><\/h2>\r\n<h3><span>TENDANCES LES PLUS CHAUDES EN MATI\u00c8RE DE CONCEPTION DE FOYERS<\/span><\/h3>\r\n<span>Que vous souhaitiez rafra\u00eechir un foyer existant avec un changement de manteau, un peu de peinture, une refonte compl\u00e8te de la conception, ou remplacer l&#8217;unit\u00e9 et cr\u00e9er un chef-d&#8217;\u0153uvre.\u00a0Il existe de nombreuses fa\u00e7ons de mettre \u00e0 niveau et une infinit\u00e9 de mat\u00e9riaux parmi lesquels choisir.<\/span>\r\n\r\n<strong><span>Standard:<\/span><\/strong>\r\n<ul>\r\n \t<li><span>Br\u00fbleur dissimul\u00e9 avec verre \u00e0 feu Ice, t\u00e9l\u00e9commande multifonction, ventilateurs t\u00e9l\u00e9command\u00e9s, \u00e9cran de s\u00e9curit\u00e9 en micro-maille, verre r\u00e9fl\u00e9chissant noir, \u00e9clairage halog\u00e8ne, batterie de secours<\/span><\/li>\r\n<\/ul>\r\n<strong><span>Possibilit\u00e9s\u00a0:<\/span><\/strong>\r\n<ul>\r\n \t<li><span>Kit de conversion au propane, kit de garniture r\u00e9glable, support Driftwood &amp; Speckled Stones, support en verre, kit de gestion de la chaleur<\/span><\/li>\r\n<\/ul>\r\n<h3><span>SP\u00c9CIFICATIONS EN UN COUP D&#8217;\u0152IL\u00a0:<\/span><\/h3>\r\n<div class=\"specs-list\">\r\n<dl>\r\n \t<dt><span>BTU maximum (NG)<\/span><\/dt>\r\n \t<dd><span>16 000<\/span><\/dd>\r\n<\/dl>\r\n<dl>\r\n \t<dt><span>Largeur du cadre<\/span><\/dt>\r\n \t<dd><span>43 3\/8&#8243;<\/span><\/dd>\r\n<\/dl>\r\n<dl>\r\n \t<dt><span>Hauteur du cadre<\/span><\/dt>\r\n \t<dd><span>33 11\/16&#8243;<\/span><\/dd>\r\n<\/dl>\r\n<dl>\r\n \t<dt><span>Profondeur du cadrage<\/span><\/dt>\r\n \t<dd><span>14 1\/4&#8243;<\/span><\/dd>\r\n<\/dl>\r\n<dl>\r\n \t<dt><span>Largeur d&#8217;ouverture du verre<\/span><\/dt>\r\n \t<dd><span>36 1\/2&#8243;<\/span><\/dd>\r\n<\/dl>\r\n<dl>\r\n \t<dt><span>Hauteur d&#8217;ouverture du verre<\/span><\/dt>\r\n \t<dd><span>14 11\/16&#8243;<\/span><\/dd>\r\n<\/dl>\r\n<dl>\r\n \t<dt><span>Taille de l&#8217;\u00e9vent int\u00e9rieur<\/span><\/dt>\r\n \t<dd><span>4<\/span><\/dd>\r\n<\/dl>\r\n<dl>\r\n \t<dt><span>Taille de l&#8217;\u00e9vent ext\u00e9rieur<\/span><\/dt>\r\n \t<dd><span>7<\/span><\/dd>\r\n<\/dl>\r\n<dl>\r\n \t<dt><span>Commercial<\/span><\/dt>\r\n \t<dd><span>Non<\/span><\/dd>\r\n<\/dl>\r\n<dl>\r\n \t<dt><span>Personnalisable<\/span><\/dt>\r\n \t<dd><span>Non<\/span><\/dd>\r\n<\/dl>\r\n<dl>\r\n \t<dt><span>P.4.\u00a01-15 Efficacit\u00e9 NG<\/span><\/dt>\r\n \t<dd><span>71,0%<\/span><\/dd>\r\n<\/dl>\r\n<dl>\r\n \t<dt><span>P.4.\u00a01-15 Efficacit\u00e9 LP<\/span><\/dt>\r\n \t<dd><span>71,0%<\/span><\/dd>\r\n<\/dl>\r\n<\/div>\t\t\t\t\t\t\t\t<\/div>\n\t\t\t\t<\/div>\n\t\t\t\t\t<\/div>\n\t\t<\/div>\n\t\t\t\t\t<\/div>\n\t\t<\/section>\n\t\t\t\t<section class=\"elementor-section elementor-top-section elementor-element elementor-element-bd67f19 elementor-section-boxed elementor-section-height-default elementor-section-height-default\" data-id=\"bd67f19\" data-element_type=\"section\">\n\t\t\t\t\t\t<div class=\"elementor-container elementor-column-gap-default\">\n\t\t\t\t\t<div class=\"elementor-column elementor-col-100 elementor-top-column elementor-element elementor-element-bc4c8af\" data-id=\"bc4c8af\" data-element_type=\"column\">\n\t\t\t<div class=\"elementor-widget-wrap elementor-element-populated\">\n\t\t\t\t\t\t<div class=\"elementor-element elementor-element-e955cda elementor-tabs-view-horizontal elementor-widget elementor-widget-tabs\" data-id=\"e955cda\" data-element_type=\"widget\" data-widget_type=\"tabs.default\">\n\t\t\t\t<div class=\"elementor-widget-container\">\n\t\t\t\t\t\t\t<div class=\"elementor-tabs\">\n\t\t\t<div class=\"elementor-tabs-wrapper\" role=\"tablist\" >\n\t\t\t\t\t\t\t\t\t<div id=\"elementor-tab-title-2441\" class=\"elementor-tab-title elementor-tab-desktop-title\" aria-selected=\"true\" data-tab=\"1\" role=\"tab\" tabindex=\"0\" aria-controls=\"elementor-tab-content-2441\" aria-expanded=\"false\">Fichiers<\/div>\n\t\t\t\t\t\t\t<\/div>\n\t\t\t<div class=\"elementor-tabs-content-wrapper\" role=\"tablist\" aria-orientation=\"vertical\">\n\t\t\t\t\t\t\t\t\t<div class=\"elementor-tab-title elementor-tab-mobile-title\" aria-selected=\"true\" data-tab=\"1\" role=\"tab\" tabindex=\"0\" aria-controls=\"elementor-tab-content-2441\" aria-expanded=\"false\">Fichiers<\/div>\n\t\t\t\t\t<div id=\"elementor-tab-content-2441\" class=\"elementor-tab-content elementor-clearfix\" data-tab=\"1\" role=\"tabpanel\" aria-labelledby=\"elementor-tab-title-2441\" tabindex=\"0\" hidden=\"false\"><i class=\"far fa-file-pdf fa-xl\" style=\"font-size:35px\"><\/i><a href=\"https:\/\/www.belleflamme.ca\/wp-content\/uploads\/2023\/11\/XB2219FR-Montigo-Fireplaces-DelRay-Brochure.pdf\"> Brochure<\/a><\/br>\n<i class=\"far fa-file-pdf fa-xl\" style=\"font-size:35px\"><\/i><a href=\"https:\/\/www.belleflamme.ca\/wp-content\/uploads\/2023\/11\/montigo-FR-residential-fireplace-DelRay-Linear-spec-sheet.pdf\"> Sp\u00e9cifications<\/a><\/br>\n<i class=\"far fa-file-pdf fa-xl\" style=\"font-size:35px\"><\/i><a href=\"https:\/\/www.belleflamme.ca\/wp-content\/uploads\/2023\/11\/xg0226fr-montigo-manual-delray-linear.pdf\"> Installation<\/a><\/br><\/div>\n\t\t\t\t\t\t\t<\/div>\n\t\t<\/div>\n\t\t\t\t\t\t<\/div>\n\t\t\t\t<\/div>\n\t\t\t\t\t<\/div>\n\t\t<\/div>\n\t\t\t\t\t<\/div>\n\t\t<\/section>\n\t\t\t\t<\/div>\n\t\t","protected":false},"excerpt":{"rendered":"<p>Minimaliste et \u00e9l\u00e9gamment simple Pr\u00e9sentation du DELRAY lin\u00e9aire DRL3613-2.\u00a0Ce foyer au gaz r\u00e9sidentiel minimaliste offre \u00e9l\u00e9gance et efficacit\u00e9 \u00e0 un prix d\u2019entr\u00e9e de gamme. Avec une fine profondeur de charpente de 14 \u00bc&#8221; et une ventilation directe 4\/7, le DELRAY peut ajouter un style contemporain \u00e9l\u00e9gant aux nouvelles installations de construction et de r\u00e9novation avec [&hellip;]<\/p>\n","protected":false},"featured_media":43010,"template":"","meta":{"inline_featured_image":false},"product_brand":[218],"product_cat":[33,35,37],"product_tag":[],"class_list":{"0":"post-43031","1":"product","2":"type-product","3":"status-publish","4":"has-post-thumbnail","6":"product_brand-montigo","7":"product_cat-poeles-et-foyers","8":"product_cat-poeles-foyer-au-gaz","9":"product_cat-foyer-au-gaz","11":"first","12":"instock","13":"taxable","14":"shipping-taxable","15":"purchasable","16":"product-type-simple"},"yoast_head":"<!-- This site is optimized with the Yoast SEO Premium plugin v24.2 (Yoast SEO v24.2) - https:\/\/yoast.com\/wordpress\/plugins\/seo\/ -->\n<title>Foyer au Gaz Lin\u00e9aire DelRay DRL3613NI de Montigo - Groupe BelleFlamme<\/title>\n<meta name=\"description\" content=\"Foyer au Gaz Lin\u00e9aire DelRay DRL3613 de Montigo vendu et install\u00e9 par le groupe Belleflamme. Laval, Montr\u00e9al, Saint-Sauveur et Gatineau.\" \/>\n<meta name=\"robots\" content=\"index, follow, max-snippet:-1, max-image-preview:large, max-video-preview:-1\" \/>\n<link rel=\"canonical\" href=\"https:\/\/staging.belleflamme.ca\/fr\/produit\/foyers-au-gaz-lineaire-delray-drl3613-de-montigo\/\" \/>\n<meta property=\"og:locale\" content=\"fr_FR\" \/>\n<meta property=\"og:type\" content=\"article\" \/>\n<meta property=\"og:title\" content=\"Foyer au Gaz Lin\u00e9aire DelRay DRL3613NI de Montigo\" \/>\n<meta property=\"og:description\" content=\"Foyer au Gaz Lin\u00e9aire DelRay DRL3613 de Montigo vendu et install\u00e9 par le groupe Belleflamme. Laval, Montr\u00e9al, Saint-Sauveur et Gatineau.\" \/>\n<meta property=\"og:url\" content=\"https:\/\/staging.belleflamme.ca\/fr\/produit\/foyers-au-gaz-lineaire-delray-drl3613-de-montigo\/\" \/>\n<meta property=\"og:site_name\" content=\"Groupe BelleFlamme\" \/>\n<meta property=\"article:publisher\" content=\"https:\/\/www.facebook.com\/belleflamme.ca\/\" \/>\n<meta property=\"article:modified_time\" content=\"2025-04-18T19:41:45+00:00\" \/>\n<meta property=\"og:image\" content=\"https:\/\/www.belleflamme.ca\/wp-content\/uploads\/2023\/11\/Foyer-au-Gaz-Lineaire-DelRay-DRL3613-de-Montigo.jpg\" \/>\n\t<meta property=\"og:image:width\" content=\"1200\" \/>\n\t<meta property=\"og:image:height\" content=\"1360\" \/>\n\t<meta property=\"og:image:type\" content=\"image\/jpeg\" \/>\n<meta name=\"twitter:card\" content=\"summary_large_image\" \/>\n<meta name=\"twitter:label1\" content=\"Prix\" \/>\n\t<meta name=\"twitter:data1\" content=\"&#036;3,236.85\" \/>\n\t<meta name=\"twitter:label2\" content=\"Disponibilit\u00e9\" \/>\n\t<meta name=\"twitter:data2\" content=\"En stock\" \/>\n<script type=\"application\/ld+json\" class=\"yoast-schema-graph\">{\"@context\":\"https:\/\/schema.org\",\"@graph\":[{\"@type\":[\"WebPage\",\"ItemPage\"],\"@id\":\"https:\/\/staging.belleflamme.ca\/fr\/produit\/foyers-au-gaz-lineaire-delray-drl3613-de-montigo\/\",\"url\":\"https:\/\/staging.belleflamme.ca\/fr\/produit\/foyers-au-gaz-lineaire-delray-drl3613-de-montigo\/\",\"name\":\"Foyer au Gaz Lin\u00e9aire DelRay DRL3613NI de Montigo - Groupe BelleFlamme\",\"isPartOf\":{\"@id\":\"https:\/\/www.belleflamme.ca\/fr\/#website\"},\"primaryImageOfPage\":{\"@id\":\"https:\/\/staging.belleflamme.ca\/fr\/produit\/foyers-au-gaz-lineaire-delray-drl3613-de-montigo\/#primaryimage\"},\"image\":{\"@id\":\"https:\/\/staging.belleflamme.ca\/fr\/produit\/foyers-au-gaz-lineaire-delray-drl3613-de-montigo\/#primaryimage\"},\"thumbnailUrl\":\"https:\/\/staging.belleflamme.ca\/wp-content\/uploads\/2023\/11\/Foyer-au-Gaz-Lineaire-DelRay-DRL3613-de-Montigo.jpg\",\"datePublished\":\"2024-09-16T13:57:26+00:00\",\"dateModified\":\"2025-04-18T19:41:45+00:00\",\"description\":\"Foyer au Gaz Lin\u00e9aire DelRay DRL3613 de Montigo vendu et install\u00e9 par le groupe Belleflamme. Laval, Montr\u00e9al, Saint-Sauveur et Gatineau.\",\"breadcrumb\":{\"@id\":\"https:\/\/staging.belleflamme.ca\/fr\/produit\/foyers-au-gaz-lineaire-delray-drl3613-de-montigo\/#breadcrumb\"},\"inLanguage\":\"fr-FR\",\"potentialAction\":[{\"@type\":\"ReadAction\",\"target\":[\"https:\/\/staging.belleflamme.ca\/fr\/produit\/foyers-au-gaz-lineaire-delray-drl3613-de-montigo\/\"]}]},{\"@type\":\"ImageObject\",\"inLanguage\":\"fr-FR\",\"@id\":\"https:\/\/staging.belleflamme.ca\/fr\/produit\/foyers-au-gaz-lineaire-delray-drl3613-de-montigo\/#primaryimage\",\"url\":\"https:\/\/staging.belleflamme.ca\/wp-content\/uploads\/2023\/11\/Foyer-au-Gaz-Lineaire-DelRay-DRL3613-de-Montigo.jpg\",\"contentUrl\":\"https:\/\/staging.belleflamme.ca\/wp-content\/uploads\/2023\/11\/Foyer-au-Gaz-Lineaire-DelRay-DRL3613-de-Montigo.jpg\",\"width\":1200,\"height\":1360,\"caption\":\"Foyer au Gaz Lin\u00e9aire DelRay DRL3613 de Montigo\"},{\"@type\":\"BreadcrumbList\",\"@id\":\"https:\/\/staging.belleflamme.ca\/fr\/produit\/foyers-au-gaz-lineaire-delray-drl3613-de-montigo\/#breadcrumb\",\"itemListElement\":[{\"@type\":\"ListItem\",\"position\":1,\"name\":\"Accueil\",\"item\":\"https:\/\/www.belleflamme.ca\/fr\/\"},{\"@type\":\"ListItem\",\"position\":2,\"name\":\"Boutique\",\"item\":\"https:\/\/www.belleflamme.ca\/fr\/boutique\/\"},{\"@type\":\"ListItem\",\"position\":3,\"name\":\"Po\u00eales &amp; Foyers\",\"item\":\"https:\/\/staging.belleflamme.ca\/fr\/categories\/poeles-et-foyers\/\"},{\"@type\":\"ListItem\",\"position\":4,\"name\":\"Po\u00eale &amp; Foyer au Gaz\",\"item\":\"https:\/\/staging.belleflamme.ca\/fr\/categories\/poeles-et-foyers\/poeles-foyer-au-gaz\/\"},{\"@type\":\"ListItem\",\"position\":5,\"name\":\"Foyer au Gaz\",\"item\":\"https:\/\/staging.belleflamme.ca\/fr\/categories\/poeles-et-foyers\/poeles-foyer-au-gaz\/foyer-au-gaz\/\"},{\"@type\":\"ListItem\",\"position\":6,\"name\":\"Foyer au Gaz Lin\u00e9aire DelRay DRL3613NI de Montigo\"}]},{\"@type\":\"WebSite\",\"@id\":\"https:\/\/www.belleflamme.ca\/fr\/#website\",\"url\":\"https:\/\/www.belleflamme.ca\/fr\/\",\"name\":\"Groupe Belleflamme\",\"description\":\"La m\u00e9canique du b\u00e2timent dans le sang.\",\"publisher\":{\"@id\":\"https:\/\/www.belleflamme.ca\/fr\/#organization\"},\"potentialAction\":[{\"@type\":\"SearchAction\",\"target\":{\"@type\":\"EntryPoint\",\"urlTemplate\":\"https:\/\/www.belleflamme.ca\/fr\/?s={search_term_string}\"},\"query-input\":{\"@type\":\"PropertyValueSpecification\",\"valueRequired\":true,\"valueName\":\"search_term_string\"}}],\"inLanguage\":\"fr-FR\"},{\"@type\":[\"Organization\",\"Place\"],\"@id\":\"https:\/\/www.belleflamme.ca\/fr\/#organization\",\"name\":\"Groupe Belleflamme\",\"alternateName\":\"Belleflamme\",\"url\":\"https:\/\/www.belleflamme.ca\/fr\/\",\"logo\":{\"@type\":\"ImageObject\",\"inLanguage\":\"fr-FR\",\"@id\":\"https:\/\/www.belleflamme.ca\/fr\/#\/schema\/logo\/image\/\",\"url\":\"https:\/\/staging.belleflamme.ca\/wp-content\/uploads\/2023\/01\/og-image.jpg\",\"contentUrl\":\"https:\/\/staging.belleflamme.ca\/wp-content\/uploads\/2023\/01\/og-image.jpg\",\"width\":1200,\"height\":630,\"caption\":\"Groupe Belleflamme\"},\"image\":{\"@id\":\"https:\/\/www.belleflamme.ca\/fr\/#\/schema\/logo\/image\/\"},\"sameAs\":[\"https:\/\/www.facebook.com\/belleflamme.ca\/\",\"https:\/\/www.linkedin.com\/company\/belleflamme\/\",\"https:\/\/www.pinterest.ca\/groupebelleflamme\/\",\"https:\/\/www.instagram.com\/legroupebelleflamme\/\"],\"mainEntityOfPage\":{\"@id\":\"https:\/\/staging.belleflamme.ca\/fr\/produit\/foyers-au-gaz-lineaire-delray-drl3613-de-montigo\/\"}}]}<\/script>\n<meta property=\"product:brand\" content=\"Montigo\" \/>\n<meta property=\"product:price:amount\" content=\"3236.85\" \/>\n<meta property=\"product:price:currency\" content=\"CAD\" \/>\n<meta property=\"og:availability\" content=\"instock\" \/>\n<meta property=\"product:availability\" content=\"instock\" \/>\n<meta property=\"product:retailer_item_id\" content=\"MGO DRL3613NI\" \/>\n<meta property=\"product:condition\" content=\"new\" \/>\n<!-- \/ Yoast SEO Premium plugin. -->","yoast_head_json":{"title":"Foyer au Gaz Lin\u00e9aire DelRay DRL3613NI de Montigo - Groupe BelleFlamme","description":"Foyer au Gaz Lin\u00e9aire DelRay DRL3613 de Montigo vendu et install\u00e9 par le groupe Belleflamme. Laval, Montr\u00e9al, Saint-Sauveur et Gatineau.","robots":{"index":"index","follow":"follow","max-snippet":"max-snippet:-1","max-image-preview":"max-image-preview:large","max-video-preview":"max-video-preview:-1"},"canonical":"https:\/\/staging.belleflamme.ca\/fr\/produit\/foyers-au-gaz-lineaire-delray-drl3613-de-montigo\/","og_locale":"fr_FR","og_type":"article","og_title":"Foyer au Gaz Lin\u00e9aire DelRay DRL3613NI de Montigo","og_description":"Foyer au Gaz Lin\u00e9aire DelRay DRL3613 de Montigo vendu et install\u00e9 par le groupe Belleflamme. Laval, Montr\u00e9al, Saint-Sauveur et Gatineau.","og_url":"https:\/\/staging.belleflamme.ca\/fr\/produit\/foyers-au-gaz-lineaire-delray-drl3613-de-montigo\/","og_site_name":"Groupe BelleFlamme","article_publisher":"https:\/\/www.facebook.com\/belleflamme.ca\/","article_modified_time":"2025-04-18T19:41:45+00:00","og_image":[{"width":1200,"height":1360,"url":"https:\/\/www.belleflamme.ca\/wp-content\/uploads\/2023\/11\/Foyer-au-Gaz-Lineaire-DelRay-DRL3613-de-Montigo.jpg","type":"image\/jpeg"}],"twitter_card":"summary_large_image","twitter_misc":{"Prix":"&#36;3,236.85","Disponibilit\u00e9":"En stock"},"schema":{"@context":"https:\/\/schema.org","@graph":[{"@type":["WebPage","ItemPage"],"@id":"https:\/\/staging.belleflamme.ca\/fr\/produit\/foyers-au-gaz-lineaire-delray-drl3613-de-montigo\/","url":"https:\/\/staging.belleflamme.ca\/fr\/produit\/foyers-au-gaz-lineaire-delray-drl3613-de-montigo\/","name":"Foyer au Gaz Lin\u00e9aire DelRay DRL3613NI de Montigo - Groupe BelleFlamme","isPartOf":{"@id":"https:\/\/www.belleflamme.ca\/fr\/#website"},"primaryImageOfPage":{"@id":"https:\/\/staging.belleflamme.ca\/fr\/produit\/foyers-au-gaz-lineaire-delray-drl3613-de-montigo\/#primaryimage"},"image":{"@id":"https:\/\/staging.belleflamme.ca\/fr\/produit\/foyers-au-gaz-lineaire-delray-drl3613-de-montigo\/#primaryimage"},"thumbnailUrl":"https:\/\/staging.belleflamme.ca\/wp-content\/uploads\/2023\/11\/Foyer-au-Gaz-Lineaire-DelRay-DRL3613-de-Montigo.jpg","datePublished":"2024-09-16T13:57:26+00:00","dateModified":"2025-04-18T19:41:45+00:00","description":"Foyer au Gaz Lin\u00e9aire DelRay DRL3613 de Montigo vendu et install\u00e9 par le groupe Belleflamme. Laval, Montr\u00e9al, Saint-Sauveur et Gatineau.","breadcrumb":{"@id":"https:\/\/staging.belleflamme.ca\/fr\/produit\/foyers-au-gaz-lineaire-delray-drl3613-de-montigo\/#breadcrumb"},"inLanguage":"fr-FR","potentialAction":[{"@type":"ReadAction","target":["https:\/\/staging.belleflamme.ca\/fr\/produit\/foyers-au-gaz-lineaire-delray-drl3613-de-montigo\/"]}]},{"@type":"ImageObject","inLanguage":"fr-FR","@id":"https:\/\/staging.belleflamme.ca\/fr\/produit\/foyers-au-gaz-lineaire-delray-drl3613-de-montigo\/#primaryimage","url":"https:\/\/staging.belleflamme.ca\/wp-content\/uploads\/2023\/11\/Foyer-au-Gaz-Lineaire-DelRay-DRL3613-de-Montigo.jpg","contentUrl":"https:\/\/staging.belleflamme.ca\/wp-content\/uploads\/2023\/11\/Foyer-au-Gaz-Lineaire-DelRay-DRL3613-de-Montigo.jpg","width":1200,"height":1360,"caption":"Foyer au Gaz Lin\u00e9aire DelRay DRL3613 de Montigo"},{"@type":"BreadcrumbList","@id":"https:\/\/staging.belleflamme.ca\/fr\/produit\/foyers-au-gaz-lineaire-delray-drl3613-de-montigo\/#breadcrumb","itemListElement":[{"@type":"ListItem","position":1,"name":"Accueil","item":"https:\/\/www.belleflamme.ca\/fr\/"},{"@type":"ListItem","position":2,"name":"Boutique","item":"https:\/\/www.belleflamme.ca\/fr\/boutique\/"},{"@type":"ListItem","position":3,"name":"Po\u00eales &amp; Foyers","item":"https:\/\/staging.belleflamme.ca\/fr\/categories\/poeles-et-foyers\/"},{"@type":"ListItem","position":4,"name":"Po\u00eale &amp; Foyer au Gaz","item":"https:\/\/staging.belleflamme.ca\/fr\/categories\/poeles-et-foyers\/poeles-foyer-au-gaz\/"},{"@type":"ListItem","position":5,"name":"Foyer au Gaz","item":"https:\/\/staging.belleflamme.ca\/fr\/categories\/poeles-et-foyers\/poeles-foyer-au-gaz\/foyer-au-gaz\/"},{"@type":"ListItem","position":6,"name":"Foyer au Gaz Lin\u00e9aire DelRay DRL3613NI de Montigo"}]},{"@type":"WebSite","@id":"https:\/\/www.belleflamme.ca\/fr\/#website","url":"https:\/\/www.belleflamme.ca\/fr\/","name":"Groupe Belleflamme","description":"La m\u00e9canique du b\u00e2timent dans le sang.","publisher":{"@id":"https:\/\/www.belleflamme.ca\/fr\/#organization"},"potentialAction":[{"@type":"SearchAction","target":{"@type":"EntryPoint","urlTemplate":"https:\/\/www.belleflamme.ca\/fr\/?s={search_term_string}"},"query-input":{"@type":"PropertyValueSpecification","valueRequired":true,"valueName":"search_term_string"}}],"inLanguage":"fr-FR"},{"@type":["Organization","Place"],"@id":"https:\/\/www.belleflamme.ca\/fr\/#organization","name":"Groupe Belleflamme","alternateName":"Belleflamme","url":"https:\/\/www.belleflamme.ca\/fr\/","logo":{"@type":"ImageObject","inLanguage":"fr-FR","@id":"https:\/\/www.belleflamme.ca\/fr\/#\/schema\/logo\/image\/","url":"https:\/\/staging.belleflamme.ca\/wp-content\/uploads\/2023\/01\/og-image.jpg","contentUrl":"https:\/\/staging.belleflamme.ca\/wp-content\/uploads\/2023\/01\/og-image.jpg","width":1200,"height":630,"caption":"Groupe Belleflamme"},"image":{"@id":"https:\/\/www.belleflamme.ca\/fr\/#\/schema\/logo\/image\/"},"sameAs":["https:\/\/www.facebook.com\/belleflamme.ca\/","https:\/\/www.linkedin.com\/company\/belleflamme\/","https:\/\/www.pinterest.ca\/groupebelleflamme\/","https:\/\/www.instagram.com\/legroupebelleflamme\/"],"mainEntityOfPage":{"@id":"https:\/\/staging.belleflamme.ca\/fr\/produit\/foyers-au-gaz-lineaire-delray-drl3613-de-montigo\/"}}]},"product_brand":"Montigo","product_price_amount":"3236.85","product_price_currency":"CAD","og_availability":"instock","product_availability":"instock","product_retailer_item_id":"MGO DRL3613NI","product_condition":"new"},"_links":{"self":[{"href":"https:\/\/staging.belleflamme.ca\/fr\/wp-json\/wp\/v2\/product\/43031","targetHints":{"allow":["GET"]}}],"collection":[{"href":"https:\/\/staging.belleflamme.ca\/fr\/wp-json\/wp\/v2\/product"}],"about":[{"href":"https:\/\/staging.belleflamme.ca\/fr\/wp-json\/wp\/v2\/types\/product"}],"version-history":[{"count":2,"href":"https:\/\/staging.belleflamme.ca\/fr\/wp-json\/wp\/v2\/product\/43031\/revisions"}],"predecessor-version":[{"id":49169,"href":"https:\/\/staging.belleflamme.ca\/fr\/wp-json\/wp\/v2\/product\/43031\/revisions\/49169"}],"wp:featuredmedia":[{"embeddable":true,"href":"https:\/\/staging.belleflamme.ca\/fr\/wp-json\/wp\/v2\/media\/43010"}],"wp:attachment":[{"href":"https:\/\/staging.belleflamme.ca\/fr\/wp-json\/wp\/v2\/media?parent=43031"}],"wp:term":[{"taxonomy":"product_brand","embeddable":true,"href":"https:\/\/staging.belleflamme.ca\/fr\/wp-json\/wp\/v2\/product_brand?post=43031"},{"taxonomy":"product_cat","embeddable":true,"href":"https:\/\/staging.belleflamme.ca\/fr\/wp-json\/wp\/v2\/product_cat?post=43031"},{"taxonomy":"product_tag","embeddable":true,"href":"https:\/\/staging.belleflamme.ca\/fr\/wp-json\/wp\/v2\/product_tag?post=43031"}],"curies":[{"name":"wp","href":"https:\/\/api.w.org\/{rel}","templated":true}]}}