{"id":42886,"date":"2024-08-26T14:53:10","date_gmt":"2024-08-26T18:53:10","guid":{"rendered":"https:\/\/www.belleflamme.ca\/?post_type=product&#038;p=42886"},"modified":"2025-01-31T11:27:01","modified_gmt":"2025-01-31T16:27:01","slug":"foyer-au-bois-encastrable-wilderness-34-de-ortal","status":"publish","type":"product","link":"https:\/\/staging.belleflamme.ca\/fr\/produit\/foyer-au-bois-encastrable-wilderness-34-de-ortal\/","title":{"rendered":"Foyer au gaz Encastrable Wilderness 34 de Ortal"},"content":{"rendered":"\t\t<div data-elementor-type=\"product-post\" data-elementor-id=\"42886\" class=\"elementor elementor-42886\" data-elementor-post-type=\"product\">\n\t\t\t\t\t\t<section class=\"elementor-section elementor-top-section elementor-element elementor-element-777cfc06 elementor-section-boxed elementor-section-height-default elementor-section-height-default\" data-id=\"777cfc06\" data-element_type=\"section\">\n\t\t\t\t\t\t<div class=\"elementor-container elementor-column-gap-default\">\n\t\t\t\t\t<div class=\"elementor-column elementor-col-100 elementor-top-column elementor-element elementor-element-4bb22376\" data-id=\"4bb22376\" data-element_type=\"column\">\n\t\t\t<div class=\"elementor-widget-wrap elementor-element-populated\">\n\t\t\t\t\t\t<div class=\"elementor-element elementor-element-6f920d97 elementor-widget elementor-widget-text-editor\" data-id=\"6f920d97\" data-element_type=\"widget\" data-widget_type=\"text-editor.default\">\n\t\t\t\t<div class=\"elementor-widget-container\">\n\t\t\t\t\t\t\t\t\tD\u00e9couvrez l&#8217;innovation r\u00e9volutionnaire des tout nouveaux foyers \u00e0 gaz Ortal Wilderness, les premiers du genre \u00e0 int\u00e9grer la technologie convoit\u00e9e Wilderness Firelog. Con\u00e7u pour s&#8217;int\u00e9grer sans effort dans la plupart des foyers \u00e0 gaz en ma\u00e7onnerie existants, cet ajout remarquable rehausse instantan\u00e9ment votre espace de vie avec la combinaison in\u00e9gal\u00e9e d&#8217;innovation et de luxe attendue avec un foyer Ortal. Tous les foyers Ortal Wilderness comprennent des fonctionnalit\u00e9s standard telles qu&#8217;un \u00e9clairage int\u00e9rieur pour une atmosph\u00e8re chaleureuse, un verre antireflet pour une visibilit\u00e9 claire du feu et un \u00e9cran micro-maille invisible pour plus de s\u00e9curit\u00e9. Avec la possibilit\u00e9 de fonctionner pendant les pannes de courant, vous resterez toujours au chaud. Choisissez parmi deux options de b\u00fbches sauvages, quatre cadres ext\u00e9rieurs, quatre entourages, avec des options personnalisables disponibles selon vos besoins.\r\n<h2>Caract\u00e9ristiques<\/h2>\r\n<ul>\r\n \t<li>Zone de visualisation29 13\/16&#8243; x 23 1\/2&#8243;<\/li>\r\n \t<li>Type de carburantGPL, GN<\/li>\r\n \t<li>Rendement du GPL en BTU \/ Efficacit\u00e9 du GPL (AFUE)35 000 \/ 84 %<\/li>\r\n \t<li>Sortie BTU NG \/ Efficacit\u00e9 NG (AFUE)35 000 \/ 82 %<\/li>\r\n \t<li>\u00c9ventCo-lin\u00e9aire 4&#8243;x3&#8243;<\/li>\r\n \t<li>Barri\u00e8re thermiqueTamis \u00e0 micro-mailles<\/li>\r\n \t<li>Int\u00e9rieursVerre r\u00e9fl\u00e9chissant noir, Blackridge, panneaux de briques rouges, panneaux de briques beiges<\/li>\r\n \t<li>Ensembles de journauxBrun fonc\u00e9, bois coup\u00e9<\/li>\r\n \t<li>Contr\u00f4lesT\u00e9l\u00e9commande, WiFi, Interrupteur mural<\/li>\r\n<\/ul>\t\t\t\t\t\t\t\t<\/div>\n\t\t\t\t<\/div>\n\t\t\t\t\t<\/div>\n\t\t<\/div>\n\t\t\t\t\t<\/div>\n\t\t<\/section>\n\t\t\t\t<section class=\"elementor-section elementor-top-section elementor-element elementor-element-ae9c587 elementor-section-boxed elementor-section-height-default elementor-section-height-default\" data-id=\"ae9c587\" data-element_type=\"section\">\n\t\t\t\t\t\t<div class=\"elementor-container elementor-column-gap-default\">\n\t\t\t\t\t<div class=\"elementor-column elementor-col-100 elementor-top-column elementor-element elementor-element-05731e7\" data-id=\"05731e7\" data-element_type=\"column\">\n\t\t\t<div class=\"elementor-widget-wrap elementor-element-populated\">\n\t\t\t\t\t\t<div class=\"elementor-element elementor-element-6a51b27 elementor-tabs-view-horizontal elementor-widget elementor-widget-tabs\" data-id=\"6a51b27\" data-element_type=\"widget\" data-widget_type=\"tabs.default\">\n\t\t\t\t<div class=\"elementor-widget-container\">\n\t\t\t\t\t\t\t<div class=\"elementor-tabs\">\n\t\t\t<div class=\"elementor-tabs-wrapper\" role=\"tablist\" >\n\t\t\t\t\t\t\t\t\t<div id=\"elementor-tab-title-1111\" class=\"elementor-tab-title elementor-tab-desktop-title\" aria-selected=\"true\" data-tab=\"1\" role=\"tab\" tabindex=\"0\" aria-controls=\"elementor-tab-content-1111\" aria-expanded=\"false\">Fichiers<\/div>\n\t\t\t\t\t\t\t<\/div>\n\t\t\t<div class=\"elementor-tabs-content-wrapper\" role=\"tablist\" aria-orientation=\"vertical\">\n\t\t\t\t\t\t\t\t\t<div class=\"elementor-tab-title elementor-tab-mobile-title\" aria-selected=\"true\" data-tab=\"1\" role=\"tab\" tabindex=\"0\" aria-controls=\"elementor-tab-content-1111\" aria-expanded=\"false\">Fichiers<\/div>\n\t\t\t\t\t<div id=\"elementor-tab-content-1111\" class=\"elementor-tab-content elementor-clearfix\" data-tab=\"1\" role=\"tabpanel\" aria-labelledby=\"elementor-tab-title-1111\" tabindex=\"0\" hidden=\"false\"><i class=\"far fa-file-pdf fa-xl\" style=\"font-size:35px\"><\/i><a href=\"https:\/\/www.belleflamme.ca\/wp-content\/uploads\/2024\/08\/Ortal-Gas-Insert-\u2013-Brochure-24.8-web.pdf\"> Brochure<\/a><\/br>\n<i class=\"far fa-file-pdf fa-xl\" style=\"font-size:35px\"><\/i><a href=\"https:\/\/www.belleflamme.ca\/wp-content\/uploads\/2024\/08\/Wilderness-Traditional-Insert-Series-Installation-Manual-V2.2.pdf\"> Installation et Manuel<\/a><\/br>\n<i class=\"far fa-file-pdf fa-xl\" style=\"font-size:35px\"><\/i><a href=\"https:\/\/www.belleflamme.ca\/wp-content\/uploads\/2024\/08\/IN34-3.pdf\"> Dimensions<\/a><\/br>\n<i class=\"far fa-file-pdf fa-xl\" style=\"font-size:35px\"><\/i><a href=\"https:\/\/www.belleflamme.ca\/wp-content\/uploads\/2024\/08\/Insert-34-Surround-Dimensions.pdf\"> Dimensions de la fa\u00e7ade<\/a><\/br><\/div>\n\t\t\t\t\t\t\t<\/div>\n\t\t<\/div>\n\t\t\t\t\t\t<\/div>\n\t\t\t\t<\/div>\n\t\t\t\t\t<\/div>\n\t\t<\/div>\n\t\t\t\t\t<\/div>\n\t\t<\/section>\n\t\t\t\t<\/div>\n\t\t","protected":false},"excerpt":{"rendered":"<p>D\u00e9couvrez l&#8217;innovation r\u00e9volutionnaire des tout nouveaux foyers \u00e0 gaz Ortal Wilderness, les premiers du genre \u00e0 int\u00e9grer la technologie convoit\u00e9e Wilderness Firelog. Con\u00e7u pour s&#8217;int\u00e9grer sans effort dans la plupart des foyers \u00e0 gaz en ma\u00e7onnerie existants, cet ajout remarquable rehausse instantan\u00e9ment votre espace de vie avec la combinaison in\u00e9gal\u00e9e d&#8217;innovation et de luxe attendue [&hellip;]<\/p>\n","protected":false},"featured_media":42887,"template":"","meta":{"inline_featured_image":false},"product_brand":[227],"product_cat":[33,35,39],"product_tag":[],"class_list":{"0":"post-42886","1":"product","2":"type-product","3":"status-publish","4":"has-post-thumbnail","6":"product_brand-ortal","7":"product_cat-poeles-et-foyers","8":"product_cat-poeles-foyer-au-gaz","9":"product_cat-encastrables-au-gaz","11":"first","12":"instock","13":"taxable","14":"shipping-taxable","15":"product-type-simple"},"yoast_head":"<!-- This site is optimized with the Yoast SEO Premium plugin v24.2 (Yoast SEO v24.2) - https:\/\/yoast.com\/wordpress\/plugins\/seo\/ -->\n<title>Foyer au gaz Encastrable Wilderness 34 de Ortal - Groupe BelleFlamme<\/title>\n<meta name=\"description\" content=\"Foyer au bois Encastrable Wilderness 34 de Ortal vendu et install\u00e9 par le Groupe Belleflamme. Laval, Montr\u00e9al, Gatineau et Saint-Sauveur.\" \/>\n<meta name=\"robots\" content=\"index, follow, max-snippet:-1, max-image-preview:large, max-video-preview:-1\" \/>\n<link rel=\"canonical\" href=\"https:\/\/staging.belleflamme.ca\/fr\/produit\/foyer-au-bois-encastrable-wilderness-34-de-ortal\/\" \/>\n<meta property=\"og:locale\" content=\"fr_FR\" \/>\n<meta property=\"og:type\" content=\"article\" \/>\n<meta property=\"og:title\" content=\"Foyer au gaz Encastrable Wilderness 34 de Ortal\" \/>\n<meta property=\"og:description\" content=\"Foyer au bois Encastrable Wilderness 34 de Ortal vendu et install\u00e9 par le Groupe Belleflamme. Laval, Montr\u00e9al, Gatineau et Saint-Sauveur.\" \/>\n<meta property=\"og:url\" content=\"https:\/\/staging.belleflamme.ca\/fr\/produit\/foyer-au-bois-encastrable-wilderness-34-de-ortal\/\" \/>\n<meta property=\"og:site_name\" content=\"Groupe BelleFlamme\" \/>\n<meta property=\"article:publisher\" content=\"https:\/\/www.facebook.com\/belleflamme.ca\/\" \/>\n<meta property=\"article:modified_time\" content=\"2025-01-31T16:27:01+00:00\" \/>\n<meta property=\"og:image\" content=\"https:\/\/www.belleflamme.ca\/wp-content\/uploads\/2024\/08\/Foyer-au-bois-Encastrable-Wilderness-34-de-Ortal.jpeg\" \/>\n\t<meta property=\"og:image:width\" content=\"1920\" \/>\n\t<meta property=\"og:image:height\" content=\"1080\" \/>\n\t<meta property=\"og:image:type\" content=\"image\/jpeg\" \/>\n<meta name=\"twitter:card\" content=\"summary_large_image\" \/>\n<meta name=\"twitter:label1\" content=\"Prix\" \/>\n\t<meta name=\"twitter:data1\" content=\"\" \/>\n\t<meta name=\"twitter:label2\" content=\"Disponibilit\u00e9\" \/>\n\t<meta name=\"twitter:data2\" content=\"En stock\" \/>\n<script type=\"application\/ld+json\" class=\"yoast-schema-graph\">{\"@context\":\"https:\/\/schema.org\",\"@graph\":[{\"@type\":[\"WebPage\",\"ItemPage\"],\"@id\":\"https:\/\/staging.belleflamme.ca\/fr\/produit\/foyer-au-bois-encastrable-wilderness-34-de-ortal\/\",\"url\":\"https:\/\/staging.belleflamme.ca\/fr\/produit\/foyer-au-bois-encastrable-wilderness-34-de-ortal\/\",\"name\":\"Foyer au gaz Encastrable Wilderness 34 de Ortal - Groupe BelleFlamme\",\"isPartOf\":{\"@id\":\"https:\/\/www.belleflamme.ca\/fr\/#website\"},\"primaryImageOfPage\":{\"@id\":\"https:\/\/staging.belleflamme.ca\/fr\/produit\/foyer-au-bois-encastrable-wilderness-34-de-ortal\/#primaryimage\"},\"image\":{\"@id\":\"https:\/\/staging.belleflamme.ca\/fr\/produit\/foyer-au-bois-encastrable-wilderness-34-de-ortal\/#primaryimage\"},\"thumbnailUrl\":\"https:\/\/staging.belleflamme.ca\/wp-content\/uploads\/2024\/08\/Foyer-au-bois-Encastrable-Wilderness-34-de-Ortal.jpeg\",\"datePublished\":\"2024-08-26T18:53:10+00:00\",\"dateModified\":\"2025-01-31T16:27:01+00:00\",\"description\":\"Foyer au bois Encastrable Wilderness 34 de Ortal vendu et install\u00e9 par le Groupe Belleflamme. Laval, Montr\u00e9al, Gatineau et Saint-Sauveur.\",\"breadcrumb\":{\"@id\":\"https:\/\/staging.belleflamme.ca\/fr\/produit\/foyer-au-bois-encastrable-wilderness-34-de-ortal\/#breadcrumb\"},\"inLanguage\":\"fr-FR\",\"potentialAction\":[{\"@type\":\"ReadAction\",\"target\":[\"https:\/\/staging.belleflamme.ca\/fr\/produit\/foyer-au-bois-encastrable-wilderness-34-de-ortal\/\"]}]},{\"@type\":\"ImageObject\",\"inLanguage\":\"fr-FR\",\"@id\":\"https:\/\/staging.belleflamme.ca\/fr\/produit\/foyer-au-bois-encastrable-wilderness-34-de-ortal\/#primaryimage\",\"url\":\"https:\/\/staging.belleflamme.ca\/wp-content\/uploads\/2024\/08\/Foyer-au-bois-Encastrable-Wilderness-34-de-Ortal.jpeg\",\"contentUrl\":\"https:\/\/staging.belleflamme.ca\/wp-content\/uploads\/2024\/08\/Foyer-au-bois-Encastrable-Wilderness-34-de-Ortal.jpeg\",\"width\":1920,\"height\":1080,\"caption\":\"Foyer au bois Encastrable Wilderness 34 de Ortal\"},{\"@type\":\"BreadcrumbList\",\"@id\":\"https:\/\/staging.belleflamme.ca\/fr\/produit\/foyer-au-bois-encastrable-wilderness-34-de-ortal\/#breadcrumb\",\"itemListElement\":[{\"@type\":\"ListItem\",\"position\":1,\"name\":\"Accueil\",\"item\":\"https:\/\/www.belleflamme.ca\/fr\/\"},{\"@type\":\"ListItem\",\"position\":2,\"name\":\"Boutique\",\"item\":\"https:\/\/www.belleflamme.ca\/fr\/boutique\/\"},{\"@type\":\"ListItem\",\"position\":3,\"name\":\"Po\u00eales &amp; Foyers\",\"item\":\"https:\/\/staging.belleflamme.ca\/fr\/categories\/poeles-et-foyers\/\"},{\"@type\":\"ListItem\",\"position\":4,\"name\":\"Po\u00eale &amp; Foyer au Gaz\",\"item\":\"https:\/\/staging.belleflamme.ca\/fr\/categories\/poeles-et-foyers\/poeles-foyer-au-gaz\/\"},{\"@type\":\"ListItem\",\"position\":5,\"name\":\"Encastrables au Gaz\",\"item\":\"https:\/\/staging.belleflamme.ca\/fr\/categories\/poeles-et-foyers\/poeles-foyer-au-gaz\/encastrables-au-gaz\/\"},{\"@type\":\"ListItem\",\"position\":6,\"name\":\"Foyer au gaz Encastrable Wilderness 34 de Ortal\"}]},{\"@type\":\"WebSite\",\"@id\":\"https:\/\/www.belleflamme.ca\/fr\/#website\",\"url\":\"https:\/\/www.belleflamme.ca\/fr\/\",\"name\":\"Groupe Belleflamme\",\"description\":\"La m\u00e9canique du b\u00e2timent dans le sang.\",\"publisher\":{\"@id\":\"https:\/\/www.belleflamme.ca\/fr\/#organization\"},\"potentialAction\":[{\"@type\":\"SearchAction\",\"target\":{\"@type\":\"EntryPoint\",\"urlTemplate\":\"https:\/\/www.belleflamme.ca\/fr\/?s={search_term_string}\"},\"query-input\":{\"@type\":\"PropertyValueSpecification\",\"valueRequired\":true,\"valueName\":\"search_term_string\"}}],\"inLanguage\":\"fr-FR\"},{\"@type\":[\"Organization\",\"Place\"],\"@id\":\"https:\/\/www.belleflamme.ca\/fr\/#organization\",\"name\":\"Groupe Belleflamme\",\"alternateName\":\"Belleflamme\",\"url\":\"https:\/\/www.belleflamme.ca\/fr\/\",\"logo\":{\"@type\":\"ImageObject\",\"inLanguage\":\"fr-FR\",\"@id\":\"https:\/\/www.belleflamme.ca\/fr\/#\/schema\/logo\/image\/\",\"url\":\"https:\/\/staging.belleflamme.ca\/wp-content\/uploads\/2023\/01\/og-image.jpg\",\"contentUrl\":\"https:\/\/staging.belleflamme.ca\/wp-content\/uploads\/2023\/01\/og-image.jpg\",\"width\":1200,\"height\":630,\"caption\":\"Groupe Belleflamme\"},\"image\":{\"@id\":\"https:\/\/www.belleflamme.ca\/fr\/#\/schema\/logo\/image\/\"},\"sameAs\":[\"https:\/\/www.facebook.com\/belleflamme.ca\/\",\"https:\/\/www.linkedin.com\/company\/belleflamme\/\",\"https:\/\/www.pinterest.ca\/groupebelleflamme\/\",\"https:\/\/www.instagram.com\/legroupebelleflamme\/\"],\"mainEntityOfPage\":{\"@id\":\"https:\/\/staging.belleflamme.ca\/fr\/produit\/foyer-au-bois-encastrable-wilderness-34-de-ortal\/\"}}]}<\/script>\n<meta property=\"product:brand\" content=\"Ortal\" \/>\n<meta property=\"product:price:amount\" content=\"0.00\" \/>\n<meta property=\"product:price:currency\" content=\"CAD\" \/>\n<meta property=\"og:availability\" content=\"instock\" \/>\n<meta property=\"product:availability\" content=\"instock\" \/>\n<meta property=\"product:retailer_item_id\" content=\"US34XXINPAWNXX\" \/>\n<meta property=\"product:condition\" content=\"new\" \/>\n<!-- \/ Yoast SEO Premium plugin. -->","yoast_head_json":{"title":"Foyer au gaz Encastrable Wilderness 34 de Ortal - Groupe BelleFlamme","description":"Foyer au bois Encastrable Wilderness 34 de Ortal vendu et install\u00e9 par le Groupe Belleflamme. Laval, Montr\u00e9al, Gatineau et Saint-Sauveur.","robots":{"index":"index","follow":"follow","max-snippet":"max-snippet:-1","max-image-preview":"max-image-preview:large","max-video-preview":"max-video-preview:-1"},"canonical":"https:\/\/staging.belleflamme.ca\/fr\/produit\/foyer-au-bois-encastrable-wilderness-34-de-ortal\/","og_locale":"fr_FR","og_type":"article","og_title":"Foyer au gaz Encastrable Wilderness 34 de Ortal","og_description":"Foyer au bois Encastrable Wilderness 34 de Ortal vendu et install\u00e9 par le Groupe Belleflamme. Laval, Montr\u00e9al, Gatineau et Saint-Sauveur.","og_url":"https:\/\/staging.belleflamme.ca\/fr\/produit\/foyer-au-bois-encastrable-wilderness-34-de-ortal\/","og_site_name":"Groupe BelleFlamme","article_publisher":"https:\/\/www.facebook.com\/belleflamme.ca\/","article_modified_time":"2025-01-31T16:27:01+00:00","og_image":[{"width":1920,"height":1080,"url":"https:\/\/www.belleflamme.ca\/wp-content\/uploads\/2024\/08\/Foyer-au-bois-Encastrable-Wilderness-34-de-Ortal.jpeg","type":"image\/jpeg"}],"twitter_card":"summary_large_image","twitter_misc":{"Prix":"","Disponibilit\u00e9":"En stock"},"schema":{"@context":"https:\/\/schema.org","@graph":[{"@type":["WebPage","ItemPage"],"@id":"https:\/\/staging.belleflamme.ca\/fr\/produit\/foyer-au-bois-encastrable-wilderness-34-de-ortal\/","url":"https:\/\/staging.belleflamme.ca\/fr\/produit\/foyer-au-bois-encastrable-wilderness-34-de-ortal\/","name":"Foyer au gaz Encastrable Wilderness 34 de Ortal - Groupe BelleFlamme","isPartOf":{"@id":"https:\/\/www.belleflamme.ca\/fr\/#website"},"primaryImageOfPage":{"@id":"https:\/\/staging.belleflamme.ca\/fr\/produit\/foyer-au-bois-encastrable-wilderness-34-de-ortal\/#primaryimage"},"image":{"@id":"https:\/\/staging.belleflamme.ca\/fr\/produit\/foyer-au-bois-encastrable-wilderness-34-de-ortal\/#primaryimage"},"thumbnailUrl":"https:\/\/staging.belleflamme.ca\/wp-content\/uploads\/2024\/08\/Foyer-au-bois-Encastrable-Wilderness-34-de-Ortal.jpeg","datePublished":"2024-08-26T18:53:10+00:00","dateModified":"2025-01-31T16:27:01+00:00","description":"Foyer au bois Encastrable Wilderness 34 de Ortal vendu et install\u00e9 par le Groupe Belleflamme. Laval, Montr\u00e9al, Gatineau et Saint-Sauveur.","breadcrumb":{"@id":"https:\/\/staging.belleflamme.ca\/fr\/produit\/foyer-au-bois-encastrable-wilderness-34-de-ortal\/#breadcrumb"},"inLanguage":"fr-FR","potentialAction":[{"@type":"ReadAction","target":["https:\/\/staging.belleflamme.ca\/fr\/produit\/foyer-au-bois-encastrable-wilderness-34-de-ortal\/"]}]},{"@type":"ImageObject","inLanguage":"fr-FR","@id":"https:\/\/staging.belleflamme.ca\/fr\/produit\/foyer-au-bois-encastrable-wilderness-34-de-ortal\/#primaryimage","url":"https:\/\/staging.belleflamme.ca\/wp-content\/uploads\/2024\/08\/Foyer-au-bois-Encastrable-Wilderness-34-de-Ortal.jpeg","contentUrl":"https:\/\/staging.belleflamme.ca\/wp-content\/uploads\/2024\/08\/Foyer-au-bois-Encastrable-Wilderness-34-de-Ortal.jpeg","width":1920,"height":1080,"caption":"Foyer au bois Encastrable Wilderness 34 de Ortal"},{"@type":"BreadcrumbList","@id":"https:\/\/staging.belleflamme.ca\/fr\/produit\/foyer-au-bois-encastrable-wilderness-34-de-ortal\/#breadcrumb","itemListElement":[{"@type":"ListItem","position":1,"name":"Accueil","item":"https:\/\/www.belleflamme.ca\/fr\/"},{"@type":"ListItem","position":2,"name":"Boutique","item":"https:\/\/www.belleflamme.ca\/fr\/boutique\/"},{"@type":"ListItem","position":3,"name":"Po\u00eales &amp; Foyers","item":"https:\/\/staging.belleflamme.ca\/fr\/categories\/poeles-et-foyers\/"},{"@type":"ListItem","position":4,"name":"Po\u00eale &amp; Foyer au Gaz","item":"https:\/\/staging.belleflamme.ca\/fr\/categories\/poeles-et-foyers\/poeles-foyer-au-gaz\/"},{"@type":"ListItem","position":5,"name":"Encastrables au Gaz","item":"https:\/\/staging.belleflamme.ca\/fr\/categories\/poeles-et-foyers\/poeles-foyer-au-gaz\/encastrables-au-gaz\/"},{"@type":"ListItem","position":6,"name":"Foyer au gaz Encastrable Wilderness 34 de Ortal"}]},{"@type":"WebSite","@id":"https:\/\/www.belleflamme.ca\/fr\/#website","url":"https:\/\/www.belleflamme.ca\/fr\/","name":"Groupe Belleflamme","description":"La m\u00e9canique du b\u00e2timent dans le sang.","publisher":{"@id":"https:\/\/www.belleflamme.ca\/fr\/#organization"},"potentialAction":[{"@type":"SearchAction","target":{"@type":"EntryPoint","urlTemplate":"https:\/\/www.belleflamme.ca\/fr\/?s={search_term_string}"},"query-input":{"@type":"PropertyValueSpecification","valueRequired":true,"valueName":"search_term_string"}}],"inLanguage":"fr-FR"},{"@type":["Organization","Place"],"@id":"https:\/\/www.belleflamme.ca\/fr\/#organization","name":"Groupe Belleflamme","alternateName":"Belleflamme","url":"https:\/\/www.belleflamme.ca\/fr\/","logo":{"@type":"ImageObject","inLanguage":"fr-FR","@id":"https:\/\/www.belleflamme.ca\/fr\/#\/schema\/logo\/image\/","url":"https:\/\/staging.belleflamme.ca\/wp-content\/uploads\/2023\/01\/og-image.jpg","contentUrl":"https:\/\/staging.belleflamme.ca\/wp-content\/uploads\/2023\/01\/og-image.jpg","width":1200,"height":630,"caption":"Groupe Belleflamme"},"image":{"@id":"https:\/\/www.belleflamme.ca\/fr\/#\/schema\/logo\/image\/"},"sameAs":["https:\/\/www.facebook.com\/belleflamme.ca\/","https:\/\/www.linkedin.com\/company\/belleflamme\/","https:\/\/www.pinterest.ca\/groupebelleflamme\/","https:\/\/www.instagram.com\/legroupebelleflamme\/"],"mainEntityOfPage":{"@id":"https:\/\/staging.belleflamme.ca\/fr\/produit\/foyer-au-bois-encastrable-wilderness-34-de-ortal\/"}}]},"product_brand":"Ortal","product_price_amount":"0.00","product_price_currency":"CAD","og_availability":"instock","product_availability":"instock","product_retailer_item_id":"US34XXINPAWNXX","product_condition":"new"},"_links":{"self":[{"href":"https:\/\/staging.belleflamme.ca\/fr\/wp-json\/wp\/v2\/product\/42886","targetHints":{"allow":["GET"]}}],"collection":[{"href":"https:\/\/staging.belleflamme.ca\/fr\/wp-json\/wp\/v2\/product"}],"about":[{"href":"https:\/\/staging.belleflamme.ca\/fr\/wp-json\/wp\/v2\/types\/product"}],"version-history":[{"count":7,"href":"https:\/\/staging.belleflamme.ca\/fr\/wp-json\/wp\/v2\/product\/42886\/revisions"}],"predecessor-version":[{"id":43439,"href":"https:\/\/staging.belleflamme.ca\/fr\/wp-json\/wp\/v2\/product\/42886\/revisions\/43439"}],"wp:featuredmedia":[{"embeddable":true,"href":"https:\/\/staging.belleflamme.ca\/fr\/wp-json\/wp\/v2\/media\/42887"}],"wp:attachment":[{"href":"https:\/\/staging.belleflamme.ca\/fr\/wp-json\/wp\/v2\/media?parent=42886"}],"wp:term":[{"taxonomy":"product_brand","embeddable":true,"href":"https:\/\/staging.belleflamme.ca\/fr\/wp-json\/wp\/v2\/product_brand?post=42886"},{"taxonomy":"product_cat","embeddable":true,"href":"https:\/\/staging.belleflamme.ca\/fr\/wp-json\/wp\/v2\/product_cat?post=42886"},{"taxonomy":"product_tag","embeddable":true,"href":"https:\/\/staging.belleflamme.ca\/fr\/wp-json\/wp\/v2\/product_tag?post=42886"}],"curies":[{"name":"wp","href":"https:\/\/api.w.org\/{rel}","templated":true}]}}