{"id":42367,"date":"2024-07-05T13:29:40","date_gmt":"2024-07-05T17:29:40","guid":{"rendered":"https:\/\/www.belleflamme.ca\/?post_type=product&#038;p=42367"},"modified":"2024-07-10T14:59:20","modified_gmt":"2024-07-10T18:59:20","slug":"collet-decoratif-tuyau-de-poele-simple-paroi-duratech-de-duravent","status":"publish","type":"product","link":"https:\/\/staging.belleflamme.ca\/fr\/produit\/collet-decoratif-tuyau-de-poele-simple-paroi-duratech-de-duravent\/","title":{"rendered":"Collet d\u00e9coratif tuyau de po\u00eale simple paroi DuraTech de Duravent"},"content":{"rendered":"<p>Utilis\u00e9 dans les installations \u00e0 travers le mur. Fournit une finition d\u00e9corative entre la chemin\u00e9e et le tuyau de po\u00eale \u00e0 paroi simple.<\/p>\n<p><img fetchpriority=\"high\" decoding=\"async\" class=\"alignnone size-full wp-image-42375\" src=\"https:\/\/www.belleflamme.ca\/wp-content\/uploads\/2024\/07\/2024-07-05-13_29_09-L875F_810009412-_Catalog_DuraTech-Canada-FRENCH_02-2022_V8.pdf.png\" alt=\"\" width=\"358\" height=\"197\" srcset=\"https:\/\/staging.belleflamme.ca\/wp-content\/uploads\/2024\/07\/2024-07-05-13_29_09-L875F_810009412-_Catalog_DuraTech-Canada-FRENCH_02-2022_V8.pdf.png 358w, https:\/\/staging.belleflamme.ca\/wp-content\/uploads\/2024\/07\/2024-07-05-13_29_09-L875F_810009412-_Catalog_DuraTech-Canada-FRENCH_02-2022_V8.pdf-300x165.png 300w\" sizes=\"(max-width: 358px) 100vw, 358px\" \/><\/p>\n<p><img decoding=\"async\" class=\"alignnone size-full wp-image-42373\" src=\"https:\/\/www.belleflamme.ca\/wp-content\/uploads\/2024\/07\/2024-07-05-13_29_16-L875F_810009412-_Catalog_DuraTech-Canada-FRENCH_02-2022_V8.pdf.png\" alt=\"\" width=\"586\" height=\"176\" srcset=\"https:\/\/staging.belleflamme.ca\/wp-content\/uploads\/2024\/07\/2024-07-05-13_29_16-L875F_810009412-_Catalog_DuraTech-Canada-FRENCH_02-2022_V8.pdf.png 586w, https:\/\/staging.belleflamme.ca\/wp-content\/uploads\/2024\/07\/2024-07-05-13_29_16-L875F_810009412-_Catalog_DuraTech-Canada-FRENCH_02-2022_V8.pdf-300x90.png 300w\" sizes=\"(max-width: 586px) 100vw, 586px\" \/><\/p>\n","protected":false},"excerpt":{"rendered":"<p>Utilis\u00e9 dans les installations \u00e0 travers le mur. Fournit une finition d\u00e9corative entre la chemin\u00e9e et le tuyau de po\u00eale \u00e0 paroi simple.<\/p>\n","protected":false},"featured_media":42368,"template":"","meta":{"inline_featured_image":false},"product_brand":[1686],"product_cat":[95,1688,45],"product_tag":[],"class_list":{"0":"post-42367","1":"product","2":"type-product","3":"status-publish","4":"has-post-thumbnail","6":"product_brand-duravent","7":"product_cat-cheminees","8":"product_cat-duravent","9":"product_cat-cheminees-pieces-accessoires","11":"first","12":"instock","13":"taxable","14":"shipping-taxable","15":"purchasable","16":"product-type-variable"},"yoast_head":"<!-- This site is optimized with the Yoast SEO Premium plugin v24.2 (Yoast SEO v24.2) - https:\/\/yoast.com\/wordpress\/plugins\/seo\/ -->\n<title>Collet d\u00e9coratif tuyau de po\u00eale simple paroi DuraTech de Duravent - Groupe BelleFlamme<\/title>\n<meta name=\"description\" content=\"Collet d\u00e9coratif tuyau de po\u00eale simple paroi DuraTech de Duravent vendu et install\u00e9 par le Groupe Belleflamme. Laval, Montr\u00e9al, Gatineau et Saint-Sauveur.\" \/>\n<meta name=\"robots\" content=\"index, follow, max-snippet:-1, max-image-preview:large, max-video-preview:-1\" \/>\n<link rel=\"canonical\" href=\"https:\/\/staging.belleflamme.ca\/fr\/produit\/collet-decoratif-tuyau-de-poele-simple-paroi-duratech-de-duravent\/\" \/>\n<meta property=\"og:locale\" content=\"fr_FR\" \/>\n<meta property=\"og:type\" content=\"article\" \/>\n<meta property=\"og:title\" content=\"Collet d\u00e9coratif tuyau de po\u00eale simple paroi DuraTech de Duravent\" \/>\n<meta property=\"og:description\" content=\"Collet d\u00e9coratif tuyau de po\u00eale simple paroi DuraTech de Duravent vendu et install\u00e9 par le Groupe Belleflamme. Laval, Montr\u00e9al, Gatineau et Saint-Sauveur.\" \/>\n<meta property=\"og:url\" content=\"https:\/\/staging.belleflamme.ca\/fr\/produit\/collet-decoratif-tuyau-de-poele-simple-paroi-duratech-de-duravent\/\" \/>\n<meta property=\"og:site_name\" content=\"Groupe BelleFlamme\" \/>\n<meta property=\"article:publisher\" content=\"https:\/\/www.facebook.com\/belleflamme.ca\/\" \/>\n<meta property=\"article:modified_time\" content=\"2024-07-10T18:59:20+00:00\" \/>\n<meta property=\"og:image\" content=\"https:\/\/www.belleflamme.ca\/wp-content\/uploads\/2024\/07\/Collet-decoratif-tuyau-de-poele-simple-paroi-DuraTech-de-Duravent.png\" \/>\n\t<meta property=\"og:image:width\" content=\"1000\" \/>\n\t<meta property=\"og:image:height\" content=\"1000\" \/>\n\t<meta property=\"og:image:type\" content=\"image\/png\" \/>\n<meta name=\"twitter:card\" content=\"summary_large_image\" \/>\n<meta name=\"twitter:label1\" content=\"Disponibilit\u00e9\" \/>\n\t<meta name=\"twitter:data1\" content=\"En stock\" \/>\n<script type=\"application\/ld+json\" class=\"yoast-schema-graph\">{\"@context\":\"https:\/\/schema.org\",\"@graph\":[{\"@type\":[\"WebPage\",\"ItemPage\"],\"@id\":\"https:\/\/staging.belleflamme.ca\/fr\/produit\/collet-decoratif-tuyau-de-poele-simple-paroi-duratech-de-duravent\/\",\"url\":\"https:\/\/staging.belleflamme.ca\/fr\/produit\/collet-decoratif-tuyau-de-poele-simple-paroi-duratech-de-duravent\/\",\"name\":\"Collet d\u00e9coratif tuyau de po\u00eale simple paroi DuraTech de Duravent - Groupe BelleFlamme\",\"isPartOf\":{\"@id\":\"https:\/\/www.belleflamme.ca\/fr\/#website\"},\"primaryImageOfPage\":{\"@id\":\"https:\/\/staging.belleflamme.ca\/fr\/produit\/collet-decoratif-tuyau-de-poele-simple-paroi-duratech-de-duravent\/#primaryimage\"},\"image\":{\"@id\":\"https:\/\/staging.belleflamme.ca\/fr\/produit\/collet-decoratif-tuyau-de-poele-simple-paroi-duratech-de-duravent\/#primaryimage\"},\"thumbnailUrl\":\"https:\/\/staging.belleflamme.ca\/wp-content\/uploads\/2024\/07\/Collet-decoratif-tuyau-de-poele-simple-paroi-DuraTech-de-Duravent.png\",\"datePublished\":\"2024-07-05T17:29:40+00:00\",\"dateModified\":\"2024-07-10T18:59:20+00:00\",\"description\":\"Collet d\u00e9coratif tuyau de po\u00eale simple paroi DuraTech de Duravent vendu et install\u00e9 par le Groupe Belleflamme. Laval, Montr\u00e9al, Gatineau et Saint-Sauveur.\",\"breadcrumb\":{\"@id\":\"https:\/\/staging.belleflamme.ca\/fr\/produit\/collet-decoratif-tuyau-de-poele-simple-paroi-duratech-de-duravent\/#breadcrumb\"},\"inLanguage\":\"fr-FR\",\"potentialAction\":[{\"@type\":\"ReadAction\",\"target\":[\"https:\/\/staging.belleflamme.ca\/fr\/produit\/collet-decoratif-tuyau-de-poele-simple-paroi-duratech-de-duravent\/\"]}]},{\"@type\":\"ImageObject\",\"inLanguage\":\"fr-FR\",\"@id\":\"https:\/\/staging.belleflamme.ca\/fr\/produit\/collet-decoratif-tuyau-de-poele-simple-paroi-duratech-de-duravent\/#primaryimage\",\"url\":\"https:\/\/staging.belleflamme.ca\/wp-content\/uploads\/2024\/07\/Collet-decoratif-tuyau-de-poele-simple-paroi-DuraTech-de-Duravent.png\",\"contentUrl\":\"https:\/\/staging.belleflamme.ca\/wp-content\/uploads\/2024\/07\/Collet-decoratif-tuyau-de-poele-simple-paroi-DuraTech-de-Duravent.png\",\"width\":1000,\"height\":1000,\"caption\":\"Collet d\u00e9coratif tuyau de po\u00eale simple paroi DuraTech de Duravent\"},{\"@type\":\"BreadcrumbList\",\"@id\":\"https:\/\/staging.belleflamme.ca\/fr\/produit\/collet-decoratif-tuyau-de-poele-simple-paroi-duratech-de-duravent\/#breadcrumb\",\"itemListElement\":[{\"@type\":\"ListItem\",\"position\":1,\"name\":\"Accueil\",\"item\":\"https:\/\/www.belleflamme.ca\/fr\/\"},{\"@type\":\"ListItem\",\"position\":2,\"name\":\"Boutique\",\"item\":\"https:\/\/www.belleflamme.ca\/fr\/boutique\/\"},{\"@type\":\"ListItem\",\"position\":3,\"name\":\"Chemin\u00e9es, Pi\u00e8ces &amp; Accessoires\",\"item\":\"https:\/\/staging.belleflamme.ca\/fr\/categories\/cheminees-pieces-accessoires\/\"},{\"@type\":\"ListItem\",\"position\":4,\"name\":\"Chemin\u00e9es\",\"item\":\"https:\/\/staging.belleflamme.ca\/fr\/categories\/cheminees-pieces-accessoires\/cheminees\/\"},{\"@type\":\"ListItem\",\"position\":5,\"name\":\"Duravent\",\"item\":\"https:\/\/staging.belleflamme.ca\/fr\/categories\/cheminees-pieces-accessoires\/cheminees\/duravent\/\"},{\"@type\":\"ListItem\",\"position\":6,\"name\":\"Collet d\u00e9coratif tuyau de po\u00eale simple paroi DuraTech de Duravent\"}]},{\"@type\":\"WebSite\",\"@id\":\"https:\/\/www.belleflamme.ca\/fr\/#website\",\"url\":\"https:\/\/www.belleflamme.ca\/fr\/\",\"name\":\"Groupe Belleflamme\",\"description\":\"La m\u00e9canique du b\u00e2timent dans le sang.\",\"publisher\":{\"@id\":\"https:\/\/www.belleflamme.ca\/fr\/#organization\"},\"potentialAction\":[{\"@type\":\"SearchAction\",\"target\":{\"@type\":\"EntryPoint\",\"urlTemplate\":\"https:\/\/www.belleflamme.ca\/fr\/?s={search_term_string}\"},\"query-input\":{\"@type\":\"PropertyValueSpecification\",\"valueRequired\":true,\"valueName\":\"search_term_string\"}}],\"inLanguage\":\"fr-FR\"},{\"@type\":[\"Organization\",\"Place\"],\"@id\":\"https:\/\/www.belleflamme.ca\/fr\/#organization\",\"name\":\"Groupe Belleflamme\",\"alternateName\":\"Belleflamme\",\"url\":\"https:\/\/www.belleflamme.ca\/fr\/\",\"logo\":{\"@type\":\"ImageObject\",\"inLanguage\":\"fr-FR\",\"@id\":\"https:\/\/www.belleflamme.ca\/fr\/#\/schema\/logo\/image\/\",\"url\":\"https:\/\/staging.belleflamme.ca\/wp-content\/uploads\/2023\/01\/og-image.jpg\",\"contentUrl\":\"https:\/\/staging.belleflamme.ca\/wp-content\/uploads\/2023\/01\/og-image.jpg\",\"width\":1200,\"height\":630,\"caption\":\"Groupe Belleflamme\"},\"image\":{\"@id\":\"https:\/\/www.belleflamme.ca\/fr\/#\/schema\/logo\/image\/\"},\"sameAs\":[\"https:\/\/www.facebook.com\/belleflamme.ca\/\",\"https:\/\/www.linkedin.com\/company\/belleflamme\/\",\"https:\/\/www.pinterest.ca\/groupebelleflamme\/\",\"https:\/\/www.instagram.com\/legroupebelleflamme\/\"],\"mainEntityOfPage\":{\"@id\":\"https:\/\/staging.belleflamme.ca\/fr\/produit\/collet-decoratif-tuyau-de-poele-simple-paroi-duratech-de-duravent\/\"}}]}<\/script>\n<meta property=\"product:brand\" content=\"Duravent\" \/>\n<meta property=\"og:availability\" content=\"instock\" \/>\n<meta property=\"product:availability\" content=\"instock\" \/>\n<meta property=\"product:condition\" content=\"new\" \/>\n<!-- \/ Yoast SEO Premium plugin. -->","yoast_head_json":{"title":"Collet d\u00e9coratif tuyau de po\u00eale simple paroi DuraTech de Duravent - Groupe BelleFlamme","description":"Collet d\u00e9coratif tuyau de po\u00eale simple paroi DuraTech de Duravent vendu et install\u00e9 par le Groupe Belleflamme. Laval, Montr\u00e9al, Gatineau et Saint-Sauveur.","robots":{"index":"index","follow":"follow","max-snippet":"max-snippet:-1","max-image-preview":"max-image-preview:large","max-video-preview":"max-video-preview:-1"},"canonical":"https:\/\/staging.belleflamme.ca\/fr\/produit\/collet-decoratif-tuyau-de-poele-simple-paroi-duratech-de-duravent\/","og_locale":"fr_FR","og_type":"article","og_title":"Collet d\u00e9coratif tuyau de po\u00eale simple paroi DuraTech de Duravent","og_description":"Collet d\u00e9coratif tuyau de po\u00eale simple paroi DuraTech de Duravent vendu et install\u00e9 par le Groupe Belleflamme. Laval, Montr\u00e9al, Gatineau et Saint-Sauveur.","og_url":"https:\/\/staging.belleflamme.ca\/fr\/produit\/collet-decoratif-tuyau-de-poele-simple-paroi-duratech-de-duravent\/","og_site_name":"Groupe BelleFlamme","article_publisher":"https:\/\/www.facebook.com\/belleflamme.ca\/","article_modified_time":"2024-07-10T18:59:20+00:00","og_image":[{"width":1000,"height":1000,"url":"https:\/\/www.belleflamme.ca\/wp-content\/uploads\/2024\/07\/Collet-decoratif-tuyau-de-poele-simple-paroi-DuraTech-de-Duravent.png","type":"image\/png"}],"twitter_card":"summary_large_image","twitter_misc":{"Disponibilit\u00e9":"En stock"},"schema":{"@context":"https:\/\/schema.org","@graph":[{"@type":["WebPage","ItemPage"],"@id":"https:\/\/staging.belleflamme.ca\/fr\/produit\/collet-decoratif-tuyau-de-poele-simple-paroi-duratech-de-duravent\/","url":"https:\/\/staging.belleflamme.ca\/fr\/produit\/collet-decoratif-tuyau-de-poele-simple-paroi-duratech-de-duravent\/","name":"Collet d\u00e9coratif tuyau de po\u00eale simple paroi DuraTech de Duravent - Groupe BelleFlamme","isPartOf":{"@id":"https:\/\/www.belleflamme.ca\/fr\/#website"},"primaryImageOfPage":{"@id":"https:\/\/staging.belleflamme.ca\/fr\/produit\/collet-decoratif-tuyau-de-poele-simple-paroi-duratech-de-duravent\/#primaryimage"},"image":{"@id":"https:\/\/staging.belleflamme.ca\/fr\/produit\/collet-decoratif-tuyau-de-poele-simple-paroi-duratech-de-duravent\/#primaryimage"},"thumbnailUrl":"https:\/\/staging.belleflamme.ca\/wp-content\/uploads\/2024\/07\/Collet-decoratif-tuyau-de-poele-simple-paroi-DuraTech-de-Duravent.png","datePublished":"2024-07-05T17:29:40+00:00","dateModified":"2024-07-10T18:59:20+00:00","description":"Collet d\u00e9coratif tuyau de po\u00eale simple paroi DuraTech de Duravent vendu et install\u00e9 par le Groupe Belleflamme. Laval, Montr\u00e9al, Gatineau et Saint-Sauveur.","breadcrumb":{"@id":"https:\/\/staging.belleflamme.ca\/fr\/produit\/collet-decoratif-tuyau-de-poele-simple-paroi-duratech-de-duravent\/#breadcrumb"},"inLanguage":"fr-FR","potentialAction":[{"@type":"ReadAction","target":["https:\/\/staging.belleflamme.ca\/fr\/produit\/collet-decoratif-tuyau-de-poele-simple-paroi-duratech-de-duravent\/"]}]},{"@type":"ImageObject","inLanguage":"fr-FR","@id":"https:\/\/staging.belleflamme.ca\/fr\/produit\/collet-decoratif-tuyau-de-poele-simple-paroi-duratech-de-duravent\/#primaryimage","url":"https:\/\/staging.belleflamme.ca\/wp-content\/uploads\/2024\/07\/Collet-decoratif-tuyau-de-poele-simple-paroi-DuraTech-de-Duravent.png","contentUrl":"https:\/\/staging.belleflamme.ca\/wp-content\/uploads\/2024\/07\/Collet-decoratif-tuyau-de-poele-simple-paroi-DuraTech-de-Duravent.png","width":1000,"height":1000,"caption":"Collet d\u00e9coratif tuyau de po\u00eale simple paroi DuraTech de Duravent"},{"@type":"BreadcrumbList","@id":"https:\/\/staging.belleflamme.ca\/fr\/produit\/collet-decoratif-tuyau-de-poele-simple-paroi-duratech-de-duravent\/#breadcrumb","itemListElement":[{"@type":"ListItem","position":1,"name":"Accueil","item":"https:\/\/www.belleflamme.ca\/fr\/"},{"@type":"ListItem","position":2,"name":"Boutique","item":"https:\/\/www.belleflamme.ca\/fr\/boutique\/"},{"@type":"ListItem","position":3,"name":"Chemin\u00e9es, Pi\u00e8ces &amp; Accessoires","item":"https:\/\/staging.belleflamme.ca\/fr\/categories\/cheminees-pieces-accessoires\/"},{"@type":"ListItem","position":4,"name":"Chemin\u00e9es","item":"https:\/\/staging.belleflamme.ca\/fr\/categories\/cheminees-pieces-accessoires\/cheminees\/"},{"@type":"ListItem","position":5,"name":"Duravent","item":"https:\/\/staging.belleflamme.ca\/fr\/categories\/cheminees-pieces-accessoires\/cheminees\/duravent\/"},{"@type":"ListItem","position":6,"name":"Collet d\u00e9coratif tuyau de po\u00eale simple paroi DuraTech de Duravent"}]},{"@type":"WebSite","@id":"https:\/\/www.belleflamme.ca\/fr\/#website","url":"https:\/\/www.belleflamme.ca\/fr\/","name":"Groupe Belleflamme","description":"La m\u00e9canique du b\u00e2timent dans le sang.","publisher":{"@id":"https:\/\/www.belleflamme.ca\/fr\/#organization"},"potentialAction":[{"@type":"SearchAction","target":{"@type":"EntryPoint","urlTemplate":"https:\/\/www.belleflamme.ca\/fr\/?s={search_term_string}"},"query-input":{"@type":"PropertyValueSpecification","valueRequired":true,"valueName":"search_term_string"}}],"inLanguage":"fr-FR"},{"@type":["Organization","Place"],"@id":"https:\/\/www.belleflamme.ca\/fr\/#organization","name":"Groupe Belleflamme","alternateName":"Belleflamme","url":"https:\/\/www.belleflamme.ca\/fr\/","logo":{"@type":"ImageObject","inLanguage":"fr-FR","@id":"https:\/\/www.belleflamme.ca\/fr\/#\/schema\/logo\/image\/","url":"https:\/\/staging.belleflamme.ca\/wp-content\/uploads\/2023\/01\/og-image.jpg","contentUrl":"https:\/\/staging.belleflamme.ca\/wp-content\/uploads\/2023\/01\/og-image.jpg","width":1200,"height":630,"caption":"Groupe Belleflamme"},"image":{"@id":"https:\/\/www.belleflamme.ca\/fr\/#\/schema\/logo\/image\/"},"sameAs":["https:\/\/www.facebook.com\/belleflamme.ca\/","https:\/\/www.linkedin.com\/company\/belleflamme\/","https:\/\/www.pinterest.ca\/groupebelleflamme\/","https:\/\/www.instagram.com\/legroupebelleflamme\/"],"mainEntityOfPage":{"@id":"https:\/\/staging.belleflamme.ca\/fr\/produit\/collet-decoratif-tuyau-de-poele-simple-paroi-duratech-de-duravent\/"}}]},"product_brand":"Duravent","og_availability":"instock","product_availability":"instock","product_condition":"new"},"_links":{"self":[{"href":"https:\/\/staging.belleflamme.ca\/fr\/wp-json\/wp\/v2\/product\/42367","targetHints":{"allow":["GET"]}}],"collection":[{"href":"https:\/\/staging.belleflamme.ca\/fr\/wp-json\/wp\/v2\/product"}],"about":[{"href":"https:\/\/staging.belleflamme.ca\/fr\/wp-json\/wp\/v2\/types\/product"}],"version-history":[{"count":1,"href":"https:\/\/staging.belleflamme.ca\/fr\/wp-json\/wp\/v2\/product\/42367\/revisions"}],"predecessor-version":[{"id":42377,"href":"https:\/\/staging.belleflamme.ca\/fr\/wp-json\/wp\/v2\/product\/42367\/revisions\/42377"}],"wp:featuredmedia":[{"embeddable":true,"href":"https:\/\/staging.belleflamme.ca\/fr\/wp-json\/wp\/v2\/media\/42368"}],"wp:attachment":[{"href":"https:\/\/staging.belleflamme.ca\/fr\/wp-json\/wp\/v2\/media?parent=42367"}],"wp:term":[{"taxonomy":"product_brand","embeddable":true,"href":"https:\/\/staging.belleflamme.ca\/fr\/wp-json\/wp\/v2\/product_brand?post=42367"},{"taxonomy":"product_cat","embeddable":true,"href":"https:\/\/staging.belleflamme.ca\/fr\/wp-json\/wp\/v2\/product_cat?post=42367"},{"taxonomy":"product_tag","embeddable":true,"href":"https:\/\/staging.belleflamme.ca\/fr\/wp-json\/wp\/v2\/product_tag?post=42367"}],"curies":[{"name":"wp","href":"https:\/\/api.w.org\/{rel}","templated":true}]}}