{"id":41860,"date":"2024-07-05T10:40:58","date_gmt":"2024-07-05T14:40:58","guid":{"rendered":"https:\/\/www.belleflamme.ca\/?post_type=product&#038;p=41860"},"modified":"2024-07-10T15:06:08","modified_gmt":"2024-07-10T19:06:08","slug":"support-de-toit-universel-de-10-pouces","status":"publish","type":"product","link":"https:\/\/staging.belleflamme.ca\/fr\/produit\/support-de-toit-universel-de-10-pouces\/","title":{"rendered":"Support de toit (UNIVERSEL) de 10 pouces"},"content":{"rendered":"<p>Le support de toit est polyvalent. Un collet universel permet de l\u2019adapter \u00e0 une chemin\u00e9e de 5 po (12,7 cm), 6 po (15,2 cm), 7 po (17,7 cm) ou 8 po (20,32 cm). Il s\u2019utilise g\u00e9n\u00e9ralement pour supporter une chemin\u00e9e au niveau du toit. Les plaques de montage se r\u00e8glent ais\u00e9ment pour s\u2019adapter \u00e0 toute pente de toit. Il peut aussi \u00eatre utilis\u00e9 en tant que re-support lorsqu\u2019il est plac\u00e9 sur un plancher ou mont\u00e9 sur un plafond; ou en tant que support d\u00e9viation. Pour plus de d\u00e9tails, consultez les instructions.<\/p>\n<p><img fetchpriority=\"high\" decoding=\"async\" class=\"alignnone size-full wp-image-41865\" src=\"https:\/\/www.belleflamme.ca\/wp-content\/uploads\/2024\/07\/2024-07-05-10_40_20-L875F_810009412-_Catalog_DuraTech-Canada-FRENCH_02-2022_V8.pdf.png\" alt=\"\" width=\"391\" height=\"142\" srcset=\"https:\/\/staging.belleflamme.ca\/wp-content\/uploads\/2024\/07\/2024-07-05-10_40_20-L875F_810009412-_Catalog_DuraTech-Canada-FRENCH_02-2022_V8.pdf.png 391w, https:\/\/staging.belleflamme.ca\/wp-content\/uploads\/2024\/07\/2024-07-05-10_40_20-L875F_810009412-_Catalog_DuraTech-Canada-FRENCH_02-2022_V8.pdf-300x109.png 300w\" sizes=\"(max-width: 391px) 100vw, 391px\" \/><\/p>\n<p><img decoding=\"async\" class=\"alignnone size-full wp-image-41863\" src=\"https:\/\/www.belleflamme.ca\/wp-content\/uploads\/2024\/07\/2024-07-05-10_40_29-L875F_810009412-_Catalog_DuraTech-Canada-FRENCH_02-2022_V8.pdf.png\" alt=\"\" width=\"579\" height=\"177\" srcset=\"https:\/\/staging.belleflamme.ca\/wp-content\/uploads\/2024\/07\/2024-07-05-10_40_29-L875F_810009412-_Catalog_DuraTech-Canada-FRENCH_02-2022_V8.pdf.png 579w, https:\/\/staging.belleflamme.ca\/wp-content\/uploads\/2024\/07\/2024-07-05-10_40_29-L875F_810009412-_Catalog_DuraTech-Canada-FRENCH_02-2022_V8.pdf-300x92.png 300w\" sizes=\"(max-width: 579px) 100vw, 579px\" \/><\/p>\n","protected":false},"excerpt":{"rendered":"<p>Le support de toit est polyvalent. Un collet universel permet de l\u2019adapter \u00e0 une chemin\u00e9e de 5 po (12,7 cm), 6 po (15,2 cm), 7 po (17,7 cm) ou 8 po (20,32 cm). Il s\u2019utilise g\u00e9n\u00e9ralement pour supporter une chemin\u00e9e au niveau du toit. Les plaques de montage se r\u00e8glent ais\u00e9ment pour s\u2019adapter \u00e0 toute [&hellip;]<\/p>\n","protected":false},"featured_media":41861,"template":"","meta":{"inline_featured_image":false},"product_brand":[1686],"product_cat":[95,1688,45],"product_tag":[],"class_list":{"0":"post-41860","1":"product","2":"type-product","3":"status-publish","4":"has-post-thumbnail","6":"product_brand-duravent","7":"product_cat-cheminees","8":"product_cat-duravent","9":"product_cat-cheminees-pieces-accessoires","11":"first","12":"instock","13":"taxable","14":"shipping-taxable","15":"purchasable","16":"product-type-simple"},"yoast_head":"<!-- This site is optimized with the Yoast SEO Premium plugin v24.2 (Yoast SEO v24.2) - https:\/\/yoast.com\/wordpress\/plugins\/seo\/ -->\n<title>Support de toit (UNIVERSEL) de 10 pouces - Groupe BelleFlamme<\/title>\n<meta name=\"description\" content=\"Support de toit (UNIVERSEL) de 10 pouces vendu et install\u00e9 par le Groupe Belleflamme. Laval, Montr\u00e9al, Gatineau et Saint-Sauveur.\" \/>\n<meta name=\"robots\" content=\"index, follow, max-snippet:-1, max-image-preview:large, max-video-preview:-1\" \/>\n<link rel=\"canonical\" href=\"https:\/\/staging.belleflamme.ca\/fr\/produit\/support-de-toit-universel-de-10-pouces\/\" \/>\n<meta property=\"og:locale\" content=\"fr_FR\" \/>\n<meta property=\"og:type\" content=\"article\" \/>\n<meta property=\"og:title\" content=\"Support de toit (UNIVERSEL) de 10 pouces\" \/>\n<meta property=\"og:description\" content=\"Support de toit (UNIVERSEL) de 10 pouces vendu et install\u00e9 par le Groupe Belleflamme. Laval, Montr\u00e9al, Gatineau et Saint-Sauveur.\" \/>\n<meta property=\"og:url\" content=\"https:\/\/staging.belleflamme.ca\/fr\/produit\/support-de-toit-universel-de-10-pouces\/\" \/>\n<meta property=\"og:site_name\" content=\"Groupe BelleFlamme\" \/>\n<meta property=\"article:publisher\" content=\"https:\/\/www.facebook.com\/belleflamme.ca\/\" \/>\n<meta property=\"article:modified_time\" content=\"2024-07-10T19:06:08+00:00\" \/>\n<meta property=\"og:image\" content=\"https:\/\/www.belleflamme.ca\/wp-content\/uploads\/2024\/07\/Support-de-toit-UNIVERSEL-de-10-pouces.png\" \/>\n\t<meta property=\"og:image:width\" content=\"1000\" \/>\n\t<meta property=\"og:image:height\" content=\"1000\" \/>\n\t<meta property=\"og:image:type\" content=\"image\/png\" \/>\n<meta name=\"twitter:card\" content=\"summary_large_image\" \/>\n<meta name=\"twitter:label1\" content=\"Prix\" \/>\n\t<meta name=\"twitter:data1\" content=\"&#036;139.94\" \/>\n\t<meta name=\"twitter:label2\" content=\"Disponibilit\u00e9\" \/>\n\t<meta name=\"twitter:data2\" content=\"En stock\" \/>\n<script type=\"application\/ld+json\" class=\"yoast-schema-graph\">{\"@context\":\"https:\/\/schema.org\",\"@graph\":[{\"@type\":[\"WebPage\",\"ItemPage\"],\"@id\":\"https:\/\/staging.belleflamme.ca\/fr\/produit\/support-de-toit-universel-de-10-pouces\/\",\"url\":\"https:\/\/staging.belleflamme.ca\/fr\/produit\/support-de-toit-universel-de-10-pouces\/\",\"name\":\"Support de toit (UNIVERSEL) de 10 pouces - Groupe BelleFlamme\",\"isPartOf\":{\"@id\":\"https:\/\/www.belleflamme.ca\/fr\/#website\"},\"primaryImageOfPage\":{\"@id\":\"https:\/\/staging.belleflamme.ca\/fr\/produit\/support-de-toit-universel-de-10-pouces\/#primaryimage\"},\"image\":{\"@id\":\"https:\/\/staging.belleflamme.ca\/fr\/produit\/support-de-toit-universel-de-10-pouces\/#primaryimage\"},\"thumbnailUrl\":\"https:\/\/staging.belleflamme.ca\/wp-content\/uploads\/2024\/07\/Support-de-toit-UNIVERSEL-de-10-pouces.png\",\"datePublished\":\"2024-07-05T14:40:58+00:00\",\"dateModified\":\"2024-07-10T19:06:08+00:00\",\"description\":\"Support de toit (UNIVERSEL) de 10 pouces vendu et install\u00e9 par le Groupe Belleflamme. Laval, Montr\u00e9al, Gatineau et Saint-Sauveur.\",\"breadcrumb\":{\"@id\":\"https:\/\/staging.belleflamme.ca\/fr\/produit\/support-de-toit-universel-de-10-pouces\/#breadcrumb\"},\"inLanguage\":\"fr-FR\",\"potentialAction\":[{\"@type\":\"ReadAction\",\"target\":[\"https:\/\/staging.belleflamme.ca\/fr\/produit\/support-de-toit-universel-de-10-pouces\/\"]}]},{\"@type\":\"ImageObject\",\"inLanguage\":\"fr-FR\",\"@id\":\"https:\/\/staging.belleflamme.ca\/fr\/produit\/support-de-toit-universel-de-10-pouces\/#primaryimage\",\"url\":\"https:\/\/staging.belleflamme.ca\/wp-content\/uploads\/2024\/07\/Support-de-toit-UNIVERSEL-de-10-pouces.png\",\"contentUrl\":\"https:\/\/staging.belleflamme.ca\/wp-content\/uploads\/2024\/07\/Support-de-toit-UNIVERSEL-de-10-pouces.png\",\"width\":1000,\"height\":1000,\"caption\":\"Support de toit (UNIVERSEL) de 10 pouces\"},{\"@type\":\"BreadcrumbList\",\"@id\":\"https:\/\/staging.belleflamme.ca\/fr\/produit\/support-de-toit-universel-de-10-pouces\/#breadcrumb\",\"itemListElement\":[{\"@type\":\"ListItem\",\"position\":1,\"name\":\"Accueil\",\"item\":\"https:\/\/www.belleflamme.ca\/fr\/\"},{\"@type\":\"ListItem\",\"position\":2,\"name\":\"Boutique\",\"item\":\"https:\/\/www.belleflamme.ca\/fr\/boutique\/\"},{\"@type\":\"ListItem\",\"position\":3,\"name\":\"Chemin\u00e9es, Pi\u00e8ces &amp; Accessoires\",\"item\":\"https:\/\/staging.belleflamme.ca\/fr\/categories\/cheminees-pieces-accessoires\/\"},{\"@type\":\"ListItem\",\"position\":4,\"name\":\"Chemin\u00e9es\",\"item\":\"https:\/\/staging.belleflamme.ca\/fr\/categories\/cheminees-pieces-accessoires\/cheminees\/\"},{\"@type\":\"ListItem\",\"position\":5,\"name\":\"Duravent\",\"item\":\"https:\/\/staging.belleflamme.ca\/fr\/categories\/cheminees-pieces-accessoires\/cheminees\/duravent\/\"},{\"@type\":\"ListItem\",\"position\":6,\"name\":\"Support de toit (UNIVERSEL) de 10 pouces\"}]},{\"@type\":\"WebSite\",\"@id\":\"https:\/\/www.belleflamme.ca\/fr\/#website\",\"url\":\"https:\/\/www.belleflamme.ca\/fr\/\",\"name\":\"Groupe Belleflamme\",\"description\":\"La m\u00e9canique du b\u00e2timent dans le sang.\",\"publisher\":{\"@id\":\"https:\/\/www.belleflamme.ca\/fr\/#organization\"},\"potentialAction\":[{\"@type\":\"SearchAction\",\"target\":{\"@type\":\"EntryPoint\",\"urlTemplate\":\"https:\/\/www.belleflamme.ca\/fr\/?s={search_term_string}\"},\"query-input\":{\"@type\":\"PropertyValueSpecification\",\"valueRequired\":true,\"valueName\":\"search_term_string\"}}],\"inLanguage\":\"fr-FR\"},{\"@type\":[\"Organization\",\"Place\"],\"@id\":\"https:\/\/www.belleflamme.ca\/fr\/#organization\",\"name\":\"Groupe Belleflamme\",\"alternateName\":\"Belleflamme\",\"url\":\"https:\/\/www.belleflamme.ca\/fr\/\",\"logo\":{\"@type\":\"ImageObject\",\"inLanguage\":\"fr-FR\",\"@id\":\"https:\/\/www.belleflamme.ca\/fr\/#\/schema\/logo\/image\/\",\"url\":\"https:\/\/staging.belleflamme.ca\/wp-content\/uploads\/2023\/01\/og-image.jpg\",\"contentUrl\":\"https:\/\/staging.belleflamme.ca\/wp-content\/uploads\/2023\/01\/og-image.jpg\",\"width\":1200,\"height\":630,\"caption\":\"Groupe Belleflamme\"},\"image\":{\"@id\":\"https:\/\/www.belleflamme.ca\/fr\/#\/schema\/logo\/image\/\"},\"sameAs\":[\"https:\/\/www.facebook.com\/belleflamme.ca\/\",\"https:\/\/www.linkedin.com\/company\/belleflamme\/\",\"https:\/\/www.pinterest.ca\/groupebelleflamme\/\",\"https:\/\/www.instagram.com\/legroupebelleflamme\/\"],\"mainEntityOfPage\":{\"@id\":\"https:\/\/staging.belleflamme.ca\/fr\/produit\/support-de-toit-universel-de-10-pouces\/\"}}]}<\/script>\n<meta property=\"product:brand\" content=\"Duravent\" \/>\n<meta property=\"product:price:amount\" content=\"139.94\" \/>\n<meta property=\"product:price:currency\" content=\"CAD\" \/>\n<meta property=\"og:availability\" content=\"instock\" \/>\n<meta property=\"product:availability\" content=\"instock\" \/>\n<meta property=\"product:retailer_item_id\" content=\"10DTC-RS\" \/>\n<meta property=\"product:condition\" content=\"new\" \/>\n<!-- \/ Yoast SEO Premium plugin. -->","yoast_head_json":{"title":"Support de toit (UNIVERSEL) de 10 pouces - Groupe BelleFlamme","description":"Support de toit (UNIVERSEL) de 10 pouces vendu et install\u00e9 par le Groupe Belleflamme. Laval, Montr\u00e9al, Gatineau et Saint-Sauveur.","robots":{"index":"index","follow":"follow","max-snippet":"max-snippet:-1","max-image-preview":"max-image-preview:large","max-video-preview":"max-video-preview:-1"},"canonical":"https:\/\/staging.belleflamme.ca\/fr\/produit\/support-de-toit-universel-de-10-pouces\/","og_locale":"fr_FR","og_type":"article","og_title":"Support de toit (UNIVERSEL) de 10 pouces","og_description":"Support de toit (UNIVERSEL) de 10 pouces vendu et install\u00e9 par le Groupe Belleflamme. Laval, Montr\u00e9al, Gatineau et Saint-Sauveur.","og_url":"https:\/\/staging.belleflamme.ca\/fr\/produit\/support-de-toit-universel-de-10-pouces\/","og_site_name":"Groupe BelleFlamme","article_publisher":"https:\/\/www.facebook.com\/belleflamme.ca\/","article_modified_time":"2024-07-10T19:06:08+00:00","og_image":[{"width":1000,"height":1000,"url":"https:\/\/www.belleflamme.ca\/wp-content\/uploads\/2024\/07\/Support-de-toit-UNIVERSEL-de-10-pouces.png","type":"image\/png"}],"twitter_card":"summary_large_image","twitter_misc":{"Prix":"&#36;139.94","Disponibilit\u00e9":"En stock"},"schema":{"@context":"https:\/\/schema.org","@graph":[{"@type":["WebPage","ItemPage"],"@id":"https:\/\/staging.belleflamme.ca\/fr\/produit\/support-de-toit-universel-de-10-pouces\/","url":"https:\/\/staging.belleflamme.ca\/fr\/produit\/support-de-toit-universel-de-10-pouces\/","name":"Support de toit (UNIVERSEL) de 10 pouces - Groupe BelleFlamme","isPartOf":{"@id":"https:\/\/www.belleflamme.ca\/fr\/#website"},"primaryImageOfPage":{"@id":"https:\/\/staging.belleflamme.ca\/fr\/produit\/support-de-toit-universel-de-10-pouces\/#primaryimage"},"image":{"@id":"https:\/\/staging.belleflamme.ca\/fr\/produit\/support-de-toit-universel-de-10-pouces\/#primaryimage"},"thumbnailUrl":"https:\/\/staging.belleflamme.ca\/wp-content\/uploads\/2024\/07\/Support-de-toit-UNIVERSEL-de-10-pouces.png","datePublished":"2024-07-05T14:40:58+00:00","dateModified":"2024-07-10T19:06:08+00:00","description":"Support de toit (UNIVERSEL) de 10 pouces vendu et install\u00e9 par le Groupe Belleflamme. Laval, Montr\u00e9al, Gatineau et Saint-Sauveur.","breadcrumb":{"@id":"https:\/\/staging.belleflamme.ca\/fr\/produit\/support-de-toit-universel-de-10-pouces\/#breadcrumb"},"inLanguage":"fr-FR","potentialAction":[{"@type":"ReadAction","target":["https:\/\/staging.belleflamme.ca\/fr\/produit\/support-de-toit-universel-de-10-pouces\/"]}]},{"@type":"ImageObject","inLanguage":"fr-FR","@id":"https:\/\/staging.belleflamme.ca\/fr\/produit\/support-de-toit-universel-de-10-pouces\/#primaryimage","url":"https:\/\/staging.belleflamme.ca\/wp-content\/uploads\/2024\/07\/Support-de-toit-UNIVERSEL-de-10-pouces.png","contentUrl":"https:\/\/staging.belleflamme.ca\/wp-content\/uploads\/2024\/07\/Support-de-toit-UNIVERSEL-de-10-pouces.png","width":1000,"height":1000,"caption":"Support de toit (UNIVERSEL) de 10 pouces"},{"@type":"BreadcrumbList","@id":"https:\/\/staging.belleflamme.ca\/fr\/produit\/support-de-toit-universel-de-10-pouces\/#breadcrumb","itemListElement":[{"@type":"ListItem","position":1,"name":"Accueil","item":"https:\/\/www.belleflamme.ca\/fr\/"},{"@type":"ListItem","position":2,"name":"Boutique","item":"https:\/\/www.belleflamme.ca\/fr\/boutique\/"},{"@type":"ListItem","position":3,"name":"Chemin\u00e9es, Pi\u00e8ces &amp; Accessoires","item":"https:\/\/staging.belleflamme.ca\/fr\/categories\/cheminees-pieces-accessoires\/"},{"@type":"ListItem","position":4,"name":"Chemin\u00e9es","item":"https:\/\/staging.belleflamme.ca\/fr\/categories\/cheminees-pieces-accessoires\/cheminees\/"},{"@type":"ListItem","position":5,"name":"Duravent","item":"https:\/\/staging.belleflamme.ca\/fr\/categories\/cheminees-pieces-accessoires\/cheminees\/duravent\/"},{"@type":"ListItem","position":6,"name":"Support de toit (UNIVERSEL) de 10 pouces"}]},{"@type":"WebSite","@id":"https:\/\/www.belleflamme.ca\/fr\/#website","url":"https:\/\/www.belleflamme.ca\/fr\/","name":"Groupe Belleflamme","description":"La m\u00e9canique du b\u00e2timent dans le sang.","publisher":{"@id":"https:\/\/www.belleflamme.ca\/fr\/#organization"},"potentialAction":[{"@type":"SearchAction","target":{"@type":"EntryPoint","urlTemplate":"https:\/\/www.belleflamme.ca\/fr\/?s={search_term_string}"},"query-input":{"@type":"PropertyValueSpecification","valueRequired":true,"valueName":"search_term_string"}}],"inLanguage":"fr-FR"},{"@type":["Organization","Place"],"@id":"https:\/\/www.belleflamme.ca\/fr\/#organization","name":"Groupe Belleflamme","alternateName":"Belleflamme","url":"https:\/\/www.belleflamme.ca\/fr\/","logo":{"@type":"ImageObject","inLanguage":"fr-FR","@id":"https:\/\/www.belleflamme.ca\/fr\/#\/schema\/logo\/image\/","url":"https:\/\/staging.belleflamme.ca\/wp-content\/uploads\/2023\/01\/og-image.jpg","contentUrl":"https:\/\/staging.belleflamme.ca\/wp-content\/uploads\/2023\/01\/og-image.jpg","width":1200,"height":630,"caption":"Groupe Belleflamme"},"image":{"@id":"https:\/\/www.belleflamme.ca\/fr\/#\/schema\/logo\/image\/"},"sameAs":["https:\/\/www.facebook.com\/belleflamme.ca\/","https:\/\/www.linkedin.com\/company\/belleflamme\/","https:\/\/www.pinterest.ca\/groupebelleflamme\/","https:\/\/www.instagram.com\/legroupebelleflamme\/"],"mainEntityOfPage":{"@id":"https:\/\/staging.belleflamme.ca\/fr\/produit\/support-de-toit-universel-de-10-pouces\/"}}]},"product_brand":"Duravent","product_price_amount":"139.94","product_price_currency":"CAD","og_availability":"instock","product_availability":"instock","product_retailer_item_id":"10DTC-RS","product_condition":"new"},"_links":{"self":[{"href":"https:\/\/staging.belleflamme.ca\/fr\/wp-json\/wp\/v2\/product\/41860","targetHints":{"allow":["GET"]}}],"collection":[{"href":"https:\/\/staging.belleflamme.ca\/fr\/wp-json\/wp\/v2\/product"}],"about":[{"href":"https:\/\/staging.belleflamme.ca\/fr\/wp-json\/wp\/v2\/types\/product"}],"version-history":[{"count":1,"href":"https:\/\/staging.belleflamme.ca\/fr\/wp-json\/wp\/v2\/product\/41860\/revisions"}],"predecessor-version":[{"id":41867,"href":"https:\/\/staging.belleflamme.ca\/fr\/wp-json\/wp\/v2\/product\/41860\/revisions\/41867"}],"wp:featuredmedia":[{"embeddable":true,"href":"https:\/\/staging.belleflamme.ca\/fr\/wp-json\/wp\/v2\/media\/41861"}],"wp:attachment":[{"href":"https:\/\/staging.belleflamme.ca\/fr\/wp-json\/wp\/v2\/media?parent=41860"}],"wp:term":[{"taxonomy":"product_brand","embeddable":true,"href":"https:\/\/staging.belleflamme.ca\/fr\/wp-json\/wp\/v2\/product_brand?post=41860"},{"taxonomy":"product_cat","embeddable":true,"href":"https:\/\/staging.belleflamme.ca\/fr\/wp-json\/wp\/v2\/product_cat?post=41860"},{"taxonomy":"product_tag","embeddable":true,"href":"https:\/\/staging.belleflamme.ca\/fr\/wp-json\/wp\/v2\/product_tag?post=41860"}],"curies":[{"name":"wp","href":"https:\/\/api.w.org\/{rel}","templated":true}]}}