{"id":41817,"date":"2024-07-05T10:23:53","date_gmt":"2024-07-05T14:23:53","guid":{"rendered":"https:\/\/www.belleflamme.ca\/?post_type=product&#038;p=41817"},"modified":"2024-07-10T15:06:13","modified_gmt":"2024-07-10T19:06:13","slug":"support-de-te-reglable-avec-raccord-daccouplement-duratech-de-duravent","status":"publish","type":"product","link":"https:\/\/staging.belleflamme.ca\/fr\/produit\/support-de-te-reglable-avec-raccord-daccouplement-duratech-de-duravent\/","title":{"rendered":"Support de t\u00e9 r\u00e9glable avec raccord d\u2019accouplement DuraTech de Duravent"},"content":{"rendered":"<p>S\u2019utilise pour supporter le t\u00e9 isol\u00e9 dans une installation de chemin\u00e9e traversant un mur. Un acc\u00e8s pour inspection et entretien est int\u00e9gr\u00e9 sous le support. Les bras r\u00e9glables et le socle coulissant sont r\u00e9gl\u00e9s en usine pour garantir un d\u00e9gagement au combustible minimum de 2 po (5 cm). S&#8217;ajuste de 2 po (5 cm) \u00e0 7 po (17,7 cm) par rapport au mur.<\/p>\n<p><img fetchpriority=\"high\" decoding=\"async\" class=\"alignnone size-full wp-image-41826\" src=\"https:\/\/www.belleflamme.ca\/wp-content\/uploads\/2024\/07\/2024-07-05-10_23_08-L875F_810009412-_Catalog_DuraTech-Canada-FRENCH_02-2022_V8.pdf.png\" alt=\"\" width=\"352\" height=\"237\" srcset=\"https:\/\/staging.belleflamme.ca\/wp-content\/uploads\/2024\/07\/2024-07-05-10_23_08-L875F_810009412-_Catalog_DuraTech-Canada-FRENCH_02-2022_V8.pdf.png 352w, https:\/\/staging.belleflamme.ca\/wp-content\/uploads\/2024\/07\/2024-07-05-10_23_08-L875F_810009412-_Catalog_DuraTech-Canada-FRENCH_02-2022_V8.pdf-300x202.png 300w\" sizes=\"(max-width: 352px) 100vw, 352px\" \/><\/p>\n<p><img decoding=\"async\" class=\"alignnone size-full wp-image-41824\" src=\"https:\/\/www.belleflamme.ca\/wp-content\/uploads\/2024\/07\/2024-07-05-10_23_16-L875F_810009412-_Catalog_DuraTech-Canada-FRENCH_02-2022_V8.pdf.png\" alt=\"\" width=\"585\" height=\"204\" srcset=\"https:\/\/staging.belleflamme.ca\/wp-content\/uploads\/2024\/07\/2024-07-05-10_23_16-L875F_810009412-_Catalog_DuraTech-Canada-FRENCH_02-2022_V8.pdf.png 585w, https:\/\/staging.belleflamme.ca\/wp-content\/uploads\/2024\/07\/2024-07-05-10_23_16-L875F_810009412-_Catalog_DuraTech-Canada-FRENCH_02-2022_V8.pdf-300x105.png 300w\" sizes=\"(max-width: 585px) 100vw, 585px\" \/><\/p>\n","protected":false},"excerpt":{"rendered":"<p>S\u2019utilise pour supporter le t\u00e9 isol\u00e9 dans une installation de chemin\u00e9e traversant un mur. Un acc\u00e8s pour inspection et entretien est int\u00e9gr\u00e9 sous le support. Les bras r\u00e9glables et le socle coulissant sont r\u00e9gl\u00e9s en usine pour garantir un d\u00e9gagement au combustible minimum de 2 po (5 cm). S&#8217;ajuste de 2 po (5 cm) \u00e0 [&hellip;]<\/p>\n","protected":false},"featured_media":41818,"template":"","meta":{"inline_featured_image":false},"product_brand":[1686],"product_cat":[95,1688,45],"product_tag":[],"class_list":{"0":"post-41817","1":"product","2":"type-product","3":"status-publish","4":"has-post-thumbnail","6":"product_brand-duravent","7":"product_cat-cheminees","8":"product_cat-duravent","9":"product_cat-cheminees-pieces-accessoires","11":"first","12":"instock","13":"taxable","14":"shipping-taxable","15":"purchasable","16":"product-type-variable"},"yoast_head":"<!-- This site is optimized with the Yoast SEO Premium plugin v24.2 (Yoast SEO v24.2) - https:\/\/yoast.com\/wordpress\/plugins\/seo\/ -->\n<title>Support de t\u00e9 r\u00e9glable avec raccord d\u2019accouplement DuraTech de Duravent - Groupe BelleFlamme<\/title>\n<meta name=\"description\" content=\"Support de t\u00e9 r\u00e9glable avec raccord d\u2019accouplement DuraTech de Duravent vendu et install\u00e9 par le Groupe Belleflamme. Laval, Montr\u00e9al, Gatineau et Saint-Sauveur.\" \/>\n<meta name=\"robots\" content=\"index, follow, max-snippet:-1, max-image-preview:large, max-video-preview:-1\" \/>\n<link rel=\"canonical\" href=\"https:\/\/staging.belleflamme.ca\/fr\/produit\/support-de-te-reglable-avec-raccord-daccouplement-duratech-de-duravent\/\" \/>\n<meta property=\"og:locale\" content=\"fr_FR\" \/>\n<meta property=\"og:type\" content=\"article\" \/>\n<meta property=\"og:title\" content=\"Support de t\u00e9 r\u00e9glable avec raccord d\u2019accouplement DuraTech de Duravent\" \/>\n<meta property=\"og:description\" content=\"Support de t\u00e9 r\u00e9glable avec raccord d\u2019accouplement DuraTech de Duravent vendu et install\u00e9 par le Groupe Belleflamme. Laval, Montr\u00e9al, Gatineau et Saint-Sauveur.\" \/>\n<meta property=\"og:url\" content=\"https:\/\/staging.belleflamme.ca\/fr\/produit\/support-de-te-reglable-avec-raccord-daccouplement-duratech-de-duravent\/\" \/>\n<meta property=\"og:site_name\" content=\"Groupe BelleFlamme\" \/>\n<meta property=\"article:publisher\" content=\"https:\/\/www.facebook.com\/belleflamme.ca\/\" \/>\n<meta property=\"article:modified_time\" content=\"2024-07-10T19:06:13+00:00\" \/>\n<meta property=\"og:image\" content=\"https:\/\/www.belleflamme.ca\/wp-content\/uploads\/2024\/07\/Support-de-te-reglable-avec-raccord-daccouplement-DuraTech-de-Duravent.png\" \/>\n\t<meta property=\"og:image:width\" content=\"1000\" \/>\n\t<meta property=\"og:image:height\" content=\"1000\" \/>\n\t<meta property=\"og:image:type\" content=\"image\/png\" \/>\n<meta name=\"twitter:card\" content=\"summary_large_image\" \/>\n<meta name=\"twitter:label1\" content=\"Disponibilit\u00e9\" \/>\n\t<meta name=\"twitter:data1\" content=\"En stock\" \/>\n<script type=\"application\/ld+json\" class=\"yoast-schema-graph\">{\"@context\":\"https:\/\/schema.org\",\"@graph\":[{\"@type\":[\"WebPage\",\"ItemPage\"],\"@id\":\"https:\/\/staging.belleflamme.ca\/fr\/produit\/support-de-te-reglable-avec-raccord-daccouplement-duratech-de-duravent\/\",\"url\":\"https:\/\/staging.belleflamme.ca\/fr\/produit\/support-de-te-reglable-avec-raccord-daccouplement-duratech-de-duravent\/\",\"name\":\"Support de t\u00e9 r\u00e9glable avec raccord d\u2019accouplement DuraTech de Duravent - Groupe BelleFlamme\",\"isPartOf\":{\"@id\":\"https:\/\/www.belleflamme.ca\/fr\/#website\"},\"primaryImageOfPage\":{\"@id\":\"https:\/\/staging.belleflamme.ca\/fr\/produit\/support-de-te-reglable-avec-raccord-daccouplement-duratech-de-duravent\/#primaryimage\"},\"image\":{\"@id\":\"https:\/\/staging.belleflamme.ca\/fr\/produit\/support-de-te-reglable-avec-raccord-daccouplement-duratech-de-duravent\/#primaryimage\"},\"thumbnailUrl\":\"https:\/\/staging.belleflamme.ca\/wp-content\/uploads\/2024\/07\/Support-de-te-reglable-avec-raccord-daccouplement-DuraTech-de-Duravent.png\",\"datePublished\":\"2024-07-05T14:23:53+00:00\",\"dateModified\":\"2024-07-10T19:06:13+00:00\",\"description\":\"Support de t\u00e9 r\u00e9glable avec raccord d\u2019accouplement DuraTech de Duravent vendu et install\u00e9 par le Groupe Belleflamme. Laval, Montr\u00e9al, Gatineau et Saint-Sauveur.\",\"breadcrumb\":{\"@id\":\"https:\/\/staging.belleflamme.ca\/fr\/produit\/support-de-te-reglable-avec-raccord-daccouplement-duratech-de-duravent\/#breadcrumb\"},\"inLanguage\":\"fr-FR\",\"potentialAction\":[{\"@type\":\"ReadAction\",\"target\":[\"https:\/\/staging.belleflamme.ca\/fr\/produit\/support-de-te-reglable-avec-raccord-daccouplement-duratech-de-duravent\/\"]}]},{\"@type\":\"ImageObject\",\"inLanguage\":\"fr-FR\",\"@id\":\"https:\/\/staging.belleflamme.ca\/fr\/produit\/support-de-te-reglable-avec-raccord-daccouplement-duratech-de-duravent\/#primaryimage\",\"url\":\"https:\/\/staging.belleflamme.ca\/wp-content\/uploads\/2024\/07\/Support-de-te-reglable-avec-raccord-daccouplement-DuraTech-de-Duravent.png\",\"contentUrl\":\"https:\/\/staging.belleflamme.ca\/wp-content\/uploads\/2024\/07\/Support-de-te-reglable-avec-raccord-daccouplement-DuraTech-de-Duravent.png\",\"width\":1000,\"height\":1000,\"caption\":\"Support de t\u00e9 r\u00e9glable avec raccord d\u2019accouplement DuraTech de Duravent\"},{\"@type\":\"BreadcrumbList\",\"@id\":\"https:\/\/staging.belleflamme.ca\/fr\/produit\/support-de-te-reglable-avec-raccord-daccouplement-duratech-de-duravent\/#breadcrumb\",\"itemListElement\":[{\"@type\":\"ListItem\",\"position\":1,\"name\":\"Accueil\",\"item\":\"https:\/\/www.belleflamme.ca\/fr\/\"},{\"@type\":\"ListItem\",\"position\":2,\"name\":\"Boutique\",\"item\":\"https:\/\/www.belleflamme.ca\/fr\/boutique\/\"},{\"@type\":\"ListItem\",\"position\":3,\"name\":\"Chemin\u00e9es, Pi\u00e8ces &amp; Accessoires\",\"item\":\"https:\/\/staging.belleflamme.ca\/fr\/categories\/cheminees-pieces-accessoires\/\"},{\"@type\":\"ListItem\",\"position\":4,\"name\":\"Chemin\u00e9es\",\"item\":\"https:\/\/staging.belleflamme.ca\/fr\/categories\/cheminees-pieces-accessoires\/cheminees\/\"},{\"@type\":\"ListItem\",\"position\":5,\"name\":\"Duravent\",\"item\":\"https:\/\/staging.belleflamme.ca\/fr\/categories\/cheminees-pieces-accessoires\/cheminees\/duravent\/\"},{\"@type\":\"ListItem\",\"position\":6,\"name\":\"Support de t\u00e9 r\u00e9glable avec raccord d\u2019accouplement DuraTech de Duravent\"}]},{\"@type\":\"WebSite\",\"@id\":\"https:\/\/www.belleflamme.ca\/fr\/#website\",\"url\":\"https:\/\/www.belleflamme.ca\/fr\/\",\"name\":\"Groupe Belleflamme\",\"description\":\"La m\u00e9canique du b\u00e2timent dans le sang.\",\"publisher\":{\"@id\":\"https:\/\/www.belleflamme.ca\/fr\/#organization\"},\"potentialAction\":[{\"@type\":\"SearchAction\",\"target\":{\"@type\":\"EntryPoint\",\"urlTemplate\":\"https:\/\/www.belleflamme.ca\/fr\/?s={search_term_string}\"},\"query-input\":{\"@type\":\"PropertyValueSpecification\",\"valueRequired\":true,\"valueName\":\"search_term_string\"}}],\"inLanguage\":\"fr-FR\"},{\"@type\":[\"Organization\",\"Place\"],\"@id\":\"https:\/\/www.belleflamme.ca\/fr\/#organization\",\"name\":\"Groupe Belleflamme\",\"alternateName\":\"Belleflamme\",\"url\":\"https:\/\/www.belleflamme.ca\/fr\/\",\"logo\":{\"@type\":\"ImageObject\",\"inLanguage\":\"fr-FR\",\"@id\":\"https:\/\/www.belleflamme.ca\/fr\/#\/schema\/logo\/image\/\",\"url\":\"https:\/\/staging.belleflamme.ca\/wp-content\/uploads\/2023\/01\/og-image.jpg\",\"contentUrl\":\"https:\/\/staging.belleflamme.ca\/wp-content\/uploads\/2023\/01\/og-image.jpg\",\"width\":1200,\"height\":630,\"caption\":\"Groupe Belleflamme\"},\"image\":{\"@id\":\"https:\/\/www.belleflamme.ca\/fr\/#\/schema\/logo\/image\/\"},\"sameAs\":[\"https:\/\/www.facebook.com\/belleflamme.ca\/\",\"https:\/\/www.linkedin.com\/company\/belleflamme\/\",\"https:\/\/www.pinterest.ca\/groupebelleflamme\/\",\"https:\/\/www.instagram.com\/legroupebelleflamme\/\"],\"mainEntityOfPage\":{\"@id\":\"https:\/\/staging.belleflamme.ca\/fr\/produit\/support-de-te-reglable-avec-raccord-daccouplement-duratech-de-duravent\/\"}}]}<\/script>\n<meta property=\"product:brand\" content=\"Duravent\" \/>\n<meta property=\"og:availability\" content=\"instock\" \/>\n<meta property=\"product:availability\" content=\"instock\" \/>\n<meta property=\"product:condition\" content=\"new\" \/>\n<!-- \/ Yoast SEO Premium plugin. -->","yoast_head_json":{"title":"Support de t\u00e9 r\u00e9glable avec raccord d\u2019accouplement DuraTech de Duravent - Groupe BelleFlamme","description":"Support de t\u00e9 r\u00e9glable avec raccord d\u2019accouplement DuraTech de Duravent vendu et install\u00e9 par le Groupe Belleflamme. Laval, Montr\u00e9al, Gatineau et Saint-Sauveur.","robots":{"index":"index","follow":"follow","max-snippet":"max-snippet:-1","max-image-preview":"max-image-preview:large","max-video-preview":"max-video-preview:-1"},"canonical":"https:\/\/staging.belleflamme.ca\/fr\/produit\/support-de-te-reglable-avec-raccord-daccouplement-duratech-de-duravent\/","og_locale":"fr_FR","og_type":"article","og_title":"Support de t\u00e9 r\u00e9glable avec raccord d\u2019accouplement DuraTech de Duravent","og_description":"Support de t\u00e9 r\u00e9glable avec raccord d\u2019accouplement DuraTech de Duravent vendu et install\u00e9 par le Groupe Belleflamme. Laval, Montr\u00e9al, Gatineau et Saint-Sauveur.","og_url":"https:\/\/staging.belleflamme.ca\/fr\/produit\/support-de-te-reglable-avec-raccord-daccouplement-duratech-de-duravent\/","og_site_name":"Groupe BelleFlamme","article_publisher":"https:\/\/www.facebook.com\/belleflamme.ca\/","article_modified_time":"2024-07-10T19:06:13+00:00","og_image":[{"width":1000,"height":1000,"url":"https:\/\/www.belleflamme.ca\/wp-content\/uploads\/2024\/07\/Support-de-te-reglable-avec-raccord-daccouplement-DuraTech-de-Duravent.png","type":"image\/png"}],"twitter_card":"summary_large_image","twitter_misc":{"Disponibilit\u00e9":"En stock"},"schema":{"@context":"https:\/\/schema.org","@graph":[{"@type":["WebPage","ItemPage"],"@id":"https:\/\/staging.belleflamme.ca\/fr\/produit\/support-de-te-reglable-avec-raccord-daccouplement-duratech-de-duravent\/","url":"https:\/\/staging.belleflamme.ca\/fr\/produit\/support-de-te-reglable-avec-raccord-daccouplement-duratech-de-duravent\/","name":"Support de t\u00e9 r\u00e9glable avec raccord d\u2019accouplement DuraTech de Duravent - Groupe BelleFlamme","isPartOf":{"@id":"https:\/\/www.belleflamme.ca\/fr\/#website"},"primaryImageOfPage":{"@id":"https:\/\/staging.belleflamme.ca\/fr\/produit\/support-de-te-reglable-avec-raccord-daccouplement-duratech-de-duravent\/#primaryimage"},"image":{"@id":"https:\/\/staging.belleflamme.ca\/fr\/produit\/support-de-te-reglable-avec-raccord-daccouplement-duratech-de-duravent\/#primaryimage"},"thumbnailUrl":"https:\/\/staging.belleflamme.ca\/wp-content\/uploads\/2024\/07\/Support-de-te-reglable-avec-raccord-daccouplement-DuraTech-de-Duravent.png","datePublished":"2024-07-05T14:23:53+00:00","dateModified":"2024-07-10T19:06:13+00:00","description":"Support de t\u00e9 r\u00e9glable avec raccord d\u2019accouplement DuraTech de Duravent vendu et install\u00e9 par le Groupe Belleflamme. Laval, Montr\u00e9al, Gatineau et Saint-Sauveur.","breadcrumb":{"@id":"https:\/\/staging.belleflamme.ca\/fr\/produit\/support-de-te-reglable-avec-raccord-daccouplement-duratech-de-duravent\/#breadcrumb"},"inLanguage":"fr-FR","potentialAction":[{"@type":"ReadAction","target":["https:\/\/staging.belleflamme.ca\/fr\/produit\/support-de-te-reglable-avec-raccord-daccouplement-duratech-de-duravent\/"]}]},{"@type":"ImageObject","inLanguage":"fr-FR","@id":"https:\/\/staging.belleflamme.ca\/fr\/produit\/support-de-te-reglable-avec-raccord-daccouplement-duratech-de-duravent\/#primaryimage","url":"https:\/\/staging.belleflamme.ca\/wp-content\/uploads\/2024\/07\/Support-de-te-reglable-avec-raccord-daccouplement-DuraTech-de-Duravent.png","contentUrl":"https:\/\/staging.belleflamme.ca\/wp-content\/uploads\/2024\/07\/Support-de-te-reglable-avec-raccord-daccouplement-DuraTech-de-Duravent.png","width":1000,"height":1000,"caption":"Support de t\u00e9 r\u00e9glable avec raccord d\u2019accouplement DuraTech de Duravent"},{"@type":"BreadcrumbList","@id":"https:\/\/staging.belleflamme.ca\/fr\/produit\/support-de-te-reglable-avec-raccord-daccouplement-duratech-de-duravent\/#breadcrumb","itemListElement":[{"@type":"ListItem","position":1,"name":"Accueil","item":"https:\/\/www.belleflamme.ca\/fr\/"},{"@type":"ListItem","position":2,"name":"Boutique","item":"https:\/\/www.belleflamme.ca\/fr\/boutique\/"},{"@type":"ListItem","position":3,"name":"Chemin\u00e9es, Pi\u00e8ces &amp; Accessoires","item":"https:\/\/staging.belleflamme.ca\/fr\/categories\/cheminees-pieces-accessoires\/"},{"@type":"ListItem","position":4,"name":"Chemin\u00e9es","item":"https:\/\/staging.belleflamme.ca\/fr\/categories\/cheminees-pieces-accessoires\/cheminees\/"},{"@type":"ListItem","position":5,"name":"Duravent","item":"https:\/\/staging.belleflamme.ca\/fr\/categories\/cheminees-pieces-accessoires\/cheminees\/duravent\/"},{"@type":"ListItem","position":6,"name":"Support de t\u00e9 r\u00e9glable avec raccord d\u2019accouplement DuraTech de Duravent"}]},{"@type":"WebSite","@id":"https:\/\/www.belleflamme.ca\/fr\/#website","url":"https:\/\/www.belleflamme.ca\/fr\/","name":"Groupe Belleflamme","description":"La m\u00e9canique du b\u00e2timent dans le sang.","publisher":{"@id":"https:\/\/www.belleflamme.ca\/fr\/#organization"},"potentialAction":[{"@type":"SearchAction","target":{"@type":"EntryPoint","urlTemplate":"https:\/\/www.belleflamme.ca\/fr\/?s={search_term_string}"},"query-input":{"@type":"PropertyValueSpecification","valueRequired":true,"valueName":"search_term_string"}}],"inLanguage":"fr-FR"},{"@type":["Organization","Place"],"@id":"https:\/\/www.belleflamme.ca\/fr\/#organization","name":"Groupe Belleflamme","alternateName":"Belleflamme","url":"https:\/\/www.belleflamme.ca\/fr\/","logo":{"@type":"ImageObject","inLanguage":"fr-FR","@id":"https:\/\/www.belleflamme.ca\/fr\/#\/schema\/logo\/image\/","url":"https:\/\/staging.belleflamme.ca\/wp-content\/uploads\/2023\/01\/og-image.jpg","contentUrl":"https:\/\/staging.belleflamme.ca\/wp-content\/uploads\/2023\/01\/og-image.jpg","width":1200,"height":630,"caption":"Groupe Belleflamme"},"image":{"@id":"https:\/\/www.belleflamme.ca\/fr\/#\/schema\/logo\/image\/"},"sameAs":["https:\/\/www.facebook.com\/belleflamme.ca\/","https:\/\/www.linkedin.com\/company\/belleflamme\/","https:\/\/www.pinterest.ca\/groupebelleflamme\/","https:\/\/www.instagram.com\/legroupebelleflamme\/"],"mainEntityOfPage":{"@id":"https:\/\/staging.belleflamme.ca\/fr\/produit\/support-de-te-reglable-avec-raccord-daccouplement-duratech-de-duravent\/"}}]},"product_brand":"Duravent","og_availability":"instock","product_availability":"instock","product_condition":"new"},"_links":{"self":[{"href":"https:\/\/staging.belleflamme.ca\/fr\/wp-json\/wp\/v2\/product\/41817","targetHints":{"allow":["GET"]}}],"collection":[{"href":"https:\/\/staging.belleflamme.ca\/fr\/wp-json\/wp\/v2\/product"}],"about":[{"href":"https:\/\/staging.belleflamme.ca\/fr\/wp-json\/wp\/v2\/types\/product"}],"version-history":[{"count":1,"href":"https:\/\/staging.belleflamme.ca\/fr\/wp-json\/wp\/v2\/product\/41817\/revisions"}],"predecessor-version":[{"id":41828,"href":"https:\/\/staging.belleflamme.ca\/fr\/wp-json\/wp\/v2\/product\/41817\/revisions\/41828"}],"wp:featuredmedia":[{"embeddable":true,"href":"https:\/\/staging.belleflamme.ca\/fr\/wp-json\/wp\/v2\/media\/41818"}],"wp:attachment":[{"href":"https:\/\/staging.belleflamme.ca\/fr\/wp-json\/wp\/v2\/media?parent=41817"}],"wp:term":[{"taxonomy":"product_brand","embeddable":true,"href":"https:\/\/staging.belleflamme.ca\/fr\/wp-json\/wp\/v2\/product_brand?post=41817"},{"taxonomy":"product_cat","embeddable":true,"href":"https:\/\/staging.belleflamme.ca\/fr\/wp-json\/wp\/v2\/product_cat?post=41817"},{"taxonomy":"product_tag","embeddable":true,"href":"https:\/\/staging.belleflamme.ca\/fr\/wp-json\/wp\/v2\/product_tag?post=41817"}],"curies":[{"name":"wp","href":"https:\/\/api.w.org\/{rel}","templated":true}]}}