{"id":41716,"date":"2024-07-04T14:24:25","date_gmt":"2024-07-04T18:24:25","guid":{"rendered":"https:\/\/www.belleflamme.ca\/?post_type=product&#038;p=41716"},"modified":"2024-07-10T15:06:04","modified_gmt":"2024-07-10T19:06:04","slug":"support-de-toit-cathedrale-carre-duratech-de-duravent","status":"publish","type":"product","link":"https:\/\/staging.belleflamme.ca\/fr\/produit\/support-de-toit-cathedrale-carre-duratech-de-duravent\/","title":{"rendered":"Support de toit cath\u00e9drale carr\u00e9 DuraTech de Duravent"},"content":{"rendered":"<p>\u00c0 utiliser avec un plafond vo\u00fbt\u00e9 ou cath\u00e9drale. La version 6 po (15,2 cm) s\u2019adapte \u00e0 un ch\u00e2ssis de 12 po x 12 po (30,4 cm x 30,4 cm). Les supports plus larges de 7 po (17,7 cm) et 8 po (20,32 cm) s\u2019int\u00e8grent aux ch\u00e2ssis de 16 po (40,6 cm) de centre \u00e0 centre. Une garniture r\u00e9glable compos\u00e9e de deux pi\u00e8ces et au fini noir est incluse. L\u2019adaptateur int\u00e9gr\u00e9 accepte un conduit de po\u00eale \u00e0 paroi simple ou double.<br \/>\nRemarque : Lorsque le grenier est directement situ\u00e9 au-dessus de ce support, un \u00e9cran coupe radiation pour grenier est requis.<\/p>\n<p><img fetchpriority=\"high\" decoding=\"async\" class=\"alignnone size-full wp-image-41724\" src=\"https:\/\/www.belleflamme.ca\/wp-content\/uploads\/2024\/07\/2024-07-04-14_23_49-L875F_810009412-_Catalog_DuraTech-Canada-FRENCH_02-2022_V8.pdf.png\" alt=\"\" width=\"389\" height=\"293\" srcset=\"https:\/\/staging.belleflamme.ca\/wp-content\/uploads\/2024\/07\/2024-07-04-14_23_49-L875F_810009412-_Catalog_DuraTech-Canada-FRENCH_02-2022_V8.pdf.png 389w, https:\/\/staging.belleflamme.ca\/wp-content\/uploads\/2024\/07\/2024-07-04-14_23_49-L875F_810009412-_Catalog_DuraTech-Canada-FRENCH_02-2022_V8.pdf-300x226.png 300w\" sizes=\"(max-width: 389px) 100vw, 389px\" \/><\/p>\n<p><img decoding=\"async\" class=\"alignnone size-full wp-image-41722\" src=\"https:\/\/www.belleflamme.ca\/wp-content\/uploads\/2024\/07\/2024-07-04-14_23_56-L875F_810009412-_Catalog_DuraTech-Canada-FRENCH_02-2022_V8.pdf.png\" alt=\"\" width=\"444\" height=\"206\" srcset=\"https:\/\/staging.belleflamme.ca\/wp-content\/uploads\/2024\/07\/2024-07-04-14_23_56-L875F_810009412-_Catalog_DuraTech-Canada-FRENCH_02-2022_V8.pdf.png 444w, https:\/\/staging.belleflamme.ca\/wp-content\/uploads\/2024\/07\/2024-07-04-14_23_56-L875F_810009412-_Catalog_DuraTech-Canada-FRENCH_02-2022_V8.pdf-300x139.png 300w\" sizes=\"(max-width: 444px) 100vw, 444px\" \/><\/p>\n","protected":false},"excerpt":{"rendered":"<p>\u00c0 utiliser avec un plafond vo\u00fbt\u00e9 ou cath\u00e9drale. La version 6 po (15,2 cm) s\u2019adapte \u00e0 un ch\u00e2ssis de 12 po x 12 po (30,4 cm x 30,4 cm). Les supports plus larges de 7 po (17,7 cm) et 8 po (20,32 cm) s\u2019int\u00e8grent aux ch\u00e2ssis de 16 po (40,6 cm) de centre \u00e0 centre. [&hellip;]<\/p>\n","protected":false},"featured_media":41717,"template":"","meta":{"inline_featured_image":false},"product_brand":[1686],"product_cat":[95,1688,45],"product_tag":[],"class_list":{"0":"post-41716","1":"product","2":"type-product","3":"status-publish","4":"has-post-thumbnail","6":"product_brand-duravent","7":"product_cat-cheminees","8":"product_cat-duravent","9":"product_cat-cheminees-pieces-accessoires","11":"first","12":"instock","13":"taxable","14":"shipping-taxable","15":"purchasable","16":"product-type-variable"},"yoast_head":"<!-- This site is optimized with the Yoast SEO Premium plugin v24.2 (Yoast SEO v24.2) - https:\/\/yoast.com\/wordpress\/plugins\/seo\/ -->\n<title>Support de toit cath\u00e9drale carr\u00e9 DuraTech de Duravent - Groupe BelleFlamme<\/title>\n<meta name=\"description\" content=\"Support de toit cath\u00e9drale carr\u00e9 DuraTech de Duravent vendu et install\u00e9 par le Groupe Belleflamme. Laval, Montr\u00e9al, Gatineau et Saint-Sauveur.\" \/>\n<meta name=\"robots\" content=\"index, follow, max-snippet:-1, max-image-preview:large, max-video-preview:-1\" \/>\n<link rel=\"canonical\" href=\"https:\/\/staging.belleflamme.ca\/fr\/produit\/support-de-toit-cathedrale-carre-duratech-de-duravent\/\" \/>\n<meta property=\"og:locale\" content=\"fr_FR\" \/>\n<meta property=\"og:type\" content=\"article\" \/>\n<meta property=\"og:title\" content=\"Support de toit cath\u00e9drale carr\u00e9 DuraTech de Duravent\" \/>\n<meta property=\"og:description\" content=\"Support de toit cath\u00e9drale carr\u00e9 DuraTech de Duravent vendu et install\u00e9 par le Groupe Belleflamme. Laval, Montr\u00e9al, Gatineau et Saint-Sauveur.\" \/>\n<meta property=\"og:url\" content=\"https:\/\/staging.belleflamme.ca\/fr\/produit\/support-de-toit-cathedrale-carre-duratech-de-duravent\/\" \/>\n<meta property=\"og:site_name\" content=\"Groupe BelleFlamme\" \/>\n<meta property=\"article:publisher\" content=\"https:\/\/www.facebook.com\/belleflamme.ca\/\" \/>\n<meta property=\"article:modified_time\" content=\"2024-07-10T19:06:04+00:00\" \/>\n<meta property=\"og:image\" content=\"https:\/\/www.belleflamme.ca\/wp-content\/uploads\/2024\/07\/Support-de-toit-cathedrale-carre-DuraTech-de-Duravent.png\" \/>\n\t<meta property=\"og:image:width\" content=\"1000\" \/>\n\t<meta property=\"og:image:height\" content=\"1000\" \/>\n\t<meta property=\"og:image:type\" content=\"image\/png\" \/>\n<meta name=\"twitter:card\" content=\"summary_large_image\" \/>\n<meta name=\"twitter:label1\" content=\"Disponibilit\u00e9\" \/>\n\t<meta name=\"twitter:data1\" content=\"En stock\" \/>\n<script type=\"application\/ld+json\" class=\"yoast-schema-graph\">{\"@context\":\"https:\/\/schema.org\",\"@graph\":[{\"@type\":[\"WebPage\",\"ItemPage\"],\"@id\":\"https:\/\/staging.belleflamme.ca\/fr\/produit\/support-de-toit-cathedrale-carre-duratech-de-duravent\/\",\"url\":\"https:\/\/staging.belleflamme.ca\/fr\/produit\/support-de-toit-cathedrale-carre-duratech-de-duravent\/\",\"name\":\"Support de toit cath\u00e9drale carr\u00e9 DuraTech de Duravent - Groupe BelleFlamme\",\"isPartOf\":{\"@id\":\"https:\/\/www.belleflamme.ca\/fr\/#website\"},\"primaryImageOfPage\":{\"@id\":\"https:\/\/staging.belleflamme.ca\/fr\/produit\/support-de-toit-cathedrale-carre-duratech-de-duravent\/#primaryimage\"},\"image\":{\"@id\":\"https:\/\/staging.belleflamme.ca\/fr\/produit\/support-de-toit-cathedrale-carre-duratech-de-duravent\/#primaryimage\"},\"thumbnailUrl\":\"https:\/\/staging.belleflamme.ca\/wp-content\/uploads\/2024\/07\/Support-de-toit-cathedrale-carre-DuraTech-de-Duravent.png\",\"datePublished\":\"2024-07-04T18:24:25+00:00\",\"dateModified\":\"2024-07-10T19:06:04+00:00\",\"description\":\"Support de toit cath\u00e9drale carr\u00e9 DuraTech de Duravent vendu et install\u00e9 par le Groupe Belleflamme. Laval, Montr\u00e9al, Gatineau et Saint-Sauveur.\",\"breadcrumb\":{\"@id\":\"https:\/\/staging.belleflamme.ca\/fr\/produit\/support-de-toit-cathedrale-carre-duratech-de-duravent\/#breadcrumb\"},\"inLanguage\":\"fr-FR\",\"potentialAction\":[{\"@type\":\"ReadAction\",\"target\":[\"https:\/\/staging.belleflamme.ca\/fr\/produit\/support-de-toit-cathedrale-carre-duratech-de-duravent\/\"]}]},{\"@type\":\"ImageObject\",\"inLanguage\":\"fr-FR\",\"@id\":\"https:\/\/staging.belleflamme.ca\/fr\/produit\/support-de-toit-cathedrale-carre-duratech-de-duravent\/#primaryimage\",\"url\":\"https:\/\/staging.belleflamme.ca\/wp-content\/uploads\/2024\/07\/Support-de-toit-cathedrale-carre-DuraTech-de-Duravent.png\",\"contentUrl\":\"https:\/\/staging.belleflamme.ca\/wp-content\/uploads\/2024\/07\/Support-de-toit-cathedrale-carre-DuraTech-de-Duravent.png\",\"width\":1000,\"height\":1000,\"caption\":\"Support de toit cath\u00e9drale carr\u00e9 DuraTech de Duravent\"},{\"@type\":\"BreadcrumbList\",\"@id\":\"https:\/\/staging.belleflamme.ca\/fr\/produit\/support-de-toit-cathedrale-carre-duratech-de-duravent\/#breadcrumb\",\"itemListElement\":[{\"@type\":\"ListItem\",\"position\":1,\"name\":\"Accueil\",\"item\":\"https:\/\/www.belleflamme.ca\/fr\/\"},{\"@type\":\"ListItem\",\"position\":2,\"name\":\"Boutique\",\"item\":\"https:\/\/www.belleflamme.ca\/fr\/boutique\/\"},{\"@type\":\"ListItem\",\"position\":3,\"name\":\"Chemin\u00e9es, Pi\u00e8ces &amp; Accessoires\",\"item\":\"https:\/\/staging.belleflamme.ca\/fr\/categories\/cheminees-pieces-accessoires\/\"},{\"@type\":\"ListItem\",\"position\":4,\"name\":\"Chemin\u00e9es\",\"item\":\"https:\/\/staging.belleflamme.ca\/fr\/categories\/cheminees-pieces-accessoires\/cheminees\/\"},{\"@type\":\"ListItem\",\"position\":5,\"name\":\"Duravent\",\"item\":\"https:\/\/staging.belleflamme.ca\/fr\/categories\/cheminees-pieces-accessoires\/cheminees\/duravent\/\"},{\"@type\":\"ListItem\",\"position\":6,\"name\":\"Support de toit cath\u00e9drale carr\u00e9 DuraTech de Duravent\"}]},{\"@type\":\"WebSite\",\"@id\":\"https:\/\/www.belleflamme.ca\/fr\/#website\",\"url\":\"https:\/\/www.belleflamme.ca\/fr\/\",\"name\":\"Groupe Belleflamme\",\"description\":\"La m\u00e9canique du b\u00e2timent dans le sang.\",\"publisher\":{\"@id\":\"https:\/\/www.belleflamme.ca\/fr\/#organization\"},\"potentialAction\":[{\"@type\":\"SearchAction\",\"target\":{\"@type\":\"EntryPoint\",\"urlTemplate\":\"https:\/\/www.belleflamme.ca\/fr\/?s={search_term_string}\"},\"query-input\":{\"@type\":\"PropertyValueSpecification\",\"valueRequired\":true,\"valueName\":\"search_term_string\"}}],\"inLanguage\":\"fr-FR\"},{\"@type\":[\"Organization\",\"Place\"],\"@id\":\"https:\/\/www.belleflamme.ca\/fr\/#organization\",\"name\":\"Groupe Belleflamme\",\"alternateName\":\"Belleflamme\",\"url\":\"https:\/\/www.belleflamme.ca\/fr\/\",\"logo\":{\"@type\":\"ImageObject\",\"inLanguage\":\"fr-FR\",\"@id\":\"https:\/\/www.belleflamme.ca\/fr\/#\/schema\/logo\/image\/\",\"url\":\"https:\/\/staging.belleflamme.ca\/wp-content\/uploads\/2023\/01\/og-image.jpg\",\"contentUrl\":\"https:\/\/staging.belleflamme.ca\/wp-content\/uploads\/2023\/01\/og-image.jpg\",\"width\":1200,\"height\":630,\"caption\":\"Groupe Belleflamme\"},\"image\":{\"@id\":\"https:\/\/www.belleflamme.ca\/fr\/#\/schema\/logo\/image\/\"},\"sameAs\":[\"https:\/\/www.facebook.com\/belleflamme.ca\/\",\"https:\/\/www.linkedin.com\/company\/belleflamme\/\",\"https:\/\/www.pinterest.ca\/groupebelleflamme\/\",\"https:\/\/www.instagram.com\/legroupebelleflamme\/\"],\"mainEntityOfPage\":{\"@id\":\"https:\/\/staging.belleflamme.ca\/fr\/produit\/support-de-toit-cathedrale-carre-duratech-de-duravent\/\"}}]}<\/script>\n<meta property=\"product:brand\" content=\"Duravent\" \/>\n<meta property=\"og:availability\" content=\"instock\" \/>\n<meta property=\"product:availability\" content=\"instock\" \/>\n<meta property=\"product:condition\" content=\"new\" \/>\n<!-- \/ Yoast SEO Premium plugin. -->","yoast_head_json":{"title":"Support de toit cath\u00e9drale carr\u00e9 DuraTech de Duravent - Groupe BelleFlamme","description":"Support de toit cath\u00e9drale carr\u00e9 DuraTech de Duravent vendu et install\u00e9 par le Groupe Belleflamme. Laval, Montr\u00e9al, Gatineau et Saint-Sauveur.","robots":{"index":"index","follow":"follow","max-snippet":"max-snippet:-1","max-image-preview":"max-image-preview:large","max-video-preview":"max-video-preview:-1"},"canonical":"https:\/\/staging.belleflamme.ca\/fr\/produit\/support-de-toit-cathedrale-carre-duratech-de-duravent\/","og_locale":"fr_FR","og_type":"article","og_title":"Support de toit cath\u00e9drale carr\u00e9 DuraTech de Duravent","og_description":"Support de toit cath\u00e9drale carr\u00e9 DuraTech de Duravent vendu et install\u00e9 par le Groupe Belleflamme. Laval, Montr\u00e9al, Gatineau et Saint-Sauveur.","og_url":"https:\/\/staging.belleflamme.ca\/fr\/produit\/support-de-toit-cathedrale-carre-duratech-de-duravent\/","og_site_name":"Groupe BelleFlamme","article_publisher":"https:\/\/www.facebook.com\/belleflamme.ca\/","article_modified_time":"2024-07-10T19:06:04+00:00","og_image":[{"width":1000,"height":1000,"url":"https:\/\/www.belleflamme.ca\/wp-content\/uploads\/2024\/07\/Support-de-toit-cathedrale-carre-DuraTech-de-Duravent.png","type":"image\/png"}],"twitter_card":"summary_large_image","twitter_misc":{"Disponibilit\u00e9":"En stock"},"schema":{"@context":"https:\/\/schema.org","@graph":[{"@type":["WebPage","ItemPage"],"@id":"https:\/\/staging.belleflamme.ca\/fr\/produit\/support-de-toit-cathedrale-carre-duratech-de-duravent\/","url":"https:\/\/staging.belleflamme.ca\/fr\/produit\/support-de-toit-cathedrale-carre-duratech-de-duravent\/","name":"Support de toit cath\u00e9drale carr\u00e9 DuraTech de Duravent - Groupe BelleFlamme","isPartOf":{"@id":"https:\/\/www.belleflamme.ca\/fr\/#website"},"primaryImageOfPage":{"@id":"https:\/\/staging.belleflamme.ca\/fr\/produit\/support-de-toit-cathedrale-carre-duratech-de-duravent\/#primaryimage"},"image":{"@id":"https:\/\/staging.belleflamme.ca\/fr\/produit\/support-de-toit-cathedrale-carre-duratech-de-duravent\/#primaryimage"},"thumbnailUrl":"https:\/\/staging.belleflamme.ca\/wp-content\/uploads\/2024\/07\/Support-de-toit-cathedrale-carre-DuraTech-de-Duravent.png","datePublished":"2024-07-04T18:24:25+00:00","dateModified":"2024-07-10T19:06:04+00:00","description":"Support de toit cath\u00e9drale carr\u00e9 DuraTech de Duravent vendu et install\u00e9 par le Groupe Belleflamme. Laval, Montr\u00e9al, Gatineau et Saint-Sauveur.","breadcrumb":{"@id":"https:\/\/staging.belleflamme.ca\/fr\/produit\/support-de-toit-cathedrale-carre-duratech-de-duravent\/#breadcrumb"},"inLanguage":"fr-FR","potentialAction":[{"@type":"ReadAction","target":["https:\/\/staging.belleflamme.ca\/fr\/produit\/support-de-toit-cathedrale-carre-duratech-de-duravent\/"]}]},{"@type":"ImageObject","inLanguage":"fr-FR","@id":"https:\/\/staging.belleflamme.ca\/fr\/produit\/support-de-toit-cathedrale-carre-duratech-de-duravent\/#primaryimage","url":"https:\/\/staging.belleflamme.ca\/wp-content\/uploads\/2024\/07\/Support-de-toit-cathedrale-carre-DuraTech-de-Duravent.png","contentUrl":"https:\/\/staging.belleflamme.ca\/wp-content\/uploads\/2024\/07\/Support-de-toit-cathedrale-carre-DuraTech-de-Duravent.png","width":1000,"height":1000,"caption":"Support de toit cath\u00e9drale carr\u00e9 DuraTech de Duravent"},{"@type":"BreadcrumbList","@id":"https:\/\/staging.belleflamme.ca\/fr\/produit\/support-de-toit-cathedrale-carre-duratech-de-duravent\/#breadcrumb","itemListElement":[{"@type":"ListItem","position":1,"name":"Accueil","item":"https:\/\/www.belleflamme.ca\/fr\/"},{"@type":"ListItem","position":2,"name":"Boutique","item":"https:\/\/www.belleflamme.ca\/fr\/boutique\/"},{"@type":"ListItem","position":3,"name":"Chemin\u00e9es, Pi\u00e8ces &amp; Accessoires","item":"https:\/\/staging.belleflamme.ca\/fr\/categories\/cheminees-pieces-accessoires\/"},{"@type":"ListItem","position":4,"name":"Chemin\u00e9es","item":"https:\/\/staging.belleflamme.ca\/fr\/categories\/cheminees-pieces-accessoires\/cheminees\/"},{"@type":"ListItem","position":5,"name":"Duravent","item":"https:\/\/staging.belleflamme.ca\/fr\/categories\/cheminees-pieces-accessoires\/cheminees\/duravent\/"},{"@type":"ListItem","position":6,"name":"Support de toit cath\u00e9drale carr\u00e9 DuraTech de Duravent"}]},{"@type":"WebSite","@id":"https:\/\/www.belleflamme.ca\/fr\/#website","url":"https:\/\/www.belleflamme.ca\/fr\/","name":"Groupe Belleflamme","description":"La m\u00e9canique du b\u00e2timent dans le sang.","publisher":{"@id":"https:\/\/www.belleflamme.ca\/fr\/#organization"},"potentialAction":[{"@type":"SearchAction","target":{"@type":"EntryPoint","urlTemplate":"https:\/\/www.belleflamme.ca\/fr\/?s={search_term_string}"},"query-input":{"@type":"PropertyValueSpecification","valueRequired":true,"valueName":"search_term_string"}}],"inLanguage":"fr-FR"},{"@type":["Organization","Place"],"@id":"https:\/\/www.belleflamme.ca\/fr\/#organization","name":"Groupe Belleflamme","alternateName":"Belleflamme","url":"https:\/\/www.belleflamme.ca\/fr\/","logo":{"@type":"ImageObject","inLanguage":"fr-FR","@id":"https:\/\/www.belleflamme.ca\/fr\/#\/schema\/logo\/image\/","url":"https:\/\/staging.belleflamme.ca\/wp-content\/uploads\/2023\/01\/og-image.jpg","contentUrl":"https:\/\/staging.belleflamme.ca\/wp-content\/uploads\/2023\/01\/og-image.jpg","width":1200,"height":630,"caption":"Groupe Belleflamme"},"image":{"@id":"https:\/\/www.belleflamme.ca\/fr\/#\/schema\/logo\/image\/"},"sameAs":["https:\/\/www.facebook.com\/belleflamme.ca\/","https:\/\/www.linkedin.com\/company\/belleflamme\/","https:\/\/www.pinterest.ca\/groupebelleflamme\/","https:\/\/www.instagram.com\/legroupebelleflamme\/"],"mainEntityOfPage":{"@id":"https:\/\/staging.belleflamme.ca\/fr\/produit\/support-de-toit-cathedrale-carre-duratech-de-duravent\/"}}]},"product_brand":"Duravent","og_availability":"instock","product_availability":"instock","product_condition":"new"},"_links":{"self":[{"href":"https:\/\/staging.belleflamme.ca\/fr\/wp-json\/wp\/v2\/product\/41716","targetHints":{"allow":["GET"]}}],"collection":[{"href":"https:\/\/staging.belleflamme.ca\/fr\/wp-json\/wp\/v2\/product"}],"about":[{"href":"https:\/\/staging.belleflamme.ca\/fr\/wp-json\/wp\/v2\/types\/product"}],"version-history":[{"count":1,"href":"https:\/\/staging.belleflamme.ca\/fr\/wp-json\/wp\/v2\/product\/41716\/revisions"}],"predecessor-version":[{"id":41726,"href":"https:\/\/staging.belleflamme.ca\/fr\/wp-json\/wp\/v2\/product\/41716\/revisions\/41726"}],"wp:featuredmedia":[{"embeddable":true,"href":"https:\/\/staging.belleflamme.ca\/fr\/wp-json\/wp\/v2\/media\/41717"}],"wp:attachment":[{"href":"https:\/\/staging.belleflamme.ca\/fr\/wp-json\/wp\/v2\/media?parent=41716"}],"wp:term":[{"taxonomy":"product_brand","embeddable":true,"href":"https:\/\/staging.belleflamme.ca\/fr\/wp-json\/wp\/v2\/product_brand?post=41716"},{"taxonomy":"product_cat","embeddable":true,"href":"https:\/\/staging.belleflamme.ca\/fr\/wp-json\/wp\/v2\/product_cat?post=41716"},{"taxonomy":"product_tag","embeddable":true,"href":"https:\/\/staging.belleflamme.ca\/fr\/wp-json\/wp\/v2\/product_tag?post=41716"}],"curies":[{"name":"wp","href":"https:\/\/api.w.org\/{rel}","templated":true}]}}