{"id":41310,"date":"2024-07-03T12:39:51","date_gmt":"2024-07-03T16:39:51","guid":{"rendered":"https:\/\/www.belleflamme.ca\/?post_type=product&#038;p=41310"},"modified":"2024-11-06T12:48:01","modified_gmt":"2024-11-06T17:48:01","slug":"adaptateur-de-maconnerie-de-selkirk-ultimate-stovepipe","status":"publish","type":"product","link":"https:\/\/staging.belleflamme.ca\/fr\/produit\/adaptateur-de-maconnerie-de-selkirk-ultimate-stovepipe\/","title":{"rendered":"Adaptateur de Ma\u00e7onnerie de Selkirk Ultimate StovePipe"},"content":{"rendered":"<p>Diam\u00e8tres de 6 po, 7 po, et 8 po<br \/>\n\u2022 Sert \u00e0 connecter Ultimate StovePipe \u00e0 une chemin\u00e9e de<br \/>\nma\u00e7onnerie existante ou une gaine en acier inoxydable dans<br \/>\nune chemin\u00e9e de ma\u00e7onnerie<br \/>\n\u2022 Quincaillerie incluse<\/p>\n<p><img fetchpriority=\"high\" decoding=\"async\" class=\"alignnone size-full wp-image-41318\" src=\"https:\/\/www.belleflamme.ca\/wp-content\/uploads\/2024\/07\/2024-07-03-12_39_07-DVG_USP_CT-001F_01-24.pdf.png\" alt=\"\" width=\"499\" height=\"277\" srcset=\"https:\/\/staging.belleflamme.ca\/wp-content\/uploads\/2024\/07\/2024-07-03-12_39_07-DVG_USP_CT-001F_01-24.pdf.png 499w, https:\/\/staging.belleflamme.ca\/wp-content\/uploads\/2024\/07\/2024-07-03-12_39_07-DVG_USP_CT-001F_01-24.pdf-300x167.png 300w\" sizes=\"(max-width: 499px) 100vw, 499px\" \/><\/p>\n<p><img decoding=\"async\" class=\"alignnone size-full wp-image-41316\" src=\"https:\/\/www.belleflamme.ca\/wp-content\/uploads\/2024\/07\/2024-07-03-12_39_14-DVG_USP_CT-001F_01-24.pdf.png\" alt=\"\" width=\"691\" height=\"195\" srcset=\"https:\/\/staging.belleflamme.ca\/wp-content\/uploads\/2024\/07\/2024-07-03-12_39_14-DVG_USP_CT-001F_01-24.pdf.png 691w, https:\/\/staging.belleflamme.ca\/wp-content\/uploads\/2024\/07\/2024-07-03-12_39_14-DVG_USP_CT-001F_01-24.pdf-300x85.png 300w\" sizes=\"(max-width: 691px) 100vw, 691px\" \/><\/p>\n","protected":false},"excerpt":{"rendered":"<p>Diam\u00e8tres de 6 po, 7 po, et 8 po \u2022 Sert \u00e0 connecter Ultimate StovePipe \u00e0 une chemin\u00e9e de ma\u00e7onnerie existante ou une gaine en acier inoxydable dans une chemin\u00e9e de ma\u00e7onnerie \u2022 Quincaillerie incluse<\/p>\n","protected":false},"featured_media":41311,"template":"","meta":{"inline_featured_image":false},"product_brand":[1667],"product_cat":[95,1671,45],"product_tag":[],"class_list":{"0":"post-41310","1":"product","2":"type-product","3":"status-publish","4":"has-post-thumbnail","6":"product_brand-ultimate-stovepipe","7":"product_cat-cheminees","8":"product_cat-ultimate-stovepipe","9":"product_cat-cheminees-pieces-accessoires","11":"first","12":"instock","13":"taxable","14":"shipping-taxable","15":"purchasable","16":"product-type-variable"},"yoast_head":"<!-- This site is optimized with the Yoast SEO Premium plugin v24.2 (Yoast SEO v24.2) - https:\/\/yoast.com\/wordpress\/plugins\/seo\/ -->\n<title>Adaptateur de Ma\u00e7onnerie de Selkirk Ultimate StovePipe - Groupe BelleFlamme<\/title>\n<meta name=\"description\" content=\"Adaptateur de Ma\u00e7onnerie de Selkirk Ultimate StovePipe vendu et install\u00e9 par le Groupe Belleflamme. Laval, Montr\u00e9al, Gatineau et Saint-Sauveur.\" \/>\n<meta name=\"robots\" content=\"index, follow, max-snippet:-1, max-image-preview:large, max-video-preview:-1\" \/>\n<link rel=\"canonical\" href=\"https:\/\/staging.belleflamme.ca\/fr\/produit\/adaptateur-de-maconnerie-de-selkirk-ultimate-stovepipe\/\" \/>\n<meta property=\"og:locale\" content=\"fr_FR\" \/>\n<meta property=\"og:type\" content=\"article\" \/>\n<meta property=\"og:title\" content=\"Adaptateur de Ma\u00e7onnerie de Selkirk Ultimate StovePipe\" \/>\n<meta property=\"og:description\" content=\"Adaptateur de Ma\u00e7onnerie de Selkirk Ultimate StovePipe vendu et install\u00e9 par le Groupe Belleflamme. Laval, Montr\u00e9al, Gatineau et Saint-Sauveur.\" \/>\n<meta property=\"og:url\" content=\"https:\/\/staging.belleflamme.ca\/fr\/produit\/adaptateur-de-maconnerie-de-selkirk-ultimate-stovepipe\/\" \/>\n<meta property=\"og:site_name\" content=\"Groupe BelleFlamme\" \/>\n<meta property=\"article:publisher\" content=\"https:\/\/www.facebook.com\/belleflamme.ca\/\" \/>\n<meta property=\"article:modified_time\" content=\"2024-11-06T17:48:01+00:00\" \/>\n<meta property=\"og:image\" content=\"https:\/\/www.belleflamme.ca\/wp-content\/uploads\/2024\/07\/Adaptateur-de-Maconnerie-de-Selkirk-Ultimate-StovePipe.webp\" \/>\n\t<meta property=\"og:image:width\" content=\"800\" \/>\n\t<meta property=\"og:image:height\" content=\"800\" \/>\n\t<meta property=\"og:image:type\" content=\"image\/webp\" \/>\n<meta name=\"twitter:card\" content=\"summary_large_image\" \/>\n<meta name=\"twitter:label1\" content=\"Disponibilit\u00e9\" \/>\n\t<meta name=\"twitter:data1\" content=\"En stock\" \/>\n<script type=\"application\/ld+json\" class=\"yoast-schema-graph\">{\"@context\":\"https:\/\/schema.org\",\"@graph\":[{\"@type\":[\"WebPage\",\"ItemPage\"],\"@id\":\"https:\/\/staging.belleflamme.ca\/fr\/produit\/adaptateur-de-maconnerie-de-selkirk-ultimate-stovepipe\/\",\"url\":\"https:\/\/staging.belleflamme.ca\/fr\/produit\/adaptateur-de-maconnerie-de-selkirk-ultimate-stovepipe\/\",\"name\":\"Adaptateur de Ma\u00e7onnerie de Selkirk Ultimate StovePipe - Groupe BelleFlamme\",\"isPartOf\":{\"@id\":\"https:\/\/www.belleflamme.ca\/fr\/#website\"},\"primaryImageOfPage\":{\"@id\":\"https:\/\/staging.belleflamme.ca\/fr\/produit\/adaptateur-de-maconnerie-de-selkirk-ultimate-stovepipe\/#primaryimage\"},\"image\":{\"@id\":\"https:\/\/staging.belleflamme.ca\/fr\/produit\/adaptateur-de-maconnerie-de-selkirk-ultimate-stovepipe\/#primaryimage\"},\"thumbnailUrl\":\"https:\/\/staging.belleflamme.ca\/wp-content\/uploads\/2024\/07\/Adaptateur-de-Maconnerie-de-Selkirk-Ultimate-StovePipe.webp\",\"datePublished\":\"2024-07-03T16:39:51+00:00\",\"dateModified\":\"2024-11-06T17:48:01+00:00\",\"description\":\"Adaptateur de Ma\u00e7onnerie de Selkirk Ultimate StovePipe vendu et install\u00e9 par le Groupe Belleflamme. Laval, Montr\u00e9al, Gatineau et Saint-Sauveur.\",\"breadcrumb\":{\"@id\":\"https:\/\/staging.belleflamme.ca\/fr\/produit\/adaptateur-de-maconnerie-de-selkirk-ultimate-stovepipe\/#breadcrumb\"},\"inLanguage\":\"fr-FR\",\"potentialAction\":[{\"@type\":\"ReadAction\",\"target\":[\"https:\/\/staging.belleflamme.ca\/fr\/produit\/adaptateur-de-maconnerie-de-selkirk-ultimate-stovepipe\/\"]}]},{\"@type\":\"ImageObject\",\"inLanguage\":\"fr-FR\",\"@id\":\"https:\/\/staging.belleflamme.ca\/fr\/produit\/adaptateur-de-maconnerie-de-selkirk-ultimate-stovepipe\/#primaryimage\",\"url\":\"https:\/\/staging.belleflamme.ca\/wp-content\/uploads\/2024\/07\/Adaptateur-de-Maconnerie-de-Selkirk-Ultimate-StovePipe.webp\",\"contentUrl\":\"https:\/\/staging.belleflamme.ca\/wp-content\/uploads\/2024\/07\/Adaptateur-de-Maconnerie-de-Selkirk-Ultimate-StovePipe.webp\",\"width\":800,\"height\":800,\"caption\":\"Adaptateur de Ma\u00e7onnerie de Selkirk Ultimate StovePipe\"},{\"@type\":\"BreadcrumbList\",\"@id\":\"https:\/\/staging.belleflamme.ca\/fr\/produit\/adaptateur-de-maconnerie-de-selkirk-ultimate-stovepipe\/#breadcrumb\",\"itemListElement\":[{\"@type\":\"ListItem\",\"position\":1,\"name\":\"Accueil\",\"item\":\"https:\/\/www.belleflamme.ca\/fr\/\"},{\"@type\":\"ListItem\",\"position\":2,\"name\":\"Boutique\",\"item\":\"https:\/\/www.belleflamme.ca\/fr\/boutique\/\"},{\"@type\":\"ListItem\",\"position\":3,\"name\":\"Chemin\u00e9es, Pi\u00e8ces &amp; Accessoires\",\"item\":\"https:\/\/staging.belleflamme.ca\/fr\/categories\/cheminees-pieces-accessoires\/\"},{\"@type\":\"ListItem\",\"position\":4,\"name\":\"Chemin\u00e9es\",\"item\":\"https:\/\/staging.belleflamme.ca\/fr\/categories\/cheminees-pieces-accessoires\/cheminees\/\"},{\"@type\":\"ListItem\",\"position\":5,\"name\":\"Ultimate StovePipe\",\"item\":\"https:\/\/staging.belleflamme.ca\/fr\/categories\/cheminees-pieces-accessoires\/cheminees\/ultimate-stovepipe\/\"},{\"@type\":\"ListItem\",\"position\":6,\"name\":\"Adaptateur de Ma\u00e7onnerie de Selkirk Ultimate StovePipe\"}]},{\"@type\":\"WebSite\",\"@id\":\"https:\/\/www.belleflamme.ca\/fr\/#website\",\"url\":\"https:\/\/www.belleflamme.ca\/fr\/\",\"name\":\"Groupe Belleflamme\",\"description\":\"La m\u00e9canique du b\u00e2timent dans le sang.\",\"publisher\":{\"@id\":\"https:\/\/www.belleflamme.ca\/fr\/#organization\"},\"potentialAction\":[{\"@type\":\"SearchAction\",\"target\":{\"@type\":\"EntryPoint\",\"urlTemplate\":\"https:\/\/www.belleflamme.ca\/fr\/?s={search_term_string}\"},\"query-input\":{\"@type\":\"PropertyValueSpecification\",\"valueRequired\":true,\"valueName\":\"search_term_string\"}}],\"inLanguage\":\"fr-FR\"},{\"@type\":[\"Organization\",\"Place\"],\"@id\":\"https:\/\/www.belleflamme.ca\/fr\/#organization\",\"name\":\"Groupe Belleflamme\",\"alternateName\":\"Belleflamme\",\"url\":\"https:\/\/www.belleflamme.ca\/fr\/\",\"logo\":{\"@type\":\"ImageObject\",\"inLanguage\":\"fr-FR\",\"@id\":\"https:\/\/www.belleflamme.ca\/fr\/#\/schema\/logo\/image\/\",\"url\":\"https:\/\/staging.belleflamme.ca\/wp-content\/uploads\/2023\/01\/og-image.jpg\",\"contentUrl\":\"https:\/\/staging.belleflamme.ca\/wp-content\/uploads\/2023\/01\/og-image.jpg\",\"width\":1200,\"height\":630,\"caption\":\"Groupe Belleflamme\"},\"image\":{\"@id\":\"https:\/\/www.belleflamme.ca\/fr\/#\/schema\/logo\/image\/\"},\"sameAs\":[\"https:\/\/www.facebook.com\/belleflamme.ca\/\",\"https:\/\/www.linkedin.com\/company\/belleflamme\/\",\"https:\/\/www.pinterest.ca\/groupebelleflamme\/\",\"https:\/\/www.instagram.com\/legroupebelleflamme\/\"],\"mainEntityOfPage\":{\"@id\":\"https:\/\/staging.belleflamme.ca\/fr\/produit\/adaptateur-de-maconnerie-de-selkirk-ultimate-stovepipe\/\"}}]}<\/script>\n<meta property=\"product:brand\" content=\"Ultimate StovePipe\" \/>\n<meta property=\"og:availability\" content=\"instock\" \/>\n<meta property=\"product:availability\" content=\"instock\" \/>\n<meta property=\"product:condition\" content=\"new\" \/>\n<!-- \/ Yoast SEO Premium plugin. -->","yoast_head_json":{"title":"Adaptateur de Ma\u00e7onnerie de Selkirk Ultimate StovePipe - Groupe BelleFlamme","description":"Adaptateur de Ma\u00e7onnerie de Selkirk Ultimate StovePipe vendu et install\u00e9 par le Groupe Belleflamme. Laval, Montr\u00e9al, Gatineau et Saint-Sauveur.","robots":{"index":"index","follow":"follow","max-snippet":"max-snippet:-1","max-image-preview":"max-image-preview:large","max-video-preview":"max-video-preview:-1"},"canonical":"https:\/\/staging.belleflamme.ca\/fr\/produit\/adaptateur-de-maconnerie-de-selkirk-ultimate-stovepipe\/","og_locale":"fr_FR","og_type":"article","og_title":"Adaptateur de Ma\u00e7onnerie de Selkirk Ultimate StovePipe","og_description":"Adaptateur de Ma\u00e7onnerie de Selkirk Ultimate StovePipe vendu et install\u00e9 par le Groupe Belleflamme. Laval, Montr\u00e9al, Gatineau et Saint-Sauveur.","og_url":"https:\/\/staging.belleflamme.ca\/fr\/produit\/adaptateur-de-maconnerie-de-selkirk-ultimate-stovepipe\/","og_site_name":"Groupe BelleFlamme","article_publisher":"https:\/\/www.facebook.com\/belleflamme.ca\/","article_modified_time":"2024-11-06T17:48:01+00:00","og_image":[{"width":800,"height":800,"url":"https:\/\/www.belleflamme.ca\/wp-content\/uploads\/2024\/07\/Adaptateur-de-Maconnerie-de-Selkirk-Ultimate-StovePipe.webp","type":"image\/webp"}],"twitter_card":"summary_large_image","twitter_misc":{"Disponibilit\u00e9":"En stock"},"schema":{"@context":"https:\/\/schema.org","@graph":[{"@type":["WebPage","ItemPage"],"@id":"https:\/\/staging.belleflamme.ca\/fr\/produit\/adaptateur-de-maconnerie-de-selkirk-ultimate-stovepipe\/","url":"https:\/\/staging.belleflamme.ca\/fr\/produit\/adaptateur-de-maconnerie-de-selkirk-ultimate-stovepipe\/","name":"Adaptateur de Ma\u00e7onnerie de Selkirk Ultimate StovePipe - Groupe BelleFlamme","isPartOf":{"@id":"https:\/\/www.belleflamme.ca\/fr\/#website"},"primaryImageOfPage":{"@id":"https:\/\/staging.belleflamme.ca\/fr\/produit\/adaptateur-de-maconnerie-de-selkirk-ultimate-stovepipe\/#primaryimage"},"image":{"@id":"https:\/\/staging.belleflamme.ca\/fr\/produit\/adaptateur-de-maconnerie-de-selkirk-ultimate-stovepipe\/#primaryimage"},"thumbnailUrl":"https:\/\/staging.belleflamme.ca\/wp-content\/uploads\/2024\/07\/Adaptateur-de-Maconnerie-de-Selkirk-Ultimate-StovePipe.webp","datePublished":"2024-07-03T16:39:51+00:00","dateModified":"2024-11-06T17:48:01+00:00","description":"Adaptateur de Ma\u00e7onnerie de Selkirk Ultimate StovePipe vendu et install\u00e9 par le Groupe Belleflamme. Laval, Montr\u00e9al, Gatineau et Saint-Sauveur.","breadcrumb":{"@id":"https:\/\/staging.belleflamme.ca\/fr\/produit\/adaptateur-de-maconnerie-de-selkirk-ultimate-stovepipe\/#breadcrumb"},"inLanguage":"fr-FR","potentialAction":[{"@type":"ReadAction","target":["https:\/\/staging.belleflamme.ca\/fr\/produit\/adaptateur-de-maconnerie-de-selkirk-ultimate-stovepipe\/"]}]},{"@type":"ImageObject","inLanguage":"fr-FR","@id":"https:\/\/staging.belleflamme.ca\/fr\/produit\/adaptateur-de-maconnerie-de-selkirk-ultimate-stovepipe\/#primaryimage","url":"https:\/\/staging.belleflamme.ca\/wp-content\/uploads\/2024\/07\/Adaptateur-de-Maconnerie-de-Selkirk-Ultimate-StovePipe.webp","contentUrl":"https:\/\/staging.belleflamme.ca\/wp-content\/uploads\/2024\/07\/Adaptateur-de-Maconnerie-de-Selkirk-Ultimate-StovePipe.webp","width":800,"height":800,"caption":"Adaptateur de Ma\u00e7onnerie de Selkirk Ultimate StovePipe"},{"@type":"BreadcrumbList","@id":"https:\/\/staging.belleflamme.ca\/fr\/produit\/adaptateur-de-maconnerie-de-selkirk-ultimate-stovepipe\/#breadcrumb","itemListElement":[{"@type":"ListItem","position":1,"name":"Accueil","item":"https:\/\/www.belleflamme.ca\/fr\/"},{"@type":"ListItem","position":2,"name":"Boutique","item":"https:\/\/www.belleflamme.ca\/fr\/boutique\/"},{"@type":"ListItem","position":3,"name":"Chemin\u00e9es, Pi\u00e8ces &amp; Accessoires","item":"https:\/\/staging.belleflamme.ca\/fr\/categories\/cheminees-pieces-accessoires\/"},{"@type":"ListItem","position":4,"name":"Chemin\u00e9es","item":"https:\/\/staging.belleflamme.ca\/fr\/categories\/cheminees-pieces-accessoires\/cheminees\/"},{"@type":"ListItem","position":5,"name":"Ultimate StovePipe","item":"https:\/\/staging.belleflamme.ca\/fr\/categories\/cheminees-pieces-accessoires\/cheminees\/ultimate-stovepipe\/"},{"@type":"ListItem","position":6,"name":"Adaptateur de Ma\u00e7onnerie de Selkirk Ultimate StovePipe"}]},{"@type":"WebSite","@id":"https:\/\/www.belleflamme.ca\/fr\/#website","url":"https:\/\/www.belleflamme.ca\/fr\/","name":"Groupe Belleflamme","description":"La m\u00e9canique du b\u00e2timent dans le sang.","publisher":{"@id":"https:\/\/www.belleflamme.ca\/fr\/#organization"},"potentialAction":[{"@type":"SearchAction","target":{"@type":"EntryPoint","urlTemplate":"https:\/\/www.belleflamme.ca\/fr\/?s={search_term_string}"},"query-input":{"@type":"PropertyValueSpecification","valueRequired":true,"valueName":"search_term_string"}}],"inLanguage":"fr-FR"},{"@type":["Organization","Place"],"@id":"https:\/\/www.belleflamme.ca\/fr\/#organization","name":"Groupe Belleflamme","alternateName":"Belleflamme","url":"https:\/\/www.belleflamme.ca\/fr\/","logo":{"@type":"ImageObject","inLanguage":"fr-FR","@id":"https:\/\/www.belleflamme.ca\/fr\/#\/schema\/logo\/image\/","url":"https:\/\/staging.belleflamme.ca\/wp-content\/uploads\/2023\/01\/og-image.jpg","contentUrl":"https:\/\/staging.belleflamme.ca\/wp-content\/uploads\/2023\/01\/og-image.jpg","width":1200,"height":630,"caption":"Groupe Belleflamme"},"image":{"@id":"https:\/\/www.belleflamme.ca\/fr\/#\/schema\/logo\/image\/"},"sameAs":["https:\/\/www.facebook.com\/belleflamme.ca\/","https:\/\/www.linkedin.com\/company\/belleflamme\/","https:\/\/www.pinterest.ca\/groupebelleflamme\/","https:\/\/www.instagram.com\/legroupebelleflamme\/"],"mainEntityOfPage":{"@id":"https:\/\/staging.belleflamme.ca\/fr\/produit\/adaptateur-de-maconnerie-de-selkirk-ultimate-stovepipe\/"}}]},"product_brand":"Ultimate StovePipe","og_availability":"instock","product_availability":"instock","product_condition":"new"},"_links":{"self":[{"href":"https:\/\/staging.belleflamme.ca\/fr\/wp-json\/wp\/v2\/product\/41310","targetHints":{"allow":["GET"]}}],"collection":[{"href":"https:\/\/staging.belleflamme.ca\/fr\/wp-json\/wp\/v2\/product"}],"about":[{"href":"https:\/\/staging.belleflamme.ca\/fr\/wp-json\/wp\/v2\/types\/product"}],"version-history":[{"count":1,"href":"https:\/\/staging.belleflamme.ca\/fr\/wp-json\/wp\/v2\/product\/41310\/revisions"}],"predecessor-version":[{"id":41320,"href":"https:\/\/staging.belleflamme.ca\/fr\/wp-json\/wp\/v2\/product\/41310\/revisions\/41320"}],"wp:featuredmedia":[{"embeddable":true,"href":"https:\/\/staging.belleflamme.ca\/fr\/wp-json\/wp\/v2\/media\/41311"}],"wp:attachment":[{"href":"https:\/\/staging.belleflamme.ca\/fr\/wp-json\/wp\/v2\/media?parent=41310"}],"wp:term":[{"taxonomy":"product_brand","embeddable":true,"href":"https:\/\/staging.belleflamme.ca\/fr\/wp-json\/wp\/v2\/product_brand?post=41310"},{"taxonomy":"product_cat","embeddable":true,"href":"https:\/\/staging.belleflamme.ca\/fr\/wp-json\/wp\/v2\/product_cat?post=41310"},{"taxonomy":"product_tag","embeddable":true,"href":"https:\/\/staging.belleflamme.ca\/fr\/wp-json\/wp\/v2\/product_tag?post=41310"}],"curies":[{"name":"wp","href":"https:\/\/api.w.org\/{rel}","templated":true}]}}