{"id":41173,"date":"2024-07-03T10:59:22","date_gmt":"2024-07-03T14:59:22","guid":{"rendered":"https:\/\/www.belleflamme.ca\/?post_type=product&#038;p=41173"},"modified":"2024-11-06T13:03:04","modified_gmt":"2024-11-06T18:03:04","slug":"longueur-telescopiques-selkirk-ultimate-stovepipe","status":"publish","type":"product","link":"https:\/\/staging.belleflamme.ca\/fr\/produit\/longueur-telescopiques-selkirk-ultimate-stovepipe\/","title":{"rendered":"Longueur T\u00e9lescopiques Selkirk Ultimate StovePipe"},"content":{"rendered":"<p>\u2022 Diam\u00e8tres de 6 po, 7 po, et 8 po<br \/>\n\u2022 La section t\u00e9lescopique est compos\u00e9e d&#8217;une longueur<br \/>\ninf\u00e9rieure de 36 po et une longueur sup\u00e9rieure ajustable<br \/>\nde 36 po<br \/>\n\u2022 Offre une flexibilit\u00e9 d&#8217;installation entre le po\u00eale et le<br \/>\nsyst\u00e8me de chemin\u00e9e<br \/>\n\u2022 Collier de finition inclus<br \/>\n\u2022 Quincaillerie incluse<\/p>\n<p><img fetchpriority=\"high\" decoding=\"async\" class=\"alignnone size-full wp-image-41181\" src=\"https:\/\/www.belleflamme.ca\/wp-content\/uploads\/2024\/07\/2024-07-03-10_58_26-DVG_USP_CT-001F_01-24.pdf.png\" alt=\"\" width=\"448\" height=\"360\" srcset=\"https:\/\/staging.belleflamme.ca\/wp-content\/uploads\/2024\/07\/2024-07-03-10_58_26-DVG_USP_CT-001F_01-24.pdf.png 448w, https:\/\/staging.belleflamme.ca\/wp-content\/uploads\/2024\/07\/2024-07-03-10_58_26-DVG_USP_CT-001F_01-24.pdf-300x241.png 300w\" sizes=\"(max-width: 448px) 100vw, 448px\" \/><\/p>\n<p><img decoding=\"async\" class=\"alignnone size-full wp-image-41179\" src=\"https:\/\/www.belleflamme.ca\/wp-content\/uploads\/2024\/07\/2024-07-03-10_58_34-DVG_USP_CT-001F_01-24.pdf.png\" alt=\"\" width=\"648\" height=\"175\" srcset=\"https:\/\/staging.belleflamme.ca\/wp-content\/uploads\/2024\/07\/2024-07-03-10_58_34-DVG_USP_CT-001F_01-24.pdf.png 648w, https:\/\/staging.belleflamme.ca\/wp-content\/uploads\/2024\/07\/2024-07-03-10_58_34-DVG_USP_CT-001F_01-24.pdf-300x81.png 300w\" sizes=\"(max-width: 648px) 100vw, 648px\" \/><\/p>\n","protected":false},"excerpt":{"rendered":"<p>\u2022 Diam\u00e8tres de 6 po, 7 po, et 8 po \u2022 La section t\u00e9lescopique est compos\u00e9e d&#8217;une longueur inf\u00e9rieure de 36 po et une longueur sup\u00e9rieure ajustable de 36 po \u2022 Offre une flexibilit\u00e9 d&#8217;installation entre le po\u00eale et le syst\u00e8me de chemin\u00e9e \u2022 Collier de finition inclus \u2022 Quincaillerie incluse<\/p>\n","protected":false},"featured_media":41174,"template":"","meta":{"inline_featured_image":false},"product_brand":[1667],"product_cat":[95,1671,45],"product_tag":[],"class_list":{"0":"post-41173","1":"product","2":"type-product","3":"status-publish","4":"has-post-thumbnail","6":"product_brand-ultimate-stovepipe","7":"product_cat-cheminees","8":"product_cat-ultimate-stovepipe","9":"product_cat-cheminees-pieces-accessoires","11":"first","12":"instock","13":"taxable","14":"shipping-taxable","15":"purchasable","16":"product-type-variable"},"yoast_head":"<!-- This site is optimized with the Yoast SEO Premium plugin v24.2 (Yoast SEO v24.2) - https:\/\/yoast.com\/wordpress\/plugins\/seo\/ -->\n<title>Longueur T\u00e9lescopiques Selkirk Ultimate StovePipe - Groupe BelleFlamme<\/title>\n<meta name=\"description\" content=\"Longueur T\u00e9lescopiques Selkirk Ultimate StovePipe vendu et install\u00e9 par le Groupe Belleflamme. Laval, Montr\u00e9al, Gatineau et Saint-Sauveur.\" \/>\n<meta name=\"robots\" content=\"index, follow, max-snippet:-1, max-image-preview:large, max-video-preview:-1\" \/>\n<link rel=\"canonical\" href=\"https:\/\/staging.belleflamme.ca\/fr\/produit\/longueur-telescopiques-selkirk-ultimate-stovepipe\/\" \/>\n<meta property=\"og:locale\" content=\"fr_FR\" \/>\n<meta property=\"og:type\" content=\"article\" \/>\n<meta property=\"og:title\" content=\"Longueur T\u00e9lescopiques Selkirk Ultimate StovePipe\" \/>\n<meta property=\"og:description\" content=\"Longueur T\u00e9lescopiques Selkirk Ultimate StovePipe vendu et install\u00e9 par le Groupe Belleflamme. Laval, Montr\u00e9al, Gatineau et Saint-Sauveur.\" \/>\n<meta property=\"og:url\" content=\"https:\/\/staging.belleflamme.ca\/fr\/produit\/longueur-telescopiques-selkirk-ultimate-stovepipe\/\" \/>\n<meta property=\"og:site_name\" content=\"Groupe BelleFlamme\" \/>\n<meta property=\"article:publisher\" content=\"https:\/\/www.facebook.com\/belleflamme.ca\/\" \/>\n<meta property=\"article:modified_time\" content=\"2024-11-06T18:03:04+00:00\" \/>\n<meta property=\"og:image\" content=\"https:\/\/www.belleflamme.ca\/wp-content\/uploads\/2024\/07\/Longueur-Telescopiques-Selkirk-Ultimate-StovePipe.webp\" \/>\n\t<meta property=\"og:image:width\" content=\"800\" \/>\n\t<meta property=\"og:image:height\" content=\"800\" \/>\n\t<meta property=\"og:image:type\" content=\"image\/webp\" \/>\n<meta name=\"twitter:card\" content=\"summary_large_image\" \/>\n<meta name=\"twitter:label1\" content=\"Disponibilit\u00e9\" \/>\n\t<meta name=\"twitter:data1\" content=\"En stock\" \/>\n<script type=\"application\/ld+json\" class=\"yoast-schema-graph\">{\"@context\":\"https:\/\/schema.org\",\"@graph\":[{\"@type\":[\"WebPage\",\"ItemPage\"],\"@id\":\"https:\/\/staging.belleflamme.ca\/fr\/produit\/longueur-telescopiques-selkirk-ultimate-stovepipe\/\",\"url\":\"https:\/\/staging.belleflamme.ca\/fr\/produit\/longueur-telescopiques-selkirk-ultimate-stovepipe\/\",\"name\":\"Longueur T\u00e9lescopiques Selkirk Ultimate StovePipe - Groupe BelleFlamme\",\"isPartOf\":{\"@id\":\"https:\/\/www.belleflamme.ca\/fr\/#website\"},\"primaryImageOfPage\":{\"@id\":\"https:\/\/staging.belleflamme.ca\/fr\/produit\/longueur-telescopiques-selkirk-ultimate-stovepipe\/#primaryimage\"},\"image\":{\"@id\":\"https:\/\/staging.belleflamme.ca\/fr\/produit\/longueur-telescopiques-selkirk-ultimate-stovepipe\/#primaryimage\"},\"thumbnailUrl\":\"https:\/\/staging.belleflamme.ca\/wp-content\/uploads\/2024\/07\/Longueur-Telescopiques-Selkirk-Ultimate-StovePipe.webp\",\"datePublished\":\"2024-07-03T14:59:22+00:00\",\"dateModified\":\"2024-11-06T18:03:04+00:00\",\"description\":\"Longueur T\u00e9lescopiques Selkirk Ultimate StovePipe vendu et install\u00e9 par le Groupe Belleflamme. Laval, Montr\u00e9al, Gatineau et Saint-Sauveur.\",\"breadcrumb\":{\"@id\":\"https:\/\/staging.belleflamme.ca\/fr\/produit\/longueur-telescopiques-selkirk-ultimate-stovepipe\/#breadcrumb\"},\"inLanguage\":\"fr-FR\",\"potentialAction\":[{\"@type\":\"ReadAction\",\"target\":[\"https:\/\/staging.belleflamme.ca\/fr\/produit\/longueur-telescopiques-selkirk-ultimate-stovepipe\/\"]}]},{\"@type\":\"ImageObject\",\"inLanguage\":\"fr-FR\",\"@id\":\"https:\/\/staging.belleflamme.ca\/fr\/produit\/longueur-telescopiques-selkirk-ultimate-stovepipe\/#primaryimage\",\"url\":\"https:\/\/staging.belleflamme.ca\/wp-content\/uploads\/2024\/07\/Longueur-Telescopiques-Selkirk-Ultimate-StovePipe.webp\",\"contentUrl\":\"https:\/\/staging.belleflamme.ca\/wp-content\/uploads\/2024\/07\/Longueur-Telescopiques-Selkirk-Ultimate-StovePipe.webp\",\"width\":800,\"height\":800,\"caption\":\"Longueur T\u00e9lescopiques Selkirk Ultimate StovePipe\"},{\"@type\":\"BreadcrumbList\",\"@id\":\"https:\/\/staging.belleflamme.ca\/fr\/produit\/longueur-telescopiques-selkirk-ultimate-stovepipe\/#breadcrumb\",\"itemListElement\":[{\"@type\":\"ListItem\",\"position\":1,\"name\":\"Accueil\",\"item\":\"https:\/\/www.belleflamme.ca\/fr\/\"},{\"@type\":\"ListItem\",\"position\":2,\"name\":\"Boutique\",\"item\":\"https:\/\/www.belleflamme.ca\/fr\/boutique\/\"},{\"@type\":\"ListItem\",\"position\":3,\"name\":\"Chemin\u00e9es, Pi\u00e8ces &amp; Accessoires\",\"item\":\"https:\/\/staging.belleflamme.ca\/fr\/categories\/cheminees-pieces-accessoires\/\"},{\"@type\":\"ListItem\",\"position\":4,\"name\":\"Longueur T\u00e9lescopiques Selkirk Ultimate StovePipe\"}]},{\"@type\":\"WebSite\",\"@id\":\"https:\/\/www.belleflamme.ca\/fr\/#website\",\"url\":\"https:\/\/www.belleflamme.ca\/fr\/\",\"name\":\"Groupe Belleflamme\",\"description\":\"La m\u00e9canique du b\u00e2timent dans le sang.\",\"publisher\":{\"@id\":\"https:\/\/www.belleflamme.ca\/fr\/#organization\"},\"potentialAction\":[{\"@type\":\"SearchAction\",\"target\":{\"@type\":\"EntryPoint\",\"urlTemplate\":\"https:\/\/www.belleflamme.ca\/fr\/?s={search_term_string}\"},\"query-input\":{\"@type\":\"PropertyValueSpecification\",\"valueRequired\":true,\"valueName\":\"search_term_string\"}}],\"inLanguage\":\"fr-FR\"},{\"@type\":[\"Organization\",\"Place\"],\"@id\":\"https:\/\/www.belleflamme.ca\/fr\/#organization\",\"name\":\"Groupe Belleflamme\",\"alternateName\":\"Belleflamme\",\"url\":\"https:\/\/www.belleflamme.ca\/fr\/\",\"logo\":{\"@type\":\"ImageObject\",\"inLanguage\":\"fr-FR\",\"@id\":\"https:\/\/www.belleflamme.ca\/fr\/#\/schema\/logo\/image\/\",\"url\":\"https:\/\/staging.belleflamme.ca\/wp-content\/uploads\/2023\/01\/og-image.jpg\",\"contentUrl\":\"https:\/\/staging.belleflamme.ca\/wp-content\/uploads\/2023\/01\/og-image.jpg\",\"width\":1200,\"height\":630,\"caption\":\"Groupe Belleflamme\"},\"image\":{\"@id\":\"https:\/\/www.belleflamme.ca\/fr\/#\/schema\/logo\/image\/\"},\"sameAs\":[\"https:\/\/www.facebook.com\/belleflamme.ca\/\",\"https:\/\/www.linkedin.com\/company\/belleflamme\/\",\"https:\/\/www.pinterest.ca\/groupebelleflamme\/\",\"https:\/\/www.instagram.com\/legroupebelleflamme\/\"],\"mainEntityOfPage\":{\"@id\":\"https:\/\/staging.belleflamme.ca\/fr\/produit\/longueur-telescopiques-selkirk-ultimate-stovepipe\/\"}}]}<\/script>\n<meta property=\"product:brand\" content=\"Ultimate StovePipe\" \/>\n<meta property=\"og:availability\" content=\"instock\" \/>\n<meta property=\"product:availability\" content=\"instock\" \/>\n<meta property=\"product:condition\" content=\"new\" \/>\n<!-- \/ Yoast SEO Premium plugin. -->","yoast_head_json":{"title":"Longueur T\u00e9lescopiques Selkirk Ultimate StovePipe - Groupe BelleFlamme","description":"Longueur T\u00e9lescopiques Selkirk Ultimate StovePipe vendu et install\u00e9 par le Groupe Belleflamme. Laval, Montr\u00e9al, Gatineau et Saint-Sauveur.","robots":{"index":"index","follow":"follow","max-snippet":"max-snippet:-1","max-image-preview":"max-image-preview:large","max-video-preview":"max-video-preview:-1"},"canonical":"https:\/\/staging.belleflamme.ca\/fr\/produit\/longueur-telescopiques-selkirk-ultimate-stovepipe\/","og_locale":"fr_FR","og_type":"article","og_title":"Longueur T\u00e9lescopiques Selkirk Ultimate StovePipe","og_description":"Longueur T\u00e9lescopiques Selkirk Ultimate StovePipe vendu et install\u00e9 par le Groupe Belleflamme. Laval, Montr\u00e9al, Gatineau et Saint-Sauveur.","og_url":"https:\/\/staging.belleflamme.ca\/fr\/produit\/longueur-telescopiques-selkirk-ultimate-stovepipe\/","og_site_name":"Groupe BelleFlamme","article_publisher":"https:\/\/www.facebook.com\/belleflamme.ca\/","article_modified_time":"2024-11-06T18:03:04+00:00","og_image":[{"width":800,"height":800,"url":"https:\/\/www.belleflamme.ca\/wp-content\/uploads\/2024\/07\/Longueur-Telescopiques-Selkirk-Ultimate-StovePipe.webp","type":"image\/webp"}],"twitter_card":"summary_large_image","twitter_misc":{"Disponibilit\u00e9":"En stock"},"schema":{"@context":"https:\/\/schema.org","@graph":[{"@type":["WebPage","ItemPage"],"@id":"https:\/\/staging.belleflamme.ca\/fr\/produit\/longueur-telescopiques-selkirk-ultimate-stovepipe\/","url":"https:\/\/staging.belleflamme.ca\/fr\/produit\/longueur-telescopiques-selkirk-ultimate-stovepipe\/","name":"Longueur T\u00e9lescopiques Selkirk Ultimate StovePipe - Groupe BelleFlamme","isPartOf":{"@id":"https:\/\/www.belleflamme.ca\/fr\/#website"},"primaryImageOfPage":{"@id":"https:\/\/staging.belleflamme.ca\/fr\/produit\/longueur-telescopiques-selkirk-ultimate-stovepipe\/#primaryimage"},"image":{"@id":"https:\/\/staging.belleflamme.ca\/fr\/produit\/longueur-telescopiques-selkirk-ultimate-stovepipe\/#primaryimage"},"thumbnailUrl":"https:\/\/staging.belleflamme.ca\/wp-content\/uploads\/2024\/07\/Longueur-Telescopiques-Selkirk-Ultimate-StovePipe.webp","datePublished":"2024-07-03T14:59:22+00:00","dateModified":"2024-11-06T18:03:04+00:00","description":"Longueur T\u00e9lescopiques Selkirk Ultimate StovePipe vendu et install\u00e9 par le Groupe Belleflamme. Laval, Montr\u00e9al, Gatineau et Saint-Sauveur.","breadcrumb":{"@id":"https:\/\/staging.belleflamme.ca\/fr\/produit\/longueur-telescopiques-selkirk-ultimate-stovepipe\/#breadcrumb"},"inLanguage":"fr-FR","potentialAction":[{"@type":"ReadAction","target":["https:\/\/staging.belleflamme.ca\/fr\/produit\/longueur-telescopiques-selkirk-ultimate-stovepipe\/"]}]},{"@type":"ImageObject","inLanguage":"fr-FR","@id":"https:\/\/staging.belleflamme.ca\/fr\/produit\/longueur-telescopiques-selkirk-ultimate-stovepipe\/#primaryimage","url":"https:\/\/staging.belleflamme.ca\/wp-content\/uploads\/2024\/07\/Longueur-Telescopiques-Selkirk-Ultimate-StovePipe.webp","contentUrl":"https:\/\/staging.belleflamme.ca\/wp-content\/uploads\/2024\/07\/Longueur-Telescopiques-Selkirk-Ultimate-StovePipe.webp","width":800,"height":800,"caption":"Longueur T\u00e9lescopiques Selkirk Ultimate StovePipe"},{"@type":"BreadcrumbList","@id":"https:\/\/staging.belleflamme.ca\/fr\/produit\/longueur-telescopiques-selkirk-ultimate-stovepipe\/#breadcrumb","itemListElement":[{"@type":"ListItem","position":1,"name":"Accueil","item":"https:\/\/www.belleflamme.ca\/fr\/"},{"@type":"ListItem","position":2,"name":"Boutique","item":"https:\/\/www.belleflamme.ca\/fr\/boutique\/"},{"@type":"ListItem","position":3,"name":"Chemin\u00e9es, Pi\u00e8ces &amp; Accessoires","item":"https:\/\/staging.belleflamme.ca\/fr\/categories\/cheminees-pieces-accessoires\/"},{"@type":"ListItem","position":4,"name":"Longueur T\u00e9lescopiques Selkirk Ultimate StovePipe"}]},{"@type":"WebSite","@id":"https:\/\/www.belleflamme.ca\/fr\/#website","url":"https:\/\/www.belleflamme.ca\/fr\/","name":"Groupe Belleflamme","description":"La m\u00e9canique du b\u00e2timent dans le sang.","publisher":{"@id":"https:\/\/www.belleflamme.ca\/fr\/#organization"},"potentialAction":[{"@type":"SearchAction","target":{"@type":"EntryPoint","urlTemplate":"https:\/\/www.belleflamme.ca\/fr\/?s={search_term_string}"},"query-input":{"@type":"PropertyValueSpecification","valueRequired":true,"valueName":"search_term_string"}}],"inLanguage":"fr-FR"},{"@type":["Organization","Place"],"@id":"https:\/\/www.belleflamme.ca\/fr\/#organization","name":"Groupe Belleflamme","alternateName":"Belleflamme","url":"https:\/\/www.belleflamme.ca\/fr\/","logo":{"@type":"ImageObject","inLanguage":"fr-FR","@id":"https:\/\/www.belleflamme.ca\/fr\/#\/schema\/logo\/image\/","url":"https:\/\/staging.belleflamme.ca\/wp-content\/uploads\/2023\/01\/og-image.jpg","contentUrl":"https:\/\/staging.belleflamme.ca\/wp-content\/uploads\/2023\/01\/og-image.jpg","width":1200,"height":630,"caption":"Groupe Belleflamme"},"image":{"@id":"https:\/\/www.belleflamme.ca\/fr\/#\/schema\/logo\/image\/"},"sameAs":["https:\/\/www.facebook.com\/belleflamme.ca\/","https:\/\/www.linkedin.com\/company\/belleflamme\/","https:\/\/www.pinterest.ca\/groupebelleflamme\/","https:\/\/www.instagram.com\/legroupebelleflamme\/"],"mainEntityOfPage":{"@id":"https:\/\/staging.belleflamme.ca\/fr\/produit\/longueur-telescopiques-selkirk-ultimate-stovepipe\/"}}]},"product_brand":"Ultimate StovePipe","og_availability":"instock","product_availability":"instock","product_condition":"new"},"_links":{"self":[{"href":"https:\/\/staging.belleflamme.ca\/fr\/wp-json\/wp\/v2\/product\/41173","targetHints":{"allow":["GET"]}}],"collection":[{"href":"https:\/\/staging.belleflamme.ca\/fr\/wp-json\/wp\/v2\/product"}],"about":[{"href":"https:\/\/staging.belleflamme.ca\/fr\/wp-json\/wp\/v2\/types\/product"}],"version-history":[{"count":1,"href":"https:\/\/staging.belleflamme.ca\/fr\/wp-json\/wp\/v2\/product\/41173\/revisions"}],"predecessor-version":[{"id":41183,"href":"https:\/\/staging.belleflamme.ca\/fr\/wp-json\/wp\/v2\/product\/41173\/revisions\/41183"}],"wp:featuredmedia":[{"embeddable":true,"href":"https:\/\/staging.belleflamme.ca\/fr\/wp-json\/wp\/v2\/media\/41174"}],"wp:attachment":[{"href":"https:\/\/staging.belleflamme.ca\/fr\/wp-json\/wp\/v2\/media?parent=41173"}],"wp:term":[{"taxonomy":"product_brand","embeddable":true,"href":"https:\/\/staging.belleflamme.ca\/fr\/wp-json\/wp\/v2\/product_brand?post=41173"},{"taxonomy":"product_cat","embeddable":true,"href":"https:\/\/staging.belleflamme.ca\/fr\/wp-json\/wp\/v2\/product_cat?post=41173"},{"taxonomy":"product_tag","embeddable":true,"href":"https:\/\/staging.belleflamme.ca\/fr\/wp-json\/wp\/v2\/product_tag?post=41173"}],"curies":[{"name":"wp","href":"https:\/\/api.w.org\/{rel}","templated":true}]}}