{"id":41006,"date":"2024-06-12T13:46:06","date_gmt":"2024-06-12T17:46:06","guid":{"rendered":"https:\/\/www.belleflamme.ca\/?post_type=product&#038;p=41006"},"modified":"2025-05-09T08:30:36","modified_gmt":"2025-05-09T12:30:36","slug":"poele-au-gaz-champlain-de-hearthstone","status":"publish","type":"product","link":"https:\/\/staging.belleflamme.ca\/fr\/produit\/poele-au-gaz-champlain-de-hearthstone\/","title":{"rendered":"Po\u00eale au Gaz Champlain de Hearthstone"},"content":{"rendered":"\t\t<div data-elementor-type=\"product-post\" data-elementor-id=\"41006\" class=\"elementor elementor-41006\" data-elementor-post-type=\"product\">\n\t\t\t\t\t\t<section class=\"elementor-section elementor-top-section elementor-element elementor-element-446b4331 elementor-section-boxed elementor-section-height-default elementor-section-height-default\" data-id=\"446b4331\" data-element_type=\"section\">\n\t\t\t\t\t\t<div class=\"elementor-container elementor-column-gap-default\">\n\t\t\t\t\t<div class=\"elementor-column elementor-col-100 elementor-top-column elementor-element elementor-element-489da9fb\" data-id=\"489da9fb\" data-element_type=\"column\">\n\t\t\t<div class=\"elementor-widget-wrap elementor-element-populated\">\n\t\t\t\t\t\t<div class=\"elementor-element elementor-element-27a9e02e elementor-widget elementor-widget-text-editor\" data-id=\"27a9e02e\" data-element_type=\"widget\" data-widget_type=\"text-editor.default\">\n\t\t\t\t<div class=\"elementor-widget-container\">\n\t\t\t\t\t\t\t\t\t<div class=\"bytesco-block hero-image-block mb-0 alignfull d-flex align-items-center align-content-center gradient-overlay gradient-right apply-negative-top-margin lazyloaded\" data-bg-image=\"url(https:\/\/www.hearthstonestoves.com\/wp-content\/uploads\/2020\/05\/Champlain8302_scene1_200526.jpg)\"><div class=\"container\"><div class=\"row\"><div class=\"col-12 text-left inner-blocks\"><div class=\"wp-block-group content-group\"><div class=\"wp-block-group__inner-container is-layout-flow wp-block-group-is-layout-flow\"><p class=\"has-text-color\">Le Champlain ajoutera une touche de style classique \u00e0 votre pi\u00e8ce.<\/p><h2 class=\"wp-block-heading\">Caract\u00e9ristiques<\/h2><h3 class=\"wp-block-heading\">Feu savamment \u00e9quilibr\u00e9<\/h3><p>La cuisini\u00e8re \u00e0 gaz Champlain a \u00e9t\u00e9 soigneusement con\u00e7ue pour pr\u00e9senter un feu \u00e9quilibr\u00e9 et doucement vacillant sur les r\u00e9glages bas et \u00e9lev\u00e9s.<\/p><h3 class=\"wp-block-heading\">Op\u00e9ration simple<\/h3><p>Le Champlain 8304 dispose d&#8217;un pilote permanent qui s&#8217;\u00e9teindra apr\u00e8s 7 jours d&#8217;inactivit\u00e9. Il peut \u00eatre pilot\u00e9 manuellement, avec un thermostat standard ou programmable, ou avec une t\u00e9l\u00e9commande en option.<\/p><h3 class=\"wp-block-heading\">Chaleur par convection efficace<\/h3><p>Le Champlain comprend un \u00e9changeur de chaleur en fonte au-dessus du feu. Le flux d&#8217;air par convection naturelle d\u00e9place l&#8217;air \u00e0 travers les bouches d&#8217;a\u00e9ration du po\u00eale pour r\u00e9chauffer votre pi\u00e8ce.<\/p><div class=\"wp-block-column is-layout-flow wp-block-column-is-layout-flow\"><h3 class=\"wp-block-heading\">V\u00e9ritable efficacit\u00e9<\/h3><p>Les cuisini\u00e8res \u00e0 gaz HearthStone sont des sources de chaleur propres. Pour les rendre r\u00e9ellement efficaces, tous les po\u00eales \u00e0 gaz HearthStone int\u00e8grent un \u00e9changeur de chaleur en fonte. L&#8217;air circule \u00e0 travers l&#8217;\u00e9changeur de chaleur pour faire circuler plus de chaleur de votre po\u00eale vers votre maison, et non vers votre chemin\u00e9e.<\/p><\/div><div class=\"wp-block-column is-layout-flow wp-block-column-is-layout-flow\"><h3 class=\"wp-block-heading\">S\u00e9curit\u00e9 sans faille<\/h3><p>Chaque fen\u00eatre donnant sur le feu est prot\u00e9g\u00e9e par un \u00e9cran presque invisible qui emp\u00eache les petites mains de toucher la vitre chaude. Nos \u00e9crans de protection sont parfaitement int\u00e9gr\u00e9s \u00e0 chaque po\u00eale. Ils compl\u00e8tent le design du po\u00eale et disparaissent lorsque le feu br\u00fble.<\/p><h2 class=\"wp-block-heading\">Syst\u00e8me de gaz<\/h2><h3 class=\"wp-block-heading\">SIT Nova avec d\u00e9lai d&#8217;attente de 7 jours<\/h3><p>Ce syst\u00e8me SIT 820 Nova utilise un pilote permanent avec un d\u00e9lai d&#8217;attente de 7 jours. La veilleuse est allum\u00e9e au d\u00e9but de la saison de chauffage et reste allum\u00e9e pour garder votre chemin\u00e9e au chaud et pr\u00eate \u00e0 l&#8217;emploi. Une veilleuse permanente utilise une quantit\u00e9 minimale de gaz et aide votre po\u00eale \u00e0 d\u00e9marrer de mani\u00e8re fiable par temps froid. Ce syst\u00e8me s&#8217;\u00e9teint automatiquement apr\u00e8s 7 jours d&#8217;inactivit\u00e9. Vous pouvez le connecter \u00e0 un thermostat millivolt standard ou \u00e0 un thermostat programmable et laisser votre po\u00eale s&#8217;allumer et s&#8217;\u00e9teindre automatiquement selon vos besoins. De plus, une t\u00e9l\u00e9commande thermostatique en option est disponible.<\/p><h2 class=\"wp-block-heading\">Nos mat\u00e9riaux<\/h2><p>Chaque HearthStone est fabriqu\u00e9 \u00e0 la main en utilisant une combinaison de composants de pr\u00e9cision en fonte, acier, c\u00e9ramique et divers autres mat\u00e9riaux. Notre engagement envers la qualit\u00e9 et notre souci du d\u00e9tail garantissent que votre produit vous servira fid\u00e8lement pendant des ann\u00e9es.<\/p><div class=\"attribute spec-attribute d-flex flex-column\"><div class=\"spec-attribute-inner text-left\"><h2 class=\"section-title\" role=\"heading\" aria-level=\"4\">Caract\u00e9ristiques<\/h2><p class=\"spec-item\"><span class=\"spec-item-label\">Souffleur\u00a0:<\/span>\u00a0en option<\/p><p class=\"spec-item\"><span class=\"spec-item-label\">Taux de combustion LP\u00a0:<\/span>\u00a021\u00a0000 \u00e0 35\u00a0000 BTU\/h<\/p><p class=\"spec-item\"><span class=\"spec-item-label\">Taux de combustion NG\u00a0:<\/span>\u00a021\u00a0000 \u00e0 35\u00a0000 BTU\/h<\/p><p class=\"spec-item\"><span class=\"spec-item-label\">Br\u00fbleur\u00a0:<\/span>\u00a0br\u00fbleur de casserole<\/p><p class=\"spec-item\"><span class=\"spec-item-label\">Finition\u00a0:<\/span>\u00a0\u00c9mail marron, noir mat<\/p><p class=\"spec-item\"><span class=\"spec-item-label\">Chauffe jusqu&#8217;\u00e0\u00a0:<\/span>\u00a01 800 pieds carr\u00e9s<\/p><p class=\"spec-item\"><span class=\"spec-item-label\">Syst\u00e8me d&#8217;allumage\u00a0:<\/span>\u00a0SIT Nova<\/p><p class=\"spec-item\"><span class=\"spec-item-label\">Kit de conversion LP\u00a0:<\/span>\u00a0inclus<\/p><p class=\"spec-item\"><span class=\"spec-item-label\">Certifi\u00e9 pour maison mobile\u00a0:<\/span>\u00a0Oui<\/p><p class=\"spec-item\"><span class=\"spec-item-label\">Mod\u00e8le :<\/span>\u00a08303<\/p><p class=\"spec-item\"><span class=\"spec-item-label\">P.4. 1.09 Efficacit\u00e9\u00a0:<\/span>\u00a067,9\u00a0%<\/p><p class=\"spec-item\"><span class=\"spec-item-label\">\u00c0 distance\u00a0:<\/span>\u00a0facultatif<\/p><p class=\"spec-item\"><span class=\"spec-item-label\">Efficacit\u00e9 en r\u00e9gime permanent\u00a0:<\/span>\u00a074,6\u00a0%<\/p><p class=\"spec-item\"><span class=\"spec-item-label\">Type de po\u00eale :<\/span>\u00a0Cuisini\u00e8re \u00e0 gaz \u00e0 \u00e9vacuation directe<\/p><p class=\"spec-item\"><span class=\"spec-item-label\">Ventilation :<\/span>\u00a04\u2033x6-5\/8\u2033 DV<\/p><p class=\"spec-item\"><span class=\"spec-item-label\">Emplacement de ventilation\u00a0:<\/span>\u00a045\u00a0\u00b0<\/p><p class=\"spec-item\"><span class=\"spec-item-label\">Poids :<\/span>\u00a0220 livres<\/p><\/div><\/div><div class=\"attribute spec-attribute d-flex flex-column\"><div class=\"spec-attribute-inner text-left\"><h3 class=\"section-title\">Accessoires<\/h3><p>Souffleur de convection\u00a0:\u00a093-57020<\/p><p>Kit de t\u00e9l\u00e9commande Tstat\u00a0:\u00a090-56914<\/p><\/div><\/div><div class=\"attribute spec-attribute d-flex flex-column\"><div class=\"spec-attribute-inner text-left\"><p class=\"section-title\" role=\"heading\" aria-level=\"4\">D\u00e9gagements<\/p><ul><li>C\u00f4t\u00e9 : 2\u2033 (4\u2033 avec terminaison tuba)<\/li><li>Arri\u00e8re : 3\u2033<\/li><li>Coin : 4\u2033<\/li><\/ul><p><strong>Protection du sol\u00a0:<\/strong>\u00a0Surface incombustible ou plancher en bois<\/p><h3>Finis Disponibles<\/h3><p><img fetchpriority=\"high\" decoding=\"async\" class=\"alignnone size-full wp-image-41013\" src=\"https:\/\/www.belleflamme.ca\/wp-content\/uploads\/2024\/06\/2024-06-12-13_45_39-Champlain-Poeles-HearthStone.png\" alt=\"\" width=\"367\" height=\"199\" srcset=\"https:\/\/staging.belleflamme.ca\/wp-content\/uploads\/2024\/06\/2024-06-12-13_45_39-Champlain-Poeles-HearthStone.png 367w, https:\/\/staging.belleflamme.ca\/wp-content\/uploads\/2024\/06\/2024-06-12-13_45_39-Champlain-Poeles-HearthStone-300x163.png 300w\" sizes=\"(max-width: 367px) 100vw, 367px\" \/><\/p><\/div><\/div><\/div><\/div><\/div><\/div><\/div><\/div><\/div>\t\t\t\t\t\t\t\t<\/div>\n\t\t\t\t<\/div>\n\t\t\t\t\t<\/div>\n\t\t<\/div>\n\t\t\t\t\t<\/div>\n\t\t<\/section>\n\t\t\t\t<section class=\"elementor-section elementor-top-section elementor-element elementor-element-92e12d8 elementor-section-boxed elementor-section-height-default elementor-section-height-default\" data-id=\"92e12d8\" data-element_type=\"section\">\n\t\t\t\t\t\t<div class=\"elementor-container elementor-column-gap-default\">\n\t\t\t\t\t<div class=\"elementor-column elementor-col-100 elementor-top-column elementor-element elementor-element-e9ddf13\" data-id=\"e9ddf13\" data-element_type=\"column\">\n\t\t\t<div class=\"elementor-widget-wrap elementor-element-populated\">\n\t\t\t\t\t\t<div class=\"elementor-element elementor-element-9f10803 elementor-tabs-view-horizontal elementor-widget elementor-widget-tabs\" data-id=\"9f10803\" data-element_type=\"widget\" data-widget_type=\"tabs.default\">\n\t\t\t\t<div class=\"elementor-widget-container\">\n\t\t\t\t\t\t\t<div class=\"elementor-tabs\">\n\t\t\t<div class=\"elementor-tabs-wrapper\" role=\"tablist\" >\n\t\t\t\t\t\t\t\t\t<div id=\"elementor-tab-title-1661\" class=\"elementor-tab-title elementor-tab-desktop-title\" aria-selected=\"true\" data-tab=\"1\" role=\"tab\" tabindex=\"0\" aria-controls=\"elementor-tab-content-1661\" aria-expanded=\"false\">Fichiers<\/div>\n\t\t\t\t\t\t\t<\/div>\n\t\t\t<div class=\"elementor-tabs-content-wrapper\" role=\"tablist\" aria-orientation=\"vertical\">\n\t\t\t\t\t\t\t\t\t<div class=\"elementor-tab-title elementor-tab-mobile-title\" aria-selected=\"true\" data-tab=\"1\" role=\"tab\" tabindex=\"0\" aria-controls=\"elementor-tab-content-1661\" aria-expanded=\"false\">Fichiers<\/div>\n\t\t\t\t\t<div id=\"elementor-tab-content-1661\" class=\"elementor-tab-content elementor-clearfix\" data-tab=\"1\" role=\"tabpanel\" aria-labelledby=\"elementor-tab-title-1661\" tabindex=\"0\" hidden=\"false\"><i class=\"far fa-file-pdf fa-xl\" style=\"font-size:35px\"><\/i><a href=\"https:\/\/www.belleflamme.ca\/wp-content\/uploads\/2024\/06\/220411_Sales-sheets_Champlain8304.pdf\"> Brochure<\/a><\/br>\n<i class=\"far fa-file-pdf fa-xl\" style=\"font-size:35px\"><\/i><a href=\"https:\/\/www.belleflamme.ca\/wp-content\/uploads\/2024\/06\/hearthstone-champlain-iv-8304-manual.pdf\"> Manuel<\/a><\/br><\/div>\n\t\t\t\t\t\t\t<\/div>\n\t\t<\/div>\n\t\t\t\t\t\t<\/div>\n\t\t\t\t<\/div>\n\t\t\t\t\t<\/div>\n\t\t<\/div>\n\t\t\t\t\t<\/div>\n\t\t<\/section>\n\t\t\t\t<\/div>\n\t\t","protected":false},"excerpt":{"rendered":"<p>Le Champlain ajoutera une touche de style classique \u00e0 votre pi\u00e8ce. Caract\u00e9ristiques Feu savamment \u00e9quilibr\u00e9 La cuisini\u00e8re \u00e0 gaz Champlain a \u00e9t\u00e9 soigneusement con\u00e7ue pour pr\u00e9senter un feu \u00e9quilibr\u00e9 et doucement vacillant sur les r\u00e9glages bas et \u00e9lev\u00e9s. Op\u00e9ration simple Le Champlain 8304 dispose d&#8217;un pilote permanent qui s&#8217;\u00e9teindra apr\u00e8s 7 jours d&#8217;inactivit\u00e9. Il peut [&hellip;]<\/p>\n","protected":false},"featured_media":41007,"template":"","meta":{"inline_featured_image":false},"product_brand":[1637],"product_cat":[33,35,38],"product_tag":[],"class_list":{"0":"post-41006","1":"product","2":"type-product","3":"status-publish","4":"has-post-thumbnail","6":"product_brand-hearthstone","7":"product_cat-poeles-et-foyers","8":"product_cat-poeles-foyer-au-gaz","9":"product_cat-poeles-au-gaz","11":"first","12":"instock","13":"taxable","14":"shipping-taxable","15":"purchasable","16":"product-type-variable"},"yoast_head":"<!-- This site is optimized with the Yoast SEO Premium plugin v24.2 (Yoast SEO v24.2) - https:\/\/yoast.com\/wordpress\/plugins\/seo\/ -->\n<title>Po\u00eale au Gaz Champlain de Hearthstone - Groupe BelleFlamme<\/title>\n<meta name=\"description\" content=\"Po\u00eale au Gaz Champlain de Hearthstone vendu et install\u00e9 par le Groupe Belleflamme. Laval, Montr\u00e9al, Gatineau et Saint-Sauveur.\" \/>\n<meta name=\"robots\" content=\"index, follow, max-snippet:-1, max-image-preview:large, max-video-preview:-1\" \/>\n<link rel=\"canonical\" href=\"https:\/\/staging.belleflamme.ca\/fr\/produit\/poele-au-gaz-champlain-de-hearthstone\/\" \/>\n<meta property=\"og:locale\" content=\"fr_FR\" \/>\n<meta property=\"og:type\" content=\"article\" \/>\n<meta property=\"og:title\" content=\"Po\u00eale au Gaz Champlain de Hearthstone\" \/>\n<meta property=\"og:description\" content=\"Po\u00eale au Gaz Champlain de Hearthstone vendu et install\u00e9 par le Groupe Belleflamme. Laval, Montr\u00e9al, Gatineau et Saint-Sauveur.\" \/>\n<meta property=\"og:url\" content=\"https:\/\/staging.belleflamme.ca\/fr\/produit\/poele-au-gaz-champlain-de-hearthstone\/\" \/>\n<meta property=\"og:site_name\" content=\"Groupe BelleFlamme\" \/>\n<meta property=\"article:publisher\" content=\"https:\/\/www.facebook.com\/belleflamme.ca\/\" \/>\n<meta property=\"article:modified_time\" content=\"2025-05-09T12:30:36+00:00\" \/>\n<meta property=\"og:image\" content=\"https:\/\/www.belleflamme.ca\/wp-content\/uploads\/2024\/06\/Poele-au-Gaz-Champlain-de-Hearthstone.jpg\" \/>\n\t<meta property=\"og:image:width\" content=\"1024\" \/>\n\t<meta property=\"og:image:height\" content=\"805\" \/>\n\t<meta property=\"og:image:type\" content=\"image\/jpeg\" \/>\n<meta name=\"twitter:card\" content=\"summary_large_image\" \/>\n<meta name=\"twitter:label1\" content=\"Disponibilit\u00e9\" \/>\n\t<meta name=\"twitter:data1\" content=\"En stock\" \/>\n<script type=\"application\/ld+json\" class=\"yoast-schema-graph\">{\"@context\":\"https:\/\/schema.org\",\"@graph\":[{\"@type\":[\"WebPage\",\"ItemPage\"],\"@id\":\"https:\/\/staging.belleflamme.ca\/fr\/produit\/poele-au-gaz-champlain-de-hearthstone\/\",\"url\":\"https:\/\/staging.belleflamme.ca\/fr\/produit\/poele-au-gaz-champlain-de-hearthstone\/\",\"name\":\"Po\u00eale au Gaz Champlain de Hearthstone - Groupe BelleFlamme\",\"isPartOf\":{\"@id\":\"https:\/\/www.belleflamme.ca\/fr\/#website\"},\"primaryImageOfPage\":{\"@id\":\"https:\/\/staging.belleflamme.ca\/fr\/produit\/poele-au-gaz-champlain-de-hearthstone\/#primaryimage\"},\"image\":{\"@id\":\"https:\/\/staging.belleflamme.ca\/fr\/produit\/poele-au-gaz-champlain-de-hearthstone\/#primaryimage\"},\"thumbnailUrl\":\"https:\/\/staging.belleflamme.ca\/wp-content\/uploads\/2024\/06\/Poele-au-Gaz-Champlain-de-Hearthstone.jpg\",\"datePublished\":\"2024-06-12T17:46:06+00:00\",\"dateModified\":\"2025-05-09T12:30:36+00:00\",\"description\":\"Po\u00eale au Gaz Champlain de Hearthstone vendu et install\u00e9 par le Groupe Belleflamme. Laval, Montr\u00e9al, Gatineau et Saint-Sauveur.\",\"breadcrumb\":{\"@id\":\"https:\/\/staging.belleflamme.ca\/fr\/produit\/poele-au-gaz-champlain-de-hearthstone\/#breadcrumb\"},\"inLanguage\":\"fr-FR\",\"potentialAction\":[{\"@type\":\"ReadAction\",\"target\":[\"https:\/\/staging.belleflamme.ca\/fr\/produit\/poele-au-gaz-champlain-de-hearthstone\/\"]}]},{\"@type\":\"ImageObject\",\"inLanguage\":\"fr-FR\",\"@id\":\"https:\/\/staging.belleflamme.ca\/fr\/produit\/poele-au-gaz-champlain-de-hearthstone\/#primaryimage\",\"url\":\"https:\/\/staging.belleflamme.ca\/wp-content\/uploads\/2024\/06\/Poele-au-Gaz-Champlain-de-Hearthstone.jpg\",\"contentUrl\":\"https:\/\/staging.belleflamme.ca\/wp-content\/uploads\/2024\/06\/Poele-au-Gaz-Champlain-de-Hearthstone.jpg\",\"width\":1024,\"height\":805,\"caption\":\"Po\u00eale au Gaz Champlain de Hearthstone\"},{\"@type\":\"BreadcrumbList\",\"@id\":\"https:\/\/staging.belleflamme.ca\/fr\/produit\/poele-au-gaz-champlain-de-hearthstone\/#breadcrumb\",\"itemListElement\":[{\"@type\":\"ListItem\",\"position\":1,\"name\":\"Accueil\",\"item\":\"https:\/\/www.belleflamme.ca\/fr\/\"},{\"@type\":\"ListItem\",\"position\":2,\"name\":\"Boutique\",\"item\":\"https:\/\/www.belleflamme.ca\/fr\/boutique\/\"},{\"@type\":\"ListItem\",\"position\":3,\"name\":\"Po\u00eales &amp; Foyers\",\"item\":\"https:\/\/staging.belleflamme.ca\/fr\/categories\/poeles-et-foyers\/\"},{\"@type\":\"ListItem\",\"position\":4,\"name\":\"Po\u00eale &amp; Foyer au Gaz\",\"item\":\"https:\/\/staging.belleflamme.ca\/fr\/categories\/poeles-et-foyers\/poeles-foyer-au-gaz\/\"},{\"@type\":\"ListItem\",\"position\":5,\"name\":\"Po\u00eales au Gaz\",\"item\":\"https:\/\/staging.belleflamme.ca\/fr\/categories\/poeles-et-foyers\/poeles-foyer-au-gaz\/poeles-au-gaz\/\"},{\"@type\":\"ListItem\",\"position\":6,\"name\":\"Po\u00eale au Gaz Champlain de Hearthstone\"}]},{\"@type\":\"WebSite\",\"@id\":\"https:\/\/www.belleflamme.ca\/fr\/#website\",\"url\":\"https:\/\/www.belleflamme.ca\/fr\/\",\"name\":\"Groupe Belleflamme\",\"description\":\"La m\u00e9canique du b\u00e2timent dans le sang.\",\"publisher\":{\"@id\":\"https:\/\/www.belleflamme.ca\/fr\/#organization\"},\"potentialAction\":[{\"@type\":\"SearchAction\",\"target\":{\"@type\":\"EntryPoint\",\"urlTemplate\":\"https:\/\/www.belleflamme.ca\/fr\/?s={search_term_string}\"},\"query-input\":{\"@type\":\"PropertyValueSpecification\",\"valueRequired\":true,\"valueName\":\"search_term_string\"}}],\"inLanguage\":\"fr-FR\"},{\"@type\":[\"Organization\",\"Place\"],\"@id\":\"https:\/\/www.belleflamme.ca\/fr\/#organization\",\"name\":\"Groupe Belleflamme\",\"alternateName\":\"Belleflamme\",\"url\":\"https:\/\/www.belleflamme.ca\/fr\/\",\"logo\":{\"@type\":\"ImageObject\",\"inLanguage\":\"fr-FR\",\"@id\":\"https:\/\/www.belleflamme.ca\/fr\/#\/schema\/logo\/image\/\",\"url\":\"https:\/\/staging.belleflamme.ca\/wp-content\/uploads\/2023\/01\/og-image.jpg\",\"contentUrl\":\"https:\/\/staging.belleflamme.ca\/wp-content\/uploads\/2023\/01\/og-image.jpg\",\"width\":1200,\"height\":630,\"caption\":\"Groupe Belleflamme\"},\"image\":{\"@id\":\"https:\/\/www.belleflamme.ca\/fr\/#\/schema\/logo\/image\/\"},\"sameAs\":[\"https:\/\/www.facebook.com\/belleflamme.ca\/\",\"https:\/\/www.linkedin.com\/company\/belleflamme\/\",\"https:\/\/www.pinterest.ca\/groupebelleflamme\/\",\"https:\/\/www.instagram.com\/legroupebelleflamme\/\"],\"mainEntityOfPage\":{\"@id\":\"https:\/\/staging.belleflamme.ca\/fr\/produit\/poele-au-gaz-champlain-de-hearthstone\/\"}}]}<\/script>\n<meta property=\"product:brand\" content=\"Hearthstone\" \/>\n<meta property=\"og:availability\" content=\"instock\" \/>\n<meta property=\"product:availability\" content=\"instock\" \/>\n<meta property=\"product:condition\" content=\"new\" \/>\n<!-- \/ Yoast SEO Premium plugin. -->","yoast_head_json":{"title":"Po\u00eale au Gaz Champlain de Hearthstone - Groupe BelleFlamme","description":"Po\u00eale au Gaz Champlain de Hearthstone vendu et install\u00e9 par le Groupe Belleflamme. Laval, Montr\u00e9al, Gatineau et Saint-Sauveur.","robots":{"index":"index","follow":"follow","max-snippet":"max-snippet:-1","max-image-preview":"max-image-preview:large","max-video-preview":"max-video-preview:-1"},"canonical":"https:\/\/staging.belleflamme.ca\/fr\/produit\/poele-au-gaz-champlain-de-hearthstone\/","og_locale":"fr_FR","og_type":"article","og_title":"Po\u00eale au Gaz Champlain de Hearthstone","og_description":"Po\u00eale au Gaz Champlain de Hearthstone vendu et install\u00e9 par le Groupe Belleflamme. Laval, Montr\u00e9al, Gatineau et Saint-Sauveur.","og_url":"https:\/\/staging.belleflamme.ca\/fr\/produit\/poele-au-gaz-champlain-de-hearthstone\/","og_site_name":"Groupe BelleFlamme","article_publisher":"https:\/\/www.facebook.com\/belleflamme.ca\/","article_modified_time":"2025-05-09T12:30:36+00:00","og_image":[{"width":1024,"height":805,"url":"https:\/\/www.belleflamme.ca\/wp-content\/uploads\/2024\/06\/Poele-au-Gaz-Champlain-de-Hearthstone.jpg","type":"image\/jpeg"}],"twitter_card":"summary_large_image","twitter_misc":{"Disponibilit\u00e9":"En stock"},"schema":{"@context":"https:\/\/schema.org","@graph":[{"@type":["WebPage","ItemPage"],"@id":"https:\/\/staging.belleflamme.ca\/fr\/produit\/poele-au-gaz-champlain-de-hearthstone\/","url":"https:\/\/staging.belleflamme.ca\/fr\/produit\/poele-au-gaz-champlain-de-hearthstone\/","name":"Po\u00eale au Gaz Champlain de Hearthstone - Groupe BelleFlamme","isPartOf":{"@id":"https:\/\/www.belleflamme.ca\/fr\/#website"},"primaryImageOfPage":{"@id":"https:\/\/staging.belleflamme.ca\/fr\/produit\/poele-au-gaz-champlain-de-hearthstone\/#primaryimage"},"image":{"@id":"https:\/\/staging.belleflamme.ca\/fr\/produit\/poele-au-gaz-champlain-de-hearthstone\/#primaryimage"},"thumbnailUrl":"https:\/\/staging.belleflamme.ca\/wp-content\/uploads\/2024\/06\/Poele-au-Gaz-Champlain-de-Hearthstone.jpg","datePublished":"2024-06-12T17:46:06+00:00","dateModified":"2025-05-09T12:30:36+00:00","description":"Po\u00eale au Gaz Champlain de Hearthstone vendu et install\u00e9 par le Groupe Belleflamme. Laval, Montr\u00e9al, Gatineau et Saint-Sauveur.","breadcrumb":{"@id":"https:\/\/staging.belleflamme.ca\/fr\/produit\/poele-au-gaz-champlain-de-hearthstone\/#breadcrumb"},"inLanguage":"fr-FR","potentialAction":[{"@type":"ReadAction","target":["https:\/\/staging.belleflamme.ca\/fr\/produit\/poele-au-gaz-champlain-de-hearthstone\/"]}]},{"@type":"ImageObject","inLanguage":"fr-FR","@id":"https:\/\/staging.belleflamme.ca\/fr\/produit\/poele-au-gaz-champlain-de-hearthstone\/#primaryimage","url":"https:\/\/staging.belleflamme.ca\/wp-content\/uploads\/2024\/06\/Poele-au-Gaz-Champlain-de-Hearthstone.jpg","contentUrl":"https:\/\/staging.belleflamme.ca\/wp-content\/uploads\/2024\/06\/Poele-au-Gaz-Champlain-de-Hearthstone.jpg","width":1024,"height":805,"caption":"Po\u00eale au Gaz Champlain de Hearthstone"},{"@type":"BreadcrumbList","@id":"https:\/\/staging.belleflamme.ca\/fr\/produit\/poele-au-gaz-champlain-de-hearthstone\/#breadcrumb","itemListElement":[{"@type":"ListItem","position":1,"name":"Accueil","item":"https:\/\/www.belleflamme.ca\/fr\/"},{"@type":"ListItem","position":2,"name":"Boutique","item":"https:\/\/www.belleflamme.ca\/fr\/boutique\/"},{"@type":"ListItem","position":3,"name":"Po\u00eales &amp; Foyers","item":"https:\/\/staging.belleflamme.ca\/fr\/categories\/poeles-et-foyers\/"},{"@type":"ListItem","position":4,"name":"Po\u00eale &amp; Foyer au Gaz","item":"https:\/\/staging.belleflamme.ca\/fr\/categories\/poeles-et-foyers\/poeles-foyer-au-gaz\/"},{"@type":"ListItem","position":5,"name":"Po\u00eales au Gaz","item":"https:\/\/staging.belleflamme.ca\/fr\/categories\/poeles-et-foyers\/poeles-foyer-au-gaz\/poeles-au-gaz\/"},{"@type":"ListItem","position":6,"name":"Po\u00eale au Gaz Champlain de Hearthstone"}]},{"@type":"WebSite","@id":"https:\/\/www.belleflamme.ca\/fr\/#website","url":"https:\/\/www.belleflamme.ca\/fr\/","name":"Groupe Belleflamme","description":"La m\u00e9canique du b\u00e2timent dans le sang.","publisher":{"@id":"https:\/\/www.belleflamme.ca\/fr\/#organization"},"potentialAction":[{"@type":"SearchAction","target":{"@type":"EntryPoint","urlTemplate":"https:\/\/www.belleflamme.ca\/fr\/?s={search_term_string}"},"query-input":{"@type":"PropertyValueSpecification","valueRequired":true,"valueName":"search_term_string"}}],"inLanguage":"fr-FR"},{"@type":["Organization","Place"],"@id":"https:\/\/www.belleflamme.ca\/fr\/#organization","name":"Groupe Belleflamme","alternateName":"Belleflamme","url":"https:\/\/www.belleflamme.ca\/fr\/","logo":{"@type":"ImageObject","inLanguage":"fr-FR","@id":"https:\/\/www.belleflamme.ca\/fr\/#\/schema\/logo\/image\/","url":"https:\/\/staging.belleflamme.ca\/wp-content\/uploads\/2023\/01\/og-image.jpg","contentUrl":"https:\/\/staging.belleflamme.ca\/wp-content\/uploads\/2023\/01\/og-image.jpg","width":1200,"height":630,"caption":"Groupe Belleflamme"},"image":{"@id":"https:\/\/www.belleflamme.ca\/fr\/#\/schema\/logo\/image\/"},"sameAs":["https:\/\/www.facebook.com\/belleflamme.ca\/","https:\/\/www.linkedin.com\/company\/belleflamme\/","https:\/\/www.pinterest.ca\/groupebelleflamme\/","https:\/\/www.instagram.com\/legroupebelleflamme\/"],"mainEntityOfPage":{"@id":"https:\/\/staging.belleflamme.ca\/fr\/produit\/poele-au-gaz-champlain-de-hearthstone\/"}}]},"product_brand":"Hearthstone","og_availability":"instock","product_availability":"instock","product_condition":"new"},"_links":{"self":[{"href":"https:\/\/staging.belleflamme.ca\/fr\/wp-json\/wp\/v2\/product\/41006","targetHints":{"allow":["GET"]}}],"collection":[{"href":"https:\/\/staging.belleflamme.ca\/fr\/wp-json\/wp\/v2\/product"}],"about":[{"href":"https:\/\/staging.belleflamme.ca\/fr\/wp-json\/wp\/v2\/types\/product"}],"version-history":[{"count":8,"href":"https:\/\/staging.belleflamme.ca\/fr\/wp-json\/wp\/v2\/product\/41006\/revisions"}],"predecessor-version":[{"id":43336,"href":"https:\/\/staging.belleflamme.ca\/fr\/wp-json\/wp\/v2\/product\/41006\/revisions\/43336"}],"wp:featuredmedia":[{"embeddable":true,"href":"https:\/\/staging.belleflamme.ca\/fr\/wp-json\/wp\/v2\/media\/41007"}],"wp:attachment":[{"href":"https:\/\/staging.belleflamme.ca\/fr\/wp-json\/wp\/v2\/media?parent=41006"}],"wp:term":[{"taxonomy":"product_brand","embeddable":true,"href":"https:\/\/staging.belleflamme.ca\/fr\/wp-json\/wp\/v2\/product_brand?post=41006"},{"taxonomy":"product_cat","embeddable":true,"href":"https:\/\/staging.belleflamme.ca\/fr\/wp-json\/wp\/v2\/product_cat?post=41006"},{"taxonomy":"product_tag","embeddable":true,"href":"https:\/\/staging.belleflamme.ca\/fr\/wp-json\/wp\/v2\/product_tag?post=41006"}],"curies":[{"name":"wp","href":"https:\/\/api.w.org\/{rel}","templated":true}]}}