{"id":40861,"date":"2024-06-11T15:12:41","date_gmt":"2024-06-11T19:12:41","guid":{"rendered":"https:\/\/www.belleflamme.ca\/?post_type=product&#038;p=40861"},"modified":"2025-05-08T13:21:50","modified_gmt":"2025-05-08T17:21:50","slug":"foyer-au-bois-encastrable-green-mountain-70-de-hearthstone","status":"publish","type":"product","link":"https:\/\/staging.belleflamme.ca\/fr\/produit\/foyer-au-bois-encastrable-green-mountain-70-de-hearthstone\/","title":{"rendered":"Foyer au Bois Encastrable Green Mountain 70 de Hearthstone"},"content":{"rendered":"\t\t<div data-elementor-type=\"product-post\" data-elementor-id=\"40861\" class=\"elementor elementor-40861\" data-elementor-post-type=\"product\">\n\t\t\t\t\t\t<section class=\"elementor-section elementor-top-section elementor-element elementor-element-9d34ce2 elementor-section-boxed elementor-section-height-default elementor-section-height-default\" data-id=\"9d34ce2\" data-element_type=\"section\">\n\t\t\t\t\t\t<div class=\"elementor-container elementor-column-gap-default\">\n\t\t\t\t\t<div class=\"elementor-column elementor-col-100 elementor-top-column elementor-element elementor-element-32f02075\" data-id=\"32f02075\" data-element_type=\"column\">\n\t\t\t<div class=\"elementor-widget-wrap elementor-element-populated\">\n\t\t\t\t\t\t<div class=\"elementor-element elementor-element-7820fddf elementor-widget elementor-widget-text-editor\" data-id=\"7820fddf\" data-element_type=\"widget\" data-widget_type=\"text-editor.default\">\n\t\t\t\t<div class=\"elementor-widget-container\">\n\t\t\t\t\t\t\t\t\tLe GMi70 a \u00e9t\u00e9 con\u00e7u pour s&#8217;adapter \u00e0 votre foyer. Il a un style \u00e9pur\u00e9, mais traditionnel qui compl\u00e8te de nombreux styles de d\u00e9coration int\u00e9rieure.\r\n<h2 class=\"wp-block-heading\"><span>Caract\u00e9ristiques<\/span><\/h2>\r\n<h3 class=\"wp-block-heading\"><span>Conception affleurante en fonte<\/span><\/h3>\r\n<span>La fa\u00e7ade en fonte du GMi70 est con\u00e7ue pour s&#8217;adapter \u00e0 votre foyer pour un look \u00e9pur\u00e9 et \u00e9l\u00e9gant.<\/span>\r\n<h3 class=\"wp-block-heading\"><span>Foyer en pierre ollaire<\/span><\/h3>\r\n<span>Br\u00fblez des b\u00fbches jusqu&#8217;\u00e0 20 pouces dans la chambre de combustion recouverte de pierre ollaire. La pierre ollaire retient le maximum de chaleur de votre feu et rayonne une chaleur constante lorsque votre insert br\u00fble.<\/span>\r\n<h3 class=\"wp-block-heading\"><span>Op\u00e9ration simple<\/span><\/h3>\r\n<span>Notre insert \u00e0 bois non catalytique est facile \u00e0 utiliser. Une commande d&#8217;air \u00e0 levier unique vous permet de br\u00fbler chaud et rapidement ou lentement et lentement pour rester au chaud toute la nuit.<\/span>\r\n<div class=\"attribute spec-attribute d-flex flex-column\">\r\n<div class=\"spec-attribute-inner text-left\">\r\n<h2 class=\"section-title\" role=\"heading\" aria-level=\"4\"><span>Caract\u00e9ristiques<\/span><\/h2>\r\n<p class=\"spec-item\"><span class=\"spec-item-label\"><span>Souffleur\u00a0:<\/span><\/span><span>\u00a0inclus<\/span><\/p>\r\n<p class=\"spec-item\"><span class=\"spec-item-label\"><span>BTU\u00a0:<\/span><\/span><span>\u00a0jusqu&#8217;\u00e0 70\u00a0000<\/span><\/p>\r\n<p class=\"spec-item\"><span class=\"spec-item-label\"><span>Rendement :<\/span><\/span><span>\u00a069% PCS<\/span><\/p>\r\n<p class=\"spec-item\"><span class=\"spec-item-label\"><span>Certifi\u00e9 EPA\u00a0:<\/span><\/span><span>\u00a01,54 g\/h<\/span><\/p>\r\n<p class=\"spec-item\"><span class=\"spec-item-label\"><span>Finition\u00a0:<\/span><\/span><span>\u00a0\u00e9mail marron, noir mat<\/span><\/p>\r\n<p class=\"spec-item\"><span class=\"spec-item-label\"><span>Capacit\u00e9 du foyer\u00a0:<\/span><\/span><span>\u00a02,4 pieds cubes<\/span><\/p>\r\n<p class=\"spec-item\"><span class=\"spec-item-label\"><span>Diam\u00e8tre de sortie du conduit de fum\u00e9e\u00a0:<\/span><\/span><span>\u00a06<\/span><\/p>\r\n<p class=\"spec-item\"><span class=\"spec-item-label\"><span>Emplacement de sortie du conduit de fum\u00e9e\u00a0:<\/span><\/span><span>\u00a0haut<\/span><\/p>\r\n<p class=\"spec-item\"><span class=\"spec-item-label\"><span>HeatLife\u00a0:<\/span><\/span><span>\u00a010 heures de chaleur<\/span><\/p>\r\n<p class=\"spec-item\"><span class=\"spec-item-label\"><span>Chauffe jusqu&#8217;\u00e0\u00a0:<\/span><\/span><span>\u00a02 000 pieds carr\u00e9s<\/span><\/p>\r\n<p class=\"spec-item\"><span class=\"spec-item-label\"><span>Longueur maximale des b\u00fbches\u00a0:<\/span><\/span><span>\u00a020\u2033<\/span><\/p>\r\n<p class=\"spec-item\"><span class=\"spec-item-label\"><span>Mod\u00e8le :<\/span><\/span><span>\u00a08450<\/span><\/p>\r\n<p class=\"spec-item\"><span class=\"spec-item-label\"><span>Type de po\u00eale :<\/span><\/span><span>\u00a0Insert de foyer au bois<\/span><\/p>\r\n<p class=\"spec-item\"><span class=\"spec-item-label\"><span>Poids :<\/span><\/span><span>\u00a0513<\/span><\/p>\r\n\r\n<\/div>\r\n<\/div>\r\n<div class=\"attribute spec-attribute d-flex flex-column\">\r\n<div class=\"spec-attribute-inner text-left\">\r\n<h3 class=\"section-title\"><span>Accessoires<\/span><\/h3>\r\n<span>Encadrement en acier\u00a0:\u00a0<\/span><span>94-5950110<\/span>\r\n\r\n<span>Panneau inf\u00e9rieur surround\u00a0:\u00a0<\/span><span>94-5950519<\/span>\r\n\r\n<span>Poste Surround\u00a0:\u00a0<\/span><span>94-5950010<\/span>\r\n\r\n<span>Kit d&#8217;adaptateur pour air ext\u00e9rieur\u00a0:\u00a0<\/span><span>94-53500<\/span>\r\n\r\n<span>Insert pare-feu\u00a0:\u00a0<\/span><span>94-59500<\/span>\r\n\r\n<span>Collier de connexion lin\u00e9aire\u00a0:\u00a0<\/span><span>94-67500<\/span>\r\n\r\n<\/div>\r\n<\/div>\r\n<div class=\"attribute spec-attribute d-flex flex-column\">\r\n<div class=\"spec-attribute-inner text-left\">\r\n<p class=\"section-title\" role=\"heading\" aria-level=\"4\"><span>D\u00e9gagements<\/span><\/p>\r\n<strong><span>Au manteau combustible \u00e0 partir du bas de l&#8217;encastrable\u00a0:<\/span><\/strong><span>\u00a050\u00a0po<\/span>\r\n\r\n<strong><span>Vers la garniture lat\u00e9rale depuis le c\u00f4t\u00e9 du corps de l&#8217;insert\u00a0:<\/span><\/strong><span>\u00a09\u00a0po<\/span>\r\n\r\n<strong><span>Vers la paroi lat\u00e9rale depuis le c\u00f4t\u00e9 du corps de l&#8217;insert\u00a0:<\/span><\/strong><span>\u00a016\u00a0po<\/span>\r\n\r\n<\/div>\r\n<\/div>\r\n<h2 class=\"wp-block-heading\"><span>Nos mat\u00e9riaux<\/span><\/h2>\r\n<span>Chaque HearthStone est fabriqu\u00e9 \u00e0 la main en utilisant une combinaison de composants fabriqu\u00e9s avec pr\u00e9cision en fonte, st\u00e9atite, acier, c\u00e9ramique et divers autres mat\u00e9riaux. Notre engagement envers la qualit\u00e9 et notre souci du d\u00e9tail garantissent que votre produit vous servira fid\u00e8lement pendant des ann\u00e9es.<\/span>\r\n<h3>Finis Disponibles<\/h3>\r\n<img fetchpriority=\"high\" decoding=\"async\" class=\"alignnone size-full wp-image-40864\" src=\"https:\/\/www.belleflamme.ca\/wp-content\/uploads\/2024\/06\/2024-06-11-15_10_01-GMi-70-Poeles-HearthStone.png\" alt=\"\" width=\"405\" height=\"234\" srcset=\"https:\/\/staging.belleflamme.ca\/wp-content\/uploads\/2024\/06\/2024-06-11-15_10_01-GMi-70-Poeles-HearthStone.png 405w, https:\/\/staging.belleflamme.ca\/wp-content\/uploads\/2024\/06\/2024-06-11-15_10_01-GMi-70-Poeles-HearthStone-300x173.png 300w\" sizes=\"(max-width: 405px) 100vw, 405px\" \/>\r\n\r\n&nbsp;\t\t\t\t\t\t\t\t<\/div>\n\t\t\t\t<\/div>\n\t\t\t\t\t<\/div>\n\t\t<\/div>\n\t\t\t\t\t<\/div>\n\t\t<\/section>\n\t\t\t\t<section class=\"elementor-section elementor-top-section elementor-element elementor-element-07c6e2f elementor-section-boxed elementor-section-height-default elementor-section-height-default\" data-id=\"07c6e2f\" data-element_type=\"section\">\n\t\t\t\t\t\t<div class=\"elementor-container elementor-column-gap-default\">\n\t\t\t\t\t<div class=\"elementor-column elementor-col-100 elementor-top-column elementor-element elementor-element-3d25c31\" data-id=\"3d25c31\" data-element_type=\"column\">\n\t\t\t<div class=\"elementor-widget-wrap elementor-element-populated\">\n\t\t\t\t\t\t<div class=\"elementor-element elementor-element-52bee57 elementor-tabs-view-horizontal elementor-widget elementor-widget-tabs\" data-id=\"52bee57\" data-element_type=\"widget\" data-widget_type=\"tabs.default\">\n\t\t\t\t<div class=\"elementor-widget-container\">\n\t\t\t\t\t\t\t<div class=\"elementor-tabs\">\n\t\t\t<div class=\"elementor-tabs-wrapper\" role=\"tablist\" >\n\t\t\t\t\t\t\t\t\t<div id=\"elementor-tab-title-8671\" class=\"elementor-tab-title elementor-tab-desktop-title\" aria-selected=\"true\" data-tab=\"1\" role=\"tab\" tabindex=\"0\" aria-controls=\"elementor-tab-content-8671\" aria-expanded=\"false\">Fichiers<\/div>\n\t\t\t\t\t\t\t<\/div>\n\t\t\t<div class=\"elementor-tabs-content-wrapper\" role=\"tablist\" aria-orientation=\"vertical\">\n\t\t\t\t\t\t\t\t\t<div class=\"elementor-tab-title elementor-tab-mobile-title\" aria-selected=\"true\" data-tab=\"1\" role=\"tab\" tabindex=\"0\" aria-controls=\"elementor-tab-content-8671\" aria-expanded=\"false\">Fichiers<\/div>\n\t\t\t\t\t<div id=\"elementor-tab-content-8671\" class=\"elementor-tab-content elementor-clearfix\" data-tab=\"1\" role=\"tabpanel\" aria-labelledby=\"elementor-tab-title-8671\" tabindex=\"0\" hidden=\"false\"><i class=\"far fa-file-pdf fa-xl\" style=\"font-size:35px\"><\/i><a href=\"https:\/\/www.belleflamme.ca\/wp-content\/uploads\/2024\/06\/220411_Sales-sheets_GMI70-8450.pdf\"> Brochure<\/a><\/br>\n<i class=\"far fa-file-pdf fa-xl\" style=\"font-size:35px\"><\/i><a href=\"https:\/\/www.belleflamme.ca\/wp-content\/uploads\/2024\/06\/hearthstone-gm70-8450-manual.pdf\"> Manuel<\/a><\/br><\/div>\n\t\t\t\t\t\t\t<\/div>\n\t\t<\/div>\n\t\t\t\t\t\t<\/div>\n\t\t\t\t<\/div>\n\t\t\t\t\t<\/div>\n\t\t<\/div>\n\t\t\t\t\t<\/div>\n\t\t<\/section>\n\t\t\t\t<\/div>\n\t\t","protected":false},"excerpt":{"rendered":"<p>Le GMi70 a \u00e9t\u00e9 con\u00e7u pour s&#8217;adapter \u00e0 votre foyer. Il a un style \u00e9pur\u00e9, mais traditionnel qui compl\u00e8te de nombreux styles de d\u00e9coration int\u00e9rieure. Caract\u00e9ristiques Conception affleurante en fonte La fa\u00e7ade en fonte du GMi70 est con\u00e7ue pour s&#8217;adapter \u00e0 votre foyer pour un look \u00e9pur\u00e9 et \u00e9l\u00e9gant. Foyer en pierre ollaire Br\u00fblez des [&hellip;]<\/p>\n","protected":false},"featured_media":40862,"template":"","meta":{"inline_featured_image":false},"product_brand":[1637],"product_cat":[33,34,42],"product_tag":[],"class_list":{"0":"post-40861","1":"product","2":"type-product","3":"status-publish","4":"has-post-thumbnail","6":"product_brand-hearthstone","7":"product_cat-poeles-et-foyers","8":"product_cat-poeles-et-foyers-au-bois","9":"product_cat-encastrables-au-bois","11":"first","12":"instock","13":"taxable","14":"shipping-taxable","15":"purchasable","16":"product-type-variable"},"yoast_head":"<!-- This site is optimized with the Yoast SEO Premium plugin v24.2 (Yoast SEO v24.2) - https:\/\/yoast.com\/wordpress\/plugins\/seo\/ -->\n<title>Foyer au Bois Encastrable Green Mountain 70 de Hearthstone - Groupe BelleFlamme<\/title>\n<meta name=\"description\" content=\"Foyer au Bois Encastrable Green Mountain 70 de Hearthstone vendu et install\u00e9 par le Groupe Belleflamme. Laval, Montr\u00e9al, Gatineau et Saint-Sauveur.\" \/>\n<meta name=\"robots\" content=\"index, follow, max-snippet:-1, max-image-preview:large, max-video-preview:-1\" \/>\n<link rel=\"canonical\" href=\"https:\/\/staging.belleflamme.ca\/fr\/produit\/foyer-au-bois-encastrable-green-mountain-70-de-hearthstone\/\" \/>\n<meta property=\"og:locale\" content=\"fr_FR\" \/>\n<meta property=\"og:type\" content=\"article\" \/>\n<meta property=\"og:title\" content=\"Foyer au Bois Encastrable Green Mountain 70 de Hearthstone\" \/>\n<meta property=\"og:description\" content=\"Foyer au Bois Encastrable Green Mountain 70 de Hearthstone vendu et install\u00e9 par le Groupe Belleflamme. Laval, Montr\u00e9al, Gatineau et Saint-Sauveur.\" \/>\n<meta property=\"og:url\" content=\"https:\/\/staging.belleflamme.ca\/fr\/produit\/foyer-au-bois-encastrable-green-mountain-70-de-hearthstone\/\" \/>\n<meta property=\"og:site_name\" content=\"Groupe BelleFlamme\" \/>\n<meta property=\"article:publisher\" content=\"https:\/\/www.facebook.com\/belleflamme.ca\/\" \/>\n<meta property=\"article:modified_time\" content=\"2025-05-08T17:21:50+00:00\" \/>\n<meta property=\"og:image\" content=\"https:\/\/www.belleflamme.ca\/wp-content\/uploads\/2024\/06\/Foyer-au-Bois-Encastrable-Green-Mountain-70-de-Hearthstone.jpg\" \/>\n\t<meta property=\"og:image:width\" content=\"1920\" \/>\n\t<meta property=\"og:image:height\" content=\"900\" \/>\n\t<meta property=\"og:image:type\" content=\"image\/jpeg\" \/>\n<meta name=\"twitter:card\" content=\"summary_large_image\" \/>\n<meta name=\"twitter:label1\" content=\"Disponibilit\u00e9\" \/>\n\t<meta name=\"twitter:data1\" content=\"En stock\" \/>\n<script type=\"application\/ld+json\" class=\"yoast-schema-graph\">{\"@context\":\"https:\/\/schema.org\",\"@graph\":[{\"@type\":[\"WebPage\",\"ItemPage\"],\"@id\":\"https:\/\/staging.belleflamme.ca\/fr\/produit\/foyer-au-bois-encastrable-green-mountain-70-de-hearthstone\/\",\"url\":\"https:\/\/staging.belleflamme.ca\/fr\/produit\/foyer-au-bois-encastrable-green-mountain-70-de-hearthstone\/\",\"name\":\"Foyer au Bois Encastrable Green Mountain 70 de Hearthstone - Groupe BelleFlamme\",\"isPartOf\":{\"@id\":\"https:\/\/www.belleflamme.ca\/fr\/#website\"},\"primaryImageOfPage\":{\"@id\":\"https:\/\/staging.belleflamme.ca\/fr\/produit\/foyer-au-bois-encastrable-green-mountain-70-de-hearthstone\/#primaryimage\"},\"image\":{\"@id\":\"https:\/\/staging.belleflamme.ca\/fr\/produit\/foyer-au-bois-encastrable-green-mountain-70-de-hearthstone\/#primaryimage\"},\"thumbnailUrl\":\"https:\/\/staging.belleflamme.ca\/wp-content\/uploads\/2024\/06\/Foyer-au-Bois-Encastrable-Green-Mountain-70-de-Hearthstone.jpg\",\"datePublished\":\"2024-06-11T19:12:41+00:00\",\"dateModified\":\"2025-05-08T17:21:50+00:00\",\"description\":\"Foyer au Bois Encastrable Green Mountain 70 de Hearthstone vendu et install\u00e9 par le Groupe Belleflamme. Laval, Montr\u00e9al, Gatineau et Saint-Sauveur.\",\"breadcrumb\":{\"@id\":\"https:\/\/staging.belleflamme.ca\/fr\/produit\/foyer-au-bois-encastrable-green-mountain-70-de-hearthstone\/#breadcrumb\"},\"inLanguage\":\"fr-FR\",\"potentialAction\":[{\"@type\":\"ReadAction\",\"target\":[\"https:\/\/staging.belleflamme.ca\/fr\/produit\/foyer-au-bois-encastrable-green-mountain-70-de-hearthstone\/\"]}]},{\"@type\":\"ImageObject\",\"inLanguage\":\"fr-FR\",\"@id\":\"https:\/\/staging.belleflamme.ca\/fr\/produit\/foyer-au-bois-encastrable-green-mountain-70-de-hearthstone\/#primaryimage\",\"url\":\"https:\/\/staging.belleflamme.ca\/wp-content\/uploads\/2024\/06\/Foyer-au-Bois-Encastrable-Green-Mountain-70-de-Hearthstone.jpg\",\"contentUrl\":\"https:\/\/staging.belleflamme.ca\/wp-content\/uploads\/2024\/06\/Foyer-au-Bois-Encastrable-Green-Mountain-70-de-Hearthstone.jpg\",\"width\":1920,\"height\":900,\"caption\":\"Foyer au Bois Encastrable Green Mountain 70 de Hearthstone\"},{\"@type\":\"BreadcrumbList\",\"@id\":\"https:\/\/staging.belleflamme.ca\/fr\/produit\/foyer-au-bois-encastrable-green-mountain-70-de-hearthstone\/#breadcrumb\",\"itemListElement\":[{\"@type\":\"ListItem\",\"position\":1,\"name\":\"Accueil\",\"item\":\"https:\/\/www.belleflamme.ca\/fr\/\"},{\"@type\":\"ListItem\",\"position\":2,\"name\":\"Boutique\",\"item\":\"https:\/\/www.belleflamme.ca\/fr\/boutique\/\"},{\"@type\":\"ListItem\",\"position\":3,\"name\":\"Po\u00eales &amp; Foyers\",\"item\":\"https:\/\/staging.belleflamme.ca\/fr\/categories\/poeles-et-foyers\/\"},{\"@type\":\"ListItem\",\"position\":4,\"name\":\"Po\u00eales &amp; Foyers au Bois\",\"item\":\"https:\/\/staging.belleflamme.ca\/fr\/categories\/poeles-et-foyers\/poeles-et-foyers-au-bois\/\"},{\"@type\":\"ListItem\",\"position\":5,\"name\":\"Encastrables au Bois\",\"item\":\"https:\/\/staging.belleflamme.ca\/fr\/categories\/poeles-et-foyers\/poeles-et-foyers-au-bois\/encastrables-au-bois\/\"},{\"@type\":\"ListItem\",\"position\":6,\"name\":\"Foyer au Bois Encastrable Green Mountain 70 de Hearthstone\"}]},{\"@type\":\"WebSite\",\"@id\":\"https:\/\/www.belleflamme.ca\/fr\/#website\",\"url\":\"https:\/\/www.belleflamme.ca\/fr\/\",\"name\":\"Groupe Belleflamme\",\"description\":\"La m\u00e9canique du b\u00e2timent dans le sang.\",\"publisher\":{\"@id\":\"https:\/\/www.belleflamme.ca\/fr\/#organization\"},\"potentialAction\":[{\"@type\":\"SearchAction\",\"target\":{\"@type\":\"EntryPoint\",\"urlTemplate\":\"https:\/\/www.belleflamme.ca\/fr\/?s={search_term_string}\"},\"query-input\":{\"@type\":\"PropertyValueSpecification\",\"valueRequired\":true,\"valueName\":\"search_term_string\"}}],\"inLanguage\":\"fr-FR\"},{\"@type\":[\"Organization\",\"Place\"],\"@id\":\"https:\/\/www.belleflamme.ca\/fr\/#organization\",\"name\":\"Groupe Belleflamme\",\"alternateName\":\"Belleflamme\",\"url\":\"https:\/\/www.belleflamme.ca\/fr\/\",\"logo\":{\"@type\":\"ImageObject\",\"inLanguage\":\"fr-FR\",\"@id\":\"https:\/\/www.belleflamme.ca\/fr\/#\/schema\/logo\/image\/\",\"url\":\"https:\/\/staging.belleflamme.ca\/wp-content\/uploads\/2023\/01\/og-image.jpg\",\"contentUrl\":\"https:\/\/staging.belleflamme.ca\/wp-content\/uploads\/2023\/01\/og-image.jpg\",\"width\":1200,\"height\":630,\"caption\":\"Groupe Belleflamme\"},\"image\":{\"@id\":\"https:\/\/www.belleflamme.ca\/fr\/#\/schema\/logo\/image\/\"},\"sameAs\":[\"https:\/\/www.facebook.com\/belleflamme.ca\/\",\"https:\/\/www.linkedin.com\/company\/belleflamme\/\",\"https:\/\/www.pinterest.ca\/groupebelleflamme\/\",\"https:\/\/www.instagram.com\/legroupebelleflamme\/\"],\"mainEntityOfPage\":{\"@id\":\"https:\/\/staging.belleflamme.ca\/fr\/produit\/foyer-au-bois-encastrable-green-mountain-70-de-hearthstone\/\"}}]}<\/script>\n<meta property=\"product:brand\" content=\"Hearthstone\" \/>\n<meta property=\"og:availability\" content=\"instock\" \/>\n<meta property=\"product:availability\" content=\"instock\" \/>\n<meta property=\"product:condition\" content=\"new\" \/>\n<!-- \/ Yoast SEO Premium plugin. -->","yoast_head_json":{"title":"Foyer au Bois Encastrable Green Mountain 70 de Hearthstone - Groupe BelleFlamme","description":"Foyer au Bois Encastrable Green Mountain 70 de Hearthstone vendu et install\u00e9 par le Groupe Belleflamme. Laval, Montr\u00e9al, Gatineau et Saint-Sauveur.","robots":{"index":"index","follow":"follow","max-snippet":"max-snippet:-1","max-image-preview":"max-image-preview:large","max-video-preview":"max-video-preview:-1"},"canonical":"https:\/\/staging.belleflamme.ca\/fr\/produit\/foyer-au-bois-encastrable-green-mountain-70-de-hearthstone\/","og_locale":"fr_FR","og_type":"article","og_title":"Foyer au Bois Encastrable Green Mountain 70 de Hearthstone","og_description":"Foyer au Bois Encastrable Green Mountain 70 de Hearthstone vendu et install\u00e9 par le Groupe Belleflamme. Laval, Montr\u00e9al, Gatineau et Saint-Sauveur.","og_url":"https:\/\/staging.belleflamme.ca\/fr\/produit\/foyer-au-bois-encastrable-green-mountain-70-de-hearthstone\/","og_site_name":"Groupe BelleFlamme","article_publisher":"https:\/\/www.facebook.com\/belleflamme.ca\/","article_modified_time":"2025-05-08T17:21:50+00:00","og_image":[{"width":1920,"height":900,"url":"https:\/\/www.belleflamme.ca\/wp-content\/uploads\/2024\/06\/Foyer-au-Bois-Encastrable-Green-Mountain-70-de-Hearthstone.jpg","type":"image\/jpeg"}],"twitter_card":"summary_large_image","twitter_misc":{"Disponibilit\u00e9":"En stock"},"schema":{"@context":"https:\/\/schema.org","@graph":[{"@type":["WebPage","ItemPage"],"@id":"https:\/\/staging.belleflamme.ca\/fr\/produit\/foyer-au-bois-encastrable-green-mountain-70-de-hearthstone\/","url":"https:\/\/staging.belleflamme.ca\/fr\/produit\/foyer-au-bois-encastrable-green-mountain-70-de-hearthstone\/","name":"Foyer au Bois Encastrable Green Mountain 70 de Hearthstone - Groupe BelleFlamme","isPartOf":{"@id":"https:\/\/www.belleflamme.ca\/fr\/#website"},"primaryImageOfPage":{"@id":"https:\/\/staging.belleflamme.ca\/fr\/produit\/foyer-au-bois-encastrable-green-mountain-70-de-hearthstone\/#primaryimage"},"image":{"@id":"https:\/\/staging.belleflamme.ca\/fr\/produit\/foyer-au-bois-encastrable-green-mountain-70-de-hearthstone\/#primaryimage"},"thumbnailUrl":"https:\/\/staging.belleflamme.ca\/wp-content\/uploads\/2024\/06\/Foyer-au-Bois-Encastrable-Green-Mountain-70-de-Hearthstone.jpg","datePublished":"2024-06-11T19:12:41+00:00","dateModified":"2025-05-08T17:21:50+00:00","description":"Foyer au Bois Encastrable Green Mountain 70 de Hearthstone vendu et install\u00e9 par le Groupe Belleflamme. Laval, Montr\u00e9al, Gatineau et Saint-Sauveur.","breadcrumb":{"@id":"https:\/\/staging.belleflamme.ca\/fr\/produit\/foyer-au-bois-encastrable-green-mountain-70-de-hearthstone\/#breadcrumb"},"inLanguage":"fr-FR","potentialAction":[{"@type":"ReadAction","target":["https:\/\/staging.belleflamme.ca\/fr\/produit\/foyer-au-bois-encastrable-green-mountain-70-de-hearthstone\/"]}]},{"@type":"ImageObject","inLanguage":"fr-FR","@id":"https:\/\/staging.belleflamme.ca\/fr\/produit\/foyer-au-bois-encastrable-green-mountain-70-de-hearthstone\/#primaryimage","url":"https:\/\/staging.belleflamme.ca\/wp-content\/uploads\/2024\/06\/Foyer-au-Bois-Encastrable-Green-Mountain-70-de-Hearthstone.jpg","contentUrl":"https:\/\/staging.belleflamme.ca\/wp-content\/uploads\/2024\/06\/Foyer-au-Bois-Encastrable-Green-Mountain-70-de-Hearthstone.jpg","width":1920,"height":900,"caption":"Foyer au Bois Encastrable Green Mountain 70 de Hearthstone"},{"@type":"BreadcrumbList","@id":"https:\/\/staging.belleflamme.ca\/fr\/produit\/foyer-au-bois-encastrable-green-mountain-70-de-hearthstone\/#breadcrumb","itemListElement":[{"@type":"ListItem","position":1,"name":"Accueil","item":"https:\/\/www.belleflamme.ca\/fr\/"},{"@type":"ListItem","position":2,"name":"Boutique","item":"https:\/\/www.belleflamme.ca\/fr\/boutique\/"},{"@type":"ListItem","position":3,"name":"Po\u00eales &amp; Foyers","item":"https:\/\/staging.belleflamme.ca\/fr\/categories\/poeles-et-foyers\/"},{"@type":"ListItem","position":4,"name":"Po\u00eales &amp; Foyers au Bois","item":"https:\/\/staging.belleflamme.ca\/fr\/categories\/poeles-et-foyers\/poeles-et-foyers-au-bois\/"},{"@type":"ListItem","position":5,"name":"Encastrables au Bois","item":"https:\/\/staging.belleflamme.ca\/fr\/categories\/poeles-et-foyers\/poeles-et-foyers-au-bois\/encastrables-au-bois\/"},{"@type":"ListItem","position":6,"name":"Foyer au Bois Encastrable Green Mountain 70 de Hearthstone"}]},{"@type":"WebSite","@id":"https:\/\/www.belleflamme.ca\/fr\/#website","url":"https:\/\/www.belleflamme.ca\/fr\/","name":"Groupe Belleflamme","description":"La m\u00e9canique du b\u00e2timent dans le sang.","publisher":{"@id":"https:\/\/www.belleflamme.ca\/fr\/#organization"},"potentialAction":[{"@type":"SearchAction","target":{"@type":"EntryPoint","urlTemplate":"https:\/\/www.belleflamme.ca\/fr\/?s={search_term_string}"},"query-input":{"@type":"PropertyValueSpecification","valueRequired":true,"valueName":"search_term_string"}}],"inLanguage":"fr-FR"},{"@type":["Organization","Place"],"@id":"https:\/\/www.belleflamme.ca\/fr\/#organization","name":"Groupe Belleflamme","alternateName":"Belleflamme","url":"https:\/\/www.belleflamme.ca\/fr\/","logo":{"@type":"ImageObject","inLanguage":"fr-FR","@id":"https:\/\/www.belleflamme.ca\/fr\/#\/schema\/logo\/image\/","url":"https:\/\/staging.belleflamme.ca\/wp-content\/uploads\/2023\/01\/og-image.jpg","contentUrl":"https:\/\/staging.belleflamme.ca\/wp-content\/uploads\/2023\/01\/og-image.jpg","width":1200,"height":630,"caption":"Groupe Belleflamme"},"image":{"@id":"https:\/\/www.belleflamme.ca\/fr\/#\/schema\/logo\/image\/"},"sameAs":["https:\/\/www.facebook.com\/belleflamme.ca\/","https:\/\/www.linkedin.com\/company\/belleflamme\/","https:\/\/www.pinterest.ca\/groupebelleflamme\/","https:\/\/www.instagram.com\/legroupebelleflamme\/"],"mainEntityOfPage":{"@id":"https:\/\/staging.belleflamme.ca\/fr\/produit\/foyer-au-bois-encastrable-green-mountain-70-de-hearthstone\/"}}]},"product_brand":"Hearthstone","og_availability":"instock","product_availability":"instock","product_condition":"new"},"_links":{"self":[{"href":"https:\/\/staging.belleflamme.ca\/fr\/wp-json\/wp\/v2\/product\/40861","targetHints":{"allow":["GET"]}}],"collection":[{"href":"https:\/\/staging.belleflamme.ca\/fr\/wp-json\/wp\/v2\/product"}],"about":[{"href":"https:\/\/staging.belleflamme.ca\/fr\/wp-json\/wp\/v2\/types\/product"}],"version-history":[{"count":6,"href":"https:\/\/staging.belleflamme.ca\/fr\/wp-json\/wp\/v2\/product\/40861\/revisions"}],"predecessor-version":[{"id":43323,"href":"https:\/\/staging.belleflamme.ca\/fr\/wp-json\/wp\/v2\/product\/40861\/revisions\/43323"}],"wp:featuredmedia":[{"embeddable":true,"href":"https:\/\/staging.belleflamme.ca\/fr\/wp-json\/wp\/v2\/media\/40862"}],"wp:attachment":[{"href":"https:\/\/staging.belleflamme.ca\/fr\/wp-json\/wp\/v2\/media?parent=40861"}],"wp:term":[{"taxonomy":"product_brand","embeddable":true,"href":"https:\/\/staging.belleflamme.ca\/fr\/wp-json\/wp\/v2\/product_brand?post=40861"},{"taxonomy":"product_cat","embeddable":true,"href":"https:\/\/staging.belleflamme.ca\/fr\/wp-json\/wp\/v2\/product_cat?post=40861"},{"taxonomy":"product_tag","embeddable":true,"href":"https:\/\/staging.belleflamme.ca\/fr\/wp-json\/wp\/v2\/product_tag?post=40861"}],"curies":[{"name":"wp","href":"https:\/\/api.w.org\/{rel}","templated":true}]}}