{"id":40740,"date":"2024-06-11T14:18:11","date_gmt":"2024-06-11T18:18:11","guid":{"rendered":"https:\/\/www.belleflamme.ca\/?post_type=product&#038;p=40740"},"modified":"2025-05-08T13:21:25","modified_gmt":"2025-05-08T17:21:25","slug":"foyer-au-bois-wfp-100-de-hearthstone","status":"publish","type":"product","link":"https:\/\/staging.belleflamme.ca\/fr\/produit\/foyer-au-bois-wfp-100-de-hearthstone\/","title":{"rendered":"Foyer au bois WFP 100 de Hearthstone"},"content":{"rendered":"\t\t<div data-elementor-type=\"product-post\" data-elementor-id=\"40740\" class=\"elementor elementor-40740\" data-elementor-post-type=\"product\">\n\t\t\t\t\t\t<section class=\"elementor-section elementor-top-section elementor-element elementor-element-5309da1b elementor-section-boxed elementor-section-height-default elementor-section-height-default\" data-id=\"5309da1b\" data-element_type=\"section\">\n\t\t\t\t\t\t<div class=\"elementor-container elementor-column-gap-default\">\n\t\t\t\t\t<div class=\"elementor-column elementor-col-100 elementor-top-column elementor-element elementor-element-4333ec2e\" data-id=\"4333ec2e\" data-element_type=\"column\">\n\t\t\t<div class=\"elementor-widget-wrap elementor-element-populated\">\n\t\t\t\t\t\t<div class=\"elementor-element elementor-element-52737392 elementor-widget elementor-widget-text-editor\" data-id=\"52737392\" data-element_type=\"widget\" data-widget_type=\"text-editor.default\">\n\t\t\t\t<div class=\"elementor-widget-container\">\n\t\t\t\t\t\t\t\t\tLes doubles portes offrent une large vue sur notre plus grand foyer \u00e0 d\u00e9gagement z\u00e9ro. La fa\u00e7ade en fonte textur\u00e9e ajoute une touche HeathStone unique \u00e0 votre salon.\r\n<div class=\"content-col d-flex flex-column justify-content-center col-lg-5 order-lg-1\">\r\n<h2 class=\"wp-block-heading\">Caract\u00e9ristiques<\/h2>\r\n<h3 class=\"wp-block-heading\">Foyer \u00e0 d\u00e9gagement z\u00e9ro<\/h3>\r\nNotre foyer ZC est con\u00e7u pour \u00eatre construit \u00e0 proximit\u00e9 de mat\u00e9riaux combustibles. Il prend moins de place et est plus facile et moins co\u00fbteux \u00e0 installer que les foyers en ma\u00e7onnerie traditionnels.\r\n<h3 class=\"wp-block-heading\">Combustion propre et efficace<\/h3>\r\nNotre foyer au bois ZC d\u00e9passe les normes EPA 2020. Il br\u00fble proprement et efficacement pour conserver la chaleur dans votre maison plut\u00f4t que de la gaspiller dans la chemin\u00e9e.\r\n<h3 class=\"wp-block-heading\">Conception en fonte<\/h3>\r\nLa fa\u00e7ade en fonte du WFP100 est con\u00e7ue avec une texture de pierre cisel\u00e9e \u00e0 la main qui offre une finition d&#8217;une beaut\u00e9 unique \u00e0 votre foyer.\r\n<div class=\"wp-block-spacer\" aria-hidden=\"true\">\r\n<div class=\"attribute spec-attribute d-flex flex-column\">\r\n<div class=\"spec-attribute-inner text-left\">\r\n<h2 class=\"section-title\" role=\"heading\" aria-level=\"4\">Caract\u00e9ristiques<\/h2>\r\n<p class=\"spec-item\"><span class=\"spec-item-label\">Souffleur\u00a0:<\/span>\u00a0inclus<\/p>\r\n<p class=\"spec-item\"><span class=\"spec-item-label\">BTU\u00a0:<\/span>\u00a0jusqu&#8217;\u00e0 95\u00a0000<\/p>\r\n<p class=\"spec-item\"><span class=\"spec-item-label\">Rendement :<\/span>\u00a064% PCS<\/p>\r\n<p class=\"spec-item\"><span class=\"spec-item-label\">Certifi\u00e9 EPA\u00a0:<\/span>\u00a01,6\u00a0g\/h<\/p>\r\n<p class=\"spec-item\"><span class=\"spec-item-label\">Finition\u00a0:<\/span>\u00a0\u00e9mail marron, noir mat<\/p>\r\n<p class=\"spec-item\"><span class=\"spec-item-label\">Capacit\u00e9 de la chambre de combustion\u00a0:<\/span>\u00a04,28 pieds cubes<\/p>\r\n<p class=\"spec-item\"><span class=\"spec-item-label\">Diam\u00e8tre de sortie du conduit de fum\u00e9e\u00a0:<\/span>\u00a08<\/p>\r\n<p class=\"spec-item\"><span class=\"spec-item-label\">Emplacement de sortie du conduit de fum\u00e9e\u00a0:<\/span>\u00a0haut<\/p>\r\n<p class=\"spec-item\"><span class=\"spec-item-label\">HeatLife\u00a0:<\/span>\u00a010 heures de chaleur<\/p>\r\n<p class=\"spec-item\"><span class=\"spec-item-label\">Chauffe jusqu&#8217;\u00e0\u00a0:<\/span>\u00a02 800 pieds carr\u00e9s<\/p>\r\n<p class=\"spec-item\"><span class=\"spec-item-label\">Longueur maximale des b\u00fbches\u00a0:<\/span>\u00a025\u2033<\/p>\r\n<p class=\"spec-item\"><span class=\"spec-item-label\">Mod\u00e8le\u00a0:<\/span>\u00a0800-32WO73, 800-40WO74, 800-45WO73, 800-58WP73, 8013, 8024, 8031, 810-1510, 810-2510, 8171, 8220, 8302, 8303, 8323, 8325, 8362, 8392, 8411, 8420, 8450, 8492, 8640, 8660, 8680, 8763, 8770, 8S310<\/p>\r\n<p class=\"spec-item\"><span class=\"spec-item-label\">Type de po\u00eale\u00a0:<\/span>\u00a0Foyers au bois \u00e0 d\u00e9gagement z\u00e9ro<\/p>\r\n\r\n<\/div>\r\n<\/div>\r\n<div class=\"attribute spec-attribute d-flex flex-column\">\r\n<div class=\"spec-attribute-inner text-left\">\r\n<h3 class=\"section-title\">Accessoires<\/h3>\r\nKit de circulation d&#8217;air chaud\u00a0:\u00a094-99200\r\n\r\nKit d&#8217;air chaud forc\u00e9\u00a0:\u00a094-57200\r\n\r\n<\/div>\r\n<\/div>\r\n<div class=\"attribute spec-attribute d-flex flex-column\">\r\n<div class=\"spec-attribute-inner text-left\">\r\n<p class=\"section-title\" role=\"heading\" aria-level=\"4\">D\u00e9gagements<\/p>\r\n<strong>Plafond du bas du foyer :<\/strong>\u00a084\u2033\r\n\r\n<strong>Garniture lat\u00e9rale depuis l&#8217;ouverture de la porte :<\/strong>\u00a08\u2033\r\n\r\n<strong>Paroi lat\u00e9rale depuis l\u2019ouverture de la porte :<\/strong>\u00a024\u2033\r\n<h2 class=\"wp-block-heading\"><span>Nos mat\u00e9riaux<\/span><\/h2>\r\n<span>Chaque HearthStone est fabriqu\u00e9 \u00e0 la main en utilisant une combinaison de composants de pr\u00e9cision en fonte, acier, c\u00e9ramique et divers autres mat\u00e9riaux. Notre engagement envers la qualit\u00e9 et notre souci du d\u00e9tail garantissent que votre produit vous servira fid\u00e8lement pendant des ann\u00e9es.<\/span>\r\n\r\n<\/div>\r\n<h3>Finis Disponibles<\/h3>\r\n<img fetchpriority=\"high\" decoding=\"async\" class=\"alignnone size-full wp-image-40749\" src=\"https:\/\/www.belleflamme.ca\/wp-content\/uploads\/2024\/06\/2024-06-11-14_17_42-PAM-100-Poeles-HearthStone.png\" alt=\"\" width=\"312\" height=\"188\" srcset=\"https:\/\/staging.belleflamme.ca\/wp-content\/uploads\/2024\/06\/2024-06-11-14_17_42-PAM-100-Poeles-HearthStone.png 312w, https:\/\/staging.belleflamme.ca\/wp-content\/uploads\/2024\/06\/2024-06-11-14_17_42-PAM-100-Poeles-HearthStone-300x181.png 300w\" sizes=\"(max-width: 312px) 100vw, 312px\" \/>\r\n\r\n<\/div>\r\n<\/div>\r\n<\/div>\t\t\t\t\t\t\t\t<\/div>\n\t\t\t\t<\/div>\n\t\t\t\t\t<\/div>\n\t\t<\/div>\n\t\t\t\t\t<\/div>\n\t\t<\/section>\n\t\t\t\t<section class=\"elementor-section elementor-top-section elementor-element elementor-element-f8bb2de elementor-section-boxed elementor-section-height-default elementor-section-height-default\" data-id=\"f8bb2de\" data-element_type=\"section\">\n\t\t\t\t\t\t<div class=\"elementor-container elementor-column-gap-default\">\n\t\t\t\t\t<div class=\"elementor-column elementor-col-100 elementor-top-column elementor-element elementor-element-3e09569\" data-id=\"3e09569\" data-element_type=\"column\">\n\t\t\t<div class=\"elementor-widget-wrap elementor-element-populated\">\n\t\t\t\t\t\t<div class=\"elementor-element elementor-element-4210a24 elementor-tabs-view-horizontal elementor-widget elementor-widget-tabs\" data-id=\"4210a24\" data-element_type=\"widget\" data-widget_type=\"tabs.default\">\n\t\t\t\t<div class=\"elementor-widget-container\">\n\t\t\t\t\t\t\t<div class=\"elementor-tabs\">\n\t\t\t<div class=\"elementor-tabs-wrapper\" role=\"tablist\" >\n\t\t\t\t\t\t\t\t\t<div id=\"elementor-tab-title-6921\" class=\"elementor-tab-title elementor-tab-desktop-title\" aria-selected=\"true\" data-tab=\"1\" role=\"tab\" tabindex=\"0\" aria-controls=\"elementor-tab-content-6921\" aria-expanded=\"false\">Fichiers<\/div>\n\t\t\t\t\t\t\t<\/div>\n\t\t\t<div class=\"elementor-tabs-content-wrapper\" role=\"tablist\" aria-orientation=\"vertical\">\n\t\t\t\t\t\t\t\t\t<div class=\"elementor-tab-title elementor-tab-mobile-title\" aria-selected=\"true\" data-tab=\"1\" role=\"tab\" tabindex=\"0\" aria-controls=\"elementor-tab-content-6921\" aria-expanded=\"false\">Fichiers<\/div>\n\t\t\t\t\t<div id=\"elementor-tab-content-6921\" class=\"elementor-tab-content elementor-clearfix\" data-tab=\"1\" role=\"tabpanel\" aria-labelledby=\"elementor-tab-title-6921\" tabindex=\"0\" hidden=\"false\"><i class=\"far fa-file-pdf fa-xl\" style=\"font-size:35px\"><\/i><a href=\"https:\/\/www.belleflamme.ca\/wp-content\/uploads\/2024\/06\/220411_Sales-sheets_WFP100-8420.pdf\"> Brochure<\/a><\/br>\n<i class=\"far fa-file-pdf fa-xl\" style=\"font-size:35px\"><\/i><a href=\"https:\/\/www.belleflamme.ca\/wp-content\/uploads\/2024\/06\/hearthstone-wfp-100-8420-manual.pdf\"> Manuel<\/a><\/br><\/div>\n\t\t\t\t\t\t\t<\/div>\n\t\t<\/div>\n\t\t\t\t\t\t<\/div>\n\t\t\t\t<\/div>\n\t\t\t\t\t<\/div>\n\t\t<\/div>\n\t\t\t\t\t<\/div>\n\t\t<\/section>\n\t\t\t\t<\/div>\n\t\t","protected":false},"excerpt":{"rendered":"<p>Les doubles portes offrent une large vue sur notre plus grand foyer \u00e0 d\u00e9gagement z\u00e9ro. La fa\u00e7ade en fonte textur\u00e9e ajoute une touche HeathStone unique \u00e0 votre salon. Caract\u00e9ristiques Foyer \u00e0 d\u00e9gagement z\u00e9ro Notre foyer ZC est con\u00e7u pour \u00eatre construit \u00e0 proximit\u00e9 de mat\u00e9riaux combustibles. Il prend moins de place et est plus facile [&hellip;]<\/p>\n","protected":false},"featured_media":40741,"template":"","meta":{"inline_featured_image":false},"product_brand":[1637],"product_cat":[33,34,40],"product_tag":[],"class_list":{"0":"post-40740","1":"product","2":"type-product","3":"status-publish","4":"has-post-thumbnail","6":"product_brand-hearthstone","7":"product_cat-poeles-et-foyers","8":"product_cat-poeles-et-foyers-au-bois","9":"product_cat-foyer-au-bois","11":"first","12":"instock","13":"taxable","14":"shipping-taxable","15":"purchasable","16":"product-type-variable"},"yoast_head":"<!-- This site is optimized with the Yoast SEO Premium plugin v24.2 (Yoast SEO v24.2) - https:\/\/yoast.com\/wordpress\/plugins\/seo\/ -->\n<title>Foyer au bois WFP 100 de Hearthstone - Groupe BelleFlamme<\/title>\n<meta name=\"description\" content=\"Foyer au bois WFP 100 de Hearthstone vendu et install\u00e9 par le Groupe Belleflamme. Laval, Montr\u00e9al, Gatineau et Saint-Sauveur.\" \/>\n<meta name=\"robots\" content=\"index, follow, max-snippet:-1, max-image-preview:large, max-video-preview:-1\" \/>\n<link rel=\"canonical\" href=\"https:\/\/staging.belleflamme.ca\/fr\/produit\/foyer-au-bois-wfp-100-de-hearthstone\/\" \/>\n<meta property=\"og:locale\" content=\"fr_FR\" \/>\n<meta property=\"og:type\" content=\"article\" \/>\n<meta property=\"og:title\" content=\"Foyer au bois WFP 100 de Hearthstone\" \/>\n<meta property=\"og:description\" content=\"Foyer au bois WFP 100 de Hearthstone vendu et install\u00e9 par le Groupe Belleflamme. Laval, Montr\u00e9al, Gatineau et Saint-Sauveur.\" \/>\n<meta property=\"og:url\" content=\"https:\/\/staging.belleflamme.ca\/fr\/produit\/foyer-au-bois-wfp-100-de-hearthstone\/\" \/>\n<meta property=\"og:site_name\" content=\"Groupe BelleFlamme\" \/>\n<meta property=\"article:publisher\" content=\"https:\/\/www.facebook.com\/belleflamme.ca\/\" \/>\n<meta property=\"article:modified_time\" content=\"2025-05-08T17:21:25+00:00\" \/>\n<meta property=\"og:image\" content=\"https:\/\/www.belleflamme.ca\/wp-content\/uploads\/2024\/06\/Foyer-au-bois-WFP-100-de-Hearthstone.jpg\" \/>\n\t<meta property=\"og:image:width\" content=\"1920\" \/>\n\t<meta property=\"og:image:height\" content=\"900\" \/>\n\t<meta property=\"og:image:type\" content=\"image\/jpeg\" \/>\n<meta name=\"twitter:card\" content=\"summary_large_image\" \/>\n<meta name=\"twitter:label1\" content=\"Disponibilit\u00e9\" \/>\n\t<meta name=\"twitter:data1\" content=\"En stock\" \/>\n<script type=\"application\/ld+json\" class=\"yoast-schema-graph\">{\"@context\":\"https:\/\/schema.org\",\"@graph\":[{\"@type\":[\"WebPage\",\"ItemPage\"],\"@id\":\"https:\/\/staging.belleflamme.ca\/fr\/produit\/foyer-au-bois-wfp-100-de-hearthstone\/\",\"url\":\"https:\/\/staging.belleflamme.ca\/fr\/produit\/foyer-au-bois-wfp-100-de-hearthstone\/\",\"name\":\"Foyer au bois WFP 100 de Hearthstone - Groupe BelleFlamme\",\"isPartOf\":{\"@id\":\"https:\/\/www.belleflamme.ca\/fr\/#website\"},\"primaryImageOfPage\":{\"@id\":\"https:\/\/staging.belleflamme.ca\/fr\/produit\/foyer-au-bois-wfp-100-de-hearthstone\/#primaryimage\"},\"image\":{\"@id\":\"https:\/\/staging.belleflamme.ca\/fr\/produit\/foyer-au-bois-wfp-100-de-hearthstone\/#primaryimage\"},\"thumbnailUrl\":\"https:\/\/staging.belleflamme.ca\/wp-content\/uploads\/2024\/06\/Foyer-au-bois-WFP-100-de-Hearthstone.jpg\",\"datePublished\":\"2024-06-11T18:18:11+00:00\",\"dateModified\":\"2025-05-08T17:21:25+00:00\",\"description\":\"Foyer au bois WFP 100 de Hearthstone vendu et install\u00e9 par le Groupe Belleflamme. Laval, Montr\u00e9al, Gatineau et Saint-Sauveur.\",\"breadcrumb\":{\"@id\":\"https:\/\/staging.belleflamme.ca\/fr\/produit\/foyer-au-bois-wfp-100-de-hearthstone\/#breadcrumb\"},\"inLanguage\":\"fr-FR\",\"potentialAction\":[{\"@type\":\"ReadAction\",\"target\":[\"https:\/\/staging.belleflamme.ca\/fr\/produit\/foyer-au-bois-wfp-100-de-hearthstone\/\"]}]},{\"@type\":\"ImageObject\",\"inLanguage\":\"fr-FR\",\"@id\":\"https:\/\/staging.belleflamme.ca\/fr\/produit\/foyer-au-bois-wfp-100-de-hearthstone\/#primaryimage\",\"url\":\"https:\/\/staging.belleflamme.ca\/wp-content\/uploads\/2024\/06\/Foyer-au-bois-WFP-100-de-Hearthstone.jpg\",\"contentUrl\":\"https:\/\/staging.belleflamme.ca\/wp-content\/uploads\/2024\/06\/Foyer-au-bois-WFP-100-de-Hearthstone.jpg\",\"width\":1920,\"height\":900,\"caption\":\"Foyer au bois WFP 100 de Hearthstone\"},{\"@type\":\"BreadcrumbList\",\"@id\":\"https:\/\/staging.belleflamme.ca\/fr\/produit\/foyer-au-bois-wfp-100-de-hearthstone\/#breadcrumb\",\"itemListElement\":[{\"@type\":\"ListItem\",\"position\":1,\"name\":\"Accueil\",\"item\":\"https:\/\/www.belleflamme.ca\/fr\/\"},{\"@type\":\"ListItem\",\"position\":2,\"name\":\"Boutique\",\"item\":\"https:\/\/www.belleflamme.ca\/fr\/boutique\/\"},{\"@type\":\"ListItem\",\"position\":3,\"name\":\"Po\u00eales &amp; Foyers\",\"item\":\"https:\/\/staging.belleflamme.ca\/fr\/categories\/poeles-et-foyers\/\"},{\"@type\":\"ListItem\",\"position\":4,\"name\":\"Po\u00eales &amp; Foyers au Bois\",\"item\":\"https:\/\/staging.belleflamme.ca\/fr\/categories\/poeles-et-foyers\/poeles-et-foyers-au-bois\/\"},{\"@type\":\"ListItem\",\"position\":5,\"name\":\"Foyer au Bois\",\"item\":\"https:\/\/staging.belleflamme.ca\/fr\/categories\/poeles-et-foyers\/poeles-et-foyers-au-bois\/foyer-au-bois\/\"},{\"@type\":\"ListItem\",\"position\":6,\"name\":\"Foyer au bois WFP 100 de Hearthstone\"}]},{\"@type\":\"WebSite\",\"@id\":\"https:\/\/www.belleflamme.ca\/fr\/#website\",\"url\":\"https:\/\/www.belleflamme.ca\/fr\/\",\"name\":\"Groupe Belleflamme\",\"description\":\"La m\u00e9canique du b\u00e2timent dans le sang.\",\"publisher\":{\"@id\":\"https:\/\/www.belleflamme.ca\/fr\/#organization\"},\"potentialAction\":[{\"@type\":\"SearchAction\",\"target\":{\"@type\":\"EntryPoint\",\"urlTemplate\":\"https:\/\/www.belleflamme.ca\/fr\/?s={search_term_string}\"},\"query-input\":{\"@type\":\"PropertyValueSpecification\",\"valueRequired\":true,\"valueName\":\"search_term_string\"}}],\"inLanguage\":\"fr-FR\"},{\"@type\":[\"Organization\",\"Place\"],\"@id\":\"https:\/\/www.belleflamme.ca\/fr\/#organization\",\"name\":\"Groupe Belleflamme\",\"alternateName\":\"Belleflamme\",\"url\":\"https:\/\/www.belleflamme.ca\/fr\/\",\"logo\":{\"@type\":\"ImageObject\",\"inLanguage\":\"fr-FR\",\"@id\":\"https:\/\/www.belleflamme.ca\/fr\/#\/schema\/logo\/image\/\",\"url\":\"https:\/\/staging.belleflamme.ca\/wp-content\/uploads\/2023\/01\/og-image.jpg\",\"contentUrl\":\"https:\/\/staging.belleflamme.ca\/wp-content\/uploads\/2023\/01\/og-image.jpg\",\"width\":1200,\"height\":630,\"caption\":\"Groupe Belleflamme\"},\"image\":{\"@id\":\"https:\/\/www.belleflamme.ca\/fr\/#\/schema\/logo\/image\/\"},\"sameAs\":[\"https:\/\/www.facebook.com\/belleflamme.ca\/\",\"https:\/\/www.linkedin.com\/company\/belleflamme\/\",\"https:\/\/www.pinterest.ca\/groupebelleflamme\/\",\"https:\/\/www.instagram.com\/legroupebelleflamme\/\"],\"mainEntityOfPage\":{\"@id\":\"https:\/\/staging.belleflamme.ca\/fr\/produit\/foyer-au-bois-wfp-100-de-hearthstone\/\"}}]}<\/script>\n<meta property=\"product:brand\" content=\"Hearthstone\" \/>\n<meta property=\"og:availability\" content=\"instock\" \/>\n<meta property=\"product:availability\" content=\"instock\" \/>\n<meta property=\"product:condition\" content=\"new\" \/>\n<!-- \/ Yoast SEO Premium plugin. -->","yoast_head_json":{"title":"Foyer au bois WFP 100 de Hearthstone - Groupe BelleFlamme","description":"Foyer au bois WFP 100 de Hearthstone vendu et install\u00e9 par le Groupe Belleflamme. Laval, Montr\u00e9al, Gatineau et Saint-Sauveur.","robots":{"index":"index","follow":"follow","max-snippet":"max-snippet:-1","max-image-preview":"max-image-preview:large","max-video-preview":"max-video-preview:-1"},"canonical":"https:\/\/staging.belleflamme.ca\/fr\/produit\/foyer-au-bois-wfp-100-de-hearthstone\/","og_locale":"fr_FR","og_type":"article","og_title":"Foyer au bois WFP 100 de Hearthstone","og_description":"Foyer au bois WFP 100 de Hearthstone vendu et install\u00e9 par le Groupe Belleflamme. Laval, Montr\u00e9al, Gatineau et Saint-Sauveur.","og_url":"https:\/\/staging.belleflamme.ca\/fr\/produit\/foyer-au-bois-wfp-100-de-hearthstone\/","og_site_name":"Groupe BelleFlamme","article_publisher":"https:\/\/www.facebook.com\/belleflamme.ca\/","article_modified_time":"2025-05-08T17:21:25+00:00","og_image":[{"width":1920,"height":900,"url":"https:\/\/www.belleflamme.ca\/wp-content\/uploads\/2024\/06\/Foyer-au-bois-WFP-100-de-Hearthstone.jpg","type":"image\/jpeg"}],"twitter_card":"summary_large_image","twitter_misc":{"Disponibilit\u00e9":"En stock"},"schema":{"@context":"https:\/\/schema.org","@graph":[{"@type":["WebPage","ItemPage"],"@id":"https:\/\/staging.belleflamme.ca\/fr\/produit\/foyer-au-bois-wfp-100-de-hearthstone\/","url":"https:\/\/staging.belleflamme.ca\/fr\/produit\/foyer-au-bois-wfp-100-de-hearthstone\/","name":"Foyer au bois WFP 100 de Hearthstone - Groupe BelleFlamme","isPartOf":{"@id":"https:\/\/www.belleflamme.ca\/fr\/#website"},"primaryImageOfPage":{"@id":"https:\/\/staging.belleflamme.ca\/fr\/produit\/foyer-au-bois-wfp-100-de-hearthstone\/#primaryimage"},"image":{"@id":"https:\/\/staging.belleflamme.ca\/fr\/produit\/foyer-au-bois-wfp-100-de-hearthstone\/#primaryimage"},"thumbnailUrl":"https:\/\/staging.belleflamme.ca\/wp-content\/uploads\/2024\/06\/Foyer-au-bois-WFP-100-de-Hearthstone.jpg","datePublished":"2024-06-11T18:18:11+00:00","dateModified":"2025-05-08T17:21:25+00:00","description":"Foyer au bois WFP 100 de Hearthstone vendu et install\u00e9 par le Groupe Belleflamme. Laval, Montr\u00e9al, Gatineau et Saint-Sauveur.","breadcrumb":{"@id":"https:\/\/staging.belleflamme.ca\/fr\/produit\/foyer-au-bois-wfp-100-de-hearthstone\/#breadcrumb"},"inLanguage":"fr-FR","potentialAction":[{"@type":"ReadAction","target":["https:\/\/staging.belleflamme.ca\/fr\/produit\/foyer-au-bois-wfp-100-de-hearthstone\/"]}]},{"@type":"ImageObject","inLanguage":"fr-FR","@id":"https:\/\/staging.belleflamme.ca\/fr\/produit\/foyer-au-bois-wfp-100-de-hearthstone\/#primaryimage","url":"https:\/\/staging.belleflamme.ca\/wp-content\/uploads\/2024\/06\/Foyer-au-bois-WFP-100-de-Hearthstone.jpg","contentUrl":"https:\/\/staging.belleflamme.ca\/wp-content\/uploads\/2024\/06\/Foyer-au-bois-WFP-100-de-Hearthstone.jpg","width":1920,"height":900,"caption":"Foyer au bois WFP 100 de Hearthstone"},{"@type":"BreadcrumbList","@id":"https:\/\/staging.belleflamme.ca\/fr\/produit\/foyer-au-bois-wfp-100-de-hearthstone\/#breadcrumb","itemListElement":[{"@type":"ListItem","position":1,"name":"Accueil","item":"https:\/\/www.belleflamme.ca\/fr\/"},{"@type":"ListItem","position":2,"name":"Boutique","item":"https:\/\/www.belleflamme.ca\/fr\/boutique\/"},{"@type":"ListItem","position":3,"name":"Po\u00eales &amp; Foyers","item":"https:\/\/staging.belleflamme.ca\/fr\/categories\/poeles-et-foyers\/"},{"@type":"ListItem","position":4,"name":"Po\u00eales &amp; Foyers au Bois","item":"https:\/\/staging.belleflamme.ca\/fr\/categories\/poeles-et-foyers\/poeles-et-foyers-au-bois\/"},{"@type":"ListItem","position":5,"name":"Foyer au Bois","item":"https:\/\/staging.belleflamme.ca\/fr\/categories\/poeles-et-foyers\/poeles-et-foyers-au-bois\/foyer-au-bois\/"},{"@type":"ListItem","position":6,"name":"Foyer au bois WFP 100 de Hearthstone"}]},{"@type":"WebSite","@id":"https:\/\/www.belleflamme.ca\/fr\/#website","url":"https:\/\/www.belleflamme.ca\/fr\/","name":"Groupe Belleflamme","description":"La m\u00e9canique du b\u00e2timent dans le sang.","publisher":{"@id":"https:\/\/www.belleflamme.ca\/fr\/#organization"},"potentialAction":[{"@type":"SearchAction","target":{"@type":"EntryPoint","urlTemplate":"https:\/\/www.belleflamme.ca\/fr\/?s={search_term_string}"},"query-input":{"@type":"PropertyValueSpecification","valueRequired":true,"valueName":"search_term_string"}}],"inLanguage":"fr-FR"},{"@type":["Organization","Place"],"@id":"https:\/\/www.belleflamme.ca\/fr\/#organization","name":"Groupe Belleflamme","alternateName":"Belleflamme","url":"https:\/\/www.belleflamme.ca\/fr\/","logo":{"@type":"ImageObject","inLanguage":"fr-FR","@id":"https:\/\/www.belleflamme.ca\/fr\/#\/schema\/logo\/image\/","url":"https:\/\/staging.belleflamme.ca\/wp-content\/uploads\/2023\/01\/og-image.jpg","contentUrl":"https:\/\/staging.belleflamme.ca\/wp-content\/uploads\/2023\/01\/og-image.jpg","width":1200,"height":630,"caption":"Groupe Belleflamme"},"image":{"@id":"https:\/\/www.belleflamme.ca\/fr\/#\/schema\/logo\/image\/"},"sameAs":["https:\/\/www.facebook.com\/belleflamme.ca\/","https:\/\/www.linkedin.com\/company\/belleflamme\/","https:\/\/www.pinterest.ca\/groupebelleflamme\/","https:\/\/www.instagram.com\/legroupebelleflamme\/"],"mainEntityOfPage":{"@id":"https:\/\/staging.belleflamme.ca\/fr\/produit\/foyer-au-bois-wfp-100-de-hearthstone\/"}}]},"product_brand":"Hearthstone","og_availability":"instock","product_availability":"instock","product_condition":"new"},"_links":{"self":[{"href":"https:\/\/staging.belleflamme.ca\/fr\/wp-json\/wp\/v2\/product\/40740","targetHints":{"allow":["GET"]}}],"collection":[{"href":"https:\/\/staging.belleflamme.ca\/fr\/wp-json\/wp\/v2\/product"}],"about":[{"href":"https:\/\/staging.belleflamme.ca\/fr\/wp-json\/wp\/v2\/types\/product"}],"version-history":[{"count":5,"href":"https:\/\/staging.belleflamme.ca\/fr\/wp-json\/wp\/v2\/product\/40740\/revisions"}],"predecessor-version":[{"id":43325,"href":"https:\/\/staging.belleflamme.ca\/fr\/wp-json\/wp\/v2\/product\/40740\/revisions\/43325"}],"wp:featuredmedia":[{"embeddable":true,"href":"https:\/\/staging.belleflamme.ca\/fr\/wp-json\/wp\/v2\/media\/40741"}],"wp:attachment":[{"href":"https:\/\/staging.belleflamme.ca\/fr\/wp-json\/wp\/v2\/media?parent=40740"}],"wp:term":[{"taxonomy":"product_brand","embeddable":true,"href":"https:\/\/staging.belleflamme.ca\/fr\/wp-json\/wp\/v2\/product_brand?post=40740"},{"taxonomy":"product_cat","embeddable":true,"href":"https:\/\/staging.belleflamme.ca\/fr\/wp-json\/wp\/v2\/product_cat?post=40740"},{"taxonomy":"product_tag","embeddable":true,"href":"https:\/\/staging.belleflamme.ca\/fr\/wp-json\/wp\/v2\/product_tag?post=40740"}],"curies":[{"name":"wp","href":"https:\/\/api.w.org\/{rel}","templated":true}]}}