{"id":40635,"date":"2024-06-10T16:09:13","date_gmt":"2024-06-10T20:09:13","guid":{"rendered":"https:\/\/www.belleflamme.ca\/?post_type=product&#038;p=40635"},"modified":"2024-09-25T15:43:48","modified_gmt":"2024-09-25T19:43:48","slug":"poele-a-bois-bari-de-hearthstone","status":"publish","type":"product","link":"https:\/\/staging.belleflamme.ca\/fr\/produit\/poele-a-bois-bari-de-hearthstone\/","title":{"rendered":"Po\u00eale \u00e0 bois Bari de Hearthstone"},"content":{"rendered":"\t\t<div data-elementor-type=\"product-post\" data-elementor-id=\"40635\" class=\"elementor elementor-40635\" data-elementor-post-type=\"product\">\n\t\t\t\t\t\t<section class=\"elementor-section elementor-top-section elementor-element elementor-element-73ecbea9 elementor-section-boxed elementor-section-height-default elementor-section-height-default\" data-id=\"73ecbea9\" data-element_type=\"section\">\n\t\t\t\t\t\t<div class=\"elementor-container elementor-column-gap-default\">\n\t\t\t\t\t<div class=\"elementor-column elementor-col-100 elementor-top-column elementor-element elementor-element-149ca6de\" data-id=\"149ca6de\" data-element_type=\"column\">\n\t\t\t<div class=\"elementor-widget-wrap elementor-element-populated\">\n\t\t\t\t\t\t<div class=\"elementor-element elementor-element-d772ebf elementor-widget elementor-widget-text-editor\" data-id=\"d772ebf\" data-element_type=\"widget\" data-widget_type=\"text-editor.default\">\n\t\t\t\t<div class=\"elementor-widget-container\">\n\t\t\t\t\t\t\t\t\tLe Bari a \u00e9t\u00e9 con\u00e7u et fabriqu\u00e9 exclusivement en Allemagne par Hase Kaminofenbau GmbH. Comme le dit Hase : L&#8217;objectif est avant tout de cr\u00e9er des po\u00eales avec une forme \u00e9quilibr\u00e9e et harmonieuse. Nos po\u00eales brillent vraiment.\r\n<h2 class=\"wp-block-heading\"><span>Caract\u00e9ristiques<\/span><\/h2>\r\n<h3 class=\"wp-block-heading\"><span>Efficacit\u00e9 TruHybrid\u2122<\/span><\/h3>\r\n<span>Le Bari int\u00e8gre la technologie de combustion TruHybrid\u2122 de HearthStone pour apporter un produit europ\u00e9en moderne certifi\u00e9 EPA sur le march\u00e9 nord-am\u00e9ricain.<\/span>\r\n<h3 class=\"wp-block-heading\"><span>Finitions uniques<\/span><\/h3>\r\n<span>Le Bari est propos\u00e9 avec une vari\u00e9t\u00e9 de finitions, notamment des panneaux en c\u00e9ramique aux textures et couleurs vari\u00e9es, et bien s\u00fbr, un minimum d&#8217;acier noir.<\/span>\r\n<h3 class=\"wp-block-heading\"><span>Chaleur convective naturelle<\/span><\/h3>\r\n<span>Les po\u00eales HASE sont construits avec 2 couches. Le corps int\u00e9rieur en acier du po\u00eale fournit une structure qui contr\u00f4le la combustion du po\u00eale. Les panneaux ext\u00e9rieurs finissent le po\u00eale et cr\u00e9ent un canal d&#8217;air convectif qui fait circuler l&#8217;air chaud dans votre maison et r\u00e9duit la temp\u00e9rature ext\u00e9rieure du po\u00eale.<\/span>\r\n<h2 class=\"wp-block-heading\"><span>TruHybrid\u00a0<\/span><strong><span>\u2122<\/span><\/strong><\/h2>\r\n<h3 class=\"wp-block-heading\"><span>Syst\u00e8mes de combustion ultra propres<\/span><\/h3>\r\n<span>Tous nos po\u00eales \u00e0 bois d\u00e9passent les normes EPA 2020, vous pouvez donc \u00eatre s\u00fbr qu&#8217;ils br\u00fblent proprement aujourd&#8217;hui et pendant de nombreuses ann\u00e9es \u00e0 venir.<\/span>\r\n\r\n<span>Nos po\u00eales TruHybrid\u00a0<\/span><strong><span>\u2122<\/span><\/strong><span>\u00a0br\u00fblent proprement et efficacement avant et apr\u00e8s l&#8217;activation du catalyseur. Le syst\u00e8me combine une combustion primaire et secondaire avec une combustion tertiaire \u00e0 l\u2019aide d\u2019un catalyseur pour \u00e9liminer les particules de fum\u00e9e et les gaz non br\u00fbl\u00e9s.<\/span>\r\n<div id=\"headingOne\" class=\"card-header text-center border-0 bg-white p-4\" data-toggle=\"collapse\" data-target=\"#collapseOne\" aria-expanded=\"true\" aria-controls=\"collapseOne\"><span id=\"spec-toggle\" class=\"card-title\" tabindex=\"0\" role=\"button\"><span>Voir les sp\u00e9cifications compl\u00e8tes<\/span><\/span><\/div>\r\n<div id=\"collapseOne\" class=\"collapse show\" aria-labelledby=\"headingOne\" data-parent=\"#specificationsAccordion\">\r\n<div class=\"col-md-9 offset-md-2\">\r\n<div class=\"row spec-attribute-row\">\r\n<div class=\"attribute spec-attribute d-flex flex-column\">\r\n<div class=\"spec-attribute-inner text-left\">\r\n<p class=\"section-title\" role=\"heading\" aria-level=\"4\">Caract\u00e9ristiques<\/p>\r\n<p class=\"spec-item\"><span class=\"spec-item-label\">Bac \u00e0 cendres\u00a0:<\/span>\u00a0inclus<\/p>\r\n<p class=\"spec-item\"><span class=\"spec-item-label\">BTU\u00a0:<\/span>\u00a0jusqu&#8217;\u00e0 35\u00a0000<\/p>\r\n<p class=\"spec-item\"><span class=\"spec-item-label\">Rendement :<\/span>\u00a076% PCS<\/p>\r\n<p class=\"spec-item\"><span class=\"spec-item-label\">Certifi\u00e9 EPA\u00a0:<\/span>\u00a00,94 g\/h<\/p>\r\n<p class=\"spec-item\"><span class=\"spec-item-label\">Finition\u00a0:<\/span>\u00a0C\u00e9ramique d&#8217;alb\u00e2tre, lisse, charbon de bois + st\u00e9atite, acier au charbon de bois, c\u00e9ramique de lave, annel\u00e9e, c\u00e9ramique de m\u00e9t\u00e9orite, texture lin\u00e9aire, pierre de savon, c\u00e9ramique Wintersea, texture lin\u00e9aire<\/p>\r\n<p class=\"spec-item\"><span class=\"spec-item-label\">Capacit\u00e9 du foyer\u00a0:<\/span>\u00a01,25<\/p>\r\n<p class=\"spec-item\"><span class=\"spec-item-label\">Diam\u00e8tre de sortie du conduit de fum\u00e9e\u00a0:<\/span>\u00a06<\/p>\r\n<p class=\"spec-item\"><span class=\"spec-item-label\">Emplacement de sortie du conduit de fum\u00e9e\u00a0:<\/span>\u00a0haut<\/p>\r\n<p class=\"spec-item\"><span class=\"spec-item-label\">Dur\u00e9e de vie\u00a0:<\/span>\u00a014<\/p>\r\n<p class=\"spec-item\"><span class=\"spec-item-label\">Chauffe jusqu&#8217;\u00e0\u00a0:<\/span>\u00a01 400 pieds carr\u00e9s<\/p>\r\n<p class=\"spec-item\"><span class=\"spec-item-label\">Mod\u00e8le :<\/span>\u00a08171<\/p>\r\n<p class=\"spec-item\"><span class=\"spec-item-label\">Rotation du po\u00eale :<\/span>\u00a0225 degr\u00e9s<\/p>\r\n<p class=\"spec-item\"><span class=\"spec-item-label\">Type de po\u00eale :<\/span>\u00a0Po\u00eale \u00e0 bois Hase<\/p>\r\n<p class=\"spec-item\"><span class=\"spec-item-label\">Poids\u00a0:<\/span>\u00a0310 (tout acier), 430 (c\u00e9ramique), 485 (pierre st\u00e9atite)<\/p>\r\n\r\n<\/div>\r\n<\/div>\r\n<div class=\"attribute spec-attribute d-flex flex-column\">\r\n<div class=\"spec-attribute-inner text-left\">\r\n<h3 class=\"section-title\">Accessoires<\/h3>\r\nAdaptateur pour air ext\u00e9rieur\u00a0:\u00a091-53712\r\n\r\n<\/div>\r\n<\/div>\r\n<div class=\"attribute spec-attribute d-flex flex-column\">\r\n<div class=\"spec-attribute-inner text-left\">\r\n<p class=\"section-title\" role=\"heading\" aria-level=\"4\">D\u00e9gagements<\/p>\r\n\r\n<ul>\r\n \t<li>C\u00f4t\u00e9 : 38\u2033<\/li>\r\n \t<li>Arri\u00e8re\u00a0:\r\n<strong>\u00a0Tuyau de raccordement \u00e0 paroi simple ou double de 13\u00a0\u2033, po\u00eale libre de tourner<\/strong><\/li>\r\n<\/ul>\r\n<ul>\r\n \t<li>C\u00f4t\u00e9 : 13\u2033<\/li>\r\n \t<li>Arri\u00e8re : 11\u2033<\/li>\r\n \t<li>Coin :\r\n<strong>Tuyau de raccordement 10\u2033 simple ou double paroi, po\u00eale verrouill\u00e9 en position<\/strong><\/li>\r\n<\/ul>\r\n<h2 class=\"wp-block-heading\"><span>Nos mat\u00e9riaux<\/span><\/h2>\r\n<span>Hase Precision fabrique tous ses composants en acier, en c\u00e9ramique et en vermiculite en interne, garantissant ainsi que les po\u00eales Hase comptent parmi les produits de la plus haute qualit\u00e9 au monde.<\/span>\r\n\r\n<\/div>\r\n<h3>Finis Disponibles<\/h3>\r\n<img fetchpriority=\"high\" decoding=\"async\" class=\"alignnone size-full wp-image-40659\" src=\"https:\/\/www.belleflamme.ca\/wp-content\/uploads\/2024\/06\/2024-06-10-16_10_24-Bari-Poeles-HearthStone.png\" alt=\"\" width=\"319\" height=\"684\" srcset=\"https:\/\/staging.belleflamme.ca\/wp-content\/uploads\/2024\/06\/2024-06-10-16_10_24-Bari-Poeles-HearthStone.png 319w, https:\/\/staging.belleflamme.ca\/wp-content\/uploads\/2024\/06\/2024-06-10-16_10_24-Bari-Poeles-HearthStone-140x300.png 140w\" sizes=\"(max-width: 319px) 100vw, 319px\" \/>\r\n\r\n<\/div>\r\n<\/div>\r\n<\/div>\r\n<\/div>\t\t\t\t\t\t\t\t<\/div>\n\t\t\t\t<\/div>\n\t\t\t\t\t<\/div>\n\t\t<\/div>\n\t\t\t\t\t<\/div>\n\t\t<\/section>\n\t\t\t\t<section class=\"elementor-section elementor-top-section elementor-element elementor-element-9b880a2 elementor-section-boxed elementor-section-height-default elementor-section-height-default\" data-id=\"9b880a2\" data-element_type=\"section\">\n\t\t\t\t\t\t<div class=\"elementor-container elementor-column-gap-default\">\n\t\t\t\t\t<div class=\"elementor-column elementor-col-100 elementor-top-column elementor-element elementor-element-aa4f1dd\" data-id=\"aa4f1dd\" data-element_type=\"column\">\n\t\t\t<div class=\"elementor-widget-wrap elementor-element-populated\">\n\t\t\t\t\t\t<div class=\"elementor-element elementor-element-2143799 elementor-tabs-view-horizontal elementor-widget elementor-widget-tabs\" data-id=\"2143799\" data-element_type=\"widget\" data-widget_type=\"tabs.default\">\n\t\t\t\t<div class=\"elementor-widget-container\">\n\t\t\t\t\t\t\t<div class=\"elementor-tabs\">\n\t\t\t<div class=\"elementor-tabs-wrapper\" role=\"tablist\" >\n\t\t\t\t\t\t\t\t\t<div id=\"elementor-tab-title-3481\" class=\"elementor-tab-title elementor-tab-desktop-title\" aria-selected=\"true\" data-tab=\"1\" role=\"tab\" tabindex=\"0\" aria-controls=\"elementor-tab-content-3481\" aria-expanded=\"false\">Fichiers<\/div>\n\t\t\t\t\t\t\t<\/div>\n\t\t\t<div class=\"elementor-tabs-content-wrapper\" role=\"tablist\" aria-orientation=\"vertical\">\n\t\t\t\t\t\t\t\t\t<div class=\"elementor-tab-title elementor-tab-mobile-title\" aria-selected=\"true\" data-tab=\"1\" role=\"tab\" tabindex=\"0\" aria-controls=\"elementor-tab-content-3481\" aria-expanded=\"false\">Fichiers<\/div>\n\t\t\t\t\t<div id=\"elementor-tab-content-3481\" class=\"elementor-tab-content elementor-clearfix\" data-tab=\"1\" role=\"tabpanel\" aria-labelledby=\"elementor-tab-title-3481\" tabindex=\"0\" hidden=\"false\"><i class=\"far fa-file-pdf fa-xl\" style=\"font-size:35px\"><\/i><a href=\"https:\/\/www.belleflamme.ca\/wp-content\/uploads\/2024\/06\/220411_Sales-sheets_Bari8171.pdf\"> Brochure<\/a><\/br>\n<i class=\"far fa-file-pdf fa-xl\" style=\"font-size:35px\"><\/i><a href=\"https:\/\/www.belleflamme.ca\/wp-content\/uploads\/2024\/06\/hearthstone-bari-i-8171-manual-1.pdf\"> Manuel<\/a><\/br><\/div>\n\t\t\t\t\t\t\t<\/div>\n\t\t<\/div>\n\t\t\t\t\t\t<\/div>\n\t\t\t\t<\/div>\n\t\t\t\t\t<\/div>\n\t\t<\/div>\n\t\t\t\t\t<\/div>\n\t\t<\/section>\n\t\t\t\t<\/div>\n\t\t","protected":false},"excerpt":{"rendered":"<p>Le Bari a \u00e9t\u00e9 con\u00e7u et fabriqu\u00e9 exclusivement en Allemagne par Hase Kaminofenbau GmbH. Comme le dit Hase : L&#8217;objectif est avant tout de cr\u00e9er des po\u00eales avec une forme \u00e9quilibr\u00e9e et harmonieuse. Nos po\u00eales brillent vraiment. Caract\u00e9ristiques Efficacit\u00e9 TruHybrid\u2122 Le Bari int\u00e8gre la technologie de combustion TruHybrid\u2122 de HearthStone pour apporter un produit europ\u00e9en [&hellip;]<\/p>\n","protected":false},"featured_media":40619,"template":"","meta":{"inline_featured_image":false},"product_brand":[1637],"product_cat":[197,33,34],"product_tag":[],"class_list":{"0":"post-40635","1":"product","2":"type-product","3":"status-publish","4":"has-post-thumbnail","6":"product_brand-hearthstone","7":"product_cat-poele-au-bois","8":"product_cat-poeles-et-foyers","9":"product_cat-poeles-et-foyers-au-bois","11":"first","12":"instock","13":"taxable","14":"shipping-taxable","15":"purchasable","16":"product-type-variable"},"yoast_head":"<!-- This site is optimized with the Yoast SEO Premium plugin v24.2 (Yoast SEO v24.2) - https:\/\/yoast.com\/wordpress\/plugins\/seo\/ -->\n<title>Po\u00eale \u00e0 bois Bari de Hearthstone - Groupe BelleFlamme<\/title>\n<meta name=\"description\" content=\"Po\u00eale \u00e0 bois Bari de Hearthstone vendu et install\u00e9 par le Groupe Belleflamme. Laval, Montr\u00e9al, Gatineau et Saint-Sauveur.\" \/>\n<meta name=\"robots\" content=\"index, follow, max-snippet:-1, max-image-preview:large, max-video-preview:-1\" \/>\n<link rel=\"canonical\" href=\"https:\/\/staging.belleflamme.ca\/fr\/produit\/poele-a-bois-bari-de-hearthstone\/\" \/>\n<meta property=\"og:locale\" content=\"fr_FR\" \/>\n<meta property=\"og:type\" content=\"article\" \/>\n<meta property=\"og:title\" content=\"Po\u00eale \u00e0 bois Bari de Hearthstone\" \/>\n<meta property=\"og:description\" content=\"Po\u00eale \u00e0 bois Bari de Hearthstone vendu et install\u00e9 par le Groupe Belleflamme. Laval, Montr\u00e9al, Gatineau et Saint-Sauveur.\" \/>\n<meta property=\"og:url\" content=\"https:\/\/staging.belleflamme.ca\/fr\/produit\/poele-a-bois-bari-de-hearthstone\/\" \/>\n<meta property=\"og:site_name\" content=\"Groupe BelleFlamme\" \/>\n<meta property=\"article:publisher\" content=\"https:\/\/www.facebook.com\/belleflamme.ca\/\" \/>\n<meta property=\"article:modified_time\" content=\"2024-09-25T19:43:48+00:00\" \/>\n<meta property=\"og:image\" content=\"https:\/\/www.belleflamme.ca\/wp-content\/uploads\/2024\/06\/Poele-au-bois-Bari-Plus-by-Hearthstone.png\" \/>\n\t<meta property=\"og:image:width\" content=\"1000\" \/>\n\t<meta property=\"og:image:height\" content=\"1000\" \/>\n\t<meta property=\"og:image:type\" content=\"image\/png\" \/>\n<meta name=\"twitter:card\" content=\"summary_large_image\" \/>\n<meta name=\"twitter:label1\" content=\"Disponibilit\u00e9\" \/>\n\t<meta name=\"twitter:data1\" content=\"En stock\" \/>\n<script type=\"application\/ld+json\" class=\"yoast-schema-graph\">{\"@context\":\"https:\/\/schema.org\",\"@graph\":[{\"@type\":[\"WebPage\",\"ItemPage\"],\"@id\":\"https:\/\/staging.belleflamme.ca\/fr\/produit\/poele-a-bois-bari-de-hearthstone\/\",\"url\":\"https:\/\/staging.belleflamme.ca\/fr\/produit\/poele-a-bois-bari-de-hearthstone\/\",\"name\":\"Po\u00eale \u00e0 bois Bari de Hearthstone - Groupe BelleFlamme\",\"isPartOf\":{\"@id\":\"https:\/\/www.belleflamme.ca\/fr\/#website\"},\"primaryImageOfPage\":{\"@id\":\"https:\/\/staging.belleflamme.ca\/fr\/produit\/poele-a-bois-bari-de-hearthstone\/#primaryimage\"},\"image\":{\"@id\":\"https:\/\/staging.belleflamme.ca\/fr\/produit\/poele-a-bois-bari-de-hearthstone\/#primaryimage\"},\"thumbnailUrl\":\"https:\/\/staging.belleflamme.ca\/wp-content\/uploads\/2024\/06\/Poele-au-bois-Bari-Plus-by-Hearthstone.png\",\"datePublished\":\"2024-06-10T20:09:13+00:00\",\"dateModified\":\"2024-09-25T19:43:48+00:00\",\"description\":\"Po\u00eale \u00e0 bois Bari de Hearthstone vendu et install\u00e9 par le Groupe Belleflamme. Laval, Montr\u00e9al, Gatineau et Saint-Sauveur.\",\"breadcrumb\":{\"@id\":\"https:\/\/staging.belleflamme.ca\/fr\/produit\/poele-a-bois-bari-de-hearthstone\/#breadcrumb\"},\"inLanguage\":\"fr-FR\",\"potentialAction\":[{\"@type\":\"ReadAction\",\"target\":[\"https:\/\/staging.belleflamme.ca\/fr\/produit\/poele-a-bois-bari-de-hearthstone\/\"]}]},{\"@type\":\"ImageObject\",\"inLanguage\":\"fr-FR\",\"@id\":\"https:\/\/staging.belleflamme.ca\/fr\/produit\/poele-a-bois-bari-de-hearthstone\/#primaryimage\",\"url\":\"https:\/\/staging.belleflamme.ca\/wp-content\/uploads\/2024\/06\/Poele-au-bois-Bari-Plus-by-Hearthstone.png\",\"contentUrl\":\"https:\/\/staging.belleflamme.ca\/wp-content\/uploads\/2024\/06\/Poele-au-bois-Bari-Plus-by-Hearthstone.png\",\"width\":1000,\"height\":1000,\"caption\":\"Po\u00eale au bois Bari by Hearthstone\"},{\"@type\":\"BreadcrumbList\",\"@id\":\"https:\/\/staging.belleflamme.ca\/fr\/produit\/poele-a-bois-bari-de-hearthstone\/#breadcrumb\",\"itemListElement\":[{\"@type\":\"ListItem\",\"position\":1,\"name\":\"Accueil\",\"item\":\"https:\/\/www.belleflamme.ca\/fr\/\"},{\"@type\":\"ListItem\",\"position\":2,\"name\":\"Boutique\",\"item\":\"https:\/\/www.belleflamme.ca\/fr\/boutique\/\"},{\"@type\":\"ListItem\",\"position\":3,\"name\":\"Po\u00eales &amp; Foyers\",\"item\":\"https:\/\/staging.belleflamme.ca\/fr\/categories\/poeles-et-foyers\/\"},{\"@type\":\"ListItem\",\"position\":4,\"name\":\"Po\u00eales &amp; Foyers au Bois\",\"item\":\"https:\/\/staging.belleflamme.ca\/fr\/categories\/poeles-et-foyers\/poeles-et-foyers-au-bois\/\"},{\"@type\":\"ListItem\",\"position\":5,\"name\":\"Po\u00eale au Bois\",\"item\":\"https:\/\/staging.belleflamme.ca\/fr\/categories\/poeles-et-foyers\/poeles-et-foyers-au-bois\/poele-au-bois\/\"},{\"@type\":\"ListItem\",\"position\":6,\"name\":\"Po\u00eale \u00e0 bois Bari de Hearthstone\"}]},{\"@type\":\"WebSite\",\"@id\":\"https:\/\/www.belleflamme.ca\/fr\/#website\",\"url\":\"https:\/\/www.belleflamme.ca\/fr\/\",\"name\":\"Groupe Belleflamme\",\"description\":\"La m\u00e9canique du b\u00e2timent dans le sang.\",\"publisher\":{\"@id\":\"https:\/\/www.belleflamme.ca\/fr\/#organization\"},\"potentialAction\":[{\"@type\":\"SearchAction\",\"target\":{\"@type\":\"EntryPoint\",\"urlTemplate\":\"https:\/\/www.belleflamme.ca\/fr\/?s={search_term_string}\"},\"query-input\":{\"@type\":\"PropertyValueSpecification\",\"valueRequired\":true,\"valueName\":\"search_term_string\"}}],\"inLanguage\":\"fr-FR\"},{\"@type\":[\"Organization\",\"Place\"],\"@id\":\"https:\/\/www.belleflamme.ca\/fr\/#organization\",\"name\":\"Groupe Belleflamme\",\"alternateName\":\"Belleflamme\",\"url\":\"https:\/\/www.belleflamme.ca\/fr\/\",\"logo\":{\"@type\":\"ImageObject\",\"inLanguage\":\"fr-FR\",\"@id\":\"https:\/\/www.belleflamme.ca\/fr\/#\/schema\/logo\/image\/\",\"url\":\"https:\/\/staging.belleflamme.ca\/wp-content\/uploads\/2023\/01\/og-image.jpg\",\"contentUrl\":\"https:\/\/staging.belleflamme.ca\/wp-content\/uploads\/2023\/01\/og-image.jpg\",\"width\":1200,\"height\":630,\"caption\":\"Groupe Belleflamme\"},\"image\":{\"@id\":\"https:\/\/www.belleflamme.ca\/fr\/#\/schema\/logo\/image\/\"},\"sameAs\":[\"https:\/\/www.facebook.com\/belleflamme.ca\/\",\"https:\/\/www.linkedin.com\/company\/belleflamme\/\",\"https:\/\/www.pinterest.ca\/groupebelleflamme\/\",\"https:\/\/www.instagram.com\/legroupebelleflamme\/\"],\"mainEntityOfPage\":{\"@id\":\"https:\/\/staging.belleflamme.ca\/fr\/produit\/poele-a-bois-bari-de-hearthstone\/\"}}]}<\/script>\n<meta property=\"product:brand\" content=\"Hearthstone\" \/>\n<meta property=\"og:availability\" content=\"instock\" \/>\n<meta property=\"product:availability\" content=\"instock\" \/>\n<meta property=\"product:condition\" content=\"new\" \/>\n<!-- \/ Yoast SEO Premium plugin. -->","yoast_head_json":{"title":"Po\u00eale \u00e0 bois Bari de Hearthstone - Groupe BelleFlamme","description":"Po\u00eale \u00e0 bois Bari de Hearthstone vendu et install\u00e9 par le Groupe Belleflamme. Laval, Montr\u00e9al, Gatineau et Saint-Sauveur.","robots":{"index":"index","follow":"follow","max-snippet":"max-snippet:-1","max-image-preview":"max-image-preview:large","max-video-preview":"max-video-preview:-1"},"canonical":"https:\/\/staging.belleflamme.ca\/fr\/produit\/poele-a-bois-bari-de-hearthstone\/","og_locale":"fr_FR","og_type":"article","og_title":"Po\u00eale \u00e0 bois Bari de Hearthstone","og_description":"Po\u00eale \u00e0 bois Bari de Hearthstone vendu et install\u00e9 par le Groupe Belleflamme. Laval, Montr\u00e9al, Gatineau et Saint-Sauveur.","og_url":"https:\/\/staging.belleflamme.ca\/fr\/produit\/poele-a-bois-bari-de-hearthstone\/","og_site_name":"Groupe BelleFlamme","article_publisher":"https:\/\/www.facebook.com\/belleflamme.ca\/","article_modified_time":"2024-09-25T19:43:48+00:00","og_image":[{"width":1000,"height":1000,"url":"https:\/\/www.belleflamme.ca\/wp-content\/uploads\/2024\/06\/Poele-au-bois-Bari-Plus-by-Hearthstone.png","type":"image\/png"}],"twitter_card":"summary_large_image","twitter_misc":{"Disponibilit\u00e9":"En stock"},"schema":{"@context":"https:\/\/schema.org","@graph":[{"@type":["WebPage","ItemPage"],"@id":"https:\/\/staging.belleflamme.ca\/fr\/produit\/poele-a-bois-bari-de-hearthstone\/","url":"https:\/\/staging.belleflamme.ca\/fr\/produit\/poele-a-bois-bari-de-hearthstone\/","name":"Po\u00eale \u00e0 bois Bari de Hearthstone - Groupe BelleFlamme","isPartOf":{"@id":"https:\/\/www.belleflamme.ca\/fr\/#website"},"primaryImageOfPage":{"@id":"https:\/\/staging.belleflamme.ca\/fr\/produit\/poele-a-bois-bari-de-hearthstone\/#primaryimage"},"image":{"@id":"https:\/\/staging.belleflamme.ca\/fr\/produit\/poele-a-bois-bari-de-hearthstone\/#primaryimage"},"thumbnailUrl":"https:\/\/staging.belleflamme.ca\/wp-content\/uploads\/2024\/06\/Poele-au-bois-Bari-Plus-by-Hearthstone.png","datePublished":"2024-06-10T20:09:13+00:00","dateModified":"2024-09-25T19:43:48+00:00","description":"Po\u00eale \u00e0 bois Bari de Hearthstone vendu et install\u00e9 par le Groupe Belleflamme. Laval, Montr\u00e9al, Gatineau et Saint-Sauveur.","breadcrumb":{"@id":"https:\/\/staging.belleflamme.ca\/fr\/produit\/poele-a-bois-bari-de-hearthstone\/#breadcrumb"},"inLanguage":"fr-FR","potentialAction":[{"@type":"ReadAction","target":["https:\/\/staging.belleflamme.ca\/fr\/produit\/poele-a-bois-bari-de-hearthstone\/"]}]},{"@type":"ImageObject","inLanguage":"fr-FR","@id":"https:\/\/staging.belleflamme.ca\/fr\/produit\/poele-a-bois-bari-de-hearthstone\/#primaryimage","url":"https:\/\/staging.belleflamme.ca\/wp-content\/uploads\/2024\/06\/Poele-au-bois-Bari-Plus-by-Hearthstone.png","contentUrl":"https:\/\/staging.belleflamme.ca\/wp-content\/uploads\/2024\/06\/Poele-au-bois-Bari-Plus-by-Hearthstone.png","width":1000,"height":1000,"caption":"Po\u00eale au bois Bari by Hearthstone"},{"@type":"BreadcrumbList","@id":"https:\/\/staging.belleflamme.ca\/fr\/produit\/poele-a-bois-bari-de-hearthstone\/#breadcrumb","itemListElement":[{"@type":"ListItem","position":1,"name":"Accueil","item":"https:\/\/www.belleflamme.ca\/fr\/"},{"@type":"ListItem","position":2,"name":"Boutique","item":"https:\/\/www.belleflamme.ca\/fr\/boutique\/"},{"@type":"ListItem","position":3,"name":"Po\u00eales &amp; Foyers","item":"https:\/\/staging.belleflamme.ca\/fr\/categories\/poeles-et-foyers\/"},{"@type":"ListItem","position":4,"name":"Po\u00eales &amp; Foyers au Bois","item":"https:\/\/staging.belleflamme.ca\/fr\/categories\/poeles-et-foyers\/poeles-et-foyers-au-bois\/"},{"@type":"ListItem","position":5,"name":"Po\u00eale au Bois","item":"https:\/\/staging.belleflamme.ca\/fr\/categories\/poeles-et-foyers\/poeles-et-foyers-au-bois\/poele-au-bois\/"},{"@type":"ListItem","position":6,"name":"Po\u00eale \u00e0 bois Bari de Hearthstone"}]},{"@type":"WebSite","@id":"https:\/\/www.belleflamme.ca\/fr\/#website","url":"https:\/\/www.belleflamme.ca\/fr\/","name":"Groupe Belleflamme","description":"La m\u00e9canique du b\u00e2timent dans le sang.","publisher":{"@id":"https:\/\/www.belleflamme.ca\/fr\/#organization"},"potentialAction":[{"@type":"SearchAction","target":{"@type":"EntryPoint","urlTemplate":"https:\/\/www.belleflamme.ca\/fr\/?s={search_term_string}"},"query-input":{"@type":"PropertyValueSpecification","valueRequired":true,"valueName":"search_term_string"}}],"inLanguage":"fr-FR"},{"@type":["Organization","Place"],"@id":"https:\/\/www.belleflamme.ca\/fr\/#organization","name":"Groupe Belleflamme","alternateName":"Belleflamme","url":"https:\/\/www.belleflamme.ca\/fr\/","logo":{"@type":"ImageObject","inLanguage":"fr-FR","@id":"https:\/\/www.belleflamme.ca\/fr\/#\/schema\/logo\/image\/","url":"https:\/\/staging.belleflamme.ca\/wp-content\/uploads\/2023\/01\/og-image.jpg","contentUrl":"https:\/\/staging.belleflamme.ca\/wp-content\/uploads\/2023\/01\/og-image.jpg","width":1200,"height":630,"caption":"Groupe Belleflamme"},"image":{"@id":"https:\/\/www.belleflamme.ca\/fr\/#\/schema\/logo\/image\/"},"sameAs":["https:\/\/www.facebook.com\/belleflamme.ca\/","https:\/\/www.linkedin.com\/company\/belleflamme\/","https:\/\/www.pinterest.ca\/groupebelleflamme\/","https:\/\/www.instagram.com\/legroupebelleflamme\/"],"mainEntityOfPage":{"@id":"https:\/\/staging.belleflamme.ca\/fr\/produit\/poele-a-bois-bari-de-hearthstone\/"}}]},"product_brand":"Hearthstone","og_availability":"instock","product_availability":"instock","product_condition":"new"},"_links":{"self":[{"href":"https:\/\/staging.belleflamme.ca\/fr\/wp-json\/wp\/v2\/product\/40635","targetHints":{"allow":["GET"]}}],"collection":[{"href":"https:\/\/staging.belleflamme.ca\/fr\/wp-json\/wp\/v2\/product"}],"about":[{"href":"https:\/\/staging.belleflamme.ca\/fr\/wp-json\/wp\/v2\/types\/product"}],"version-history":[{"count":6,"href":"https:\/\/staging.belleflamme.ca\/fr\/wp-json\/wp\/v2\/product\/40635\/revisions"}],"predecessor-version":[{"id":43327,"href":"https:\/\/staging.belleflamme.ca\/fr\/wp-json\/wp\/v2\/product\/40635\/revisions\/43327"}],"wp:featuredmedia":[{"embeddable":true,"href":"https:\/\/staging.belleflamme.ca\/fr\/wp-json\/wp\/v2\/media\/40619"}],"wp:attachment":[{"href":"https:\/\/staging.belleflamme.ca\/fr\/wp-json\/wp\/v2\/media?parent=40635"}],"wp:term":[{"taxonomy":"product_brand","embeddable":true,"href":"https:\/\/staging.belleflamme.ca\/fr\/wp-json\/wp\/v2\/product_brand?post=40635"},{"taxonomy":"product_cat","embeddable":true,"href":"https:\/\/staging.belleflamme.ca\/fr\/wp-json\/wp\/v2\/product_cat?post=40635"},{"taxonomy":"product_tag","embeddable":true,"href":"https:\/\/staging.belleflamme.ca\/fr\/wp-json\/wp\/v2\/product_tag?post=40635"}],"curies":[{"name":"wp","href":"https:\/\/api.w.org\/{rel}","templated":true}]}}