{"id":40560,"date":"2024-06-10T15:09:57","date_gmt":"2024-06-10T19:09:57","guid":{"rendered":"https:\/\/www.belleflamme.ca\/?post_type=product&#038;p=40560"},"modified":"2025-05-09T08:45:48","modified_gmt":"2025-05-09T12:45:48","slug":"poele-au-bois-green-mountain-40-de-hearthstone","status":"publish","type":"product","link":"https:\/\/staging.belleflamme.ca\/fr\/produit\/poele-au-bois-green-mountain-40-de-hearthstone\/","title":{"rendered":"Po\u00eale au bois Green Mountain 40 de Hearthstone"},"content":{"rendered":"\t\t<div data-elementor-type=\"product-post\" data-elementor-id=\"40560\" class=\"elementor elementor-40560\" data-elementor-post-type=\"product\">\n\t\t\t\t\t\t<section class=\"elementor-section elementor-top-section elementor-element elementor-element-6757bbe3 elementor-section-boxed elementor-section-height-default elementor-section-height-default\" data-id=\"6757bbe3\" data-element_type=\"section\">\n\t\t\t\t\t\t<div class=\"elementor-container elementor-column-gap-default\">\n\t\t\t\t\t<div class=\"elementor-column elementor-col-100 elementor-top-column elementor-element elementor-element-32e42f11\" data-id=\"32e42f11\" data-element_type=\"column\">\n\t\t\t<div class=\"elementor-widget-wrap elementor-element-populated\">\n\t\t\t\t\t\t<div class=\"elementor-element elementor-element-1150faee elementor-widget elementor-widget-text-editor\" data-id=\"1150faee\" data-element_type=\"widget\" data-widget_type=\"text-editor.default\">\n\t\t\t\t<div class=\"elementor-widget-container\">\n\t\t\t\t\t\t\t\t\tR\u00e9chauffez votre espace de vie avec un feu propre, efficace et durable dans un po\u00eale \u00e0 bois Green Mountain traditionnel et propre.\r\n<h2 class=\"wp-block-heading\">Caract\u00e9ristiques<\/h2>\r\n<h3 class=\"wp-block-heading\">Fonte traditionnelle propre<\/h3>\r\nNotre po\u00eale \u00e0 bois GM40 est dot\u00e9 de lignes \u00e9pur\u00e9es et offert en fonte noire traditionnelle. Con\u00e7u pour le puriste du po\u00eale \u00e0 bois.\r\n<h3 class=\"wp-block-heading\">Fiabilit\u00e9 du TruHybrid<\/h3>\r\nNos po\u00eales Green Mountain d\u00e9passent les normes de combustion propre de l&#8217;EPA. Vous pouvez \u00eatre s\u00fbr qu\u2019ils br\u00fbleront proprement aujourd\u2019hui et pendant de nombreuses ann\u00e9es.\r\n<h3 class=\"wp-block-heading\">Rev\u00eatement de chambre de combustion en st\u00e9atite<\/h3>\r\nLe GM40 est rev\u00eatu de blocs de pierre ollaire. La pierre ollaire absorbe la chaleur du feu pour vous offrir une chaleur confortable et durable.\r\n<h2 class=\"wp-block-heading\">TruHybrid\u00a0<strong>\u2122<\/strong><\/h2>\r\n<h3 class=\"wp-block-heading\">Syst\u00e8mes de combustion ultra propres<\/h3>\r\nTous nos po\u00eales \u00e0 bois d\u00e9passent les normes EPA 2020, vous pouvez donc \u00eatre s\u00fbr qu&#8217;ils br\u00fblent proprement aujourd&#8217;hui et pendant de nombreuses ann\u00e9es \u00e0 venir.\r\n\r\nNos po\u00eales TruHybrid\u00a0<strong>\u2122<\/strong>\u00a0br\u00fblent proprement et efficacement avant et apr\u00e8s l&#8217;activation du catalyseur. Le syst\u00e8me combine une combustion primaire et secondaire avec une combustion tertiaire \u00e0 l\u2019aide d\u2019un catalyseur pour \u00e9liminer les particules de fum\u00e9e et les gaz non br\u00fbl\u00e9s.\r\n<h2 class=\"wp-block-heading\"><span>Nos mat\u00e9riaux<\/span><\/h2>\r\n<span>Chaque HearthStone est fabriqu\u00e9 \u00e0 la main en utilisant une combinaison de composants fabriqu\u00e9s avec pr\u00e9cision en fonte, st\u00e9atite, acier, c\u00e9ramique et divers autres mat\u00e9riaux. Notre engagement envers la qualit\u00e9 et notre souci du d\u00e9tail garantissent que votre produit vous servira fid\u00e8lement pendant des ann\u00e9es.<\/span>\r\n<div class=\"attribute spec-attribute d-flex flex-column\">\r\n<div class=\"spec-attribute-inner text-left\">\r\n<h2 class=\"section-title\" role=\"heading\" aria-level=\"4\">Caract\u00e9ristiques<\/h2>\r\n<p class=\"spec-item\"><span class=\"spec-item-label\">BTU\u00a0:<\/span>\u00a0jusqu&#8217;\u00e0 40\u00a0000<\/p>\r\n<p class=\"spec-item\"><span class=\"spec-item-label\">Efficacit\u00e9\u00a0:<\/span>\u00a079\u00a0%<\/p>\r\n<p class=\"spec-item\"><span class=\"spec-item-label\">Certifi\u00e9 EPA\u00a0:<\/span>\u00a01,07 g\/h<\/p>\r\n<p class=\"spec-item\"><span class=\"spec-item-label\">Finition\u00a0:<\/span>\u00a0Noir mat<\/p>\r\n<p class=\"spec-item\"><span class=\"spec-item-label\">Capacit\u00e9 du foyer\u00a0:<\/span>\u00a01,32 pi\u00b3<\/p>\r\n<p class=\"spec-item\"><span class=\"spec-item-label\">Diam\u00e8tre de sortie du conduit de fum\u00e9e\u00a0:<\/span>\u00a06<\/p>\r\n<p class=\"spec-item\"><span class=\"spec-item-label\">Emplacement de sortie du conduit de fum\u00e9e\u00a0:<\/span>\u00a0haut<\/p>\r\n<p class=\"spec-item\"><span class=\"spec-item-label\">HeatLife\u00a0:<\/span>\u00a016 heures de chaleur<\/p>\r\n<p class=\"spec-item\"><span class=\"spec-item-label\">Chauffe jusqu&#8217;\u00e0\u00a0:<\/span>\u00a01 400 pieds carr\u00e9s<\/p>\r\n<p class=\"spec-item\"><span class=\"spec-item-label\">Longueur maximale des b\u00fbches\u00a0:<\/span>\u00a016\u2033<\/p>\r\n<p class=\"spec-item\"><span class=\"spec-item-label\">Mod\u00e8le :<\/span>\u00a08640<\/p>\r\n<p class=\"spec-item\"><span class=\"spec-item-label\">Type de po\u00eale :<\/span>\u00a0Po\u00eale \u00e0 bois Green Mountain<\/p>\r\n<p class=\"spec-item\"><span class=\"spec-item-label\">Poids :<\/span>\u00a0350<\/p>\r\n\r\n<\/div>\r\n<\/div>\r\n<div class=\"attribute spec-attribute d-flex flex-column\">\r\n<div class=\"spec-attribute-inner text-left\">\r\n<h3 class=\"section-title\">Accessoires<\/h3>\r\nSouffleur avec \u00e9cran thermique arri\u00e8re\u00a0:\u00a096-57400\r\n\r\nAdaptateur pour air ext\u00e9rieur\u00a0:\u00a096-53400\r\n\r\n<\/div>\r\n<\/div>\r\n<div class=\"attribute spec-attribute d-flex flex-column\">\r\n<div class=\"spec-attribute-inner text-left\">\r\n<p class=\"section-title\" role=\"heading\" aria-level=\"4\">D\u00e9gagements<\/p>\r\n\r\n<ul>\r\n \t<li>C\u00f4t\u00e9 : 14\u2033<\/li>\r\n \t<li>Arri\u00e8re : 16\u2033<\/li>\r\n \t<li>Coin\u00a0:\r\n<strong>\u00a0Tuyau de raccordement \u00e0 paroi simple de 14\u00a0\u2033, sans \u00e9cran thermique arri\u00e8re<\/strong><\/li>\r\n<\/ul>\r\n<ul>\r\n \t<li>C\u00f4t\u00e9 : 14\u2033<\/li>\r\n \t<li>Arri\u00e8re : 13 \u00be\u201d<\/li>\r\n \t<li>Coin\u00a0:\r\n<strong>\u00a0Tuyau de raccordement \u00e0 paroi simple de 7\u00a0\u2033 avec \u00e9cran thermique arri\u00e8re inclus<\/strong><\/li>\r\n<\/ul>\r\n<ul>\r\n \t<li>C\u00f4t\u00e9 : 14\u2033<\/li>\r\n \t<li>Arri\u00e8re : 9 \u00be\u201d<\/li>\r\n \t<li>Coin\u00a0:\r\n<strong>\u00a0Tuyau de raccordement \u00e0 double paroi de 7\u00a0\u2033 avec bouclier thermique du kit de ventilateur<\/strong><\/li>\r\n<\/ul>\r\n<\/div>\r\n<\/div>\t\t\t\t\t\t\t\t<\/div>\n\t\t\t\t<\/div>\n\t\t\t\t\t<\/div>\n\t\t<\/div>\n\t\t\t\t\t<\/div>\n\t\t<\/section>\n\t\t\t\t<section class=\"elementor-section elementor-top-section elementor-element elementor-element-3ea4430 elementor-section-boxed elementor-section-height-default elementor-section-height-default\" data-id=\"3ea4430\" data-element_type=\"section\">\n\t\t\t\t\t\t<div class=\"elementor-container elementor-column-gap-default\">\n\t\t\t\t\t<div class=\"elementor-column elementor-col-100 elementor-top-column elementor-element elementor-element-71af4af\" data-id=\"71af4af\" data-element_type=\"column\">\n\t\t\t<div class=\"elementor-widget-wrap elementor-element-populated\">\n\t\t\t\t\t\t<div class=\"elementor-element elementor-element-a7d8130 elementor-tabs-view-horizontal elementor-widget elementor-widget-tabs\" data-id=\"a7d8130\" data-element_type=\"widget\" data-widget_type=\"tabs.default\">\n\t\t\t\t<div class=\"elementor-widget-container\">\n\t\t\t\t\t\t\t<div class=\"elementor-tabs\">\n\t\t\t<div class=\"elementor-tabs-wrapper\" role=\"tablist\" >\n\t\t\t\t\t\t\t\t\t<div id=\"elementor-tab-title-1751\" class=\"elementor-tab-title elementor-tab-desktop-title\" aria-selected=\"true\" data-tab=\"1\" role=\"tab\" tabindex=\"0\" aria-controls=\"elementor-tab-content-1751\" aria-expanded=\"false\">Fichiers<\/div>\n\t\t\t\t\t\t\t<\/div>\n\t\t\t<div class=\"elementor-tabs-content-wrapper\" role=\"tablist\" aria-orientation=\"vertical\">\n\t\t\t\t\t\t\t\t\t<div class=\"elementor-tab-title elementor-tab-mobile-title\" aria-selected=\"true\" data-tab=\"1\" role=\"tab\" tabindex=\"0\" aria-controls=\"elementor-tab-content-1751\" aria-expanded=\"false\">Fichiers<\/div>\n\t\t\t\t\t<div id=\"elementor-tab-content-1751\" class=\"elementor-tab-content elementor-clearfix\" data-tab=\"1\" role=\"tabpanel\" aria-labelledby=\"elementor-tab-title-1751\" tabindex=\"0\" hidden=\"false\"><i class=\"far fa-file-pdf fa-xl\" style=\"font-size:35px\"><\/i><a href=\"https:\/\/www.belleflamme.ca\/wp-content\/uploads\/2024\/06\/220411_Sales-sheets_GM40-8640.pdf\"> Brochure<\/a><\/br>\n<i class=\"far fa-file-pdf fa-xl\" style=\"font-size:35px\"><\/i><a href=\"https:\/\/www.belleflamme.ca\/wp-content\/uploads\/2024\/06\/hearthstone-gm40-8640-manual.pdf\"> Manuel<\/a><\/br><\/div>\n\t\t\t\t\t\t\t<\/div>\n\t\t<\/div>\n\t\t\t\t\t\t<\/div>\n\t\t\t\t<\/div>\n\t\t\t\t\t<\/div>\n\t\t<\/div>\n\t\t\t\t\t<\/div>\n\t\t<\/section>\n\t\t\t\t<\/div>\n\t\t","protected":false},"excerpt":{"rendered":"<p>R\u00e9chauffez votre espace de vie avec un feu propre, efficace et durable dans un po\u00eale \u00e0 bois Green Mountain traditionnel et propre. Caract\u00e9ristiques Fonte traditionnelle propre Notre po\u00eale \u00e0 bois GM40 est dot\u00e9 de lignes \u00e9pur\u00e9es et offert en fonte noire traditionnelle. Con\u00e7u pour le puriste du po\u00eale \u00e0 bois. Fiabilit\u00e9 du TruHybrid Nos po\u00eales [&hellip;]<\/p>\n","protected":false},"featured_media":40576,"template":"","meta":{"inline_featured_image":false},"product_brand":[1637],"product_cat":[197,33,34],"product_tag":[],"class_list":{"0":"post-40560","1":"product","2":"type-product","3":"status-publish","4":"has-post-thumbnail","6":"product_brand-hearthstone","7":"product_cat-poele-au-bois","8":"product_cat-poeles-et-foyers","9":"product_cat-poeles-et-foyers-au-bois","11":"first","12":"instock","13":"taxable","14":"shipping-taxable","15":"purchasable","16":"product-type-simple"},"yoast_head":"<!-- This site is optimized with the Yoast SEO Premium plugin v24.2 (Yoast SEO v24.2) - https:\/\/yoast.com\/wordpress\/plugins\/seo\/ -->\n<title>Po\u00eale au bois Green Mountain 40 de Hearthstone - Groupe BelleFlamme<\/title>\n<meta name=\"description\" content=\"Po\u00eale au bois Green Mountain 40 de Hearthstone vendu et install\u00e9 par le Groupe Belleflamme. Laval, Montr\u00e9al, Gatineau et Saint-Sauveur.\" \/>\n<meta name=\"robots\" content=\"index, follow, max-snippet:-1, max-image-preview:large, max-video-preview:-1\" \/>\n<link rel=\"canonical\" href=\"https:\/\/staging.belleflamme.ca\/fr\/produit\/poele-au-bois-green-mountain-40-de-hearthstone\/\" \/>\n<meta property=\"og:locale\" content=\"fr_FR\" \/>\n<meta property=\"og:type\" content=\"article\" \/>\n<meta property=\"og:title\" content=\"Po\u00eale au bois Green Mountain 40 de Hearthstone\" \/>\n<meta property=\"og:description\" content=\"Po\u00eale au bois Green Mountain 40 de Hearthstone vendu et install\u00e9 par le Groupe Belleflamme. Laval, Montr\u00e9al, Gatineau et Saint-Sauveur.\" \/>\n<meta property=\"og:url\" content=\"https:\/\/staging.belleflamme.ca\/fr\/produit\/poele-au-bois-green-mountain-40-de-hearthstone\/\" \/>\n<meta property=\"og:site_name\" content=\"Groupe BelleFlamme\" \/>\n<meta property=\"article:publisher\" content=\"https:\/\/www.facebook.com\/belleflamme.ca\/\" \/>\n<meta property=\"article:modified_time\" content=\"2025-05-09T12:45:48+00:00\" \/>\n<meta property=\"og:image\" content=\"https:\/\/www.belleflamme.ca\/wp-content\/uploads\/2024\/06\/Poele-au-bois-Green-Mountain-40-de-Hearthstone.jpg\" \/>\n\t<meta property=\"og:image:width\" content=\"1024\" \/>\n\t<meta property=\"og:image:height\" content=\"1024\" \/>\n\t<meta property=\"og:image:type\" content=\"image\/jpeg\" \/>\n<meta name=\"twitter:card\" content=\"summary_large_image\" \/>\n<meta name=\"twitter:label1\" content=\"Prix\" \/>\n\t<meta name=\"twitter:data1\" content=\"&#036;5,417.00\" \/>\n\t<meta name=\"twitter:label2\" content=\"Disponibilit\u00e9\" \/>\n\t<meta name=\"twitter:data2\" content=\"En stock\" \/>\n<script type=\"application\/ld+json\" class=\"yoast-schema-graph\">{\"@context\":\"https:\/\/schema.org\",\"@graph\":[{\"@type\":[\"WebPage\",\"ItemPage\"],\"@id\":\"https:\/\/staging.belleflamme.ca\/fr\/produit\/poele-au-bois-green-mountain-40-de-hearthstone\/\",\"url\":\"https:\/\/staging.belleflamme.ca\/fr\/produit\/poele-au-bois-green-mountain-40-de-hearthstone\/\",\"name\":\"Po\u00eale au bois Green Mountain 40 de Hearthstone - Groupe BelleFlamme\",\"isPartOf\":{\"@id\":\"https:\/\/www.belleflamme.ca\/fr\/#website\"},\"primaryImageOfPage\":{\"@id\":\"https:\/\/staging.belleflamme.ca\/fr\/produit\/poele-au-bois-green-mountain-40-de-hearthstone\/#primaryimage\"},\"image\":{\"@id\":\"https:\/\/staging.belleflamme.ca\/fr\/produit\/poele-au-bois-green-mountain-40-de-hearthstone\/#primaryimage\"},\"thumbnailUrl\":\"https:\/\/staging.belleflamme.ca\/wp-content\/uploads\/2024\/06\/Poele-au-bois-Green-Mountain-40-de-Hearthstone.jpg\",\"datePublished\":\"2024-06-10T19:09:57+00:00\",\"dateModified\":\"2025-05-09T12:45:48+00:00\",\"description\":\"Po\u00eale au bois Green Mountain 40 de Hearthstone vendu et install\u00e9 par le Groupe Belleflamme. Laval, Montr\u00e9al, Gatineau et Saint-Sauveur.\",\"breadcrumb\":{\"@id\":\"https:\/\/staging.belleflamme.ca\/fr\/produit\/poele-au-bois-green-mountain-40-de-hearthstone\/#breadcrumb\"},\"inLanguage\":\"fr-FR\",\"potentialAction\":[{\"@type\":\"ReadAction\",\"target\":[\"https:\/\/staging.belleflamme.ca\/fr\/produit\/poele-au-bois-green-mountain-40-de-hearthstone\/\"]}]},{\"@type\":\"ImageObject\",\"inLanguage\":\"fr-FR\",\"@id\":\"https:\/\/staging.belleflamme.ca\/fr\/produit\/poele-au-bois-green-mountain-40-de-hearthstone\/#primaryimage\",\"url\":\"https:\/\/staging.belleflamme.ca\/wp-content\/uploads\/2024\/06\/Poele-au-bois-Green-Mountain-40-de-Hearthstone.jpg\",\"contentUrl\":\"https:\/\/staging.belleflamme.ca\/wp-content\/uploads\/2024\/06\/Poele-au-bois-Green-Mountain-40-de-Hearthstone.jpg\",\"width\":1024,\"height\":1024,\"caption\":\"Po\u00eale au bois Green Mountain 40 de Hearthstone\"},{\"@type\":\"BreadcrumbList\",\"@id\":\"https:\/\/staging.belleflamme.ca\/fr\/produit\/poele-au-bois-green-mountain-40-de-hearthstone\/#breadcrumb\",\"itemListElement\":[{\"@type\":\"ListItem\",\"position\":1,\"name\":\"Accueil\",\"item\":\"https:\/\/www.belleflamme.ca\/fr\/\"},{\"@type\":\"ListItem\",\"position\":2,\"name\":\"Boutique\",\"item\":\"https:\/\/www.belleflamme.ca\/fr\/boutique\/\"},{\"@type\":\"ListItem\",\"position\":3,\"name\":\"Po\u00eales &amp; Foyers\",\"item\":\"https:\/\/staging.belleflamme.ca\/fr\/categories\/poeles-et-foyers\/\"},{\"@type\":\"ListItem\",\"position\":4,\"name\":\"Po\u00eales &amp; Foyers au Bois\",\"item\":\"https:\/\/staging.belleflamme.ca\/fr\/categories\/poeles-et-foyers\/poeles-et-foyers-au-bois\/\"},{\"@type\":\"ListItem\",\"position\":5,\"name\":\"Po\u00eale au Bois\",\"item\":\"https:\/\/staging.belleflamme.ca\/fr\/categories\/poeles-et-foyers\/poeles-et-foyers-au-bois\/poele-au-bois\/\"},{\"@type\":\"ListItem\",\"position\":6,\"name\":\"Po\u00eale au bois Green Mountain 40 de Hearthstone\"}]},{\"@type\":\"WebSite\",\"@id\":\"https:\/\/www.belleflamme.ca\/fr\/#website\",\"url\":\"https:\/\/www.belleflamme.ca\/fr\/\",\"name\":\"Groupe Belleflamme\",\"description\":\"La m\u00e9canique du b\u00e2timent dans le sang.\",\"publisher\":{\"@id\":\"https:\/\/www.belleflamme.ca\/fr\/#organization\"},\"potentialAction\":[{\"@type\":\"SearchAction\",\"target\":{\"@type\":\"EntryPoint\",\"urlTemplate\":\"https:\/\/www.belleflamme.ca\/fr\/?s={search_term_string}\"},\"query-input\":{\"@type\":\"PropertyValueSpecification\",\"valueRequired\":true,\"valueName\":\"search_term_string\"}}],\"inLanguage\":\"fr-FR\"},{\"@type\":[\"Organization\",\"Place\"],\"@id\":\"https:\/\/www.belleflamme.ca\/fr\/#organization\",\"name\":\"Groupe Belleflamme\",\"alternateName\":\"Belleflamme\",\"url\":\"https:\/\/www.belleflamme.ca\/fr\/\",\"logo\":{\"@type\":\"ImageObject\",\"inLanguage\":\"fr-FR\",\"@id\":\"https:\/\/www.belleflamme.ca\/fr\/#\/schema\/logo\/image\/\",\"url\":\"https:\/\/staging.belleflamme.ca\/wp-content\/uploads\/2023\/01\/og-image.jpg\",\"contentUrl\":\"https:\/\/staging.belleflamme.ca\/wp-content\/uploads\/2023\/01\/og-image.jpg\",\"width\":1200,\"height\":630,\"caption\":\"Groupe Belleflamme\"},\"image\":{\"@id\":\"https:\/\/www.belleflamme.ca\/fr\/#\/schema\/logo\/image\/\"},\"sameAs\":[\"https:\/\/www.facebook.com\/belleflamme.ca\/\",\"https:\/\/www.linkedin.com\/company\/belleflamme\/\",\"https:\/\/www.pinterest.ca\/groupebelleflamme\/\",\"https:\/\/www.instagram.com\/legroupebelleflamme\/\"],\"mainEntityOfPage\":{\"@id\":\"https:\/\/staging.belleflamme.ca\/fr\/produit\/poele-au-bois-green-mountain-40-de-hearthstone\/\"}}]}<\/script>\n<meta property=\"product:brand\" content=\"Hearthstone\" \/>\n<meta property=\"product:price:amount\" content=\"5417.00\" \/>\n<meta property=\"product:price:currency\" content=\"CAD\" \/>\n<meta property=\"og:availability\" content=\"instock\" \/>\n<meta property=\"product:availability\" content=\"instock\" \/>\n<meta property=\"product:retailer_item_id\" content=\"8640-0010\" \/>\n<meta property=\"product:condition\" content=\"new\" \/>\n<!-- \/ Yoast SEO Premium plugin. -->","yoast_head_json":{"title":"Po\u00eale au bois Green Mountain 40 de Hearthstone - Groupe BelleFlamme","description":"Po\u00eale au bois Green Mountain 40 de Hearthstone vendu et install\u00e9 par le Groupe Belleflamme. Laval, Montr\u00e9al, Gatineau et Saint-Sauveur.","robots":{"index":"index","follow":"follow","max-snippet":"max-snippet:-1","max-image-preview":"max-image-preview:large","max-video-preview":"max-video-preview:-1"},"canonical":"https:\/\/staging.belleflamme.ca\/fr\/produit\/poele-au-bois-green-mountain-40-de-hearthstone\/","og_locale":"fr_FR","og_type":"article","og_title":"Po\u00eale au bois Green Mountain 40 de Hearthstone","og_description":"Po\u00eale au bois Green Mountain 40 de Hearthstone vendu et install\u00e9 par le Groupe Belleflamme. Laval, Montr\u00e9al, Gatineau et Saint-Sauveur.","og_url":"https:\/\/staging.belleflamme.ca\/fr\/produit\/poele-au-bois-green-mountain-40-de-hearthstone\/","og_site_name":"Groupe BelleFlamme","article_publisher":"https:\/\/www.facebook.com\/belleflamme.ca\/","article_modified_time":"2025-05-09T12:45:48+00:00","og_image":[{"width":1024,"height":1024,"url":"https:\/\/www.belleflamme.ca\/wp-content\/uploads\/2024\/06\/Poele-au-bois-Green-Mountain-40-de-Hearthstone.jpg","type":"image\/jpeg"}],"twitter_card":"summary_large_image","twitter_misc":{"Prix":"&#36;5,417.00","Disponibilit\u00e9":"En stock"},"schema":{"@context":"https:\/\/schema.org","@graph":[{"@type":["WebPage","ItemPage"],"@id":"https:\/\/staging.belleflamme.ca\/fr\/produit\/poele-au-bois-green-mountain-40-de-hearthstone\/","url":"https:\/\/staging.belleflamme.ca\/fr\/produit\/poele-au-bois-green-mountain-40-de-hearthstone\/","name":"Po\u00eale au bois Green Mountain 40 de Hearthstone - Groupe BelleFlamme","isPartOf":{"@id":"https:\/\/www.belleflamme.ca\/fr\/#website"},"primaryImageOfPage":{"@id":"https:\/\/staging.belleflamme.ca\/fr\/produit\/poele-au-bois-green-mountain-40-de-hearthstone\/#primaryimage"},"image":{"@id":"https:\/\/staging.belleflamme.ca\/fr\/produit\/poele-au-bois-green-mountain-40-de-hearthstone\/#primaryimage"},"thumbnailUrl":"https:\/\/staging.belleflamme.ca\/wp-content\/uploads\/2024\/06\/Poele-au-bois-Green-Mountain-40-de-Hearthstone.jpg","datePublished":"2024-06-10T19:09:57+00:00","dateModified":"2025-05-09T12:45:48+00:00","description":"Po\u00eale au bois Green Mountain 40 de Hearthstone vendu et install\u00e9 par le Groupe Belleflamme. Laval, Montr\u00e9al, Gatineau et Saint-Sauveur.","breadcrumb":{"@id":"https:\/\/staging.belleflamme.ca\/fr\/produit\/poele-au-bois-green-mountain-40-de-hearthstone\/#breadcrumb"},"inLanguage":"fr-FR","potentialAction":[{"@type":"ReadAction","target":["https:\/\/staging.belleflamme.ca\/fr\/produit\/poele-au-bois-green-mountain-40-de-hearthstone\/"]}]},{"@type":"ImageObject","inLanguage":"fr-FR","@id":"https:\/\/staging.belleflamme.ca\/fr\/produit\/poele-au-bois-green-mountain-40-de-hearthstone\/#primaryimage","url":"https:\/\/staging.belleflamme.ca\/wp-content\/uploads\/2024\/06\/Poele-au-bois-Green-Mountain-40-de-Hearthstone.jpg","contentUrl":"https:\/\/staging.belleflamme.ca\/wp-content\/uploads\/2024\/06\/Poele-au-bois-Green-Mountain-40-de-Hearthstone.jpg","width":1024,"height":1024,"caption":"Po\u00eale au bois Green Mountain 40 de Hearthstone"},{"@type":"BreadcrumbList","@id":"https:\/\/staging.belleflamme.ca\/fr\/produit\/poele-au-bois-green-mountain-40-de-hearthstone\/#breadcrumb","itemListElement":[{"@type":"ListItem","position":1,"name":"Accueil","item":"https:\/\/www.belleflamme.ca\/fr\/"},{"@type":"ListItem","position":2,"name":"Boutique","item":"https:\/\/www.belleflamme.ca\/fr\/boutique\/"},{"@type":"ListItem","position":3,"name":"Po\u00eales &amp; Foyers","item":"https:\/\/staging.belleflamme.ca\/fr\/categories\/poeles-et-foyers\/"},{"@type":"ListItem","position":4,"name":"Po\u00eales &amp; Foyers au Bois","item":"https:\/\/staging.belleflamme.ca\/fr\/categories\/poeles-et-foyers\/poeles-et-foyers-au-bois\/"},{"@type":"ListItem","position":5,"name":"Po\u00eale au Bois","item":"https:\/\/staging.belleflamme.ca\/fr\/categories\/poeles-et-foyers\/poeles-et-foyers-au-bois\/poele-au-bois\/"},{"@type":"ListItem","position":6,"name":"Po\u00eale au bois Green Mountain 40 de Hearthstone"}]},{"@type":"WebSite","@id":"https:\/\/www.belleflamme.ca\/fr\/#website","url":"https:\/\/www.belleflamme.ca\/fr\/","name":"Groupe Belleflamme","description":"La m\u00e9canique du b\u00e2timent dans le sang.","publisher":{"@id":"https:\/\/www.belleflamme.ca\/fr\/#organization"},"potentialAction":[{"@type":"SearchAction","target":{"@type":"EntryPoint","urlTemplate":"https:\/\/www.belleflamme.ca\/fr\/?s={search_term_string}"},"query-input":{"@type":"PropertyValueSpecification","valueRequired":true,"valueName":"search_term_string"}}],"inLanguage":"fr-FR"},{"@type":["Organization","Place"],"@id":"https:\/\/www.belleflamme.ca\/fr\/#organization","name":"Groupe Belleflamme","alternateName":"Belleflamme","url":"https:\/\/www.belleflamme.ca\/fr\/","logo":{"@type":"ImageObject","inLanguage":"fr-FR","@id":"https:\/\/www.belleflamme.ca\/fr\/#\/schema\/logo\/image\/","url":"https:\/\/staging.belleflamme.ca\/wp-content\/uploads\/2023\/01\/og-image.jpg","contentUrl":"https:\/\/staging.belleflamme.ca\/wp-content\/uploads\/2023\/01\/og-image.jpg","width":1200,"height":630,"caption":"Groupe Belleflamme"},"image":{"@id":"https:\/\/www.belleflamme.ca\/fr\/#\/schema\/logo\/image\/"},"sameAs":["https:\/\/www.facebook.com\/belleflamme.ca\/","https:\/\/www.linkedin.com\/company\/belleflamme\/","https:\/\/www.pinterest.ca\/groupebelleflamme\/","https:\/\/www.instagram.com\/legroupebelleflamme\/"],"mainEntityOfPage":{"@id":"https:\/\/staging.belleflamme.ca\/fr\/produit\/poele-au-bois-green-mountain-40-de-hearthstone\/"}}]},"product_brand":"Hearthstone","product_price_amount":"5417.00","product_price_currency":"CAD","og_availability":"instock","product_availability":"instock","product_retailer_item_id":"8640-0010","product_condition":"new"},"_links":{"self":[{"href":"https:\/\/staging.belleflamme.ca\/fr\/wp-json\/wp\/v2\/product\/40560","targetHints":{"allow":["GET"]}}],"collection":[{"href":"https:\/\/staging.belleflamme.ca\/fr\/wp-json\/wp\/v2\/product"}],"about":[{"href":"https:\/\/staging.belleflamme.ca\/fr\/wp-json\/wp\/v2\/types\/product"}],"version-history":[{"count":7,"href":"https:\/\/staging.belleflamme.ca\/fr\/wp-json\/wp\/v2\/product\/40560\/revisions"}],"predecessor-version":[{"id":43330,"href":"https:\/\/staging.belleflamme.ca\/fr\/wp-json\/wp\/v2\/product\/40560\/revisions\/43330"}],"wp:featuredmedia":[{"embeddable":true,"href":"https:\/\/staging.belleflamme.ca\/fr\/wp-json\/wp\/v2\/media\/40576"}],"wp:attachment":[{"href":"https:\/\/staging.belleflamme.ca\/fr\/wp-json\/wp\/v2\/media?parent=40560"}],"wp:term":[{"taxonomy":"product_brand","embeddable":true,"href":"https:\/\/staging.belleflamme.ca\/fr\/wp-json\/wp\/v2\/product_brand?post=40560"},{"taxonomy":"product_cat","embeddable":true,"href":"https:\/\/staging.belleflamme.ca\/fr\/wp-json\/wp\/v2\/product_cat?post=40560"},{"taxonomy":"product_tag","embeddable":true,"href":"https:\/\/staging.belleflamme.ca\/fr\/wp-json\/wp\/v2\/product_tag?post=40560"}],"curies":[{"name":"wp","href":"https:\/\/api.w.org\/{rel}","templated":true}]}}