{"id":4049,"date":"2023-02-14T11:59:55","date_gmt":"2023-02-14T16:59:55","guid":{"rendered":"https:\/\/www.belleflamme.ca\/?post_type=product&#038;p=4049"},"modified":"2023-03-13T18:28:04","modified_gmt":"2023-03-13T22:28:04","slug":"detecteur-de-fuites-deau-nowa-360","status":"publish","type":"product","link":"https:\/\/staging.belleflamme.ca\/fr\/produit\/detecteur-de-fuites-deau-nowa-360\/","title":{"rendered":"D\u00e9tecteur de Fuites d&#8217;eau Nowa 360"},"content":{"rendered":"<p>Le syst\u00e8me NOWA 360 est toujours en fonction. Qu\u2019une fuite d\u2019eau survienne maintenant ou dans 10 ans, elle sera vite contr\u00f4l\u00e9e.<br \/>\nSoyez rassur\u00e9.<\/p>\n<p>PANNEAU DE CONTR\u00d4LE<\/p>\n<ul>\n<li style=\"text-align: left;\">Le cerveau de l&#8217;\u00e9quipe<\/li>\n<li style=\"text-align: left;\">Le panneau de contr\u00f4le sans fil NOWA 360 est con\u00e7u pour pr\u00e9venir les dommages caus\u00e9s par l\u2019eau en activant la valve \u00e9lectrique d\u00e8s la d\u00e9tection d&#8217;une fuite d&#8217;eau.<\/li>\n<li style=\"text-align: left;\">Clavier avec indicateurs DEL int\u00e9gr\u00e9s<\/li>\n<li style=\"text-align: left;\">Touches dynamiques contextuelles<\/li>\n<li style=\"text-align: left;\">Menu \u00e0 assistance vocale<\/li>\n<li style=\"text-align: left;\">Acc\u00e8s sans fil; notifications et contr\u00f4le \u00e0 distance<\/li>\n<li style=\"text-align: left;\">Pile de secours interne pour les pannes de courant<\/li>\n<li style=\"text-align: left;\">Communication par r\u00e9seau cellulaire (LTE) en option<\/li>\n<li style=\"text-align: left;\">Garantie de 2 ans<\/li>\n<\/ul>\n<p>D\u00c9TECTION ULTRAPR\u00c9CISE<br \/>\nSa grande pr\u00e9cision, le secret de sa rapidit\u00e9<br \/>\nAvec 4 points de contact rapproch\u00e9s et un espace libre de seulement 0,4 mm (0,015 po) entre le d\u00e9tecteur et le plancher, le d\u00e9tecteur NOWA 360 rep\u00e8re une \u00e9tendue liquide aussi petite que le d\u00e9g\u00e2t d\u2019un verre d\u2019eau.<\/p>\n<p>64 zones. Un seul panneau de contr\u00f4le peut g\u00e9rer jusqu\u2019\u00e0 64 d\u00e9tecteurs NOWA 360 diff\u00e9rents.<\/p>\n<p>TECHNOLOGIE \u00c9PROUV\u00c9E<br \/>\nUn signal sans interf\u00e9rence<br \/>\n319,5 MHz Aucune interf\u00e9rence<br \/>\nNOWA utilise un protocole de communication crypt\u00e9 et s\u00e9curis\u00e9. Ce syst\u00e8me par radiofr\u00e9quence est \u00e9prouv\u00e9 et d\u00e9j\u00e0 employ\u00e9 par plus de cinq millions de syst\u00e8mes. L\u2019utilisation de basses fr\u00e9quences assure un signal constant et \u00e0 l\u2019abri de toute interf\u00e9rence.<\/p>\n<p>Le puissant signal liant les d\u00e9tecteurs au panneau de contr\u00f4le couvre une superficie de 5 000 pi2.<\/p>\n<p>VALVE CONNECT\u00c9E<br \/>\nUne fermeture rapide \u00e0 tout coup<br \/>\nChaque seconde retranch\u00e9e entre le d\u00e9but et la fin de la fuite d\u2019eau diminue l\u2019ampleur des d\u00e9g\u00e2ts. Connect\u00e9e directement au panneau de contr\u00f4le par fil, la valve \u00e9lectrique r\u00e9agit imm\u00e9diatement et en tout temps. Et en cas de panne de courant, le syst\u00e8me continue de fonctionner gr\u00e2ce \u00e0 sa pile de secours int\u00e9gr\u00e9e.<\/p>\n<p>NOTIFICATION<br \/>\nStopp\u00e9e sans d\u00e9lai. Notifi\u00e9 sans d\u00e9lai.<br \/>\nNOWA 360 vous avise imm\u00e9diatement par notification ou par courriel qu\u2019une fuite a \u00e9t\u00e9 contr\u00f4l\u00e9e. L\u2019heure pr\u00e9cise et l\u2019emplacement exact de la fuite sont connus. Vous intervenez directement au bon endroit pour corriger la source du probl\u00e8me, sans devoir perdre de temps \u00e0 localiser la fuite.<\/p>\n<p>CONTR\u00d4LE \u00c0 DISTANCE<br \/>\nGardez le contr\u00f4le, o\u00f9 que vous soyez.<br \/>\nVous \u00eates loin de votre domicile et avez oubli\u00e9 de fermer l\u2019entr\u00e9e d\u2019eau principale ? Gr\u00e2ce \u00e0 l\u2019application NOWA 360, vous contr\u00f4lez la fermeture et l\u2019ouverture de la valve principale \u00e0 distance. D\u00e9sactivez l\u2019eau au besoin, puis r\u00e9activez-la \u00e0 nouveau \u00e0 votre retour.<\/p>\n<p>UNE APPLICATION INTELLIGENTE<br \/>\nInterface \u00e9pur\u00e9e. Facile \u00e0 installer. Agr\u00e9able \u00e0 utiliser. L\u2019application vous simplifie la vie et vous donne le contr\u00f4le du bout des doigts. Elle est disponible gratuitement pour les syst\u00e8mes iOS et Android.<\/p>\n<p>AUTOTESTS INT\u00c9GR\u00c9S<br \/>\nToujours mis \u00e0 l\u2019\u00e9preuve. Toujours pr\u00eat !<br \/>\nLe syst\u00e8me g\u00e9n\u00e8re par lui-m\u00eame des autotests de routine r\u00e9guliers. Ainsi, la valve et tous les d\u00e9tecteurs, sans exception, sont op\u00e9rationnels au moment o\u00f9 \u00e7a compte vraiment.<\/p>\n<p>TEST DE D\u00c9TECTION QUOTIDIEN<br \/>\nLe panneau de contr\u00f4le lance un appel aux d\u00e9tecteurs pour v\u00e9rifier s\u2019ils sont bien pr\u00e9sents. \u00c0 la seconde o\u00f9 l\u2019un des d\u00e9tecteurs manque \u00e0 l\u2019appel, vous en \u00eates avis\u00e9, avec l\u2019identification pr\u00e9cise du d\u00e9tecteur fautif.<\/p>\n<p>TEST DE FERMETURE HEBDOMADAIRE<br \/>\nLe panneau de contr\u00f4le commande \u00e0 la valve \u00e9lectrique de proc\u00e9der \u00e0 un tour complet de la bille. Cette simple rotation garde cette derni\u00e8re d\u00e9gag\u00e9e de tout d\u00e9p\u00f4t accumul\u00e9, en plus de prolonger la vie de la valve \u00e0 plus de 100 ans d\u2019usage.<\/p>\n<p>ALERTE DE PILE FAIBLE<br \/>\nLe syst\u00e8me vous avise qu\u2019une pile est faible avant qu\u2019elle ne l\u00e2che. Les piles au lithium ultraperformantes int\u00e9gr\u00e9es offrent une dur\u00e9e de vie de 10 ans, un standard rarement \u00e9gal\u00e9.<\/p>\n<p>BIEN D\u2019AUTRES FONCTIONNALIT\u00c9S<br \/>\nD\u00e9tection du gel localis\u00e9<br \/>\nLa sonde int\u00e9gr\u00e9e au d\u00e9tecteur NOWA 360 resserre la surveillance des zones de gel partout o\u00f9 vous le souhaitez. Vous \u00eates notifi\u00e9 d\u2019un risque de gel aussit\u00f4t que la temp\u00e9rature ambiante s\u2019abaisse au-dessous de 5 \u00b0C (41 \u00b0F).<\/p>\n<p>D\u00e9tection \u00e9tendue<br \/>\nLes d\u00e9tecteurs mini et p\u00e9rim\u00e8tre accroissent la superficie de d\u00e9tection dans certaines zones plus difficiles. Vous pouvez, entre autres, couvrir toute la circonf\u00e9rence d\u2019un chauffe-eau en d\u00e9tection rapproch\u00e9e.<\/p>\n<p>Que l\u2019eau, pas l\u2019humidit\u00e9<br \/>\nLes p\u00f4les de contact d\u00e9tectent l\u2019eau et non les variations d\u2019humidit\u00e9 normales dans une maison ou un b\u00e2timent commercial. Vous n\u2019avez pas \u00e0 g\u00e9rer une fermeture inutile de la valve.<\/p>\n<p>Protection anti-oxydation<br \/>\nLe placage en or pr\u00e9vient l\u2019oxydation des p\u00f4les de contact. La d\u00e9tection de l\u2019eau demeure toujours aussi efficace, m\u00eame apr\u00e8s plusieurs ann\u00e9es dans une zone particuli\u00e8rement humide du b\u00e2timent.<\/p>\n","protected":false},"excerpt":{"rendered":"<p>Le syst\u00e8me NOWA 360 est toujours en fonction. Qu\u2019une fuite d\u2019eau survienne maintenant ou dans 10 ans, elle sera vite contr\u00f4l\u00e9e. Soyez rassur\u00e9. PANNEAU DE CONTR\u00d4LE Le cerveau de l&#8217;\u00e9quipe Le panneau de contr\u00f4le sans fil NOWA 360 est con\u00e7u pour pr\u00e9venir les dommages caus\u00e9s par l\u2019eau en activant la valve \u00e9lectrique d\u00e8s la d\u00e9tection [&hellip;]<\/p>\n","protected":false},"featured_media":4066,"template":"","meta":{"inline_featured_image":false},"product_brand":[273],"product_cat":[97,271],"product_tag":[],"class_list":{"0":"post-4049","1":"product","2":"type-product","3":"status-publish","4":"has-post-thumbnail","6":"product_brand-nowa","7":"product_cat-plomberie-gaz","8":"product_cat-securite-prevention-de-fuite","10":"first","11":"instock","12":"taxable","13":"shipping-taxable","14":"product-type-simple"},"yoast_head":"<!-- This site is optimized with the Yoast SEO Premium plugin v24.2 (Yoast SEO v24.2) - https:\/\/yoast.com\/wordpress\/plugins\/seo\/ -->\n<title>D\u00e9tecteur de Fuites d&#039;eau Nowa 360 - Groupe BelleFlamme<\/title>\n<meta name=\"description\" content=\"D\u00e9tecteur de Fuites d&#039;eau Nowa 360 vendu et install\u00e9 par le Groupe Belleflamme. Laval, Montr\u00e9al, Gatineau, Drummondville et Saint-Sauveur.\" \/>\n<meta name=\"robots\" content=\"index, follow, max-snippet:-1, max-image-preview:large, max-video-preview:-1\" \/>\n<link rel=\"canonical\" href=\"https:\/\/staging.belleflamme.ca\/fr\/produit\/detecteur-de-fuites-deau-nowa-360\/\" \/>\n<meta property=\"og:locale\" content=\"fr_FR\" \/>\n<meta property=\"og:type\" content=\"article\" \/>\n<meta property=\"og:title\" content=\"D\u00e9tecteur de Fuites d&#039;eau Nowa 360\" \/>\n<meta property=\"og:description\" content=\"D\u00e9tecteur de Fuites d&#039;eau Nowa 360 vendu et install\u00e9 par le Groupe Belleflamme. Laval, Montr\u00e9al, Gatineau, Drummondville et Saint-Sauveur.\" \/>\n<meta property=\"og:url\" content=\"https:\/\/staging.belleflamme.ca\/fr\/produit\/detecteur-de-fuites-deau-nowa-360\/\" \/>\n<meta property=\"og:site_name\" content=\"Groupe BelleFlamme\" \/>\n<meta property=\"article:publisher\" content=\"https:\/\/www.facebook.com\/belleflamme.ca\/\" \/>\n<meta property=\"article:modified_time\" content=\"2023-03-13T22:28:04+00:00\" \/>\n<meta property=\"og:image\" content=\"https:\/\/www.belleflamme.ca\/wp-content\/uploads\/2023\/02\/nowa360-2.webp\" \/>\n\t<meta property=\"og:image:width\" content=\"1000\" \/>\n\t<meta property=\"og:image:height\" content=\"1000\" \/>\n\t<meta property=\"og:image:type\" content=\"image\/webp\" \/>\n<meta name=\"twitter:card\" content=\"summary_large_image\" \/>\n<meta name=\"twitter:label1\" content=\"Prix\" \/>\n\t<meta name=\"twitter:data1\" content=\"\" \/>\n\t<meta name=\"twitter:label2\" content=\"Disponibilit\u00e9\" \/>\n\t<meta name=\"twitter:data2\" content=\"En stock\" \/>\n<script type=\"application\/ld+json\" class=\"yoast-schema-graph\">{\"@context\":\"https:\/\/schema.org\",\"@graph\":[{\"@type\":[\"WebPage\",\"ItemPage\"],\"@id\":\"https:\/\/staging.belleflamme.ca\/fr\/produit\/detecteur-de-fuites-deau-nowa-360\/\",\"url\":\"https:\/\/staging.belleflamme.ca\/fr\/produit\/detecteur-de-fuites-deau-nowa-360\/\",\"name\":\"D\u00e9tecteur de Fuites d'eau Nowa 360 - Groupe BelleFlamme\",\"isPartOf\":{\"@id\":\"https:\/\/www.belleflamme.ca\/fr\/#website\"},\"primaryImageOfPage\":{\"@id\":\"https:\/\/staging.belleflamme.ca\/fr\/produit\/detecteur-de-fuites-deau-nowa-360\/#primaryimage\"},\"image\":{\"@id\":\"https:\/\/staging.belleflamme.ca\/fr\/produit\/detecteur-de-fuites-deau-nowa-360\/#primaryimage\"},\"thumbnailUrl\":\"https:\/\/staging.belleflamme.ca\/wp-content\/uploads\/2023\/02\/nowa360-2.webp\",\"datePublished\":\"2023-02-14T16:59:55+00:00\",\"dateModified\":\"2023-03-13T22:28:04+00:00\",\"description\":\"D\u00e9tecteur de Fuites d'eau Nowa 360 [get_meta_en_fr]\",\"breadcrumb\":{\"@id\":\"https:\/\/staging.belleflamme.ca\/fr\/produit\/detecteur-de-fuites-deau-nowa-360\/#breadcrumb\"},\"inLanguage\":\"fr-FR\",\"potentialAction\":[{\"@type\":\"ReadAction\",\"target\":[\"https:\/\/staging.belleflamme.ca\/fr\/produit\/detecteur-de-fuites-deau-nowa-360\/\"]}]},{\"@type\":\"ImageObject\",\"inLanguage\":\"fr-FR\",\"@id\":\"https:\/\/staging.belleflamme.ca\/fr\/produit\/detecteur-de-fuites-deau-nowa-360\/#primaryimage\",\"url\":\"https:\/\/staging.belleflamme.ca\/wp-content\/uploads\/2023\/02\/nowa360-2.webp\",\"contentUrl\":\"https:\/\/staging.belleflamme.ca\/wp-content\/uploads\/2023\/02\/nowa360-2.webp\",\"width\":1000,\"height\":1000,\"caption\":\"nowa360\"},{\"@type\":\"BreadcrumbList\",\"@id\":\"https:\/\/staging.belleflamme.ca\/fr\/produit\/detecteur-de-fuites-deau-nowa-360\/#breadcrumb\",\"itemListElement\":[{\"@type\":\"ListItem\",\"position\":1,\"name\":\"Accueil\",\"item\":\"https:\/\/www.belleflamme.ca\/fr\/\"},{\"@type\":\"ListItem\",\"position\":2,\"name\":\"Boutique\",\"item\":\"https:\/\/www.belleflamme.ca\/fr\/boutique\/\"},{\"@type\":\"ListItem\",\"position\":3,\"name\":\"Plomberie &amp; Gaz\",\"item\":\"https:\/\/staging.belleflamme.ca\/fr\/categories\/plomberie-gaz\/\"},{\"@type\":\"ListItem\",\"position\":4,\"name\":\"S\u00e9curit\u00e9 Pr\u00e9vention de Fuite\",\"item\":\"https:\/\/staging.belleflamme.ca\/fr\/categories\/plomberie-gaz\/securite-prevention-de-fuite\/\"},{\"@type\":\"ListItem\",\"position\":5,\"name\":\"D\u00e9tecteur de Fuites d&rsquo;eau Nowa 360\"}]},{\"@type\":\"WebSite\",\"@id\":\"https:\/\/www.belleflamme.ca\/fr\/#website\",\"url\":\"https:\/\/www.belleflamme.ca\/fr\/\",\"name\":\"Groupe Belleflamme\",\"description\":\"La m\u00e9canique du b\u00e2timent dans le sang.\",\"publisher\":{\"@id\":\"https:\/\/www.belleflamme.ca\/fr\/#organization\"},\"potentialAction\":[{\"@type\":\"SearchAction\",\"target\":{\"@type\":\"EntryPoint\",\"urlTemplate\":\"https:\/\/www.belleflamme.ca\/fr\/?s={search_term_string}\"},\"query-input\":{\"@type\":\"PropertyValueSpecification\",\"valueRequired\":true,\"valueName\":\"search_term_string\"}}],\"inLanguage\":\"fr-FR\"},{\"@type\":[\"Organization\",\"Place\"],\"@id\":\"https:\/\/www.belleflamme.ca\/fr\/#organization\",\"name\":\"Groupe Belleflamme\",\"alternateName\":\"Belleflamme\",\"url\":\"https:\/\/www.belleflamme.ca\/fr\/\",\"logo\":{\"@type\":\"ImageObject\",\"inLanguage\":\"fr-FR\",\"@id\":\"https:\/\/www.belleflamme.ca\/fr\/#\/schema\/logo\/image\/\",\"url\":\"https:\/\/staging.belleflamme.ca\/wp-content\/uploads\/2023\/01\/og-image.jpg\",\"contentUrl\":\"https:\/\/staging.belleflamme.ca\/wp-content\/uploads\/2023\/01\/og-image.jpg\",\"width\":1200,\"height\":630,\"caption\":\"Groupe Belleflamme\"},\"image\":{\"@id\":\"https:\/\/www.belleflamme.ca\/fr\/#\/schema\/logo\/image\/\"},\"sameAs\":[\"https:\/\/www.facebook.com\/belleflamme.ca\/\",\"https:\/\/www.linkedin.com\/company\/belleflamme\/\",\"https:\/\/www.pinterest.ca\/groupebelleflamme\/\",\"https:\/\/www.instagram.com\/legroupebelleflamme\/\"],\"mainEntityOfPage\":{\"@id\":\"https:\/\/staging.belleflamme.ca\/fr\/produit\/detecteur-de-fuites-deau-nowa-360\/\"}}]}<\/script>\n<meta property=\"product:brand\" content=\"Nowa\" \/>\n<meta property=\"product:price:amount\" content=\"0.00\" \/>\n<meta property=\"product:price:currency\" content=\"CAD\" \/>\n<meta property=\"og:availability\" content=\"instock\" \/>\n<meta property=\"product:availability\" content=\"instock\" \/>\n<meta property=\"product:condition\" content=\"new\" \/>\n<!-- \/ Yoast SEO Premium plugin. -->","yoast_head_json":{"title":"D\u00e9tecteur de Fuites d'eau Nowa 360 - Groupe BelleFlamme","description":"D\u00e9tecteur de Fuites d'eau Nowa 360 vendu et install\u00e9 par le Groupe Belleflamme. Laval, Montr\u00e9al, Gatineau, Drummondville et Saint-Sauveur.","robots":{"index":"index","follow":"follow","max-snippet":"max-snippet:-1","max-image-preview":"max-image-preview:large","max-video-preview":"max-video-preview:-1"},"canonical":"https:\/\/staging.belleflamme.ca\/fr\/produit\/detecteur-de-fuites-deau-nowa-360\/","og_locale":"fr_FR","og_type":"article","og_title":"D\u00e9tecteur de Fuites d'eau Nowa 360","og_description":"D\u00e9tecteur de Fuites d'eau Nowa 360 vendu et install\u00e9 par le Groupe Belleflamme. Laval, Montr\u00e9al, Gatineau, Drummondville et Saint-Sauveur.","og_url":"https:\/\/staging.belleflamme.ca\/fr\/produit\/detecteur-de-fuites-deau-nowa-360\/","og_site_name":"Groupe BelleFlamme","article_publisher":"https:\/\/www.facebook.com\/belleflamme.ca\/","article_modified_time":"2023-03-13T22:28:04+00:00","og_image":[{"width":1000,"height":1000,"url":"https:\/\/www.belleflamme.ca\/wp-content\/uploads\/2023\/02\/nowa360-2.webp","type":"image\/webp"}],"twitter_card":"summary_large_image","twitter_misc":{"Prix":"","Disponibilit\u00e9":"En stock"},"schema":{"@context":"https:\/\/schema.org","@graph":[{"@type":["WebPage","ItemPage"],"@id":"https:\/\/staging.belleflamme.ca\/fr\/produit\/detecteur-de-fuites-deau-nowa-360\/","url":"https:\/\/staging.belleflamme.ca\/fr\/produit\/detecteur-de-fuites-deau-nowa-360\/","name":"D\u00e9tecteur de Fuites d'eau Nowa 360 - Groupe BelleFlamme","isPartOf":{"@id":"https:\/\/www.belleflamme.ca\/fr\/#website"},"primaryImageOfPage":{"@id":"https:\/\/staging.belleflamme.ca\/fr\/produit\/detecteur-de-fuites-deau-nowa-360\/#primaryimage"},"image":{"@id":"https:\/\/staging.belleflamme.ca\/fr\/produit\/detecteur-de-fuites-deau-nowa-360\/#primaryimage"},"thumbnailUrl":"https:\/\/staging.belleflamme.ca\/wp-content\/uploads\/2023\/02\/nowa360-2.webp","datePublished":"2023-02-14T16:59:55+00:00","dateModified":"2023-03-13T22:28:04+00:00","description":"D\u00e9tecteur de Fuites d'eau Nowa 360 [get_meta_en_fr]","breadcrumb":{"@id":"https:\/\/staging.belleflamme.ca\/fr\/produit\/detecteur-de-fuites-deau-nowa-360\/#breadcrumb"},"inLanguage":"fr-FR","potentialAction":[{"@type":"ReadAction","target":["https:\/\/staging.belleflamme.ca\/fr\/produit\/detecteur-de-fuites-deau-nowa-360\/"]}]},{"@type":"ImageObject","inLanguage":"fr-FR","@id":"https:\/\/staging.belleflamme.ca\/fr\/produit\/detecteur-de-fuites-deau-nowa-360\/#primaryimage","url":"https:\/\/staging.belleflamme.ca\/wp-content\/uploads\/2023\/02\/nowa360-2.webp","contentUrl":"https:\/\/staging.belleflamme.ca\/wp-content\/uploads\/2023\/02\/nowa360-2.webp","width":1000,"height":1000,"caption":"nowa360"},{"@type":"BreadcrumbList","@id":"https:\/\/staging.belleflamme.ca\/fr\/produit\/detecteur-de-fuites-deau-nowa-360\/#breadcrumb","itemListElement":[{"@type":"ListItem","position":1,"name":"Accueil","item":"https:\/\/www.belleflamme.ca\/fr\/"},{"@type":"ListItem","position":2,"name":"Boutique","item":"https:\/\/www.belleflamme.ca\/fr\/boutique\/"},{"@type":"ListItem","position":3,"name":"Plomberie &amp; Gaz","item":"https:\/\/staging.belleflamme.ca\/fr\/categories\/plomberie-gaz\/"},{"@type":"ListItem","position":4,"name":"S\u00e9curit\u00e9 Pr\u00e9vention de Fuite","item":"https:\/\/staging.belleflamme.ca\/fr\/categories\/plomberie-gaz\/securite-prevention-de-fuite\/"},{"@type":"ListItem","position":5,"name":"D\u00e9tecteur de Fuites d&rsquo;eau Nowa 360"}]},{"@type":"WebSite","@id":"https:\/\/www.belleflamme.ca\/fr\/#website","url":"https:\/\/www.belleflamme.ca\/fr\/","name":"Groupe Belleflamme","description":"La m\u00e9canique du b\u00e2timent dans le sang.","publisher":{"@id":"https:\/\/www.belleflamme.ca\/fr\/#organization"},"potentialAction":[{"@type":"SearchAction","target":{"@type":"EntryPoint","urlTemplate":"https:\/\/www.belleflamme.ca\/fr\/?s={search_term_string}"},"query-input":{"@type":"PropertyValueSpecification","valueRequired":true,"valueName":"search_term_string"}}],"inLanguage":"fr-FR"},{"@type":["Organization","Place"],"@id":"https:\/\/www.belleflamme.ca\/fr\/#organization","name":"Groupe Belleflamme","alternateName":"Belleflamme","url":"https:\/\/www.belleflamme.ca\/fr\/","logo":{"@type":"ImageObject","inLanguage":"fr-FR","@id":"https:\/\/www.belleflamme.ca\/fr\/#\/schema\/logo\/image\/","url":"https:\/\/staging.belleflamme.ca\/wp-content\/uploads\/2023\/01\/og-image.jpg","contentUrl":"https:\/\/staging.belleflamme.ca\/wp-content\/uploads\/2023\/01\/og-image.jpg","width":1200,"height":630,"caption":"Groupe Belleflamme"},"image":{"@id":"https:\/\/www.belleflamme.ca\/fr\/#\/schema\/logo\/image\/"},"sameAs":["https:\/\/www.facebook.com\/belleflamme.ca\/","https:\/\/www.linkedin.com\/company\/belleflamme\/","https:\/\/www.pinterest.ca\/groupebelleflamme\/","https:\/\/www.instagram.com\/legroupebelleflamme\/"],"mainEntityOfPage":{"@id":"https:\/\/staging.belleflamme.ca\/fr\/produit\/detecteur-de-fuites-deau-nowa-360\/"}}]},"product_brand":"Nowa","product_price_amount":"0.00","product_price_currency":"CAD","og_availability":"instock","product_availability":"instock","product_condition":"new"},"_links":{"self":[{"href":"https:\/\/staging.belleflamme.ca\/fr\/wp-json\/wp\/v2\/product\/4049","targetHints":{"allow":["GET"]}}],"collection":[{"href":"https:\/\/staging.belleflamme.ca\/fr\/wp-json\/wp\/v2\/product"}],"about":[{"href":"https:\/\/staging.belleflamme.ca\/fr\/wp-json\/wp\/v2\/types\/product"}],"version-history":[{"count":3,"href":"https:\/\/staging.belleflamme.ca\/fr\/wp-json\/wp\/v2\/product\/4049\/revisions"}],"predecessor-version":[{"id":4070,"href":"https:\/\/staging.belleflamme.ca\/fr\/wp-json\/wp\/v2\/product\/4049\/revisions\/4070"}],"wp:featuredmedia":[{"embeddable":true,"href":"https:\/\/staging.belleflamme.ca\/fr\/wp-json\/wp\/v2\/media\/4066"}],"wp:attachment":[{"href":"https:\/\/staging.belleflamme.ca\/fr\/wp-json\/wp\/v2\/media?parent=4049"}],"wp:term":[{"taxonomy":"product_brand","embeddable":true,"href":"https:\/\/staging.belleflamme.ca\/fr\/wp-json\/wp\/v2\/product_brand?post=4049"},{"taxonomy":"product_cat","embeddable":true,"href":"https:\/\/staging.belleflamme.ca\/fr\/wp-json\/wp\/v2\/product_cat?post=4049"},{"taxonomy":"product_tag","embeddable":true,"href":"https:\/\/staging.belleflamme.ca\/fr\/wp-json\/wp\/v2\/product_tag?post=4049"}],"curies":[{"name":"wp","href":"https:\/\/api.w.org\/{rel}","templated":true}]}}