{"id":40386,"date":"2024-06-10T13:45:16","date_gmt":"2024-06-10T17:45:16","guid":{"rendered":"https:\/\/www.belleflamme.ca\/?post_type=product&#038;p=40386"},"modified":"2025-05-09T08:30:07","modified_gmt":"2025-05-09T12:30:07","slug":"poele-au-bois-heritage-de-hearthstone","status":"publish","type":"product","link":"https:\/\/staging.belleflamme.ca\/fr\/produit\/poele-au-bois-heritage-de-hearthstone\/","title":{"rendered":"Po\u00eale au bois Heritage de Hearthstone"},"content":{"rendered":"\t\t<div data-elementor-type=\"product-post\" data-elementor-id=\"40386\" class=\"elementor elementor-40386\" data-elementor-post-type=\"product\">\n\t\t\t\t\t\t<section class=\"elementor-section elementor-top-section elementor-element elementor-element-710d27ae elementor-section-boxed elementor-section-height-default elementor-section-height-default\" data-id=\"710d27ae\" data-element_type=\"section\">\n\t\t\t\t\t\t<div class=\"elementor-container elementor-column-gap-default\">\n\t\t\t\t\t<div class=\"elementor-column elementor-col-100 elementor-top-column elementor-element elementor-element-3e33c9af\" data-id=\"3e33c9af\" data-element_type=\"column\">\n\t\t\t<div class=\"elementor-widget-wrap elementor-element-populated\">\n\t\t\t\t\t\t<div class=\"elementor-element elementor-element-593d5348 elementor-widget elementor-widget-text-editor\" data-id=\"593d5348\" data-element_type=\"widget\" data-widget_type=\"text-editor.default\">\n\t\t\t\t<div class=\"elementor-widget-container\">\n\t\t\t\t\t\t\t\t\tL&#8217;Heritage est le po\u00eale HearthStone par excellence. C&#8217;est \u00e9galement notre po\u00eale \u00e0 combustion le plus propre, certifi\u00e9 EPA \u00e0 seulement 0,54 g\/h.\r\n<h2 class=\"wp-block-heading\"><span>Caract\u00e9ristiques<\/span><\/h2>\r\n<h3 class=\"wp-block-heading\"><span>TruHybrid\u2122 Propre<\/span><\/h3>\r\n<span>Avec seulement 0,54 g\/h d&#8217;\u00e9missions de particules, l&#8217;Heritage est notre po\u00eale \u00e0 combustion le plus propre gr\u00e2ce au syst\u00e8me TruHybrid\u2122.<\/span>\r\n<h3 class=\"wp-block-heading\"><span>Fonctionnalit\u00e9s pratiques<\/span><\/h3>\r\n<span>Chargez votre foyer par la porte lat\u00e9rale et utilisez le cendrier en option pour vous aider \u00e0 garder votre foyer propre et bien rang\u00e9.<\/span>\r\n<h3 class=\"wp-block-heading\"><span>Construction en st\u00e9atite + fonte<\/span><\/h3>\r\n<span>La construction enti\u00e8rement en fonte avec doublure en pierre ollaire de 1\u00bc&#8221; offre une chaleur confortable et durable et une dur\u00e9e de vie de service sans probl\u00e8me.<\/span>\r\n<h2 class=\"wp-block-heading\"><span>TruHybrid\u00a0<\/span><strong><span>\u2122<\/span><\/strong><\/h2>\r\n<h3 class=\"wp-block-heading\"><span>Syst\u00e8mes de combustion ultra propres<\/span><\/h3>\r\n<span>Tous nos po\u00eales \u00e0 bois d\u00e9passent les normes EPA 2020, vous pouvez donc \u00eatre s\u00fbr qu&#8217;ils br\u00fblent proprement aujourd&#8217;hui et pendant de nombreuses ann\u00e9es \u00e0 venir.<\/span>\r\n\r\n<span>Nos po\u00eales TruHybrid\u00a0<\/span><strong><span>\u2122<\/span><\/strong><span>\u00a0br\u00fblent proprement et efficacement avant et apr\u00e8s l&#8217;activation du catalyseur. Le syst\u00e8me combine une combustion primaire et secondaire avec une combustion tertiaire \u00e0 l\u2019aide d\u2019un catalyseur pour \u00e9liminer les particules de fum\u00e9e et les gaz non br\u00fbl\u00e9s.<\/span>\r\n<div class=\"attribute spec-attribute d-flex flex-column\">\r\n<div class=\"spec-attribute-inner text-left\">\r\n<h2 class=\"section-title\" role=\"heading\" aria-level=\"4\"><span>Caract\u00e9ristiques<\/span><\/h2>\r\n<p class=\"spec-item\"><span class=\"spec-item-label\"><span>Bac \u00e0 cendres\u00a0:<\/span><\/span><span>\u00a0facultatif<\/span><\/p>\r\n<p class=\"spec-item\"><span class=\"spec-item-label\"><span>BTU\u00a0:<\/span><\/span><span>\u00a0jusqu&#8217;\u00e0 60\u00a0000<\/span><\/p>\r\n<p class=\"spec-item\"><span class=\"spec-item-label\"><span>Rendement :<\/span><\/span><span>\u00a077% PCS<\/span><\/p>\r\n<p class=\"spec-item\"><span class=\"spec-item-label\"><span>Certifi\u00e9 EPA\u00a0:<\/span><\/span><span>\u00a00,54 g\/h<\/span><\/p>\r\n<p class=\"spec-item\"><span class=\"spec-item-label\"><span>Finition\u00a0:<\/span><\/span><span>\u00a0\u00c9mail noir, \u00c9mail brun, Noir mat, \u00c9mail \u00e9cume de mer<\/span><\/p>\r\n<p class=\"spec-item\"><span class=\"spec-item-label\"><span>Capacit\u00e9 du foyer\u00a0:<\/span><\/span><span>\u00a02,2 pieds cubes<\/span><\/p>\r\n<p class=\"spec-item\"><span class=\"spec-item-label\"><span>Diam\u00e8tre de sortie du conduit de fum\u00e9e\u00a0:<\/span><\/span><span>\u00a06<\/span><\/p>\r\n<p class=\"spec-item\"><span class=\"spec-item-label\"><span>Emplacement de sortie du conduit de fum\u00e9e\u00a0:<\/span><\/span><span>\u00a0sup\u00e9rieur ou arri\u00e8re<\/span><\/p>\r\n<p class=\"spec-item\"><span class=\"spec-item-label\"><span>HeatLife\u00a0:<\/span><\/span><span>\u00a025 heures de chaleur<\/span><\/p>\r\n<p class=\"spec-item\"><span class=\"spec-item-label\"><span>Chauffe jusqu&#8217;\u00e0\u00a0:<\/span><\/span><span>\u00a02 000 pieds carr\u00e9s<\/span><\/p>\r\n<p class=\"spec-item\"><span class=\"spec-item-label\"><span>Longueur maximale des b\u00fbches\u00a0:<\/span><\/span><span>\u00a021\u2033<\/span><\/p>\r\n<p class=\"spec-item\"><span class=\"spec-item-label\"><span>Mod\u00e8le :<\/span><\/span><span>\u00a08024<\/span><\/p>\r\n<p class=\"spec-item\"><span class=\"spec-item-label\"><span>Porte de chargement lat\u00e9rale\u00a0:<\/span><\/span><span>\u00a0gauche, droite<\/span><\/p>\r\n<p class=\"spec-item\"><span class=\"spec-item-label\"><span>Type de po\u00eale :<\/span><\/span><span>\u00a0Po\u00eale \u00e0 bois en st\u00e9atite<\/span><\/p>\r\n<p class=\"spec-item\"><span class=\"spec-item-label\"><span>Poids :<\/span><\/span><span>\u00a0535<\/span><\/p>\r\n\r\n<\/div>\r\n<\/div>\r\n<div class=\"attribute spec-attribute d-flex flex-column\">\r\n<div class=\"spec-attribute-inner text-left\">\r\n<h3 class=\"section-title\"><span>Accessoires<\/span><\/h3>\r\n<span>Bac \u00e0 cendres\u00a0:\u00a0<\/span><span>90-54240<\/span>\r\n\r\n<span>Bouclier thermique arri\u00e8re\u00a0:\u00a0<\/span><span>90-68210<\/span>\r\n\r\n<span>Souffleur de convection\u00a0:\u00a0<\/span><span>90-57210<\/span>\r\n\r\n<span>Adaptateur pour air ext\u00e9rieur\u00a0:\u00a0<\/span><span>90-53220<\/span>\r\n\r\n<span>Kit de serrure de porte lat\u00e9rale\u00a0:\u00a0<\/span><span>90-70210<\/span>\r\n\r\n<\/div>\r\n<\/div>\r\n<div class=\"attribute spec-attribute d-flex flex-column\">\r\n<div class=\"spec-attribute-inner text-left\">\r\n<p class=\"section-title\" role=\"heading\" aria-level=\"4\">D\u00e9gagements<\/p>\r\n\r\n<ul>\r\n \t<li>C\u00f4t\u00e9 : 16\u2033<\/li>\r\n \t<li>Arri\u00e8re : 16\u2033<\/li>\r\n \t<li>Coin\u00a0:\r\n<strong>\u00a0Tuyau de raccordement \u00e0 paroi simple de 8\u00a0\u2033, sans \u00e9cran thermique arri\u00e8re<\/strong><\/li>\r\n<\/ul>\r\n<ul>\r\n \t<li>C\u00f4t\u00e9 : 16\u2033<\/li>\r\n \t<li>Arri\u00e8re : 6\u2033<\/li>\r\n \t<li>Coin\u00a0:\r\n<strong>\u00a0Tuyau de raccordement \u00e0 double paroi de 8\u00a0\u2033 avec \u00e9cran thermique arri\u00e8re<\/strong><\/li>\r\n<\/ul>\r\n<h2 class=\"wp-block-heading\"><span>Nos mat\u00e9riaux<\/span><\/h2>\r\n<span>Chaque HearthStone est fabriqu\u00e9 \u00e0 la main en utilisant une combinaison de composants fabriqu\u00e9s avec pr\u00e9cision en fonte, st\u00e9atite, acier, c\u00e9ramique et divers autres mat\u00e9riaux. Notre engagement envers la qualit\u00e9 et notre souci du d\u00e9tail garantissent que votre produit vous servira fid\u00e8lement pendant des ann\u00e9es.<\/span>\r\n\r\n<\/div>\r\n<h3>Finis disponibles<\/h3>\r\n<div class=\"spec-attribute-inner text-left\">\r\n\r\n<img fetchpriority=\"high\" decoding=\"async\" class=\"alignnone size-full wp-image-40397\" src=\"https:\/\/www.belleflamme.ca\/wp-content\/uploads\/2024\/06\/2024-06-10-13_44_33-Heritage-Poeles-HearthStone.png\" alt=\"\" width=\"345\" height=\"377\" srcset=\"https:\/\/staging.belleflamme.ca\/wp-content\/uploads\/2024\/06\/2024-06-10-13_44_33-Heritage-Poeles-HearthStone.png 345w, https:\/\/staging.belleflamme.ca\/wp-content\/uploads\/2024\/06\/2024-06-10-13_44_33-Heritage-Poeles-HearthStone-275x300.png 275w\" sizes=\"(max-width: 345px) 100vw, 345px\" \/>\r\n\r\n<\/div>\r\n<\/div>\t\t\t\t\t\t\t\t<\/div>\n\t\t\t\t<\/div>\n\t\t\t\t\t<\/div>\n\t\t<\/div>\n\t\t\t\t\t<\/div>\n\t\t<\/section>\n\t\t\t\t<section class=\"elementor-section elementor-top-section elementor-element elementor-element-b4e83d8 elementor-section-boxed elementor-section-height-default elementor-section-height-default\" data-id=\"b4e83d8\" data-element_type=\"section\">\n\t\t\t\t\t\t<div class=\"elementor-container elementor-column-gap-default\">\n\t\t\t\t\t<div class=\"elementor-column elementor-col-100 elementor-top-column elementor-element elementor-element-867d3a2\" data-id=\"867d3a2\" data-element_type=\"column\">\n\t\t\t<div class=\"elementor-widget-wrap elementor-element-populated\">\n\t\t\t\t\t\t<div class=\"elementor-element elementor-element-c947e0b elementor-tabs-view-horizontal elementor-widget elementor-widget-tabs\" data-id=\"c947e0b\" data-element_type=\"widget\" data-widget_type=\"tabs.default\">\n\t\t\t\t<div class=\"elementor-widget-container\">\n\t\t\t\t\t\t\t<div class=\"elementor-tabs\">\n\t\t\t<div class=\"elementor-tabs-wrapper\" role=\"tablist\" >\n\t\t\t\t\t\t\t\t\t<div id=\"elementor-tab-title-2111\" class=\"elementor-tab-title elementor-tab-desktop-title\" aria-selected=\"true\" data-tab=\"1\" role=\"tab\" tabindex=\"0\" aria-controls=\"elementor-tab-content-2111\" aria-expanded=\"false\">Fichiers<\/div>\n\t\t\t\t\t\t\t<\/div>\n\t\t\t<div class=\"elementor-tabs-content-wrapper\" role=\"tablist\" aria-orientation=\"vertical\">\n\t\t\t\t\t\t\t\t\t<div class=\"elementor-tab-title elementor-tab-mobile-title\" aria-selected=\"true\" data-tab=\"1\" role=\"tab\" tabindex=\"0\" aria-controls=\"elementor-tab-content-2111\" aria-expanded=\"false\">Fichiers<\/div>\n\t\t\t\t\t<div id=\"elementor-tab-content-2111\" class=\"elementor-tab-content elementor-clearfix\" data-tab=\"1\" role=\"tabpanel\" aria-labelledby=\"elementor-tab-title-2111\" tabindex=\"0\" hidden=\"false\"><i class=\"far fa-file-pdf fa-xl\" style=\"font-size:35px\"><\/i><a href=\"https:\/\/www.belleflamme.ca\/wp-content\/uploads\/2024\/06\/220411_Sales-sheets_Heritage8024.pdf\"> Brochure<\/a><\/br>\n<i class=\"far fa-file-pdf fa-xl\" style=\"font-size:35px\"><\/i><a href=\"https:\/\/www.belleflamme.ca\/wp-content\/uploads\/2024\/06\/hearthstone-heritage-iv-8024-owners-manual.pdf\"> Manuel<\/a><\/br><\/div>\n\t\t\t\t\t\t\t<\/div>\n\t\t<\/div>\n\t\t\t\t\t\t<\/div>\n\t\t\t\t<\/div>\n\t\t\t\t\t<\/div>\n\t\t<\/div>\n\t\t\t\t\t<\/div>\n\t\t<\/section>\n\t\t\t\t<\/div>\n\t\t","protected":false},"excerpt":{"rendered":"<p>L&#8217;Heritage est le po\u00eale HearthStone par excellence. C&#8217;est \u00e9galement notre po\u00eale \u00e0 combustion le plus propre, certifi\u00e9 EPA \u00e0 seulement 0,54 g\/h. Caract\u00e9ristiques TruHybrid\u2122 Propre Avec seulement 0,54 g\/h d&#8217;\u00e9missions de particules, l&#8217;Heritage est notre po\u00eale \u00e0 combustion le plus propre gr\u00e2ce au syst\u00e8me TruHybrid\u2122. Fonctionnalit\u00e9s pratiques Chargez votre foyer par la porte lat\u00e9rale et [&hellip;]<\/p>\n","protected":false},"featured_media":40387,"template":"","meta":{"inline_featured_image":false},"product_brand":[1637],"product_cat":[197,33,34],"product_tag":[],"class_list":{"0":"post-40386","1":"product","2":"type-product","3":"status-publish","4":"has-post-thumbnail","6":"product_brand-hearthstone","7":"product_cat-poele-au-bois","8":"product_cat-poeles-et-foyers","9":"product_cat-poeles-et-foyers-au-bois","11":"first","12":"instock","13":"taxable","14":"shipping-taxable","15":"purchasable","16":"product-type-variable"},"yoast_head":"<!-- This site is optimized with the Yoast SEO Premium plugin v24.2 (Yoast SEO v24.2) - https:\/\/yoast.com\/wordpress\/plugins\/seo\/ -->\n<title>Po\u00eale au bois Heritage de Hearthstone - Groupe BelleFlamme<\/title>\n<meta name=\"description\" content=\"Po\u00eale au bois Heritage de Hearthstone vendu et install\u00e9 par le Groupe Belleflamme. Laval, Montr\u00e9al, Gatineau et Saint-Sauveur.\" \/>\n<meta name=\"robots\" content=\"index, follow, max-snippet:-1, max-image-preview:large, max-video-preview:-1\" \/>\n<link rel=\"canonical\" href=\"https:\/\/staging.belleflamme.ca\/fr\/produit\/poele-au-bois-heritage-de-hearthstone\/\" \/>\n<meta property=\"og:locale\" content=\"fr_FR\" \/>\n<meta property=\"og:type\" content=\"article\" \/>\n<meta property=\"og:title\" content=\"Po\u00eale au bois Heritage de Hearthstone\" \/>\n<meta property=\"og:description\" content=\"Po\u00eale au bois Heritage de Hearthstone vendu et install\u00e9 par le Groupe Belleflamme. Laval, Montr\u00e9al, Gatineau et Saint-Sauveur.\" \/>\n<meta property=\"og:url\" content=\"https:\/\/staging.belleflamme.ca\/fr\/produit\/poele-au-bois-heritage-de-hearthstone\/\" \/>\n<meta property=\"og:site_name\" content=\"Groupe BelleFlamme\" \/>\n<meta property=\"article:publisher\" content=\"https:\/\/www.facebook.com\/belleflamme.ca\/\" \/>\n<meta property=\"article:modified_time\" content=\"2025-05-09T12:30:07+00:00\" \/>\n<meta property=\"og:image\" content=\"https:\/\/www.belleflamme.ca\/wp-content\/uploads\/2024\/06\/Poele-au-bois-Heritage-de-Hearthstone.jpg\" \/>\n\t<meta property=\"og:image:width\" content=\"995\" \/>\n\t<meta property=\"og:image:height\" content=\"1008\" \/>\n\t<meta property=\"og:image:type\" content=\"image\/jpeg\" \/>\n<meta name=\"twitter:card\" content=\"summary_large_image\" \/>\n<meta name=\"twitter:label1\" content=\"Disponibilit\u00e9\" \/>\n\t<meta name=\"twitter:data1\" content=\"En stock\" \/>\n<script type=\"application\/ld+json\" class=\"yoast-schema-graph\">{\"@context\":\"https:\/\/schema.org\",\"@graph\":[{\"@type\":[\"WebPage\",\"ItemPage\"],\"@id\":\"https:\/\/staging.belleflamme.ca\/fr\/produit\/poele-au-bois-heritage-de-hearthstone\/\",\"url\":\"https:\/\/staging.belleflamme.ca\/fr\/produit\/poele-au-bois-heritage-de-hearthstone\/\",\"name\":\"Po\u00eale au bois Heritage de Hearthstone - Groupe BelleFlamme\",\"isPartOf\":{\"@id\":\"https:\/\/www.belleflamme.ca\/fr\/#website\"},\"primaryImageOfPage\":{\"@id\":\"https:\/\/staging.belleflamme.ca\/fr\/produit\/poele-au-bois-heritage-de-hearthstone\/#primaryimage\"},\"image\":{\"@id\":\"https:\/\/staging.belleflamme.ca\/fr\/produit\/poele-au-bois-heritage-de-hearthstone\/#primaryimage\"},\"thumbnailUrl\":\"https:\/\/staging.belleflamme.ca\/wp-content\/uploads\/2024\/06\/Poele-au-bois-Heritage-de-Hearthstone.jpg\",\"datePublished\":\"2024-06-10T17:45:16+00:00\",\"dateModified\":\"2025-05-09T12:30:07+00:00\",\"description\":\"Po\u00eale au bois Heritage de Hearthstone vendu et install\u00e9 par le Groupe Belleflamme. Laval, Montr\u00e9al, Gatineau et Saint-Sauveur.\",\"breadcrumb\":{\"@id\":\"https:\/\/staging.belleflamme.ca\/fr\/produit\/poele-au-bois-heritage-de-hearthstone\/#breadcrumb\"},\"inLanguage\":\"fr-FR\",\"potentialAction\":[{\"@type\":\"ReadAction\",\"target\":[\"https:\/\/staging.belleflamme.ca\/fr\/produit\/poele-au-bois-heritage-de-hearthstone\/\"]}]},{\"@type\":\"ImageObject\",\"inLanguage\":\"fr-FR\",\"@id\":\"https:\/\/staging.belleflamme.ca\/fr\/produit\/poele-au-bois-heritage-de-hearthstone\/#primaryimage\",\"url\":\"https:\/\/staging.belleflamme.ca\/wp-content\/uploads\/2024\/06\/Poele-au-bois-Heritage-de-Hearthstone.jpg\",\"contentUrl\":\"https:\/\/staging.belleflamme.ca\/wp-content\/uploads\/2024\/06\/Poele-au-bois-Heritage-de-Hearthstone.jpg\",\"width\":995,\"height\":1008,\"caption\":\"Po\u00eale au bois Heritage de Hearthstone\"},{\"@type\":\"BreadcrumbList\",\"@id\":\"https:\/\/staging.belleflamme.ca\/fr\/produit\/poele-au-bois-heritage-de-hearthstone\/#breadcrumb\",\"itemListElement\":[{\"@type\":\"ListItem\",\"position\":1,\"name\":\"Accueil\",\"item\":\"https:\/\/www.belleflamme.ca\/fr\/\"},{\"@type\":\"ListItem\",\"position\":2,\"name\":\"Boutique\",\"item\":\"https:\/\/www.belleflamme.ca\/fr\/boutique\/\"},{\"@type\":\"ListItem\",\"position\":3,\"name\":\"Po\u00eales &amp; Foyers\",\"item\":\"https:\/\/staging.belleflamme.ca\/fr\/categories\/poeles-et-foyers\/\"},{\"@type\":\"ListItem\",\"position\":4,\"name\":\"Po\u00eales &amp; Foyers au Bois\",\"item\":\"https:\/\/staging.belleflamme.ca\/fr\/categories\/poeles-et-foyers\/poeles-et-foyers-au-bois\/\"},{\"@type\":\"ListItem\",\"position\":5,\"name\":\"Po\u00eale au Bois\",\"item\":\"https:\/\/staging.belleflamme.ca\/fr\/categories\/poeles-et-foyers\/poeles-et-foyers-au-bois\/poele-au-bois\/\"},{\"@type\":\"ListItem\",\"position\":6,\"name\":\"Po\u00eale au bois Heritage de Hearthstone\"}]},{\"@type\":\"WebSite\",\"@id\":\"https:\/\/www.belleflamme.ca\/fr\/#website\",\"url\":\"https:\/\/www.belleflamme.ca\/fr\/\",\"name\":\"Groupe Belleflamme\",\"description\":\"La m\u00e9canique du b\u00e2timent dans le sang.\",\"publisher\":{\"@id\":\"https:\/\/www.belleflamme.ca\/fr\/#organization\"},\"potentialAction\":[{\"@type\":\"SearchAction\",\"target\":{\"@type\":\"EntryPoint\",\"urlTemplate\":\"https:\/\/www.belleflamme.ca\/fr\/?s={search_term_string}\"},\"query-input\":{\"@type\":\"PropertyValueSpecification\",\"valueRequired\":true,\"valueName\":\"search_term_string\"}}],\"inLanguage\":\"fr-FR\"},{\"@type\":[\"Organization\",\"Place\"],\"@id\":\"https:\/\/www.belleflamme.ca\/fr\/#organization\",\"name\":\"Groupe Belleflamme\",\"alternateName\":\"Belleflamme\",\"url\":\"https:\/\/www.belleflamme.ca\/fr\/\",\"logo\":{\"@type\":\"ImageObject\",\"inLanguage\":\"fr-FR\",\"@id\":\"https:\/\/www.belleflamme.ca\/fr\/#\/schema\/logo\/image\/\",\"url\":\"https:\/\/staging.belleflamme.ca\/wp-content\/uploads\/2023\/01\/og-image.jpg\",\"contentUrl\":\"https:\/\/staging.belleflamme.ca\/wp-content\/uploads\/2023\/01\/og-image.jpg\",\"width\":1200,\"height\":630,\"caption\":\"Groupe Belleflamme\"},\"image\":{\"@id\":\"https:\/\/www.belleflamme.ca\/fr\/#\/schema\/logo\/image\/\"},\"sameAs\":[\"https:\/\/www.facebook.com\/belleflamme.ca\/\",\"https:\/\/www.linkedin.com\/company\/belleflamme\/\",\"https:\/\/www.pinterest.ca\/groupebelleflamme\/\",\"https:\/\/www.instagram.com\/legroupebelleflamme\/\"],\"mainEntityOfPage\":{\"@id\":\"https:\/\/staging.belleflamme.ca\/fr\/produit\/poele-au-bois-heritage-de-hearthstone\/\"}}]}<\/script>\n<meta property=\"product:brand\" content=\"Hearthstone\" \/>\n<meta property=\"og:availability\" content=\"instock\" \/>\n<meta property=\"product:availability\" content=\"instock\" \/>\n<meta property=\"product:condition\" content=\"new\" \/>\n<!-- \/ Yoast SEO Premium plugin. -->","yoast_head_json":{"title":"Po\u00eale au bois Heritage de Hearthstone - Groupe BelleFlamme","description":"Po\u00eale au bois Heritage de Hearthstone vendu et install\u00e9 par le Groupe Belleflamme. Laval, Montr\u00e9al, Gatineau et Saint-Sauveur.","robots":{"index":"index","follow":"follow","max-snippet":"max-snippet:-1","max-image-preview":"max-image-preview:large","max-video-preview":"max-video-preview:-1"},"canonical":"https:\/\/staging.belleflamme.ca\/fr\/produit\/poele-au-bois-heritage-de-hearthstone\/","og_locale":"fr_FR","og_type":"article","og_title":"Po\u00eale au bois Heritage de Hearthstone","og_description":"Po\u00eale au bois Heritage de Hearthstone vendu et install\u00e9 par le Groupe Belleflamme. Laval, Montr\u00e9al, Gatineau et Saint-Sauveur.","og_url":"https:\/\/staging.belleflamme.ca\/fr\/produit\/poele-au-bois-heritage-de-hearthstone\/","og_site_name":"Groupe BelleFlamme","article_publisher":"https:\/\/www.facebook.com\/belleflamme.ca\/","article_modified_time":"2025-05-09T12:30:07+00:00","og_image":[{"width":995,"height":1008,"url":"https:\/\/www.belleflamme.ca\/wp-content\/uploads\/2024\/06\/Poele-au-bois-Heritage-de-Hearthstone.jpg","type":"image\/jpeg"}],"twitter_card":"summary_large_image","twitter_misc":{"Disponibilit\u00e9":"En stock"},"schema":{"@context":"https:\/\/schema.org","@graph":[{"@type":["WebPage","ItemPage"],"@id":"https:\/\/staging.belleflamme.ca\/fr\/produit\/poele-au-bois-heritage-de-hearthstone\/","url":"https:\/\/staging.belleflamme.ca\/fr\/produit\/poele-au-bois-heritage-de-hearthstone\/","name":"Po\u00eale au bois Heritage de Hearthstone - Groupe BelleFlamme","isPartOf":{"@id":"https:\/\/www.belleflamme.ca\/fr\/#website"},"primaryImageOfPage":{"@id":"https:\/\/staging.belleflamme.ca\/fr\/produit\/poele-au-bois-heritage-de-hearthstone\/#primaryimage"},"image":{"@id":"https:\/\/staging.belleflamme.ca\/fr\/produit\/poele-au-bois-heritage-de-hearthstone\/#primaryimage"},"thumbnailUrl":"https:\/\/staging.belleflamme.ca\/wp-content\/uploads\/2024\/06\/Poele-au-bois-Heritage-de-Hearthstone.jpg","datePublished":"2024-06-10T17:45:16+00:00","dateModified":"2025-05-09T12:30:07+00:00","description":"Po\u00eale au bois Heritage de Hearthstone vendu et install\u00e9 par le Groupe Belleflamme. Laval, Montr\u00e9al, Gatineau et Saint-Sauveur.","breadcrumb":{"@id":"https:\/\/staging.belleflamme.ca\/fr\/produit\/poele-au-bois-heritage-de-hearthstone\/#breadcrumb"},"inLanguage":"fr-FR","potentialAction":[{"@type":"ReadAction","target":["https:\/\/staging.belleflamme.ca\/fr\/produit\/poele-au-bois-heritage-de-hearthstone\/"]}]},{"@type":"ImageObject","inLanguage":"fr-FR","@id":"https:\/\/staging.belleflamme.ca\/fr\/produit\/poele-au-bois-heritage-de-hearthstone\/#primaryimage","url":"https:\/\/staging.belleflamme.ca\/wp-content\/uploads\/2024\/06\/Poele-au-bois-Heritage-de-Hearthstone.jpg","contentUrl":"https:\/\/staging.belleflamme.ca\/wp-content\/uploads\/2024\/06\/Poele-au-bois-Heritage-de-Hearthstone.jpg","width":995,"height":1008,"caption":"Po\u00eale au bois Heritage de Hearthstone"},{"@type":"BreadcrumbList","@id":"https:\/\/staging.belleflamme.ca\/fr\/produit\/poele-au-bois-heritage-de-hearthstone\/#breadcrumb","itemListElement":[{"@type":"ListItem","position":1,"name":"Accueil","item":"https:\/\/www.belleflamme.ca\/fr\/"},{"@type":"ListItem","position":2,"name":"Boutique","item":"https:\/\/www.belleflamme.ca\/fr\/boutique\/"},{"@type":"ListItem","position":3,"name":"Po\u00eales &amp; Foyers","item":"https:\/\/staging.belleflamme.ca\/fr\/categories\/poeles-et-foyers\/"},{"@type":"ListItem","position":4,"name":"Po\u00eales &amp; Foyers au Bois","item":"https:\/\/staging.belleflamme.ca\/fr\/categories\/poeles-et-foyers\/poeles-et-foyers-au-bois\/"},{"@type":"ListItem","position":5,"name":"Po\u00eale au Bois","item":"https:\/\/staging.belleflamme.ca\/fr\/categories\/poeles-et-foyers\/poeles-et-foyers-au-bois\/poele-au-bois\/"},{"@type":"ListItem","position":6,"name":"Po\u00eale au bois Heritage de Hearthstone"}]},{"@type":"WebSite","@id":"https:\/\/www.belleflamme.ca\/fr\/#website","url":"https:\/\/www.belleflamme.ca\/fr\/","name":"Groupe Belleflamme","description":"La m\u00e9canique du b\u00e2timent dans le sang.","publisher":{"@id":"https:\/\/www.belleflamme.ca\/fr\/#organization"},"potentialAction":[{"@type":"SearchAction","target":{"@type":"EntryPoint","urlTemplate":"https:\/\/www.belleflamme.ca\/fr\/?s={search_term_string}"},"query-input":{"@type":"PropertyValueSpecification","valueRequired":true,"valueName":"search_term_string"}}],"inLanguage":"fr-FR"},{"@type":["Organization","Place"],"@id":"https:\/\/www.belleflamme.ca\/fr\/#organization","name":"Groupe Belleflamme","alternateName":"Belleflamme","url":"https:\/\/www.belleflamme.ca\/fr\/","logo":{"@type":"ImageObject","inLanguage":"fr-FR","@id":"https:\/\/www.belleflamme.ca\/fr\/#\/schema\/logo\/image\/","url":"https:\/\/staging.belleflamme.ca\/wp-content\/uploads\/2023\/01\/og-image.jpg","contentUrl":"https:\/\/staging.belleflamme.ca\/wp-content\/uploads\/2023\/01\/og-image.jpg","width":1200,"height":630,"caption":"Groupe Belleflamme"},"image":{"@id":"https:\/\/www.belleflamme.ca\/fr\/#\/schema\/logo\/image\/"},"sameAs":["https:\/\/www.facebook.com\/belleflamme.ca\/","https:\/\/www.linkedin.com\/company\/belleflamme\/","https:\/\/www.pinterest.ca\/groupebelleflamme\/","https:\/\/www.instagram.com\/legroupebelleflamme\/"],"mainEntityOfPage":{"@id":"https:\/\/staging.belleflamme.ca\/fr\/produit\/poele-au-bois-heritage-de-hearthstone\/"}}]},"product_brand":"Hearthstone","og_availability":"instock","product_availability":"instock","product_condition":"new"},"_links":{"self":[{"href":"https:\/\/staging.belleflamme.ca\/fr\/wp-json\/wp\/v2\/product\/40386","targetHints":{"allow":["GET"]}}],"collection":[{"href":"https:\/\/staging.belleflamme.ca\/fr\/wp-json\/wp\/v2\/product"}],"about":[{"href":"https:\/\/staging.belleflamme.ca\/fr\/wp-json\/wp\/v2\/types\/product"}],"version-history":[{"count":6,"href":"https:\/\/staging.belleflamme.ca\/fr\/wp-json\/wp\/v2\/product\/40386\/revisions"}],"predecessor-version":[{"id":43333,"href":"https:\/\/staging.belleflamme.ca\/fr\/wp-json\/wp\/v2\/product\/40386\/revisions\/43333"}],"wp:featuredmedia":[{"embeddable":true,"href":"https:\/\/staging.belleflamme.ca\/fr\/wp-json\/wp\/v2\/media\/40387"}],"wp:attachment":[{"href":"https:\/\/staging.belleflamme.ca\/fr\/wp-json\/wp\/v2\/media?parent=40386"}],"wp:term":[{"taxonomy":"product_brand","embeddable":true,"href":"https:\/\/staging.belleflamme.ca\/fr\/wp-json\/wp\/v2\/product_brand?post=40386"},{"taxonomy":"product_cat","embeddable":true,"href":"https:\/\/staging.belleflamme.ca\/fr\/wp-json\/wp\/v2\/product_cat?post=40386"},{"taxonomy":"product_tag","embeddable":true,"href":"https:\/\/staging.belleflamme.ca\/fr\/wp-json\/wp\/v2\/product_tag?post=40386"}],"curies":[{"name":"wp","href":"https:\/\/api.w.org\/{rel}","templated":true}]}}