{"id":40188,"date":"2024-05-24T13:13:40","date_gmt":"2024-05-24T17:13:40","guid":{"rendered":"https:\/\/www.belleflamme.ca\/?post_type=product&#038;p=40188"},"modified":"2024-05-24T13:13:41","modified_gmt":"2024-05-24T17:13:41","slug":"hotte-de-poele-dirc-wa0775-dl-de-direct-air","status":"publish","type":"product","link":"https:\/\/staging.belleflamme.ca\/fr\/produit\/hotte-de-poele-dirc-wa0775-dl-de-direct-air\/","title":{"rendered":"Hotte de Po\u00eale DIRC-WA0775-DL de Direct Air"},"content":{"rendered":"<p>Voici les hottes de cuisini\u00e8re de Direct Air \u2013 une bouff\u00e9e d\u2019air frais dans votre cuisine. Nos syst\u00e8mes de ventilation de pointe sont con\u00e7us pour \u00e9liminer efficacement la fum\u00e9e, la graisse et les odeurs de cuisson de votre cuisine. Avec SuctionMaster, vous pouvez profiter d\u2019une cuisine plus propre, d\u2019un air plus frais et d\u2019une exp\u00e9rience de cuisson plus agr\u00e9able.<\/p>\n<div id=\"content\" class=\"site-content\">\n<div class=\"ast-container\">\n<div class=\"elementor elementor-3174 elementor-location-single post-8657 product type-product status-publish has-post-thumbnail product_cat-range-hood product_tag-range-hood ast-article-single ast-woo-product-no-review desktop-align-center tablet-align-left mobile-align-left first instock shipping-taxable product-type-simple product\" data-elementor-type=\"product\" data-elementor-id=\"3174\" data-elementor-post-type=\"elementor_library\">\n<div class=\"elementor-element elementor-element-8c395a1 e-flex e-con-boxed e-con e-parent\" data-id=\"8c395a1\" data-element_type=\"container\">\n<div class=\"e-con-inner\">\n<div class=\"elementor-element elementor-element-0240adb elementor-widget elementor-widget-woocommerce-product-data-tabs\" data-id=\"0240adb\" data-element_type=\"widget\" data-widget_type=\"woocommerce-product-data-tabs.default\">\n<div class=\"elementor-widget-container\">\n<div class=\"woocommerce-tabs wc-tabs-wrapper\">\n<div id=\"tab-description\" class=\"woocommerce-Tabs-panel woocommerce-Tabs-panel--description panel entry-content wc-tab translation-block\" role=\"tabpanel\" aria-labelledby=\"tab-title-description\">\u2022 Contr\u00f4le \u00e9lectronique 3 vitesses<br \/>\n\u2022 \u00c9clairage DEL<br \/>\n\u2022 PUISSANCE Jusqu\u2019\u00e0 500pi.cu.\/min DIMENSIONS<br \/>\n\u2022 Hotte: 10-1\/2\u201d x 18-1\/2\u201d x 29-1\/2\u201d<br \/>\n\u2022 Chemin\u00e9e: min 14-1\/2\u201d\/max 33\u201d<\/div>\n<\/div>\n<\/div>\n<\/div>\n<\/div>\n<\/div>\n<\/div>\n<\/div>\n<\/div>\n","protected":false},"excerpt":{"rendered":"<p>Voici les hottes de cuisini\u00e8re de Direct Air \u2013 une bouff\u00e9e d\u2019air frais dans votre cuisine. Nos syst\u00e8mes de ventilation de pointe sont con\u00e7us pour \u00e9liminer efficacement la fum\u00e9e, la graisse et les odeurs de cuisson de votre cuisine. Avec SuctionMaster, vous pouvez profiter d\u2019une cuisine plus propre, d\u2019un air plus frais et d\u2019une exp\u00e9rience [&hellip;]<\/p>\n","protected":false},"featured_media":40189,"template":"","meta":{"inline_featured_image":false},"product_brand":[292],"product_cat":[70,89,73],"product_tag":[],"class_list":{"0":"post-40188","1":"product","2":"type-product","3":"status-publish","4":"has-post-thumbnail","6":"product_brand-direct-air","7":"product_cat-climatisation-chauffage","8":"product_cat-hotte-de-poeles","9":"product_cat-ventilation","11":"first","12":"instock","13":"taxable","14":"shipping-taxable","15":"product-type-simple"},"yoast_head":"<!-- This site is optimized with the Yoast SEO Premium plugin v24.2 (Yoast SEO v24.2) - https:\/\/yoast.com\/wordpress\/plugins\/seo\/ -->\n<title>Hotte de Po\u00eale DIRC-WA0775-DL de Direct Air - Groupe BelleFlamme<\/title>\n<meta name=\"description\" content=\"Hotte de Po\u00eale DIRC-WA0775-DL de Direct Air vendu par le Groupe Belleflamme. Laval, Montr\u00e9al, Gatineau et Saint-Sauveur.\" \/>\n<meta name=\"robots\" content=\"index, follow, max-snippet:-1, max-image-preview:large, max-video-preview:-1\" \/>\n<link rel=\"canonical\" href=\"https:\/\/staging.belleflamme.ca\/fr\/produit\/hotte-de-poele-dirc-wa0775-dl-de-direct-air\/\" \/>\n<meta property=\"og:locale\" content=\"fr_FR\" \/>\n<meta property=\"og:type\" content=\"article\" \/>\n<meta property=\"og:title\" content=\"Hotte de Po\u00eale DIRC-WA0775-DL de Direct Air\" \/>\n<meta property=\"og:description\" content=\"Hotte de Po\u00eale DIRC-WA0775-DL de Direct Air vendu par le Groupe Belleflamme. Laval, Montr\u00e9al, Gatineau et Saint-Sauveur.\" \/>\n<meta property=\"og:url\" content=\"https:\/\/staging.belleflamme.ca\/fr\/produit\/hotte-de-poele-dirc-wa0775-dl-de-direct-air\/\" \/>\n<meta property=\"og:site_name\" content=\"Groupe BelleFlamme\" \/>\n<meta property=\"article:publisher\" content=\"https:\/\/www.facebook.com\/belleflamme.ca\/\" \/>\n<meta property=\"article:modified_time\" content=\"2024-05-24T17:13:41+00:00\" \/>\n<meta property=\"og:image\" content=\"https:\/\/www.belleflamme.ca\/wp-content\/uploads\/2024\/05\/Hotte-de-Poele-DIRC-WA0775-DL-de-Direct-Air.png\" \/>\n\t<meta property=\"og:image:width\" content=\"600\" \/>\n\t<meta property=\"og:image:height\" content=\"600\" \/>\n\t<meta property=\"og:image:type\" content=\"image\/png\" \/>\n<meta name=\"twitter:card\" content=\"summary_large_image\" \/>\n<meta name=\"twitter:label1\" content=\"Prix\" \/>\n\t<meta name=\"twitter:data1\" content=\"\" \/>\n\t<meta name=\"twitter:label2\" content=\"Disponibilit\u00e9\" \/>\n\t<meta name=\"twitter:data2\" content=\"En stock\" \/>\n<script type=\"application\/ld+json\" class=\"yoast-schema-graph\">{\"@context\":\"https:\/\/schema.org\",\"@graph\":[{\"@type\":[\"WebPage\",\"ItemPage\"],\"@id\":\"https:\/\/staging.belleflamme.ca\/fr\/produit\/hotte-de-poele-dirc-wa0775-dl-de-direct-air\/\",\"url\":\"https:\/\/staging.belleflamme.ca\/fr\/produit\/hotte-de-poele-dirc-wa0775-dl-de-direct-air\/\",\"name\":\"Hotte de Po\u00eale DIRC-WA0775-DL de Direct Air - Groupe BelleFlamme\",\"isPartOf\":{\"@id\":\"https:\/\/www.belleflamme.ca\/fr\/#website\"},\"primaryImageOfPage\":{\"@id\":\"https:\/\/staging.belleflamme.ca\/fr\/produit\/hotte-de-poele-dirc-wa0775-dl-de-direct-air\/#primaryimage\"},\"image\":{\"@id\":\"https:\/\/staging.belleflamme.ca\/fr\/produit\/hotte-de-poele-dirc-wa0775-dl-de-direct-air\/#primaryimage\"},\"thumbnailUrl\":\"https:\/\/staging.belleflamme.ca\/wp-content\/uploads\/2024\/05\/Hotte-de-Poele-DIRC-WA0775-DL-de-Direct-Air.png\",\"datePublished\":\"2024-05-24T17:13:40+00:00\",\"dateModified\":\"2024-05-24T17:13:41+00:00\",\"description\":\"Hotte de Po\u00eale DIRC-WA0775-DL de Direct Air vendu par le Groupe Belleflamme. Laval, Montr\u00e9al, Gatineau et Saint-Sauveur.\",\"breadcrumb\":{\"@id\":\"https:\/\/staging.belleflamme.ca\/fr\/produit\/hotte-de-poele-dirc-wa0775-dl-de-direct-air\/#breadcrumb\"},\"inLanguage\":\"fr-FR\",\"potentialAction\":[{\"@type\":\"ReadAction\",\"target\":[\"https:\/\/staging.belleflamme.ca\/fr\/produit\/hotte-de-poele-dirc-wa0775-dl-de-direct-air\/\"]}]},{\"@type\":\"ImageObject\",\"inLanguage\":\"fr-FR\",\"@id\":\"https:\/\/staging.belleflamme.ca\/fr\/produit\/hotte-de-poele-dirc-wa0775-dl-de-direct-air\/#primaryimage\",\"url\":\"https:\/\/staging.belleflamme.ca\/wp-content\/uploads\/2024\/05\/Hotte-de-Poele-DIRC-WA0775-DL-de-Direct-Air.png\",\"contentUrl\":\"https:\/\/staging.belleflamme.ca\/wp-content\/uploads\/2024\/05\/Hotte-de-Poele-DIRC-WA0775-DL-de-Direct-Air.png\",\"width\":600,\"height\":600,\"caption\":\"Hotte de Po\u00eale DIRC-WA0775-DL de Direct Air\"},{\"@type\":\"BreadcrumbList\",\"@id\":\"https:\/\/staging.belleflamme.ca\/fr\/produit\/hotte-de-poele-dirc-wa0775-dl-de-direct-air\/#breadcrumb\",\"itemListElement\":[{\"@type\":\"ListItem\",\"position\":1,\"name\":\"Accueil\",\"item\":\"https:\/\/www.belleflamme.ca\/fr\/\"},{\"@type\":\"ListItem\",\"position\":2,\"name\":\"Boutique\",\"item\":\"https:\/\/www.belleflamme.ca\/fr\/boutique\/\"},{\"@type\":\"ListItem\",\"position\":3,\"name\":\"Climatisation &amp; Chauffage\",\"item\":\"https:\/\/staging.belleflamme.ca\/fr\/categories\/climatisation-chauffage\/\"},{\"@type\":\"ListItem\",\"position\":4,\"name\":\"Ventilation\",\"item\":\"https:\/\/staging.belleflamme.ca\/fr\/categories\/climatisation-chauffage\/ventilation\/\"},{\"@type\":\"ListItem\",\"position\":5,\"name\":\"Hotte de po\u00eales\",\"item\":\"https:\/\/staging.belleflamme.ca\/fr\/categories\/climatisation-chauffage\/ventilation\/hotte-de-poeles\/\"},{\"@type\":\"ListItem\",\"position\":6,\"name\":\"Hotte de Po\u00eale DIRC-WA0775-DL de Direct Air\"}]},{\"@type\":\"WebSite\",\"@id\":\"https:\/\/www.belleflamme.ca\/fr\/#website\",\"url\":\"https:\/\/www.belleflamme.ca\/fr\/\",\"name\":\"Groupe Belleflamme\",\"description\":\"La m\u00e9canique du b\u00e2timent dans le sang.\",\"publisher\":{\"@id\":\"https:\/\/www.belleflamme.ca\/fr\/#organization\"},\"potentialAction\":[{\"@type\":\"SearchAction\",\"target\":{\"@type\":\"EntryPoint\",\"urlTemplate\":\"https:\/\/www.belleflamme.ca\/fr\/?s={search_term_string}\"},\"query-input\":{\"@type\":\"PropertyValueSpecification\",\"valueRequired\":true,\"valueName\":\"search_term_string\"}}],\"inLanguage\":\"fr-FR\"},{\"@type\":[\"Organization\",\"Place\"],\"@id\":\"https:\/\/www.belleflamme.ca\/fr\/#organization\",\"name\":\"Groupe Belleflamme\",\"alternateName\":\"Belleflamme\",\"url\":\"https:\/\/www.belleflamme.ca\/fr\/\",\"logo\":{\"@type\":\"ImageObject\",\"inLanguage\":\"fr-FR\",\"@id\":\"https:\/\/www.belleflamme.ca\/fr\/#\/schema\/logo\/image\/\",\"url\":\"https:\/\/staging.belleflamme.ca\/wp-content\/uploads\/2023\/01\/og-image.jpg\",\"contentUrl\":\"https:\/\/staging.belleflamme.ca\/wp-content\/uploads\/2023\/01\/og-image.jpg\",\"width\":1200,\"height\":630,\"caption\":\"Groupe Belleflamme\"},\"image\":{\"@id\":\"https:\/\/www.belleflamme.ca\/fr\/#\/schema\/logo\/image\/\"},\"sameAs\":[\"https:\/\/www.facebook.com\/belleflamme.ca\/\",\"https:\/\/www.linkedin.com\/company\/belleflamme\/\",\"https:\/\/www.pinterest.ca\/groupebelleflamme\/\",\"https:\/\/www.instagram.com\/legroupebelleflamme\/\"],\"mainEntityOfPage\":{\"@id\":\"https:\/\/staging.belleflamme.ca\/fr\/produit\/hotte-de-poele-dirc-wa0775-dl-de-direct-air\/\"}}]}<\/script>\n<meta property=\"product:brand\" content=\"Direct Air\" \/>\n<meta property=\"product:price:amount\" content=\"0.00\" \/>\n<meta property=\"product:price:currency\" content=\"CAD\" \/>\n<meta property=\"og:availability\" content=\"instock\" \/>\n<meta property=\"product:availability\" content=\"instock\" \/>\n<meta property=\"product:retailer_item_id\" content=\"DIRC-WA0775-DL\" \/>\n<meta property=\"product:condition\" content=\"new\" \/>\n<!-- \/ Yoast SEO Premium plugin. -->","yoast_head_json":{"title":"Hotte de Po\u00eale DIRC-WA0775-DL de Direct Air - Groupe BelleFlamme","description":"Hotte de Po\u00eale DIRC-WA0775-DL de Direct Air vendu par le Groupe Belleflamme. Laval, Montr\u00e9al, Gatineau et Saint-Sauveur.","robots":{"index":"index","follow":"follow","max-snippet":"max-snippet:-1","max-image-preview":"max-image-preview:large","max-video-preview":"max-video-preview:-1"},"canonical":"https:\/\/staging.belleflamme.ca\/fr\/produit\/hotte-de-poele-dirc-wa0775-dl-de-direct-air\/","og_locale":"fr_FR","og_type":"article","og_title":"Hotte de Po\u00eale DIRC-WA0775-DL de Direct Air","og_description":"Hotte de Po\u00eale DIRC-WA0775-DL de Direct Air vendu par le Groupe Belleflamme. Laval, Montr\u00e9al, Gatineau et Saint-Sauveur.","og_url":"https:\/\/staging.belleflamme.ca\/fr\/produit\/hotte-de-poele-dirc-wa0775-dl-de-direct-air\/","og_site_name":"Groupe BelleFlamme","article_publisher":"https:\/\/www.facebook.com\/belleflamme.ca\/","article_modified_time":"2024-05-24T17:13:41+00:00","og_image":[{"width":600,"height":600,"url":"https:\/\/www.belleflamme.ca\/wp-content\/uploads\/2024\/05\/Hotte-de-Poele-DIRC-WA0775-DL-de-Direct-Air.png","type":"image\/png"}],"twitter_card":"summary_large_image","twitter_misc":{"Prix":"","Disponibilit\u00e9":"En stock"},"schema":{"@context":"https:\/\/schema.org","@graph":[{"@type":["WebPage","ItemPage"],"@id":"https:\/\/staging.belleflamme.ca\/fr\/produit\/hotte-de-poele-dirc-wa0775-dl-de-direct-air\/","url":"https:\/\/staging.belleflamme.ca\/fr\/produit\/hotte-de-poele-dirc-wa0775-dl-de-direct-air\/","name":"Hotte de Po\u00eale DIRC-WA0775-DL de Direct Air - Groupe BelleFlamme","isPartOf":{"@id":"https:\/\/www.belleflamme.ca\/fr\/#website"},"primaryImageOfPage":{"@id":"https:\/\/staging.belleflamme.ca\/fr\/produit\/hotte-de-poele-dirc-wa0775-dl-de-direct-air\/#primaryimage"},"image":{"@id":"https:\/\/staging.belleflamme.ca\/fr\/produit\/hotte-de-poele-dirc-wa0775-dl-de-direct-air\/#primaryimage"},"thumbnailUrl":"https:\/\/staging.belleflamme.ca\/wp-content\/uploads\/2024\/05\/Hotte-de-Poele-DIRC-WA0775-DL-de-Direct-Air.png","datePublished":"2024-05-24T17:13:40+00:00","dateModified":"2024-05-24T17:13:41+00:00","description":"Hotte de Po\u00eale DIRC-WA0775-DL de Direct Air vendu par le Groupe Belleflamme. Laval, Montr\u00e9al, Gatineau et Saint-Sauveur.","breadcrumb":{"@id":"https:\/\/staging.belleflamme.ca\/fr\/produit\/hotte-de-poele-dirc-wa0775-dl-de-direct-air\/#breadcrumb"},"inLanguage":"fr-FR","potentialAction":[{"@type":"ReadAction","target":["https:\/\/staging.belleflamme.ca\/fr\/produit\/hotte-de-poele-dirc-wa0775-dl-de-direct-air\/"]}]},{"@type":"ImageObject","inLanguage":"fr-FR","@id":"https:\/\/staging.belleflamme.ca\/fr\/produit\/hotte-de-poele-dirc-wa0775-dl-de-direct-air\/#primaryimage","url":"https:\/\/staging.belleflamme.ca\/wp-content\/uploads\/2024\/05\/Hotte-de-Poele-DIRC-WA0775-DL-de-Direct-Air.png","contentUrl":"https:\/\/staging.belleflamme.ca\/wp-content\/uploads\/2024\/05\/Hotte-de-Poele-DIRC-WA0775-DL-de-Direct-Air.png","width":600,"height":600,"caption":"Hotte de Po\u00eale DIRC-WA0775-DL de Direct Air"},{"@type":"BreadcrumbList","@id":"https:\/\/staging.belleflamme.ca\/fr\/produit\/hotte-de-poele-dirc-wa0775-dl-de-direct-air\/#breadcrumb","itemListElement":[{"@type":"ListItem","position":1,"name":"Accueil","item":"https:\/\/www.belleflamme.ca\/fr\/"},{"@type":"ListItem","position":2,"name":"Boutique","item":"https:\/\/www.belleflamme.ca\/fr\/boutique\/"},{"@type":"ListItem","position":3,"name":"Climatisation &amp; Chauffage","item":"https:\/\/staging.belleflamme.ca\/fr\/categories\/climatisation-chauffage\/"},{"@type":"ListItem","position":4,"name":"Ventilation","item":"https:\/\/staging.belleflamme.ca\/fr\/categories\/climatisation-chauffage\/ventilation\/"},{"@type":"ListItem","position":5,"name":"Hotte de po\u00eales","item":"https:\/\/staging.belleflamme.ca\/fr\/categories\/climatisation-chauffage\/ventilation\/hotte-de-poeles\/"},{"@type":"ListItem","position":6,"name":"Hotte de Po\u00eale DIRC-WA0775-DL de Direct Air"}]},{"@type":"WebSite","@id":"https:\/\/www.belleflamme.ca\/fr\/#website","url":"https:\/\/www.belleflamme.ca\/fr\/","name":"Groupe Belleflamme","description":"La m\u00e9canique du b\u00e2timent dans le sang.","publisher":{"@id":"https:\/\/www.belleflamme.ca\/fr\/#organization"},"potentialAction":[{"@type":"SearchAction","target":{"@type":"EntryPoint","urlTemplate":"https:\/\/www.belleflamme.ca\/fr\/?s={search_term_string}"},"query-input":{"@type":"PropertyValueSpecification","valueRequired":true,"valueName":"search_term_string"}}],"inLanguage":"fr-FR"},{"@type":["Organization","Place"],"@id":"https:\/\/www.belleflamme.ca\/fr\/#organization","name":"Groupe Belleflamme","alternateName":"Belleflamme","url":"https:\/\/www.belleflamme.ca\/fr\/","logo":{"@type":"ImageObject","inLanguage":"fr-FR","@id":"https:\/\/www.belleflamme.ca\/fr\/#\/schema\/logo\/image\/","url":"https:\/\/staging.belleflamme.ca\/wp-content\/uploads\/2023\/01\/og-image.jpg","contentUrl":"https:\/\/staging.belleflamme.ca\/wp-content\/uploads\/2023\/01\/og-image.jpg","width":1200,"height":630,"caption":"Groupe Belleflamme"},"image":{"@id":"https:\/\/www.belleflamme.ca\/fr\/#\/schema\/logo\/image\/"},"sameAs":["https:\/\/www.facebook.com\/belleflamme.ca\/","https:\/\/www.linkedin.com\/company\/belleflamme\/","https:\/\/www.pinterest.ca\/groupebelleflamme\/","https:\/\/www.instagram.com\/legroupebelleflamme\/"],"mainEntityOfPage":{"@id":"https:\/\/staging.belleflamme.ca\/fr\/produit\/hotte-de-poele-dirc-wa0775-dl-de-direct-air\/"}}]},"product_brand":"Direct Air","product_price_amount":"0.00","product_price_currency":"CAD","og_availability":"instock","product_availability":"instock","product_retailer_item_id":"DIRC-WA0775-DL","product_condition":"new"},"_links":{"self":[{"href":"https:\/\/staging.belleflamme.ca\/fr\/wp-json\/wp\/v2\/product\/40188","targetHints":{"allow":["GET"]}}],"collection":[{"href":"https:\/\/staging.belleflamme.ca\/fr\/wp-json\/wp\/v2\/product"}],"about":[{"href":"https:\/\/staging.belleflamme.ca\/fr\/wp-json\/wp\/v2\/types\/product"}],"version-history":[{"count":1,"href":"https:\/\/staging.belleflamme.ca\/fr\/wp-json\/wp\/v2\/product\/40188\/revisions"}],"predecessor-version":[{"id":40191,"href":"https:\/\/staging.belleflamme.ca\/fr\/wp-json\/wp\/v2\/product\/40188\/revisions\/40191"}],"wp:featuredmedia":[{"embeddable":true,"href":"https:\/\/staging.belleflamme.ca\/fr\/wp-json\/wp\/v2\/media\/40189"}],"wp:attachment":[{"href":"https:\/\/staging.belleflamme.ca\/fr\/wp-json\/wp\/v2\/media?parent=40188"}],"wp:term":[{"taxonomy":"product_brand","embeddable":true,"href":"https:\/\/staging.belleflamme.ca\/fr\/wp-json\/wp\/v2\/product_brand?post=40188"},{"taxonomy":"product_cat","embeddable":true,"href":"https:\/\/staging.belleflamme.ca\/fr\/wp-json\/wp\/v2\/product_cat?post=40188"},{"taxonomy":"product_tag","embeddable":true,"href":"https:\/\/staging.belleflamme.ca\/fr\/wp-json\/wp\/v2\/product_tag?post=40188"}],"curies":[{"name":"wp","href":"https:\/\/api.w.org\/{rel}","templated":true}]}}