{"id":40181,"date":"2024-05-24T13:06:49","date_gmt":"2024-05-24T17:06:49","guid":{"rendered":"https:\/\/www.belleflamme.ca\/?post_type=product&#038;p=40181"},"modified":"2024-05-24T13:06:50","modified_gmt":"2024-05-24T17:06:50","slug":"aprilaire-4839-kit-dentretien-avec-panneau-deau-35-pour-humidificateurs-modeles-600-600a-600m","status":"publish","type":"product","link":"https:\/\/staging.belleflamme.ca\/fr\/produit\/aprilaire-4839-kit-dentretien-avec-panneau-deau-35-pour-humidificateurs-modeles-600-600a-600m\/","title":{"rendered":"AprilAire 4839 Kit d&#8217;entretien avec panneau d&#8217;eau 35 pour humidificateurs mod\u00e8les 600, 600A, 600M"},"content":{"rendered":"<h2><span>CARACT\u00c9RISTIQUES DU MOD\u00c8LE 4839\u00a0:<\/span><\/h2>\n<ul>\n<li><strong><span>ACHETEZ EN TOUTE CONFIANCE<\/span><\/strong><span>\u00a0\u00a0Ce v\u00e9ritable panneau d&#8217;eau de remplacement a \u00e9t\u00e9 con\u00e7u et fabriqu\u00e9 aux \u00c9tats-Unis par AprilAire &#8211; le leader des solutions de qualit\u00e9 de l&#8217;air int\u00e9rieur, pour optimiser les performances de votre humidificateur pour toute la maison AprilAire.<\/span><\/li>\n<li><strong><span>KIT D&#8217;ENTRETIEN COMPLET<\/span><\/strong><span>\u00a0Plus besoin de trouver les pi\u00e8ces vous-m\u00eame ! Ce kit contient tous les composants n\u00e9cessaires pour maintenir les performances optimales de votre humidificateur AprilAire Whole Home et le rendre comme neuf.<\/span><\/li>\n<li><strong><span>AJUSTEMENT PARFAIT APRILAIRE<\/span><\/strong><span>\u00a0V\u00e9ritable AprilAire con\u00e7u pour des performances optimales de votre humidificateur dans toute la maison<\/span><\/li>\n<li><strong><span>POUR DES PERFORMANCES OPTIMALES,<\/span><\/strong><span>\u00a0\u00a0remplacez le panneau d&#8217;eau chaque ann\u00e9e.<\/span><\/li>\n<li><strong><span>HUMIDIT\u00c9 POUR LA SANT\u00c9\u00a0<\/span><\/strong><span>\u00a0Les humidificateurs AprilAire peuvent vous aider \u00e0 maintenir une humidit\u00e9 optimale dans votre maison de 40 % \u00e0 60 %, ce qui a \u00e9t\u00e9 d\u00e9montr\u00e9 pour r\u00e9duire l&#8217;incidence des infections respiratoires et des sympt\u00f4mes li\u00e9s aux allergies et \u00e0 l&#8217;asthme en minimisant la formation de bact\u00e9ries et de virus, de champignons et acariens. De plus, vous vous sentirez plus \u00e0 l&#8217;aise tout en pr\u00e9servant les objets de votre maison susceptibles d&#8217;\u00eatre endommag\u00e9s par les changements d&#8217;humidit\u00e9 ou les conditions s\u00e8ches.<\/span><\/li>\n<\/ul>\n<h3><span>AVANTAGES:<\/span><\/h3>\n<p><span>Ce kit d&#8217;entretien de l&#8217;humidificateur AprilAire 4750 contient tous les composants pour l&#8217;entretien \u00e9tape par \u00e9tape de votre humidificateur AprilAire Whole Home.<\/span><\/p>\n<p><span>AprilAire a pr\u00e9sent\u00e9 le premier humidificateur par \u00e9vaporation pour les syst\u00e8mes de chauffage \u00e0 air puls\u00e9 en 1954. Depuis lors, AprilAire continue de dominer l&#8217;industrie des syst\u00e8mes d&#8217;humidification pour toute la maison.<\/span><\/p>\n<p><span>Nos humidificateurs par \u00e9vaporation fonctionnent en acheminant l&#8217;eau vers le bac de distribution situ\u00e9 en haut de l&#8217;humidificateur. L&#8217;eau est r\u00e9partie uniform\u00e9ment sur toute la largeur du bac et via un syst\u00e8me de sorties scientifiquement con\u00e7u. Il s&#8217;\u00e9coule par gravit\u00e9 sur l&#8217;\u00e9vaporateur Water Panel. L&#8217;air sec et chaud provenant de la fournaise \u00e0 air puls\u00e9 se d\u00e9place \u00e0 travers l&#8217;\u00e9vaporateur \u00e0 panneau d&#8217;eau charg\u00e9 d&#8217;humidit\u00e9. L&#8217;\u00e9vaporation naturelle a lieu, ce qui signifie que l&#8217;eau se transforme en vapeur et que l&#8217;air humidifi\u00e9 circule dans toute votre maison.<\/span><\/p>\n<p><strong><span>INCLUS DANS LA BO\u00ceTE\u00a0:<\/span><\/strong><\/p>\n<ul>\n<li><span>35 Panneau d&#8217;eau<\/span><\/li>\n<li><span>Cr\u00e9pine en ligne 4004<\/span><\/li>\n<li><span>4231 Orifice<\/span><\/li>\n<li><span>4223 Raccord de vidange<\/span><\/li>\n<li><span>Insert de contr\u00f4le de balance 4330<\/span><\/li>\n<li><span>4331 Bac de distribution d&#8217;eau<\/span><\/li>\n<li><span>4335 Tube d&#8217;alimentation<\/span><\/li>\n<li><span>Le manuel du propri\u00e9taire<\/span><\/li>\n<\/ul>\n<p><strong><span>CARACT\u00c9RISTIQUES:<\/span><\/strong><\/p>\n<ul>\n<li><strong><span>Mod\u00e8les compatibles :<\/span><\/strong><span>\u00a0600, 600A, 600K, 600M, 600MK, 600MZ, 600Z<\/span><\/li>\n<li><strong><span>Mat\u00e9riaux :<\/span><\/strong><span>\u00a0Plastique, M\u00e9tal, Papier<\/span><\/li>\n<\/ul>\n","protected":false},"excerpt":{"rendered":"<p>CARACT\u00c9RISTIQUES DU MOD\u00c8LE 4839\u00a0: ACHETEZ EN TOUTE CONFIANCE\u00a0\u00a0Ce v\u00e9ritable panneau d&#8217;eau de remplacement a \u00e9t\u00e9 con\u00e7u et fabriqu\u00e9 aux \u00c9tats-Unis par AprilAire &#8211; le leader des solutions de qualit\u00e9 de l&#8217;air int\u00e9rieur, pour optimiser les performances de votre humidificateur pour toute la maison AprilAire. KIT D&#8217;ENTRETIEN COMPLET\u00a0Plus besoin de trouver les pi\u00e8ces vous-m\u00eame ! Ce [&hellip;]<\/p>\n","protected":false},"featured_media":40182,"template":"","meta":{"inline_featured_image":false},"product_brand":[298],"product_cat":[70,74],"product_tag":[],"class_list":{"0":"post-40181","1":"product","2":"type-product","3":"status-publish","4":"has-post-thumbnail","6":"product_brand-aprilaire","7":"product_cat-climatisation-chauffage","8":"product_cat-filtres","10":"first","11":"instock","12":"taxable","13":"shipping-taxable","14":"product-type-simple"},"yoast_head":"<!-- This site is optimized with the Yoast SEO Premium plugin v24.2 (Yoast SEO v24.2) - https:\/\/yoast.com\/wordpress\/plugins\/seo\/ -->\n<title>AprilAire 4839 Kit d&#039;entretien avec panneau d&#039;eau 35 pour humidificateurs mod\u00e8les 600, 600A, 600M - Groupe BelleFlamme<\/title>\n<meta name=\"description\" content=\"AprilAire 4839 Kit d&#039;entretien avec panneau d&#039;eau 35 pour humidificateurs mod\u00e8les 600, 600A, 600M\" \/>\n<meta name=\"robots\" content=\"index, follow, max-snippet:-1, max-image-preview:large, max-video-preview:-1\" \/>\n<link rel=\"canonical\" href=\"https:\/\/staging.belleflamme.ca\/fr\/produit\/aprilaire-4839-kit-dentretien-avec-panneau-deau-35-pour-humidificateurs-modeles-600-600a-600m\/\" \/>\n<meta property=\"og:locale\" content=\"fr_FR\" \/>\n<meta property=\"og:type\" content=\"article\" \/>\n<meta property=\"og:title\" content=\"AprilAire 4839 Kit d&#039;entretien avec panneau d&#039;eau 35 pour humidificateurs mod\u00e8les 600, 600A, 600M\" \/>\n<meta property=\"og:description\" content=\"AprilAire 4839 Kit d&#039;entretien avec panneau d&#039;eau 35 pour humidificateurs mod\u00e8les 600, 600A, 600M\" \/>\n<meta property=\"og:url\" content=\"https:\/\/staging.belleflamme.ca\/fr\/produit\/aprilaire-4839-kit-dentretien-avec-panneau-deau-35-pour-humidificateurs-modeles-600-600a-600m\/\" \/>\n<meta property=\"og:site_name\" content=\"Groupe BelleFlamme\" \/>\n<meta property=\"article:publisher\" content=\"https:\/\/www.facebook.com\/belleflamme.ca\/\" \/>\n<meta property=\"article:modified_time\" content=\"2024-05-24T17:06:50+00:00\" \/>\n<meta property=\"og:image\" content=\"https:\/\/www.belleflamme.ca\/wp-content\/uploads\/2024\/05\/AprilAire-4839-Kit-dentretien-avec-panneau-deau-35-pour-humidificateurs-modeles-600-600A-600M.webp\" \/>\n\t<meta property=\"og:image:width\" content=\"1080\" \/>\n\t<meta property=\"og:image:height\" content=\"1080\" \/>\n\t<meta property=\"og:image:type\" content=\"image\/webp\" \/>\n<meta name=\"twitter:card\" content=\"summary_large_image\" \/>\n<meta name=\"twitter:label1\" content=\"Prix\" \/>\n\t<meta name=\"twitter:data1\" content=\"\" \/>\n\t<meta name=\"twitter:label2\" content=\"Disponibilit\u00e9\" \/>\n\t<meta name=\"twitter:data2\" content=\"En stock\" \/>\n<script type=\"application\/ld+json\" class=\"yoast-schema-graph\">{\"@context\":\"https:\/\/schema.org\",\"@graph\":[{\"@type\":[\"WebPage\",\"ItemPage\"],\"@id\":\"https:\/\/staging.belleflamme.ca\/fr\/produit\/aprilaire-4839-kit-dentretien-avec-panneau-deau-35-pour-humidificateurs-modeles-600-600a-600m\/\",\"url\":\"https:\/\/staging.belleflamme.ca\/fr\/produit\/aprilaire-4839-kit-dentretien-avec-panneau-deau-35-pour-humidificateurs-modeles-600-600a-600m\/\",\"name\":\"AprilAire 4839 Kit d'entretien avec panneau d'eau 35 pour humidificateurs mod\u00e8les 600, 600A, 600M - Groupe BelleFlamme\",\"isPartOf\":{\"@id\":\"https:\/\/www.belleflamme.ca\/fr\/#website\"},\"primaryImageOfPage\":{\"@id\":\"https:\/\/staging.belleflamme.ca\/fr\/produit\/aprilaire-4839-kit-dentretien-avec-panneau-deau-35-pour-humidificateurs-modeles-600-600a-600m\/#primaryimage\"},\"image\":{\"@id\":\"https:\/\/staging.belleflamme.ca\/fr\/produit\/aprilaire-4839-kit-dentretien-avec-panneau-deau-35-pour-humidificateurs-modeles-600-600a-600m\/#primaryimage\"},\"thumbnailUrl\":\"https:\/\/staging.belleflamme.ca\/wp-content\/uploads\/2024\/05\/AprilAire-4839-Kit-dentretien-avec-panneau-deau-35-pour-humidificateurs-modeles-600-600A-600M.webp\",\"datePublished\":\"2024-05-24T17:06:49+00:00\",\"dateModified\":\"2024-05-24T17:06:50+00:00\",\"description\":\"AprilAire 4839 Kit d'entretien avec panneau d'eau 35 pour humidificateurs mod\u00e8les 600, 600A, 600M\",\"breadcrumb\":{\"@id\":\"https:\/\/staging.belleflamme.ca\/fr\/produit\/aprilaire-4839-kit-dentretien-avec-panneau-deau-35-pour-humidificateurs-modeles-600-600a-600m\/#breadcrumb\"},\"inLanguage\":\"fr-FR\",\"potentialAction\":[{\"@type\":\"ReadAction\",\"target\":[\"https:\/\/staging.belleflamme.ca\/fr\/produit\/aprilaire-4839-kit-dentretien-avec-panneau-deau-35-pour-humidificateurs-modeles-600-600a-600m\/\"]}]},{\"@type\":\"ImageObject\",\"inLanguage\":\"fr-FR\",\"@id\":\"https:\/\/staging.belleflamme.ca\/fr\/produit\/aprilaire-4839-kit-dentretien-avec-panneau-deau-35-pour-humidificateurs-modeles-600-600a-600m\/#primaryimage\",\"url\":\"https:\/\/staging.belleflamme.ca\/wp-content\/uploads\/2024\/05\/AprilAire-4839-Kit-dentretien-avec-panneau-deau-35-pour-humidificateurs-modeles-600-600A-600M.webp\",\"contentUrl\":\"https:\/\/staging.belleflamme.ca\/wp-content\/uploads\/2024\/05\/AprilAire-4839-Kit-dentretien-avec-panneau-deau-35-pour-humidificateurs-modeles-600-600A-600M.webp\",\"width\":1080,\"height\":1080,\"caption\":\"AprilAire 4839 Kit d'entretien avec panneau d'eau 35 pour humidificateurs mod\u00e8les 600, 600A, 600M\"},{\"@type\":\"BreadcrumbList\",\"@id\":\"https:\/\/staging.belleflamme.ca\/fr\/produit\/aprilaire-4839-kit-dentretien-avec-panneau-deau-35-pour-humidificateurs-modeles-600-600a-600m\/#breadcrumb\",\"itemListElement\":[{\"@type\":\"ListItem\",\"position\":1,\"name\":\"Accueil\",\"item\":\"https:\/\/www.belleflamme.ca\/fr\/\"},{\"@type\":\"ListItem\",\"position\":2,\"name\":\"Boutique\",\"item\":\"https:\/\/www.belleflamme.ca\/fr\/boutique\/\"},{\"@type\":\"ListItem\",\"position\":3,\"name\":\"Climatisation &amp; Chauffage\",\"item\":\"https:\/\/staging.belleflamme.ca\/fr\/categories\/climatisation-chauffage\/\"},{\"@type\":\"ListItem\",\"position\":4,\"name\":\"Filtres\",\"item\":\"https:\/\/staging.belleflamme.ca\/fr\/categories\/climatisation-chauffage\/filtres\/\"},{\"@type\":\"ListItem\",\"position\":5,\"name\":\"AprilAire 4839 Kit d&#8217;entretien avec panneau d&#8217;eau 35 pour humidificateurs mod\u00e8les 600, 600A, 600M\"}]},{\"@type\":\"WebSite\",\"@id\":\"https:\/\/www.belleflamme.ca\/fr\/#website\",\"url\":\"https:\/\/www.belleflamme.ca\/fr\/\",\"name\":\"Groupe Belleflamme\",\"description\":\"La m\u00e9canique du b\u00e2timent dans le sang.\",\"publisher\":{\"@id\":\"https:\/\/www.belleflamme.ca\/fr\/#organization\"},\"potentialAction\":[{\"@type\":\"SearchAction\",\"target\":{\"@type\":\"EntryPoint\",\"urlTemplate\":\"https:\/\/www.belleflamme.ca\/fr\/?s={search_term_string}\"},\"query-input\":{\"@type\":\"PropertyValueSpecification\",\"valueRequired\":true,\"valueName\":\"search_term_string\"}}],\"inLanguage\":\"fr-FR\"},{\"@type\":[\"Organization\",\"Place\"],\"@id\":\"https:\/\/www.belleflamme.ca\/fr\/#organization\",\"name\":\"Groupe Belleflamme\",\"alternateName\":\"Belleflamme\",\"url\":\"https:\/\/www.belleflamme.ca\/fr\/\",\"logo\":{\"@type\":\"ImageObject\",\"inLanguage\":\"fr-FR\",\"@id\":\"https:\/\/www.belleflamme.ca\/fr\/#\/schema\/logo\/image\/\",\"url\":\"https:\/\/staging.belleflamme.ca\/wp-content\/uploads\/2023\/01\/og-image.jpg\",\"contentUrl\":\"https:\/\/staging.belleflamme.ca\/wp-content\/uploads\/2023\/01\/og-image.jpg\",\"width\":1200,\"height\":630,\"caption\":\"Groupe Belleflamme\"},\"image\":{\"@id\":\"https:\/\/www.belleflamme.ca\/fr\/#\/schema\/logo\/image\/\"},\"sameAs\":[\"https:\/\/www.facebook.com\/belleflamme.ca\/\",\"https:\/\/www.linkedin.com\/company\/belleflamme\/\",\"https:\/\/www.pinterest.ca\/groupebelleflamme\/\",\"https:\/\/www.instagram.com\/legroupebelleflamme\/\"],\"mainEntityOfPage\":{\"@id\":\"https:\/\/staging.belleflamme.ca\/fr\/produit\/aprilaire-4839-kit-dentretien-avec-panneau-deau-35-pour-humidificateurs-modeles-600-600a-600m\/\"}}]}<\/script>\n<meta property=\"product:brand\" content=\"Aprilaire\" \/>\n<meta property=\"product:price:amount\" content=\"0.00\" \/>\n<meta property=\"product:price:currency\" content=\"CAD\" \/>\n<meta property=\"og:availability\" content=\"instock\" \/>\n<meta property=\"product:availability\" content=\"instock\" \/>\n<meta property=\"product:retailer_item_id\" content=\"4839\" \/>\n<meta property=\"product:condition\" content=\"new\" \/>\n<!-- \/ Yoast SEO Premium plugin. -->","yoast_head_json":{"title":"AprilAire 4839 Kit d'entretien avec panneau d'eau 35 pour humidificateurs mod\u00e8les 600, 600A, 600M - Groupe BelleFlamme","description":"AprilAire 4839 Kit d'entretien avec panneau d'eau 35 pour humidificateurs mod\u00e8les 600, 600A, 600M","robots":{"index":"index","follow":"follow","max-snippet":"max-snippet:-1","max-image-preview":"max-image-preview:large","max-video-preview":"max-video-preview:-1"},"canonical":"https:\/\/staging.belleflamme.ca\/fr\/produit\/aprilaire-4839-kit-dentretien-avec-panneau-deau-35-pour-humidificateurs-modeles-600-600a-600m\/","og_locale":"fr_FR","og_type":"article","og_title":"AprilAire 4839 Kit d'entretien avec panneau d'eau 35 pour humidificateurs mod\u00e8les 600, 600A, 600M","og_description":"AprilAire 4839 Kit d'entretien avec panneau d'eau 35 pour humidificateurs mod\u00e8les 600, 600A, 600M","og_url":"https:\/\/staging.belleflamme.ca\/fr\/produit\/aprilaire-4839-kit-dentretien-avec-panneau-deau-35-pour-humidificateurs-modeles-600-600a-600m\/","og_site_name":"Groupe BelleFlamme","article_publisher":"https:\/\/www.facebook.com\/belleflamme.ca\/","article_modified_time":"2024-05-24T17:06:50+00:00","og_image":[{"width":1080,"height":1080,"url":"https:\/\/www.belleflamme.ca\/wp-content\/uploads\/2024\/05\/AprilAire-4839-Kit-dentretien-avec-panneau-deau-35-pour-humidificateurs-modeles-600-600A-600M.webp","type":"image\/webp"}],"twitter_card":"summary_large_image","twitter_misc":{"Prix":"","Disponibilit\u00e9":"En stock"},"schema":{"@context":"https:\/\/schema.org","@graph":[{"@type":["WebPage","ItemPage"],"@id":"https:\/\/staging.belleflamme.ca\/fr\/produit\/aprilaire-4839-kit-dentretien-avec-panneau-deau-35-pour-humidificateurs-modeles-600-600a-600m\/","url":"https:\/\/staging.belleflamme.ca\/fr\/produit\/aprilaire-4839-kit-dentretien-avec-panneau-deau-35-pour-humidificateurs-modeles-600-600a-600m\/","name":"AprilAire 4839 Kit d'entretien avec panneau d'eau 35 pour humidificateurs mod\u00e8les 600, 600A, 600M - Groupe BelleFlamme","isPartOf":{"@id":"https:\/\/www.belleflamme.ca\/fr\/#website"},"primaryImageOfPage":{"@id":"https:\/\/staging.belleflamme.ca\/fr\/produit\/aprilaire-4839-kit-dentretien-avec-panneau-deau-35-pour-humidificateurs-modeles-600-600a-600m\/#primaryimage"},"image":{"@id":"https:\/\/staging.belleflamme.ca\/fr\/produit\/aprilaire-4839-kit-dentretien-avec-panneau-deau-35-pour-humidificateurs-modeles-600-600a-600m\/#primaryimage"},"thumbnailUrl":"https:\/\/staging.belleflamme.ca\/wp-content\/uploads\/2024\/05\/AprilAire-4839-Kit-dentretien-avec-panneau-deau-35-pour-humidificateurs-modeles-600-600A-600M.webp","datePublished":"2024-05-24T17:06:49+00:00","dateModified":"2024-05-24T17:06:50+00:00","description":"AprilAire 4839 Kit d'entretien avec panneau d'eau 35 pour humidificateurs mod\u00e8les 600, 600A, 600M","breadcrumb":{"@id":"https:\/\/staging.belleflamme.ca\/fr\/produit\/aprilaire-4839-kit-dentretien-avec-panneau-deau-35-pour-humidificateurs-modeles-600-600a-600m\/#breadcrumb"},"inLanguage":"fr-FR","potentialAction":[{"@type":"ReadAction","target":["https:\/\/staging.belleflamme.ca\/fr\/produit\/aprilaire-4839-kit-dentretien-avec-panneau-deau-35-pour-humidificateurs-modeles-600-600a-600m\/"]}]},{"@type":"ImageObject","inLanguage":"fr-FR","@id":"https:\/\/staging.belleflamme.ca\/fr\/produit\/aprilaire-4839-kit-dentretien-avec-panneau-deau-35-pour-humidificateurs-modeles-600-600a-600m\/#primaryimage","url":"https:\/\/staging.belleflamme.ca\/wp-content\/uploads\/2024\/05\/AprilAire-4839-Kit-dentretien-avec-panneau-deau-35-pour-humidificateurs-modeles-600-600A-600M.webp","contentUrl":"https:\/\/staging.belleflamme.ca\/wp-content\/uploads\/2024\/05\/AprilAire-4839-Kit-dentretien-avec-panneau-deau-35-pour-humidificateurs-modeles-600-600A-600M.webp","width":1080,"height":1080,"caption":"AprilAire 4839 Kit d'entretien avec panneau d'eau 35 pour humidificateurs mod\u00e8les 600, 600A, 600M"},{"@type":"BreadcrumbList","@id":"https:\/\/staging.belleflamme.ca\/fr\/produit\/aprilaire-4839-kit-dentretien-avec-panneau-deau-35-pour-humidificateurs-modeles-600-600a-600m\/#breadcrumb","itemListElement":[{"@type":"ListItem","position":1,"name":"Accueil","item":"https:\/\/www.belleflamme.ca\/fr\/"},{"@type":"ListItem","position":2,"name":"Boutique","item":"https:\/\/www.belleflamme.ca\/fr\/boutique\/"},{"@type":"ListItem","position":3,"name":"Climatisation &amp; Chauffage","item":"https:\/\/staging.belleflamme.ca\/fr\/categories\/climatisation-chauffage\/"},{"@type":"ListItem","position":4,"name":"Filtres","item":"https:\/\/staging.belleflamme.ca\/fr\/categories\/climatisation-chauffage\/filtres\/"},{"@type":"ListItem","position":5,"name":"AprilAire 4839 Kit d&#8217;entretien avec panneau d&#8217;eau 35 pour humidificateurs mod\u00e8les 600, 600A, 600M"}]},{"@type":"WebSite","@id":"https:\/\/www.belleflamme.ca\/fr\/#website","url":"https:\/\/www.belleflamme.ca\/fr\/","name":"Groupe Belleflamme","description":"La m\u00e9canique du b\u00e2timent dans le sang.","publisher":{"@id":"https:\/\/www.belleflamme.ca\/fr\/#organization"},"potentialAction":[{"@type":"SearchAction","target":{"@type":"EntryPoint","urlTemplate":"https:\/\/www.belleflamme.ca\/fr\/?s={search_term_string}"},"query-input":{"@type":"PropertyValueSpecification","valueRequired":true,"valueName":"search_term_string"}}],"inLanguage":"fr-FR"},{"@type":["Organization","Place"],"@id":"https:\/\/www.belleflamme.ca\/fr\/#organization","name":"Groupe Belleflamme","alternateName":"Belleflamme","url":"https:\/\/www.belleflamme.ca\/fr\/","logo":{"@type":"ImageObject","inLanguage":"fr-FR","@id":"https:\/\/www.belleflamme.ca\/fr\/#\/schema\/logo\/image\/","url":"https:\/\/staging.belleflamme.ca\/wp-content\/uploads\/2023\/01\/og-image.jpg","contentUrl":"https:\/\/staging.belleflamme.ca\/wp-content\/uploads\/2023\/01\/og-image.jpg","width":1200,"height":630,"caption":"Groupe Belleflamme"},"image":{"@id":"https:\/\/www.belleflamme.ca\/fr\/#\/schema\/logo\/image\/"},"sameAs":["https:\/\/www.facebook.com\/belleflamme.ca\/","https:\/\/www.linkedin.com\/company\/belleflamme\/","https:\/\/www.pinterest.ca\/groupebelleflamme\/","https:\/\/www.instagram.com\/legroupebelleflamme\/"],"mainEntityOfPage":{"@id":"https:\/\/staging.belleflamme.ca\/fr\/produit\/aprilaire-4839-kit-dentretien-avec-panneau-deau-35-pour-humidificateurs-modeles-600-600a-600m\/"}}]},"product_brand":"Aprilaire","product_price_amount":"0.00","product_price_currency":"CAD","og_availability":"instock","product_availability":"instock","product_retailer_item_id":"4839","product_condition":"new"},"_links":{"self":[{"href":"https:\/\/staging.belleflamme.ca\/fr\/wp-json\/wp\/v2\/product\/40181","targetHints":{"allow":["GET"]}}],"collection":[{"href":"https:\/\/staging.belleflamme.ca\/fr\/wp-json\/wp\/v2\/product"}],"about":[{"href":"https:\/\/staging.belleflamme.ca\/fr\/wp-json\/wp\/v2\/types\/product"}],"version-history":[{"count":1,"href":"https:\/\/staging.belleflamme.ca\/fr\/wp-json\/wp\/v2\/product\/40181\/revisions"}],"predecessor-version":[{"id":40184,"href":"https:\/\/staging.belleflamme.ca\/fr\/wp-json\/wp\/v2\/product\/40181\/revisions\/40184"}],"wp:featuredmedia":[{"embeddable":true,"href":"https:\/\/staging.belleflamme.ca\/fr\/wp-json\/wp\/v2\/media\/40182"}],"wp:attachment":[{"href":"https:\/\/staging.belleflamme.ca\/fr\/wp-json\/wp\/v2\/media?parent=40181"}],"wp:term":[{"taxonomy":"product_brand","embeddable":true,"href":"https:\/\/staging.belleflamme.ca\/fr\/wp-json\/wp\/v2\/product_brand?post=40181"},{"taxonomy":"product_cat","embeddable":true,"href":"https:\/\/staging.belleflamme.ca\/fr\/wp-json\/wp\/v2\/product_cat?post=40181"},{"taxonomy":"product_tag","embeddable":true,"href":"https:\/\/staging.belleflamme.ca\/fr\/wp-json\/wp\/v2\/product_tag?post=40181"}],"curies":[{"name":"wp","href":"https:\/\/api.w.org\/{rel}","templated":true}]}}