{"id":40131,"date":"2024-05-24T12:00:19","date_gmt":"2024-05-24T16:00:19","guid":{"rendered":"https:\/\/www.belleflamme.ca\/?post_type=product&#038;p=40131"},"modified":"2024-05-24T12:00:20","modified_gmt":"2024-05-24T16:00:20","slug":"filtre-dhumidificateur-a-panneau-deau-de-remplacement-aprilaire-45-pour-400-400a-et-400m","status":"publish","type":"product","link":"https:\/\/staging.belleflamme.ca\/fr\/produit\/filtre-dhumidificateur-a-panneau-deau-de-remplacement-aprilaire-45-pour-400-400a-et-400m\/","title":{"rendered":"Filtre d&#8217;humidificateur \u00e0 panneau d&#8217;eau de remplacement AprilAire 45 pour 400, 400A et 400M"},"content":{"rendered":"<p><iframe title=\"YouTube video player\" src=\"https:\/\/www.youtube.com\/embed\/uxPTHqiqLr8?si=CwvKDGPmIwh4aNRF\" width=\"560\" height=\"315\" frameborder=\"0\" allowfullscreen=\"allowfullscreen\"><\/iframe><\/p>\n<h2>CARACT\u00c9RISTIQUES:<\/h2>\n<ul>\n<li><strong>ACHETEZ EN TOUTE CONFIANCE<\/strong>\u00a0Ce v\u00e9ritable filtre de remplacement pour panneau d&#8217;eau\/humidificateur a \u00e9t\u00e9 con\u00e7u et fabriqu\u00e9 aux \u00c9tats-Unis par AprilAire \u2013 le leader des solutions de qualit\u00e9 de l&#8217;air int\u00e9rieur, pour optimiser les performances de votre humidificateur pour toute la maison AprilAire.<\/li>\n<li><strong>AJUSTEMENT PARFAIT APRILAIRE<\/strong>\u00a0V\u00e9ritable AprilAire con\u00e7u pour des performances optimales de votre humidificateur dans toute la maison<\/li>\n<li><strong>HUMIDIT\u00c9 POUR LA SANT\u00c9<\/strong>\u00a0Les humidificateurs AprilAire peuvent vous aider \u00e0 maintenir une humidit\u00e9 optimale dans votre maison de 40 % \u00e0 60 %, ce qui a \u00e9t\u00e9 d\u00e9montr\u00e9 pour r\u00e9duire l&#8217;incidence des infections respiratoires et des sympt\u00f4mes li\u00e9s aux allergies et \u00e0 l&#8217;asthme en minimisant la formation de bact\u00e9ries et de virus, de champignons et acariens. De plus, vous vous sentirez plus \u00e0 l&#8217;aise tout en pr\u00e9servant les objets de votre maison susceptibles d&#8217;\u00eatre endommag\u00e9s par les changements d&#8217;humidit\u00e9 ou les conditions s\u00e8ches.<\/li>\n<\/ul>\n<h3>AVANTAGES:<\/h3>\n<p>Ce v\u00e9ritable panneau d&#8217;eau de remplacement AprilAire est l&#8217;\u00e9pine dorsale de votre humidificateur AprilAire. Le panneau en papier robuste est renforc\u00e9 de 2 couches d&#8217;aluminium et recouvert d&#8217;un agent antimicrobien pour emp\u00eacher la croissance de produits biologiques. Le panneau absorbe l&#8217;eau et maintient le niveau d&#8217;hydratation appropri\u00e9 pour soutenir le processus d&#8217;\u00e9vaporation. L&#8217;eau est vaporis\u00e9e lorsque l&#8217;air chauff\u00e9 par le four passe sur le panneau d&#8217;eau. L&#8217;air humidifi\u00e9 est transport\u00e9 dans la maison par les conduits d&#8217;air.<\/p>\n<p><strong>CARACT\u00c9RISTIQUES:<\/strong><\/p>\n<ul>\n<li><strong>Mod\u00e8les compatibles :<\/strong>\u00a0400, 400A, 400M, 400KZ, 400MKZ<\/li>\n<li><strong>Calendrier de remplacement recommand\u00e9\u00a0:<\/strong>\u00a0deux fois par saison de chauffage<\/li>\n<li><strong>Mat\u00e9riaux :<\/strong>\u00a0Papier &#8211; M\u00e8che, Aluminium<\/li>\n<li><strong>Mesures nominales\u00a0:<\/strong>\u00a013H x 10W x 2D (pouces)<\/li>\n<li><strong>Mesures r\u00e9elles\u00a0:<\/strong>\u00a012,875H x 9,875W x 1,75D (pouces)<\/li>\n<\/ul>\n","protected":false},"excerpt":{"rendered":"<p>CARACT\u00c9RISTIQUES: ACHETEZ EN TOUTE CONFIANCE\u00a0Ce v\u00e9ritable filtre de remplacement pour panneau d&#8217;eau\/humidificateur a \u00e9t\u00e9 con\u00e7u et fabriqu\u00e9 aux \u00c9tats-Unis par AprilAire \u2013 le leader des solutions de qualit\u00e9 de l&#8217;air int\u00e9rieur, pour optimiser les performances de votre humidificateur pour toute la maison AprilAire. AJUSTEMENT PARFAIT APRILAIRE\u00a0V\u00e9ritable AprilAire con\u00e7u pour des performances optimales de votre humidificateur [&hellip;]<\/p>\n","protected":false},"featured_media":40132,"template":"","meta":{"inline_featured_image":false},"product_brand":[],"product_cat":[70,74],"product_tag":[],"class_list":{"0":"post-40131","1":"product","2":"type-product","3":"status-publish","4":"has-post-thumbnail","6":"product_cat-climatisation-chauffage","7":"product_cat-filtres","9":"first","10":"instock","11":"taxable","12":"shipping-taxable","13":"product-type-simple"},"yoast_head":"<!-- This site is optimized with the Yoast SEO Premium plugin v24.2 (Yoast SEO v24.2) - https:\/\/yoast.com\/wordpress\/plugins\/seo\/ -->\n<title>Filtre d&#039;humidificateur \u00e0 panneau d&#039;eau de remplacement AprilAire 45 pour 400, 400A et 400M - Groupe BelleFlamme<\/title>\n<meta name=\"description\" content=\"Filtre d&#039;humidificateur \u00e0 panneau d&#039;eau de remplacement AprilAire 45 pour 400, 400A et 400M sold by the Belleflamme Group. Laval, Montreal, Gatineau and Saint-Sauveur.\" \/>\n<meta name=\"robots\" content=\"index, follow, max-snippet:-1, max-image-preview:large, max-video-preview:-1\" \/>\n<link rel=\"canonical\" href=\"https:\/\/staging.belleflamme.ca\/fr\/produit\/filtre-dhumidificateur-a-panneau-deau-de-remplacement-aprilaire-45-pour-400-400a-et-400m\/\" \/>\n<meta property=\"og:locale\" content=\"fr_FR\" \/>\n<meta property=\"og:type\" content=\"article\" \/>\n<meta property=\"og:title\" content=\"Filtre d&#039;humidificateur \u00e0 panneau d&#039;eau de remplacement AprilAire 45 pour 400, 400A et 400M\" \/>\n<meta property=\"og:description\" content=\"Filtre d&#039;humidificateur \u00e0 panneau d&#039;eau de remplacement AprilAire 45 pour 400, 400A et 400M sold by the Belleflamme Group. Laval, Montreal, Gatineau and Saint-Sauveur.\" \/>\n<meta property=\"og:url\" content=\"https:\/\/staging.belleflamme.ca\/fr\/produit\/filtre-dhumidificateur-a-panneau-deau-de-remplacement-aprilaire-45-pour-400-400a-et-400m\/\" \/>\n<meta property=\"og:site_name\" content=\"Groupe BelleFlamme\" \/>\n<meta property=\"article:publisher\" content=\"https:\/\/www.facebook.com\/belleflamme.ca\/\" \/>\n<meta property=\"article:modified_time\" content=\"2024-05-24T16:00:20+00:00\" \/>\n<meta property=\"og:image\" content=\"https:\/\/www.belleflamme.ca\/wp-content\/uploads\/2024\/05\/Filtre-dhumidificateur-a-panneau-deau-de-remplacement-AprilAire-45-pour-400-400A-et-400M.webp\" \/>\n\t<meta property=\"og:image:width\" content=\"1080\" \/>\n\t<meta property=\"og:image:height\" content=\"1080\" \/>\n\t<meta property=\"og:image:type\" content=\"image\/webp\" \/>\n<meta name=\"twitter:card\" content=\"summary_large_image\" \/>\n<meta name=\"twitter:label1\" content=\"Prix\" \/>\n\t<meta name=\"twitter:data1\" content=\"\" \/>\n\t<meta name=\"twitter:label2\" content=\"Disponibilit\u00e9\" \/>\n\t<meta name=\"twitter:data2\" content=\"En stock\" \/>\n<script type=\"application\/ld+json\" class=\"yoast-schema-graph\">{\"@context\":\"https:\/\/schema.org\",\"@graph\":[{\"@type\":[\"WebPage\",\"ItemPage\"],\"@id\":\"https:\/\/staging.belleflamme.ca\/fr\/produit\/filtre-dhumidificateur-a-panneau-deau-de-remplacement-aprilaire-45-pour-400-400a-et-400m\/\",\"url\":\"https:\/\/staging.belleflamme.ca\/fr\/produit\/filtre-dhumidificateur-a-panneau-deau-de-remplacement-aprilaire-45-pour-400-400a-et-400m\/\",\"name\":\"Filtre d'humidificateur \u00e0 panneau d'eau de remplacement AprilAire 45 pour 400, 400A et 400M - Groupe BelleFlamme\",\"isPartOf\":{\"@id\":\"https:\/\/www.belleflamme.ca\/fr\/#website\"},\"primaryImageOfPage\":{\"@id\":\"https:\/\/staging.belleflamme.ca\/fr\/produit\/filtre-dhumidificateur-a-panneau-deau-de-remplacement-aprilaire-45-pour-400-400a-et-400m\/#primaryimage\"},\"image\":{\"@id\":\"https:\/\/staging.belleflamme.ca\/fr\/produit\/filtre-dhumidificateur-a-panneau-deau-de-remplacement-aprilaire-45-pour-400-400a-et-400m\/#primaryimage\"},\"thumbnailUrl\":\"https:\/\/staging.belleflamme.ca\/wp-content\/uploads\/2024\/05\/Filtre-dhumidificateur-a-panneau-deau-de-remplacement-AprilAire-45-pour-400-400A-et-400M.webp\",\"datePublished\":\"2024-05-24T16:00:19+00:00\",\"dateModified\":\"2024-05-24T16:00:20+00:00\",\"description\":\"Filtre d'humidificateur \u00e0 panneau d'eau de remplacement AprilAire 45 pour 400, 400A et 400M sold by the Belleflamme Group. Laval, Montreal, Gatineau and Saint-Sauveur.\",\"breadcrumb\":{\"@id\":\"https:\/\/staging.belleflamme.ca\/fr\/produit\/filtre-dhumidificateur-a-panneau-deau-de-remplacement-aprilaire-45-pour-400-400a-et-400m\/#breadcrumb\"},\"inLanguage\":\"fr-FR\",\"potentialAction\":[{\"@type\":\"ReadAction\",\"target\":[\"https:\/\/staging.belleflamme.ca\/fr\/produit\/filtre-dhumidificateur-a-panneau-deau-de-remplacement-aprilaire-45-pour-400-400a-et-400m\/\"]}]},{\"@type\":\"ImageObject\",\"inLanguage\":\"fr-FR\",\"@id\":\"https:\/\/staging.belleflamme.ca\/fr\/produit\/filtre-dhumidificateur-a-panneau-deau-de-remplacement-aprilaire-45-pour-400-400a-et-400m\/#primaryimage\",\"url\":\"https:\/\/staging.belleflamme.ca\/wp-content\/uploads\/2024\/05\/Filtre-dhumidificateur-a-panneau-deau-de-remplacement-AprilAire-45-pour-400-400A-et-400M.webp\",\"contentUrl\":\"https:\/\/staging.belleflamme.ca\/wp-content\/uploads\/2024\/05\/Filtre-dhumidificateur-a-panneau-deau-de-remplacement-AprilAire-45-pour-400-400A-et-400M.webp\",\"width\":1080,\"height\":1080,\"caption\":\"Filtre d'humidificateur \u00e0 panneau d'eau de remplacement AprilAire 45 pour 400, 400A et 400M\"},{\"@type\":\"BreadcrumbList\",\"@id\":\"https:\/\/staging.belleflamme.ca\/fr\/produit\/filtre-dhumidificateur-a-panneau-deau-de-remplacement-aprilaire-45-pour-400-400a-et-400m\/#breadcrumb\",\"itemListElement\":[{\"@type\":\"ListItem\",\"position\":1,\"name\":\"Accueil\",\"item\":\"https:\/\/www.belleflamme.ca\/fr\/\"},{\"@type\":\"ListItem\",\"position\":2,\"name\":\"Boutique\",\"item\":\"https:\/\/www.belleflamme.ca\/fr\/boutique\/\"},{\"@type\":\"ListItem\",\"position\":3,\"name\":\"Climatisation &amp; Chauffage\",\"item\":\"https:\/\/staging.belleflamme.ca\/fr\/categories\/climatisation-chauffage\/\"},{\"@type\":\"ListItem\",\"position\":4,\"name\":\"Filtres\",\"item\":\"https:\/\/staging.belleflamme.ca\/fr\/categories\/climatisation-chauffage\/filtres\/\"},{\"@type\":\"ListItem\",\"position\":5,\"name\":\"Filtre d&#8217;humidificateur \u00e0 panneau d&#8217;eau de remplacement AprilAire 45 pour 400, 400A et 400M\"}]},{\"@type\":\"WebSite\",\"@id\":\"https:\/\/www.belleflamme.ca\/fr\/#website\",\"url\":\"https:\/\/www.belleflamme.ca\/fr\/\",\"name\":\"Groupe Belleflamme\",\"description\":\"La m\u00e9canique du b\u00e2timent dans le sang.\",\"publisher\":{\"@id\":\"https:\/\/www.belleflamme.ca\/fr\/#organization\"},\"potentialAction\":[{\"@type\":\"SearchAction\",\"target\":{\"@type\":\"EntryPoint\",\"urlTemplate\":\"https:\/\/www.belleflamme.ca\/fr\/?s={search_term_string}\"},\"query-input\":{\"@type\":\"PropertyValueSpecification\",\"valueRequired\":true,\"valueName\":\"search_term_string\"}}],\"inLanguage\":\"fr-FR\"},{\"@type\":[\"Organization\",\"Place\"],\"@id\":\"https:\/\/www.belleflamme.ca\/fr\/#organization\",\"name\":\"Groupe Belleflamme\",\"alternateName\":\"Belleflamme\",\"url\":\"https:\/\/www.belleflamme.ca\/fr\/\",\"logo\":{\"@type\":\"ImageObject\",\"inLanguage\":\"fr-FR\",\"@id\":\"https:\/\/www.belleflamme.ca\/fr\/#\/schema\/logo\/image\/\",\"url\":\"https:\/\/staging.belleflamme.ca\/wp-content\/uploads\/2023\/01\/og-image.jpg\",\"contentUrl\":\"https:\/\/staging.belleflamme.ca\/wp-content\/uploads\/2023\/01\/og-image.jpg\",\"width\":1200,\"height\":630,\"caption\":\"Groupe Belleflamme\"},\"image\":{\"@id\":\"https:\/\/www.belleflamme.ca\/fr\/#\/schema\/logo\/image\/\"},\"sameAs\":[\"https:\/\/www.facebook.com\/belleflamme.ca\/\",\"https:\/\/www.linkedin.com\/company\/belleflamme\/\",\"https:\/\/www.pinterest.ca\/groupebelleflamme\/\",\"https:\/\/www.instagram.com\/legroupebelleflamme\/\"],\"mainEntityOfPage\":{\"@id\":\"https:\/\/staging.belleflamme.ca\/fr\/produit\/filtre-dhumidificateur-a-panneau-deau-de-remplacement-aprilaire-45-pour-400-400a-et-400m\/\"}}]}<\/script>\n<meta property=\"product:price:amount\" content=\"0.00\" \/>\n<meta property=\"product:price:currency\" content=\"CAD\" \/>\n<meta property=\"og:availability\" content=\"instock\" \/>\n<meta property=\"product:availability\" content=\"instock\" \/>\n<meta property=\"product:retailer_item_id\" content=\"45\" \/>\n<meta property=\"product:condition\" content=\"new\" \/>\n<!-- \/ Yoast SEO Premium plugin. -->","yoast_head_json":{"title":"Filtre d'humidificateur \u00e0 panneau d'eau de remplacement AprilAire 45 pour 400, 400A et 400M - Groupe BelleFlamme","description":"Filtre d'humidificateur \u00e0 panneau d'eau de remplacement AprilAire 45 pour 400, 400A et 400M sold by the Belleflamme Group. Laval, Montreal, Gatineau and Saint-Sauveur.","robots":{"index":"index","follow":"follow","max-snippet":"max-snippet:-1","max-image-preview":"max-image-preview:large","max-video-preview":"max-video-preview:-1"},"canonical":"https:\/\/staging.belleflamme.ca\/fr\/produit\/filtre-dhumidificateur-a-panneau-deau-de-remplacement-aprilaire-45-pour-400-400a-et-400m\/","og_locale":"fr_FR","og_type":"article","og_title":"Filtre d'humidificateur \u00e0 panneau d'eau de remplacement AprilAire 45 pour 400, 400A et 400M","og_description":"Filtre d'humidificateur \u00e0 panneau d'eau de remplacement AprilAire 45 pour 400, 400A et 400M sold by the Belleflamme Group. Laval, Montreal, Gatineau and Saint-Sauveur.","og_url":"https:\/\/staging.belleflamme.ca\/fr\/produit\/filtre-dhumidificateur-a-panneau-deau-de-remplacement-aprilaire-45-pour-400-400a-et-400m\/","og_site_name":"Groupe BelleFlamme","article_publisher":"https:\/\/www.facebook.com\/belleflamme.ca\/","article_modified_time":"2024-05-24T16:00:20+00:00","og_image":[{"width":1080,"height":1080,"url":"https:\/\/www.belleflamme.ca\/wp-content\/uploads\/2024\/05\/Filtre-dhumidificateur-a-panneau-deau-de-remplacement-AprilAire-45-pour-400-400A-et-400M.webp","type":"image\/webp"}],"twitter_card":"summary_large_image","twitter_misc":{"Prix":"","Disponibilit\u00e9":"En stock"},"schema":{"@context":"https:\/\/schema.org","@graph":[{"@type":["WebPage","ItemPage"],"@id":"https:\/\/staging.belleflamme.ca\/fr\/produit\/filtre-dhumidificateur-a-panneau-deau-de-remplacement-aprilaire-45-pour-400-400a-et-400m\/","url":"https:\/\/staging.belleflamme.ca\/fr\/produit\/filtre-dhumidificateur-a-panneau-deau-de-remplacement-aprilaire-45-pour-400-400a-et-400m\/","name":"Filtre d'humidificateur \u00e0 panneau d'eau de remplacement AprilAire 45 pour 400, 400A et 400M - Groupe BelleFlamme","isPartOf":{"@id":"https:\/\/www.belleflamme.ca\/fr\/#website"},"primaryImageOfPage":{"@id":"https:\/\/staging.belleflamme.ca\/fr\/produit\/filtre-dhumidificateur-a-panneau-deau-de-remplacement-aprilaire-45-pour-400-400a-et-400m\/#primaryimage"},"image":{"@id":"https:\/\/staging.belleflamme.ca\/fr\/produit\/filtre-dhumidificateur-a-panneau-deau-de-remplacement-aprilaire-45-pour-400-400a-et-400m\/#primaryimage"},"thumbnailUrl":"https:\/\/staging.belleflamme.ca\/wp-content\/uploads\/2024\/05\/Filtre-dhumidificateur-a-panneau-deau-de-remplacement-AprilAire-45-pour-400-400A-et-400M.webp","datePublished":"2024-05-24T16:00:19+00:00","dateModified":"2024-05-24T16:00:20+00:00","description":"Filtre d'humidificateur \u00e0 panneau d'eau de remplacement AprilAire 45 pour 400, 400A et 400M sold by the Belleflamme Group. Laval, Montreal, Gatineau and Saint-Sauveur.","breadcrumb":{"@id":"https:\/\/staging.belleflamme.ca\/fr\/produit\/filtre-dhumidificateur-a-panneau-deau-de-remplacement-aprilaire-45-pour-400-400a-et-400m\/#breadcrumb"},"inLanguage":"fr-FR","potentialAction":[{"@type":"ReadAction","target":["https:\/\/staging.belleflamme.ca\/fr\/produit\/filtre-dhumidificateur-a-panneau-deau-de-remplacement-aprilaire-45-pour-400-400a-et-400m\/"]}]},{"@type":"ImageObject","inLanguage":"fr-FR","@id":"https:\/\/staging.belleflamme.ca\/fr\/produit\/filtre-dhumidificateur-a-panneau-deau-de-remplacement-aprilaire-45-pour-400-400a-et-400m\/#primaryimage","url":"https:\/\/staging.belleflamme.ca\/wp-content\/uploads\/2024\/05\/Filtre-dhumidificateur-a-panneau-deau-de-remplacement-AprilAire-45-pour-400-400A-et-400M.webp","contentUrl":"https:\/\/staging.belleflamme.ca\/wp-content\/uploads\/2024\/05\/Filtre-dhumidificateur-a-panneau-deau-de-remplacement-AprilAire-45-pour-400-400A-et-400M.webp","width":1080,"height":1080,"caption":"Filtre d'humidificateur \u00e0 panneau d'eau de remplacement AprilAire 45 pour 400, 400A et 400M"},{"@type":"BreadcrumbList","@id":"https:\/\/staging.belleflamme.ca\/fr\/produit\/filtre-dhumidificateur-a-panneau-deau-de-remplacement-aprilaire-45-pour-400-400a-et-400m\/#breadcrumb","itemListElement":[{"@type":"ListItem","position":1,"name":"Accueil","item":"https:\/\/www.belleflamme.ca\/fr\/"},{"@type":"ListItem","position":2,"name":"Boutique","item":"https:\/\/www.belleflamme.ca\/fr\/boutique\/"},{"@type":"ListItem","position":3,"name":"Climatisation &amp; Chauffage","item":"https:\/\/staging.belleflamme.ca\/fr\/categories\/climatisation-chauffage\/"},{"@type":"ListItem","position":4,"name":"Filtres","item":"https:\/\/staging.belleflamme.ca\/fr\/categories\/climatisation-chauffage\/filtres\/"},{"@type":"ListItem","position":5,"name":"Filtre d&#8217;humidificateur \u00e0 panneau d&#8217;eau de remplacement AprilAire 45 pour 400, 400A et 400M"}]},{"@type":"WebSite","@id":"https:\/\/www.belleflamme.ca\/fr\/#website","url":"https:\/\/www.belleflamme.ca\/fr\/","name":"Groupe Belleflamme","description":"La m\u00e9canique du b\u00e2timent dans le sang.","publisher":{"@id":"https:\/\/www.belleflamme.ca\/fr\/#organization"},"potentialAction":[{"@type":"SearchAction","target":{"@type":"EntryPoint","urlTemplate":"https:\/\/www.belleflamme.ca\/fr\/?s={search_term_string}"},"query-input":{"@type":"PropertyValueSpecification","valueRequired":true,"valueName":"search_term_string"}}],"inLanguage":"fr-FR"},{"@type":["Organization","Place"],"@id":"https:\/\/www.belleflamme.ca\/fr\/#organization","name":"Groupe Belleflamme","alternateName":"Belleflamme","url":"https:\/\/www.belleflamme.ca\/fr\/","logo":{"@type":"ImageObject","inLanguage":"fr-FR","@id":"https:\/\/www.belleflamme.ca\/fr\/#\/schema\/logo\/image\/","url":"https:\/\/staging.belleflamme.ca\/wp-content\/uploads\/2023\/01\/og-image.jpg","contentUrl":"https:\/\/staging.belleflamme.ca\/wp-content\/uploads\/2023\/01\/og-image.jpg","width":1200,"height":630,"caption":"Groupe Belleflamme"},"image":{"@id":"https:\/\/www.belleflamme.ca\/fr\/#\/schema\/logo\/image\/"},"sameAs":["https:\/\/www.facebook.com\/belleflamme.ca\/","https:\/\/www.linkedin.com\/company\/belleflamme\/","https:\/\/www.pinterest.ca\/groupebelleflamme\/","https:\/\/www.instagram.com\/legroupebelleflamme\/"],"mainEntityOfPage":{"@id":"https:\/\/staging.belleflamme.ca\/fr\/produit\/filtre-dhumidificateur-a-panneau-deau-de-remplacement-aprilaire-45-pour-400-400a-et-400m\/"}}]},"product_price_amount":"0.00","product_price_currency":"CAD","og_availability":"instock","product_availability":"instock","product_retailer_item_id":"45","product_condition":"new"},"_links":{"self":[{"href":"https:\/\/staging.belleflamme.ca\/fr\/wp-json\/wp\/v2\/product\/40131","targetHints":{"allow":["GET"]}}],"collection":[{"href":"https:\/\/staging.belleflamme.ca\/fr\/wp-json\/wp\/v2\/product"}],"about":[{"href":"https:\/\/staging.belleflamme.ca\/fr\/wp-json\/wp\/v2\/types\/product"}],"version-history":[{"count":1,"href":"https:\/\/staging.belleflamme.ca\/fr\/wp-json\/wp\/v2\/product\/40131\/revisions"}],"predecessor-version":[{"id":40134,"href":"https:\/\/staging.belleflamme.ca\/fr\/wp-json\/wp\/v2\/product\/40131\/revisions\/40134"}],"wp:featuredmedia":[{"embeddable":true,"href":"https:\/\/staging.belleflamme.ca\/fr\/wp-json\/wp\/v2\/media\/40132"}],"wp:attachment":[{"href":"https:\/\/staging.belleflamme.ca\/fr\/wp-json\/wp\/v2\/media?parent=40131"}],"wp:term":[{"taxonomy":"product_brand","embeddable":true,"href":"https:\/\/staging.belleflamme.ca\/fr\/wp-json\/wp\/v2\/product_brand?post=40131"},{"taxonomy":"product_cat","embeddable":true,"href":"https:\/\/staging.belleflamme.ca\/fr\/wp-json\/wp\/v2\/product_cat?post=40131"},{"taxonomy":"product_tag","embeddable":true,"href":"https:\/\/staging.belleflamme.ca\/fr\/wp-json\/wp\/v2\/product_tag?post=40131"}],"curies":[{"name":"wp","href":"https:\/\/api.w.org\/{rel}","templated":true}]}}