{"id":40089,"date":"2024-05-24T11:24:28","date_gmt":"2024-05-24T15:24:28","guid":{"rendered":"https:\/\/www.belleflamme.ca\/?post_type=product&#038;p=40089"},"modified":"2024-05-24T11:24:28","modified_gmt":"2024-05-24T15:24:28","slug":"aprilaire-10-filtres-dhumidificateur-a-panneau-deau-de-remplacement-pour-les-modeles-110-220-500-500a-500m-550-550a-et-558","status":"publish","type":"product","link":"https:\/\/staging.belleflamme.ca\/fr\/produit\/aprilaire-10-filtres-dhumidificateur-a-panneau-deau-de-remplacement-pour-les-modeles-110-220-500-500a-500m-550-550a-et-558\/","title":{"rendered":"AprilAire 10 Filtres d&#8217;humidificateur \u00e0 panneau d&#8217;eau de remplacement pour les mod\u00e8les 110, 220, 500, 500A, 500M, 550, 550A et 558"},"content":{"rendered":"<p><iframe width=\"560\" height=\"315\" src=\"https:\/\/www.youtube.com\/embed\/uxPTHqiqLr8?si=m4IkezxbjJN_m0oR\" title=\"YouTube video player\" frameborder=\"0\" allow=\"accelerometer; autoplay; clipboard-write; encrypted-media; gyroscope; picture-in-picture; web-share\" referrerpolicy=\"strict-origin-when-cross-origin\" allowfullscreen><\/iframe><\/p>\n<h2><span>CARACT\u00c9RISTIQUES:<\/span><\/h2>\n<ul>\n<li><strong><span>ACHETEZ EN TOUTE CONFIANCE<\/span><\/strong><span>\u00a0Ce v\u00e9ritable filtre de remplacement pour panneau d&#8217;eau\/humidificateur a \u00e9t\u00e9 con\u00e7u et fabriqu\u00e9 aux \u00c9tats-Unis par AprilAire \u2013 le leader des solutions de qualit\u00e9 de l&#8217;air int\u00e9rieur, pour optimiser les performances de votre humidificateur pour toute la maison AprilAire.<\/span><\/li>\n<li><strong><span>AJUSTEMENT PARFAIT APRILAIRE<\/span><\/strong><span>\u00a0V\u00e9ritable AprilAire con\u00e7u pour des performances optimales de votre humidificateur dans toute la maison<\/span><\/li>\n<li><strong><span>HUMIDIT\u00c9 POUR LA SANT\u00c9<\/span><\/strong><span>\u00a0Les humidificateurs AprilAire peuvent vous aider \u00e0 maintenir une humidit\u00e9 optimale dans votre maison de 40 % \u00e0 60 %, ce qui a \u00e9t\u00e9 d\u00e9montr\u00e9 pour r\u00e9duire l&#8217;incidence des infections respiratoires et des sympt\u00f4mes li\u00e9s aux allergies et \u00e0 l&#8217;asthme en minimisant la formation de bact\u00e9ries et de virus, de champignons et acariens. De plus, vous vous sentirez plus \u00e0 l&#8217;aise tout en pr\u00e9servant les objets de votre maison susceptibles d&#8217;\u00eatre endommag\u00e9s par les changements d&#8217;humidit\u00e9 ou les conditions s\u00e8ches.<\/span><\/li>\n<\/ul>\n<h3><span>AVANTAGES:<\/span><\/h3>\n<p><span>Ce v\u00e9ritable filtre \u00e0 eau\/humidificateur de remplacement AprilAire est l&#8217;\u00e9pine dorsale de votre humidificateur AprilAire pour toute la maison. Le cadre en maille d&#8217;aluminium robuste conserve sa forme pendant toute la dur\u00e9e de vie du filtre de l&#8217;humidificateur \u00e0 panneau d&#8217;eau, car le rev\u00eatement poreux de type c\u00e9ramique absorbe l&#8217;eau et maintient le niveau d&#8217;hydratation appropri\u00e9 pour soutenir le processus d&#8217;\u00e9vaporation. L&#8217;eau est vaporis\u00e9e lorsque l&#8217;air r\u00e9chauff\u00e9 par la fournaise passe sur le filtre de l&#8217;humidificateur \u00e0 panneau d&#8217;eau. L&#8217;air humidifi\u00e9 est transport\u00e9 dans la maison par les conduits d&#8217;air.<\/span><\/p>\n<p><strong><span>CARACT\u00c9RISTIQUES:<\/span><\/strong><\/p>\n<ul>\n<li><strong><span>Mod\u00e8les compatibles\u00a0:<\/span><\/strong><span>\u00a0110, 220, 500, 500A, 500M, 500MKZ, 500KZ, 550, 550A, 558<\/span><\/li>\n<li><strong><span>Calendrier de remplacement recommand\u00e9\u00a0:<\/span><\/strong><span>\u00a0Une fois par saison de chauffage<\/span><\/li>\n<li><strong><span>Mat\u00e9riaux :<\/span><\/strong><span>\u00a0aluminium, fibre synth\u00e9tique<\/span><\/li>\n<li><strong><span>Mesures nominales\u00a0:<\/span><\/strong><span>\u00a010H x 10W x 2D (pouces)<\/span><\/li>\n<li><strong><span>Mesures r\u00e9elles\u00a0:<\/span><\/strong><span>\u00a09,75 H x 9,5 L x 1,75 P (pouces)<\/span><\/li>\n<\/ul>\n","protected":false},"excerpt":{"rendered":"<p>CARACT\u00c9RISTIQUES: ACHETEZ EN TOUTE CONFIANCE\u00a0Ce v\u00e9ritable filtre de remplacement pour panneau d&#8217;eau\/humidificateur a \u00e9t\u00e9 con\u00e7u et fabriqu\u00e9 aux \u00c9tats-Unis par AprilAire \u2013 le leader des solutions de qualit\u00e9 de l&#8217;air int\u00e9rieur, pour optimiser les performances de votre humidificateur pour toute la maison AprilAire. AJUSTEMENT PARFAIT APRILAIRE\u00a0V\u00e9ritable AprilAire con\u00e7u pour des performances optimales de votre humidificateur [&hellip;]<\/p>\n","protected":false},"featured_media":40090,"template":"","meta":{"inline_featured_image":false},"product_brand":[298],"product_cat":[70,74],"product_tag":[],"class_list":{"0":"post-40089","1":"product","2":"type-product","3":"status-publish","4":"has-post-thumbnail","6":"product_brand-aprilaire","7":"product_cat-climatisation-chauffage","8":"product_cat-filtres","10":"first","11":"instock","12":"taxable","13":"shipping-taxable","14":"product-type-simple"},"yoast_head":"<!-- This site is optimized with the Yoast SEO Premium plugin v24.2 (Yoast SEO v24.2) - https:\/\/yoast.com\/wordpress\/plugins\/seo\/ -->\n<title>AprilAire 10 Filtres d&#039;humidificateur \u00e0 panneau d&#039;eau de remplacement pour les mod\u00e8les 110, 220, 500, 500A, 500M, 550, 550A et 558 - Groupe BelleFlamme<\/title>\n<meta name=\"description\" content=\"AprilAire 10 Filtres d&#039;humidificateur \u00e0 panneau d&#039;eau de remplacement pour les mod\u00e8les 110, 220, 500, 500A, 500M, 550, 550A et 558 vendu par le Groupe Belleflamme. Laval, Montr\u00e9al, Gatineau et Saint-Sauveur.\" \/>\n<meta name=\"robots\" content=\"index, follow, max-snippet:-1, max-image-preview:large, max-video-preview:-1\" \/>\n<link rel=\"canonical\" href=\"https:\/\/staging.belleflamme.ca\/fr\/produit\/aprilaire-10-filtres-dhumidificateur-a-panneau-deau-de-remplacement-pour-les-modeles-110-220-500-500a-500m-550-550a-et-558\/\" \/>\n<meta property=\"og:locale\" content=\"fr_FR\" \/>\n<meta property=\"og:type\" content=\"article\" \/>\n<meta property=\"og:title\" content=\"AprilAire 10 Filtres d&#039;humidificateur \u00e0 panneau d&#039;eau de remplacement pour les mod\u00e8les 110, 220, 500, 500A, 500M, 550, 550A et 558\" \/>\n<meta property=\"og:description\" content=\"AprilAire 10 Filtres d&#039;humidificateur \u00e0 panneau d&#039;eau de remplacement pour les mod\u00e8les 110, 220, 500, 500A, 500M, 550, 550A et 558 vendu par le Groupe Belleflamme. Laval, Montr\u00e9al, Gatineau et Saint-Sauveur.\" \/>\n<meta property=\"og:url\" content=\"https:\/\/staging.belleflamme.ca\/fr\/produit\/aprilaire-10-filtres-dhumidificateur-a-panneau-deau-de-remplacement-pour-les-modeles-110-220-500-500a-500m-550-550a-et-558\/\" \/>\n<meta property=\"og:site_name\" content=\"Groupe BelleFlamme\" \/>\n<meta property=\"article:publisher\" content=\"https:\/\/www.facebook.com\/belleflamme.ca\/\" \/>\n<meta property=\"og:image\" content=\"https:\/\/www.belleflamme.ca\/wp-content\/uploads\/2024\/05\/AprilAire-10-Filtres-dhumidificateur-a-panneau-deau-de-remplacement-pour-les-modeles-110-220-500-500A-500M-550-550A-et-558.webp\" \/>\n\t<meta property=\"og:image:width\" content=\"1080\" \/>\n\t<meta property=\"og:image:height\" content=\"1080\" \/>\n\t<meta property=\"og:image:type\" content=\"image\/webp\" \/>\n<meta name=\"twitter:card\" content=\"summary_large_image\" \/>\n<meta name=\"twitter:label1\" content=\"Prix\" \/>\n\t<meta name=\"twitter:data1\" content=\"\" \/>\n\t<meta name=\"twitter:label2\" content=\"Disponibilit\u00e9\" \/>\n\t<meta name=\"twitter:data2\" content=\"En stock\" \/>\n<script type=\"application\/ld+json\" class=\"yoast-schema-graph\">{\"@context\":\"https:\/\/schema.org\",\"@graph\":[{\"@type\":[\"WebPage\",\"ItemPage\"],\"@id\":\"https:\/\/staging.belleflamme.ca\/fr\/produit\/aprilaire-10-filtres-dhumidificateur-a-panneau-deau-de-remplacement-pour-les-modeles-110-220-500-500a-500m-550-550a-et-558\/\",\"url\":\"https:\/\/staging.belleflamme.ca\/fr\/produit\/aprilaire-10-filtres-dhumidificateur-a-panneau-deau-de-remplacement-pour-les-modeles-110-220-500-500a-500m-550-550a-et-558\/\",\"name\":\"AprilAire 10 Filtres d'humidificateur \u00e0 panneau d'eau de remplacement pour les mod\u00e8les 110, 220, 500, 500A, 500M, 550, 550A et 558 - Groupe BelleFlamme\",\"isPartOf\":{\"@id\":\"https:\/\/www.belleflamme.ca\/fr\/#website\"},\"primaryImageOfPage\":{\"@id\":\"https:\/\/staging.belleflamme.ca\/fr\/produit\/aprilaire-10-filtres-dhumidificateur-a-panneau-deau-de-remplacement-pour-les-modeles-110-220-500-500a-500m-550-550a-et-558\/#primaryimage\"},\"image\":{\"@id\":\"https:\/\/staging.belleflamme.ca\/fr\/produit\/aprilaire-10-filtres-dhumidificateur-a-panneau-deau-de-remplacement-pour-les-modeles-110-220-500-500a-500m-550-550a-et-558\/#primaryimage\"},\"thumbnailUrl\":\"https:\/\/staging.belleflamme.ca\/wp-content\/uploads\/2024\/05\/AprilAire-10-Filtres-dhumidificateur-a-panneau-deau-de-remplacement-pour-les-modeles-110-220-500-500A-500M-550-550A-et-558.webp\",\"datePublished\":\"2024-05-24T15:24:28+00:00\",\"dateModified\":\"2024-05-24T15:24:28+00:00\",\"description\":\"AprilAire 10 Filtres d'humidificateur \u00e0 panneau d'eau de remplacement pour les mod\u00e8les 110, 220, 500, 500A, 500M, 550, 550A et 558 vendu par le Groupe Belleflamme. Laval, Montr\u00e9al, Gatineau et Saint-Sauveur.\",\"breadcrumb\":{\"@id\":\"https:\/\/staging.belleflamme.ca\/fr\/produit\/aprilaire-10-filtres-dhumidificateur-a-panneau-deau-de-remplacement-pour-les-modeles-110-220-500-500a-500m-550-550a-et-558\/#breadcrumb\"},\"inLanguage\":\"fr-FR\",\"potentialAction\":[{\"@type\":\"ReadAction\",\"target\":[\"https:\/\/staging.belleflamme.ca\/fr\/produit\/aprilaire-10-filtres-dhumidificateur-a-panneau-deau-de-remplacement-pour-les-modeles-110-220-500-500a-500m-550-550a-et-558\/\"]}]},{\"@type\":\"ImageObject\",\"inLanguage\":\"fr-FR\",\"@id\":\"https:\/\/staging.belleflamme.ca\/fr\/produit\/aprilaire-10-filtres-dhumidificateur-a-panneau-deau-de-remplacement-pour-les-modeles-110-220-500-500a-500m-550-550a-et-558\/#primaryimage\",\"url\":\"https:\/\/staging.belleflamme.ca\/wp-content\/uploads\/2024\/05\/AprilAire-10-Filtres-dhumidificateur-a-panneau-deau-de-remplacement-pour-les-modeles-110-220-500-500A-500M-550-550A-et-558.webp\",\"contentUrl\":\"https:\/\/staging.belleflamme.ca\/wp-content\/uploads\/2024\/05\/AprilAire-10-Filtres-dhumidificateur-a-panneau-deau-de-remplacement-pour-les-modeles-110-220-500-500A-500M-550-550A-et-558.webp\",\"width\":1080,\"height\":1080,\"caption\":\"AprilAire 10 Filtres d'humidificateur \u00e0 panneau d'eau de remplacement pour les mod\u00e8les 110, 220, 500, 500A, 500M, 550, 550A et 558\"},{\"@type\":\"BreadcrumbList\",\"@id\":\"https:\/\/staging.belleflamme.ca\/fr\/produit\/aprilaire-10-filtres-dhumidificateur-a-panneau-deau-de-remplacement-pour-les-modeles-110-220-500-500a-500m-550-550a-et-558\/#breadcrumb\",\"itemListElement\":[{\"@type\":\"ListItem\",\"position\":1,\"name\":\"Accueil\",\"item\":\"https:\/\/www.belleflamme.ca\/fr\/\"},{\"@type\":\"ListItem\",\"position\":2,\"name\":\"Boutique\",\"item\":\"https:\/\/www.belleflamme.ca\/fr\/boutique\/\"},{\"@type\":\"ListItem\",\"position\":3,\"name\":\"Climatisation &amp; Chauffage\",\"item\":\"https:\/\/staging.belleflamme.ca\/fr\/categories\/climatisation-chauffage\/\"},{\"@type\":\"ListItem\",\"position\":4,\"name\":\"Filtres\",\"item\":\"https:\/\/staging.belleflamme.ca\/fr\/categories\/climatisation-chauffage\/filtres\/\"},{\"@type\":\"ListItem\",\"position\":5,\"name\":\"AprilAire 10 Filtres d&#8217;humidificateur \u00e0 panneau d&#8217;eau de remplacement pour les mod\u00e8les 110, 220, 500, 500A, 500M, 550, 550A et 558\"}]},{\"@type\":\"WebSite\",\"@id\":\"https:\/\/www.belleflamme.ca\/fr\/#website\",\"url\":\"https:\/\/www.belleflamme.ca\/fr\/\",\"name\":\"Groupe Belleflamme\",\"description\":\"La m\u00e9canique du b\u00e2timent dans le sang.\",\"publisher\":{\"@id\":\"https:\/\/www.belleflamme.ca\/fr\/#organization\"},\"potentialAction\":[{\"@type\":\"SearchAction\",\"target\":{\"@type\":\"EntryPoint\",\"urlTemplate\":\"https:\/\/www.belleflamme.ca\/fr\/?s={search_term_string}\"},\"query-input\":{\"@type\":\"PropertyValueSpecification\",\"valueRequired\":true,\"valueName\":\"search_term_string\"}}],\"inLanguage\":\"fr-FR\"},{\"@type\":[\"Organization\",\"Place\"],\"@id\":\"https:\/\/www.belleflamme.ca\/fr\/#organization\",\"name\":\"Groupe Belleflamme\",\"alternateName\":\"Belleflamme\",\"url\":\"https:\/\/www.belleflamme.ca\/fr\/\",\"logo\":{\"@type\":\"ImageObject\",\"inLanguage\":\"fr-FR\",\"@id\":\"https:\/\/www.belleflamme.ca\/fr\/#\/schema\/logo\/image\/\",\"url\":\"https:\/\/staging.belleflamme.ca\/wp-content\/uploads\/2023\/01\/og-image.jpg\",\"contentUrl\":\"https:\/\/staging.belleflamme.ca\/wp-content\/uploads\/2023\/01\/og-image.jpg\",\"width\":1200,\"height\":630,\"caption\":\"Groupe Belleflamme\"},\"image\":{\"@id\":\"https:\/\/www.belleflamme.ca\/fr\/#\/schema\/logo\/image\/\"},\"sameAs\":[\"https:\/\/www.facebook.com\/belleflamme.ca\/\",\"https:\/\/www.linkedin.com\/company\/belleflamme\/\",\"https:\/\/www.pinterest.ca\/groupebelleflamme\/\",\"https:\/\/www.instagram.com\/legroupebelleflamme\/\"],\"mainEntityOfPage\":{\"@id\":\"https:\/\/staging.belleflamme.ca\/fr\/produit\/aprilaire-10-filtres-dhumidificateur-a-panneau-deau-de-remplacement-pour-les-modeles-110-220-500-500a-500m-550-550a-et-558\/\"}}]}<\/script>\n<meta property=\"product:brand\" content=\"Aprilaire\" \/>\n<meta property=\"product:price:amount\" content=\"0.00\" \/>\n<meta property=\"product:price:currency\" content=\"CAD\" \/>\n<meta property=\"og:availability\" content=\"instock\" \/>\n<meta property=\"product:availability\" content=\"instock\" \/>\n<meta property=\"product:retailer_item_id\" content=\"10\" \/>\n<meta property=\"product:condition\" content=\"new\" \/>\n<!-- \/ Yoast SEO Premium plugin. -->","yoast_head_json":{"title":"AprilAire 10 Filtres d'humidificateur \u00e0 panneau d'eau de remplacement pour les mod\u00e8les 110, 220, 500, 500A, 500M, 550, 550A et 558 - Groupe BelleFlamme","description":"AprilAire 10 Filtres d'humidificateur \u00e0 panneau d'eau de remplacement pour les mod\u00e8les 110, 220, 500, 500A, 500M, 550, 550A et 558 vendu par le Groupe Belleflamme. Laval, Montr\u00e9al, Gatineau et Saint-Sauveur.","robots":{"index":"index","follow":"follow","max-snippet":"max-snippet:-1","max-image-preview":"max-image-preview:large","max-video-preview":"max-video-preview:-1"},"canonical":"https:\/\/staging.belleflamme.ca\/fr\/produit\/aprilaire-10-filtres-dhumidificateur-a-panneau-deau-de-remplacement-pour-les-modeles-110-220-500-500a-500m-550-550a-et-558\/","og_locale":"fr_FR","og_type":"article","og_title":"AprilAire 10 Filtres d'humidificateur \u00e0 panneau d'eau de remplacement pour les mod\u00e8les 110, 220, 500, 500A, 500M, 550, 550A et 558","og_description":"AprilAire 10 Filtres d'humidificateur \u00e0 panneau d'eau de remplacement pour les mod\u00e8les 110, 220, 500, 500A, 500M, 550, 550A et 558 vendu par le Groupe Belleflamme. Laval, Montr\u00e9al, Gatineau et Saint-Sauveur.","og_url":"https:\/\/staging.belleflamme.ca\/fr\/produit\/aprilaire-10-filtres-dhumidificateur-a-panneau-deau-de-remplacement-pour-les-modeles-110-220-500-500a-500m-550-550a-et-558\/","og_site_name":"Groupe BelleFlamme","article_publisher":"https:\/\/www.facebook.com\/belleflamme.ca\/","og_image":[{"width":1080,"height":1080,"url":"https:\/\/www.belleflamme.ca\/wp-content\/uploads\/2024\/05\/AprilAire-10-Filtres-dhumidificateur-a-panneau-deau-de-remplacement-pour-les-modeles-110-220-500-500A-500M-550-550A-et-558.webp","type":"image\/webp"}],"twitter_card":"summary_large_image","twitter_misc":{"Prix":"","Disponibilit\u00e9":"En stock"},"schema":{"@context":"https:\/\/schema.org","@graph":[{"@type":["WebPage","ItemPage"],"@id":"https:\/\/staging.belleflamme.ca\/fr\/produit\/aprilaire-10-filtres-dhumidificateur-a-panneau-deau-de-remplacement-pour-les-modeles-110-220-500-500a-500m-550-550a-et-558\/","url":"https:\/\/staging.belleflamme.ca\/fr\/produit\/aprilaire-10-filtres-dhumidificateur-a-panneau-deau-de-remplacement-pour-les-modeles-110-220-500-500a-500m-550-550a-et-558\/","name":"AprilAire 10 Filtres d'humidificateur \u00e0 panneau d'eau de remplacement pour les mod\u00e8les 110, 220, 500, 500A, 500M, 550, 550A et 558 - Groupe BelleFlamme","isPartOf":{"@id":"https:\/\/www.belleflamme.ca\/fr\/#website"},"primaryImageOfPage":{"@id":"https:\/\/staging.belleflamme.ca\/fr\/produit\/aprilaire-10-filtres-dhumidificateur-a-panneau-deau-de-remplacement-pour-les-modeles-110-220-500-500a-500m-550-550a-et-558\/#primaryimage"},"image":{"@id":"https:\/\/staging.belleflamme.ca\/fr\/produit\/aprilaire-10-filtres-dhumidificateur-a-panneau-deau-de-remplacement-pour-les-modeles-110-220-500-500a-500m-550-550a-et-558\/#primaryimage"},"thumbnailUrl":"https:\/\/staging.belleflamme.ca\/wp-content\/uploads\/2024\/05\/AprilAire-10-Filtres-dhumidificateur-a-panneau-deau-de-remplacement-pour-les-modeles-110-220-500-500A-500M-550-550A-et-558.webp","datePublished":"2024-05-24T15:24:28+00:00","dateModified":"2024-05-24T15:24:28+00:00","description":"AprilAire 10 Filtres d'humidificateur \u00e0 panneau d'eau de remplacement pour les mod\u00e8les 110, 220, 500, 500A, 500M, 550, 550A et 558 vendu par le Groupe Belleflamme. Laval, Montr\u00e9al, Gatineau et Saint-Sauveur.","breadcrumb":{"@id":"https:\/\/staging.belleflamme.ca\/fr\/produit\/aprilaire-10-filtres-dhumidificateur-a-panneau-deau-de-remplacement-pour-les-modeles-110-220-500-500a-500m-550-550a-et-558\/#breadcrumb"},"inLanguage":"fr-FR","potentialAction":[{"@type":"ReadAction","target":["https:\/\/staging.belleflamme.ca\/fr\/produit\/aprilaire-10-filtres-dhumidificateur-a-panneau-deau-de-remplacement-pour-les-modeles-110-220-500-500a-500m-550-550a-et-558\/"]}]},{"@type":"ImageObject","inLanguage":"fr-FR","@id":"https:\/\/staging.belleflamme.ca\/fr\/produit\/aprilaire-10-filtres-dhumidificateur-a-panneau-deau-de-remplacement-pour-les-modeles-110-220-500-500a-500m-550-550a-et-558\/#primaryimage","url":"https:\/\/staging.belleflamme.ca\/wp-content\/uploads\/2024\/05\/AprilAire-10-Filtres-dhumidificateur-a-panneau-deau-de-remplacement-pour-les-modeles-110-220-500-500A-500M-550-550A-et-558.webp","contentUrl":"https:\/\/staging.belleflamme.ca\/wp-content\/uploads\/2024\/05\/AprilAire-10-Filtres-dhumidificateur-a-panneau-deau-de-remplacement-pour-les-modeles-110-220-500-500A-500M-550-550A-et-558.webp","width":1080,"height":1080,"caption":"AprilAire 10 Filtres d'humidificateur \u00e0 panneau d'eau de remplacement pour les mod\u00e8les 110, 220, 500, 500A, 500M, 550, 550A et 558"},{"@type":"BreadcrumbList","@id":"https:\/\/staging.belleflamme.ca\/fr\/produit\/aprilaire-10-filtres-dhumidificateur-a-panneau-deau-de-remplacement-pour-les-modeles-110-220-500-500a-500m-550-550a-et-558\/#breadcrumb","itemListElement":[{"@type":"ListItem","position":1,"name":"Accueil","item":"https:\/\/www.belleflamme.ca\/fr\/"},{"@type":"ListItem","position":2,"name":"Boutique","item":"https:\/\/www.belleflamme.ca\/fr\/boutique\/"},{"@type":"ListItem","position":3,"name":"Climatisation &amp; Chauffage","item":"https:\/\/staging.belleflamme.ca\/fr\/categories\/climatisation-chauffage\/"},{"@type":"ListItem","position":4,"name":"Filtres","item":"https:\/\/staging.belleflamme.ca\/fr\/categories\/climatisation-chauffage\/filtres\/"},{"@type":"ListItem","position":5,"name":"AprilAire 10 Filtres d&#8217;humidificateur \u00e0 panneau d&#8217;eau de remplacement pour les mod\u00e8les 110, 220, 500, 500A, 500M, 550, 550A et 558"}]},{"@type":"WebSite","@id":"https:\/\/www.belleflamme.ca\/fr\/#website","url":"https:\/\/www.belleflamme.ca\/fr\/","name":"Groupe Belleflamme","description":"La m\u00e9canique du b\u00e2timent dans le sang.","publisher":{"@id":"https:\/\/www.belleflamme.ca\/fr\/#organization"},"potentialAction":[{"@type":"SearchAction","target":{"@type":"EntryPoint","urlTemplate":"https:\/\/www.belleflamme.ca\/fr\/?s={search_term_string}"},"query-input":{"@type":"PropertyValueSpecification","valueRequired":true,"valueName":"search_term_string"}}],"inLanguage":"fr-FR"},{"@type":["Organization","Place"],"@id":"https:\/\/www.belleflamme.ca\/fr\/#organization","name":"Groupe Belleflamme","alternateName":"Belleflamme","url":"https:\/\/www.belleflamme.ca\/fr\/","logo":{"@type":"ImageObject","inLanguage":"fr-FR","@id":"https:\/\/www.belleflamme.ca\/fr\/#\/schema\/logo\/image\/","url":"https:\/\/staging.belleflamme.ca\/wp-content\/uploads\/2023\/01\/og-image.jpg","contentUrl":"https:\/\/staging.belleflamme.ca\/wp-content\/uploads\/2023\/01\/og-image.jpg","width":1200,"height":630,"caption":"Groupe Belleflamme"},"image":{"@id":"https:\/\/www.belleflamme.ca\/fr\/#\/schema\/logo\/image\/"},"sameAs":["https:\/\/www.facebook.com\/belleflamme.ca\/","https:\/\/www.linkedin.com\/company\/belleflamme\/","https:\/\/www.pinterest.ca\/groupebelleflamme\/","https:\/\/www.instagram.com\/legroupebelleflamme\/"],"mainEntityOfPage":{"@id":"https:\/\/staging.belleflamme.ca\/fr\/produit\/aprilaire-10-filtres-dhumidificateur-a-panneau-deau-de-remplacement-pour-les-modeles-110-220-500-500a-500m-550-550a-et-558\/"}}]},"product_brand":"Aprilaire","product_price_amount":"0.00","product_price_currency":"CAD","og_availability":"instock","product_availability":"instock","product_retailer_item_id":"10","product_condition":"new"},"_links":{"self":[{"href":"https:\/\/staging.belleflamme.ca\/fr\/wp-json\/wp\/v2\/product\/40089","targetHints":{"allow":["GET"]}}],"collection":[{"href":"https:\/\/staging.belleflamme.ca\/fr\/wp-json\/wp\/v2\/product"}],"about":[{"href":"https:\/\/staging.belleflamme.ca\/fr\/wp-json\/wp\/v2\/types\/product"}],"version-history":[{"count":1,"href":"https:\/\/staging.belleflamme.ca\/fr\/wp-json\/wp\/v2\/product\/40089\/revisions"}],"predecessor-version":[{"id":40092,"href":"https:\/\/staging.belleflamme.ca\/fr\/wp-json\/wp\/v2\/product\/40089\/revisions\/40092"}],"wp:featuredmedia":[{"embeddable":true,"href":"https:\/\/staging.belleflamme.ca\/fr\/wp-json\/wp\/v2\/media\/40090"}],"wp:attachment":[{"href":"https:\/\/staging.belleflamme.ca\/fr\/wp-json\/wp\/v2\/media?parent=40089"}],"wp:term":[{"taxonomy":"product_brand","embeddable":true,"href":"https:\/\/staging.belleflamme.ca\/fr\/wp-json\/wp\/v2\/product_brand?post=40089"},{"taxonomy":"product_cat","embeddable":true,"href":"https:\/\/staging.belleflamme.ca\/fr\/wp-json\/wp\/v2\/product_cat?post=40089"},{"taxonomy":"product_tag","embeddable":true,"href":"https:\/\/staging.belleflamme.ca\/fr\/wp-json\/wp\/v2\/product_tag?post=40089"}],"curies":[{"name":"wp","href":"https:\/\/api.w.org\/{rel}","templated":true}]}}