{"id":40082,"date":"2024-05-24T11:16:57","date_gmt":"2024-05-24T15:16:57","guid":{"rendered":"https:\/\/www.belleflamme.ca\/?post_type=product&#038;p=40082"},"modified":"2024-05-24T11:17:09","modified_gmt":"2024-05-24T15:17:09","slug":"aprilaire-h510ez1a-kit-de-remplacement-de-filtre-dhumidificateur-panneau-deau-pour-modeles-500-500-a-et-500-m","status":"publish","type":"product","link":"https:\/\/staging.belleflamme.ca\/fr\/produit\/aprilaire-h510ez1a-kit-de-remplacement-de-filtre-dhumidificateur-panneau-deau-pour-modeles-500-500-a-et-500-m\/","title":{"rendered":"AprilAire H510EZ1A Kit de remplacement de filtre d&#8217;humidificateur\/panneau d&#8217;eau pour mod\u00e8les 500, 500 A et 500 M"},"content":{"rendered":"<p><iframe title=\"YouTube video player\" src=\"https:\/\/www.youtube.com\/embed\/yXghfyCz88Q?si=Hkwt72MIAzEetCpA\" width=\"560\" height=\"315\" frameborder=\"0\" allowfullscreen=\"allowfullscreen\"><\/iframe><\/p>\n<h2>CARACT\u00c9RISTIQUES DU MOD\u00c8LE H510EZ1A\u00a0:<\/h2>\n<ul>\n<li><strong>Filtre de remplacement d&#8217;origine AprilAire\u00a0:<\/strong>\u00a0cet ensemble de panneau d&#8217;eau de remplacement a \u00e9t\u00e9 con\u00e7u et fabriqu\u00e9 aux \u00c9tats-Unis par AprilAire pour s&#8217;adapter aux mod\u00e8les d&#8217;humidificateurs pour toute la maison 500, 500A et 500M.<\/li>\n<li><strong>Kit tout-en-un :<\/strong>\u00a0pas de g\u00e2chis. Pas de nettoyage. Il suffit de remplacer rapidement et simplement l&#8217;ensemble du panneau d&#8217;eau pour que votre humidificateur AprilAire pour toute la maison continue de fonctionner comme neuf.<\/li>\n<li><strong>Humidit\u00e9 saine\u00a0:<\/strong>\u00a0en rempla\u00e7ant le panneau d&#8217;eau de votre humidificateur, vous pouvez profiter des avantages de niveaux d&#8217;humidit\u00e9 optimaux, notamment une incidence plus faible d&#8217;infections respiratoires, une formation minimis\u00e9e de bact\u00e9ries et de virus et la pr\u00e9servation des articles m\u00e9nagers sensibles aux conditions s\u00e8ches.<\/li>\n<li><strong>Ajustement parfait :<\/strong>\u00a0le panneau d&#8217;eau de cet assemblage mesure 10&#8243; H x 9,75&#8243; L x 1,75&#8243; W pour les mod\u00e8les d&#8217;humidificateur AprilAire pour toute la maison 500, 500A et 500M.<\/li>\n<\/ul>\n<h3>AVANTAGES:<\/h3>\n<p>AprilAire rend l&#8217;entretien plus facile que jamais avec le kit de remplacement du filtre d&#8217;humidificateur\/panneau d&#8217;eau pour les mod\u00e8les d&#8217;humidificateur pour toute la maison AprilAire 500, 500A et 500M. Ce kit de remplacement tout-en-un est enti\u00e8rement assembl\u00e9 pour un entretien simple et rapide qui permet \u00e0 votre humidificateur de fonctionner comme neuf. Pas besoin d&#8217;enlever l&#8217;accumulation de tartre ou de nettoyer manuellement les parties du panneau d&#8217;eau, il suffit de retirer et de jeter l&#8217;ancien et de glisser le kit de remplacement pour rafra\u00eechir les performances de votre humidificateur AprilAire pour toute la maison.<\/p>\n<p>Un panneau d&#8217;eau correctement entretenu contribue \u00e0 maintenir des niveaux d&#8217;humidit\u00e9 \u00e9quilibr\u00e9s dans toute votre maison, cr\u00e9ant ainsi un environnement dans lequel les acariens, les virus et autres d\u00e9clencheurs d&#8217;asthme et d&#8217;allergies sont moins susceptibles de se d\u00e9velopper. Vous trouverez des instructions d\u00e9taill\u00e9es sur la bo\u00eete avec des visuels utiles et des conseils \u00e9tape par \u00e9tape pour faciliter le processus. AprilAire recommande de remplacer l&#8217;ensemble filtre de l&#8217;humidificateur et panneau d&#8217;eau une fois par an.<\/p>\n<p><strong>INCLUS DANS LA BO\u00ceTE\u00a0:<\/strong><\/p>\n<ul>\n<li>Insert de contr\u00f4le de balance 4640<\/li>\n<li>4331 Plateau de distribution<\/li>\n<li>10 Panneau d&#8217;eau<\/li>\n<\/ul>\n<p>&nbsp;<\/p>\n<p><strong>CARACT\u00c9RISTIQUES:<\/strong><\/p>\n<ul>\n<li><strong>Mod\u00e8les compatibles\u00a0:<\/strong>\u00a0500, 500A, 500M<\/li>\n<li><strong>Mat\u00e9riaux :<\/strong>\u00a0Aluminium, Fibre synth\u00e9tique, Plastique<\/li>\n<li><strong>Mesures r\u00e9elles\u00a0:<\/strong>\u00a011,35 H x 2,88 L x 10,7 P (pouces)<\/li>\n<\/ul>\n","protected":false},"excerpt":{"rendered":"<p>CARACT\u00c9RISTIQUES DU MOD\u00c8LE H510EZ1A\u00a0: Filtre de remplacement d&#8217;origine AprilAire\u00a0:\u00a0cet ensemble de panneau d&#8217;eau de remplacement a \u00e9t\u00e9 con\u00e7u et fabriqu\u00e9 aux \u00c9tats-Unis par AprilAire pour s&#8217;adapter aux mod\u00e8les d&#8217;humidificateurs pour toute la maison 500, 500A et 500M. Kit tout-en-un :\u00a0pas de g\u00e2chis. Pas de nettoyage. Il suffit de remplacer rapidement et simplement l&#8217;ensemble du panneau [&hellip;]<\/p>\n","protected":false},"featured_media":40083,"template":"","meta":{"inline_featured_image":false},"product_brand":[298],"product_cat":[70,74],"product_tag":[],"class_list":{"0":"post-40082","1":"product","2":"type-product","3":"status-publish","4":"has-post-thumbnail","6":"product_brand-aprilaire","7":"product_cat-climatisation-chauffage","8":"product_cat-filtres","10":"first","11":"instock","12":"taxable","13":"shipping-taxable","14":"product-type-simple"},"yoast_head":"<!-- This site is optimized with the Yoast SEO Premium plugin v24.2 (Yoast SEO v24.2) - https:\/\/yoast.com\/wordpress\/plugins\/seo\/ -->\n<title>AprilAire H510EZ1A Kit de remplacement de filtre d&#039;humidificateur\/panneau d&#039;eau pour mod\u00e8les 500, 500 A et 500 M - Groupe BelleFlamme<\/title>\n<meta name=\"description\" content=\"AprilAire H510EZ1A Kit de remplacement de filtre d&#039;humidificateur\/panneau d&#039;eau pour mod\u00e8les 500, 500 A et 500 M vendu par le Groupe Belleflamme. Laval, Montr\u00e9al, Gatineau et Saint-Sauveur.\" \/>\n<meta name=\"robots\" content=\"index, follow, max-snippet:-1, max-image-preview:large, max-video-preview:-1\" \/>\n<link rel=\"canonical\" href=\"https:\/\/staging.belleflamme.ca\/fr\/produit\/aprilaire-h510ez1a-kit-de-remplacement-de-filtre-dhumidificateur-panneau-deau-pour-modeles-500-500-a-et-500-m\/\" \/>\n<meta property=\"og:locale\" content=\"fr_FR\" \/>\n<meta property=\"og:type\" content=\"article\" \/>\n<meta property=\"og:title\" content=\"AprilAire H510EZ1A Kit de remplacement de filtre d&#039;humidificateur\/panneau d&#039;eau pour mod\u00e8les 500, 500 A et 500 M\" \/>\n<meta property=\"og:description\" content=\"AprilAire H510EZ1A Kit de remplacement de filtre d&#039;humidificateur\/panneau d&#039;eau pour mod\u00e8les 500, 500 A et 500 M vendu par le Groupe Belleflamme. Laval, Montr\u00e9al, Gatineau et Saint-Sauveur.\" \/>\n<meta property=\"og:url\" content=\"https:\/\/staging.belleflamme.ca\/fr\/produit\/aprilaire-h510ez1a-kit-de-remplacement-de-filtre-dhumidificateur-panneau-deau-pour-modeles-500-500-a-et-500-m\/\" \/>\n<meta property=\"og:site_name\" content=\"Groupe BelleFlamme\" \/>\n<meta property=\"article:publisher\" content=\"https:\/\/www.facebook.com\/belleflamme.ca\/\" \/>\n<meta property=\"article:modified_time\" content=\"2024-05-24T15:17:09+00:00\" \/>\n<meta property=\"og:image\" content=\"https:\/\/www.belleflamme.ca\/wp-content\/uploads\/2024\/05\/AprilAire-H510EZ1A-Kit-de-remplacement-de-filtre-dhumidificateur-panneau-deau-pour-modeles-500-500-A-et-500-M.webp\" \/>\n\t<meta property=\"og:image:width\" content=\"1080\" \/>\n\t<meta property=\"og:image:height\" content=\"1080\" \/>\n\t<meta property=\"og:image:type\" content=\"image\/webp\" \/>\n<meta name=\"twitter:card\" content=\"summary_large_image\" \/>\n<meta name=\"twitter:label1\" content=\"Prix\" \/>\n\t<meta name=\"twitter:data1\" content=\"\" \/>\n\t<meta name=\"twitter:label2\" content=\"Disponibilit\u00e9\" \/>\n\t<meta name=\"twitter:data2\" content=\"En stock\" \/>\n<script type=\"application\/ld+json\" class=\"yoast-schema-graph\">{\"@context\":\"https:\/\/schema.org\",\"@graph\":[{\"@type\":[\"WebPage\",\"ItemPage\"],\"@id\":\"https:\/\/staging.belleflamme.ca\/fr\/produit\/aprilaire-h510ez1a-kit-de-remplacement-de-filtre-dhumidificateur-panneau-deau-pour-modeles-500-500-a-et-500-m\/\",\"url\":\"https:\/\/staging.belleflamme.ca\/fr\/produit\/aprilaire-h510ez1a-kit-de-remplacement-de-filtre-dhumidificateur-panneau-deau-pour-modeles-500-500-a-et-500-m\/\",\"name\":\"AprilAire H510EZ1A Kit de remplacement de filtre d'humidificateur\/panneau d'eau pour mod\u00e8les 500, 500 A et 500 M - Groupe BelleFlamme\",\"isPartOf\":{\"@id\":\"https:\/\/www.belleflamme.ca\/fr\/#website\"},\"primaryImageOfPage\":{\"@id\":\"https:\/\/staging.belleflamme.ca\/fr\/produit\/aprilaire-h510ez1a-kit-de-remplacement-de-filtre-dhumidificateur-panneau-deau-pour-modeles-500-500-a-et-500-m\/#primaryimage\"},\"image\":{\"@id\":\"https:\/\/staging.belleflamme.ca\/fr\/produit\/aprilaire-h510ez1a-kit-de-remplacement-de-filtre-dhumidificateur-panneau-deau-pour-modeles-500-500-a-et-500-m\/#primaryimage\"},\"thumbnailUrl\":\"https:\/\/staging.belleflamme.ca\/wp-content\/uploads\/2024\/05\/AprilAire-H510EZ1A-Kit-de-remplacement-de-filtre-dhumidificateur-panneau-deau-pour-modeles-500-500-A-et-500-M.webp\",\"datePublished\":\"2024-05-24T15:16:57+00:00\",\"dateModified\":\"2024-05-24T15:17:09+00:00\",\"description\":\"AprilAire H510EZ1A Kit de remplacement de filtre d'humidificateur\/panneau d'eau pour mod\u00e8les 500, 500 A et 500 M vendu par le Groupe Belleflamme. Laval, Montr\u00e9al, Gatineau et Saint-Sauveur.\",\"breadcrumb\":{\"@id\":\"https:\/\/staging.belleflamme.ca\/fr\/produit\/aprilaire-h510ez1a-kit-de-remplacement-de-filtre-dhumidificateur-panneau-deau-pour-modeles-500-500-a-et-500-m\/#breadcrumb\"},\"inLanguage\":\"fr-FR\",\"potentialAction\":[{\"@type\":\"ReadAction\",\"target\":[\"https:\/\/staging.belleflamme.ca\/fr\/produit\/aprilaire-h510ez1a-kit-de-remplacement-de-filtre-dhumidificateur-panneau-deau-pour-modeles-500-500-a-et-500-m\/\"]}]},{\"@type\":\"ImageObject\",\"inLanguage\":\"fr-FR\",\"@id\":\"https:\/\/staging.belleflamme.ca\/fr\/produit\/aprilaire-h510ez1a-kit-de-remplacement-de-filtre-dhumidificateur-panneau-deau-pour-modeles-500-500-a-et-500-m\/#primaryimage\",\"url\":\"https:\/\/staging.belleflamme.ca\/wp-content\/uploads\/2024\/05\/AprilAire-H510EZ1A-Kit-de-remplacement-de-filtre-dhumidificateur-panneau-deau-pour-modeles-500-500-A-et-500-M.webp\",\"contentUrl\":\"https:\/\/staging.belleflamme.ca\/wp-content\/uploads\/2024\/05\/AprilAire-H510EZ1A-Kit-de-remplacement-de-filtre-dhumidificateur-panneau-deau-pour-modeles-500-500-A-et-500-M.webp\",\"width\":1080,\"height\":1080},{\"@type\":\"BreadcrumbList\",\"@id\":\"https:\/\/staging.belleflamme.ca\/fr\/produit\/aprilaire-h510ez1a-kit-de-remplacement-de-filtre-dhumidificateur-panneau-deau-pour-modeles-500-500-a-et-500-m\/#breadcrumb\",\"itemListElement\":[{\"@type\":\"ListItem\",\"position\":1,\"name\":\"Accueil\",\"item\":\"https:\/\/www.belleflamme.ca\/fr\/\"},{\"@type\":\"ListItem\",\"position\":2,\"name\":\"Boutique\",\"item\":\"https:\/\/www.belleflamme.ca\/fr\/boutique\/\"},{\"@type\":\"ListItem\",\"position\":3,\"name\":\"Climatisation &amp; Chauffage\",\"item\":\"https:\/\/staging.belleflamme.ca\/fr\/categories\/climatisation-chauffage\/\"},{\"@type\":\"ListItem\",\"position\":4,\"name\":\"Filtres\",\"item\":\"https:\/\/staging.belleflamme.ca\/fr\/categories\/climatisation-chauffage\/filtres\/\"},{\"@type\":\"ListItem\",\"position\":5,\"name\":\"AprilAire H510EZ1A Kit de remplacement de filtre d&#8217;humidificateur\/panneau d&#8217;eau pour mod\u00e8les 500, 500 A et 500 M\"}]},{\"@type\":\"WebSite\",\"@id\":\"https:\/\/www.belleflamme.ca\/fr\/#website\",\"url\":\"https:\/\/www.belleflamme.ca\/fr\/\",\"name\":\"Groupe Belleflamme\",\"description\":\"La m\u00e9canique du b\u00e2timent dans le sang.\",\"publisher\":{\"@id\":\"https:\/\/www.belleflamme.ca\/fr\/#organization\"},\"potentialAction\":[{\"@type\":\"SearchAction\",\"target\":{\"@type\":\"EntryPoint\",\"urlTemplate\":\"https:\/\/www.belleflamme.ca\/fr\/?s={search_term_string}\"},\"query-input\":{\"@type\":\"PropertyValueSpecification\",\"valueRequired\":true,\"valueName\":\"search_term_string\"}}],\"inLanguage\":\"fr-FR\"},{\"@type\":[\"Organization\",\"Place\"],\"@id\":\"https:\/\/www.belleflamme.ca\/fr\/#organization\",\"name\":\"Groupe Belleflamme\",\"alternateName\":\"Belleflamme\",\"url\":\"https:\/\/www.belleflamme.ca\/fr\/\",\"logo\":{\"@type\":\"ImageObject\",\"inLanguage\":\"fr-FR\",\"@id\":\"https:\/\/www.belleflamme.ca\/fr\/#\/schema\/logo\/image\/\",\"url\":\"https:\/\/staging.belleflamme.ca\/wp-content\/uploads\/2023\/01\/og-image.jpg\",\"contentUrl\":\"https:\/\/staging.belleflamme.ca\/wp-content\/uploads\/2023\/01\/og-image.jpg\",\"width\":1200,\"height\":630,\"caption\":\"Groupe Belleflamme\"},\"image\":{\"@id\":\"https:\/\/www.belleflamme.ca\/fr\/#\/schema\/logo\/image\/\"},\"sameAs\":[\"https:\/\/www.facebook.com\/belleflamme.ca\/\",\"https:\/\/www.linkedin.com\/company\/belleflamme\/\",\"https:\/\/www.pinterest.ca\/groupebelleflamme\/\",\"https:\/\/www.instagram.com\/legroupebelleflamme\/\"],\"mainEntityOfPage\":{\"@id\":\"https:\/\/staging.belleflamme.ca\/fr\/produit\/aprilaire-h510ez1a-kit-de-remplacement-de-filtre-dhumidificateur-panneau-deau-pour-modeles-500-500-a-et-500-m\/\"}}]}<\/script>\n<meta property=\"product:brand\" content=\"Aprilaire\" \/>\n<meta property=\"product:price:amount\" content=\"0.00\" \/>\n<meta property=\"product:price:currency\" content=\"CAD\" \/>\n<meta property=\"og:availability\" content=\"instock\" \/>\n<meta property=\"product:availability\" content=\"instock\" \/>\n<meta property=\"product:retailer_item_id\" content=\"H510EZ1A\" \/>\n<meta property=\"product:condition\" content=\"new\" \/>\n<!-- \/ Yoast SEO Premium plugin. -->","yoast_head_json":{"title":"AprilAire H510EZ1A Kit de remplacement de filtre d'humidificateur\/panneau d'eau pour mod\u00e8les 500, 500 A et 500 M - Groupe BelleFlamme","description":"AprilAire H510EZ1A Kit de remplacement de filtre d'humidificateur\/panneau d'eau pour mod\u00e8les 500, 500 A et 500 M vendu par le Groupe Belleflamme. Laval, Montr\u00e9al, Gatineau et Saint-Sauveur.","robots":{"index":"index","follow":"follow","max-snippet":"max-snippet:-1","max-image-preview":"max-image-preview:large","max-video-preview":"max-video-preview:-1"},"canonical":"https:\/\/staging.belleflamme.ca\/fr\/produit\/aprilaire-h510ez1a-kit-de-remplacement-de-filtre-dhumidificateur-panneau-deau-pour-modeles-500-500-a-et-500-m\/","og_locale":"fr_FR","og_type":"article","og_title":"AprilAire H510EZ1A Kit de remplacement de filtre d'humidificateur\/panneau d'eau pour mod\u00e8les 500, 500 A et 500 M","og_description":"AprilAire H510EZ1A Kit de remplacement de filtre d'humidificateur\/panneau d'eau pour mod\u00e8les 500, 500 A et 500 M vendu par le Groupe Belleflamme. Laval, Montr\u00e9al, Gatineau et Saint-Sauveur.","og_url":"https:\/\/staging.belleflamme.ca\/fr\/produit\/aprilaire-h510ez1a-kit-de-remplacement-de-filtre-dhumidificateur-panneau-deau-pour-modeles-500-500-a-et-500-m\/","og_site_name":"Groupe BelleFlamme","article_publisher":"https:\/\/www.facebook.com\/belleflamme.ca\/","article_modified_time":"2024-05-24T15:17:09+00:00","og_image":[{"width":1080,"height":1080,"url":"https:\/\/www.belleflamme.ca\/wp-content\/uploads\/2024\/05\/AprilAire-H510EZ1A-Kit-de-remplacement-de-filtre-dhumidificateur-panneau-deau-pour-modeles-500-500-A-et-500-M.webp","type":"image\/webp"}],"twitter_card":"summary_large_image","twitter_misc":{"Prix":"","Disponibilit\u00e9":"En stock"},"schema":{"@context":"https:\/\/schema.org","@graph":[{"@type":["WebPage","ItemPage"],"@id":"https:\/\/staging.belleflamme.ca\/fr\/produit\/aprilaire-h510ez1a-kit-de-remplacement-de-filtre-dhumidificateur-panneau-deau-pour-modeles-500-500-a-et-500-m\/","url":"https:\/\/staging.belleflamme.ca\/fr\/produit\/aprilaire-h510ez1a-kit-de-remplacement-de-filtre-dhumidificateur-panneau-deau-pour-modeles-500-500-a-et-500-m\/","name":"AprilAire H510EZ1A Kit de remplacement de filtre d'humidificateur\/panneau d'eau pour mod\u00e8les 500, 500 A et 500 M - Groupe BelleFlamme","isPartOf":{"@id":"https:\/\/www.belleflamme.ca\/fr\/#website"},"primaryImageOfPage":{"@id":"https:\/\/staging.belleflamme.ca\/fr\/produit\/aprilaire-h510ez1a-kit-de-remplacement-de-filtre-dhumidificateur-panneau-deau-pour-modeles-500-500-a-et-500-m\/#primaryimage"},"image":{"@id":"https:\/\/staging.belleflamme.ca\/fr\/produit\/aprilaire-h510ez1a-kit-de-remplacement-de-filtre-dhumidificateur-panneau-deau-pour-modeles-500-500-a-et-500-m\/#primaryimage"},"thumbnailUrl":"https:\/\/staging.belleflamme.ca\/wp-content\/uploads\/2024\/05\/AprilAire-H510EZ1A-Kit-de-remplacement-de-filtre-dhumidificateur-panneau-deau-pour-modeles-500-500-A-et-500-M.webp","datePublished":"2024-05-24T15:16:57+00:00","dateModified":"2024-05-24T15:17:09+00:00","description":"AprilAire H510EZ1A Kit de remplacement de filtre d'humidificateur\/panneau d'eau pour mod\u00e8les 500, 500 A et 500 M vendu par le Groupe Belleflamme. Laval, Montr\u00e9al, Gatineau et Saint-Sauveur.","breadcrumb":{"@id":"https:\/\/staging.belleflamme.ca\/fr\/produit\/aprilaire-h510ez1a-kit-de-remplacement-de-filtre-dhumidificateur-panneau-deau-pour-modeles-500-500-a-et-500-m\/#breadcrumb"},"inLanguage":"fr-FR","potentialAction":[{"@type":"ReadAction","target":["https:\/\/staging.belleflamme.ca\/fr\/produit\/aprilaire-h510ez1a-kit-de-remplacement-de-filtre-dhumidificateur-panneau-deau-pour-modeles-500-500-a-et-500-m\/"]}]},{"@type":"ImageObject","inLanguage":"fr-FR","@id":"https:\/\/staging.belleflamme.ca\/fr\/produit\/aprilaire-h510ez1a-kit-de-remplacement-de-filtre-dhumidificateur-panneau-deau-pour-modeles-500-500-a-et-500-m\/#primaryimage","url":"https:\/\/staging.belleflamme.ca\/wp-content\/uploads\/2024\/05\/AprilAire-H510EZ1A-Kit-de-remplacement-de-filtre-dhumidificateur-panneau-deau-pour-modeles-500-500-A-et-500-M.webp","contentUrl":"https:\/\/staging.belleflamme.ca\/wp-content\/uploads\/2024\/05\/AprilAire-H510EZ1A-Kit-de-remplacement-de-filtre-dhumidificateur-panneau-deau-pour-modeles-500-500-A-et-500-M.webp","width":1080,"height":1080},{"@type":"BreadcrumbList","@id":"https:\/\/staging.belleflamme.ca\/fr\/produit\/aprilaire-h510ez1a-kit-de-remplacement-de-filtre-dhumidificateur-panneau-deau-pour-modeles-500-500-a-et-500-m\/#breadcrumb","itemListElement":[{"@type":"ListItem","position":1,"name":"Accueil","item":"https:\/\/www.belleflamme.ca\/fr\/"},{"@type":"ListItem","position":2,"name":"Boutique","item":"https:\/\/www.belleflamme.ca\/fr\/boutique\/"},{"@type":"ListItem","position":3,"name":"Climatisation &amp; Chauffage","item":"https:\/\/staging.belleflamme.ca\/fr\/categories\/climatisation-chauffage\/"},{"@type":"ListItem","position":4,"name":"Filtres","item":"https:\/\/staging.belleflamme.ca\/fr\/categories\/climatisation-chauffage\/filtres\/"},{"@type":"ListItem","position":5,"name":"AprilAire H510EZ1A Kit de remplacement de filtre d&#8217;humidificateur\/panneau d&#8217;eau pour mod\u00e8les 500, 500 A et 500 M"}]},{"@type":"WebSite","@id":"https:\/\/www.belleflamme.ca\/fr\/#website","url":"https:\/\/www.belleflamme.ca\/fr\/","name":"Groupe Belleflamme","description":"La m\u00e9canique du b\u00e2timent dans le sang.","publisher":{"@id":"https:\/\/www.belleflamme.ca\/fr\/#organization"},"potentialAction":[{"@type":"SearchAction","target":{"@type":"EntryPoint","urlTemplate":"https:\/\/www.belleflamme.ca\/fr\/?s={search_term_string}"},"query-input":{"@type":"PropertyValueSpecification","valueRequired":true,"valueName":"search_term_string"}}],"inLanguage":"fr-FR"},{"@type":["Organization","Place"],"@id":"https:\/\/www.belleflamme.ca\/fr\/#organization","name":"Groupe Belleflamme","alternateName":"Belleflamme","url":"https:\/\/www.belleflamme.ca\/fr\/","logo":{"@type":"ImageObject","inLanguage":"fr-FR","@id":"https:\/\/www.belleflamme.ca\/fr\/#\/schema\/logo\/image\/","url":"https:\/\/staging.belleflamme.ca\/wp-content\/uploads\/2023\/01\/og-image.jpg","contentUrl":"https:\/\/staging.belleflamme.ca\/wp-content\/uploads\/2023\/01\/og-image.jpg","width":1200,"height":630,"caption":"Groupe Belleflamme"},"image":{"@id":"https:\/\/www.belleflamme.ca\/fr\/#\/schema\/logo\/image\/"},"sameAs":["https:\/\/www.facebook.com\/belleflamme.ca\/","https:\/\/www.linkedin.com\/company\/belleflamme\/","https:\/\/www.pinterest.ca\/groupebelleflamme\/","https:\/\/www.instagram.com\/legroupebelleflamme\/"],"mainEntityOfPage":{"@id":"https:\/\/staging.belleflamme.ca\/fr\/produit\/aprilaire-h510ez1a-kit-de-remplacement-de-filtre-dhumidificateur-panneau-deau-pour-modeles-500-500-a-et-500-m\/"}}]},"product_brand":"Aprilaire","product_price_amount":"0.00","product_price_currency":"CAD","og_availability":"instock","product_availability":"instock","product_retailer_item_id":"H510EZ1A","product_condition":"new"},"_links":{"self":[{"href":"https:\/\/staging.belleflamme.ca\/fr\/wp-json\/wp\/v2\/product\/40082","targetHints":{"allow":["GET"]}}],"collection":[{"href":"https:\/\/staging.belleflamme.ca\/fr\/wp-json\/wp\/v2\/product"}],"about":[{"href":"https:\/\/staging.belleflamme.ca\/fr\/wp-json\/wp\/v2\/types\/product"}],"version-history":[{"count":1,"href":"https:\/\/staging.belleflamme.ca\/fr\/wp-json\/wp\/v2\/product\/40082\/revisions"}],"predecessor-version":[{"id":40085,"href":"https:\/\/staging.belleflamme.ca\/fr\/wp-json\/wp\/v2\/product\/40082\/revisions\/40085"}],"wp:featuredmedia":[{"embeddable":true,"href":"https:\/\/staging.belleflamme.ca\/fr\/wp-json\/wp\/v2\/media\/40083"}],"wp:attachment":[{"href":"https:\/\/staging.belleflamme.ca\/fr\/wp-json\/wp\/v2\/media?parent=40082"}],"wp:term":[{"taxonomy":"product_brand","embeddable":true,"href":"https:\/\/staging.belleflamme.ca\/fr\/wp-json\/wp\/v2\/product_brand?post=40082"},{"taxonomy":"product_cat","embeddable":true,"href":"https:\/\/staging.belleflamme.ca\/fr\/wp-json\/wp\/v2\/product_cat?post=40082"},{"taxonomy":"product_tag","embeddable":true,"href":"https:\/\/staging.belleflamme.ca\/fr\/wp-json\/wp\/v2\/product_tag?post=40082"}],"curies":[{"name":"wp","href":"https:\/\/api.w.org\/{rel}","templated":true}]}}