{"id":40074,"date":"2024-05-24T11:08:25","date_gmt":"2024-05-24T15:08:25","guid":{"rendered":"https:\/\/www.belleflamme.ca\/?post_type=product&#038;p=40074"},"modified":"2024-05-24T11:09:53","modified_gmt":"2024-05-24T15:09:53","slug":"aprilaire-4978-fils-delectrode-de-rechange-pour-cartouche-a-vapeur-pour-humidificateurs-a-vapeur-aprilaire-modeles-800-800lc-801-865-et-866-paquet-de-2","status":"publish","type":"product","link":"https:\/\/staging.belleflamme.ca\/fr\/produit\/aprilaire-4978-fils-delectrode-de-rechange-pour-cartouche-a-vapeur-pour-humidificateurs-a-vapeur-aprilaire-modeles-800-800lc-801-865-et-866-paquet-de-2\/","title":{"rendered":"AprilAire 4978 Fils d&#8217;\u00e9lectrode de rechange pour cartouche \u00e0 vapeur pour humidificateurs \u00e0 vapeur AprilAire mod\u00e8les 800, 800LC, 801, 865 et 866 (paquet de 2)"},"content":{"rendered":"<p><iframe width=\"560\" height=\"315\" src=\"https:\/\/www.youtube.com\/embed\/J1j2iNbm7lI?si=3-aVrJXgr9JcsDTG\" title=\"YouTube video player\" frameborder=\"0\" allow=\"accelerometer; autoplay; clipboard-write; encrypted-media; gyroscope; picture-in-picture; web-share\" referrerpolicy=\"strict-origin-when-cross-origin\" allowfullscreen><\/iframe><\/p>\n<h2><span>CARACT\u00c9RISTIQUES DU MOD\u00c8LE 4978\u00a0:<\/span><\/h2>\n<ul>\n<li><strong><span>ACHETEZ EN TOUTE CONFIANCE<\/span><\/strong><span>\u00a0Ces v\u00e9ritables fils d&#8217;\u00e9lectrode de remplacement sont con\u00e7us par AprilAire \u2013 le leader des solutions de qualit\u00e9 de l&#8217;air int\u00e9rieur \u2013 et fabriqu\u00e9s aux \u00c9tats-Unis.<\/span><\/li>\n<li><strong><span>AJUSTEMENT PARFAIT APRILAIRE<\/span><\/strong><span>\u00a0Con\u00e7u sp\u00e9cifiquement pour votre humidificateur \u00e0 vapeur AprilAire pour toute la maison<\/span><\/li>\n<li><strong><span>POUR DES PERFORMANCES OPTIMALES<\/span><\/strong><span>\u00a0Inspectez les fils d&#8217;\u00e9lectrode chaque ann\u00e9e et remplacez-les tous les trois ans, ou plus t\u00f4t s&#8217;ils se d\u00e9tachent ou sont endommag\u00e9s. Remplacez \u00e9galement votre cartouche de vapeur une fois par saison de chauffage (cartouche de vapeur vendue s\u00e9par\u00e9ment).<\/span><\/li>\n<li><strong><span>HUMIDIT\u00c9 POUR LA SANT\u00c9<\/span><\/strong><span>\u00a0Les humidificateurs AprilAire peuvent vous aider \u00e0 maintenir une humidit\u00e9 optimale dans votre maison de 40 % \u00e0 60 %, ce qui a \u00e9t\u00e9 d\u00e9montr\u00e9 pour r\u00e9duire l&#8217;incidence des infections respiratoires et des sympt\u00f4mes li\u00e9s aux allergies et \u00e0 l&#8217;asthme en minimisant la formation de bact\u00e9ries et de virus, de champignons et acariens. De plus, vous vous sentirez plus \u00e0 l&#8217;aise tout en pr\u00e9servant les objets de votre maison susceptibles d&#8217;\u00eatre endommag\u00e9s par les changements d&#8217;humidit\u00e9 ou les conditions s\u00e8ches.<\/span><\/li>\n<\/ul>\n<h3><span>AVANTAGES:<\/span><\/h3>\n<p><span>Pi\u00e8ce de rechange d&#8217;origine AprilAire pour les humidificateurs \u00e0 vapeur AprilAire. Deux fils par paquet.<\/span><\/p>\n<p><span>Les fils d&#8217;\u00e9lectrodes de l&#8217;humidificateur \u00e0 vapeur AprilAire fournissent du courant \u00e9lectrique \u00e0 l&#8217;eau dans la cartouche de vapeur, la chauffant jusqu&#8217;\u00e0 \u00e9bullition et cr\u00e9ant de la vapeur qui est distribu\u00e9e dans toute votre maison. Pour maintenir des performances optimales et le fonctionnement continu et s\u00fbr de votre humidificateur \u00e0 vapeur AprilAire, les fils d&#8217;\u00e9lectrode doivent \u00eatre remplac\u00e9s tous les trois ans. N&#8217;oubliez pas d&#8217;inspecter les fils chaque ann\u00e9e\u00a0; ils peuvent \u00eatre remplac\u00e9s plus t\u00f4t s\u2019ils sont desserr\u00e9s ou endommag\u00e9s.<\/span><\/p>\n<p><span>AprilAire a invent\u00e9 l&#8217;humidification de toute la maison et continue de dominer l&#8217;industrie. Depuis le lancement du premier humidificateur en 1954, AprilAire a \u00e9labor\u00e9 une offre compl\u00e8te de produits, tous con\u00e7us pour cr\u00e9er un air sain dans votre maison. Les humidificateurs AprilAire maintiennent l&#8217;humidit\u00e9 relative de votre maison dans une plage saine, ce qui a \u00e9t\u00e9 d\u00e9montr\u00e9 pour r\u00e9duire l&#8217;incidence des infections respiratoires et des sympt\u00f4mes d&#8217;allergie et d&#8217;asthme en minimisant la formation de bact\u00e9ries, de virus, de champignons et d&#8217;acariens. De plus, une humidit\u00e9 \u00e9quilibr\u00e9e contribue \u00e0 r\u00e9duire les maux de gorge chroniques, les saignements de nez et la peau s\u00e8che. Votre maison se sentira plus confortable et les \u00e9l\u00e9ments de votre maison susceptibles d\u2019\u00eatre endommag\u00e9s par une faible humidit\u00e9, comme le parquet, seront mieux pr\u00e9serv\u00e9s.<\/span><\/p>\n<p><strong><span>INCLUS DANS LA BO\u00ceTE\u00a0:<\/span><\/strong><\/p>\n<ul>\n<li><span>(2) 4978 fils d&#8217;\u00e9lectrode<\/span><\/li>\n<\/ul>\n<p><strong><span>CARACT\u00c9RISTIQUES:<\/span><\/strong><\/p>\n<ul>\n<li><strong><span>Mod\u00e8les compatibles\u00a0:<\/span><\/strong><span>\u00a0800, 800LC, 801, 865, 866<\/span><\/li>\n<li><strong><span>Mat\u00e9riaux :<\/span><\/strong><span>\u00a0Acier &#8211; Plaqu\u00e9 Zinc<\/span><\/li>\n<li><strong><span>Mesures r\u00e9elles\u00a0:<\/span><\/strong><span>\u00a00,77H x 0,77W x 17,5D (pouces)<\/span><\/li>\n<\/ul>\n","protected":false},"excerpt":{"rendered":"<p>CARACT\u00c9RISTIQUES DU MOD\u00c8LE 4978\u00a0: ACHETEZ EN TOUTE CONFIANCE\u00a0Ces v\u00e9ritables fils d&#8217;\u00e9lectrode de remplacement sont con\u00e7us par AprilAire \u2013 le leader des solutions de qualit\u00e9 de l&#8217;air int\u00e9rieur \u2013 et fabriqu\u00e9s aux \u00c9tats-Unis. AJUSTEMENT PARFAIT APRILAIRE\u00a0Con\u00e7u sp\u00e9cifiquement pour votre humidificateur \u00e0 vapeur AprilAire pour toute la maison POUR DES PERFORMANCES OPTIMALES\u00a0Inspectez les fils d&#8217;\u00e9lectrode chaque ann\u00e9e [&hellip;]<\/p>\n","protected":false},"featured_media":40075,"template":"","meta":{"inline_featured_image":false},"product_brand":[298],"product_cat":[70,74],"product_tag":[],"class_list":{"0":"post-40074","1":"product","2":"type-product","3":"status-publish","4":"has-post-thumbnail","6":"product_brand-aprilaire","7":"product_cat-climatisation-chauffage","8":"product_cat-filtres","10":"first","11":"instock","12":"taxable","13":"shipping-taxable","14":"product-type-simple"},"yoast_head":"<!-- This site is optimized with the Yoast SEO Premium plugin v24.2 (Yoast SEO v24.2) - https:\/\/yoast.com\/wordpress\/plugins\/seo\/ -->\n<title>AprilAire 4978 Fils d&#039;\u00e9lectrode de rechange pour cartouche \u00e0 vapeur pour humidificateurs \u00e0 vapeur AprilAire mod\u00e8les 800, 800LC, 801, 865 et 866 (paquet de 2) - Groupe BelleFlamme<\/title>\n<meta name=\"description\" content=\"AprilAire 4978 Fils d&#039;\u00e9lectrode de rechange pour cartouche \u00e0 vapeur pour humidificateurs \u00e0 vapeur AprilAire mod\u00e8les 800, 800LC, 801, 865 et 866 (paquet de 2) vendu par le Groupe Belleflamme. Laval, Montr\u00e9al, Gatineau et Saint-Sauveur.\" \/>\n<meta name=\"robots\" content=\"index, follow, max-snippet:-1, max-image-preview:large, max-video-preview:-1\" \/>\n<link rel=\"canonical\" href=\"https:\/\/staging.belleflamme.ca\/fr\/produit\/aprilaire-4978-fils-delectrode-de-rechange-pour-cartouche-a-vapeur-pour-humidificateurs-a-vapeur-aprilaire-modeles-800-800lc-801-865-et-866-paquet-de-2\/\" \/>\n<meta property=\"og:locale\" content=\"fr_FR\" \/>\n<meta property=\"og:type\" content=\"article\" \/>\n<meta property=\"og:title\" content=\"AprilAire 4978 Fils d&#039;\u00e9lectrode de rechange pour cartouche \u00e0 vapeur pour humidificateurs \u00e0 vapeur AprilAire mod\u00e8les 800, 800LC, 801, 865 et 866 (paquet de 2)\" \/>\n<meta property=\"og:description\" content=\"AprilAire 4978 Fils d&#039;\u00e9lectrode de rechange pour cartouche \u00e0 vapeur pour humidificateurs \u00e0 vapeur AprilAire mod\u00e8les 800, 800LC, 801, 865 et 866 (paquet de 2) vendu par le Groupe Belleflamme. Laval, Montr\u00e9al, Gatineau et Saint-Sauveur.\" \/>\n<meta property=\"og:url\" content=\"https:\/\/staging.belleflamme.ca\/fr\/produit\/aprilaire-4978-fils-delectrode-de-rechange-pour-cartouche-a-vapeur-pour-humidificateurs-a-vapeur-aprilaire-modeles-800-800lc-801-865-et-866-paquet-de-2\/\" \/>\n<meta property=\"og:site_name\" content=\"Groupe BelleFlamme\" \/>\n<meta property=\"article:publisher\" content=\"https:\/\/www.facebook.com\/belleflamme.ca\/\" \/>\n<meta property=\"article:modified_time\" content=\"2024-05-24T15:09:53+00:00\" \/>\n<meta property=\"og:image\" content=\"https:\/\/www.belleflamme.ca\/wp-content\/uploads\/2024\/05\/AprilAire-4978-Fils-delectrode-de-rechange-pour-cartouche-a-vapeur-pour-humidificateurs-a-vapeur-AprilAire-modeles-800-800LC-801-865-et-866-paquet-de-2.webp\" \/>\n\t<meta property=\"og:image:width\" content=\"1080\" \/>\n\t<meta property=\"og:image:height\" content=\"1080\" \/>\n\t<meta property=\"og:image:type\" content=\"image\/webp\" \/>\n<meta name=\"twitter:card\" content=\"summary_large_image\" \/>\n<meta name=\"twitter:label1\" content=\"Prix\" \/>\n\t<meta name=\"twitter:data1\" content=\"\" \/>\n\t<meta name=\"twitter:label2\" content=\"Disponibilit\u00e9\" \/>\n\t<meta name=\"twitter:data2\" content=\"En stock\" \/>\n<script type=\"application\/ld+json\" class=\"yoast-schema-graph\">{\"@context\":\"https:\/\/schema.org\",\"@graph\":[{\"@type\":[\"WebPage\",\"ItemPage\"],\"@id\":\"https:\/\/staging.belleflamme.ca\/fr\/produit\/aprilaire-4978-fils-delectrode-de-rechange-pour-cartouche-a-vapeur-pour-humidificateurs-a-vapeur-aprilaire-modeles-800-800lc-801-865-et-866-paquet-de-2\/\",\"url\":\"https:\/\/staging.belleflamme.ca\/fr\/produit\/aprilaire-4978-fils-delectrode-de-rechange-pour-cartouche-a-vapeur-pour-humidificateurs-a-vapeur-aprilaire-modeles-800-800lc-801-865-et-866-paquet-de-2\/\",\"name\":\"AprilAire 4978 Fils d'\u00e9lectrode de rechange pour cartouche \u00e0 vapeur pour humidificateurs \u00e0 vapeur AprilAire mod\u00e8les 800, 800LC, 801, 865 et 866 (paquet de 2) - Groupe BelleFlamme\",\"isPartOf\":{\"@id\":\"https:\/\/www.belleflamme.ca\/fr\/#website\"},\"primaryImageOfPage\":{\"@id\":\"https:\/\/staging.belleflamme.ca\/fr\/produit\/aprilaire-4978-fils-delectrode-de-rechange-pour-cartouche-a-vapeur-pour-humidificateurs-a-vapeur-aprilaire-modeles-800-800lc-801-865-et-866-paquet-de-2\/#primaryimage\"},\"image\":{\"@id\":\"https:\/\/staging.belleflamme.ca\/fr\/produit\/aprilaire-4978-fils-delectrode-de-rechange-pour-cartouche-a-vapeur-pour-humidificateurs-a-vapeur-aprilaire-modeles-800-800lc-801-865-et-866-paquet-de-2\/#primaryimage\"},\"thumbnailUrl\":\"https:\/\/staging.belleflamme.ca\/wp-content\/uploads\/2024\/05\/AprilAire-4978-Fils-delectrode-de-rechange-pour-cartouche-a-vapeur-pour-humidificateurs-a-vapeur-AprilAire-modeles-800-800LC-801-865-et-866-paquet-de-2.webp\",\"datePublished\":\"2024-05-24T15:08:25+00:00\",\"dateModified\":\"2024-05-24T15:09:53+00:00\",\"description\":\"AprilAire 4978 Fils d'\u00e9lectrode de rechange pour cartouche \u00e0 vapeur pour humidificateurs \u00e0 vapeur AprilAire mod\u00e8les 800, 800LC, 801, 865 et 866 (paquet de 2) vendu par le Groupe Belleflamme. Laval, Montr\u00e9al, Gatineau et Saint-Sauveur.\",\"breadcrumb\":{\"@id\":\"https:\/\/staging.belleflamme.ca\/fr\/produit\/aprilaire-4978-fils-delectrode-de-rechange-pour-cartouche-a-vapeur-pour-humidificateurs-a-vapeur-aprilaire-modeles-800-800lc-801-865-et-866-paquet-de-2\/#breadcrumb\"},\"inLanguage\":\"fr-FR\",\"potentialAction\":[{\"@type\":\"ReadAction\",\"target\":[\"https:\/\/staging.belleflamme.ca\/fr\/produit\/aprilaire-4978-fils-delectrode-de-rechange-pour-cartouche-a-vapeur-pour-humidificateurs-a-vapeur-aprilaire-modeles-800-800lc-801-865-et-866-paquet-de-2\/\"]}]},{\"@type\":\"ImageObject\",\"inLanguage\":\"fr-FR\",\"@id\":\"https:\/\/staging.belleflamme.ca\/fr\/produit\/aprilaire-4978-fils-delectrode-de-rechange-pour-cartouche-a-vapeur-pour-humidificateurs-a-vapeur-aprilaire-modeles-800-800lc-801-865-et-866-paquet-de-2\/#primaryimage\",\"url\":\"https:\/\/staging.belleflamme.ca\/wp-content\/uploads\/2024\/05\/AprilAire-4978-Fils-delectrode-de-rechange-pour-cartouche-a-vapeur-pour-humidificateurs-a-vapeur-AprilAire-modeles-800-800LC-801-865-et-866-paquet-de-2.webp\",\"contentUrl\":\"https:\/\/staging.belleflamme.ca\/wp-content\/uploads\/2024\/05\/AprilAire-4978-Fils-delectrode-de-rechange-pour-cartouche-a-vapeur-pour-humidificateurs-a-vapeur-AprilAire-modeles-800-800LC-801-865-et-866-paquet-de-2.webp\",\"width\":1080,\"height\":1080,\"caption\":\"AprilAire 4978 Fils d'\u00e9lectrode de rechange pour cartouche \u00e0 vapeur pour humidificateurs \u00e0 vapeur AprilAire mod\u00e8les 800, 800LC, 801, 865 et 866 (paquet de 2)\"},{\"@type\":\"BreadcrumbList\",\"@id\":\"https:\/\/staging.belleflamme.ca\/fr\/produit\/aprilaire-4978-fils-delectrode-de-rechange-pour-cartouche-a-vapeur-pour-humidificateurs-a-vapeur-aprilaire-modeles-800-800lc-801-865-et-866-paquet-de-2\/#breadcrumb\",\"itemListElement\":[{\"@type\":\"ListItem\",\"position\":1,\"name\":\"Accueil\",\"item\":\"https:\/\/www.belleflamme.ca\/fr\/\"},{\"@type\":\"ListItem\",\"position\":2,\"name\":\"Boutique\",\"item\":\"https:\/\/www.belleflamme.ca\/fr\/boutique\/\"},{\"@type\":\"ListItem\",\"position\":3,\"name\":\"Climatisation &amp; Chauffage\",\"item\":\"https:\/\/staging.belleflamme.ca\/fr\/categories\/climatisation-chauffage\/\"},{\"@type\":\"ListItem\",\"position\":4,\"name\":\"Filtres\",\"item\":\"https:\/\/staging.belleflamme.ca\/fr\/categories\/climatisation-chauffage\/filtres\/\"},{\"@type\":\"ListItem\",\"position\":5,\"name\":\"AprilAire 4978 Fils d&#8217;\u00e9lectrode de rechange pour cartouche \u00e0 vapeur pour humidificateurs \u00e0 vapeur AprilAire mod\u00e8les 800, 800LC, 801, 865 et 866 (paquet de 2)\"}]},{\"@type\":\"WebSite\",\"@id\":\"https:\/\/www.belleflamme.ca\/fr\/#website\",\"url\":\"https:\/\/www.belleflamme.ca\/fr\/\",\"name\":\"Groupe Belleflamme\",\"description\":\"La m\u00e9canique du b\u00e2timent dans le sang.\",\"publisher\":{\"@id\":\"https:\/\/www.belleflamme.ca\/fr\/#organization\"},\"potentialAction\":[{\"@type\":\"SearchAction\",\"target\":{\"@type\":\"EntryPoint\",\"urlTemplate\":\"https:\/\/www.belleflamme.ca\/fr\/?s={search_term_string}\"},\"query-input\":{\"@type\":\"PropertyValueSpecification\",\"valueRequired\":true,\"valueName\":\"search_term_string\"}}],\"inLanguage\":\"fr-FR\"},{\"@type\":[\"Organization\",\"Place\"],\"@id\":\"https:\/\/www.belleflamme.ca\/fr\/#organization\",\"name\":\"Groupe Belleflamme\",\"alternateName\":\"Belleflamme\",\"url\":\"https:\/\/www.belleflamme.ca\/fr\/\",\"logo\":{\"@type\":\"ImageObject\",\"inLanguage\":\"fr-FR\",\"@id\":\"https:\/\/www.belleflamme.ca\/fr\/#\/schema\/logo\/image\/\",\"url\":\"https:\/\/staging.belleflamme.ca\/wp-content\/uploads\/2023\/01\/og-image.jpg\",\"contentUrl\":\"https:\/\/staging.belleflamme.ca\/wp-content\/uploads\/2023\/01\/og-image.jpg\",\"width\":1200,\"height\":630,\"caption\":\"Groupe Belleflamme\"},\"image\":{\"@id\":\"https:\/\/www.belleflamme.ca\/fr\/#\/schema\/logo\/image\/\"},\"sameAs\":[\"https:\/\/www.facebook.com\/belleflamme.ca\/\",\"https:\/\/www.linkedin.com\/company\/belleflamme\/\",\"https:\/\/www.pinterest.ca\/groupebelleflamme\/\",\"https:\/\/www.instagram.com\/legroupebelleflamme\/\"],\"mainEntityOfPage\":{\"@id\":\"https:\/\/staging.belleflamme.ca\/fr\/produit\/aprilaire-4978-fils-delectrode-de-rechange-pour-cartouche-a-vapeur-pour-humidificateurs-a-vapeur-aprilaire-modeles-800-800lc-801-865-et-866-paquet-de-2\/\"}}]}<\/script>\n<meta property=\"product:brand\" content=\"Aprilaire\" \/>\n<meta property=\"product:price:amount\" content=\"0.00\" \/>\n<meta property=\"product:price:currency\" content=\"CAD\" \/>\n<meta property=\"og:availability\" content=\"instock\" \/>\n<meta property=\"product:availability\" content=\"instock\" \/>\n<meta property=\"product:retailer_item_id\" content=\"4978\" \/>\n<meta property=\"product:condition\" content=\"new\" \/>\n<!-- \/ Yoast SEO Premium plugin. -->","yoast_head_json":{"title":"AprilAire 4978 Fils d'\u00e9lectrode de rechange pour cartouche \u00e0 vapeur pour humidificateurs \u00e0 vapeur AprilAire mod\u00e8les 800, 800LC, 801, 865 et 866 (paquet de 2) - Groupe BelleFlamme","description":"AprilAire 4978 Fils d'\u00e9lectrode de rechange pour cartouche \u00e0 vapeur pour humidificateurs \u00e0 vapeur AprilAire mod\u00e8les 800, 800LC, 801, 865 et 866 (paquet de 2) vendu par le Groupe Belleflamme. Laval, Montr\u00e9al, Gatineau et Saint-Sauveur.","robots":{"index":"index","follow":"follow","max-snippet":"max-snippet:-1","max-image-preview":"max-image-preview:large","max-video-preview":"max-video-preview:-1"},"canonical":"https:\/\/staging.belleflamme.ca\/fr\/produit\/aprilaire-4978-fils-delectrode-de-rechange-pour-cartouche-a-vapeur-pour-humidificateurs-a-vapeur-aprilaire-modeles-800-800lc-801-865-et-866-paquet-de-2\/","og_locale":"fr_FR","og_type":"article","og_title":"AprilAire 4978 Fils d'\u00e9lectrode de rechange pour cartouche \u00e0 vapeur pour humidificateurs \u00e0 vapeur AprilAire mod\u00e8les 800, 800LC, 801, 865 et 866 (paquet de 2)","og_description":"AprilAire 4978 Fils d'\u00e9lectrode de rechange pour cartouche \u00e0 vapeur pour humidificateurs \u00e0 vapeur AprilAire mod\u00e8les 800, 800LC, 801, 865 et 866 (paquet de 2) vendu par le Groupe Belleflamme. Laval, Montr\u00e9al, Gatineau et Saint-Sauveur.","og_url":"https:\/\/staging.belleflamme.ca\/fr\/produit\/aprilaire-4978-fils-delectrode-de-rechange-pour-cartouche-a-vapeur-pour-humidificateurs-a-vapeur-aprilaire-modeles-800-800lc-801-865-et-866-paquet-de-2\/","og_site_name":"Groupe BelleFlamme","article_publisher":"https:\/\/www.facebook.com\/belleflamme.ca\/","article_modified_time":"2024-05-24T15:09:53+00:00","og_image":[{"width":1080,"height":1080,"url":"https:\/\/www.belleflamme.ca\/wp-content\/uploads\/2024\/05\/AprilAire-4978-Fils-delectrode-de-rechange-pour-cartouche-a-vapeur-pour-humidificateurs-a-vapeur-AprilAire-modeles-800-800LC-801-865-et-866-paquet-de-2.webp","type":"image\/webp"}],"twitter_card":"summary_large_image","twitter_misc":{"Prix":"","Disponibilit\u00e9":"En stock"},"schema":{"@context":"https:\/\/schema.org","@graph":[{"@type":["WebPage","ItemPage"],"@id":"https:\/\/staging.belleflamme.ca\/fr\/produit\/aprilaire-4978-fils-delectrode-de-rechange-pour-cartouche-a-vapeur-pour-humidificateurs-a-vapeur-aprilaire-modeles-800-800lc-801-865-et-866-paquet-de-2\/","url":"https:\/\/staging.belleflamme.ca\/fr\/produit\/aprilaire-4978-fils-delectrode-de-rechange-pour-cartouche-a-vapeur-pour-humidificateurs-a-vapeur-aprilaire-modeles-800-800lc-801-865-et-866-paquet-de-2\/","name":"AprilAire 4978 Fils d'\u00e9lectrode de rechange pour cartouche \u00e0 vapeur pour humidificateurs \u00e0 vapeur AprilAire mod\u00e8les 800, 800LC, 801, 865 et 866 (paquet de 2) - Groupe BelleFlamme","isPartOf":{"@id":"https:\/\/www.belleflamme.ca\/fr\/#website"},"primaryImageOfPage":{"@id":"https:\/\/staging.belleflamme.ca\/fr\/produit\/aprilaire-4978-fils-delectrode-de-rechange-pour-cartouche-a-vapeur-pour-humidificateurs-a-vapeur-aprilaire-modeles-800-800lc-801-865-et-866-paquet-de-2\/#primaryimage"},"image":{"@id":"https:\/\/staging.belleflamme.ca\/fr\/produit\/aprilaire-4978-fils-delectrode-de-rechange-pour-cartouche-a-vapeur-pour-humidificateurs-a-vapeur-aprilaire-modeles-800-800lc-801-865-et-866-paquet-de-2\/#primaryimage"},"thumbnailUrl":"https:\/\/staging.belleflamme.ca\/wp-content\/uploads\/2024\/05\/AprilAire-4978-Fils-delectrode-de-rechange-pour-cartouche-a-vapeur-pour-humidificateurs-a-vapeur-AprilAire-modeles-800-800LC-801-865-et-866-paquet-de-2.webp","datePublished":"2024-05-24T15:08:25+00:00","dateModified":"2024-05-24T15:09:53+00:00","description":"AprilAire 4978 Fils d'\u00e9lectrode de rechange pour cartouche \u00e0 vapeur pour humidificateurs \u00e0 vapeur AprilAire mod\u00e8les 800, 800LC, 801, 865 et 866 (paquet de 2) vendu par le Groupe Belleflamme. Laval, Montr\u00e9al, Gatineau et Saint-Sauveur.","breadcrumb":{"@id":"https:\/\/staging.belleflamme.ca\/fr\/produit\/aprilaire-4978-fils-delectrode-de-rechange-pour-cartouche-a-vapeur-pour-humidificateurs-a-vapeur-aprilaire-modeles-800-800lc-801-865-et-866-paquet-de-2\/#breadcrumb"},"inLanguage":"fr-FR","potentialAction":[{"@type":"ReadAction","target":["https:\/\/staging.belleflamme.ca\/fr\/produit\/aprilaire-4978-fils-delectrode-de-rechange-pour-cartouche-a-vapeur-pour-humidificateurs-a-vapeur-aprilaire-modeles-800-800lc-801-865-et-866-paquet-de-2\/"]}]},{"@type":"ImageObject","inLanguage":"fr-FR","@id":"https:\/\/staging.belleflamme.ca\/fr\/produit\/aprilaire-4978-fils-delectrode-de-rechange-pour-cartouche-a-vapeur-pour-humidificateurs-a-vapeur-aprilaire-modeles-800-800lc-801-865-et-866-paquet-de-2\/#primaryimage","url":"https:\/\/staging.belleflamme.ca\/wp-content\/uploads\/2024\/05\/AprilAire-4978-Fils-delectrode-de-rechange-pour-cartouche-a-vapeur-pour-humidificateurs-a-vapeur-AprilAire-modeles-800-800LC-801-865-et-866-paquet-de-2.webp","contentUrl":"https:\/\/staging.belleflamme.ca\/wp-content\/uploads\/2024\/05\/AprilAire-4978-Fils-delectrode-de-rechange-pour-cartouche-a-vapeur-pour-humidificateurs-a-vapeur-AprilAire-modeles-800-800LC-801-865-et-866-paquet-de-2.webp","width":1080,"height":1080,"caption":"AprilAire 4978 Fils d'\u00e9lectrode de rechange pour cartouche \u00e0 vapeur pour humidificateurs \u00e0 vapeur AprilAire mod\u00e8les 800, 800LC, 801, 865 et 866 (paquet de 2)"},{"@type":"BreadcrumbList","@id":"https:\/\/staging.belleflamme.ca\/fr\/produit\/aprilaire-4978-fils-delectrode-de-rechange-pour-cartouche-a-vapeur-pour-humidificateurs-a-vapeur-aprilaire-modeles-800-800lc-801-865-et-866-paquet-de-2\/#breadcrumb","itemListElement":[{"@type":"ListItem","position":1,"name":"Accueil","item":"https:\/\/www.belleflamme.ca\/fr\/"},{"@type":"ListItem","position":2,"name":"Boutique","item":"https:\/\/www.belleflamme.ca\/fr\/boutique\/"},{"@type":"ListItem","position":3,"name":"Climatisation &amp; Chauffage","item":"https:\/\/staging.belleflamme.ca\/fr\/categories\/climatisation-chauffage\/"},{"@type":"ListItem","position":4,"name":"Filtres","item":"https:\/\/staging.belleflamme.ca\/fr\/categories\/climatisation-chauffage\/filtres\/"},{"@type":"ListItem","position":5,"name":"AprilAire 4978 Fils d&#8217;\u00e9lectrode de rechange pour cartouche \u00e0 vapeur pour humidificateurs \u00e0 vapeur AprilAire mod\u00e8les 800, 800LC, 801, 865 et 866 (paquet de 2)"}]},{"@type":"WebSite","@id":"https:\/\/www.belleflamme.ca\/fr\/#website","url":"https:\/\/www.belleflamme.ca\/fr\/","name":"Groupe Belleflamme","description":"La m\u00e9canique du b\u00e2timent dans le sang.","publisher":{"@id":"https:\/\/www.belleflamme.ca\/fr\/#organization"},"potentialAction":[{"@type":"SearchAction","target":{"@type":"EntryPoint","urlTemplate":"https:\/\/www.belleflamme.ca\/fr\/?s={search_term_string}"},"query-input":{"@type":"PropertyValueSpecification","valueRequired":true,"valueName":"search_term_string"}}],"inLanguage":"fr-FR"},{"@type":["Organization","Place"],"@id":"https:\/\/www.belleflamme.ca\/fr\/#organization","name":"Groupe Belleflamme","alternateName":"Belleflamme","url":"https:\/\/www.belleflamme.ca\/fr\/","logo":{"@type":"ImageObject","inLanguage":"fr-FR","@id":"https:\/\/www.belleflamme.ca\/fr\/#\/schema\/logo\/image\/","url":"https:\/\/staging.belleflamme.ca\/wp-content\/uploads\/2023\/01\/og-image.jpg","contentUrl":"https:\/\/staging.belleflamme.ca\/wp-content\/uploads\/2023\/01\/og-image.jpg","width":1200,"height":630,"caption":"Groupe Belleflamme"},"image":{"@id":"https:\/\/www.belleflamme.ca\/fr\/#\/schema\/logo\/image\/"},"sameAs":["https:\/\/www.facebook.com\/belleflamme.ca\/","https:\/\/www.linkedin.com\/company\/belleflamme\/","https:\/\/www.pinterest.ca\/groupebelleflamme\/","https:\/\/www.instagram.com\/legroupebelleflamme\/"],"mainEntityOfPage":{"@id":"https:\/\/staging.belleflamme.ca\/fr\/produit\/aprilaire-4978-fils-delectrode-de-rechange-pour-cartouche-a-vapeur-pour-humidificateurs-a-vapeur-aprilaire-modeles-800-800lc-801-865-et-866-paquet-de-2\/"}}]},"product_brand":"Aprilaire","product_price_amount":"0.00","product_price_currency":"CAD","og_availability":"instock","product_availability":"instock","product_retailer_item_id":"4978","product_condition":"new"},"_links":{"self":[{"href":"https:\/\/staging.belleflamme.ca\/fr\/wp-json\/wp\/v2\/product\/40074","targetHints":{"allow":["GET"]}}],"collection":[{"href":"https:\/\/staging.belleflamme.ca\/fr\/wp-json\/wp\/v2\/product"}],"about":[{"href":"https:\/\/staging.belleflamme.ca\/fr\/wp-json\/wp\/v2\/types\/product"}],"version-history":[{"count":2,"href":"https:\/\/staging.belleflamme.ca\/fr\/wp-json\/wp\/v2\/product\/40074\/revisions"}],"predecessor-version":[{"id":40080,"href":"https:\/\/staging.belleflamme.ca\/fr\/wp-json\/wp\/v2\/product\/40074\/revisions\/40080"}],"wp:featuredmedia":[{"embeddable":true,"href":"https:\/\/staging.belleflamme.ca\/fr\/wp-json\/wp\/v2\/media\/40075"}],"wp:attachment":[{"href":"https:\/\/staging.belleflamme.ca\/fr\/wp-json\/wp\/v2\/media?parent=40074"}],"wp:term":[{"taxonomy":"product_brand","embeddable":true,"href":"https:\/\/staging.belleflamme.ca\/fr\/wp-json\/wp\/v2\/product_brand?post=40074"},{"taxonomy":"product_cat","embeddable":true,"href":"https:\/\/staging.belleflamme.ca\/fr\/wp-json\/wp\/v2\/product_cat?post=40074"},{"taxonomy":"product_tag","embeddable":true,"href":"https:\/\/staging.belleflamme.ca\/fr\/wp-json\/wp\/v2\/product_tag?post=40074"}],"curies":[{"name":"wp","href":"https:\/\/api.w.org\/{rel}","templated":true}]}}