{"id":40060,"date":"2024-05-24T11:02:36","date_gmt":"2024-05-24T15:02:36","guid":{"rendered":"https:\/\/www.belleflamme.ca\/?post_type=product&#038;p=40060"},"modified":"2024-05-24T11:02:37","modified_gmt":"2024-05-24T15:02:37","slug":"aprilaire-80-cartouche-de-vapeur-de-rechange-pour-humidificateur-a-vapeur-aprilaire-modeles-800-801-865-et-866","status":"publish","type":"product","link":"https:\/\/staging.belleflamme.ca\/fr\/produit\/aprilaire-80-cartouche-de-vapeur-de-rechange-pour-humidificateur-a-vapeur-aprilaire-modeles-800-801-865-et-866\/","title":{"rendered":"AprilAire 80 Cartouche de vapeur de rechange pour humidificateur \u00e0 vapeur AprilAire mod\u00e8les 800, 801, 865 et 866"},"content":{"rendered":"<p><iframe title=\"YouTube video player\" src=\"https:\/\/www.youtube.com\/embed\/SbJjwp_aS0o?si=WQ6orRBHBd5aoYh2\" width=\"560\" height=\"315\" frameborder=\"0\" allowfullscreen=\"allowfullscreen\"><\/iframe><\/p>\n<h2>CARACT\u00c9RISTIQUES DU MOD\u00c8LE 80\u00a0:<\/h2>\n<ul>\n<li><strong>AVIS DE RAPPEL<\/strong>\u00a0Les humidificateurs \u00e0 vapeur concern\u00e9s par le rappel ont \u00e9t\u00e9 produits entre juin 2010 et janvier 2015.\u00a0<a class=\"js-no-transition\" title=\"Les humidificateurs \u00e0 vapeur concern\u00e9s par le rappel ont \u00e9t\u00e9 produits entre juin 2010 et janvier 2015.\" href=\"https:\/\/www.steamhumidifier.rpcrecall.com\/\" target=\"_blank\" rel=\"noopener\">Apprenez-en davantage sur le rappel ici<\/a>\u00a0\u00a0pour d\u00e9terminer si votre appareil est concern\u00e9.<\/li>\n<li><strong>ACHETEZ EN TOUTE CONFIANCE<\/strong>\u00a0Cette cartouche de remplacement d&#8217;origine a \u00e9t\u00e9 con\u00e7ue et fabriqu\u00e9e aux \u00c9tats-Unis par AprilAire \u2013 le leader des solutions de qualit\u00e9 de l&#8217;air int\u00e9rieur, pour optimiser les performances de votre humidificateur \u00e0 vapeur AprilAire.<\/li>\n<li><strong>AJUSTEMENT PARFAIT APRILAIRE<\/strong>\u00a0V\u00e9ritable AprilAire con\u00e7u pour des performances optimales de votre humidificateur \u00e0 vapeur pour toute la maison<\/li>\n<li><strong>COMPREND UN JOINT TORIQUE<\/strong>\u00a0\u00a0pour un joint \u00e9tanche<\/li>\n<li><strong>HUMIDIT\u00c9 POUR LA SANT\u00c9<\/strong>\u00a0Les humidificateurs AprilAire peuvent vous aider \u00e0 maintenir une humidit\u00e9 optimale dans votre maison de 40 % \u00e0 60 %, ce qui a \u00e9t\u00e9 d\u00e9montr\u00e9 pour r\u00e9duire l&#8217;incidence des infections respiratoires et des sympt\u00f4mes li\u00e9s aux allergies et \u00e0 l&#8217;asthme en minimisant la formation de bact\u00e9ries et de virus, de champignons et acariens. De plus, vous vous sentirez plus \u00e0 l&#8217;aise tout en pr\u00e9servant les objets de votre maison susceptibles d&#8217;\u00eatre endommag\u00e9s par les changements d&#8217;humidit\u00e9 ou les conditions s\u00e8ches.<\/li>\n<\/ul>\n<h3>AVANTAGES:<\/h3>\n<p>La cartouche de vapeur est le c\u0153ur battant de votre humidificateur, charg\u00e9e de g\u00e9n\u00e9rer la vapeur que votre humidificateur distribue ensuite dans toute votre maison. Le courant circule entre deux \u00e9lectrodes \u00e0 l&#8217;int\u00e9rieur de la cartouche, chauffant votre eau jusqu&#8217;\u00e0 \u00e9bullition et cr\u00e9ant de la vapeur qui est distribu\u00e9e dans votre syst\u00e8me CVC.<\/p>\n<p><strong>INCLUS DANS LA BO\u00ceTE\u00a0:<\/strong><\/p>\n<ul>\n<li>80 cartouches de vapeur<\/li>\n<li>5258 Joint torique<\/li>\n<\/ul>\n<p><strong>CARACT\u00c9RISTIQUES:<\/strong><\/p>\n<ul>\n<li><strong>Mod\u00e8les compatibles\u00a0:<\/strong>\u00a0800, 801, 865, 866<\/li>\n<li><strong>Calendrier de remplacement recommand\u00e9\u00a0:<\/strong>\u00a0une fois par an<\/li>\n<li><strong>Mat\u00e9riaux :<\/strong>\u00a0Polypropyl\u00e8ne, Acier zingu\u00e9, Caoutchouc<\/li>\n<li><strong>Mesures r\u00e9elles\u00a0:<\/strong>\u00a013,6 H x 5,9 L x 5,9 P (pouces)<\/li>\n<\/ul>\n","protected":false},"excerpt":{"rendered":"<p>CARACT\u00c9RISTIQUES DU MOD\u00c8LE 80\u00a0: AVIS DE RAPPEL\u00a0Les humidificateurs \u00e0 vapeur concern\u00e9s par le rappel ont \u00e9t\u00e9 produits entre juin 2010 et janvier 2015.\u00a0Apprenez-en davantage sur le rappel ici\u00a0\u00a0pour d\u00e9terminer si votre appareil est concern\u00e9. ACHETEZ EN TOUTE CONFIANCE\u00a0Cette cartouche de remplacement d&#8217;origine a \u00e9t\u00e9 con\u00e7ue et fabriqu\u00e9e aux \u00c9tats-Unis par AprilAire \u2013 le leader des [&hellip;]<\/p>\n","protected":false},"featured_media":40061,"template":"","meta":{"inline_featured_image":false},"product_brand":[298],"product_cat":[70,74],"product_tag":[],"class_list":{"0":"post-40060","1":"product","2":"type-product","3":"status-publish","4":"has-post-thumbnail","6":"product_brand-aprilaire","7":"product_cat-climatisation-chauffage","8":"product_cat-filtres","10":"first","11":"instock","12":"taxable","13":"shipping-taxable","14":"product-type-simple"},"yoast_head":"<!-- This site is optimized with the Yoast SEO Premium plugin v24.2 (Yoast SEO v24.2) - https:\/\/yoast.com\/wordpress\/plugins\/seo\/ -->\n<title>AprilAire 80 Cartouche de vapeur de rechange pour humidificateur \u00e0 vapeur AprilAire mod\u00e8les 800, 801, 865 et 866 - Groupe BelleFlamme<\/title>\n<meta name=\"description\" content=\"AprilAire 80 Cartouche de vapeur de rechange pour humidificateur \u00e0 vapeur AprilAire mod\u00e8les 800, 801, 865 et 866 vendu par le Groupe Belleflamme. Laval, Montr\u00e9al, Gatineau et Saint-Sauveur.\" \/>\n<meta name=\"robots\" content=\"index, follow, max-snippet:-1, max-image-preview:large, max-video-preview:-1\" \/>\n<link rel=\"canonical\" href=\"https:\/\/staging.belleflamme.ca\/fr\/produit\/aprilaire-80-cartouche-de-vapeur-de-rechange-pour-humidificateur-a-vapeur-aprilaire-modeles-800-801-865-et-866\/\" \/>\n<meta property=\"og:locale\" content=\"fr_FR\" \/>\n<meta property=\"og:type\" content=\"article\" \/>\n<meta property=\"og:title\" content=\"AprilAire 80 Cartouche de vapeur de rechange pour humidificateur \u00e0 vapeur AprilAire mod\u00e8les 800, 801, 865 et 866\" \/>\n<meta property=\"og:description\" content=\"AprilAire 80 Cartouche de vapeur de rechange pour humidificateur \u00e0 vapeur AprilAire mod\u00e8les 800, 801, 865 et 866 vendu par le Groupe Belleflamme. Laval, Montr\u00e9al, Gatineau et Saint-Sauveur.\" \/>\n<meta property=\"og:url\" content=\"https:\/\/staging.belleflamme.ca\/fr\/produit\/aprilaire-80-cartouche-de-vapeur-de-rechange-pour-humidificateur-a-vapeur-aprilaire-modeles-800-801-865-et-866\/\" \/>\n<meta property=\"og:site_name\" content=\"Groupe BelleFlamme\" \/>\n<meta property=\"article:publisher\" content=\"https:\/\/www.facebook.com\/belleflamme.ca\/\" \/>\n<meta property=\"article:modified_time\" content=\"2024-05-24T15:02:37+00:00\" \/>\n<meta property=\"og:image\" content=\"https:\/\/www.belleflamme.ca\/wp-content\/uploads\/2024\/05\/AprilAire-80-Cartouche-de-vapeur-de-rechange-pour-humidificateur-a-vapeur-AprilAire-modeles-800-801-865-et-866.webp\" \/>\n\t<meta property=\"og:image:width\" content=\"1080\" \/>\n\t<meta property=\"og:image:height\" content=\"1080\" \/>\n\t<meta property=\"og:image:type\" content=\"image\/webp\" \/>\n<meta name=\"twitter:card\" content=\"summary_large_image\" \/>\n<meta name=\"twitter:label1\" content=\"Prix\" \/>\n\t<meta name=\"twitter:data1\" content=\"\" \/>\n\t<meta name=\"twitter:label2\" content=\"Disponibilit\u00e9\" \/>\n\t<meta name=\"twitter:data2\" content=\"En stock\" \/>\n<script type=\"application\/ld+json\" class=\"yoast-schema-graph\">{\"@context\":\"https:\/\/schema.org\",\"@graph\":[{\"@type\":[\"WebPage\",\"ItemPage\"],\"@id\":\"https:\/\/staging.belleflamme.ca\/fr\/produit\/aprilaire-80-cartouche-de-vapeur-de-rechange-pour-humidificateur-a-vapeur-aprilaire-modeles-800-801-865-et-866\/\",\"url\":\"https:\/\/staging.belleflamme.ca\/fr\/produit\/aprilaire-80-cartouche-de-vapeur-de-rechange-pour-humidificateur-a-vapeur-aprilaire-modeles-800-801-865-et-866\/\",\"name\":\"AprilAire 80 Cartouche de vapeur de rechange pour humidificateur \u00e0 vapeur AprilAire mod\u00e8les 800, 801, 865 et 866 - Groupe BelleFlamme\",\"isPartOf\":{\"@id\":\"https:\/\/www.belleflamme.ca\/fr\/#website\"},\"primaryImageOfPage\":{\"@id\":\"https:\/\/staging.belleflamme.ca\/fr\/produit\/aprilaire-80-cartouche-de-vapeur-de-rechange-pour-humidificateur-a-vapeur-aprilaire-modeles-800-801-865-et-866\/#primaryimage\"},\"image\":{\"@id\":\"https:\/\/staging.belleflamme.ca\/fr\/produit\/aprilaire-80-cartouche-de-vapeur-de-rechange-pour-humidificateur-a-vapeur-aprilaire-modeles-800-801-865-et-866\/#primaryimage\"},\"thumbnailUrl\":\"https:\/\/staging.belleflamme.ca\/wp-content\/uploads\/2024\/05\/AprilAire-80-Cartouche-de-vapeur-de-rechange-pour-humidificateur-a-vapeur-AprilAire-modeles-800-801-865-et-866.webp\",\"datePublished\":\"2024-05-24T15:02:36+00:00\",\"dateModified\":\"2024-05-24T15:02:37+00:00\",\"description\":\"AprilAire 80 Cartouche de vapeur de rechange pour humidificateur \u00e0 vapeur AprilAire mod\u00e8les 800, 801, 865 et 866 vendu par le Groupe Belleflamme. Laval, Montr\u00e9al, Gatineau et Saint-Sauveur.\",\"breadcrumb\":{\"@id\":\"https:\/\/staging.belleflamme.ca\/fr\/produit\/aprilaire-80-cartouche-de-vapeur-de-rechange-pour-humidificateur-a-vapeur-aprilaire-modeles-800-801-865-et-866\/#breadcrumb\"},\"inLanguage\":\"fr-FR\",\"potentialAction\":[{\"@type\":\"ReadAction\",\"target\":[\"https:\/\/staging.belleflamme.ca\/fr\/produit\/aprilaire-80-cartouche-de-vapeur-de-rechange-pour-humidificateur-a-vapeur-aprilaire-modeles-800-801-865-et-866\/\"]}]},{\"@type\":\"ImageObject\",\"inLanguage\":\"fr-FR\",\"@id\":\"https:\/\/staging.belleflamme.ca\/fr\/produit\/aprilaire-80-cartouche-de-vapeur-de-rechange-pour-humidificateur-a-vapeur-aprilaire-modeles-800-801-865-et-866\/#primaryimage\",\"url\":\"https:\/\/staging.belleflamme.ca\/wp-content\/uploads\/2024\/05\/AprilAire-80-Cartouche-de-vapeur-de-rechange-pour-humidificateur-a-vapeur-AprilAire-modeles-800-801-865-et-866.webp\",\"contentUrl\":\"https:\/\/staging.belleflamme.ca\/wp-content\/uploads\/2024\/05\/AprilAire-80-Cartouche-de-vapeur-de-rechange-pour-humidificateur-a-vapeur-AprilAire-modeles-800-801-865-et-866.webp\",\"width\":1080,\"height\":1080,\"caption\":\"AprilAire 80 Cartouche de vapeur de rechange pour humidificateur \u00e0 vapeur AprilAire mod\u00e8les 800, 801, 865 et 866\"},{\"@type\":\"BreadcrumbList\",\"@id\":\"https:\/\/staging.belleflamme.ca\/fr\/produit\/aprilaire-80-cartouche-de-vapeur-de-rechange-pour-humidificateur-a-vapeur-aprilaire-modeles-800-801-865-et-866\/#breadcrumb\",\"itemListElement\":[{\"@type\":\"ListItem\",\"position\":1,\"name\":\"Accueil\",\"item\":\"https:\/\/www.belleflamme.ca\/fr\/\"},{\"@type\":\"ListItem\",\"position\":2,\"name\":\"Boutique\",\"item\":\"https:\/\/www.belleflamme.ca\/fr\/boutique\/\"},{\"@type\":\"ListItem\",\"position\":3,\"name\":\"Climatisation &amp; Chauffage\",\"item\":\"https:\/\/staging.belleflamme.ca\/fr\/categories\/climatisation-chauffage\/\"},{\"@type\":\"ListItem\",\"position\":4,\"name\":\"Filtres\",\"item\":\"https:\/\/staging.belleflamme.ca\/fr\/categories\/climatisation-chauffage\/filtres\/\"},{\"@type\":\"ListItem\",\"position\":5,\"name\":\"AprilAire 80 Cartouche de vapeur de rechange pour humidificateur \u00e0 vapeur AprilAire mod\u00e8les 800, 801, 865 et 866\"}]},{\"@type\":\"WebSite\",\"@id\":\"https:\/\/www.belleflamme.ca\/fr\/#website\",\"url\":\"https:\/\/www.belleflamme.ca\/fr\/\",\"name\":\"Groupe Belleflamme\",\"description\":\"La m\u00e9canique du b\u00e2timent dans le sang.\",\"publisher\":{\"@id\":\"https:\/\/www.belleflamme.ca\/fr\/#organization\"},\"potentialAction\":[{\"@type\":\"SearchAction\",\"target\":{\"@type\":\"EntryPoint\",\"urlTemplate\":\"https:\/\/www.belleflamme.ca\/fr\/?s={search_term_string}\"},\"query-input\":{\"@type\":\"PropertyValueSpecification\",\"valueRequired\":true,\"valueName\":\"search_term_string\"}}],\"inLanguage\":\"fr-FR\"},{\"@type\":[\"Organization\",\"Place\"],\"@id\":\"https:\/\/www.belleflamme.ca\/fr\/#organization\",\"name\":\"Groupe Belleflamme\",\"alternateName\":\"Belleflamme\",\"url\":\"https:\/\/www.belleflamme.ca\/fr\/\",\"logo\":{\"@type\":\"ImageObject\",\"inLanguage\":\"fr-FR\",\"@id\":\"https:\/\/www.belleflamme.ca\/fr\/#\/schema\/logo\/image\/\",\"url\":\"https:\/\/staging.belleflamme.ca\/wp-content\/uploads\/2023\/01\/og-image.jpg\",\"contentUrl\":\"https:\/\/staging.belleflamme.ca\/wp-content\/uploads\/2023\/01\/og-image.jpg\",\"width\":1200,\"height\":630,\"caption\":\"Groupe Belleflamme\"},\"image\":{\"@id\":\"https:\/\/www.belleflamme.ca\/fr\/#\/schema\/logo\/image\/\"},\"sameAs\":[\"https:\/\/www.facebook.com\/belleflamme.ca\/\",\"https:\/\/www.linkedin.com\/company\/belleflamme\/\",\"https:\/\/www.pinterest.ca\/groupebelleflamme\/\",\"https:\/\/www.instagram.com\/legroupebelleflamme\/\"],\"mainEntityOfPage\":{\"@id\":\"https:\/\/staging.belleflamme.ca\/fr\/produit\/aprilaire-80-cartouche-de-vapeur-de-rechange-pour-humidificateur-a-vapeur-aprilaire-modeles-800-801-865-et-866\/\"}}]}<\/script>\n<meta property=\"product:brand\" content=\"Aprilaire\" \/>\n<meta property=\"product:price:amount\" content=\"0.00\" \/>\n<meta property=\"product:price:currency\" content=\"CAD\" \/>\n<meta property=\"og:availability\" content=\"instock\" \/>\n<meta property=\"product:availability\" content=\"instock\" \/>\n<meta property=\"product:retailer_item_id\" content=\"80\" \/>\n<meta property=\"product:condition\" content=\"new\" \/>\n<!-- \/ Yoast SEO Premium plugin. -->","yoast_head_json":{"title":"AprilAire 80 Cartouche de vapeur de rechange pour humidificateur \u00e0 vapeur AprilAire mod\u00e8les 800, 801, 865 et 866 - Groupe BelleFlamme","description":"AprilAire 80 Cartouche de vapeur de rechange pour humidificateur \u00e0 vapeur AprilAire mod\u00e8les 800, 801, 865 et 866 vendu par le Groupe Belleflamme. Laval, Montr\u00e9al, Gatineau et Saint-Sauveur.","robots":{"index":"index","follow":"follow","max-snippet":"max-snippet:-1","max-image-preview":"max-image-preview:large","max-video-preview":"max-video-preview:-1"},"canonical":"https:\/\/staging.belleflamme.ca\/fr\/produit\/aprilaire-80-cartouche-de-vapeur-de-rechange-pour-humidificateur-a-vapeur-aprilaire-modeles-800-801-865-et-866\/","og_locale":"fr_FR","og_type":"article","og_title":"AprilAire 80 Cartouche de vapeur de rechange pour humidificateur \u00e0 vapeur AprilAire mod\u00e8les 800, 801, 865 et 866","og_description":"AprilAire 80 Cartouche de vapeur de rechange pour humidificateur \u00e0 vapeur AprilAire mod\u00e8les 800, 801, 865 et 866 vendu par le Groupe Belleflamme. Laval, Montr\u00e9al, Gatineau et Saint-Sauveur.","og_url":"https:\/\/staging.belleflamme.ca\/fr\/produit\/aprilaire-80-cartouche-de-vapeur-de-rechange-pour-humidificateur-a-vapeur-aprilaire-modeles-800-801-865-et-866\/","og_site_name":"Groupe BelleFlamme","article_publisher":"https:\/\/www.facebook.com\/belleflamme.ca\/","article_modified_time":"2024-05-24T15:02:37+00:00","og_image":[{"width":1080,"height":1080,"url":"https:\/\/www.belleflamme.ca\/wp-content\/uploads\/2024\/05\/AprilAire-80-Cartouche-de-vapeur-de-rechange-pour-humidificateur-a-vapeur-AprilAire-modeles-800-801-865-et-866.webp","type":"image\/webp"}],"twitter_card":"summary_large_image","twitter_misc":{"Prix":"","Disponibilit\u00e9":"En stock"},"schema":{"@context":"https:\/\/schema.org","@graph":[{"@type":["WebPage","ItemPage"],"@id":"https:\/\/staging.belleflamme.ca\/fr\/produit\/aprilaire-80-cartouche-de-vapeur-de-rechange-pour-humidificateur-a-vapeur-aprilaire-modeles-800-801-865-et-866\/","url":"https:\/\/staging.belleflamme.ca\/fr\/produit\/aprilaire-80-cartouche-de-vapeur-de-rechange-pour-humidificateur-a-vapeur-aprilaire-modeles-800-801-865-et-866\/","name":"AprilAire 80 Cartouche de vapeur de rechange pour humidificateur \u00e0 vapeur AprilAire mod\u00e8les 800, 801, 865 et 866 - Groupe BelleFlamme","isPartOf":{"@id":"https:\/\/www.belleflamme.ca\/fr\/#website"},"primaryImageOfPage":{"@id":"https:\/\/staging.belleflamme.ca\/fr\/produit\/aprilaire-80-cartouche-de-vapeur-de-rechange-pour-humidificateur-a-vapeur-aprilaire-modeles-800-801-865-et-866\/#primaryimage"},"image":{"@id":"https:\/\/staging.belleflamme.ca\/fr\/produit\/aprilaire-80-cartouche-de-vapeur-de-rechange-pour-humidificateur-a-vapeur-aprilaire-modeles-800-801-865-et-866\/#primaryimage"},"thumbnailUrl":"https:\/\/staging.belleflamme.ca\/wp-content\/uploads\/2024\/05\/AprilAire-80-Cartouche-de-vapeur-de-rechange-pour-humidificateur-a-vapeur-AprilAire-modeles-800-801-865-et-866.webp","datePublished":"2024-05-24T15:02:36+00:00","dateModified":"2024-05-24T15:02:37+00:00","description":"AprilAire 80 Cartouche de vapeur de rechange pour humidificateur \u00e0 vapeur AprilAire mod\u00e8les 800, 801, 865 et 866 vendu par le Groupe Belleflamme. Laval, Montr\u00e9al, Gatineau et Saint-Sauveur.","breadcrumb":{"@id":"https:\/\/staging.belleflamme.ca\/fr\/produit\/aprilaire-80-cartouche-de-vapeur-de-rechange-pour-humidificateur-a-vapeur-aprilaire-modeles-800-801-865-et-866\/#breadcrumb"},"inLanguage":"fr-FR","potentialAction":[{"@type":"ReadAction","target":["https:\/\/staging.belleflamme.ca\/fr\/produit\/aprilaire-80-cartouche-de-vapeur-de-rechange-pour-humidificateur-a-vapeur-aprilaire-modeles-800-801-865-et-866\/"]}]},{"@type":"ImageObject","inLanguage":"fr-FR","@id":"https:\/\/staging.belleflamme.ca\/fr\/produit\/aprilaire-80-cartouche-de-vapeur-de-rechange-pour-humidificateur-a-vapeur-aprilaire-modeles-800-801-865-et-866\/#primaryimage","url":"https:\/\/staging.belleflamme.ca\/wp-content\/uploads\/2024\/05\/AprilAire-80-Cartouche-de-vapeur-de-rechange-pour-humidificateur-a-vapeur-AprilAire-modeles-800-801-865-et-866.webp","contentUrl":"https:\/\/staging.belleflamme.ca\/wp-content\/uploads\/2024\/05\/AprilAire-80-Cartouche-de-vapeur-de-rechange-pour-humidificateur-a-vapeur-AprilAire-modeles-800-801-865-et-866.webp","width":1080,"height":1080,"caption":"AprilAire 80 Cartouche de vapeur de rechange pour humidificateur \u00e0 vapeur AprilAire mod\u00e8les 800, 801, 865 et 866"},{"@type":"BreadcrumbList","@id":"https:\/\/staging.belleflamme.ca\/fr\/produit\/aprilaire-80-cartouche-de-vapeur-de-rechange-pour-humidificateur-a-vapeur-aprilaire-modeles-800-801-865-et-866\/#breadcrumb","itemListElement":[{"@type":"ListItem","position":1,"name":"Accueil","item":"https:\/\/www.belleflamme.ca\/fr\/"},{"@type":"ListItem","position":2,"name":"Boutique","item":"https:\/\/www.belleflamme.ca\/fr\/boutique\/"},{"@type":"ListItem","position":3,"name":"Climatisation &amp; Chauffage","item":"https:\/\/staging.belleflamme.ca\/fr\/categories\/climatisation-chauffage\/"},{"@type":"ListItem","position":4,"name":"Filtres","item":"https:\/\/staging.belleflamme.ca\/fr\/categories\/climatisation-chauffage\/filtres\/"},{"@type":"ListItem","position":5,"name":"AprilAire 80 Cartouche de vapeur de rechange pour humidificateur \u00e0 vapeur AprilAire mod\u00e8les 800, 801, 865 et 866"}]},{"@type":"WebSite","@id":"https:\/\/www.belleflamme.ca\/fr\/#website","url":"https:\/\/www.belleflamme.ca\/fr\/","name":"Groupe Belleflamme","description":"La m\u00e9canique du b\u00e2timent dans le sang.","publisher":{"@id":"https:\/\/www.belleflamme.ca\/fr\/#organization"},"potentialAction":[{"@type":"SearchAction","target":{"@type":"EntryPoint","urlTemplate":"https:\/\/www.belleflamme.ca\/fr\/?s={search_term_string}"},"query-input":{"@type":"PropertyValueSpecification","valueRequired":true,"valueName":"search_term_string"}}],"inLanguage":"fr-FR"},{"@type":["Organization","Place"],"@id":"https:\/\/www.belleflamme.ca\/fr\/#organization","name":"Groupe Belleflamme","alternateName":"Belleflamme","url":"https:\/\/www.belleflamme.ca\/fr\/","logo":{"@type":"ImageObject","inLanguage":"fr-FR","@id":"https:\/\/www.belleflamme.ca\/fr\/#\/schema\/logo\/image\/","url":"https:\/\/staging.belleflamme.ca\/wp-content\/uploads\/2023\/01\/og-image.jpg","contentUrl":"https:\/\/staging.belleflamme.ca\/wp-content\/uploads\/2023\/01\/og-image.jpg","width":1200,"height":630,"caption":"Groupe Belleflamme"},"image":{"@id":"https:\/\/www.belleflamme.ca\/fr\/#\/schema\/logo\/image\/"},"sameAs":["https:\/\/www.facebook.com\/belleflamme.ca\/","https:\/\/www.linkedin.com\/company\/belleflamme\/","https:\/\/www.pinterest.ca\/groupebelleflamme\/","https:\/\/www.instagram.com\/legroupebelleflamme\/"],"mainEntityOfPage":{"@id":"https:\/\/staging.belleflamme.ca\/fr\/produit\/aprilaire-80-cartouche-de-vapeur-de-rechange-pour-humidificateur-a-vapeur-aprilaire-modeles-800-801-865-et-866\/"}}]},"product_brand":"Aprilaire","product_price_amount":"0.00","product_price_currency":"CAD","og_availability":"instock","product_availability":"instock","product_retailer_item_id":"80","product_condition":"new"},"_links":{"self":[{"href":"https:\/\/staging.belleflamme.ca\/fr\/wp-json\/wp\/v2\/product\/40060","targetHints":{"allow":["GET"]}}],"collection":[{"href":"https:\/\/staging.belleflamme.ca\/fr\/wp-json\/wp\/v2\/product"}],"about":[{"href":"https:\/\/staging.belleflamme.ca\/fr\/wp-json\/wp\/v2\/types\/product"}],"version-history":[{"count":1,"href":"https:\/\/staging.belleflamme.ca\/fr\/wp-json\/wp\/v2\/product\/40060\/revisions"}],"predecessor-version":[{"id":40063,"href":"https:\/\/staging.belleflamme.ca\/fr\/wp-json\/wp\/v2\/product\/40060\/revisions\/40063"}],"wp:featuredmedia":[{"embeddable":true,"href":"https:\/\/staging.belleflamme.ca\/fr\/wp-json\/wp\/v2\/media\/40061"}],"wp:attachment":[{"href":"https:\/\/staging.belleflamme.ca\/fr\/wp-json\/wp\/v2\/media?parent=40060"}],"wp:term":[{"taxonomy":"product_brand","embeddable":true,"href":"https:\/\/staging.belleflamme.ca\/fr\/wp-json\/wp\/v2\/product_brand?post=40060"},{"taxonomy":"product_cat","embeddable":true,"href":"https:\/\/staging.belleflamme.ca\/fr\/wp-json\/wp\/v2\/product_cat?post=40060"},{"taxonomy":"product_tag","embeddable":true,"href":"https:\/\/staging.belleflamme.ca\/fr\/wp-json\/wp\/v2\/product_tag?post=40060"}],"curies":[{"name":"wp","href":"https:\/\/api.w.org\/{rel}","templated":true}]}}