{"id":39998,"date":"2024-05-23T15:22:15","date_gmt":"2024-05-23T19:22:15","guid":{"rendered":"https:\/\/www.belleflamme.ca\/?post_type=product&#038;p=39998"},"modified":"2024-05-23T15:23:04","modified_gmt":"2024-05-23T19:23:04","slug":"thermostat-programmable-aprilaire-8466","status":"publish","type":"product","link":"https:\/\/staging.belleflamme.ca\/fr\/produit\/thermostat-programmable-aprilaire-8466\/","title":{"rendered":"Thermostat programmable AprilAire 8466"},"content":{"rendered":"\t\t<div data-elementor-type=\"product-post\" data-elementor-id=\"39998\" class=\"elementor elementor-39998\" data-elementor-post-type=\"product\">\n\t\t\t\t\t\t<section class=\"elementor-section elementor-top-section elementor-element elementor-element-24ad05f9 elementor-section-boxed elementor-section-height-default elementor-section-height-default\" data-id=\"24ad05f9\" data-element_type=\"section\">\n\t\t\t\t\t\t<div class=\"elementor-container elementor-column-gap-default\">\n\t\t\t\t\t<div class=\"elementor-column elementor-col-100 elementor-top-column elementor-element elementor-element-42a56f54\" data-id=\"42a56f54\" data-element_type=\"column\">\n\t\t\t<div class=\"elementor-widget-wrap elementor-element-populated\">\n\t\t\t\t\t\t<div class=\"elementor-element elementor-element-796db5bc elementor-widget elementor-widget-text-editor\" data-id=\"796db5bc\" data-element_type=\"widget\" data-widget_type=\"text-editor.default\">\n\t\t\t\t<div class=\"elementor-widget-container\">\n\t\t\t\t\t\t\t\t\t<h2><span>CARACT\u00c9RISTIQUES DU MOD\u00c8LE 8466\u00a0:<\/span><\/h2>\r\n<ul>\r\n \t<li><span>La possibilit\u00e9 de baisser la temp\u00e9rature pendant la nuit et lorsque vous \u00eates absent.<\/span><\/li>\r\n \t<li><span>R\u00e9cup\u00e9ration progressive\u00a0: cette fonction garantit que votre maison est toujours \u00e0 la temp\u00e9rature souhait\u00e9e en activant l&#8217;\u00e9quipement de chauffage et de climatisation avant un r\u00e9glage programm\u00e9\u00a0; Ainsi, la temp\u00e9rature souhait\u00e9e est assur\u00e9e au moment o\u00f9 vous le souhaitez.<\/span><\/li>\r\n \t<li><span>Peut contr\u00f4ler des syst\u00e8mes standards ou de pompe \u00e0 chaleur \u00e0 un ou plusieurs \u00e9tages.<\/span><\/li>\r\n<\/ul>\r\n<h3><span>AVANTAGES:<\/span><\/h3>\r\n<span>Le thermostat programmable AprilAire mod\u00e8le 8466 vous permet de cr\u00e9er des programmes personnalis\u00e9s en fonction de votre style de vie. Cela vous permet de contr\u00f4ler votre syst\u00e8me de chauffage et de climatisation pour un confort et une efficacit\u00e9 totale.<\/span>\r\n\r\n<strong><span>INCLUS DANS LA BO\u00ceTE\u00a0:<\/span><\/strong>\r\n<ul>\r\n \t<li><span>Thermostat programmable 8466<\/span><\/li>\r\n \t<li><span>Guide d&#8217;installation<\/span><\/li>\r\n \t<li><span>Le manuel du propri\u00e9taire<\/span><\/li>\r\n<\/ul>\r\n<strong><span>CARACT\u00c9RISTIQUES:<\/span><\/strong>\r\n<ul>\r\n \t<li><strong><span>Mat\u00e9riaux :<\/span><\/strong><span>\u00a0plastique, circuit imprim\u00e9<\/span><\/li>\r\n \t<li><strong><span>Mesures r\u00e9elles\u00a0:<\/span><\/strong><span>\u00a04,50H x 1,00W x 5,25D (pouces)<\/span><\/li>\r\n<\/ul>\t\t\t\t\t\t\t\t<\/div>\n\t\t\t\t<\/div>\n\t\t\t\t\t<\/div>\n\t\t<\/div>\n\t\t\t\t\t<\/div>\n\t\t<\/section>\n\t\t\t\t<section class=\"elementor-section elementor-top-section elementor-element elementor-element-f182c04 elementor-section-boxed elementor-section-height-default elementor-section-height-default\" data-id=\"f182c04\" data-element_type=\"section\">\n\t\t\t\t\t\t<div class=\"elementor-container elementor-column-gap-default\">\n\t\t\t\t\t<div class=\"elementor-column elementor-col-100 elementor-top-column elementor-element elementor-element-88dcdbe\" data-id=\"88dcdbe\" data-element_type=\"column\">\n\t\t\t<div class=\"elementor-widget-wrap elementor-element-populated\">\n\t\t\t\t\t\t<div class=\"elementor-element elementor-element-9603a50 elementor-tabs-view-horizontal elementor-widget elementor-widget-tabs\" data-id=\"9603a50\" data-element_type=\"widget\" data-widget_type=\"tabs.default\">\n\t\t\t\t<div class=\"elementor-widget-container\">\n\t\t\t\t\t\t\t<div class=\"elementor-tabs\">\n\t\t\t<div class=\"elementor-tabs-wrapper\" role=\"tablist\" >\n\t\t\t\t\t\t\t\t\t<div id=\"elementor-tab-title-1571\" class=\"elementor-tab-title elementor-tab-desktop-title\" aria-selected=\"true\" data-tab=\"1\" role=\"tab\" tabindex=\"0\" aria-controls=\"elementor-tab-content-1571\" aria-expanded=\"false\">Fichiers<\/div>\n\t\t\t\t\t\t\t<\/div>\n\t\t\t<div class=\"elementor-tabs-content-wrapper\" role=\"tablist\" aria-orientation=\"vertical\">\n\t\t\t\t\t\t\t\t\t<div class=\"elementor-tab-title elementor-tab-mobile-title\" aria-selected=\"true\" data-tab=\"1\" role=\"tab\" tabindex=\"0\" aria-controls=\"elementor-tab-content-1571\" aria-expanded=\"false\">Fichiers<\/div>\n\t\t\t\t\t<div id=\"elementor-tab-content-1571\" class=\"elementor-tab-content elementor-clearfix\" data-tab=\"1\" role=\"tabpanel\" aria-labelledby=\"elementor-tab-title-1571\" tabindex=\"0\" hidden=\"false\"><i class=\"far fa-file-pdf fa-xl\" style=\"font-size:35px\"><\/i><a href=\"https:\/\/www.belleflamme.ca\/wp-content\/uploads\/2024\/05\/aprilaire-8400-series-thermostat-owners-manual-B2204776.pdf\"> Manuel<\/a><\/br><\/div>\n\t\t\t\t\t\t\t<\/div>\n\t\t<\/div>\n\t\t\t\t\t\t<\/div>\n\t\t\t\t<\/div>\n\t\t\t\t\t<\/div>\n\t\t<\/div>\n\t\t\t\t\t<\/div>\n\t\t<\/section>\n\t\t\t\t<\/div>\n\t\t","protected":false},"excerpt":{"rendered":"<p>CARACT\u00c9RISTIQUES DU MOD\u00c8LE 8466\u00a0: La possibilit\u00e9 de baisser la temp\u00e9rature pendant la nuit et lorsque vous \u00eates absent. R\u00e9cup\u00e9ration progressive\u00a0: cette fonction garantit que votre maison est toujours \u00e0 la temp\u00e9rature souhait\u00e9e en activant l&#8217;\u00e9quipement de chauffage et de climatisation avant un r\u00e9glage programm\u00e9\u00a0; Ainsi, la temp\u00e9rature souhait\u00e9e est assur\u00e9e au moment o\u00f9 vous le [&hellip;]<\/p>\n","protected":false},"featured_media":39999,"template":"","meta":{"inline_featured_image":false},"product_brand":[298],"product_cat":[130,70],"product_tag":[],"class_list":{"0":"post-39998","1":"product","2":"type-product","3":"status-publish","4":"has-post-thumbnail","6":"product_brand-aprilaire","7":"product_cat-accessoires","8":"product_cat-climatisation-chauffage","10":"first","11":"instock","12":"taxable","13":"shipping-taxable","14":"product-type-simple"},"yoast_head":"<!-- This site is optimized with the Yoast SEO Premium plugin v24.2 (Yoast SEO v24.2) - https:\/\/yoast.com\/wordpress\/plugins\/seo\/ -->\n<title>Thermostat programmable AprilAire 8466 - Groupe BelleFlamme<\/title>\n<meta name=\"description\" content=\"Thermostat programmable AprilAire 8466 vendu par le Groupe Belleflamme. Laval, Montr\u00e9al, Gatineau et Saint-Sauveur.\" \/>\n<meta name=\"robots\" content=\"index, follow, max-snippet:-1, max-image-preview:large, max-video-preview:-1\" \/>\n<link rel=\"canonical\" href=\"https:\/\/staging.belleflamme.ca\/fr\/produit\/thermostat-programmable-aprilaire-8466\/\" \/>\n<meta property=\"og:locale\" content=\"fr_FR\" \/>\n<meta property=\"og:type\" content=\"article\" \/>\n<meta property=\"og:title\" content=\"Thermostat programmable AprilAire 8466\" \/>\n<meta property=\"og:description\" content=\"Thermostat programmable AprilAire 8466 vendu par le Groupe Belleflamme. Laval, Montr\u00e9al, Gatineau et Saint-Sauveur.\" \/>\n<meta property=\"og:url\" content=\"https:\/\/staging.belleflamme.ca\/fr\/produit\/thermostat-programmable-aprilaire-8466\/\" \/>\n<meta property=\"og:site_name\" content=\"Groupe BelleFlamme\" \/>\n<meta property=\"article:publisher\" content=\"https:\/\/www.facebook.com\/belleflamme.ca\/\" \/>\n<meta property=\"article:modified_time\" content=\"2024-05-23T19:23:04+00:00\" \/>\n<meta property=\"og:image\" content=\"https:\/\/www.belleflamme.ca\/wp-content\/uploads\/2024\/05\/Thermostat-programmable-AprilAire-8466.webp\" \/>\n\t<meta property=\"og:image:width\" content=\"1080\" \/>\n\t<meta property=\"og:image:height\" content=\"1080\" \/>\n\t<meta property=\"og:image:type\" content=\"image\/webp\" \/>\n<meta name=\"twitter:card\" content=\"summary_large_image\" \/>\n<meta name=\"twitter:label1\" content=\"Prix\" \/>\n\t<meta name=\"twitter:data1\" content=\"\" \/>\n\t<meta name=\"twitter:label2\" content=\"Disponibilit\u00e9\" \/>\n\t<meta name=\"twitter:data2\" content=\"En stock\" \/>\n<script type=\"application\/ld+json\" class=\"yoast-schema-graph\">{\"@context\":\"https:\/\/schema.org\",\"@graph\":[{\"@type\":[\"WebPage\",\"ItemPage\"],\"@id\":\"https:\/\/staging.belleflamme.ca\/fr\/produit\/thermostat-programmable-aprilaire-8466\/\",\"url\":\"https:\/\/staging.belleflamme.ca\/fr\/produit\/thermostat-programmable-aprilaire-8466\/\",\"name\":\"Thermostat programmable AprilAire 8466 - Groupe BelleFlamme\",\"isPartOf\":{\"@id\":\"https:\/\/www.belleflamme.ca\/fr\/#website\"},\"primaryImageOfPage\":{\"@id\":\"https:\/\/staging.belleflamme.ca\/fr\/produit\/thermostat-programmable-aprilaire-8466\/#primaryimage\"},\"image\":{\"@id\":\"https:\/\/staging.belleflamme.ca\/fr\/produit\/thermostat-programmable-aprilaire-8466\/#primaryimage\"},\"thumbnailUrl\":\"https:\/\/staging.belleflamme.ca\/wp-content\/uploads\/2024\/05\/Thermostat-programmable-AprilAire-8466.webp\",\"datePublished\":\"2024-05-23T19:22:15+00:00\",\"dateModified\":\"2024-05-23T19:23:04+00:00\",\"description\":\"Thermostat programmable AprilAire 8466 vendu par le Groupe Belleflamme. Laval, Montr\u00e9al, Gatineau et Saint-Sauveur.\",\"breadcrumb\":{\"@id\":\"https:\/\/staging.belleflamme.ca\/fr\/produit\/thermostat-programmable-aprilaire-8466\/#breadcrumb\"},\"inLanguage\":\"fr-FR\",\"potentialAction\":[{\"@type\":\"ReadAction\",\"target\":[\"https:\/\/staging.belleflamme.ca\/fr\/produit\/thermostat-programmable-aprilaire-8466\/\"]}]},{\"@type\":\"ImageObject\",\"inLanguage\":\"fr-FR\",\"@id\":\"https:\/\/staging.belleflamme.ca\/fr\/produit\/thermostat-programmable-aprilaire-8466\/#primaryimage\",\"url\":\"https:\/\/staging.belleflamme.ca\/wp-content\/uploads\/2024\/05\/Thermostat-programmable-AprilAire-8466.webp\",\"contentUrl\":\"https:\/\/staging.belleflamme.ca\/wp-content\/uploads\/2024\/05\/Thermostat-programmable-AprilAire-8466.webp\",\"width\":1080,\"height\":1080,\"caption\":\"Thermostat programmable AprilAire 8466\"},{\"@type\":\"BreadcrumbList\",\"@id\":\"https:\/\/staging.belleflamme.ca\/fr\/produit\/thermostat-programmable-aprilaire-8466\/#breadcrumb\",\"itemListElement\":[{\"@type\":\"ListItem\",\"position\":1,\"name\":\"Accueil\",\"item\":\"https:\/\/www.belleflamme.ca\/fr\/\"},{\"@type\":\"ListItem\",\"position\":2,\"name\":\"Boutique\",\"item\":\"https:\/\/www.belleflamme.ca\/fr\/boutique\/\"},{\"@type\":\"ListItem\",\"position\":3,\"name\":\"Climatisation &amp; Chauffage\",\"item\":\"https:\/\/staging.belleflamme.ca\/fr\/categories\/climatisation-chauffage\/\"},{\"@type\":\"ListItem\",\"position\":4,\"name\":\"Accessoires\",\"item\":\"https:\/\/staging.belleflamme.ca\/fr\/categories\/climatisation-chauffage\/accessoires\/\"},{\"@type\":\"ListItem\",\"position\":5,\"name\":\"Thermostat programmable AprilAire 8466\"}]},{\"@type\":\"WebSite\",\"@id\":\"https:\/\/www.belleflamme.ca\/fr\/#website\",\"url\":\"https:\/\/www.belleflamme.ca\/fr\/\",\"name\":\"Groupe Belleflamme\",\"description\":\"La m\u00e9canique du b\u00e2timent dans le sang.\",\"publisher\":{\"@id\":\"https:\/\/www.belleflamme.ca\/fr\/#organization\"},\"potentialAction\":[{\"@type\":\"SearchAction\",\"target\":{\"@type\":\"EntryPoint\",\"urlTemplate\":\"https:\/\/www.belleflamme.ca\/fr\/?s={search_term_string}\"},\"query-input\":{\"@type\":\"PropertyValueSpecification\",\"valueRequired\":true,\"valueName\":\"search_term_string\"}}],\"inLanguage\":\"fr-FR\"},{\"@type\":[\"Organization\",\"Place\"],\"@id\":\"https:\/\/www.belleflamme.ca\/fr\/#organization\",\"name\":\"Groupe Belleflamme\",\"alternateName\":\"Belleflamme\",\"url\":\"https:\/\/www.belleflamme.ca\/fr\/\",\"logo\":{\"@type\":\"ImageObject\",\"inLanguage\":\"fr-FR\",\"@id\":\"https:\/\/www.belleflamme.ca\/fr\/#\/schema\/logo\/image\/\",\"url\":\"https:\/\/staging.belleflamme.ca\/wp-content\/uploads\/2023\/01\/og-image.jpg\",\"contentUrl\":\"https:\/\/staging.belleflamme.ca\/wp-content\/uploads\/2023\/01\/og-image.jpg\",\"width\":1200,\"height\":630,\"caption\":\"Groupe Belleflamme\"},\"image\":{\"@id\":\"https:\/\/www.belleflamme.ca\/fr\/#\/schema\/logo\/image\/\"},\"sameAs\":[\"https:\/\/www.facebook.com\/belleflamme.ca\/\",\"https:\/\/www.linkedin.com\/company\/belleflamme\/\",\"https:\/\/www.pinterest.ca\/groupebelleflamme\/\",\"https:\/\/www.instagram.com\/legroupebelleflamme\/\"],\"mainEntityOfPage\":{\"@id\":\"https:\/\/staging.belleflamme.ca\/fr\/produit\/thermostat-programmable-aprilaire-8466\/\"}}]}<\/script>\n<meta property=\"product:brand\" content=\"Aprilaire\" \/>\n<meta property=\"product:price:amount\" content=\"0.00\" \/>\n<meta property=\"product:price:currency\" content=\"CAD\" \/>\n<meta property=\"og:availability\" content=\"instock\" \/>\n<meta property=\"product:availability\" content=\"instock\" \/>\n<meta property=\"product:retailer_item_id\" content=\"8466\" \/>\n<meta property=\"product:condition\" content=\"new\" \/>\n<!-- \/ Yoast SEO Premium plugin. -->","yoast_head_json":{"title":"Thermostat programmable AprilAire 8466 - Groupe BelleFlamme","description":"Thermostat programmable AprilAire 8466 vendu par le Groupe Belleflamme. Laval, Montr\u00e9al, Gatineau et Saint-Sauveur.","robots":{"index":"index","follow":"follow","max-snippet":"max-snippet:-1","max-image-preview":"max-image-preview:large","max-video-preview":"max-video-preview:-1"},"canonical":"https:\/\/staging.belleflamme.ca\/fr\/produit\/thermostat-programmable-aprilaire-8466\/","og_locale":"fr_FR","og_type":"article","og_title":"Thermostat programmable AprilAire 8466","og_description":"Thermostat programmable AprilAire 8466 vendu par le Groupe Belleflamme. Laval, Montr\u00e9al, Gatineau et Saint-Sauveur.","og_url":"https:\/\/staging.belleflamme.ca\/fr\/produit\/thermostat-programmable-aprilaire-8466\/","og_site_name":"Groupe BelleFlamme","article_publisher":"https:\/\/www.facebook.com\/belleflamme.ca\/","article_modified_time":"2024-05-23T19:23:04+00:00","og_image":[{"width":1080,"height":1080,"url":"https:\/\/www.belleflamme.ca\/wp-content\/uploads\/2024\/05\/Thermostat-programmable-AprilAire-8466.webp","type":"image\/webp"}],"twitter_card":"summary_large_image","twitter_misc":{"Prix":"","Disponibilit\u00e9":"En stock"},"schema":{"@context":"https:\/\/schema.org","@graph":[{"@type":["WebPage","ItemPage"],"@id":"https:\/\/staging.belleflamme.ca\/fr\/produit\/thermostat-programmable-aprilaire-8466\/","url":"https:\/\/staging.belleflamme.ca\/fr\/produit\/thermostat-programmable-aprilaire-8466\/","name":"Thermostat programmable AprilAire 8466 - Groupe BelleFlamme","isPartOf":{"@id":"https:\/\/www.belleflamme.ca\/fr\/#website"},"primaryImageOfPage":{"@id":"https:\/\/staging.belleflamme.ca\/fr\/produit\/thermostat-programmable-aprilaire-8466\/#primaryimage"},"image":{"@id":"https:\/\/staging.belleflamme.ca\/fr\/produit\/thermostat-programmable-aprilaire-8466\/#primaryimage"},"thumbnailUrl":"https:\/\/staging.belleflamme.ca\/wp-content\/uploads\/2024\/05\/Thermostat-programmable-AprilAire-8466.webp","datePublished":"2024-05-23T19:22:15+00:00","dateModified":"2024-05-23T19:23:04+00:00","description":"Thermostat programmable AprilAire 8466 vendu par le Groupe Belleflamme. Laval, Montr\u00e9al, Gatineau et Saint-Sauveur.","breadcrumb":{"@id":"https:\/\/staging.belleflamme.ca\/fr\/produit\/thermostat-programmable-aprilaire-8466\/#breadcrumb"},"inLanguage":"fr-FR","potentialAction":[{"@type":"ReadAction","target":["https:\/\/staging.belleflamme.ca\/fr\/produit\/thermostat-programmable-aprilaire-8466\/"]}]},{"@type":"ImageObject","inLanguage":"fr-FR","@id":"https:\/\/staging.belleflamme.ca\/fr\/produit\/thermostat-programmable-aprilaire-8466\/#primaryimage","url":"https:\/\/staging.belleflamme.ca\/wp-content\/uploads\/2024\/05\/Thermostat-programmable-AprilAire-8466.webp","contentUrl":"https:\/\/staging.belleflamme.ca\/wp-content\/uploads\/2024\/05\/Thermostat-programmable-AprilAire-8466.webp","width":1080,"height":1080,"caption":"Thermostat programmable AprilAire 8466"},{"@type":"BreadcrumbList","@id":"https:\/\/staging.belleflamme.ca\/fr\/produit\/thermostat-programmable-aprilaire-8466\/#breadcrumb","itemListElement":[{"@type":"ListItem","position":1,"name":"Accueil","item":"https:\/\/www.belleflamme.ca\/fr\/"},{"@type":"ListItem","position":2,"name":"Boutique","item":"https:\/\/www.belleflamme.ca\/fr\/boutique\/"},{"@type":"ListItem","position":3,"name":"Climatisation &amp; Chauffage","item":"https:\/\/staging.belleflamme.ca\/fr\/categories\/climatisation-chauffage\/"},{"@type":"ListItem","position":4,"name":"Accessoires","item":"https:\/\/staging.belleflamme.ca\/fr\/categories\/climatisation-chauffage\/accessoires\/"},{"@type":"ListItem","position":5,"name":"Thermostat programmable AprilAire 8466"}]},{"@type":"WebSite","@id":"https:\/\/www.belleflamme.ca\/fr\/#website","url":"https:\/\/www.belleflamme.ca\/fr\/","name":"Groupe Belleflamme","description":"La m\u00e9canique du b\u00e2timent dans le sang.","publisher":{"@id":"https:\/\/www.belleflamme.ca\/fr\/#organization"},"potentialAction":[{"@type":"SearchAction","target":{"@type":"EntryPoint","urlTemplate":"https:\/\/www.belleflamme.ca\/fr\/?s={search_term_string}"},"query-input":{"@type":"PropertyValueSpecification","valueRequired":true,"valueName":"search_term_string"}}],"inLanguage":"fr-FR"},{"@type":["Organization","Place"],"@id":"https:\/\/www.belleflamme.ca\/fr\/#organization","name":"Groupe Belleflamme","alternateName":"Belleflamme","url":"https:\/\/www.belleflamme.ca\/fr\/","logo":{"@type":"ImageObject","inLanguage":"fr-FR","@id":"https:\/\/www.belleflamme.ca\/fr\/#\/schema\/logo\/image\/","url":"https:\/\/staging.belleflamme.ca\/wp-content\/uploads\/2023\/01\/og-image.jpg","contentUrl":"https:\/\/staging.belleflamme.ca\/wp-content\/uploads\/2023\/01\/og-image.jpg","width":1200,"height":630,"caption":"Groupe Belleflamme"},"image":{"@id":"https:\/\/www.belleflamme.ca\/fr\/#\/schema\/logo\/image\/"},"sameAs":["https:\/\/www.facebook.com\/belleflamme.ca\/","https:\/\/www.linkedin.com\/company\/belleflamme\/","https:\/\/www.pinterest.ca\/groupebelleflamme\/","https:\/\/www.instagram.com\/legroupebelleflamme\/"],"mainEntityOfPage":{"@id":"https:\/\/staging.belleflamme.ca\/fr\/produit\/thermostat-programmable-aprilaire-8466\/"}}]},"product_brand":"Aprilaire","product_price_amount":"0.00","product_price_currency":"CAD","og_availability":"instock","product_availability":"instock","product_retailer_item_id":"8466","product_condition":"new"},"_links":{"self":[{"href":"https:\/\/staging.belleflamme.ca\/fr\/wp-json\/wp\/v2\/product\/39998","targetHints":{"allow":["GET"]}}],"collection":[{"href":"https:\/\/staging.belleflamme.ca\/fr\/wp-json\/wp\/v2\/product"}],"about":[{"href":"https:\/\/staging.belleflamme.ca\/fr\/wp-json\/wp\/v2\/types\/product"}],"version-history":[{"count":4,"href":"https:\/\/staging.belleflamme.ca\/fr\/wp-json\/wp\/v2\/product\/39998\/revisions"}],"predecessor-version":[{"id":40006,"href":"https:\/\/staging.belleflamme.ca\/fr\/wp-json\/wp\/v2\/product\/39998\/revisions\/40006"}],"wp:featuredmedia":[{"embeddable":true,"href":"https:\/\/staging.belleflamme.ca\/fr\/wp-json\/wp\/v2\/media\/39999"}],"wp:attachment":[{"href":"https:\/\/staging.belleflamme.ca\/fr\/wp-json\/wp\/v2\/media?parent=39998"}],"wp:term":[{"taxonomy":"product_brand","embeddable":true,"href":"https:\/\/staging.belleflamme.ca\/fr\/wp-json\/wp\/v2\/product_brand?post=39998"},{"taxonomy":"product_cat","embeddable":true,"href":"https:\/\/staging.belleflamme.ca\/fr\/wp-json\/wp\/v2\/product_cat?post=39998"},{"taxonomy":"product_tag","embeddable":true,"href":"https:\/\/staging.belleflamme.ca\/fr\/wp-json\/wp\/v2\/product_tag?post=39998"}],"curies":[{"name":"wp","href":"https:\/\/api.w.org\/{rel}","templated":true}]}}