{"id":39975,"date":"2024-05-23T15:12:00","date_gmt":"2024-05-23T19:12:00","guid":{"rendered":"https:\/\/www.belleflamme.ca\/?post_type=product&#038;p=39975"},"modified":"2024-05-23T15:12:56","modified_gmt":"2024-05-23T19:12:56","slug":"ecran-tactile-programmable-aprilaire-8910w-wifi","status":"publish","type":"product","link":"https:\/\/staging.belleflamme.ca\/fr\/produit\/ecran-tactile-programmable-aprilaire-8910w-wifi\/","title":{"rendered":"\u00c9cran tactile programmable AprilAire 8910W Wifi"},"content":{"rendered":"\t\t<div data-elementor-type=\"product-post\" data-elementor-id=\"39975\" class=\"elementor elementor-39975\" data-elementor-post-type=\"product\">\n\t\t\t\t\t\t<section class=\"elementor-section elementor-top-section elementor-element elementor-element-32bc4be0 elementor-section-boxed elementor-section-height-default elementor-section-height-default\" data-id=\"32bc4be0\" data-element_type=\"section\">\n\t\t\t\t\t\t<div class=\"elementor-container elementor-column-gap-default\">\n\t\t\t\t\t<div class=\"elementor-column elementor-col-100 elementor-top-column elementor-element elementor-element-2b6e852c\" data-id=\"2b6e852c\" data-element_type=\"column\">\n\t\t\t<div class=\"elementor-widget-wrap elementor-element-populated\">\n\t\t\t\t\t\t<div class=\"elementor-element elementor-element-185f8869 elementor-widget elementor-widget-text-editor\" data-id=\"185f8869\" data-element_type=\"widget\" data-widget_type=\"text-editor.default\">\n\t\t\t\t<div class=\"elementor-widget-container\">\n\t\t\t\t\t\t\t\t\t<div class=\"product-single__description-full rte\">\r\n<h2><span>CARACT\u00c9RISTIQUES DU MOD\u00c8LE 8910W\u00a0:<\/span><\/h2>\r\n<ul>\r\n \t<li><strong><span>Vous donne un contr\u00f4le total<\/span><\/strong><span>\u00a0sur la qualit\u00e9 de votre air int\u00e9rieur<\/span><\/li>\r\n \t<li><strong><span>Capacit\u00e9s de surveillance et de contr\u00f4le \u00e0 distance<\/span><\/strong><span>\u00a0avec l&#8217;application AprilAire Wifi Thermostat sur IOS et Android<\/span><\/li>\r\n \t<li><span>Grand \u00e9cran tactile LCD\u00a0<strong>de 10,3 pouces carr\u00e9s<\/strong><\/span><\/li>\r\n \t<li><strong><span>Contr\u00f4le complet du confort de la maison \u2013<\/span><\/strong><span>\u00a0temp\u00e9rature, humidit\u00e9, purification de l\u2019air, ventilation de l\u2019air frais<\/span><\/li>\r\n \t<li><strong><span>Se compose d&#8217;<\/span><\/strong><span>\u00a0une interface utilisateur et d&#8217;un module de contr\u00f4le de l&#8217;\u00e9quipement\u00a0; seulement 3 fils n\u00e9cessaires<\/span><\/li>\r\n<\/ul>\r\n<h3><span>AVANTAGES:<\/span><\/h3>\r\n<span>Surveiller et contr\u00f4ler la qualit\u00e9 de votre air int\u00e9rieur est un jeu d&#8217;enfant avec l&#8217;utilisation d&#8217;un thermostat Wifi AprilAire 8910W. Avec des fonctionnalit\u00e9s telles que le contr\u00f4le automatique de l&#8217;humidificateur et du d\u00e9shumidificateur, la purification automatique de l&#8217;air et le contr\u00f4le de la temp\u00e9rature, un 8910 W garantira que l&#8217;air de votre maison est propre, frais et confortable pour vous et votre famille.<\/span>\r\n\r\n<span>Nos thermostats Wifi facilitent le contr\u00f4le de la qualit\u00e9 de l\u2019air int\u00e9rieur partout et \u00e0 tout moment, depuis le confort de votre t\u00e9l\u00e9phone intelligent ou de votre tablette. D\u00e9couvrez les bienfaits pour la sant\u00e9 d&#8217;une bonne qualit\u00e9 de l&#8217;air int\u00e9rieur en installant un 8910W d\u00e8s aujourd&#8217;hui.<\/span>\r\n\r\n<strong><span>INCLUS DANS LA BO\u00ceTE\u00a0:<\/span><\/strong>\r\n<ul>\r\n \t<li><span>Thermostat 8910W<\/span><\/li>\r\n \t<li><span>Module de contr\u00f4le de l&#8217;\u00e9quipement<\/span><\/li>\r\n \t<li><span>Capteur de temp\u00e9rature ext\u00e9rieure 8052<\/span><\/li>\r\n \t<li><span>Le manuel du propri\u00e9taire<\/span><\/li>\r\n \t<li><span>Instructions de s\u00e9curit\u00e9 et d&#8217;installation<\/span><\/li>\r\n \t<li><span>Guide de d\u00e9marrage rapide<\/span><\/li>\r\n \t<li><span>(2) Vis<\/span><\/li>\r\n \t<li><span>(2) Ancrages muraux<\/span><\/li>\r\n<\/ul>\r\n<strong><span>CARACT\u00c9RISTIQUES:<\/span><\/strong>\r\n<ul>\r\n \t<li><strong><span>Mat\u00e9riaux :<\/span><\/strong><span>\u00a0Plastique, M\u00e9tal, Circuit imprim\u00e9<\/span><\/li>\r\n \t<li><strong><span>Mesures r\u00e9elles\u00a0:<\/span><\/strong><span>\u00a04,85H x 1,25W x 6D (pouces)<\/span><\/li>\r\n<\/ul>\r\n<\/div>\t\t\t\t\t\t\t\t<\/div>\n\t\t\t\t<\/div>\n\t\t\t\t\t<\/div>\n\t\t<\/div>\n\t\t\t\t\t<\/div>\n\t\t<\/section>\n\t\t\t\t<section class=\"elementor-section elementor-top-section elementor-element elementor-element-ad97e05 elementor-section-boxed elementor-section-height-default elementor-section-height-default\" data-id=\"ad97e05\" data-element_type=\"section\">\n\t\t\t\t\t\t<div class=\"elementor-container elementor-column-gap-default\">\n\t\t\t\t\t<div class=\"elementor-column elementor-col-100 elementor-top-column elementor-element elementor-element-1fdf69c\" data-id=\"1fdf69c\" data-element_type=\"column\">\n\t\t\t<div class=\"elementor-widget-wrap elementor-element-populated\">\n\t\t\t\t\t\t<div class=\"elementor-element elementor-element-f591231 elementor-tabs-view-horizontal elementor-widget elementor-widget-tabs\" data-id=\"f591231\" data-element_type=\"widget\" data-widget_type=\"tabs.default\">\n\t\t\t\t<div class=\"elementor-widget-container\">\n\t\t\t\t\t\t\t<div class=\"elementor-tabs\">\n\t\t\t<div class=\"elementor-tabs-wrapper\" role=\"tablist\" >\n\t\t\t\t\t\t\t\t\t<div id=\"elementor-tab-title-2571\" class=\"elementor-tab-title elementor-tab-desktop-title\" aria-selected=\"true\" data-tab=\"1\" role=\"tab\" tabindex=\"0\" aria-controls=\"elementor-tab-content-2571\" aria-expanded=\"false\">Fichiers<\/div>\n\t\t\t\t\t\t\t<\/div>\n\t\t\t<div class=\"elementor-tabs-content-wrapper\" role=\"tablist\" aria-orientation=\"vertical\">\n\t\t\t\t\t\t\t\t\t<div class=\"elementor-tab-title elementor-tab-mobile-title\" aria-selected=\"true\" data-tab=\"1\" role=\"tab\" tabindex=\"0\" aria-controls=\"elementor-tab-content-2571\" aria-expanded=\"false\">Fichiers<\/div>\n\t\t\t\t\t<div id=\"elementor-tab-content-2571\" class=\"elementor-tab-content elementor-clearfix\" data-tab=\"1\" role=\"tabpanel\" aria-labelledby=\"elementor-tab-title-2571\" tabindex=\"0\" hidden=\"false\"><i class=\"far fa-file-pdf fa-xl\" style=\"font-size:35px\"><\/i><a href=\"https:\/\/www.belleflamme.ca\/wp-content\/uploads\/2024\/05\/aprilaire-8910w-thermostat-owners-manual-B2206503.pdf\"> Manuel<\/a><\/br><\/div>\n\t\t\t\t\t\t\t<\/div>\n\t\t<\/div>\n\t\t\t\t\t\t<\/div>\n\t\t\t\t<\/div>\n\t\t\t\t\t<\/div>\n\t\t<\/div>\n\t\t\t\t\t<\/div>\n\t\t<\/section>\n\t\t\t\t<\/div>\n\t\t","protected":false},"excerpt":{"rendered":"<p>CARACT\u00c9RISTIQUES DU MOD\u00c8LE 8910W\u00a0: Vous donne un contr\u00f4le total\u00a0sur la qualit\u00e9 de votre air int\u00e9rieur Capacit\u00e9s de surveillance et de contr\u00f4le \u00e0 distance\u00a0avec l&#8217;application AprilAire Wifi Thermostat sur IOS et Android Grand \u00e9cran tactile LCD\u00a0de 10,3 pouces carr\u00e9s Contr\u00f4le complet du confort de la maison \u2013\u00a0temp\u00e9rature, humidit\u00e9, purification de l\u2019air, ventilation de l\u2019air frais Se [&hellip;]<\/p>\n","protected":false},"featured_media":39976,"template":"","meta":{"inline_featured_image":false},"product_brand":[298],"product_cat":[130,70],"product_tag":[],"class_list":{"0":"post-39975","1":"product","2":"type-product","3":"status-publish","4":"has-post-thumbnail","6":"product_brand-aprilaire","7":"product_cat-accessoires","8":"product_cat-climatisation-chauffage","10":"first","11":"instock","12":"taxable","13":"shipping-taxable","14":"product-type-simple"},"yoast_head":"<!-- This site is optimized with the Yoast SEO Premium plugin v24.2 (Yoast SEO v24.2) - https:\/\/yoast.com\/wordpress\/plugins\/seo\/ -->\n<title>\u00c9cran tactile programmable AprilAire 8910W Wifi - Groupe BelleFlamme<\/title>\n<meta name=\"description\" content=\"\u00c9cran tactile programmable AprilAire 8910W Wifi vendu par le Groupe Belleflamme. Laval, Montr\u00e9al, Gatineau et Saint-Sauveur.\" \/>\n<meta name=\"robots\" content=\"index, follow, max-snippet:-1, max-image-preview:large, max-video-preview:-1\" \/>\n<link rel=\"canonical\" href=\"https:\/\/staging.belleflamme.ca\/fr\/produit\/ecran-tactile-programmable-aprilaire-8910w-wifi\/\" \/>\n<meta property=\"og:locale\" content=\"fr_FR\" \/>\n<meta property=\"og:type\" content=\"article\" \/>\n<meta property=\"og:title\" content=\"\u00c9cran tactile programmable AprilAire 8910W Wifi\" \/>\n<meta property=\"og:description\" content=\"\u00c9cran tactile programmable AprilAire 8910W Wifi vendu par le Groupe Belleflamme. Laval, Montr\u00e9al, Gatineau et Saint-Sauveur.\" \/>\n<meta property=\"og:url\" content=\"https:\/\/staging.belleflamme.ca\/fr\/produit\/ecran-tactile-programmable-aprilaire-8910w-wifi\/\" \/>\n<meta property=\"og:site_name\" content=\"Groupe BelleFlamme\" \/>\n<meta property=\"article:publisher\" content=\"https:\/\/www.facebook.com\/belleflamme.ca\/\" \/>\n<meta property=\"article:modified_time\" content=\"2024-05-23T19:12:56+00:00\" \/>\n<meta property=\"og:image\" content=\"https:\/\/www.belleflamme.ca\/wp-content\/uploads\/2024\/05\/Ecran-tactile-programmable-AprilAire-8910W-Wifi.webp\" \/>\n\t<meta property=\"og:image:width\" content=\"1080\" \/>\n\t<meta property=\"og:image:height\" content=\"1078\" \/>\n\t<meta property=\"og:image:type\" content=\"image\/webp\" \/>\n<meta name=\"twitter:card\" content=\"summary_large_image\" \/>\n<meta name=\"twitter:label1\" content=\"Prix\" \/>\n\t<meta name=\"twitter:data1\" content=\"\" \/>\n\t<meta name=\"twitter:label2\" content=\"Disponibilit\u00e9\" \/>\n\t<meta name=\"twitter:data2\" content=\"En stock\" \/>\n<script type=\"application\/ld+json\" class=\"yoast-schema-graph\">{\"@context\":\"https:\/\/schema.org\",\"@graph\":[{\"@type\":[\"WebPage\",\"ItemPage\"],\"@id\":\"https:\/\/staging.belleflamme.ca\/fr\/produit\/ecran-tactile-programmable-aprilaire-8910w-wifi\/\",\"url\":\"https:\/\/staging.belleflamme.ca\/fr\/produit\/ecran-tactile-programmable-aprilaire-8910w-wifi\/\",\"name\":\"\u00c9cran tactile programmable AprilAire 8910W Wifi - Groupe BelleFlamme\",\"isPartOf\":{\"@id\":\"https:\/\/www.belleflamme.ca\/fr\/#website\"},\"primaryImageOfPage\":{\"@id\":\"https:\/\/staging.belleflamme.ca\/fr\/produit\/ecran-tactile-programmable-aprilaire-8910w-wifi\/#primaryimage\"},\"image\":{\"@id\":\"https:\/\/staging.belleflamme.ca\/fr\/produit\/ecran-tactile-programmable-aprilaire-8910w-wifi\/#primaryimage\"},\"thumbnailUrl\":\"https:\/\/staging.belleflamme.ca\/wp-content\/uploads\/2024\/05\/Ecran-tactile-programmable-AprilAire-8910W-Wifi.webp\",\"datePublished\":\"2024-05-23T19:12:00+00:00\",\"dateModified\":\"2024-05-23T19:12:56+00:00\",\"description\":\"\u00c9cran tactile programmable AprilAire 8910W Wifi vendu par le Groupe Belleflamme. Laval, Montr\u00e9al, Gatineau et Saint-Sauveur.\",\"breadcrumb\":{\"@id\":\"https:\/\/staging.belleflamme.ca\/fr\/produit\/ecran-tactile-programmable-aprilaire-8910w-wifi\/#breadcrumb\"},\"inLanguage\":\"fr-FR\",\"potentialAction\":[{\"@type\":\"ReadAction\",\"target\":[\"https:\/\/staging.belleflamme.ca\/fr\/produit\/ecran-tactile-programmable-aprilaire-8910w-wifi\/\"]}]},{\"@type\":\"ImageObject\",\"inLanguage\":\"fr-FR\",\"@id\":\"https:\/\/staging.belleflamme.ca\/fr\/produit\/ecran-tactile-programmable-aprilaire-8910w-wifi\/#primaryimage\",\"url\":\"https:\/\/staging.belleflamme.ca\/wp-content\/uploads\/2024\/05\/Ecran-tactile-programmable-AprilAire-8910W-Wifi.webp\",\"contentUrl\":\"https:\/\/staging.belleflamme.ca\/wp-content\/uploads\/2024\/05\/Ecran-tactile-programmable-AprilAire-8910W-Wifi.webp\",\"width\":1080,\"height\":1078,\"caption\":\"\u00c9cran tactile programmable AprilAire 8910W Wifi\"},{\"@type\":\"BreadcrumbList\",\"@id\":\"https:\/\/staging.belleflamme.ca\/fr\/produit\/ecran-tactile-programmable-aprilaire-8910w-wifi\/#breadcrumb\",\"itemListElement\":[{\"@type\":\"ListItem\",\"position\":1,\"name\":\"Accueil\",\"item\":\"https:\/\/www.belleflamme.ca\/fr\/\"},{\"@type\":\"ListItem\",\"position\":2,\"name\":\"Boutique\",\"item\":\"https:\/\/www.belleflamme.ca\/fr\/boutique\/\"},{\"@type\":\"ListItem\",\"position\":3,\"name\":\"Climatisation &amp; Chauffage\",\"item\":\"https:\/\/staging.belleflamme.ca\/fr\/categories\/climatisation-chauffage\/\"},{\"@type\":\"ListItem\",\"position\":4,\"name\":\"Accessoires\",\"item\":\"https:\/\/staging.belleflamme.ca\/fr\/categories\/climatisation-chauffage\/accessoires\/\"},{\"@type\":\"ListItem\",\"position\":5,\"name\":\"\u00c9cran tactile programmable AprilAire 8910W Wifi\"}]},{\"@type\":\"WebSite\",\"@id\":\"https:\/\/www.belleflamme.ca\/fr\/#website\",\"url\":\"https:\/\/www.belleflamme.ca\/fr\/\",\"name\":\"Groupe Belleflamme\",\"description\":\"La m\u00e9canique du b\u00e2timent dans le sang.\",\"publisher\":{\"@id\":\"https:\/\/www.belleflamme.ca\/fr\/#organization\"},\"potentialAction\":[{\"@type\":\"SearchAction\",\"target\":{\"@type\":\"EntryPoint\",\"urlTemplate\":\"https:\/\/www.belleflamme.ca\/fr\/?s={search_term_string}\"},\"query-input\":{\"@type\":\"PropertyValueSpecification\",\"valueRequired\":true,\"valueName\":\"search_term_string\"}}],\"inLanguage\":\"fr-FR\"},{\"@type\":[\"Organization\",\"Place\"],\"@id\":\"https:\/\/www.belleflamme.ca\/fr\/#organization\",\"name\":\"Groupe Belleflamme\",\"alternateName\":\"Belleflamme\",\"url\":\"https:\/\/www.belleflamme.ca\/fr\/\",\"logo\":{\"@type\":\"ImageObject\",\"inLanguage\":\"fr-FR\",\"@id\":\"https:\/\/www.belleflamme.ca\/fr\/#\/schema\/logo\/image\/\",\"url\":\"https:\/\/staging.belleflamme.ca\/wp-content\/uploads\/2023\/01\/og-image.jpg\",\"contentUrl\":\"https:\/\/staging.belleflamme.ca\/wp-content\/uploads\/2023\/01\/og-image.jpg\",\"width\":1200,\"height\":630,\"caption\":\"Groupe Belleflamme\"},\"image\":{\"@id\":\"https:\/\/www.belleflamme.ca\/fr\/#\/schema\/logo\/image\/\"},\"sameAs\":[\"https:\/\/www.facebook.com\/belleflamme.ca\/\",\"https:\/\/www.linkedin.com\/company\/belleflamme\/\",\"https:\/\/www.pinterest.ca\/groupebelleflamme\/\",\"https:\/\/www.instagram.com\/legroupebelleflamme\/\"],\"mainEntityOfPage\":{\"@id\":\"https:\/\/staging.belleflamme.ca\/fr\/produit\/ecran-tactile-programmable-aprilaire-8910w-wifi\/\"}}]}<\/script>\n<meta property=\"product:brand\" content=\"Aprilaire\" \/>\n<meta property=\"product:price:amount\" content=\"0.00\" \/>\n<meta property=\"product:price:currency\" content=\"CAD\" \/>\n<meta property=\"og:availability\" content=\"instock\" \/>\n<meta property=\"product:availability\" content=\"instock\" \/>\n<meta property=\"product:retailer_item_id\" content=\"8910W\" \/>\n<meta property=\"product:condition\" content=\"new\" \/>\n<!-- \/ Yoast SEO Premium plugin. -->","yoast_head_json":{"title":"\u00c9cran tactile programmable AprilAire 8910W Wifi - Groupe BelleFlamme","description":"\u00c9cran tactile programmable AprilAire 8910W Wifi vendu par le Groupe Belleflamme. Laval, Montr\u00e9al, Gatineau et Saint-Sauveur.","robots":{"index":"index","follow":"follow","max-snippet":"max-snippet:-1","max-image-preview":"max-image-preview:large","max-video-preview":"max-video-preview:-1"},"canonical":"https:\/\/staging.belleflamme.ca\/fr\/produit\/ecran-tactile-programmable-aprilaire-8910w-wifi\/","og_locale":"fr_FR","og_type":"article","og_title":"\u00c9cran tactile programmable AprilAire 8910W Wifi","og_description":"\u00c9cran tactile programmable AprilAire 8910W Wifi vendu par le Groupe Belleflamme. Laval, Montr\u00e9al, Gatineau et Saint-Sauveur.","og_url":"https:\/\/staging.belleflamme.ca\/fr\/produit\/ecran-tactile-programmable-aprilaire-8910w-wifi\/","og_site_name":"Groupe BelleFlamme","article_publisher":"https:\/\/www.facebook.com\/belleflamme.ca\/","article_modified_time":"2024-05-23T19:12:56+00:00","og_image":[{"width":1080,"height":1078,"url":"https:\/\/www.belleflamme.ca\/wp-content\/uploads\/2024\/05\/Ecran-tactile-programmable-AprilAire-8910W-Wifi.webp","type":"image\/webp"}],"twitter_card":"summary_large_image","twitter_misc":{"Prix":"","Disponibilit\u00e9":"En stock"},"schema":{"@context":"https:\/\/schema.org","@graph":[{"@type":["WebPage","ItemPage"],"@id":"https:\/\/staging.belleflamme.ca\/fr\/produit\/ecran-tactile-programmable-aprilaire-8910w-wifi\/","url":"https:\/\/staging.belleflamme.ca\/fr\/produit\/ecran-tactile-programmable-aprilaire-8910w-wifi\/","name":"\u00c9cran tactile programmable AprilAire 8910W Wifi - Groupe BelleFlamme","isPartOf":{"@id":"https:\/\/www.belleflamme.ca\/fr\/#website"},"primaryImageOfPage":{"@id":"https:\/\/staging.belleflamme.ca\/fr\/produit\/ecran-tactile-programmable-aprilaire-8910w-wifi\/#primaryimage"},"image":{"@id":"https:\/\/staging.belleflamme.ca\/fr\/produit\/ecran-tactile-programmable-aprilaire-8910w-wifi\/#primaryimage"},"thumbnailUrl":"https:\/\/staging.belleflamme.ca\/wp-content\/uploads\/2024\/05\/Ecran-tactile-programmable-AprilAire-8910W-Wifi.webp","datePublished":"2024-05-23T19:12:00+00:00","dateModified":"2024-05-23T19:12:56+00:00","description":"\u00c9cran tactile programmable AprilAire 8910W Wifi vendu par le Groupe Belleflamme. Laval, Montr\u00e9al, Gatineau et Saint-Sauveur.","breadcrumb":{"@id":"https:\/\/staging.belleflamme.ca\/fr\/produit\/ecran-tactile-programmable-aprilaire-8910w-wifi\/#breadcrumb"},"inLanguage":"fr-FR","potentialAction":[{"@type":"ReadAction","target":["https:\/\/staging.belleflamme.ca\/fr\/produit\/ecran-tactile-programmable-aprilaire-8910w-wifi\/"]}]},{"@type":"ImageObject","inLanguage":"fr-FR","@id":"https:\/\/staging.belleflamme.ca\/fr\/produit\/ecran-tactile-programmable-aprilaire-8910w-wifi\/#primaryimage","url":"https:\/\/staging.belleflamme.ca\/wp-content\/uploads\/2024\/05\/Ecran-tactile-programmable-AprilAire-8910W-Wifi.webp","contentUrl":"https:\/\/staging.belleflamme.ca\/wp-content\/uploads\/2024\/05\/Ecran-tactile-programmable-AprilAire-8910W-Wifi.webp","width":1080,"height":1078,"caption":"\u00c9cran tactile programmable AprilAire 8910W Wifi"},{"@type":"BreadcrumbList","@id":"https:\/\/staging.belleflamme.ca\/fr\/produit\/ecran-tactile-programmable-aprilaire-8910w-wifi\/#breadcrumb","itemListElement":[{"@type":"ListItem","position":1,"name":"Accueil","item":"https:\/\/www.belleflamme.ca\/fr\/"},{"@type":"ListItem","position":2,"name":"Boutique","item":"https:\/\/www.belleflamme.ca\/fr\/boutique\/"},{"@type":"ListItem","position":3,"name":"Climatisation &amp; Chauffage","item":"https:\/\/staging.belleflamme.ca\/fr\/categories\/climatisation-chauffage\/"},{"@type":"ListItem","position":4,"name":"Accessoires","item":"https:\/\/staging.belleflamme.ca\/fr\/categories\/climatisation-chauffage\/accessoires\/"},{"@type":"ListItem","position":5,"name":"\u00c9cran tactile programmable AprilAire 8910W Wifi"}]},{"@type":"WebSite","@id":"https:\/\/www.belleflamme.ca\/fr\/#website","url":"https:\/\/www.belleflamme.ca\/fr\/","name":"Groupe Belleflamme","description":"La m\u00e9canique du b\u00e2timent dans le sang.","publisher":{"@id":"https:\/\/www.belleflamme.ca\/fr\/#organization"},"potentialAction":[{"@type":"SearchAction","target":{"@type":"EntryPoint","urlTemplate":"https:\/\/www.belleflamme.ca\/fr\/?s={search_term_string}"},"query-input":{"@type":"PropertyValueSpecification","valueRequired":true,"valueName":"search_term_string"}}],"inLanguage":"fr-FR"},{"@type":["Organization","Place"],"@id":"https:\/\/www.belleflamme.ca\/fr\/#organization","name":"Groupe Belleflamme","alternateName":"Belleflamme","url":"https:\/\/www.belleflamme.ca\/fr\/","logo":{"@type":"ImageObject","inLanguage":"fr-FR","@id":"https:\/\/www.belleflamme.ca\/fr\/#\/schema\/logo\/image\/","url":"https:\/\/staging.belleflamme.ca\/wp-content\/uploads\/2023\/01\/og-image.jpg","contentUrl":"https:\/\/staging.belleflamme.ca\/wp-content\/uploads\/2023\/01\/og-image.jpg","width":1200,"height":630,"caption":"Groupe Belleflamme"},"image":{"@id":"https:\/\/www.belleflamme.ca\/fr\/#\/schema\/logo\/image\/"},"sameAs":["https:\/\/www.facebook.com\/belleflamme.ca\/","https:\/\/www.linkedin.com\/company\/belleflamme\/","https:\/\/www.pinterest.ca\/groupebelleflamme\/","https:\/\/www.instagram.com\/legroupebelleflamme\/"],"mainEntityOfPage":{"@id":"https:\/\/staging.belleflamme.ca\/fr\/produit\/ecran-tactile-programmable-aprilaire-8910w-wifi\/"}}]},"product_brand":"Aprilaire","product_price_amount":"0.00","product_price_currency":"CAD","og_availability":"instock","product_availability":"instock","product_retailer_item_id":"8910W","product_condition":"new"},"_links":{"self":[{"href":"https:\/\/staging.belleflamme.ca\/fr\/wp-json\/wp\/v2\/product\/39975","targetHints":{"allow":["GET"]}}],"collection":[{"href":"https:\/\/staging.belleflamme.ca\/fr\/wp-json\/wp\/v2\/product"}],"about":[{"href":"https:\/\/staging.belleflamme.ca\/fr\/wp-json\/wp\/v2\/types\/product"}],"version-history":[{"count":4,"href":"https:\/\/staging.belleflamme.ca\/fr\/wp-json\/wp\/v2\/product\/39975\/revisions"}],"predecessor-version":[{"id":39983,"href":"https:\/\/staging.belleflamme.ca\/fr\/wp-json\/wp\/v2\/product\/39975\/revisions\/39983"}],"wp:featuredmedia":[{"embeddable":true,"href":"https:\/\/staging.belleflamme.ca\/fr\/wp-json\/wp\/v2\/media\/39976"}],"wp:attachment":[{"href":"https:\/\/staging.belleflamme.ca\/fr\/wp-json\/wp\/v2\/media?parent=39975"}],"wp:term":[{"taxonomy":"product_brand","embeddable":true,"href":"https:\/\/staging.belleflamme.ca\/fr\/wp-json\/wp\/v2\/product_brand?post=39975"},{"taxonomy":"product_cat","embeddable":true,"href":"https:\/\/staging.belleflamme.ca\/fr\/wp-json\/wp\/v2\/product_cat?post=39975"},{"taxonomy":"product_tag","embeddable":true,"href":"https:\/\/staging.belleflamme.ca\/fr\/wp-json\/wp\/v2\/product_tag?post=39975"}],"curies":[{"name":"wp","href":"https:\/\/api.w.org\/{rel}","templated":true}]}}