{"id":39960,"date":"2024-05-23T15:08:21","date_gmt":"2024-05-23T19:08:21","guid":{"rendered":"https:\/\/www.belleflamme.ca\/?post_type=product&#038;p=39960"},"modified":"2024-05-23T15:09:23","modified_gmt":"2024-05-23T19:09:23","slug":"aprilaire-8920w-ecran-tactile-couleur-programmable-wifi","status":"publish","type":"product","link":"https:\/\/staging.belleflamme.ca\/fr\/produit\/aprilaire-8920w-ecran-tactile-couleur-programmable-wifi\/","title":{"rendered":"AprilAire 8920W \u00c9cran tactile couleur programmable Wifi"},"content":{"rendered":"\t\t<div data-elementor-type=\"product-post\" data-elementor-id=\"39960\" class=\"elementor elementor-39960\" data-elementor-post-type=\"product\">\n\t\t\t\t\t\t<section class=\"elementor-section elementor-top-section elementor-element elementor-element-2564f5dc elementor-section-boxed elementor-section-height-default elementor-section-height-default\" data-id=\"2564f5dc\" data-element_type=\"section\">\n\t\t\t\t\t\t<div class=\"elementor-container elementor-column-gap-default\">\n\t\t\t\t\t<div class=\"elementor-column elementor-col-100 elementor-top-column elementor-element elementor-element-6b214ab3\" data-id=\"6b214ab3\" data-element_type=\"column\">\n\t\t\t<div class=\"elementor-widget-wrap elementor-element-populated\">\n\t\t\t\t\t\t<div class=\"elementor-element elementor-element-25c42c5c elementor-widget elementor-widget-text-editor\" data-id=\"25c42c5c\" data-element_type=\"widget\" data-widget_type=\"text-editor.default\">\n\t\t\t\t<div class=\"elementor-widget-container\">\n\t\t\t\t\t\t\t\t\t<iframe title=\"YouTube video player\" src=\"https:\/\/www.youtube.com\/embed\/6TYHIWxxx34?si=1GD1Um4_dkpYSt58\" width=\"560\" height=\"315\" frameborder=\"0\" allowfullscreen=\"allowfullscreen\"><\/iframe>\r\n<h2>CARACT\u00c9RISTIQUES DU MOD\u00c8LE 8920W\u00a0:<\/h2>\r\n<ul>\r\n \t<li><strong>Vous permet d&#8217;\u00e9conomiser de l&#8217;argent sur les co\u00fbts \u00e9nerg\u00e9tiques \u2013<\/strong>\u00a0Gr\u00e2ce \u00e0 une utilisation appropri\u00e9e des param\u00e8tres programmables<\/li>\r\n \t<li><strong>Offre un nettoyage de l&#8217;air bas\u00e9 sur des \u00e9v\u00e9nements \u2122 \u2013<\/strong>\u00a0Lorsqu&#8217;elle est associ\u00e9e \u00e0 un purificateur d&#8217;air AprilAire pour toute la maison, cette fonction vous permet de purifier l&#8217;air de votre maison selon vos conditions.<\/li>\r\n \t<li><strong>Offre des options de contr\u00f4le de l\u2019humidit\u00e9 ou de la fra\u00eecheur de l\u2019air<\/strong><\/li>\r\n \t<li><strong>Compatible avec<\/strong>\u00a0Amazon Alexa et Google Assistant<\/li>\r\n \t<li><strong>Capacit\u00e9s de surveillance et de contr\u00f4le \u00e0 distance<\/strong>\u00a0avec l&#8217;application AprilAire Wifi Thermostat sur iOS et Android<\/li>\r\n<\/ul>\r\n<h3>AVANTAGES:<\/h3>\r\nSurveiller et contr\u00f4ler la qualit\u00e9 de votre air int\u00e9rieur est un jeu d&#8217;enfant gr\u00e2ce \u00e0 l&#8217;utilisation d&#8217;un thermostat Wi-Fi AprilAire 8920W. Avec des fonctionnalit\u00e9s telles que le contr\u00f4le automatique de l&#8217;humidificateur et du d\u00e9shumidificateur, la purification automatique de l&#8217;air et le contr\u00f4le de la temp\u00e9rature, un 8920 W garantira que l&#8217;air de votre maison est propre, frais et confortable pour vous et votre famille.\r\n\r\nNos thermostats Wi-Fi facilitent le contr\u00f4le de la qualit\u00e9 de l\u2019air int\u00e9rieur, partout et \u00e0 tout moment, depuis le confort de vos appareils intelligents. D\u00e9couvrez les bienfaits pour la sant\u00e9 d\u2019une bonne qualit\u00e9 de l\u2019air int\u00e9rieur en installant un 8920 W d\u00e8s aujourd\u2019hui.\r\n\r\n<strong>INCLUS DANS LA BO\u00ceTE\u00a0:<\/strong>\r\n<ul>\r\n \t<li>Thermostat 8920 W<\/li>\r\n \t<li>Module de contr\u00f4le de l&#8217;\u00e9quipement<\/li>\r\n \t<li>Capteur de temp\u00e9rature ext\u00e9rieure 8052<\/li>\r\n \t<li>Instructions de s\u00e9curit\u00e9 et d&#8217;installation<\/li>\r\n \t<li>Guide de d\u00e9marrage rapide<\/li>\r\n \t<li>(2) Vis<\/li>\r\n \t<li>(2) Ancrages muraux<\/li>\r\n<\/ul>\r\n<strong>CARACT\u00c9RISTIQUES:<\/strong>\r\n<ul>\r\n \t<li><strong>Mat\u00e9riaux :<\/strong>\u00a0plastique, circuit imprim\u00e9<\/li>\r\n \t<li><strong>Mesures r\u00e9elles\u00a0:<\/strong>\u00a04,4H x 1,0W x 7,1D (pouces)<\/li>\r\n<\/ul>\t\t\t\t\t\t\t\t<\/div>\n\t\t\t\t<\/div>\n\t\t\t\t\t<\/div>\n\t\t<\/div>\n\t\t\t\t\t<\/div>\n\t\t<\/section>\n\t\t\t\t<section class=\"elementor-section elementor-top-section elementor-element elementor-element-52eb0af elementor-section-boxed elementor-section-height-default elementor-section-height-default\" data-id=\"52eb0af\" data-element_type=\"section\">\n\t\t\t\t\t\t<div class=\"elementor-container elementor-column-gap-default\">\n\t\t\t\t\t<div class=\"elementor-column elementor-col-100 elementor-top-column elementor-element elementor-element-e379445\" data-id=\"e379445\" data-element_type=\"column\">\n\t\t\t<div class=\"elementor-widget-wrap elementor-element-populated\">\n\t\t\t\t\t\t<div class=\"elementor-element elementor-element-9643f85 elementor-tabs-view-horizontal elementor-widget elementor-widget-tabs\" data-id=\"9643f85\" data-element_type=\"widget\" data-widget_type=\"tabs.default\">\n\t\t\t\t<div class=\"elementor-widget-container\">\n\t\t\t\t\t\t\t<div class=\"elementor-tabs\">\n\t\t\t<div class=\"elementor-tabs-wrapper\" role=\"tablist\" >\n\t\t\t\t\t\t\t\t\t<div id=\"elementor-tab-title-1571\" class=\"elementor-tab-title elementor-tab-desktop-title\" aria-selected=\"true\" data-tab=\"1\" role=\"tab\" tabindex=\"0\" aria-controls=\"elementor-tab-content-1571\" aria-expanded=\"false\">Fichiers<\/div>\n\t\t\t\t\t\t\t<\/div>\n\t\t\t<div class=\"elementor-tabs-content-wrapper\" role=\"tablist\" aria-orientation=\"vertical\">\n\t\t\t\t\t\t\t\t\t<div class=\"elementor-tab-title elementor-tab-mobile-title\" aria-selected=\"true\" data-tab=\"1\" role=\"tab\" tabindex=\"0\" aria-controls=\"elementor-tab-content-1571\" aria-expanded=\"false\">Fichiers<\/div>\n\t\t\t\t\t<div id=\"elementor-tab-content-1571\" class=\"elementor-tab-content elementor-clearfix\" data-tab=\"1\" role=\"tabpanel\" aria-labelledby=\"elementor-tab-title-1571\" tabindex=\"0\" hidden=\"false\"><i class=\"far fa-file-pdf fa-xl\" style=\"font-size:35px\"><\/i><a href=\"https:\/\/www.belleflamme.ca\/wp-content\/uploads\/2024\/05\/aprilaire-8920w-wi-fi-iaq-thermostat-owners-manual-B2206994.pdf\"> Manuel<\/a><\/br><\/div>\n\t\t\t\t\t\t\t<\/div>\n\t\t<\/div>\n\t\t\t\t\t\t<\/div>\n\t\t\t\t<\/div>\n\t\t\t\t\t<\/div>\n\t\t<\/div>\n\t\t\t\t\t<\/div>\n\t\t<\/section>\n\t\t\t\t<\/div>\n\t\t","protected":false},"excerpt":{"rendered":"<p>CARACT\u00c9RISTIQUES DU MOD\u00c8LE 8920W\u00a0: Vous permet d&#8217;\u00e9conomiser de l&#8217;argent sur les co\u00fbts \u00e9nerg\u00e9tiques \u2013\u00a0Gr\u00e2ce \u00e0 une utilisation appropri\u00e9e des param\u00e8tres programmables Offre un nettoyage de l&#8217;air bas\u00e9 sur des \u00e9v\u00e9nements \u2122 \u2013\u00a0Lorsqu&#8217;elle est associ\u00e9e \u00e0 un purificateur d&#8217;air AprilAire pour toute la maison, cette fonction vous permet de purifier l&#8217;air de votre maison selon vos [&hellip;]<\/p>\n","protected":false},"featured_media":39961,"template":"","meta":{"inline_featured_image":false},"product_brand":[298],"product_cat":[130,70],"product_tag":[],"class_list":{"0":"post-39960","1":"product","2":"type-product","3":"status-publish","4":"has-post-thumbnail","6":"product_brand-aprilaire","7":"product_cat-accessoires","8":"product_cat-climatisation-chauffage","10":"first","11":"instock","12":"taxable","13":"shipping-taxable","14":"product-type-simple"},"yoast_head":"<!-- This site is optimized with the Yoast SEO Premium plugin v24.2 (Yoast SEO v24.2) - https:\/\/yoast.com\/wordpress\/plugins\/seo\/ -->\n<title>AprilAire 8920W \u00c9cran tactile couleur programmable Wifi - Groupe BelleFlamme<\/title>\n<meta name=\"description\" content=\"AprilAire 8920W \u00c9cran tactile couleur programmable Wifi vendu par le Groupe Belleflamme. Laval, Montr\u00e9al, Gatineau et Saint-Sauveur.\" \/>\n<meta name=\"robots\" content=\"index, follow, max-snippet:-1, max-image-preview:large, max-video-preview:-1\" \/>\n<link rel=\"canonical\" href=\"https:\/\/staging.belleflamme.ca\/fr\/produit\/aprilaire-8920w-ecran-tactile-couleur-programmable-wifi\/\" \/>\n<meta property=\"og:locale\" content=\"fr_FR\" \/>\n<meta property=\"og:type\" content=\"article\" \/>\n<meta property=\"og:title\" content=\"AprilAire 8920W \u00c9cran tactile couleur programmable Wifi\" \/>\n<meta property=\"og:description\" content=\"AprilAire 8920W \u00c9cran tactile couleur programmable Wifi vendu par le Groupe Belleflamme. Laval, Montr\u00e9al, Gatineau et Saint-Sauveur.\" \/>\n<meta property=\"og:url\" content=\"https:\/\/staging.belleflamme.ca\/fr\/produit\/aprilaire-8920w-ecran-tactile-couleur-programmable-wifi\/\" \/>\n<meta property=\"og:site_name\" content=\"Groupe BelleFlamme\" \/>\n<meta property=\"article:publisher\" content=\"https:\/\/www.facebook.com\/belleflamme.ca\/\" \/>\n<meta property=\"article:modified_time\" content=\"2024-05-23T19:09:23+00:00\" \/>\n<meta property=\"og:image\" content=\"https:\/\/www.belleflamme.ca\/wp-content\/uploads\/2024\/05\/AprilAire-8920W-Ecran-tactile-couleur-programmable-Wifi.webp\" \/>\n\t<meta property=\"og:image:width\" content=\"1080\" \/>\n\t<meta property=\"og:image:height\" content=\"1078\" \/>\n\t<meta property=\"og:image:type\" content=\"image\/webp\" \/>\n<meta name=\"twitter:card\" content=\"summary_large_image\" \/>\n<meta name=\"twitter:label1\" content=\"Prix\" \/>\n\t<meta name=\"twitter:data1\" content=\"\" \/>\n\t<meta name=\"twitter:label2\" content=\"Disponibilit\u00e9\" \/>\n\t<meta name=\"twitter:data2\" content=\"En stock\" \/>\n<script type=\"application\/ld+json\" class=\"yoast-schema-graph\">{\"@context\":\"https:\/\/schema.org\",\"@graph\":[{\"@type\":[\"WebPage\",\"ItemPage\"],\"@id\":\"https:\/\/staging.belleflamme.ca\/fr\/produit\/aprilaire-8920w-ecran-tactile-couleur-programmable-wifi\/\",\"url\":\"https:\/\/staging.belleflamme.ca\/fr\/produit\/aprilaire-8920w-ecran-tactile-couleur-programmable-wifi\/\",\"name\":\"AprilAire 8920W \u00c9cran tactile couleur programmable Wifi - Groupe BelleFlamme\",\"isPartOf\":{\"@id\":\"https:\/\/www.belleflamme.ca\/fr\/#website\"},\"primaryImageOfPage\":{\"@id\":\"https:\/\/staging.belleflamme.ca\/fr\/produit\/aprilaire-8920w-ecran-tactile-couleur-programmable-wifi\/#primaryimage\"},\"image\":{\"@id\":\"https:\/\/staging.belleflamme.ca\/fr\/produit\/aprilaire-8920w-ecran-tactile-couleur-programmable-wifi\/#primaryimage\"},\"thumbnailUrl\":\"https:\/\/staging.belleflamme.ca\/wp-content\/uploads\/2024\/05\/AprilAire-8920W-Ecran-tactile-couleur-programmable-Wifi.webp\",\"datePublished\":\"2024-05-23T19:08:21+00:00\",\"dateModified\":\"2024-05-23T19:09:23+00:00\",\"description\":\"AprilAire 8920W \u00c9cran tactile couleur programmable Wifi vendu par le Groupe Belleflamme. Laval, Montr\u00e9al, Gatineau et Saint-Sauveur.\",\"breadcrumb\":{\"@id\":\"https:\/\/staging.belleflamme.ca\/fr\/produit\/aprilaire-8920w-ecran-tactile-couleur-programmable-wifi\/#breadcrumb\"},\"inLanguage\":\"fr-FR\",\"potentialAction\":[{\"@type\":\"ReadAction\",\"target\":[\"https:\/\/staging.belleflamme.ca\/fr\/produit\/aprilaire-8920w-ecran-tactile-couleur-programmable-wifi\/\"]}]},{\"@type\":\"ImageObject\",\"inLanguage\":\"fr-FR\",\"@id\":\"https:\/\/staging.belleflamme.ca\/fr\/produit\/aprilaire-8920w-ecran-tactile-couleur-programmable-wifi\/#primaryimage\",\"url\":\"https:\/\/staging.belleflamme.ca\/wp-content\/uploads\/2024\/05\/AprilAire-8920W-Ecran-tactile-couleur-programmable-Wifi.webp\",\"contentUrl\":\"https:\/\/staging.belleflamme.ca\/wp-content\/uploads\/2024\/05\/AprilAire-8920W-Ecran-tactile-couleur-programmable-Wifi.webp\",\"width\":1080,\"height\":1078,\"caption\":\"AprilAire 8920W \u00c9cran tactile couleur programmable Wifi\"},{\"@type\":\"BreadcrumbList\",\"@id\":\"https:\/\/staging.belleflamme.ca\/fr\/produit\/aprilaire-8920w-ecran-tactile-couleur-programmable-wifi\/#breadcrumb\",\"itemListElement\":[{\"@type\":\"ListItem\",\"position\":1,\"name\":\"Accueil\",\"item\":\"https:\/\/www.belleflamme.ca\/fr\/\"},{\"@type\":\"ListItem\",\"position\":2,\"name\":\"Boutique\",\"item\":\"https:\/\/www.belleflamme.ca\/fr\/boutique\/\"},{\"@type\":\"ListItem\",\"position\":3,\"name\":\"Climatisation &amp; Chauffage\",\"item\":\"https:\/\/staging.belleflamme.ca\/fr\/categories\/climatisation-chauffage\/\"},{\"@type\":\"ListItem\",\"position\":4,\"name\":\"Accessoires\",\"item\":\"https:\/\/staging.belleflamme.ca\/fr\/categories\/climatisation-chauffage\/accessoires\/\"},{\"@type\":\"ListItem\",\"position\":5,\"name\":\"AprilAire 8920W \u00c9cran tactile couleur programmable Wifi\"}]},{\"@type\":\"WebSite\",\"@id\":\"https:\/\/www.belleflamme.ca\/fr\/#website\",\"url\":\"https:\/\/www.belleflamme.ca\/fr\/\",\"name\":\"Groupe Belleflamme\",\"description\":\"La m\u00e9canique du b\u00e2timent dans le sang.\",\"publisher\":{\"@id\":\"https:\/\/www.belleflamme.ca\/fr\/#organization\"},\"potentialAction\":[{\"@type\":\"SearchAction\",\"target\":{\"@type\":\"EntryPoint\",\"urlTemplate\":\"https:\/\/www.belleflamme.ca\/fr\/?s={search_term_string}\"},\"query-input\":{\"@type\":\"PropertyValueSpecification\",\"valueRequired\":true,\"valueName\":\"search_term_string\"}}],\"inLanguage\":\"fr-FR\"},{\"@type\":[\"Organization\",\"Place\"],\"@id\":\"https:\/\/www.belleflamme.ca\/fr\/#organization\",\"name\":\"Groupe Belleflamme\",\"alternateName\":\"Belleflamme\",\"url\":\"https:\/\/www.belleflamme.ca\/fr\/\",\"logo\":{\"@type\":\"ImageObject\",\"inLanguage\":\"fr-FR\",\"@id\":\"https:\/\/www.belleflamme.ca\/fr\/#\/schema\/logo\/image\/\",\"url\":\"https:\/\/staging.belleflamme.ca\/wp-content\/uploads\/2023\/01\/og-image.jpg\",\"contentUrl\":\"https:\/\/staging.belleflamme.ca\/wp-content\/uploads\/2023\/01\/og-image.jpg\",\"width\":1200,\"height\":630,\"caption\":\"Groupe Belleflamme\"},\"image\":{\"@id\":\"https:\/\/www.belleflamme.ca\/fr\/#\/schema\/logo\/image\/\"},\"sameAs\":[\"https:\/\/www.facebook.com\/belleflamme.ca\/\",\"https:\/\/www.linkedin.com\/company\/belleflamme\/\",\"https:\/\/www.pinterest.ca\/groupebelleflamme\/\",\"https:\/\/www.instagram.com\/legroupebelleflamme\/\"],\"mainEntityOfPage\":{\"@id\":\"https:\/\/staging.belleflamme.ca\/fr\/produit\/aprilaire-8920w-ecran-tactile-couleur-programmable-wifi\/\"}}]}<\/script>\n<meta property=\"product:brand\" content=\"Aprilaire\" \/>\n<meta property=\"product:price:amount\" content=\"0.00\" \/>\n<meta property=\"product:price:currency\" content=\"CAD\" \/>\n<meta property=\"og:availability\" content=\"instock\" \/>\n<meta property=\"product:availability\" content=\"instock\" \/>\n<meta property=\"product:retailer_item_id\" content=\"8920W\" \/>\n<meta property=\"product:condition\" content=\"new\" \/>\n<!-- \/ Yoast SEO Premium plugin. -->","yoast_head_json":{"title":"AprilAire 8920W \u00c9cran tactile couleur programmable Wifi - Groupe BelleFlamme","description":"AprilAire 8920W \u00c9cran tactile couleur programmable Wifi vendu par le Groupe Belleflamme. Laval, Montr\u00e9al, Gatineau et Saint-Sauveur.","robots":{"index":"index","follow":"follow","max-snippet":"max-snippet:-1","max-image-preview":"max-image-preview:large","max-video-preview":"max-video-preview:-1"},"canonical":"https:\/\/staging.belleflamme.ca\/fr\/produit\/aprilaire-8920w-ecran-tactile-couleur-programmable-wifi\/","og_locale":"fr_FR","og_type":"article","og_title":"AprilAire 8920W \u00c9cran tactile couleur programmable Wifi","og_description":"AprilAire 8920W \u00c9cran tactile couleur programmable Wifi vendu par le Groupe Belleflamme. Laval, Montr\u00e9al, Gatineau et Saint-Sauveur.","og_url":"https:\/\/staging.belleflamme.ca\/fr\/produit\/aprilaire-8920w-ecran-tactile-couleur-programmable-wifi\/","og_site_name":"Groupe BelleFlamme","article_publisher":"https:\/\/www.facebook.com\/belleflamme.ca\/","article_modified_time":"2024-05-23T19:09:23+00:00","og_image":[{"width":1080,"height":1078,"url":"https:\/\/www.belleflamme.ca\/wp-content\/uploads\/2024\/05\/AprilAire-8920W-Ecran-tactile-couleur-programmable-Wifi.webp","type":"image\/webp"}],"twitter_card":"summary_large_image","twitter_misc":{"Prix":"","Disponibilit\u00e9":"En stock"},"schema":{"@context":"https:\/\/schema.org","@graph":[{"@type":["WebPage","ItemPage"],"@id":"https:\/\/staging.belleflamme.ca\/fr\/produit\/aprilaire-8920w-ecran-tactile-couleur-programmable-wifi\/","url":"https:\/\/staging.belleflamme.ca\/fr\/produit\/aprilaire-8920w-ecran-tactile-couleur-programmable-wifi\/","name":"AprilAire 8920W \u00c9cran tactile couleur programmable Wifi - Groupe BelleFlamme","isPartOf":{"@id":"https:\/\/www.belleflamme.ca\/fr\/#website"},"primaryImageOfPage":{"@id":"https:\/\/staging.belleflamme.ca\/fr\/produit\/aprilaire-8920w-ecran-tactile-couleur-programmable-wifi\/#primaryimage"},"image":{"@id":"https:\/\/staging.belleflamme.ca\/fr\/produit\/aprilaire-8920w-ecran-tactile-couleur-programmable-wifi\/#primaryimage"},"thumbnailUrl":"https:\/\/staging.belleflamme.ca\/wp-content\/uploads\/2024\/05\/AprilAire-8920W-Ecran-tactile-couleur-programmable-Wifi.webp","datePublished":"2024-05-23T19:08:21+00:00","dateModified":"2024-05-23T19:09:23+00:00","description":"AprilAire 8920W \u00c9cran tactile couleur programmable Wifi vendu par le Groupe Belleflamme. Laval, Montr\u00e9al, Gatineau et Saint-Sauveur.","breadcrumb":{"@id":"https:\/\/staging.belleflamme.ca\/fr\/produit\/aprilaire-8920w-ecran-tactile-couleur-programmable-wifi\/#breadcrumb"},"inLanguage":"fr-FR","potentialAction":[{"@type":"ReadAction","target":["https:\/\/staging.belleflamme.ca\/fr\/produit\/aprilaire-8920w-ecran-tactile-couleur-programmable-wifi\/"]}]},{"@type":"ImageObject","inLanguage":"fr-FR","@id":"https:\/\/staging.belleflamme.ca\/fr\/produit\/aprilaire-8920w-ecran-tactile-couleur-programmable-wifi\/#primaryimage","url":"https:\/\/staging.belleflamme.ca\/wp-content\/uploads\/2024\/05\/AprilAire-8920W-Ecran-tactile-couleur-programmable-Wifi.webp","contentUrl":"https:\/\/staging.belleflamme.ca\/wp-content\/uploads\/2024\/05\/AprilAire-8920W-Ecran-tactile-couleur-programmable-Wifi.webp","width":1080,"height":1078,"caption":"AprilAire 8920W \u00c9cran tactile couleur programmable Wifi"},{"@type":"BreadcrumbList","@id":"https:\/\/staging.belleflamme.ca\/fr\/produit\/aprilaire-8920w-ecran-tactile-couleur-programmable-wifi\/#breadcrumb","itemListElement":[{"@type":"ListItem","position":1,"name":"Accueil","item":"https:\/\/www.belleflamme.ca\/fr\/"},{"@type":"ListItem","position":2,"name":"Boutique","item":"https:\/\/www.belleflamme.ca\/fr\/boutique\/"},{"@type":"ListItem","position":3,"name":"Climatisation &amp; Chauffage","item":"https:\/\/staging.belleflamme.ca\/fr\/categories\/climatisation-chauffage\/"},{"@type":"ListItem","position":4,"name":"Accessoires","item":"https:\/\/staging.belleflamme.ca\/fr\/categories\/climatisation-chauffage\/accessoires\/"},{"@type":"ListItem","position":5,"name":"AprilAire 8920W \u00c9cran tactile couleur programmable Wifi"}]},{"@type":"WebSite","@id":"https:\/\/www.belleflamme.ca\/fr\/#website","url":"https:\/\/www.belleflamme.ca\/fr\/","name":"Groupe Belleflamme","description":"La m\u00e9canique du b\u00e2timent dans le sang.","publisher":{"@id":"https:\/\/www.belleflamme.ca\/fr\/#organization"},"potentialAction":[{"@type":"SearchAction","target":{"@type":"EntryPoint","urlTemplate":"https:\/\/www.belleflamme.ca\/fr\/?s={search_term_string}"},"query-input":{"@type":"PropertyValueSpecification","valueRequired":true,"valueName":"search_term_string"}}],"inLanguage":"fr-FR"},{"@type":["Organization","Place"],"@id":"https:\/\/www.belleflamme.ca\/fr\/#organization","name":"Groupe Belleflamme","alternateName":"Belleflamme","url":"https:\/\/www.belleflamme.ca\/fr\/","logo":{"@type":"ImageObject","inLanguage":"fr-FR","@id":"https:\/\/www.belleflamme.ca\/fr\/#\/schema\/logo\/image\/","url":"https:\/\/staging.belleflamme.ca\/wp-content\/uploads\/2023\/01\/og-image.jpg","contentUrl":"https:\/\/staging.belleflamme.ca\/wp-content\/uploads\/2023\/01\/og-image.jpg","width":1200,"height":630,"caption":"Groupe Belleflamme"},"image":{"@id":"https:\/\/www.belleflamme.ca\/fr\/#\/schema\/logo\/image\/"},"sameAs":["https:\/\/www.facebook.com\/belleflamme.ca\/","https:\/\/www.linkedin.com\/company\/belleflamme\/","https:\/\/www.pinterest.ca\/groupebelleflamme\/","https:\/\/www.instagram.com\/legroupebelleflamme\/"],"mainEntityOfPage":{"@id":"https:\/\/staging.belleflamme.ca\/fr\/produit\/aprilaire-8920w-ecran-tactile-couleur-programmable-wifi\/"}}]},"product_brand":"Aprilaire","product_price_amount":"0.00","product_price_currency":"CAD","og_availability":"instock","product_availability":"instock","product_retailer_item_id":"8920W","product_condition":"new"},"_links":{"self":[{"href":"https:\/\/staging.belleflamme.ca\/fr\/wp-json\/wp\/v2\/product\/39960","targetHints":{"allow":["GET"]}}],"collection":[{"href":"https:\/\/staging.belleflamme.ca\/fr\/wp-json\/wp\/v2\/product"}],"about":[{"href":"https:\/\/staging.belleflamme.ca\/fr\/wp-json\/wp\/v2\/types\/product"}],"version-history":[{"count":4,"href":"https:\/\/staging.belleflamme.ca\/fr\/wp-json\/wp\/v2\/product\/39960\/revisions"}],"predecessor-version":[{"id":39968,"href":"https:\/\/staging.belleflamme.ca\/fr\/wp-json\/wp\/v2\/product\/39960\/revisions\/39968"}],"wp:featuredmedia":[{"embeddable":true,"href":"https:\/\/staging.belleflamme.ca\/fr\/wp-json\/wp\/v2\/media\/39961"}],"wp:attachment":[{"href":"https:\/\/staging.belleflamme.ca\/fr\/wp-json\/wp\/v2\/media?parent=39960"}],"wp:term":[{"taxonomy":"product_brand","embeddable":true,"href":"https:\/\/staging.belleflamme.ca\/fr\/wp-json\/wp\/v2\/product_brand?post=39960"},{"taxonomy":"product_cat","embeddable":true,"href":"https:\/\/staging.belleflamme.ca\/fr\/wp-json\/wp\/v2\/product_cat?post=39960"},{"taxonomy":"product_tag","embeddable":true,"href":"https:\/\/staging.belleflamme.ca\/fr\/wp-json\/wp\/v2\/product_tag?post=39960"}],"curies":[{"name":"wp","href":"https:\/\/api.w.org\/{rel}","templated":true}]}}