{"id":39952,"date":"2024-05-23T15:05:42","date_gmt":"2024-05-23T19:05:42","guid":{"rendered":"https:\/\/www.belleflamme.ca\/?post_type=product&#038;p=39952"},"modified":"2024-05-23T15:05:43","modified_gmt":"2024-05-23T19:05:43","slug":"capteur-de-temperature-et-dhumidite-exterieure-sans-fil-aprilaire-z10odt-pour-thermostat-programmable-wi-fi-s86wmupr","status":"publish","type":"product","link":"https:\/\/staging.belleflamme.ca\/fr\/produit\/capteur-de-temperature-et-dhumidite-exterieure-sans-fil-aprilaire-z10odt-pour-thermostat-programmable-wi-fi-s86wmupr\/","title":{"rendered":"Capteur de temp\u00e9rature et d&#8217;humidit\u00e9 ext\u00e9rieure sans fil AprilAire Z10ODT pour thermostat Programmable Wi-Fi S86WMUPR"},"content":{"rendered":"<p><iframe title=\"YouTube video player\" src=\"https:\/\/www.youtube.com\/embed\/JtqAi6Ce2Ro?si=nrt61SRs9EvLPafu\" width=\"560\" height=\"315\" frameborder=\"0\" allowfullscreen=\"allowfullscreen\"><\/iframe><\/p>\n<h2>CARACT\u00c9RISTIQUES DU MOD\u00c8LE Z10ODT\u00a0:<\/h2>\n<ul>\n<li><strong>CONNEXION SANS FIL \u2013<\/strong>\u00a0S&#8217;installe et se connecte facilement au thermostat programmable Wi-Fi S86WMUPR sans faire passer de fils.<\/li>\n<li><strong>FACILE \u00c0 UTILISER \u2013<\/strong>\u00a0La LED int\u00e9gr\u00e9e indique l\u2019\u00e9tat de la batterie faible ou lorsque le capteur est en mode d\u2019appairage<\/li>\n<li><strong>D\u00c9BLOQUE DES FONCTIONS DE CONTR\u00d4LE AM\u00c9LIOR\u00c9ES \u2013<\/strong>\u00a0Activez le contr\u00f4le automatique de votre humidificateur AprilAire, les verrouillages bas\u00e9s sur la temp\u00e9rature pour votre ventilateur d&#8217;air frais AprilAire et obtenez un contr\u00f4le plus efficace de votre pompe \u00e0 chaleur \u00e9lectrique ou \u00e0 double source d&#8217;air.<\/li>\n<li><strong>LECTURE DE LA TEMP\u00c9RATURE EXT\u00c9RIEURE \u2013<\/strong>\u00a0Affichez la temp\u00e9rature ext\u00e9rieure \u00e0 l\u2019int\u00e9rieur sur le thermostat programmable Wi-Fi S86WMUPR<\/li>\n<li><strong>DESIGN MODERNE \u2013<\/strong>\u00a0Le corps du capteur ultra-mince, compact et pratique, mesure 2,16 pouces. x 2,16 pouces. x 0,74 pouces.<\/li>\n<li><strong>BATTERIE REMPLA\u00c7ABLE \u2013<\/strong>\u00a0Batterie rempla\u00e7able incluse avec une dur\u00e9e de vie d\u2019environ 2 ans. L&#8217;\u00e9tat de la batterie est signal\u00e9 sur le thermostat connect\u00e9 pour plus de convivialit\u00e9<\/li>\n<\/ul>\n<h3>AVANTAGES:<\/h3>\n<p>Compatible avec le thermostat Wi-Fi AprilAire S86WMUPR (vendu s\u00e9par\u00e9ment), le capteur sans fil AprilAire Z10ODT d\u00e9tecte l&#8217;humidit\u00e9 relative et la temp\u00e9rature pour un contr\u00f4le am\u00e9lior\u00e9 de la qualit\u00e9 de l&#8217;air int\u00e9rieur dans la maison.<\/p>\n<p>Le capteur ext\u00e9rieur sans fil AprilAire Z10ODT est r\u00e9sistant \u00e0 l&#8217;eau et communique la temp\u00e9rature et l&#8217;humidit\u00e9 relative \u00e0 l&#8217;ext\u00e9rieur de votre maison \u00e0 votre thermostat programmable Wi-Fi S86WMUPR, qui utilise ces informations pour le contr\u00f4le actif de votre humidificateur ou ventilateur d&#8217;air frais AprilAire. La LED int\u00e9gr\u00e9e indique l&#8217;\u00e9tat de la batterie faible ou lorsque le capteur est en mode d&#8217;appairage pour faciliter l&#8217;utilisation.<\/p>\n<p>Dot\u00e9 d&#8217;une garantie de 5 ans, le capteur sans fil Z10ODT est con\u00e7u pour durer par AprilAire, le leader des solutions de qualit\u00e9 de l&#8217;air int\u00e9rieur. Amenez le contr\u00f4le de l&#8217;air sain dans votre maison \u00e0 un tout autre niveau.<\/p>\n<p><strong>INCLUS DANS LA BO\u00ceTE\u00a0:<\/strong><\/p>\n<ul>\n<li>(1) Capteur de temp\u00e9rature ext\u00e9rieure et HR sans fil<\/li>\n<li>Manuel d&#8217;installation et d&#8217;utilisation<\/li>\n<\/ul>\n<p><strong>CARACT\u00c9RISTIQUES:<\/strong><\/p>\n<ul>\n<li><strong>Mod\u00e8les compatibles :<\/strong>\u00a0S86WMUPR<\/li>\n<li><strong>Mat\u00e9riaux :<\/strong>\u00a0plastique, circuit imprim\u00e9<\/li>\n<li><strong>Mesures r\u00e9elles\u00a0:<\/strong>\u00a02,16 H x 0,74 L x 2,16 P (pouces)<\/li>\n<\/ul>\n","protected":false},"excerpt":{"rendered":"<p>CARACT\u00c9RISTIQUES DU MOD\u00c8LE Z10ODT\u00a0: CONNEXION SANS FIL \u2013\u00a0S&#8217;installe et se connecte facilement au thermostat programmable Wi-Fi S86WMUPR sans faire passer de fils. FACILE \u00c0 UTILISER \u2013\u00a0La LED int\u00e9gr\u00e9e indique l\u2019\u00e9tat de la batterie faible ou lorsque le capteur est en mode d\u2019appairage D\u00c9BLOQUE DES FONCTIONS DE CONTR\u00d4LE AM\u00c9LIOR\u00c9ES \u2013\u00a0Activez le contr\u00f4le automatique de votre humidificateur [&hellip;]<\/p>\n","protected":false},"featured_media":39953,"template":"","meta":{"inline_featured_image":false},"product_brand":[298],"product_cat":[130,70],"product_tag":[],"class_list":{"0":"post-39952","1":"product","2":"type-product","3":"status-publish","4":"has-post-thumbnail","6":"product_brand-aprilaire","7":"product_cat-accessoires","8":"product_cat-climatisation-chauffage","10":"first","11":"instock","12":"taxable","13":"shipping-taxable","14":"product-type-simple"},"yoast_head":"<!-- This site is optimized with the Yoast SEO Premium plugin v24.2 (Yoast SEO v24.2) - https:\/\/yoast.com\/wordpress\/plugins\/seo\/ -->\n<title>Capteur de temp\u00e9rature et d&#039;humidit\u00e9 ext\u00e9rieure sans fil AprilAire Z10ODT pour thermostat Programmable Wi-Fi S86WMUPR - Groupe BelleFlamme<\/title>\n<meta name=\"description\" content=\"Capteur de temp\u00e9rature et d&#039;humidit\u00e9 ext\u00e9rieure sans fil AprilAire Z10ODT pour thermostat Programmable Wi-Fi S86WMUPR vendu par le Groupe Belleflamme. Laval, Montr\u00e9al, Gatineau et Saint-Sauveur.\" \/>\n<meta name=\"robots\" content=\"index, follow, max-snippet:-1, max-image-preview:large, max-video-preview:-1\" \/>\n<link rel=\"canonical\" href=\"https:\/\/staging.belleflamme.ca\/fr\/produit\/capteur-de-temperature-et-dhumidite-exterieure-sans-fil-aprilaire-z10odt-pour-thermostat-programmable-wi-fi-s86wmupr\/\" \/>\n<meta property=\"og:locale\" content=\"fr_FR\" \/>\n<meta property=\"og:type\" content=\"article\" \/>\n<meta property=\"og:title\" content=\"Capteur de temp\u00e9rature et d&#039;humidit\u00e9 ext\u00e9rieure sans fil AprilAire Z10ODT pour thermostat Programmable Wi-Fi S86WMUPR\" \/>\n<meta property=\"og:description\" content=\"Capteur de temp\u00e9rature et d&#039;humidit\u00e9 ext\u00e9rieure sans fil AprilAire Z10ODT pour thermostat Programmable Wi-Fi S86WMUPR vendu par le Groupe Belleflamme. Laval, Montr\u00e9al, Gatineau et Saint-Sauveur.\" \/>\n<meta property=\"og:url\" content=\"https:\/\/staging.belleflamme.ca\/fr\/produit\/capteur-de-temperature-et-dhumidite-exterieure-sans-fil-aprilaire-z10odt-pour-thermostat-programmable-wi-fi-s86wmupr\/\" \/>\n<meta property=\"og:site_name\" content=\"Groupe BelleFlamme\" \/>\n<meta property=\"article:publisher\" content=\"https:\/\/www.facebook.com\/belleflamme.ca\/\" \/>\n<meta property=\"article:modified_time\" content=\"2024-05-23T19:05:43+00:00\" \/>\n<meta property=\"og:image\" content=\"https:\/\/www.belleflamme.ca\/wp-content\/uploads\/2024\/05\/Capteur-de-temperature-et-dhumidite-exterieure-sans-fil-AprilAire-Z10ODT-pour-thermostat-Programmable-Wi-Fi-S86WMUPR.webp\" \/>\n\t<meta property=\"og:image:width\" content=\"1080\" \/>\n\t<meta property=\"og:image:height\" content=\"1080\" \/>\n\t<meta property=\"og:image:type\" content=\"image\/webp\" \/>\n<meta name=\"twitter:card\" content=\"summary_large_image\" \/>\n<meta name=\"twitter:label1\" content=\"Prix\" \/>\n\t<meta name=\"twitter:data1\" content=\"\" \/>\n\t<meta name=\"twitter:label2\" content=\"Disponibilit\u00e9\" \/>\n\t<meta name=\"twitter:data2\" content=\"En stock\" \/>\n<script type=\"application\/ld+json\" class=\"yoast-schema-graph\">{\"@context\":\"https:\/\/schema.org\",\"@graph\":[{\"@type\":[\"WebPage\",\"ItemPage\"],\"@id\":\"https:\/\/staging.belleflamme.ca\/fr\/produit\/capteur-de-temperature-et-dhumidite-exterieure-sans-fil-aprilaire-z10odt-pour-thermostat-programmable-wi-fi-s86wmupr\/\",\"url\":\"https:\/\/staging.belleflamme.ca\/fr\/produit\/capteur-de-temperature-et-dhumidite-exterieure-sans-fil-aprilaire-z10odt-pour-thermostat-programmable-wi-fi-s86wmupr\/\",\"name\":\"Capteur de temp\u00e9rature et d'humidit\u00e9 ext\u00e9rieure sans fil AprilAire Z10ODT pour thermostat Programmable Wi-Fi S86WMUPR - Groupe BelleFlamme\",\"isPartOf\":{\"@id\":\"https:\/\/www.belleflamme.ca\/fr\/#website\"},\"primaryImageOfPage\":{\"@id\":\"https:\/\/staging.belleflamme.ca\/fr\/produit\/capteur-de-temperature-et-dhumidite-exterieure-sans-fil-aprilaire-z10odt-pour-thermostat-programmable-wi-fi-s86wmupr\/#primaryimage\"},\"image\":{\"@id\":\"https:\/\/staging.belleflamme.ca\/fr\/produit\/capteur-de-temperature-et-dhumidite-exterieure-sans-fil-aprilaire-z10odt-pour-thermostat-programmable-wi-fi-s86wmupr\/#primaryimage\"},\"thumbnailUrl\":\"https:\/\/staging.belleflamme.ca\/wp-content\/uploads\/2024\/05\/Capteur-de-temperature-et-dhumidite-exterieure-sans-fil-AprilAire-Z10ODT-pour-thermostat-Programmable-Wi-Fi-S86WMUPR.webp\",\"datePublished\":\"2024-05-23T19:05:42+00:00\",\"dateModified\":\"2024-05-23T19:05:43+00:00\",\"description\":\"Capteur de temp\u00e9rature et d'humidit\u00e9 ext\u00e9rieure sans fil AprilAire Z10ODT pour thermostat Programmable Wi-Fi S86WMUPR vendu par le Groupe Belleflamme. Laval, Montr\u00e9al, Gatineau et Saint-Sauveur.\",\"breadcrumb\":{\"@id\":\"https:\/\/staging.belleflamme.ca\/fr\/produit\/capteur-de-temperature-et-dhumidite-exterieure-sans-fil-aprilaire-z10odt-pour-thermostat-programmable-wi-fi-s86wmupr\/#breadcrumb\"},\"inLanguage\":\"fr-FR\",\"potentialAction\":[{\"@type\":\"ReadAction\",\"target\":[\"https:\/\/staging.belleflamme.ca\/fr\/produit\/capteur-de-temperature-et-dhumidite-exterieure-sans-fil-aprilaire-z10odt-pour-thermostat-programmable-wi-fi-s86wmupr\/\"]}]},{\"@type\":\"ImageObject\",\"inLanguage\":\"fr-FR\",\"@id\":\"https:\/\/staging.belleflamme.ca\/fr\/produit\/capteur-de-temperature-et-dhumidite-exterieure-sans-fil-aprilaire-z10odt-pour-thermostat-programmable-wi-fi-s86wmupr\/#primaryimage\",\"url\":\"https:\/\/staging.belleflamme.ca\/wp-content\/uploads\/2024\/05\/Capteur-de-temperature-et-dhumidite-exterieure-sans-fil-AprilAire-Z10ODT-pour-thermostat-Programmable-Wi-Fi-S86WMUPR.webp\",\"contentUrl\":\"https:\/\/staging.belleflamme.ca\/wp-content\/uploads\/2024\/05\/Capteur-de-temperature-et-dhumidite-exterieure-sans-fil-AprilAire-Z10ODT-pour-thermostat-Programmable-Wi-Fi-S86WMUPR.webp\",\"width\":1080,\"height\":1080,\"caption\":\"Capteur de temp\u00e9rature et d'humidit\u00e9 ext\u00e9rieure sans fil AprilAire Z10ODT pour thermostat Programmable Wi-Fi S86WMUPR\"},{\"@type\":\"BreadcrumbList\",\"@id\":\"https:\/\/staging.belleflamme.ca\/fr\/produit\/capteur-de-temperature-et-dhumidite-exterieure-sans-fil-aprilaire-z10odt-pour-thermostat-programmable-wi-fi-s86wmupr\/#breadcrumb\",\"itemListElement\":[{\"@type\":\"ListItem\",\"position\":1,\"name\":\"Accueil\",\"item\":\"https:\/\/www.belleflamme.ca\/fr\/\"},{\"@type\":\"ListItem\",\"position\":2,\"name\":\"Boutique\",\"item\":\"https:\/\/www.belleflamme.ca\/fr\/boutique\/\"},{\"@type\":\"ListItem\",\"position\":3,\"name\":\"Climatisation &amp; Chauffage\",\"item\":\"https:\/\/staging.belleflamme.ca\/fr\/categories\/climatisation-chauffage\/\"},{\"@type\":\"ListItem\",\"position\":4,\"name\":\"Accessoires\",\"item\":\"https:\/\/staging.belleflamme.ca\/fr\/categories\/climatisation-chauffage\/accessoires\/\"},{\"@type\":\"ListItem\",\"position\":5,\"name\":\"Capteur de temp\u00e9rature et d&#8217;humidit\u00e9 ext\u00e9rieure sans fil AprilAire Z10ODT pour thermostat Programmable Wi-Fi S86WMUPR\"}]},{\"@type\":\"WebSite\",\"@id\":\"https:\/\/www.belleflamme.ca\/fr\/#website\",\"url\":\"https:\/\/www.belleflamme.ca\/fr\/\",\"name\":\"Groupe Belleflamme\",\"description\":\"La m\u00e9canique du b\u00e2timent dans le sang.\",\"publisher\":{\"@id\":\"https:\/\/www.belleflamme.ca\/fr\/#organization\"},\"potentialAction\":[{\"@type\":\"SearchAction\",\"target\":{\"@type\":\"EntryPoint\",\"urlTemplate\":\"https:\/\/www.belleflamme.ca\/fr\/?s={search_term_string}\"},\"query-input\":{\"@type\":\"PropertyValueSpecification\",\"valueRequired\":true,\"valueName\":\"search_term_string\"}}],\"inLanguage\":\"fr-FR\"},{\"@type\":[\"Organization\",\"Place\"],\"@id\":\"https:\/\/www.belleflamme.ca\/fr\/#organization\",\"name\":\"Groupe Belleflamme\",\"alternateName\":\"Belleflamme\",\"url\":\"https:\/\/www.belleflamme.ca\/fr\/\",\"logo\":{\"@type\":\"ImageObject\",\"inLanguage\":\"fr-FR\",\"@id\":\"https:\/\/www.belleflamme.ca\/fr\/#\/schema\/logo\/image\/\",\"url\":\"https:\/\/staging.belleflamme.ca\/wp-content\/uploads\/2023\/01\/og-image.jpg\",\"contentUrl\":\"https:\/\/staging.belleflamme.ca\/wp-content\/uploads\/2023\/01\/og-image.jpg\",\"width\":1200,\"height\":630,\"caption\":\"Groupe Belleflamme\"},\"image\":{\"@id\":\"https:\/\/www.belleflamme.ca\/fr\/#\/schema\/logo\/image\/\"},\"sameAs\":[\"https:\/\/www.facebook.com\/belleflamme.ca\/\",\"https:\/\/www.linkedin.com\/company\/belleflamme\/\",\"https:\/\/www.pinterest.ca\/groupebelleflamme\/\",\"https:\/\/www.instagram.com\/legroupebelleflamme\/\"],\"mainEntityOfPage\":{\"@id\":\"https:\/\/staging.belleflamme.ca\/fr\/produit\/capteur-de-temperature-et-dhumidite-exterieure-sans-fil-aprilaire-z10odt-pour-thermostat-programmable-wi-fi-s86wmupr\/\"}}]}<\/script>\n<meta property=\"product:brand\" content=\"Aprilaire\" \/>\n<meta property=\"product:price:amount\" content=\"0.00\" \/>\n<meta property=\"product:price:currency\" content=\"CAD\" \/>\n<meta property=\"og:availability\" content=\"instock\" \/>\n<meta property=\"product:availability\" content=\"instock\" \/>\n<meta property=\"product:condition\" content=\"new\" \/>\n<!-- \/ Yoast SEO Premium plugin. -->","yoast_head_json":{"title":"Capteur de temp\u00e9rature et d'humidit\u00e9 ext\u00e9rieure sans fil AprilAire Z10ODT pour thermostat Programmable Wi-Fi S86WMUPR - Groupe BelleFlamme","description":"Capteur de temp\u00e9rature et d'humidit\u00e9 ext\u00e9rieure sans fil AprilAire Z10ODT pour thermostat Programmable Wi-Fi S86WMUPR vendu par le Groupe Belleflamme. Laval, Montr\u00e9al, Gatineau et Saint-Sauveur.","robots":{"index":"index","follow":"follow","max-snippet":"max-snippet:-1","max-image-preview":"max-image-preview:large","max-video-preview":"max-video-preview:-1"},"canonical":"https:\/\/staging.belleflamme.ca\/fr\/produit\/capteur-de-temperature-et-dhumidite-exterieure-sans-fil-aprilaire-z10odt-pour-thermostat-programmable-wi-fi-s86wmupr\/","og_locale":"fr_FR","og_type":"article","og_title":"Capteur de temp\u00e9rature et d'humidit\u00e9 ext\u00e9rieure sans fil AprilAire Z10ODT pour thermostat Programmable Wi-Fi S86WMUPR","og_description":"Capteur de temp\u00e9rature et d'humidit\u00e9 ext\u00e9rieure sans fil AprilAire Z10ODT pour thermostat Programmable Wi-Fi S86WMUPR vendu par le Groupe Belleflamme. Laval, Montr\u00e9al, Gatineau et Saint-Sauveur.","og_url":"https:\/\/staging.belleflamme.ca\/fr\/produit\/capteur-de-temperature-et-dhumidite-exterieure-sans-fil-aprilaire-z10odt-pour-thermostat-programmable-wi-fi-s86wmupr\/","og_site_name":"Groupe BelleFlamme","article_publisher":"https:\/\/www.facebook.com\/belleflamme.ca\/","article_modified_time":"2024-05-23T19:05:43+00:00","og_image":[{"width":1080,"height":1080,"url":"https:\/\/www.belleflamme.ca\/wp-content\/uploads\/2024\/05\/Capteur-de-temperature-et-dhumidite-exterieure-sans-fil-AprilAire-Z10ODT-pour-thermostat-Programmable-Wi-Fi-S86WMUPR.webp","type":"image\/webp"}],"twitter_card":"summary_large_image","twitter_misc":{"Prix":"","Disponibilit\u00e9":"En stock"},"schema":{"@context":"https:\/\/schema.org","@graph":[{"@type":["WebPage","ItemPage"],"@id":"https:\/\/staging.belleflamme.ca\/fr\/produit\/capteur-de-temperature-et-dhumidite-exterieure-sans-fil-aprilaire-z10odt-pour-thermostat-programmable-wi-fi-s86wmupr\/","url":"https:\/\/staging.belleflamme.ca\/fr\/produit\/capteur-de-temperature-et-dhumidite-exterieure-sans-fil-aprilaire-z10odt-pour-thermostat-programmable-wi-fi-s86wmupr\/","name":"Capteur de temp\u00e9rature et d'humidit\u00e9 ext\u00e9rieure sans fil AprilAire Z10ODT pour thermostat Programmable Wi-Fi S86WMUPR - Groupe BelleFlamme","isPartOf":{"@id":"https:\/\/www.belleflamme.ca\/fr\/#website"},"primaryImageOfPage":{"@id":"https:\/\/staging.belleflamme.ca\/fr\/produit\/capteur-de-temperature-et-dhumidite-exterieure-sans-fil-aprilaire-z10odt-pour-thermostat-programmable-wi-fi-s86wmupr\/#primaryimage"},"image":{"@id":"https:\/\/staging.belleflamme.ca\/fr\/produit\/capteur-de-temperature-et-dhumidite-exterieure-sans-fil-aprilaire-z10odt-pour-thermostat-programmable-wi-fi-s86wmupr\/#primaryimage"},"thumbnailUrl":"https:\/\/staging.belleflamme.ca\/wp-content\/uploads\/2024\/05\/Capteur-de-temperature-et-dhumidite-exterieure-sans-fil-AprilAire-Z10ODT-pour-thermostat-Programmable-Wi-Fi-S86WMUPR.webp","datePublished":"2024-05-23T19:05:42+00:00","dateModified":"2024-05-23T19:05:43+00:00","description":"Capteur de temp\u00e9rature et d'humidit\u00e9 ext\u00e9rieure sans fil AprilAire Z10ODT pour thermostat Programmable Wi-Fi S86WMUPR vendu par le Groupe Belleflamme. Laval, Montr\u00e9al, Gatineau et Saint-Sauveur.","breadcrumb":{"@id":"https:\/\/staging.belleflamme.ca\/fr\/produit\/capteur-de-temperature-et-dhumidite-exterieure-sans-fil-aprilaire-z10odt-pour-thermostat-programmable-wi-fi-s86wmupr\/#breadcrumb"},"inLanguage":"fr-FR","potentialAction":[{"@type":"ReadAction","target":["https:\/\/staging.belleflamme.ca\/fr\/produit\/capteur-de-temperature-et-dhumidite-exterieure-sans-fil-aprilaire-z10odt-pour-thermostat-programmable-wi-fi-s86wmupr\/"]}]},{"@type":"ImageObject","inLanguage":"fr-FR","@id":"https:\/\/staging.belleflamme.ca\/fr\/produit\/capteur-de-temperature-et-dhumidite-exterieure-sans-fil-aprilaire-z10odt-pour-thermostat-programmable-wi-fi-s86wmupr\/#primaryimage","url":"https:\/\/staging.belleflamme.ca\/wp-content\/uploads\/2024\/05\/Capteur-de-temperature-et-dhumidite-exterieure-sans-fil-AprilAire-Z10ODT-pour-thermostat-Programmable-Wi-Fi-S86WMUPR.webp","contentUrl":"https:\/\/staging.belleflamme.ca\/wp-content\/uploads\/2024\/05\/Capteur-de-temperature-et-dhumidite-exterieure-sans-fil-AprilAire-Z10ODT-pour-thermostat-Programmable-Wi-Fi-S86WMUPR.webp","width":1080,"height":1080,"caption":"Capteur de temp\u00e9rature et d'humidit\u00e9 ext\u00e9rieure sans fil AprilAire Z10ODT pour thermostat Programmable Wi-Fi S86WMUPR"},{"@type":"BreadcrumbList","@id":"https:\/\/staging.belleflamme.ca\/fr\/produit\/capteur-de-temperature-et-dhumidite-exterieure-sans-fil-aprilaire-z10odt-pour-thermostat-programmable-wi-fi-s86wmupr\/#breadcrumb","itemListElement":[{"@type":"ListItem","position":1,"name":"Accueil","item":"https:\/\/www.belleflamme.ca\/fr\/"},{"@type":"ListItem","position":2,"name":"Boutique","item":"https:\/\/www.belleflamme.ca\/fr\/boutique\/"},{"@type":"ListItem","position":3,"name":"Climatisation &amp; Chauffage","item":"https:\/\/staging.belleflamme.ca\/fr\/categories\/climatisation-chauffage\/"},{"@type":"ListItem","position":4,"name":"Accessoires","item":"https:\/\/staging.belleflamme.ca\/fr\/categories\/climatisation-chauffage\/accessoires\/"},{"@type":"ListItem","position":5,"name":"Capteur de temp\u00e9rature et d&#8217;humidit\u00e9 ext\u00e9rieure sans fil AprilAire Z10ODT pour thermostat Programmable Wi-Fi S86WMUPR"}]},{"@type":"WebSite","@id":"https:\/\/www.belleflamme.ca\/fr\/#website","url":"https:\/\/www.belleflamme.ca\/fr\/","name":"Groupe Belleflamme","description":"La m\u00e9canique du b\u00e2timent dans le sang.","publisher":{"@id":"https:\/\/www.belleflamme.ca\/fr\/#organization"},"potentialAction":[{"@type":"SearchAction","target":{"@type":"EntryPoint","urlTemplate":"https:\/\/www.belleflamme.ca\/fr\/?s={search_term_string}"},"query-input":{"@type":"PropertyValueSpecification","valueRequired":true,"valueName":"search_term_string"}}],"inLanguage":"fr-FR"},{"@type":["Organization","Place"],"@id":"https:\/\/www.belleflamme.ca\/fr\/#organization","name":"Groupe Belleflamme","alternateName":"Belleflamme","url":"https:\/\/www.belleflamme.ca\/fr\/","logo":{"@type":"ImageObject","inLanguage":"fr-FR","@id":"https:\/\/www.belleflamme.ca\/fr\/#\/schema\/logo\/image\/","url":"https:\/\/staging.belleflamme.ca\/wp-content\/uploads\/2023\/01\/og-image.jpg","contentUrl":"https:\/\/staging.belleflamme.ca\/wp-content\/uploads\/2023\/01\/og-image.jpg","width":1200,"height":630,"caption":"Groupe Belleflamme"},"image":{"@id":"https:\/\/www.belleflamme.ca\/fr\/#\/schema\/logo\/image\/"},"sameAs":["https:\/\/www.facebook.com\/belleflamme.ca\/","https:\/\/www.linkedin.com\/company\/belleflamme\/","https:\/\/www.pinterest.ca\/groupebelleflamme\/","https:\/\/www.instagram.com\/legroupebelleflamme\/"],"mainEntityOfPage":{"@id":"https:\/\/staging.belleflamme.ca\/fr\/produit\/capteur-de-temperature-et-dhumidite-exterieure-sans-fil-aprilaire-z10odt-pour-thermostat-programmable-wi-fi-s86wmupr\/"}}]},"product_brand":"Aprilaire","product_price_amount":"0.00","product_price_currency":"CAD","og_availability":"instock","product_availability":"instock","product_condition":"new"},"_links":{"self":[{"href":"https:\/\/staging.belleflamme.ca\/fr\/wp-json\/wp\/v2\/product\/39952","targetHints":{"allow":["GET"]}}],"collection":[{"href":"https:\/\/staging.belleflamme.ca\/fr\/wp-json\/wp\/v2\/product"}],"about":[{"href":"https:\/\/staging.belleflamme.ca\/fr\/wp-json\/wp\/v2\/types\/product"}],"version-history":[{"count":1,"href":"https:\/\/staging.belleflamme.ca\/fr\/wp-json\/wp\/v2\/product\/39952\/revisions"}],"predecessor-version":[{"id":39955,"href":"https:\/\/staging.belleflamme.ca\/fr\/wp-json\/wp\/v2\/product\/39952\/revisions\/39955"}],"wp:featuredmedia":[{"embeddable":true,"href":"https:\/\/staging.belleflamme.ca\/fr\/wp-json\/wp\/v2\/media\/39953"}],"wp:attachment":[{"href":"https:\/\/staging.belleflamme.ca\/fr\/wp-json\/wp\/v2\/media?parent=39952"}],"wp:term":[{"taxonomy":"product_brand","embeddable":true,"href":"https:\/\/staging.belleflamme.ca\/fr\/wp-json\/wp\/v2\/product_brand?post=39952"},{"taxonomy":"product_cat","embeddable":true,"href":"https:\/\/staging.belleflamme.ca\/fr\/wp-json\/wp\/v2\/product_cat?post=39952"},{"taxonomy":"product_tag","embeddable":true,"href":"https:\/\/staging.belleflamme.ca\/fr\/wp-json\/wp\/v2\/product_tag?post=39952"}],"curies":[{"name":"wp","href":"https:\/\/api.w.org\/{rel}","templated":true}]}}