{"id":39914,"date":"2024-05-23T14:55:19","date_gmt":"2024-05-23T18:55:19","guid":{"rendered":"https:\/\/www.belleflamme.ca\/?post_type=product&#038;p=39914"},"modified":"2024-05-23T14:56:17","modified_gmt":"2024-05-23T18:56:17","slug":"thermostat-programmable-aprilaire-s86nmupr","status":"publish","type":"product","link":"https:\/\/staging.belleflamme.ca\/fr\/produit\/thermostat-programmable-aprilaire-s86nmupr\/","title":{"rendered":"Thermostat programmable AprilAire S86NMUPR"},"content":{"rendered":"\t\t<div data-elementor-type=\"product-post\" data-elementor-id=\"39914\" class=\"elementor elementor-39914\" data-elementor-post-type=\"product\">\n\t\t\t\t\t\t<section class=\"elementor-section elementor-top-section elementor-element elementor-element-45d201d elementor-section-boxed elementor-section-height-default elementor-section-height-default\" data-id=\"45d201d\" data-element_type=\"section\">\n\t\t\t\t\t\t<div class=\"elementor-container elementor-column-gap-default\">\n\t\t\t\t\t<div class=\"elementor-column elementor-col-100 elementor-top-column elementor-element elementor-element-2517f855\" data-id=\"2517f855\" data-element_type=\"column\">\n\t\t\t<div class=\"elementor-widget-wrap elementor-element-populated\">\n\t\t\t\t\t\t<div class=\"elementor-element elementor-element-6c049acd elementor-widget elementor-widget-text-editor\" data-id=\"6c049acd\" data-element_type=\"widget\" data-widget_type=\"text-editor.default\">\n\t\t\t\t<div class=\"elementor-widget-container\">\n\t\t\t\t\t\t\t\t\t<iframe title=\"YouTube video player\" src=\"https:\/\/www.youtube.com\/embed\/JtqAi6Ce2Ro?si=DOUws8wfhkUq_OkR\" width=\"560\" height=\"315\" frameborder=\"0\" allowfullscreen=\"allowfullscreen\"><\/iframe>\r\n<h2>CARACT\u00c9RISTIQUES DU MOD\u00c8LE S86NMUPR\u00a0:<\/h2>\r\n<ul>\r\n \t<li><strong>Facile \u00e0 installer \u2013<\/strong>\u00a0\u00a0Configuration en langue r\u00e9elle<\/li>\r\n \t<li><strong>Facile \u00e0 configurer \u2013<\/strong>\u00a0\u00a0Programmation d\u2019horaires de premier ordre<\/li>\r\n \t<li><strong>Facile \u00e0 utiliser \u2013<\/strong>\u00a0\u00a0Navigation simple sous forme de menu avec une interface tactile capacitive et un affichage graphique couleur facile \u00e0 lire.<\/li>\r\n \t<li><strong>\u00c9conomie d&#8217;\u00e9nergie \u2013<\/strong>\u00a0\u00a0Param\u00e8tres programmables<\/li>\r\n \t<li><strong>Nettoyage de l&#8217;air Event-Based\u2122 \u2013<\/strong>\u00a0\u00a0Lorsqu&#8217;elle est associ\u00e9e \u00e0 un purificateur d&#8217;air pour toute la maison AprilAire, cette fonction vous permet de purifier l&#8217;air de votre maison \u00e0 la demande.<\/li>\r\n \t<li><strong>Contr\u00f4le de la QAI \u2013<\/strong>\u00a0Contr\u00f4le de l\u2019humidit\u00e9 et de la ventilation<\/li>\r\n<\/ul>\r\n<h3>AVANTAGES:<\/h3>\r\nLe thermostat programmable AprilAire S86NMUPR \u00e9l\u00e8ve le contr\u00f4le de l&#8217;air sain \u00e0 un tout nouveau niveau. Surveiller et contr\u00f4ler la qualit\u00e9 de votre air int\u00e9rieur est un jeu d&#8217;enfant gr\u00e2ce \u00e0 des fonctionnalit\u00e9s telles que le contr\u00f4le automatique de l&#8217;humidificateur et du d\u00e9shumidificateur, le nettoyage automatique de l&#8217;air et le contr\u00f4le de la temp\u00e9rature.\r\n\r\n<strong>INCLUS DANS LA BO\u00ceTE\u00a0:<\/strong>\r\n<ul>\r\n \t<li>Thermostat S86NMUPR<\/li>\r\n \t<li>Capteur de temp\u00e9rature ext\u00e9rieure 8052<\/li>\r\n \t<li>\u00c9tiquettes de c\u00e2blage<\/li>\r\n \t<li>Le manuel du propri\u00e9taire<\/li>\r\n \t<li>Instructions de s\u00e9curit\u00e9 et d&#8217;installation<\/li>\r\n \t<li>(2) Vis<\/li>\r\n \t<li>(2) Ancrages muraux<\/li>\r\n<\/ul>\r\n<strong>CARACT\u00c9RISTIQUES:<\/strong>\r\n<ul>\r\n \t<li><strong>Mat\u00e9riaux :<\/strong>\u00a0Circuit imprim\u00e9, Plastique<\/li>\r\n \t<li><strong>Mesures r\u00e9elles\u00a0:<\/strong>\u00a04,38 H x 0,8 L x 4,38 P (pouces)<\/li>\r\n<\/ul>\t\t\t\t\t\t\t\t<\/div>\n\t\t\t\t<\/div>\n\t\t\t\t\t<\/div>\n\t\t<\/div>\n\t\t\t\t\t<\/div>\n\t\t<\/section>\n\t\t\t\t<section class=\"elementor-section elementor-top-section elementor-element elementor-element-a1870ee elementor-section-boxed elementor-section-height-default elementor-section-height-default\" data-id=\"a1870ee\" data-element_type=\"section\">\n\t\t\t\t\t\t<div class=\"elementor-container elementor-column-gap-default\">\n\t\t\t\t\t<div class=\"elementor-column elementor-col-100 elementor-top-column elementor-element elementor-element-96b5236\" data-id=\"96b5236\" data-element_type=\"column\">\n\t\t\t<div class=\"elementor-widget-wrap elementor-element-populated\">\n\t\t\t\t\t\t<div class=\"elementor-element elementor-element-301efdc elementor-tabs-view-horizontal elementor-widget elementor-widget-tabs\" data-id=\"301efdc\" data-element_type=\"widget\" data-widget_type=\"tabs.default\">\n\t\t\t\t<div class=\"elementor-widget-container\">\n\t\t\t\t\t\t\t<div class=\"elementor-tabs\">\n\t\t\t<div class=\"elementor-tabs-wrapper\" role=\"tablist\" >\n\t\t\t\t\t\t\t\t\t<div id=\"elementor-tab-title-5041\" class=\"elementor-tab-title elementor-tab-desktop-title\" aria-selected=\"true\" data-tab=\"1\" role=\"tab\" tabindex=\"0\" aria-controls=\"elementor-tab-content-5041\" aria-expanded=\"false\">Fichiers<\/div>\n\t\t\t\t\t\t\t<\/div>\n\t\t\t<div class=\"elementor-tabs-content-wrapper\" role=\"tablist\" aria-orientation=\"vertical\">\n\t\t\t\t\t\t\t\t\t<div class=\"elementor-tab-title elementor-tab-mobile-title\" aria-selected=\"true\" data-tab=\"1\" role=\"tab\" tabindex=\"0\" aria-controls=\"elementor-tab-content-5041\" aria-expanded=\"false\">Fichiers<\/div>\n\t\t\t\t\t<div id=\"elementor-tab-content-5041\" class=\"elementor-tab-content elementor-clearfix\" data-tab=\"1\" role=\"tabpanel\" aria-labelledby=\"elementor-tab-title-5041\" tabindex=\"0\" hidden=\"false\"><i class=\"far fa-file-pdf fa-xl\" style=\"font-size:35px\"><\/i><a href=\"https:\/\/www.belleflamme.ca\/wp-content\/uploads\/2024\/05\/aprilaire-s86nmu-s86nmupr-thermostat-owners-manual-B2208832.pdf\"> Manuel<\/a><\/br><\/div>\n\t\t\t\t\t\t\t<\/div>\n\t\t<\/div>\n\t\t\t\t\t\t<\/div>\n\t\t\t\t<\/div>\n\t\t\t\t\t<\/div>\n\t\t<\/div>\n\t\t\t\t\t<\/div>\n\t\t<\/section>\n\t\t\t\t<\/div>\n\t\t","protected":false},"excerpt":{"rendered":"<p>CARACT\u00c9RISTIQUES DU MOD\u00c8LE S86NMUPR\u00a0: Facile \u00e0 installer \u2013\u00a0\u00a0Configuration en langue r\u00e9elle Facile \u00e0 configurer \u2013\u00a0\u00a0Programmation d\u2019horaires de premier ordre Facile \u00e0 utiliser \u2013\u00a0\u00a0Navigation simple sous forme de menu avec une interface tactile capacitive et un affichage graphique couleur facile \u00e0 lire. \u00c9conomie d&#8217;\u00e9nergie \u2013\u00a0\u00a0Param\u00e8tres programmables Nettoyage de l&#8217;air Event-Based\u2122 \u2013\u00a0\u00a0Lorsqu&#8217;elle est associ\u00e9e \u00e0 un purificateur [&hellip;]<\/p>\n","protected":false},"featured_media":39915,"template":"","meta":{"inline_featured_image":false},"product_brand":[298],"product_cat":[130,70],"product_tag":[],"class_list":{"0":"post-39914","1":"product","2":"type-product","3":"status-publish","4":"has-post-thumbnail","6":"product_brand-aprilaire","7":"product_cat-accessoires","8":"product_cat-climatisation-chauffage","10":"first","11":"instock","12":"taxable","13":"shipping-taxable","14":"product-type-simple"},"yoast_head":"<!-- This site is optimized with the Yoast SEO Premium plugin v24.2 (Yoast SEO v24.2) - https:\/\/yoast.com\/wordpress\/plugins\/seo\/ -->\n<title>Thermostat programmable AprilAire S86NMUPR - Groupe BelleFlamme<\/title>\n<meta name=\"description\" content=\"Thermostat programmable AprilAire S86NMUPR vendu par le Groupe Belleflamme. Laval, Montr\u00e9al, Gatineau et Saint-Sauveur.\" \/>\n<meta name=\"robots\" content=\"index, follow, max-snippet:-1, max-image-preview:large, max-video-preview:-1\" \/>\n<link rel=\"canonical\" href=\"https:\/\/staging.belleflamme.ca\/fr\/produit\/thermostat-programmable-aprilaire-s86nmupr\/\" \/>\n<meta property=\"og:locale\" content=\"fr_FR\" \/>\n<meta property=\"og:type\" content=\"article\" \/>\n<meta property=\"og:title\" content=\"Thermostat programmable AprilAire S86NMUPR\" \/>\n<meta property=\"og:description\" content=\"Thermostat programmable AprilAire S86NMUPR vendu par le Groupe Belleflamme. Laval, Montr\u00e9al, Gatineau et Saint-Sauveur.\" \/>\n<meta property=\"og:url\" content=\"https:\/\/staging.belleflamme.ca\/fr\/produit\/thermostat-programmable-aprilaire-s86nmupr\/\" \/>\n<meta property=\"og:site_name\" content=\"Groupe BelleFlamme\" \/>\n<meta property=\"article:publisher\" content=\"https:\/\/www.facebook.com\/belleflamme.ca\/\" \/>\n<meta property=\"article:modified_time\" content=\"2024-05-23T18:56:17+00:00\" \/>\n<meta property=\"og:image\" content=\"https:\/\/www.belleflamme.ca\/wp-content\/uploads\/2024\/05\/Thermostat-programmable-AprilAire-S86NMUPR.webp\" \/>\n\t<meta property=\"og:image:width\" content=\"1080\" \/>\n\t<meta property=\"og:image:height\" content=\"1080\" \/>\n\t<meta property=\"og:image:type\" content=\"image\/webp\" \/>\n<meta name=\"twitter:card\" content=\"summary_large_image\" \/>\n<meta name=\"twitter:label1\" content=\"Prix\" \/>\n\t<meta name=\"twitter:data1\" content=\"\" \/>\n\t<meta name=\"twitter:label2\" content=\"Disponibilit\u00e9\" \/>\n\t<meta name=\"twitter:data2\" content=\"En stock\" \/>\n<script type=\"application\/ld+json\" class=\"yoast-schema-graph\">{\"@context\":\"https:\/\/schema.org\",\"@graph\":[{\"@type\":[\"WebPage\",\"ItemPage\"],\"@id\":\"https:\/\/staging.belleflamme.ca\/fr\/produit\/thermostat-programmable-aprilaire-s86nmupr\/\",\"url\":\"https:\/\/staging.belleflamme.ca\/fr\/produit\/thermostat-programmable-aprilaire-s86nmupr\/\",\"name\":\"Thermostat programmable AprilAire S86NMUPR - Groupe BelleFlamme\",\"isPartOf\":{\"@id\":\"https:\/\/www.belleflamme.ca\/fr\/#website\"},\"primaryImageOfPage\":{\"@id\":\"https:\/\/staging.belleflamme.ca\/fr\/produit\/thermostat-programmable-aprilaire-s86nmupr\/#primaryimage\"},\"image\":{\"@id\":\"https:\/\/staging.belleflamme.ca\/fr\/produit\/thermostat-programmable-aprilaire-s86nmupr\/#primaryimage\"},\"thumbnailUrl\":\"https:\/\/staging.belleflamme.ca\/wp-content\/uploads\/2024\/05\/Thermostat-programmable-AprilAire-S86NMUPR.webp\",\"datePublished\":\"2024-05-23T18:55:19+00:00\",\"dateModified\":\"2024-05-23T18:56:17+00:00\",\"description\":\"Thermostat programmable AprilAire S86NMUPR vendu par le Groupe Belleflamme. Laval, Montr\u00e9al, Gatineau et Saint-Sauveur.\",\"breadcrumb\":{\"@id\":\"https:\/\/staging.belleflamme.ca\/fr\/produit\/thermostat-programmable-aprilaire-s86nmupr\/#breadcrumb\"},\"inLanguage\":\"fr-FR\",\"potentialAction\":[{\"@type\":\"ReadAction\",\"target\":[\"https:\/\/staging.belleflamme.ca\/fr\/produit\/thermostat-programmable-aprilaire-s86nmupr\/\"]}]},{\"@type\":\"ImageObject\",\"inLanguage\":\"fr-FR\",\"@id\":\"https:\/\/staging.belleflamme.ca\/fr\/produit\/thermostat-programmable-aprilaire-s86nmupr\/#primaryimage\",\"url\":\"https:\/\/staging.belleflamme.ca\/wp-content\/uploads\/2024\/05\/Thermostat-programmable-AprilAire-S86NMUPR.webp\",\"contentUrl\":\"https:\/\/staging.belleflamme.ca\/wp-content\/uploads\/2024\/05\/Thermostat-programmable-AprilAire-S86NMUPR.webp\",\"width\":1080,\"height\":1080,\"caption\":\"Thermostat programmable AprilAire S86NMUPR\"},{\"@type\":\"BreadcrumbList\",\"@id\":\"https:\/\/staging.belleflamme.ca\/fr\/produit\/thermostat-programmable-aprilaire-s86nmupr\/#breadcrumb\",\"itemListElement\":[{\"@type\":\"ListItem\",\"position\":1,\"name\":\"Accueil\",\"item\":\"https:\/\/www.belleflamme.ca\/fr\/\"},{\"@type\":\"ListItem\",\"position\":2,\"name\":\"Boutique\",\"item\":\"https:\/\/www.belleflamme.ca\/fr\/boutique\/\"},{\"@type\":\"ListItem\",\"position\":3,\"name\":\"Climatisation &amp; Chauffage\",\"item\":\"https:\/\/staging.belleflamme.ca\/fr\/categories\/climatisation-chauffage\/\"},{\"@type\":\"ListItem\",\"position\":4,\"name\":\"Accessoires\",\"item\":\"https:\/\/staging.belleflamme.ca\/fr\/categories\/climatisation-chauffage\/accessoires\/\"},{\"@type\":\"ListItem\",\"position\":5,\"name\":\"Thermostat programmable AprilAire S86NMUPR\"}]},{\"@type\":\"WebSite\",\"@id\":\"https:\/\/www.belleflamme.ca\/fr\/#website\",\"url\":\"https:\/\/www.belleflamme.ca\/fr\/\",\"name\":\"Groupe Belleflamme\",\"description\":\"La m\u00e9canique du b\u00e2timent dans le sang.\",\"publisher\":{\"@id\":\"https:\/\/www.belleflamme.ca\/fr\/#organization\"},\"potentialAction\":[{\"@type\":\"SearchAction\",\"target\":{\"@type\":\"EntryPoint\",\"urlTemplate\":\"https:\/\/www.belleflamme.ca\/fr\/?s={search_term_string}\"},\"query-input\":{\"@type\":\"PropertyValueSpecification\",\"valueRequired\":true,\"valueName\":\"search_term_string\"}}],\"inLanguage\":\"fr-FR\"},{\"@type\":[\"Organization\",\"Place\"],\"@id\":\"https:\/\/www.belleflamme.ca\/fr\/#organization\",\"name\":\"Groupe Belleflamme\",\"alternateName\":\"Belleflamme\",\"url\":\"https:\/\/www.belleflamme.ca\/fr\/\",\"logo\":{\"@type\":\"ImageObject\",\"inLanguage\":\"fr-FR\",\"@id\":\"https:\/\/www.belleflamme.ca\/fr\/#\/schema\/logo\/image\/\",\"url\":\"https:\/\/staging.belleflamme.ca\/wp-content\/uploads\/2023\/01\/og-image.jpg\",\"contentUrl\":\"https:\/\/staging.belleflamme.ca\/wp-content\/uploads\/2023\/01\/og-image.jpg\",\"width\":1200,\"height\":630,\"caption\":\"Groupe Belleflamme\"},\"image\":{\"@id\":\"https:\/\/www.belleflamme.ca\/fr\/#\/schema\/logo\/image\/\"},\"sameAs\":[\"https:\/\/www.facebook.com\/belleflamme.ca\/\",\"https:\/\/www.linkedin.com\/company\/belleflamme\/\",\"https:\/\/www.pinterest.ca\/groupebelleflamme\/\",\"https:\/\/www.instagram.com\/legroupebelleflamme\/\"],\"mainEntityOfPage\":{\"@id\":\"https:\/\/staging.belleflamme.ca\/fr\/produit\/thermostat-programmable-aprilaire-s86nmupr\/\"}}]}<\/script>\n<meta property=\"product:brand\" content=\"Aprilaire\" \/>\n<meta property=\"product:price:amount\" content=\"0.00\" \/>\n<meta property=\"product:price:currency\" content=\"CAD\" \/>\n<meta property=\"og:availability\" content=\"instock\" \/>\n<meta property=\"product:availability\" content=\"instock\" \/>\n<meta property=\"product:retailer_item_id\" content=\"S86NMUPR\" \/>\n<meta property=\"product:condition\" content=\"new\" \/>\n<!-- \/ Yoast SEO Premium plugin. -->","yoast_head_json":{"title":"Thermostat programmable AprilAire S86NMUPR - Groupe BelleFlamme","description":"Thermostat programmable AprilAire S86NMUPR vendu par le Groupe Belleflamme. Laval, Montr\u00e9al, Gatineau et Saint-Sauveur.","robots":{"index":"index","follow":"follow","max-snippet":"max-snippet:-1","max-image-preview":"max-image-preview:large","max-video-preview":"max-video-preview:-1"},"canonical":"https:\/\/staging.belleflamme.ca\/fr\/produit\/thermostat-programmable-aprilaire-s86nmupr\/","og_locale":"fr_FR","og_type":"article","og_title":"Thermostat programmable AprilAire S86NMUPR","og_description":"Thermostat programmable AprilAire S86NMUPR vendu par le Groupe Belleflamme. Laval, Montr\u00e9al, Gatineau et Saint-Sauveur.","og_url":"https:\/\/staging.belleflamme.ca\/fr\/produit\/thermostat-programmable-aprilaire-s86nmupr\/","og_site_name":"Groupe BelleFlamme","article_publisher":"https:\/\/www.facebook.com\/belleflamme.ca\/","article_modified_time":"2024-05-23T18:56:17+00:00","og_image":[{"width":1080,"height":1080,"url":"https:\/\/www.belleflamme.ca\/wp-content\/uploads\/2024\/05\/Thermostat-programmable-AprilAire-S86NMUPR.webp","type":"image\/webp"}],"twitter_card":"summary_large_image","twitter_misc":{"Prix":"","Disponibilit\u00e9":"En stock"},"schema":{"@context":"https:\/\/schema.org","@graph":[{"@type":["WebPage","ItemPage"],"@id":"https:\/\/staging.belleflamme.ca\/fr\/produit\/thermostat-programmable-aprilaire-s86nmupr\/","url":"https:\/\/staging.belleflamme.ca\/fr\/produit\/thermostat-programmable-aprilaire-s86nmupr\/","name":"Thermostat programmable AprilAire S86NMUPR - Groupe BelleFlamme","isPartOf":{"@id":"https:\/\/www.belleflamme.ca\/fr\/#website"},"primaryImageOfPage":{"@id":"https:\/\/staging.belleflamme.ca\/fr\/produit\/thermostat-programmable-aprilaire-s86nmupr\/#primaryimage"},"image":{"@id":"https:\/\/staging.belleflamme.ca\/fr\/produit\/thermostat-programmable-aprilaire-s86nmupr\/#primaryimage"},"thumbnailUrl":"https:\/\/staging.belleflamme.ca\/wp-content\/uploads\/2024\/05\/Thermostat-programmable-AprilAire-S86NMUPR.webp","datePublished":"2024-05-23T18:55:19+00:00","dateModified":"2024-05-23T18:56:17+00:00","description":"Thermostat programmable AprilAire S86NMUPR vendu par le Groupe Belleflamme. Laval, Montr\u00e9al, Gatineau et Saint-Sauveur.","breadcrumb":{"@id":"https:\/\/staging.belleflamme.ca\/fr\/produit\/thermostat-programmable-aprilaire-s86nmupr\/#breadcrumb"},"inLanguage":"fr-FR","potentialAction":[{"@type":"ReadAction","target":["https:\/\/staging.belleflamme.ca\/fr\/produit\/thermostat-programmable-aprilaire-s86nmupr\/"]}]},{"@type":"ImageObject","inLanguage":"fr-FR","@id":"https:\/\/staging.belleflamme.ca\/fr\/produit\/thermostat-programmable-aprilaire-s86nmupr\/#primaryimage","url":"https:\/\/staging.belleflamme.ca\/wp-content\/uploads\/2024\/05\/Thermostat-programmable-AprilAire-S86NMUPR.webp","contentUrl":"https:\/\/staging.belleflamme.ca\/wp-content\/uploads\/2024\/05\/Thermostat-programmable-AprilAire-S86NMUPR.webp","width":1080,"height":1080,"caption":"Thermostat programmable AprilAire S86NMUPR"},{"@type":"BreadcrumbList","@id":"https:\/\/staging.belleflamme.ca\/fr\/produit\/thermostat-programmable-aprilaire-s86nmupr\/#breadcrumb","itemListElement":[{"@type":"ListItem","position":1,"name":"Accueil","item":"https:\/\/www.belleflamme.ca\/fr\/"},{"@type":"ListItem","position":2,"name":"Boutique","item":"https:\/\/www.belleflamme.ca\/fr\/boutique\/"},{"@type":"ListItem","position":3,"name":"Climatisation &amp; Chauffage","item":"https:\/\/staging.belleflamme.ca\/fr\/categories\/climatisation-chauffage\/"},{"@type":"ListItem","position":4,"name":"Accessoires","item":"https:\/\/staging.belleflamme.ca\/fr\/categories\/climatisation-chauffage\/accessoires\/"},{"@type":"ListItem","position":5,"name":"Thermostat programmable AprilAire S86NMUPR"}]},{"@type":"WebSite","@id":"https:\/\/www.belleflamme.ca\/fr\/#website","url":"https:\/\/www.belleflamme.ca\/fr\/","name":"Groupe Belleflamme","description":"La m\u00e9canique du b\u00e2timent dans le sang.","publisher":{"@id":"https:\/\/www.belleflamme.ca\/fr\/#organization"},"potentialAction":[{"@type":"SearchAction","target":{"@type":"EntryPoint","urlTemplate":"https:\/\/www.belleflamme.ca\/fr\/?s={search_term_string}"},"query-input":{"@type":"PropertyValueSpecification","valueRequired":true,"valueName":"search_term_string"}}],"inLanguage":"fr-FR"},{"@type":["Organization","Place"],"@id":"https:\/\/www.belleflamme.ca\/fr\/#organization","name":"Groupe Belleflamme","alternateName":"Belleflamme","url":"https:\/\/www.belleflamme.ca\/fr\/","logo":{"@type":"ImageObject","inLanguage":"fr-FR","@id":"https:\/\/www.belleflamme.ca\/fr\/#\/schema\/logo\/image\/","url":"https:\/\/staging.belleflamme.ca\/wp-content\/uploads\/2023\/01\/og-image.jpg","contentUrl":"https:\/\/staging.belleflamme.ca\/wp-content\/uploads\/2023\/01\/og-image.jpg","width":1200,"height":630,"caption":"Groupe Belleflamme"},"image":{"@id":"https:\/\/www.belleflamme.ca\/fr\/#\/schema\/logo\/image\/"},"sameAs":["https:\/\/www.facebook.com\/belleflamme.ca\/","https:\/\/www.linkedin.com\/company\/belleflamme\/","https:\/\/www.pinterest.ca\/groupebelleflamme\/","https:\/\/www.instagram.com\/legroupebelleflamme\/"],"mainEntityOfPage":{"@id":"https:\/\/staging.belleflamme.ca\/fr\/produit\/thermostat-programmable-aprilaire-s86nmupr\/"}}]},"product_brand":"Aprilaire","product_price_amount":"0.00","product_price_currency":"CAD","og_availability":"instock","product_availability":"instock","product_retailer_item_id":"S86NMUPR","product_condition":"new"},"_links":{"self":[{"href":"https:\/\/staging.belleflamme.ca\/fr\/wp-json\/wp\/v2\/product\/39914","targetHints":{"allow":["GET"]}}],"collection":[{"href":"https:\/\/staging.belleflamme.ca\/fr\/wp-json\/wp\/v2\/product"}],"about":[{"href":"https:\/\/staging.belleflamme.ca\/fr\/wp-json\/wp\/v2\/types\/product"}],"version-history":[{"count":4,"href":"https:\/\/staging.belleflamme.ca\/fr\/wp-json\/wp\/v2\/product\/39914\/revisions"}],"predecessor-version":[{"id":39922,"href":"https:\/\/staging.belleflamme.ca\/fr\/wp-json\/wp\/v2\/product\/39914\/revisions\/39922"}],"wp:featuredmedia":[{"embeddable":true,"href":"https:\/\/staging.belleflamme.ca\/fr\/wp-json\/wp\/v2\/media\/39915"}],"wp:attachment":[{"href":"https:\/\/staging.belleflamme.ca\/fr\/wp-json\/wp\/v2\/media?parent=39914"}],"wp:term":[{"taxonomy":"product_brand","embeddable":true,"href":"https:\/\/staging.belleflamme.ca\/fr\/wp-json\/wp\/v2\/product_brand?post=39914"},{"taxonomy":"product_cat","embeddable":true,"href":"https:\/\/staging.belleflamme.ca\/fr\/wp-json\/wp\/v2\/product_cat?post=39914"},{"taxonomy":"product_tag","embeddable":true,"href":"https:\/\/staging.belleflamme.ca\/fr\/wp-json\/wp\/v2\/product_tag?post=39914"}],"curies":[{"name":"wp","href":"https:\/\/api.w.org\/{rel}","templated":true}]}}