{"id":39873,"date":"2024-05-23T14:37:06","date_gmt":"2024-05-23T18:37:06","guid":{"rendered":"https:\/\/www.belleflamme.ca\/?post_type=product&#038;p=39873"},"modified":"2024-05-23T14:40:36","modified_gmt":"2024-05-23T18:40:36","slug":"thermostat-white-rodgers-serie-80","status":"publish","type":"product","link":"https:\/\/staging.belleflamme.ca\/fr\/produit\/thermostat-white-rodgers-serie-80\/","title":{"rendered":"Thermostat White-Rodgers S\u00e9rie 80"},"content":{"rendered":"\t\t<div data-elementor-type=\"product-post\" data-elementor-id=\"39873\" class=\"elementor elementor-39873\" data-elementor-post-type=\"product\">\n\t\t\t\t\t\t<section class=\"elementor-section elementor-top-section elementor-element elementor-element-69b04f19 elementor-section-boxed elementor-section-height-default elementor-section-height-default\" data-id=\"69b04f19\" data-element_type=\"section\">\n\t\t\t\t\t\t<div class=\"elementor-container elementor-column-gap-default\">\n\t\t\t\t\t<div class=\"elementor-column elementor-col-100 elementor-top-column elementor-element elementor-element-32df0cf4\" data-id=\"32df0cf4\" data-element_type=\"column\">\n\t\t\t<div class=\"elementor-widget-wrap elementor-element-populated\">\n\t\t\t\t\t\t<div class=\"elementor-element elementor-element-1036d23c elementor-widget elementor-widget-text-editor\" data-id=\"1036d23c\" data-element_type=\"widget\" data-widget_type=\"text-editor.default\">\n\t\t\t\t<div class=\"elementor-widget-container\">\n\t\t\t\t\t\t\t\t\t<iframe src='\/\/players.brightcove.net\/6085069411001\/default_default\/index.html?videoId=6318748111112' allowfullscreen frameborder=0><\/iframe>\r\nLes thermostats Emerson s\u00e9rie 80 offrent un encombrement adapt\u00e9 \u00e0 l&#8217;installation, des fonctionnalit\u00e9s adapt\u00e9es au propri\u00e9taire et une assistance adapt\u00e9e \u00e0 votre entreprise. Avec un grand \u00e9cran r\u00e9tro\u00e9clair\u00e9, une conception facile \u00e0 utiliser, une programmation flexible et des performances fiables, les thermostats de la s\u00e9rie 80 conviennent parfaitement \u00e0 chaque application.\r\n\r\n&nbsp;\r\n<div id=\"section-featuresgroup-3074457345619349796\" class=\"features section\">\r\n<div class=\"padded-container\">\r\n<div class=\"row\">\r\n<div class=\"col-xs-12 col-sm-4 col-md-3\">\r\n<h3>Caract\u00e9ristiques<\/h3>\r\n<\/div>\r\n<div id=\"featuresButton-6141004\" class=\"col-xs-12 col-sm-8 col-md-9\"><\/div>\r\n<div class=\"col-xs-12\">\r\n<ul>\r\n \t<li>Grand \u00e9cran, r\u00e9tro\u00e9clairage lumineux, \u00e9cran \u00e0 contraste \u00e9lev\u00e9<\/li>\r\n \t<li>Facile \u00e0 installer avec niveau int\u00e9gr\u00e9, menu de configuration simple et sous-base s\u00e9par\u00e9e<\/li>\r\n \t<li>Programmation s\u00e9lectionnable, choix de 7 jours, 5+1+1 jours, 5+2 jours ou non programmable en standard<\/li>\r\n \t<li>Commande \u00e0 double carburant, aucun capteur ext\u00e9rieur requis, standard sur tous les mod\u00e8les de sc\u00e8ne<\/li>\r\n \t<li>Changement automatique sur tous les mod\u00e8les universels<\/li>\r\n \t<li>Verrouillage du clavier et limites de temp\u00e9rature de chauffage\/refroidissement r\u00e9glables<\/li>\r\n \t<li>Garantie limit\u00e9e de 5 ans pour les professionnels<\/li>\r\n<\/ul>\r\n<\/div>\r\n<\/div>\r\n<\/div>\r\n<\/div>\r\n<div id=\"section-specificationgroup-3074457345619349796\" class=\"specifications section\">\r\n<div class=\"padded-container\">\r\n<dl class=\"row generic-attr\">\r\n \t<dt class=\"col-xs-12 col-sm-4 col-md-3\">Options du programme<\/dt>\r\n \t<dd class=\"col-xs-12 col-sm-8 col-md-9\">Programmable &#8211; 7 jours, 5+1+1 jours ou non programmable<\/dd>\r\n<\/dl>\r\n<dl class=\"row generic-attr\">\r\n \t<dt class=\"col-xs-12 col-sm-4 col-md-3\">Options de p\u00e9riodes de programme par jour<\/dt>\r\n \t<dd class=\"col-xs-12 col-sm-8 col-md-9\">4, 2, aucun<\/dd>\r\n<\/dl>\r\n<dl class=\"row generic-attr\">\r\n \t<dt class=\"col-xs-12 col-sm-4 col-md-3\">\u00c9tapes<\/dt>\r\n \t<dd class=\"col-xs-12 col-sm-8 col-md-9\">Universel &#8211; Mono-\u00e9tage 1H\/1C, Multi-\u00e9tage 2H\/2C, Pompe \u00e0 chaleur 4H\/2C<\/dd>\r\n<\/dl>\r\n<dl class=\"row generic-attr\">\r\n \t<dt class=\"col-xs-12 col-sm-4 col-md-3\">Style<\/dt>\r\n \t<dd class=\"col-xs-12 col-sm-8 col-md-9\">Horizontal<\/dd>\r\n<\/dl>\r\n<dl class=\"row generic-attr\">\r\n \t<dt class=\"col-xs-12 col-sm-4 col-md-3\">Applications typiques<\/dt>\r\n \t<dd class=\"col-xs-12 col-sm-8 col-md-9\">Gaz\/Fioul\/\u00c9lectrique<\/dd>\r\n<\/dl>\r\n<dl class=\"row generic-attr\">\r\n \t<dt class=\"col-xs-12 col-sm-4 col-md-3\">Connexions des vannes de zone \u00e0 3 fils<\/dt>\r\n \t<dd class=\"col-xs-12 col-sm-8 col-md-9\">Oui<\/dd>\r\n<\/dl>\r\n<dl class=\"row generic-attr\">\r\n \t<dt class=\"col-xs-12 col-sm-4 col-md-3\">Compatible millivolt<\/dt>\r\n \t<dd class=\"col-xs-12 col-sm-8 col-md-9\">Oui<\/dd>\r\n<\/dl>\r\n<dl class=\"row generic-attr\">\r\n \t<dt class=\"col-xs-12 col-sm-4 col-md-3\">Connexions de l&#8217;\u00e9conomiseur<\/dt>\r\n \t<dd class=\"col-xs-12 col-sm-8 col-md-9\">Non<\/dd>\r\n<\/dl>\r\n<dl class=\"row generic-attr\">\r\n \t<dt class=\"col-xs-12 col-sm-4 col-md-3\">Contr\u00f4le de l&#8217;humidit\u00e9<\/dt>\r\n \t<dd class=\"col-xs-12 col-sm-8 col-md-9\">Non<\/dd>\r\n<\/dl>\r\n<dl class=\"row generic-attr\">\r\n \t<dt class=\"col-xs-12 col-sm-4 col-md-3\">Contr\u00f4le de l&#8217;humidit\u00e9<\/dt>\r\n \t<dd class=\"col-xs-12 col-sm-8 col-md-9\">RC, RH, C, W\/E, W2, Y, Y2, O\/B\/6, G, L<\/dd>\r\n<\/dl>\r\n<dl class=\"row generic-attr\">\r\n \t<dt class=\"col-xs-12 col-sm-4 col-md-3\">Contr\u00f4le de pompe \u00e0 chaleur \u00e0 double combustible<\/dt>\r\n \t<dd class=\"col-xs-12 col-sm-8 col-md-9\">Oui, aucun capteur requis<\/dd>\r\n<\/dl>\r\n<dl class=\"row generic-attr\">\r\n \t<dt class=\"col-xs-12 col-sm-4 col-md-3\">Contr\u00f4le de verrouillage auxiliaire de la thermopompe &#8211; Option de capteur ext\u00e9rieur<\/dt>\r\n \t<dd class=\"col-xs-12 col-sm-8 col-md-9\">Aucun<\/dd>\r\n<\/dl>\r\n<dl class=\"row generic-attr\">\r\n \t<dt class=\"col-xs-12 col-sm-4 col-md-3\">Options du capteur \u00e0 distance<\/dt>\r\n \t<dd class=\"col-xs-12 col-sm-8 col-md-9\">Aucun<\/dd>\r\n<\/dl>\r\n<dl class=\"row generic-attr\">\r\n \t<dt class=\"col-xs-12 col-sm-4 col-md-3\">Source d&#8217;\u00e9nergie<\/dt>\r\n \t<dd class=\"col-xs-12 col-sm-8 col-md-9\">Batterie, c\u00e2blage<\/dd>\r\n<\/dl>\r\n<dl class=\"row generic-attr\">\r\n \t<dt class=\"col-xs-12 col-sm-4 col-md-3\">Changement automatique (chauffage\/refroidissement)<\/dt>\r\n \t<dd class=\"col-xs-12 col-sm-8 col-md-9\">Oui<\/dd>\r\n<\/dl>\r\n<dl class=\"row generic-attr\">\r\n \t<dt class=\"col-xs-12 col-sm-4 col-md-3\">Option ventilateur<\/dt>\r\n \t<dd class=\"col-xs-12 col-sm-8 col-md-9\">Automatique, activ\u00e9<\/dd>\r\n<\/dl>\r\n<dl class=\"row generic-attr\">\r\n \t<dt class=\"col-xs-12 col-sm-4 col-md-3\">Rappel de changement de filtre<\/dt>\r\n \t<dd class=\"col-xs-12 col-sm-8 col-md-9\">Oui<\/dd>\r\n<\/dl>\r\n<dl class=\"row generic-attr\">\r\n \t<dt class=\"col-xs-12 col-sm-4 col-md-3\">Gestion de l&#8217;\u00e9nergie. R\u00e9cup\u00e9ration\/D\u00e9marrage anticip\u00e9<\/dt>\r\n \t<dd class=\"col-xs-12 col-sm-8 col-md-9\">Oui<\/dd>\r\n<\/dl>\r\n<dl class=\"row generic-attr\">\r\n \t<dt class=\"col-xs-12 col-sm-4 col-md-3\">Verrouillage du clavier<\/dt>\r\n \t<dd class=\"col-xs-12 col-sm-8 col-md-9\">Total<\/dd>\r\n<\/dl>\r\n<dl class=\"row generic-attr\">\r\n \t<dt class=\"col-xs-12 col-sm-4 col-md-3\">Limites de temp\u00e9rature du point de consigne<\/dt>\r\n \t<dd class=\"col-xs-12 col-sm-8 col-md-9\">Oui<\/dd>\r\n<\/dl>\r\n<dl class=\"row generic-attr\">\r\n \t<dt class=\"col-xs-12 col-sm-4 col-md-3\">Type d&#8217;affichage<\/dt>\r\n \t<dd class=\"col-xs-12 col-sm-8 col-md-9\">5 pouces carr\u00e9s.<\/dd>\r\n<\/dl>\r\n<dl class=\"row generic-attr\">\r\n \t<dt class=\"col-xs-12 col-sm-4 col-md-3\">R\u00e9tro\u00e9clairage<\/dt>\r\n \t<dd class=\"col-xs-12 col-sm-8 col-md-9\">Appui sur une touche ou continu avec fil commun<\/dd>\r\n<\/dl>\r\n<dl class=\"row generic-attr\">\r\n \t<dt class=\"col-xs-12 col-sm-4 col-md-3\">Tension<\/dt>\r\n \t<dd class=\"col-xs-12 col-sm-8 col-md-9\">20-30 VCA, NEC Classe II 50\/60 Hz<\/dd>\r\n<\/dl>\r\n<dl class=\"row generic-attr\">\r\n \t<dt class=\"col-xs-12 col-sm-4 col-md-3\">Puissance nominale de la batterie<\/dt>\r\n \t<dd class=\"col-xs-12 col-sm-8 col-md-9\">mV \u00e0 30 Vca<\/dd>\r\n<\/dl>\r\n<dl class=\"row generic-attr\">\r\n \t<dt class=\"col-xs-12 col-sm-4 col-md-3\">Amp\u00e9rage<\/dt>\r\n \t<dd class=\"col-xs-12 col-sm-8 col-md-9\">Mod\u00e8les de mise en sc\u00e8ne\u00a0: 1,5\u00a0A par borne, 2,5\u00a0A maximum toutes bornes combin\u00e9es\u00a0; Mod\u00e8les \u00e0 un \u00e9tage : 1,0 A par borne, 1,5 A maximum toutes bornes combin\u00e9es<\/dd>\r\n<\/dl>\r\n<\/div>\r\n<\/div>\t\t\t\t\t\t\t\t<\/div>\n\t\t\t\t<\/div>\n\t\t\t\t\t<\/div>\n\t\t<\/div>\n\t\t\t\t\t<\/div>\n\t\t<\/section>\n\t\t\t\t<section class=\"elementor-section elementor-top-section elementor-element elementor-element-335ab1f elementor-section-boxed elementor-section-height-default elementor-section-height-default\" data-id=\"335ab1f\" data-element_type=\"section\">\n\t\t\t\t\t\t<div class=\"elementor-container elementor-column-gap-default\">\n\t\t\t\t\t<div class=\"elementor-column elementor-col-100 elementor-top-column elementor-element elementor-element-d857aa3\" data-id=\"d857aa3\" data-element_type=\"column\">\n\t\t\t<div class=\"elementor-widget-wrap elementor-element-populated\">\n\t\t\t\t\t\t<div class=\"elementor-element elementor-element-88e9604 elementor-tabs-view-horizontal elementor-widget elementor-widget-tabs\" data-id=\"88e9604\" data-element_type=\"widget\" data-widget_type=\"tabs.default\">\n\t\t\t\t<div class=\"elementor-widget-container\">\n\t\t\t\t\t\t\t<div class=\"elementor-tabs\">\n\t\t\t<div class=\"elementor-tabs-wrapper\" role=\"tablist\" >\n\t\t\t\t\t\t\t\t\t<div id=\"elementor-tab-title-1431\" class=\"elementor-tab-title elementor-tab-desktop-title\" aria-selected=\"true\" data-tab=\"1\" role=\"tab\" tabindex=\"0\" aria-controls=\"elementor-tab-content-1431\" aria-expanded=\"false\">Fichiers<\/div>\n\t\t\t\t\t\t\t<\/div>\n\t\t\t<div class=\"elementor-tabs-content-wrapper\" role=\"tablist\" aria-orientation=\"vertical\">\n\t\t\t\t\t\t\t\t\t<div class=\"elementor-tab-title elementor-tab-mobile-title\" aria-selected=\"true\" data-tab=\"1\" role=\"tab\" tabindex=\"0\" aria-controls=\"elementor-tab-content-1431\" aria-expanded=\"false\">Fichiers<\/div>\n\t\t\t\t\t<div id=\"elementor-tab-content-1431\" class=\"elementor-tab-content elementor-clearfix\" data-tab=\"1\" role=\"tabpanel\" aria-labelledby=\"elementor-tab-title-1431\" tabindex=\"0\" hidden=\"false\"><i class=\"far fa-file-pdf fa-xl\" style=\"font-size:35px\"><\/i><a href=\"https:\/\/www.belleflamme.ca\/wp-content\/uploads\/2024\/05\/80-series-thermostats-spec-sheet-en-us-2884204.pdf\"> Sp\u00e9cifications<\/a><\/br>\n<i class=\"far fa-file-pdf fa-xl\" style=\"font-size:35px\"><\/i><a href=\"https:\/\/www.belleflamme.ca\/wp-content\/uploads\/2024\/05\/80-series-thermostats-catalog-en-1594386.pdf\"> Catalogue<\/a><\/br>\n<i class=\"far fa-file-pdf fa-xl\" style=\"font-size:35px\"><\/i><a href=\"https:\/\/www.belleflamme.ca\/wp-content\/uploads\/2024\/05\/1f85u-42pr-installation-instructions-en-1594346.pdf\"> Installation<\/a><\/br>\n<i class=\"far fa-file-pdf fa-xl\" style=\"font-size:35px\"><\/i><a href=\"https:\/\/www.belleflamme.ca\/wp-content\/uploads\/2024\/05\/thermostat-cross-reference-en-5429960-2.pdf\"> R\u00e9f\u00e9rence crois\u00e9e<\/a><\/br><\/div>\n\t\t\t\t\t\t\t<\/div>\n\t\t<\/div>\n\t\t\t\t\t\t<\/div>\n\t\t\t\t<\/div>\n\t\t\t\t\t<\/div>\n\t\t<\/div>\n\t\t\t\t\t<\/div>\n\t\t<\/section>\n\t\t\t\t<\/div>\n\t\t","protected":false},"excerpt":{"rendered":"<p>Les thermostats Emerson s\u00e9rie 80 offrent un encombrement adapt\u00e9 \u00e0 l&#8217;installation, des fonctionnalit\u00e9s adapt\u00e9es au propri\u00e9taire et une assistance adapt\u00e9e \u00e0 votre entreprise. Avec un grand \u00e9cran r\u00e9tro\u00e9clair\u00e9, une conception facile \u00e0 utiliser, une programmation flexible et des performances fiables, les thermostats de la s\u00e9rie 80 conviennent parfaitement \u00e0 chaque application. &nbsp; Caract\u00e9ristiques Grand \u00e9cran, [&hellip;]<\/p>\n","protected":false},"featured_media":39867,"template":"","meta":{"inline_featured_image":false},"product_brand":[1635],"product_cat":[130,70],"product_tag":[],"class_list":{"0":"post-39873","1":"product","2":"type-product","3":"status-publish","4":"has-post-thumbnail","6":"product_brand-white-rodgers","7":"product_cat-accessoires","8":"product_cat-climatisation-chauffage","10":"first","11":"instock","12":"taxable","13":"shipping-taxable","14":"product-type-simple"},"yoast_head":"<!-- This site is optimized with the Yoast SEO Premium plugin v24.2 (Yoast SEO v24.2) - https:\/\/yoast.com\/wordpress\/plugins\/seo\/ -->\n<title>Thermostat White-Rodgers S\u00e9rie 80 - Groupe BelleFlamme<\/title>\n<meta name=\"description\" content=\"Thermostat White-Rodgers S\u00e9rie 80 vendu par le Groupe Belleflamme. Laval, Montr\u00e9al, Gatineau et Saint-Sauveur.\" \/>\n<meta name=\"robots\" content=\"index, follow, max-snippet:-1, max-image-preview:large, max-video-preview:-1\" \/>\n<link rel=\"canonical\" href=\"https:\/\/staging.belleflamme.ca\/fr\/produit\/thermostat-white-rodgers-serie-80\/\" \/>\n<meta property=\"og:locale\" content=\"fr_FR\" \/>\n<meta property=\"og:type\" content=\"article\" \/>\n<meta property=\"og:title\" content=\"Thermostat White-Rodgers S\u00e9rie 80\" \/>\n<meta property=\"og:description\" content=\"Thermostat White-Rodgers S\u00e9rie 80 vendu par le Groupe Belleflamme. Laval, Montr\u00e9al, Gatineau et Saint-Sauveur.\" \/>\n<meta property=\"og:url\" content=\"https:\/\/staging.belleflamme.ca\/fr\/produit\/thermostat-white-rodgers-serie-80\/\" \/>\n<meta property=\"og:site_name\" content=\"Groupe BelleFlamme\" \/>\n<meta property=\"article:publisher\" content=\"https:\/\/www.facebook.com\/belleflamme.ca\/\" \/>\n<meta property=\"article:modified_time\" content=\"2024-05-23T18:40:36+00:00\" \/>\n<meta property=\"og:image\" content=\"https:\/\/www.belleflamme.ca\/wp-content\/uploads\/2024\/05\/Thermostat-Serie-80-de-White-Rodgers.webp\" \/>\n\t<meta property=\"og:image:width\" content=\"1000\" \/>\n\t<meta property=\"og:image:height\" content=\"1000\" \/>\n\t<meta property=\"og:image:type\" content=\"image\/webp\" \/>\n<meta name=\"twitter:card\" content=\"summary_large_image\" \/>\n<meta name=\"twitter:label1\" content=\"Prix\" \/>\n\t<meta name=\"twitter:data1\" content=\"\" \/>\n\t<meta name=\"twitter:label2\" content=\"Disponibilit\u00e9\" \/>\n\t<meta name=\"twitter:data2\" content=\"En stock\" \/>\n<script type=\"application\/ld+json\" class=\"yoast-schema-graph\">{\"@context\":\"https:\/\/schema.org\",\"@graph\":[{\"@type\":[\"WebPage\",\"ItemPage\"],\"@id\":\"https:\/\/staging.belleflamme.ca\/fr\/produit\/thermostat-white-rodgers-serie-80\/\",\"url\":\"https:\/\/staging.belleflamme.ca\/fr\/produit\/thermostat-white-rodgers-serie-80\/\",\"name\":\"Thermostat White-Rodgers S\u00e9rie 80 - Groupe BelleFlamme\",\"isPartOf\":{\"@id\":\"https:\/\/www.belleflamme.ca\/fr\/#website\"},\"primaryImageOfPage\":{\"@id\":\"https:\/\/staging.belleflamme.ca\/fr\/produit\/thermostat-white-rodgers-serie-80\/#primaryimage\"},\"image\":{\"@id\":\"https:\/\/staging.belleflamme.ca\/fr\/produit\/thermostat-white-rodgers-serie-80\/#primaryimage\"},\"thumbnailUrl\":\"https:\/\/staging.belleflamme.ca\/wp-content\/uploads\/2024\/05\/Thermostat-Serie-80-de-White-Rodgers.webp\",\"datePublished\":\"2024-05-23T18:37:06+00:00\",\"dateModified\":\"2024-05-23T18:40:36+00:00\",\"description\":\"Thermostat White-Rodgers S\u00e9rie 80 vendu par le Groupe Belleflamme. Laval, Montr\u00e9al, Gatineau et Saint-Sauveur.\",\"breadcrumb\":{\"@id\":\"https:\/\/staging.belleflamme.ca\/fr\/produit\/thermostat-white-rodgers-serie-80\/#breadcrumb\"},\"inLanguage\":\"fr-FR\",\"potentialAction\":[{\"@type\":\"ReadAction\",\"target\":[\"https:\/\/staging.belleflamme.ca\/fr\/produit\/thermostat-white-rodgers-serie-80\/\"]}]},{\"@type\":\"ImageObject\",\"inLanguage\":\"fr-FR\",\"@id\":\"https:\/\/staging.belleflamme.ca\/fr\/produit\/thermostat-white-rodgers-serie-80\/#primaryimage\",\"url\":\"https:\/\/staging.belleflamme.ca\/wp-content\/uploads\/2024\/05\/Thermostat-Serie-80-de-White-Rodgers.webp\",\"contentUrl\":\"https:\/\/staging.belleflamme.ca\/wp-content\/uploads\/2024\/05\/Thermostat-Serie-80-de-White-Rodgers.webp\",\"width\":1000,\"height\":1000,\"caption\":\"Thermostat S\u00e9rie 80 de White Rodgers\"},{\"@type\":\"BreadcrumbList\",\"@id\":\"https:\/\/staging.belleflamme.ca\/fr\/produit\/thermostat-white-rodgers-serie-80\/#breadcrumb\",\"itemListElement\":[{\"@type\":\"ListItem\",\"position\":1,\"name\":\"Accueil\",\"item\":\"https:\/\/www.belleflamme.ca\/fr\/\"},{\"@type\":\"ListItem\",\"position\":2,\"name\":\"Boutique\",\"item\":\"https:\/\/www.belleflamme.ca\/fr\/boutique\/\"},{\"@type\":\"ListItem\",\"position\":3,\"name\":\"Climatisation &amp; Chauffage\",\"item\":\"https:\/\/staging.belleflamme.ca\/fr\/categories\/climatisation-chauffage\/\"},{\"@type\":\"ListItem\",\"position\":4,\"name\":\"Accessoires\",\"item\":\"https:\/\/staging.belleflamme.ca\/fr\/categories\/climatisation-chauffage\/accessoires\/\"},{\"@type\":\"ListItem\",\"position\":5,\"name\":\"Thermostat White-Rodgers S\u00e9rie 80\"}]},{\"@type\":\"WebSite\",\"@id\":\"https:\/\/www.belleflamme.ca\/fr\/#website\",\"url\":\"https:\/\/www.belleflamme.ca\/fr\/\",\"name\":\"Groupe Belleflamme\",\"description\":\"La m\u00e9canique du b\u00e2timent dans le sang.\",\"publisher\":{\"@id\":\"https:\/\/www.belleflamme.ca\/fr\/#organization\"},\"potentialAction\":[{\"@type\":\"SearchAction\",\"target\":{\"@type\":\"EntryPoint\",\"urlTemplate\":\"https:\/\/www.belleflamme.ca\/fr\/?s={search_term_string}\"},\"query-input\":{\"@type\":\"PropertyValueSpecification\",\"valueRequired\":true,\"valueName\":\"search_term_string\"}}],\"inLanguage\":\"fr-FR\"},{\"@type\":[\"Organization\",\"Place\"],\"@id\":\"https:\/\/www.belleflamme.ca\/fr\/#organization\",\"name\":\"Groupe Belleflamme\",\"alternateName\":\"Belleflamme\",\"url\":\"https:\/\/www.belleflamme.ca\/fr\/\",\"logo\":{\"@type\":\"ImageObject\",\"inLanguage\":\"fr-FR\",\"@id\":\"https:\/\/www.belleflamme.ca\/fr\/#\/schema\/logo\/image\/\",\"url\":\"https:\/\/staging.belleflamme.ca\/wp-content\/uploads\/2023\/01\/og-image.jpg\",\"contentUrl\":\"https:\/\/staging.belleflamme.ca\/wp-content\/uploads\/2023\/01\/og-image.jpg\",\"width\":1200,\"height\":630,\"caption\":\"Groupe Belleflamme\"},\"image\":{\"@id\":\"https:\/\/www.belleflamme.ca\/fr\/#\/schema\/logo\/image\/\"},\"sameAs\":[\"https:\/\/www.facebook.com\/belleflamme.ca\/\",\"https:\/\/www.linkedin.com\/company\/belleflamme\/\",\"https:\/\/www.pinterest.ca\/groupebelleflamme\/\",\"https:\/\/www.instagram.com\/legroupebelleflamme\/\"],\"mainEntityOfPage\":{\"@id\":\"https:\/\/staging.belleflamme.ca\/fr\/produit\/thermostat-white-rodgers-serie-80\/\"}}]}<\/script>\n<meta property=\"product:brand\" content=\"White Rodgers\" \/>\n<meta property=\"product:price:amount\" content=\"0.00\" \/>\n<meta property=\"product:price:currency\" content=\"CAD\" \/>\n<meta property=\"og:availability\" content=\"instock\" \/>\n<meta property=\"product:availability\" content=\"instock\" \/>\n<meta property=\"product:retailer_item_id\" content=\"1F85U-42PR\" \/>\n<meta property=\"product:condition\" content=\"new\" \/>\n<!-- \/ Yoast SEO Premium plugin. -->","yoast_head_json":{"title":"Thermostat White-Rodgers S\u00e9rie 80 - Groupe BelleFlamme","description":"Thermostat White-Rodgers S\u00e9rie 80 vendu par le Groupe Belleflamme. Laval, Montr\u00e9al, Gatineau et Saint-Sauveur.","robots":{"index":"index","follow":"follow","max-snippet":"max-snippet:-1","max-image-preview":"max-image-preview:large","max-video-preview":"max-video-preview:-1"},"canonical":"https:\/\/staging.belleflamme.ca\/fr\/produit\/thermostat-white-rodgers-serie-80\/","og_locale":"fr_FR","og_type":"article","og_title":"Thermostat White-Rodgers S\u00e9rie 80","og_description":"Thermostat White-Rodgers S\u00e9rie 80 vendu par le Groupe Belleflamme. Laval, Montr\u00e9al, Gatineau et Saint-Sauveur.","og_url":"https:\/\/staging.belleflamme.ca\/fr\/produit\/thermostat-white-rodgers-serie-80\/","og_site_name":"Groupe BelleFlamme","article_publisher":"https:\/\/www.facebook.com\/belleflamme.ca\/","article_modified_time":"2024-05-23T18:40:36+00:00","og_image":[{"width":1000,"height":1000,"url":"https:\/\/www.belleflamme.ca\/wp-content\/uploads\/2024\/05\/Thermostat-Serie-80-de-White-Rodgers.webp","type":"image\/webp"}],"twitter_card":"summary_large_image","twitter_misc":{"Prix":"","Disponibilit\u00e9":"En stock"},"schema":{"@context":"https:\/\/schema.org","@graph":[{"@type":["WebPage","ItemPage"],"@id":"https:\/\/staging.belleflamme.ca\/fr\/produit\/thermostat-white-rodgers-serie-80\/","url":"https:\/\/staging.belleflamme.ca\/fr\/produit\/thermostat-white-rodgers-serie-80\/","name":"Thermostat White-Rodgers S\u00e9rie 80 - Groupe BelleFlamme","isPartOf":{"@id":"https:\/\/www.belleflamme.ca\/fr\/#website"},"primaryImageOfPage":{"@id":"https:\/\/staging.belleflamme.ca\/fr\/produit\/thermostat-white-rodgers-serie-80\/#primaryimage"},"image":{"@id":"https:\/\/staging.belleflamme.ca\/fr\/produit\/thermostat-white-rodgers-serie-80\/#primaryimage"},"thumbnailUrl":"https:\/\/staging.belleflamme.ca\/wp-content\/uploads\/2024\/05\/Thermostat-Serie-80-de-White-Rodgers.webp","datePublished":"2024-05-23T18:37:06+00:00","dateModified":"2024-05-23T18:40:36+00:00","description":"Thermostat White-Rodgers S\u00e9rie 80 vendu par le Groupe Belleflamme. Laval, Montr\u00e9al, Gatineau et Saint-Sauveur.","breadcrumb":{"@id":"https:\/\/staging.belleflamme.ca\/fr\/produit\/thermostat-white-rodgers-serie-80\/#breadcrumb"},"inLanguage":"fr-FR","potentialAction":[{"@type":"ReadAction","target":["https:\/\/staging.belleflamme.ca\/fr\/produit\/thermostat-white-rodgers-serie-80\/"]}]},{"@type":"ImageObject","inLanguage":"fr-FR","@id":"https:\/\/staging.belleflamme.ca\/fr\/produit\/thermostat-white-rodgers-serie-80\/#primaryimage","url":"https:\/\/staging.belleflamme.ca\/wp-content\/uploads\/2024\/05\/Thermostat-Serie-80-de-White-Rodgers.webp","contentUrl":"https:\/\/staging.belleflamme.ca\/wp-content\/uploads\/2024\/05\/Thermostat-Serie-80-de-White-Rodgers.webp","width":1000,"height":1000,"caption":"Thermostat S\u00e9rie 80 de White Rodgers"},{"@type":"BreadcrumbList","@id":"https:\/\/staging.belleflamme.ca\/fr\/produit\/thermostat-white-rodgers-serie-80\/#breadcrumb","itemListElement":[{"@type":"ListItem","position":1,"name":"Accueil","item":"https:\/\/www.belleflamme.ca\/fr\/"},{"@type":"ListItem","position":2,"name":"Boutique","item":"https:\/\/www.belleflamme.ca\/fr\/boutique\/"},{"@type":"ListItem","position":3,"name":"Climatisation &amp; Chauffage","item":"https:\/\/staging.belleflamme.ca\/fr\/categories\/climatisation-chauffage\/"},{"@type":"ListItem","position":4,"name":"Accessoires","item":"https:\/\/staging.belleflamme.ca\/fr\/categories\/climatisation-chauffage\/accessoires\/"},{"@type":"ListItem","position":5,"name":"Thermostat White-Rodgers S\u00e9rie 80"}]},{"@type":"WebSite","@id":"https:\/\/www.belleflamme.ca\/fr\/#website","url":"https:\/\/www.belleflamme.ca\/fr\/","name":"Groupe Belleflamme","description":"La m\u00e9canique du b\u00e2timent dans le sang.","publisher":{"@id":"https:\/\/www.belleflamme.ca\/fr\/#organization"},"potentialAction":[{"@type":"SearchAction","target":{"@type":"EntryPoint","urlTemplate":"https:\/\/www.belleflamme.ca\/fr\/?s={search_term_string}"},"query-input":{"@type":"PropertyValueSpecification","valueRequired":true,"valueName":"search_term_string"}}],"inLanguage":"fr-FR"},{"@type":["Organization","Place"],"@id":"https:\/\/www.belleflamme.ca\/fr\/#organization","name":"Groupe Belleflamme","alternateName":"Belleflamme","url":"https:\/\/www.belleflamme.ca\/fr\/","logo":{"@type":"ImageObject","inLanguage":"fr-FR","@id":"https:\/\/www.belleflamme.ca\/fr\/#\/schema\/logo\/image\/","url":"https:\/\/staging.belleflamme.ca\/wp-content\/uploads\/2023\/01\/og-image.jpg","contentUrl":"https:\/\/staging.belleflamme.ca\/wp-content\/uploads\/2023\/01\/og-image.jpg","width":1200,"height":630,"caption":"Groupe Belleflamme"},"image":{"@id":"https:\/\/www.belleflamme.ca\/fr\/#\/schema\/logo\/image\/"},"sameAs":["https:\/\/www.facebook.com\/belleflamme.ca\/","https:\/\/www.linkedin.com\/company\/belleflamme\/","https:\/\/www.pinterest.ca\/groupebelleflamme\/","https:\/\/www.instagram.com\/legroupebelleflamme\/"],"mainEntityOfPage":{"@id":"https:\/\/staging.belleflamme.ca\/fr\/produit\/thermostat-white-rodgers-serie-80\/"}}]},"product_brand":"White Rodgers","product_price_amount":"0.00","product_price_currency":"CAD","og_availability":"instock","product_availability":"instock","product_retailer_item_id":"1F85U-42PR","product_condition":"new"},"_links":{"self":[{"href":"https:\/\/staging.belleflamme.ca\/fr\/wp-json\/wp\/v2\/product\/39873","targetHints":{"allow":["GET"]}}],"collection":[{"href":"https:\/\/staging.belleflamme.ca\/fr\/wp-json\/wp\/v2\/product"}],"about":[{"href":"https:\/\/staging.belleflamme.ca\/fr\/wp-json\/wp\/v2\/types\/product"}],"version-history":[{"count":5,"href":"https:\/\/staging.belleflamme.ca\/fr\/wp-json\/wp\/v2\/product\/39873\/revisions"}],"predecessor-version":[{"id":39890,"href":"https:\/\/staging.belleflamme.ca\/fr\/wp-json\/wp\/v2\/product\/39873\/revisions\/39890"}],"wp:featuredmedia":[{"embeddable":true,"href":"https:\/\/staging.belleflamme.ca\/fr\/wp-json\/wp\/v2\/media\/39867"}],"wp:attachment":[{"href":"https:\/\/staging.belleflamme.ca\/fr\/wp-json\/wp\/v2\/media?parent=39873"}],"wp:term":[{"taxonomy":"product_brand","embeddable":true,"href":"https:\/\/staging.belleflamme.ca\/fr\/wp-json\/wp\/v2\/product_brand?post=39873"},{"taxonomy":"product_cat","embeddable":true,"href":"https:\/\/staging.belleflamme.ca\/fr\/wp-json\/wp\/v2\/product_cat?post=39873"},{"taxonomy":"product_tag","embeddable":true,"href":"https:\/\/staging.belleflamme.ca\/fr\/wp-json\/wp\/v2\/product_tag?post=39873"}],"curies":[{"name":"wp","href":"https:\/\/api.w.org\/{rel}","templated":true}]}}