{"id":39814,"date":"2024-05-23T14:10:16","date_gmt":"2024-05-23T18:10:16","guid":{"rendered":"https:\/\/www.belleflamme.ca\/?post_type=product&#038;p=39814"},"modified":"2024-05-23T14:15:11","modified_gmt":"2024-05-23T18:15:11","slug":"thermostat-sensi-wi-fi-1f87u-42wf-non-programmable-de-white-rodgers","status":"publish","type":"product","link":"https:\/\/staging.belleflamme.ca\/fr\/produit\/thermostat-sensi-wi-fi-1f87u-42wf-non-programmable-de-white-rodgers\/","title":{"rendered":"Thermostat Sensi Wi-Fi 1F87U-42WF non programmable de White Rodgers"},"content":{"rendered":"\t\t<div data-elementor-type=\"product-post\" data-elementor-id=\"39814\" class=\"elementor elementor-39814\" data-elementor-post-type=\"product\">\n\t\t\t\t\t\t<section class=\"elementor-section elementor-top-section elementor-element elementor-element-31f1625c elementor-section-boxed elementor-section-height-default elementor-section-height-default\" data-id=\"31f1625c\" data-element_type=\"section\">\n\t\t\t\t\t\t<div class=\"elementor-container elementor-column-gap-default\">\n\t\t\t\t\t<div class=\"elementor-column elementor-col-100 elementor-top-column elementor-element elementor-element-22e6e634\" data-id=\"22e6e634\" data-element_type=\"column\">\n\t\t\t<div class=\"elementor-widget-wrap elementor-element-populated\">\n\t\t\t\t\t\t<div class=\"elementor-element elementor-element-6b695f9c elementor-widget elementor-widget-text-editor\" data-id=\"6b695f9c\" data-element_type=\"widget\" data-widget_type=\"text-editor.default\">\n\t\t\t\t<div class=\"elementor-widget-container\">\n\t\t\t\t\t\t\t\t\t<iframe src='\/\/players.brightcove.net\/6085069411001\/default_default\/index.html?videoId=6120973051001' allowfullscreen frameborder=0><\/iframe>\nCon\u00e7u pour les \u00e9conomies d&#8217;\u00e9nergie et la confidentialit\u00e9 des donn\u00e9es &#8211; pour vous donner le contr\u00f4le total de votre CVC domestique. Avec plus de 100 ans d\u2019exp\u00e9rience en CVC, vous pouvez avoir confiance dans le produit que vous installez sur votre mur.\n<div class=\"col-xs-12 col-sm-4 col-md-3\">\n<h3>Caract\u00e9ristiques<\/h3>\n<\/div>\n<div id=\"featuresButton-843547\" class=\"col-xs-12 col-sm-8 col-md-9\"><\/div>\n<div class=\"col-xs-12\">\n<ul>\n \t<li><b>\u00c9CONOMISEZ ENVIRON 23 % SUR L&#8217;\u00c9NERGIE CVC\u00a0<sup>1<\/sup>\u00a0:<\/b>\u00a0Le thermostat intelligent Sensi certifi\u00e9 ENERGY STAR peut aider vos clients \u00e0 \u00e9conomiser de l&#8217;\u00e9nergie gr\u00e2ce \u00e0 des fonctionnalit\u00e9s telles que la planification flexible, l&#8217;acc\u00e8s \u00e0 distance et les rapports d&#8217;utilisation.<\/li>\n \t<li><b>INSTALLATION FACILE\u00a0:<\/b>\u00a0utilisez le niveau int\u00e9gr\u00e9 et les instructions \u00e9tape par \u00e9tape de l&#8217;application pour une installation rapide. Fonctionne avec les \u00e9quipements CVC que l&#8217;on trouve dans la plupart des maisons. Le fil commun (fil C) n&#8217;est pas requis dans la plupart des applications.<\/li>\n \t<li><b>MARQUE DE L&#8217;ENTREPRENEUR\u00a0:<\/b>\u00a0Imprimez les informations de votre entreprise sur le thermostat et ajoutez-les \u00e0 l&#8217;application de votre client, pour vous assurer de rester en t\u00eate.<\/li>\n \t<li><b>MAINTENANCE INTELLIGENTE\u00a0:<\/b>\u00a0Sensi peut aider vos clients \u00e0 surveiller les performances et l&#8217;efficacit\u00e9 de leur syst\u00e8me CVC en fournissant de pr\u00e9cieux rapports d&#8217;utilisation, des alertes sur leur \u00e9quipement et des rappels de maintenance comme le remplacement du filtre.<\/li>\n \t<li><b>SOUTENU PAR UNE EXPERTISE CVC :<\/b>\u00a0Plus de 100 ans d&#8217;exp\u00e9rience dans les syst\u00e8mes CVC ont \u00e9t\u00e9 consacr\u00e9s au d\u00e9veloppement de Sensi.<\/li>\n \t<li><b>COMPATIBLE AVEC LA MAISON INTELLIGENTE\u00a0:<\/b>\u00a0Sensi s&#8217;int\u00e8gre facilement aux plates-formes de maison intelligente populaires, notamment Amazon Alexa, Apple HomeKit, Google Assistant et Samsung SmartThings.<\/li>\n \t<li><b>CONTR\u00d4LE DE L&#8217;HUMIDIT\u00c9\u00a0:<\/b>\u00a0Aidez les propri\u00e9taires \u00e0 rester \u00e0 l&#8217;aise gr\u00e2ce au contr\u00f4le de l&#8217;humidification\/d\u00e9shumidification.<\/li>\n \t<li><\/li>\n<\/ul>\n<div class=\"row\">\n<div class=\"col-xs-12 col-sm-4 col-md-3\">\n<h3>Caract\u00e9ristiques<\/h3>\n<\/div>\n<div id=\"specButton-843547\" class=\"col-xs-12 col-sm-8 col-md-9\"><\/div>\n<\/div>\n<dl class=\"row generic-attr\">\n \t<dt class=\"col-xs-12 col-sm-4 col-md-3\">dimensions du produit<\/dt>\n \t<dd class=\"col-xs-12 col-sm-8 col-md-9\">5,88 po LX 3,75 po HX 1 po D<\/dd>\n<\/dl>\n<dl class=\"row generic-attr\">\n \t<dt class=\"col-xs-12 col-sm-4 col-md-3\">Connect\u00e9 au Wi-Fi<\/dt>\n \t<dd class=\"col-xs-12 col-sm-8 col-md-9\">Oui<\/dd>\n<\/dl>\n<dl class=\"row generic-attr\">\n \t<dt class=\"col-xs-12 col-sm-4 col-md-3\">Type de syst\u00e8me<\/dt>\n \t<dd class=\"col-xs-12 col-sm-8 col-md-9\">Universel &#8211; mono-\u00e9tage, multi-\u00e9tage ou pompe \u00e0 chaleur<\/dd>\n<\/dl>\n<dl class=\"row generic-attr\">\n \t<dt class=\"col-xs-12 col-sm-4 col-md-3\">\u00c9tapes<\/dt>\n \t<dd class=\"col-xs-12 col-sm-8 col-md-9\">Simple 1H\/1C, multi-\u00e9tages 2H\/2C, pompe \u00e0 chaleur 4H\/2C<\/dd>\n<\/dl>\n<dl class=\"row generic-attr\">\n \t<dt class=\"col-xs-12 col-sm-4 col-md-3\">Style de programme<\/dt>\n \t<dd class=\"col-xs-12 col-sm-8 col-md-9\">Programmable sur 7 jours, g\u00e9orep\u00e9rage ou non programmable<\/dd>\n<\/dl>\n<dl class=\"row generic-attr\">\n \t<dt class=\"col-xs-12 col-sm-4 col-md-3\">P\u00e9riodes de programme maximales par jour<\/dt>\n \t<dd class=\"col-xs-12 col-sm-8 col-md-9\">8<\/dd>\n<\/dl>\n<dl class=\"row generic-attr\">\n \t<dt class=\"col-xs-12 col-sm-4 col-md-3\">Tension<\/dt>\n \t<dd class=\"col-xs-12 col-sm-8 col-md-9\">24 VCA<\/dd>\n<\/dl>\n<dl class=\"row generic-attr\">\n \t<dt class=\"col-xs-12 col-sm-4 col-md-3\">Source d&#8217;\u00e9nergie<\/dt>\n \t<dd class=\"col-xs-12 col-sm-8 col-md-9\">C\u00e2blage, batterie, partage d&#8217;alimentation<\/dd>\n<\/dl>\n<dl class=\"row generic-attr\">\n \t<dt class=\"col-xs-12 col-sm-4 col-md-3\">Caract\u00e9ristiques de performances<\/dt>\n \t<dd class=\"col-xs-12 col-sm-8 col-md-9\">Contr\u00f4le de l&#8217;humidit\u00e9, protection CA, alertes intelligentes, ventilateur de circulation, option logique \u00e0 double combustible, changement automatique (chauffage\/refroidissement)<\/dd>\n<\/dl>\n<dl class=\"row generic-attr\">\n \t<dt class=\"col-xs-12 col-sm-4 col-md-3\">Fonctions de s\u00e9curit\u00e9<\/dt>\n \t<dd class=\"col-xs-12 col-sm-8 col-md-9\">Verrouillage total du clavier, limites de temp\u00e9rature de consigne<\/dd>\n<\/dl>\n<dl class=\"row generic-attr\">\n \t<dt class=\"col-xs-12 col-sm-4 col-md-3\">Rappels de service<\/dt>\n \t<dd class=\"col-xs-12 col-sm-8 col-md-9\">Entretien CVC, filtre \u00e0 air, ampoule UV, tampon humidificateur, autre<\/dd>\n<\/dl>\n<dl class=\"row generic-attr\">\n \t<dt class=\"col-xs-12 col-sm-4 col-md-3\">Taille d&#8217;affichage<\/dt>\n \t<dd class=\"col-xs-12 col-sm-8 col-md-9\">5 pouces carr\u00e9s.<\/dd>\n<\/dl>\n<dl class=\"row generic-attr\">\n \t<dt class=\"col-xs-12 col-sm-4 col-md-3\">garantie<\/dt>\n \t<dd class=\"col-xs-12 col-sm-8 col-md-9\">5 ann\u00e9es<\/dd>\n<\/dl>\n<dl class=\"row generic-attr\">\n \t<dt class=\"col-xs-12 col-sm-4 col-md-3\">Charge nominale des bornes<\/dt>\n \t<dd class=\"col-xs-12 col-sm-8 col-md-9\">1,5A par borne, 2,5A maximum toutes bornes confondues<\/dd>\n<\/dl>\n<dl class=\"row generic-attr\">\n \t<dt class=\"col-xs-12 col-sm-4 col-md-3\">Diff\u00e9rentiel de chaleur (conventionnel ou auxiliaire\/gaz\/huile\/\u00e9lectricit\u00e9)<\/dt>\n \t<dd class=\"col-xs-12 col-sm-8 col-md-9\">Rapide 0,5\u00b0F, Med. 0,75\u00b0F, lent 1,9\u00b0F<\/dd>\n<\/dl>\n<dl class=\"row generic-attr\">\n \t<dt class=\"col-xs-12 col-sm-4 col-md-3\">Diff\u00e9rentiel de refroidissement (air central ou thermopompe)<\/dt>\n \t<dd class=\"col-xs-12 col-sm-8 col-md-9\">Rapide 0,9\u00b0F, Med. 1,2\u00b0F, lent 1,7\u00b0F<\/dd>\n<\/dl>\n<\/div>\t\t\t\t\t\t\t\t<\/div>\n\t\t\t\t<\/div>\n\t\t\t\t\t<\/div>\n\t\t<\/div>\n\t\t\t\t\t<\/div>\n\t\t<\/section>\n\t\t\t\t<section class=\"elementor-section elementor-top-section elementor-element elementor-element-ab56b41 elementor-section-boxed elementor-section-height-default elementor-section-height-default\" data-id=\"ab56b41\" data-element_type=\"section\">\n\t\t\t\t\t\t<div class=\"elementor-container elementor-column-gap-default\">\n\t\t\t\t\t<div class=\"elementor-column elementor-col-100 elementor-top-column elementor-element elementor-element-278fdc0\" data-id=\"278fdc0\" data-element_type=\"column\">\n\t\t\t<div class=\"elementor-widget-wrap elementor-element-populated\">\n\t\t\t\t\t\t<div class=\"elementor-element elementor-element-f067bf9 elementor-tabs-view-horizontal elementor-widget elementor-widget-tabs\" data-id=\"f067bf9\" data-element_type=\"widget\" data-widget_type=\"tabs.default\">\n\t\t\t\t<div class=\"elementor-widget-container\">\n\t\t\t\t\t\t\t<div class=\"elementor-tabs\">\n\t\t\t<div class=\"elementor-tabs-wrapper\" role=\"tablist\" >\n\t\t\t\t\t\t\t\t\t<div id=\"elementor-tab-title-2521\" class=\"elementor-tab-title elementor-tab-desktop-title\" aria-selected=\"true\" data-tab=\"1\" role=\"tab\" tabindex=\"0\" aria-controls=\"elementor-tab-content-2521\" aria-expanded=\"false\">Fichiers<\/div>\n\t\t\t\t\t\t\t<\/div>\n\t\t\t<div class=\"elementor-tabs-content-wrapper\" role=\"tablist\" aria-orientation=\"vertical\">\n\t\t\t\t\t\t\t\t\t<div class=\"elementor-tab-title elementor-tab-mobile-title\" aria-selected=\"true\" data-tab=\"1\" role=\"tab\" tabindex=\"0\" aria-controls=\"elementor-tab-content-2521\" aria-expanded=\"false\">Fichiers<\/div>\n\t\t\t\t\t<div id=\"elementor-tab-content-2521\" class=\"elementor-tab-content elementor-clearfix\" data-tab=\"1\" role=\"tabpanel\" aria-labelledby=\"elementor-tab-title-2521\" tabindex=\"0\" hidden=\"false\"><i class=\"far fa-file-pdf fa-xl\" style=\"font-size:35px\"><\/i><a href=\"https:\/\/www.belleflamme.ca\/wp-content\/uploads\/2024\/05\/sensi-smart-thermostat-manual-operation-guide-en-us-4980106.pdf\"> Manuel<\/a><\/br>\n<i class=\"far fa-file-pdf fa-xl\" style=\"font-size:35px\"><\/i><a href=\"https:\/\/www.belleflamme.ca\/wp-content\/uploads\/2024\/05\/sensi-smart-thermostat-catalog-en-7230190.pdf\"> Catalogue<\/a><\/br>\n<i class=\"far fa-file-pdf fa-xl\" style=\"font-size:35px\"><\/i><a href=\"https:\/\/www.belleflamme.ca\/wp-content\/uploads\/2024\/05\/sensi-smart-thermostat-spec-sheet-en-5364216.pdf\"> Sp\u00e9cifications<\/a><\/br>\n<i class=\"far fa-file-pdf fa-xl\" style=\"font-size:35px\"><\/i><a href=\"https:\/\/www.belleflamme.ca\/wp-content\/uploads\/2024\/05\/sensi-app-navigation-scheduling-guide-en-us-4980108.pdf\"> Application<\/a><\/br>\n<i class=\"far fa-file-pdf fa-xl\" style=\"font-size:35px\"><\/i><a href=\"https:\/\/www.belleflamme.ca\/wp-content\/uploads\/2024\/05\/sensi-smart-thermostat-installation-guide-en-4980104.pdf\"> Installation<\/a><\/br>\n<i class=\"far fa-file-pdf fa-xl\" style=\"font-size:35px\"><\/i><a href=\"https:\/\/www.belleflamme.ca\/wp-content\/uploads\/2024\/05\/thermostat-cross-reference-en-5429960.pdf\"> R\u00e9f\u00e9rence crois\u00e9e<\/a><\/br><\/div>\n\t\t\t\t\t\t\t<\/div>\n\t\t<\/div>\n\t\t\t\t\t\t<\/div>\n\t\t\t\t<\/div>\n\t\t\t\t\t<\/div>\n\t\t<\/div>\n\t\t\t\t\t<\/div>\n\t\t<\/section>\n\t\t\t\t<\/div>\n\t\t","protected":false},"excerpt":{"rendered":"<p>Con\u00e7u pour les \u00e9conomies d&#8217;\u00e9nergie et la confidentialit\u00e9 des donn\u00e9es &#8211; pour vous donner le contr\u00f4le total de votre CVC domestique. Avec plus de 100 ans d\u2019exp\u00e9rience en CVC, vous pouvez avoir confiance dans le produit que vous installez sur votre mur. Caract\u00e9ristiques \u00c9CONOMISEZ ENVIRON 23 % SUR L&#8217;\u00c9NERGIE CVC\u00a01\u00a0:\u00a0Le thermostat intelligent Sensi certifi\u00e9 ENERGY [&hellip;]<\/p>\n","protected":false},"featured_media":39815,"template":"","meta":{"inline_featured_image":false},"product_brand":[1635],"product_cat":[130,70],"product_tag":[],"class_list":{"0":"post-39814","1":"product","2":"type-product","3":"status-publish","4":"has-post-thumbnail","6":"product_brand-white-rodgers","7":"product_cat-accessoires","8":"product_cat-climatisation-chauffage","10":"first","11":"instock","12":"taxable","13":"shipping-taxable","14":"product-type-simple"},"yoast_head":"<!-- This site is optimized with the Yoast SEO Premium plugin v24.2 (Yoast SEO v24.2) - https:\/\/yoast.com\/wordpress\/plugins\/seo\/ -->\n<title>Thermostat Sensi Wi-Fi 1F87U-42WF non programmable de White Rodgers - Groupe BelleFlamme<\/title>\n<meta name=\"description\" content=\"Thermostat Sensi Wi-Fi 1F87U-42WF non programmable de White Rodgers vendu par le Groupe Belleflamme. Laval, Montr\u00e9al, Gatineau et Saint-Sauveur.\" \/>\n<meta name=\"robots\" content=\"index, follow, max-snippet:-1, max-image-preview:large, max-video-preview:-1\" \/>\n<link rel=\"canonical\" href=\"https:\/\/staging.belleflamme.ca\/fr\/produit\/thermostat-sensi-wi-fi-1f87u-42wf-non-programmable-de-white-rodgers\/\" \/>\n<meta property=\"og:locale\" content=\"fr_FR\" \/>\n<meta property=\"og:type\" content=\"article\" \/>\n<meta property=\"og:title\" content=\"Thermostat Sensi Wi-Fi 1F87U-42WF non programmable de White Rodgers\" \/>\n<meta property=\"og:description\" content=\"Thermostat Sensi Wi-Fi 1F87U-42WF non programmable de White Rodgers vendu par le Groupe Belleflamme. Laval, Montr\u00e9al, Gatineau et Saint-Sauveur.\" \/>\n<meta property=\"og:url\" content=\"https:\/\/staging.belleflamme.ca\/fr\/produit\/thermostat-sensi-wi-fi-1f87u-42wf-non-programmable-de-white-rodgers\/\" \/>\n<meta property=\"og:site_name\" content=\"Groupe BelleFlamme\" \/>\n<meta property=\"article:publisher\" content=\"https:\/\/www.facebook.com\/belleflamme.ca\/\" \/>\n<meta property=\"article:modified_time\" content=\"2024-05-23T18:15:11+00:00\" \/>\n<meta property=\"og:image\" content=\"https:\/\/www.belleflamme.ca\/wp-content\/uploads\/2024\/05\/Thermostat-Sensi-Wi-Fi-1F87U-42WF-non-programmable-de-White-Rodgers.webp\" \/>\n\t<meta property=\"og:image:width\" content=\"1000\" \/>\n\t<meta property=\"og:image:height\" content=\"1000\" \/>\n\t<meta property=\"og:image:type\" content=\"image\/webp\" \/>\n<meta name=\"twitter:card\" content=\"summary_large_image\" \/>\n<meta name=\"twitter:label1\" content=\"Prix\" \/>\n\t<meta name=\"twitter:data1\" content=\"\" \/>\n\t<meta name=\"twitter:label2\" content=\"Disponibilit\u00e9\" \/>\n\t<meta name=\"twitter:data2\" content=\"En stock\" \/>\n<script type=\"application\/ld+json\" class=\"yoast-schema-graph\">{\"@context\":\"https:\/\/schema.org\",\"@graph\":[{\"@type\":[\"WebPage\",\"ItemPage\"],\"@id\":\"https:\/\/staging.belleflamme.ca\/fr\/produit\/thermostat-sensi-wi-fi-1f87u-42wf-non-programmable-de-white-rodgers\/\",\"url\":\"https:\/\/staging.belleflamme.ca\/fr\/produit\/thermostat-sensi-wi-fi-1f87u-42wf-non-programmable-de-white-rodgers\/\",\"name\":\"Thermostat Sensi Wi-Fi 1F87U-42WF non programmable de White Rodgers - Groupe BelleFlamme\",\"isPartOf\":{\"@id\":\"https:\/\/www.belleflamme.ca\/fr\/#website\"},\"primaryImageOfPage\":{\"@id\":\"https:\/\/staging.belleflamme.ca\/fr\/produit\/thermostat-sensi-wi-fi-1f87u-42wf-non-programmable-de-white-rodgers\/#primaryimage\"},\"image\":{\"@id\":\"https:\/\/staging.belleflamme.ca\/fr\/produit\/thermostat-sensi-wi-fi-1f87u-42wf-non-programmable-de-white-rodgers\/#primaryimage\"},\"thumbnailUrl\":\"https:\/\/staging.belleflamme.ca\/wp-content\/uploads\/2024\/05\/Thermostat-Sensi-Wi-Fi-1F87U-42WF-non-programmable-de-White-Rodgers.webp\",\"datePublished\":\"2024-05-23T18:10:16+00:00\",\"dateModified\":\"2024-05-23T18:15:11+00:00\",\"description\":\"Thermostat Sensi Wi-Fi 1F87U-42WF non programmable de White Rodgers vendu par le Groupe Belleflamme. Laval, Montr\u00e9al, Gatineau et Saint-Sauveur.\",\"breadcrumb\":{\"@id\":\"https:\/\/staging.belleflamme.ca\/fr\/produit\/thermostat-sensi-wi-fi-1f87u-42wf-non-programmable-de-white-rodgers\/#breadcrumb\"},\"inLanguage\":\"fr-FR\",\"potentialAction\":[{\"@type\":\"ReadAction\",\"target\":[\"https:\/\/staging.belleflamme.ca\/fr\/produit\/thermostat-sensi-wi-fi-1f87u-42wf-non-programmable-de-white-rodgers\/\"]}]},{\"@type\":\"ImageObject\",\"inLanguage\":\"fr-FR\",\"@id\":\"https:\/\/staging.belleflamme.ca\/fr\/produit\/thermostat-sensi-wi-fi-1f87u-42wf-non-programmable-de-white-rodgers\/#primaryimage\",\"url\":\"https:\/\/staging.belleflamme.ca\/wp-content\/uploads\/2024\/05\/Thermostat-Sensi-Wi-Fi-1F87U-42WF-non-programmable-de-White-Rodgers.webp\",\"contentUrl\":\"https:\/\/staging.belleflamme.ca\/wp-content\/uploads\/2024\/05\/Thermostat-Sensi-Wi-Fi-1F87U-42WF-non-programmable-de-White-Rodgers.webp\",\"width\":1000,\"height\":1000,\"caption\":\"Thermostat Sensi Wi-Fi 1F87U-42WF non programmable de White Rodgers\"},{\"@type\":\"BreadcrumbList\",\"@id\":\"https:\/\/staging.belleflamme.ca\/fr\/produit\/thermostat-sensi-wi-fi-1f87u-42wf-non-programmable-de-white-rodgers\/#breadcrumb\",\"itemListElement\":[{\"@type\":\"ListItem\",\"position\":1,\"name\":\"Accueil\",\"item\":\"https:\/\/www.belleflamme.ca\/fr\/\"},{\"@type\":\"ListItem\",\"position\":2,\"name\":\"Boutique\",\"item\":\"https:\/\/www.belleflamme.ca\/fr\/boutique\/\"},{\"@type\":\"ListItem\",\"position\":3,\"name\":\"Climatisation &amp; Chauffage\",\"item\":\"https:\/\/staging.belleflamme.ca\/fr\/categories\/climatisation-chauffage\/\"},{\"@type\":\"ListItem\",\"position\":4,\"name\":\"Accessoires\",\"item\":\"https:\/\/staging.belleflamme.ca\/fr\/categories\/climatisation-chauffage\/accessoires\/\"},{\"@type\":\"ListItem\",\"position\":5,\"name\":\"Thermostat Sensi Wi-Fi 1F87U-42WF non programmable de White Rodgers\"}]},{\"@type\":\"WebSite\",\"@id\":\"https:\/\/www.belleflamme.ca\/fr\/#website\",\"url\":\"https:\/\/www.belleflamme.ca\/fr\/\",\"name\":\"Groupe Belleflamme\",\"description\":\"La m\u00e9canique du b\u00e2timent dans le sang.\",\"publisher\":{\"@id\":\"https:\/\/www.belleflamme.ca\/fr\/#organization\"},\"potentialAction\":[{\"@type\":\"SearchAction\",\"target\":{\"@type\":\"EntryPoint\",\"urlTemplate\":\"https:\/\/www.belleflamme.ca\/fr\/?s={search_term_string}\"},\"query-input\":{\"@type\":\"PropertyValueSpecification\",\"valueRequired\":true,\"valueName\":\"search_term_string\"}}],\"inLanguage\":\"fr-FR\"},{\"@type\":[\"Organization\",\"Place\"],\"@id\":\"https:\/\/www.belleflamme.ca\/fr\/#organization\",\"name\":\"Groupe Belleflamme\",\"alternateName\":\"Belleflamme\",\"url\":\"https:\/\/www.belleflamme.ca\/fr\/\",\"logo\":{\"@type\":\"ImageObject\",\"inLanguage\":\"fr-FR\",\"@id\":\"https:\/\/www.belleflamme.ca\/fr\/#\/schema\/logo\/image\/\",\"url\":\"https:\/\/staging.belleflamme.ca\/wp-content\/uploads\/2023\/01\/og-image.jpg\",\"contentUrl\":\"https:\/\/staging.belleflamme.ca\/wp-content\/uploads\/2023\/01\/og-image.jpg\",\"width\":1200,\"height\":630,\"caption\":\"Groupe Belleflamme\"},\"image\":{\"@id\":\"https:\/\/www.belleflamme.ca\/fr\/#\/schema\/logo\/image\/\"},\"sameAs\":[\"https:\/\/www.facebook.com\/belleflamme.ca\/\",\"https:\/\/www.linkedin.com\/company\/belleflamme\/\",\"https:\/\/www.pinterest.ca\/groupebelleflamme\/\",\"https:\/\/www.instagram.com\/legroupebelleflamme\/\"],\"mainEntityOfPage\":{\"@id\":\"https:\/\/staging.belleflamme.ca\/fr\/produit\/thermostat-sensi-wi-fi-1f87u-42wf-non-programmable-de-white-rodgers\/\"}}]}<\/script>\n<meta property=\"product:brand\" content=\"White Rodgers\" \/>\n<meta property=\"product:price:amount\" content=\"0.00\" \/>\n<meta property=\"product:price:currency\" content=\"CAD\" \/>\n<meta property=\"og:availability\" content=\"instock\" \/>\n<meta property=\"product:availability\" content=\"instock\" \/>\n<meta property=\"product:retailer_item_id\" content=\"1F87U-42WF\" \/>\n<meta property=\"product:condition\" content=\"new\" \/>\n<!-- \/ Yoast SEO Premium plugin. -->","yoast_head_json":{"title":"Thermostat Sensi Wi-Fi 1F87U-42WF non programmable de White Rodgers - Groupe BelleFlamme","description":"Thermostat Sensi Wi-Fi 1F87U-42WF non programmable de White Rodgers vendu par le Groupe Belleflamme. Laval, Montr\u00e9al, Gatineau et Saint-Sauveur.","robots":{"index":"index","follow":"follow","max-snippet":"max-snippet:-1","max-image-preview":"max-image-preview:large","max-video-preview":"max-video-preview:-1"},"canonical":"https:\/\/staging.belleflamme.ca\/fr\/produit\/thermostat-sensi-wi-fi-1f87u-42wf-non-programmable-de-white-rodgers\/","og_locale":"fr_FR","og_type":"article","og_title":"Thermostat Sensi Wi-Fi 1F87U-42WF non programmable de White Rodgers","og_description":"Thermostat Sensi Wi-Fi 1F87U-42WF non programmable de White Rodgers vendu par le Groupe Belleflamme. Laval, Montr\u00e9al, Gatineau et Saint-Sauveur.","og_url":"https:\/\/staging.belleflamme.ca\/fr\/produit\/thermostat-sensi-wi-fi-1f87u-42wf-non-programmable-de-white-rodgers\/","og_site_name":"Groupe BelleFlamme","article_publisher":"https:\/\/www.facebook.com\/belleflamme.ca\/","article_modified_time":"2024-05-23T18:15:11+00:00","og_image":[{"width":1000,"height":1000,"url":"https:\/\/www.belleflamme.ca\/wp-content\/uploads\/2024\/05\/Thermostat-Sensi-Wi-Fi-1F87U-42WF-non-programmable-de-White-Rodgers.webp","type":"image\/webp"}],"twitter_card":"summary_large_image","twitter_misc":{"Prix":"","Disponibilit\u00e9":"En stock"},"schema":{"@context":"https:\/\/schema.org","@graph":[{"@type":["WebPage","ItemPage"],"@id":"https:\/\/staging.belleflamme.ca\/fr\/produit\/thermostat-sensi-wi-fi-1f87u-42wf-non-programmable-de-white-rodgers\/","url":"https:\/\/staging.belleflamme.ca\/fr\/produit\/thermostat-sensi-wi-fi-1f87u-42wf-non-programmable-de-white-rodgers\/","name":"Thermostat Sensi Wi-Fi 1F87U-42WF non programmable de White Rodgers - Groupe BelleFlamme","isPartOf":{"@id":"https:\/\/www.belleflamme.ca\/fr\/#website"},"primaryImageOfPage":{"@id":"https:\/\/staging.belleflamme.ca\/fr\/produit\/thermostat-sensi-wi-fi-1f87u-42wf-non-programmable-de-white-rodgers\/#primaryimage"},"image":{"@id":"https:\/\/staging.belleflamme.ca\/fr\/produit\/thermostat-sensi-wi-fi-1f87u-42wf-non-programmable-de-white-rodgers\/#primaryimage"},"thumbnailUrl":"https:\/\/staging.belleflamme.ca\/wp-content\/uploads\/2024\/05\/Thermostat-Sensi-Wi-Fi-1F87U-42WF-non-programmable-de-White-Rodgers.webp","datePublished":"2024-05-23T18:10:16+00:00","dateModified":"2024-05-23T18:15:11+00:00","description":"Thermostat Sensi Wi-Fi 1F87U-42WF non programmable de White Rodgers vendu par le Groupe Belleflamme. Laval, Montr\u00e9al, Gatineau et Saint-Sauveur.","breadcrumb":{"@id":"https:\/\/staging.belleflamme.ca\/fr\/produit\/thermostat-sensi-wi-fi-1f87u-42wf-non-programmable-de-white-rodgers\/#breadcrumb"},"inLanguage":"fr-FR","potentialAction":[{"@type":"ReadAction","target":["https:\/\/staging.belleflamme.ca\/fr\/produit\/thermostat-sensi-wi-fi-1f87u-42wf-non-programmable-de-white-rodgers\/"]}]},{"@type":"ImageObject","inLanguage":"fr-FR","@id":"https:\/\/staging.belleflamme.ca\/fr\/produit\/thermostat-sensi-wi-fi-1f87u-42wf-non-programmable-de-white-rodgers\/#primaryimage","url":"https:\/\/staging.belleflamme.ca\/wp-content\/uploads\/2024\/05\/Thermostat-Sensi-Wi-Fi-1F87U-42WF-non-programmable-de-White-Rodgers.webp","contentUrl":"https:\/\/staging.belleflamme.ca\/wp-content\/uploads\/2024\/05\/Thermostat-Sensi-Wi-Fi-1F87U-42WF-non-programmable-de-White-Rodgers.webp","width":1000,"height":1000,"caption":"Thermostat Sensi Wi-Fi 1F87U-42WF non programmable de White Rodgers"},{"@type":"BreadcrumbList","@id":"https:\/\/staging.belleflamme.ca\/fr\/produit\/thermostat-sensi-wi-fi-1f87u-42wf-non-programmable-de-white-rodgers\/#breadcrumb","itemListElement":[{"@type":"ListItem","position":1,"name":"Accueil","item":"https:\/\/www.belleflamme.ca\/fr\/"},{"@type":"ListItem","position":2,"name":"Boutique","item":"https:\/\/www.belleflamme.ca\/fr\/boutique\/"},{"@type":"ListItem","position":3,"name":"Climatisation &amp; Chauffage","item":"https:\/\/staging.belleflamme.ca\/fr\/categories\/climatisation-chauffage\/"},{"@type":"ListItem","position":4,"name":"Accessoires","item":"https:\/\/staging.belleflamme.ca\/fr\/categories\/climatisation-chauffage\/accessoires\/"},{"@type":"ListItem","position":5,"name":"Thermostat Sensi Wi-Fi 1F87U-42WF non programmable de White Rodgers"}]},{"@type":"WebSite","@id":"https:\/\/www.belleflamme.ca\/fr\/#website","url":"https:\/\/www.belleflamme.ca\/fr\/","name":"Groupe Belleflamme","description":"La m\u00e9canique du b\u00e2timent dans le sang.","publisher":{"@id":"https:\/\/www.belleflamme.ca\/fr\/#organization"},"potentialAction":[{"@type":"SearchAction","target":{"@type":"EntryPoint","urlTemplate":"https:\/\/www.belleflamme.ca\/fr\/?s={search_term_string}"},"query-input":{"@type":"PropertyValueSpecification","valueRequired":true,"valueName":"search_term_string"}}],"inLanguage":"fr-FR"},{"@type":["Organization","Place"],"@id":"https:\/\/www.belleflamme.ca\/fr\/#organization","name":"Groupe Belleflamme","alternateName":"Belleflamme","url":"https:\/\/www.belleflamme.ca\/fr\/","logo":{"@type":"ImageObject","inLanguage":"fr-FR","@id":"https:\/\/www.belleflamme.ca\/fr\/#\/schema\/logo\/image\/","url":"https:\/\/staging.belleflamme.ca\/wp-content\/uploads\/2023\/01\/og-image.jpg","contentUrl":"https:\/\/staging.belleflamme.ca\/wp-content\/uploads\/2023\/01\/og-image.jpg","width":1200,"height":630,"caption":"Groupe Belleflamme"},"image":{"@id":"https:\/\/www.belleflamme.ca\/fr\/#\/schema\/logo\/image\/"},"sameAs":["https:\/\/www.facebook.com\/belleflamme.ca\/","https:\/\/www.linkedin.com\/company\/belleflamme\/","https:\/\/www.pinterest.ca\/groupebelleflamme\/","https:\/\/www.instagram.com\/legroupebelleflamme\/"],"mainEntityOfPage":{"@id":"https:\/\/staging.belleflamme.ca\/fr\/produit\/thermostat-sensi-wi-fi-1f87u-42wf-non-programmable-de-white-rodgers\/"}}]},"product_brand":"White Rodgers","product_price_amount":"0.00","product_price_currency":"CAD","og_availability":"instock","product_availability":"instock","product_retailer_item_id":"1F87U-42WF","product_condition":"new"},"_links":{"self":[{"href":"https:\/\/staging.belleflamme.ca\/fr\/wp-json\/wp\/v2\/product\/39814","targetHints":{"allow":["GET"]}}],"collection":[{"href":"https:\/\/staging.belleflamme.ca\/fr\/wp-json\/wp\/v2\/product"}],"about":[{"href":"https:\/\/staging.belleflamme.ca\/fr\/wp-json\/wp\/v2\/types\/product"}],"version-history":[{"count":7,"href":"https:\/\/staging.belleflamme.ca\/fr\/wp-json\/wp\/v2\/product\/39814\/revisions"}],"predecessor-version":[{"id":39836,"href":"https:\/\/staging.belleflamme.ca\/fr\/wp-json\/wp\/v2\/product\/39814\/revisions\/39836"}],"wp:featuredmedia":[{"embeddable":true,"href":"https:\/\/staging.belleflamme.ca\/fr\/wp-json\/wp\/v2\/media\/39815"}],"wp:attachment":[{"href":"https:\/\/staging.belleflamme.ca\/fr\/wp-json\/wp\/v2\/media?parent=39814"}],"wp:term":[{"taxonomy":"product_brand","embeddable":true,"href":"https:\/\/staging.belleflamme.ca\/fr\/wp-json\/wp\/v2\/product_brand?post=39814"},{"taxonomy":"product_cat","embeddable":true,"href":"https:\/\/staging.belleflamme.ca\/fr\/wp-json\/wp\/v2\/product_cat?post=39814"},{"taxonomy":"product_tag","embeddable":true,"href":"https:\/\/staging.belleflamme.ca\/fr\/wp-json\/wp\/v2\/product_tag?post=39814"}],"curies":[{"name":"wp","href":"https:\/\/api.w.org\/{rel}","templated":true}]}}