{"id":39782,"date":"2024-05-22T13:01:24","date_gmt":"2024-05-22T17:01:24","guid":{"rendered":"https:\/\/www.belleflamme.ca\/?post_type=product&#038;p=39782"},"modified":"2024-05-22T13:03:02","modified_gmt":"2024-05-22T17:03:02","slug":"deshumidificateur-de-qualite-professionnelle-aprilaire-e130-130-pintes","status":"publish","type":"product","link":"https:\/\/staging.belleflamme.ca\/fr\/produit\/deshumidificateur-de-qualite-professionnelle-aprilaire-e130-130-pintes\/","title":{"rendered":"D\u00e9shumidificateur de qualit\u00e9 professionnelle AprilAire E130, 130 pintes"},"content":{"rendered":"\t\t<div data-elementor-type=\"product-post\" data-elementor-id=\"39782\" class=\"elementor elementor-39782\" data-elementor-post-type=\"product\">\n\t\t\t\t\t\t<section class=\"elementor-section elementor-top-section elementor-element elementor-element-578ebfd0 elementor-section-boxed elementor-section-height-default elementor-section-height-default\" data-id=\"578ebfd0\" data-element_type=\"section\">\n\t\t\t\t\t\t<div class=\"elementor-container elementor-column-gap-default\">\n\t\t\t\t\t<div class=\"elementor-column elementor-col-100 elementor-top-column elementor-element elementor-element-500bb10c\" data-id=\"500bb10c\" data-element_type=\"column\">\n\t\t\t<div class=\"elementor-widget-wrap elementor-element-populated\">\n\t\t\t\t\t\t<div class=\"elementor-element elementor-element-1dccd953 elementor-widget elementor-widget-text-editor\" data-id=\"1dccd953\" data-element_type=\"widget\" data-widget_type=\"text-editor.default\">\n\t\t\t\t<div class=\"elementor-widget-container\">\n\t\t\t\t\t\t\t\t\t<iframe title=\"YouTube video player\" src=\"https:\/\/www.youtube.com\/embed\/n6N9bbAxGGA?si=PhI4O0GQCdXcsQO0\" width=\"560\" height=\"315\" frameborder=\"0\" allowfullscreen=\"allowfullscreen\"><\/iframe>\r\n<h2><span>CARACT\u00c9RISTIQUES DU MOD\u00c8LE E130\u00a0:<\/span><\/h2>\r\n<ul>\r\n \t<li><span>Reconnu comme\u00a0<\/span><strong><span>ENERGY STAR\u00ae le plus efficace pour 2024<\/span><\/strong><\/li>\r\n \t<li><strong><span>\u00c9LIMINE JUSQU&#8217;\u00c0 130 PINTES<\/span><\/strong><span>\u00a0\u00a0(16 gallons) d&#8217;humidit\u00e9 par jour<\/span><\/li>\r\n \t<li><strong><span>R\u00c9DUIRE LA PROLIF\u00c9RATION DES VIRUS A\u00c9RIENS<\/span><\/strong><\/li>\r\n \t<li><strong><span>CONSTRUIT POUR DURER<\/span><\/strong><span>\u00a0\u00a0avec des serpentins en aluminium r\u00e9sistant \u00e0 la corrosion aux \u00c9tats-Unis par AprilAire, le leader des solutions de qualit\u00e9 de l&#8217;air int\u00e9rieur<\/span><\/li>\r\n \t<li><strong><span>AIDE \u00c0 PR\u00c9VENIR LA MOISISSURE, LES TERMITES, LA POURRITURE STRUCTURELLE DU BOIS ET LES ODEURS<\/span><\/strong><\/li>\r\n \t<li><strong><span>Pas de bac \u00e0 eau salissant \u00e0 vider<\/span><\/strong><span>\u00a0\u00a0et simple \u00e0 installer : il suffit de placer le tuyau ou le d\u00e9shumidificateur sur un drain, de le mettre \u00e0 niveau, de le brancher, de r\u00e9gler l&#8217;humidit\u00e9 cible et le tour est jou\u00e9.<\/span><\/li>\r\n \t<li><strong><span>R\u00e9glez-le et oubliez-le : la<\/span><\/strong><span>\u00a0\u00a0commande d\u00e9marre automatiquement la d\u00e9shumidification lorsqu&#8217;une humidit\u00e9 sup\u00e9rieure \u00e0 la cible est d\u00e9tect\u00e9e.<\/span><\/li>\r\n \t<li><span>Installation professionnelle recommand\u00e9e<\/span><\/li>\r\n<\/ul>\r\n<h3><span>AVANTAGES:<\/span><\/h3>\r\n<span>Faisant partie de notre gamme de d\u00e9shumidificateurs de la s\u00e9rie e, l&#8217;AprilAire E130 est l&#8217;un de nos mod\u00e8les les plus \u00e9conomes en \u00e9nergie \u00e0 ce jour. Reconnu comme le plus efficace ENERGY STAR\u00ae, il est id\u00e9al pour d\u00e9shumidifier votre sous-sol, votre vide sanitaire scell\u00e9 ou toute votre maison. Le E130 \u00e9limine jusqu&#8217;\u00e0 130 pintes (16 gallons) d&#8217;humidit\u00e9 de l&#8217;air par jour. Cela permet de maintenir l&#8217;humidit\u00e9 de votre maison dans la plage id\u00e9ale de 40 \u00e0 60 % d&#8217;humidit\u00e9 relative pour lutter contre les virus, les bact\u00e9ries, les moisissures et autres polluants atmosph\u00e9riques.<\/span>\r\n\r\n<span>Le d\u00e9shumidificateur pour toute la maison AprilAire E130 est dot\u00e9 d&#8217;une commande num\u00e9rique int\u00e9gr\u00e9e qui peut \u00eatre configur\u00e9e sur le dessus ou sur le c\u00f4t\u00e9 entr\u00e9e de l&#8217;unit\u00e9 pour un acc\u00e8s facile. La commande dispose d&#8217;un \u00e9cran facile \u00e0 lire et d&#8217;une interface simple, ce qui facilite la configuration et l&#8217;utilisation. Le E130 n\u00e9cessite peu d&#8217;entretien, sans bacs \u00e0 vider et avec un filtre amovible et lavable.<\/span>\r\n\r\n<span>Les d\u00e9shumidificateurs AprilAire de qualit\u00e9 professionnelle sont construits avec des serpentins r\u00e9sistants \u00e0 la corrosion, des processus con\u00e7us pour \u00e9viter les fuites et emball\u00e9s en toute s\u00e9curit\u00e9 pour une exp\u00e9dition sans dommage.<\/span>\r\n\r\n<strong><span>INCLUS DANS LA BO\u00ceTE\u00a0:<\/span><\/strong>\r\n<ul>\r\n \t<li><span>D\u00e9shumidificateur E130<\/span><\/li>\r\n \t<li><span>Collier de conduit de sortie de 10 pouces<\/span><\/li>\r\n \t<li><span>Collier de conduit d&#8217;entr\u00e9e de 10 pouces<\/span><\/li>\r\n \t<li><span>Amortisseur anti-retour<\/span><\/li>\r\n \t<li><span>Embout Torx (T20)<\/span><\/li>\r\n \t<li><span>Pieds de nivellement<\/span><\/li>\r\n \t<li><span>Des vis<\/span><\/li>\r\n \t<li><span>Raccord de vidange barbel\u00e9<\/span><\/li>\r\n \t<li><span>Cordon d&#8217;alimentation de 8 pieds<\/span><\/li>\r\n \t<li><span>Filtre MERV 8 lavable<\/span><\/li>\r\n \t<li><span>Installation Manuel<\/span><\/li>\r\n \t<li><span>Le manuel du propri\u00e9taire<\/span><\/li>\r\n<\/ul>\r\n<strong><span>CARACT\u00c9RISTIQUES:<\/span><\/strong>\r\n<ul>\r\n \t<li><strong><span>Note MERV\u00a0:<\/span><\/strong><span>\u00a08<\/span><\/li>\r\n \t<li><strong><span>Mat\u00e9riaux :<\/span><\/strong><span>\u00a0Acier &#8211; Galvanis\u00e9, Plastique<\/span><\/li>\r\n \t<li><strong><span>Mesures r\u00e9elles\u00a0:<\/span><\/strong><span>\u00a018,75 H x 19,5 L x 30 D (pouces)<\/span><\/li>\r\n \t<li><strong><span>Dimensions nominales du filtre (H x L) :<\/span><\/strong><span>\u00a014 x 19 (pouces)<\/span><\/li>\r\n<\/ul>\t\t\t\t\t\t\t\t<\/div>\n\t\t\t\t<\/div>\n\t\t\t\t\t<\/div>\n\t\t<\/div>\n\t\t\t\t\t<\/div>\n\t\t<\/section>\n\t\t\t\t<section class=\"elementor-section elementor-top-section elementor-element elementor-element-a60be04 elementor-section-boxed elementor-section-height-default elementor-section-height-default\" data-id=\"a60be04\" data-element_type=\"section\">\n\t\t\t\t\t\t<div class=\"elementor-container elementor-column-gap-default\">\n\t\t\t\t\t<div class=\"elementor-column elementor-col-100 elementor-top-column elementor-element elementor-element-6b4f6fc\" data-id=\"6b4f6fc\" data-element_type=\"column\">\n\t\t\t<div class=\"elementor-widget-wrap elementor-element-populated\">\n\t\t\t\t\t\t<div class=\"elementor-element elementor-element-2e7e67a elementor-tabs-view-horizontal elementor-widget elementor-widget-tabs\" data-id=\"2e7e67a\" data-element_type=\"widget\" data-widget_type=\"tabs.default\">\n\t\t\t\t<div class=\"elementor-widget-container\">\n\t\t\t\t\t\t\t<div class=\"elementor-tabs\">\n\t\t\t<div class=\"elementor-tabs-wrapper\" role=\"tablist\" >\n\t\t\t\t\t\t\t\t\t<div id=\"elementor-tab-title-4871\" class=\"elementor-tab-title elementor-tab-desktop-title\" aria-selected=\"true\" data-tab=\"1\" role=\"tab\" tabindex=\"0\" aria-controls=\"elementor-tab-content-4871\" aria-expanded=\"false\">Fichiers<\/div>\n\t\t\t\t\t\t\t<\/div>\n\t\t\t<div class=\"elementor-tabs-content-wrapper\" role=\"tablist\" aria-orientation=\"vertical\">\n\t\t\t\t\t\t\t\t\t<div class=\"elementor-tab-title elementor-tab-mobile-title\" aria-selected=\"true\" data-tab=\"1\" role=\"tab\" tabindex=\"0\" aria-controls=\"elementor-tab-content-4871\" aria-expanded=\"false\">Fichiers<\/div>\n\t\t\t\t\t<div id=\"elementor-tab-content-4871\" class=\"elementor-tab-content elementor-clearfix\" data-tab=\"1\" role=\"tabpanel\" aria-labelledby=\"elementor-tab-title-4871\" tabindex=\"0\" hidden=\"false\"><i class=\"far fa-file-pdf fa-xl\" style=\"font-size:35px\"><\/i><a href=\"https:\/\/www.belleflamme.ca\/wp-content\/uploads\/2024\/05\/aprilaire-e130-e130c-dehumidifier-installation-and-owners-manual-10020795.pdf\"> Manuel<\/a><\/br><\/div>\n\t\t\t\t\t\t\t<\/div>\n\t\t<\/div>\n\t\t\t\t\t\t<\/div>\n\t\t\t\t<\/div>\n\t\t\t\t\t<\/div>\n\t\t<\/div>\n\t\t\t\t\t<\/div>\n\t\t<\/section>\n\t\t\t\t<\/div>\n\t\t","protected":false},"excerpt":{"rendered":"<p>CARACT\u00c9RISTIQUES DU MOD\u00c8LE E130\u00a0: Reconnu comme\u00a0ENERGY STAR\u00ae le plus efficace pour 2024 \u00c9LIMINE JUSQU&#8217;\u00c0 130 PINTES\u00a0\u00a0(16 gallons) d&#8217;humidit\u00e9 par jour R\u00c9DUIRE LA PROLIF\u00c9RATION DES VIRUS A\u00c9RIENS CONSTRUIT POUR DURER\u00a0\u00a0avec des serpentins en aluminium r\u00e9sistant \u00e0 la corrosion aux \u00c9tats-Unis par AprilAire, le leader des solutions de qualit\u00e9 de l&#8217;air int\u00e9rieur AIDE \u00c0 PR\u00c9VENIR LA MOISISSURE, [&hellip;]<\/p>\n","protected":false},"featured_media":39783,"template":"","meta":{"inline_featured_image":false},"product_brand":[298],"product_cat":[70,1633,79,71],"product_tag":[],"class_list":{"0":"post-39782","1":"product","2":"type-product","3":"status-publish","4":"has-post-thumbnail","6":"product_brand-aprilaire","7":"product_cat-climatisation-chauffage","8":"product_cat-deshumidificateur","9":"product_cat-qualite-de-lair","10":"product_cat-systeme-central","12":"first","13":"instock","14":"taxable","15":"shipping-taxable","16":"product-type-simple"},"yoast_head":"<!-- This site is optimized with the Yoast SEO Premium plugin v24.2 (Yoast SEO v24.2) - https:\/\/yoast.com\/wordpress\/plugins\/seo\/ -->\n<title>D\u00e9shumidificateur de qualit\u00e9 professionnelle AprilAire E130, 130 pintes - Groupe BelleFlamme<\/title>\n<meta name=\"description\" content=\"D\u00e9shumidificateur de qualit\u00e9 professionnelle AprilAire E130, 130 pintes vendu par le Groupe Belleflamme. Laval, Montr\u00e9al, Gatineau et Saint-Sauveur.\" \/>\n<meta name=\"robots\" content=\"index, follow, max-snippet:-1, max-image-preview:large, max-video-preview:-1\" \/>\n<link rel=\"canonical\" href=\"https:\/\/staging.belleflamme.ca\/fr\/produit\/deshumidificateur-de-qualite-professionnelle-aprilaire-e130-130-pintes\/\" \/>\n<meta property=\"og:locale\" content=\"fr_FR\" \/>\n<meta property=\"og:type\" content=\"article\" \/>\n<meta property=\"og:title\" content=\"D\u00e9shumidificateur de qualit\u00e9 professionnelle AprilAire E130, 130 pintes\" \/>\n<meta property=\"og:description\" content=\"D\u00e9shumidificateur de qualit\u00e9 professionnelle AprilAire E130, 130 pintes vendu par le Groupe Belleflamme. Laval, Montr\u00e9al, Gatineau et Saint-Sauveur.\" \/>\n<meta property=\"og:url\" content=\"https:\/\/staging.belleflamme.ca\/fr\/produit\/deshumidificateur-de-qualite-professionnelle-aprilaire-e130-130-pintes\/\" \/>\n<meta property=\"og:site_name\" content=\"Groupe BelleFlamme\" \/>\n<meta property=\"article:publisher\" content=\"https:\/\/www.facebook.com\/belleflamme.ca\/\" \/>\n<meta property=\"article:modified_time\" content=\"2024-05-22T17:03:02+00:00\" \/>\n<meta property=\"og:image\" content=\"https:\/\/www.belleflamme.ca\/wp-content\/uploads\/2024\/05\/Deshumidificateur-de-qualite-professionnelle-AprilAire-E130-130-pintes.webp\" \/>\n\t<meta property=\"og:image:width\" content=\"1080\" \/>\n\t<meta property=\"og:image:height\" content=\"1080\" \/>\n\t<meta property=\"og:image:type\" content=\"image\/webp\" \/>\n<meta name=\"twitter:card\" content=\"summary_large_image\" \/>\n<meta name=\"twitter:label1\" content=\"Prix\" \/>\n\t<meta name=\"twitter:data1\" content=\"\" \/>\n\t<meta name=\"twitter:label2\" content=\"Disponibilit\u00e9\" \/>\n\t<meta name=\"twitter:data2\" content=\"En stock\" \/>\n<script type=\"application\/ld+json\" class=\"yoast-schema-graph\">{\"@context\":\"https:\/\/schema.org\",\"@graph\":[{\"@type\":[\"WebPage\",\"ItemPage\"],\"@id\":\"https:\/\/staging.belleflamme.ca\/fr\/produit\/deshumidificateur-de-qualite-professionnelle-aprilaire-e130-130-pintes\/\",\"url\":\"https:\/\/staging.belleflamme.ca\/fr\/produit\/deshumidificateur-de-qualite-professionnelle-aprilaire-e130-130-pintes\/\",\"name\":\"D\u00e9shumidificateur de qualit\u00e9 professionnelle AprilAire E130, 130 pintes - Groupe BelleFlamme\",\"isPartOf\":{\"@id\":\"https:\/\/www.belleflamme.ca\/fr\/#website\"},\"primaryImageOfPage\":{\"@id\":\"https:\/\/staging.belleflamme.ca\/fr\/produit\/deshumidificateur-de-qualite-professionnelle-aprilaire-e130-130-pintes\/#primaryimage\"},\"image\":{\"@id\":\"https:\/\/staging.belleflamme.ca\/fr\/produit\/deshumidificateur-de-qualite-professionnelle-aprilaire-e130-130-pintes\/#primaryimage\"},\"thumbnailUrl\":\"https:\/\/staging.belleflamme.ca\/wp-content\/uploads\/2024\/05\/Deshumidificateur-de-qualite-professionnelle-AprilAire-E130-130-pintes.webp\",\"datePublished\":\"2024-05-22T17:01:24+00:00\",\"dateModified\":\"2024-05-22T17:03:02+00:00\",\"description\":\"D\u00e9shumidificateur de qualit\u00e9 professionnelle AprilAire E130, 130 pintes vendu par le Groupe Belleflamme. Laval, Montr\u00e9al, Gatineau et Saint-Sauveur.\",\"breadcrumb\":{\"@id\":\"https:\/\/staging.belleflamme.ca\/fr\/produit\/deshumidificateur-de-qualite-professionnelle-aprilaire-e130-130-pintes\/#breadcrumb\"},\"inLanguage\":\"fr-FR\",\"potentialAction\":[{\"@type\":\"ReadAction\",\"target\":[\"https:\/\/staging.belleflamme.ca\/fr\/produit\/deshumidificateur-de-qualite-professionnelle-aprilaire-e130-130-pintes\/\"]}]},{\"@type\":\"ImageObject\",\"inLanguage\":\"fr-FR\",\"@id\":\"https:\/\/staging.belleflamme.ca\/fr\/produit\/deshumidificateur-de-qualite-professionnelle-aprilaire-e130-130-pintes\/#primaryimage\",\"url\":\"https:\/\/staging.belleflamme.ca\/wp-content\/uploads\/2024\/05\/Deshumidificateur-de-qualite-professionnelle-AprilAire-E130-130-pintes.webp\",\"contentUrl\":\"https:\/\/staging.belleflamme.ca\/wp-content\/uploads\/2024\/05\/Deshumidificateur-de-qualite-professionnelle-AprilAire-E130-130-pintes.webp\",\"width\":1080,\"height\":1080,\"caption\":\"D\u00e9shumidificateur de qualit\u00e9 professionnelle AprilAire E130, 130 pintes\"},{\"@type\":\"BreadcrumbList\",\"@id\":\"https:\/\/staging.belleflamme.ca\/fr\/produit\/deshumidificateur-de-qualite-professionnelle-aprilaire-e130-130-pintes\/#breadcrumb\",\"itemListElement\":[{\"@type\":\"ListItem\",\"position\":1,\"name\":\"Accueil\",\"item\":\"https:\/\/www.belleflamme.ca\/fr\/\"},{\"@type\":\"ListItem\",\"position\":2,\"name\":\"Boutique\",\"item\":\"https:\/\/www.belleflamme.ca\/fr\/boutique\/\"},{\"@type\":\"ListItem\",\"position\":3,\"name\":\"Climatisation &amp; Chauffage\",\"item\":\"https:\/\/staging.belleflamme.ca\/fr\/categories\/climatisation-chauffage\/\"},{\"@type\":\"ListItem\",\"position\":4,\"name\":\"Syst\u00e8me central\",\"item\":\"https:\/\/staging.belleflamme.ca\/fr\/categories\/climatisation-chauffage\/systeme-central\/\"},{\"@type\":\"ListItem\",\"position\":5,\"name\":\"Qualit\u00e9 de l'air\",\"item\":\"https:\/\/staging.belleflamme.ca\/fr\/categories\/climatisation-chauffage\/systeme-central\/qualite-de-lair\/\"},{\"@type\":\"ListItem\",\"position\":6,\"name\":\"D\u00e9shumidificateur\",\"item\":\"https:\/\/staging.belleflamme.ca\/fr\/categories\/climatisation-chauffage\/systeme-central\/qualite-de-lair\/deshumidificateur\/\"},{\"@type\":\"ListItem\",\"position\":7,\"name\":\"D\u00e9shumidificateur de qualit\u00e9 professionnelle AprilAire E130, 130 pintes\"}]},{\"@type\":\"WebSite\",\"@id\":\"https:\/\/www.belleflamme.ca\/fr\/#website\",\"url\":\"https:\/\/www.belleflamme.ca\/fr\/\",\"name\":\"Groupe Belleflamme\",\"description\":\"La m\u00e9canique du b\u00e2timent dans le sang.\",\"publisher\":{\"@id\":\"https:\/\/www.belleflamme.ca\/fr\/#organization\"},\"potentialAction\":[{\"@type\":\"SearchAction\",\"target\":{\"@type\":\"EntryPoint\",\"urlTemplate\":\"https:\/\/www.belleflamme.ca\/fr\/?s={search_term_string}\"},\"query-input\":{\"@type\":\"PropertyValueSpecification\",\"valueRequired\":true,\"valueName\":\"search_term_string\"}}],\"inLanguage\":\"fr-FR\"},{\"@type\":[\"Organization\",\"Place\"],\"@id\":\"https:\/\/www.belleflamme.ca\/fr\/#organization\",\"name\":\"Groupe Belleflamme\",\"alternateName\":\"Belleflamme\",\"url\":\"https:\/\/www.belleflamme.ca\/fr\/\",\"logo\":{\"@type\":\"ImageObject\",\"inLanguage\":\"fr-FR\",\"@id\":\"https:\/\/www.belleflamme.ca\/fr\/#\/schema\/logo\/image\/\",\"url\":\"https:\/\/staging.belleflamme.ca\/wp-content\/uploads\/2023\/01\/og-image.jpg\",\"contentUrl\":\"https:\/\/staging.belleflamme.ca\/wp-content\/uploads\/2023\/01\/og-image.jpg\",\"width\":1200,\"height\":630,\"caption\":\"Groupe Belleflamme\"},\"image\":{\"@id\":\"https:\/\/www.belleflamme.ca\/fr\/#\/schema\/logo\/image\/\"},\"sameAs\":[\"https:\/\/www.facebook.com\/belleflamme.ca\/\",\"https:\/\/www.linkedin.com\/company\/belleflamme\/\",\"https:\/\/www.pinterest.ca\/groupebelleflamme\/\",\"https:\/\/www.instagram.com\/legroupebelleflamme\/\"],\"mainEntityOfPage\":{\"@id\":\"https:\/\/staging.belleflamme.ca\/fr\/produit\/deshumidificateur-de-qualite-professionnelle-aprilaire-e130-130-pintes\/\"}}]}<\/script>\n<meta property=\"product:brand\" content=\"Aprilaire\" \/>\n<meta property=\"product:price:amount\" content=\"0.00\" \/>\n<meta property=\"product:price:currency\" content=\"CAD\" \/>\n<meta property=\"og:availability\" content=\"instock\" \/>\n<meta property=\"product:availability\" content=\"instock\" \/>\n<meta property=\"product:condition\" content=\"new\" \/>\n<!-- \/ Yoast SEO Premium plugin. -->","yoast_head_json":{"title":"D\u00e9shumidificateur de qualit\u00e9 professionnelle AprilAire E130, 130 pintes - Groupe BelleFlamme","description":"D\u00e9shumidificateur de qualit\u00e9 professionnelle AprilAire E130, 130 pintes vendu par le Groupe Belleflamme. Laval, Montr\u00e9al, Gatineau et Saint-Sauveur.","robots":{"index":"index","follow":"follow","max-snippet":"max-snippet:-1","max-image-preview":"max-image-preview:large","max-video-preview":"max-video-preview:-1"},"canonical":"https:\/\/staging.belleflamme.ca\/fr\/produit\/deshumidificateur-de-qualite-professionnelle-aprilaire-e130-130-pintes\/","og_locale":"fr_FR","og_type":"article","og_title":"D\u00e9shumidificateur de qualit\u00e9 professionnelle AprilAire E130, 130 pintes","og_description":"D\u00e9shumidificateur de qualit\u00e9 professionnelle AprilAire E130, 130 pintes vendu par le Groupe Belleflamme. Laval, Montr\u00e9al, Gatineau et Saint-Sauveur.","og_url":"https:\/\/staging.belleflamme.ca\/fr\/produit\/deshumidificateur-de-qualite-professionnelle-aprilaire-e130-130-pintes\/","og_site_name":"Groupe BelleFlamme","article_publisher":"https:\/\/www.facebook.com\/belleflamme.ca\/","article_modified_time":"2024-05-22T17:03:02+00:00","og_image":[{"width":1080,"height":1080,"url":"https:\/\/www.belleflamme.ca\/wp-content\/uploads\/2024\/05\/Deshumidificateur-de-qualite-professionnelle-AprilAire-E130-130-pintes.webp","type":"image\/webp"}],"twitter_card":"summary_large_image","twitter_misc":{"Prix":"","Disponibilit\u00e9":"En stock"},"schema":{"@context":"https:\/\/schema.org","@graph":[{"@type":["WebPage","ItemPage"],"@id":"https:\/\/staging.belleflamme.ca\/fr\/produit\/deshumidificateur-de-qualite-professionnelle-aprilaire-e130-130-pintes\/","url":"https:\/\/staging.belleflamme.ca\/fr\/produit\/deshumidificateur-de-qualite-professionnelle-aprilaire-e130-130-pintes\/","name":"D\u00e9shumidificateur de qualit\u00e9 professionnelle AprilAire E130, 130 pintes - Groupe BelleFlamme","isPartOf":{"@id":"https:\/\/www.belleflamme.ca\/fr\/#website"},"primaryImageOfPage":{"@id":"https:\/\/staging.belleflamme.ca\/fr\/produit\/deshumidificateur-de-qualite-professionnelle-aprilaire-e130-130-pintes\/#primaryimage"},"image":{"@id":"https:\/\/staging.belleflamme.ca\/fr\/produit\/deshumidificateur-de-qualite-professionnelle-aprilaire-e130-130-pintes\/#primaryimage"},"thumbnailUrl":"https:\/\/staging.belleflamme.ca\/wp-content\/uploads\/2024\/05\/Deshumidificateur-de-qualite-professionnelle-AprilAire-E130-130-pintes.webp","datePublished":"2024-05-22T17:01:24+00:00","dateModified":"2024-05-22T17:03:02+00:00","description":"D\u00e9shumidificateur de qualit\u00e9 professionnelle AprilAire E130, 130 pintes vendu par le Groupe Belleflamme. Laval, Montr\u00e9al, Gatineau et Saint-Sauveur.","breadcrumb":{"@id":"https:\/\/staging.belleflamme.ca\/fr\/produit\/deshumidificateur-de-qualite-professionnelle-aprilaire-e130-130-pintes\/#breadcrumb"},"inLanguage":"fr-FR","potentialAction":[{"@type":"ReadAction","target":["https:\/\/staging.belleflamme.ca\/fr\/produit\/deshumidificateur-de-qualite-professionnelle-aprilaire-e130-130-pintes\/"]}]},{"@type":"ImageObject","inLanguage":"fr-FR","@id":"https:\/\/staging.belleflamme.ca\/fr\/produit\/deshumidificateur-de-qualite-professionnelle-aprilaire-e130-130-pintes\/#primaryimage","url":"https:\/\/staging.belleflamme.ca\/wp-content\/uploads\/2024\/05\/Deshumidificateur-de-qualite-professionnelle-AprilAire-E130-130-pintes.webp","contentUrl":"https:\/\/staging.belleflamme.ca\/wp-content\/uploads\/2024\/05\/Deshumidificateur-de-qualite-professionnelle-AprilAire-E130-130-pintes.webp","width":1080,"height":1080,"caption":"D\u00e9shumidificateur de qualit\u00e9 professionnelle AprilAire E130, 130 pintes"},{"@type":"BreadcrumbList","@id":"https:\/\/staging.belleflamme.ca\/fr\/produit\/deshumidificateur-de-qualite-professionnelle-aprilaire-e130-130-pintes\/#breadcrumb","itemListElement":[{"@type":"ListItem","position":1,"name":"Accueil","item":"https:\/\/www.belleflamme.ca\/fr\/"},{"@type":"ListItem","position":2,"name":"Boutique","item":"https:\/\/www.belleflamme.ca\/fr\/boutique\/"},{"@type":"ListItem","position":3,"name":"Climatisation &amp; Chauffage","item":"https:\/\/staging.belleflamme.ca\/fr\/categories\/climatisation-chauffage\/"},{"@type":"ListItem","position":4,"name":"Syst\u00e8me central","item":"https:\/\/staging.belleflamme.ca\/fr\/categories\/climatisation-chauffage\/systeme-central\/"},{"@type":"ListItem","position":5,"name":"Qualit\u00e9 de l'air","item":"https:\/\/staging.belleflamme.ca\/fr\/categories\/climatisation-chauffage\/systeme-central\/qualite-de-lair\/"},{"@type":"ListItem","position":6,"name":"D\u00e9shumidificateur","item":"https:\/\/staging.belleflamme.ca\/fr\/categories\/climatisation-chauffage\/systeme-central\/qualite-de-lair\/deshumidificateur\/"},{"@type":"ListItem","position":7,"name":"D\u00e9shumidificateur de qualit\u00e9 professionnelle AprilAire E130, 130 pintes"}]},{"@type":"WebSite","@id":"https:\/\/www.belleflamme.ca\/fr\/#website","url":"https:\/\/www.belleflamme.ca\/fr\/","name":"Groupe Belleflamme","description":"La m\u00e9canique du b\u00e2timent dans le sang.","publisher":{"@id":"https:\/\/www.belleflamme.ca\/fr\/#organization"},"potentialAction":[{"@type":"SearchAction","target":{"@type":"EntryPoint","urlTemplate":"https:\/\/www.belleflamme.ca\/fr\/?s={search_term_string}"},"query-input":{"@type":"PropertyValueSpecification","valueRequired":true,"valueName":"search_term_string"}}],"inLanguage":"fr-FR"},{"@type":["Organization","Place"],"@id":"https:\/\/www.belleflamme.ca\/fr\/#organization","name":"Groupe Belleflamme","alternateName":"Belleflamme","url":"https:\/\/www.belleflamme.ca\/fr\/","logo":{"@type":"ImageObject","inLanguage":"fr-FR","@id":"https:\/\/www.belleflamme.ca\/fr\/#\/schema\/logo\/image\/","url":"https:\/\/staging.belleflamme.ca\/wp-content\/uploads\/2023\/01\/og-image.jpg","contentUrl":"https:\/\/staging.belleflamme.ca\/wp-content\/uploads\/2023\/01\/og-image.jpg","width":1200,"height":630,"caption":"Groupe Belleflamme"},"image":{"@id":"https:\/\/www.belleflamme.ca\/fr\/#\/schema\/logo\/image\/"},"sameAs":["https:\/\/www.facebook.com\/belleflamme.ca\/","https:\/\/www.linkedin.com\/company\/belleflamme\/","https:\/\/www.pinterest.ca\/groupebelleflamme\/","https:\/\/www.instagram.com\/legroupebelleflamme\/"],"mainEntityOfPage":{"@id":"https:\/\/staging.belleflamme.ca\/fr\/produit\/deshumidificateur-de-qualite-professionnelle-aprilaire-e130-130-pintes\/"}}]},"product_brand":"Aprilaire","product_price_amount":"0.00","product_price_currency":"CAD","og_availability":"instock","product_availability":"instock","product_condition":"new"},"_links":{"self":[{"href":"https:\/\/staging.belleflamme.ca\/fr\/wp-json\/wp\/v2\/product\/39782","targetHints":{"allow":["GET"]}}],"collection":[{"href":"https:\/\/staging.belleflamme.ca\/fr\/wp-json\/wp\/v2\/product"}],"about":[{"href":"https:\/\/staging.belleflamme.ca\/fr\/wp-json\/wp\/v2\/types\/product"}],"version-history":[{"count":4,"href":"https:\/\/staging.belleflamme.ca\/fr\/wp-json\/wp\/v2\/product\/39782\/revisions"}],"predecessor-version":[{"id":39790,"href":"https:\/\/staging.belleflamme.ca\/fr\/wp-json\/wp\/v2\/product\/39782\/revisions\/39790"}],"wp:featuredmedia":[{"embeddable":true,"href":"https:\/\/staging.belleflamme.ca\/fr\/wp-json\/wp\/v2\/media\/39783"}],"wp:attachment":[{"href":"https:\/\/staging.belleflamme.ca\/fr\/wp-json\/wp\/v2\/media?parent=39782"}],"wp:term":[{"taxonomy":"product_brand","embeddable":true,"href":"https:\/\/staging.belleflamme.ca\/fr\/wp-json\/wp\/v2\/product_brand?post=39782"},{"taxonomy":"product_cat","embeddable":true,"href":"https:\/\/staging.belleflamme.ca\/fr\/wp-json\/wp\/v2\/product_cat?post=39782"},{"taxonomy":"product_tag","embeddable":true,"href":"https:\/\/staging.belleflamme.ca\/fr\/wp-json\/wp\/v2\/product_tag?post=39782"}],"curies":[{"name":"wp","href":"https:\/\/api.w.org\/{rel}","templated":true}]}}