{"id":39655,"date":"2024-05-22T11:51:08","date_gmt":"2024-05-22T15:51:08","guid":{"rendered":"https:\/\/www.belleflamme.ca\/?post_type=product&#038;p=39655"},"modified":"2024-05-22T11:55:14","modified_gmt":"2024-05-22T15:55:14","slug":"humidificateur-a-vapeur-aprilaire-865-avec-pack-ventilateur","status":"publish","type":"product","link":"https:\/\/staging.belleflamme.ca\/fr\/produit\/humidificateur-a-vapeur-aprilaire-865-avec-pack-ventilateur\/","title":{"rendered":"Humidificateur \u00e0 vapeur AprilAire 865 avec pack ventilateur"},"content":{"rendered":"\t\t<div data-elementor-type=\"product-post\" data-elementor-id=\"39655\" class=\"elementor elementor-39655\" data-elementor-post-type=\"product\">\n\t\t\t\t\t\t<section class=\"elementor-section elementor-top-section elementor-element elementor-element-7133a8c0 elementor-section-boxed elementor-section-height-default elementor-section-height-default\" data-id=\"7133a8c0\" data-element_type=\"section\">\n\t\t\t\t\t\t<div class=\"elementor-container elementor-column-gap-default\">\n\t\t\t\t\t<div class=\"elementor-column elementor-col-100 elementor-top-column elementor-element elementor-element-1f905707\" data-id=\"1f905707\" data-element_type=\"column\">\n\t\t\t<div class=\"elementor-widget-wrap elementor-element-populated\">\n\t\t\t\t\t\t<div class=\"elementor-element elementor-element-4c335397 elementor-widget elementor-widget-text-editor\" data-id=\"4c335397\" data-element_type=\"widget\" data-widget_type=\"text-editor.default\">\n\t\t\t\t<div class=\"elementor-widget-container\">\n\t\t\t\t\t\t\t\t\t<iframe title=\"YouTube video player\" src=\"https:\/\/www.youtube.com\/embed\/s6mk-z0svtA?si=PyP0iYXw5QFuaDxK\" width=\"560\" height=\"315\" frameborder=\"0\" allowfullscreen=\"allowfullscreen\"><\/iframe>\r\n<h2><span>CARACT\u00c9RISTIQUES DU MOD\u00c8LE 865\u00a0:<\/span><\/h2>\r\n<ul>\r\n \t<li><strong><span>L&#8217;HUMIDIT\u00c9 POUR LA SANT\u00c9<\/span><\/strong><span>\u00a0Les humidificateurs \u00e0 vapeur AprilAire peuvent vous aider \u00e0 maintenir une humidit\u00e9 optimale dans votre maison, ce qui a \u00e9t\u00e9 d\u00e9montr\u00e9 pour r\u00e9duire l&#8217;incidence des infections respiratoires et des sympt\u00f4mes li\u00e9s aux allergies et \u00e0 l&#8217;asthme en minimisant la formation de bact\u00e9ries et de virus.<\/span><\/li>\r\n \t<li><strong><span>L&#8217;HUMIDIT\u00c9 POUR LE CONFORT<\/span><\/strong><span>\u00a0\u00c9quilibrez votre humidit\u00e9 pour pr\u00e9server votre maison et prot\u00e9ger ses occupants des probl\u00e8mes d&#8217;air sec comme les chocs statiques et les ger\u00e7ures de la peau.<\/span><\/li>\r\n \t<li><strong><span>PROT\u00c9GEZ VOTRE MAISON<\/span><\/strong><span>\u00a0Pr\u00e9servez votre maison et tout contenu susceptible d&#8217;\u00eatre endommag\u00e9 par des changements d&#8217;humidit\u00e9 ou des conditions s\u00e8ches.<\/span><\/li>\r\n \t<li><strong><span>ACHETEZ EN TOUTE CONFIANCE<\/span><\/strong><span>\u00a0Cet humidificateur \u00e0 vapeur a \u00e9t\u00e9 con\u00e7u et fabriqu\u00e9 aux \u00c9tats-Unis par AprilAire, l&#8217;inventeur de l&#8217;humidificateur par \u00e9vaporation pour toute la maison et le leader de la qualit\u00e9 de l&#8217;air int\u00e9rieur depuis 1954.<\/span><\/li>\r\n \t<li><strong><span>CAPTEUR EMBARQU\u00c9<\/span><\/strong><span>\u00a0Mesure l&#8217;humidit\u00e9 relative \u00e0 l&#8217;int\u00e9rieur de la maison. Les ventilateurs s&#8217;allument automatiquement lorsque l&#8217;humidit\u00e9 descend en dessous du point de consigne.<\/span><\/li>\r\n \t<li><strong><span>CONTR\u00d4LE PRATIQUE<\/span><\/strong><span>\u00a0Pour surveiller et r\u00e9gler l\u2019humidit\u00e9 avec un \u00e9cran num\u00e9rique \u00e0 contraste \u00e9lev\u00e9.<\/span><\/li>\r\n \t<li><strong><span>POUR UTILISATION DANS LES MAISONS<\/span><\/strong><span>\u00a0dans tous les climats sans syst\u00e8me d&#8217;air canalis\u00e9, et pour les maisons qui ont des exigences particuli\u00e8res en mati\u00e8re d&#8217;humidit\u00e9, telles que des planchers en bois, des meubles sensibles \u00e0 l&#8217;humidit\u00e9 ou de grands plans d&#8217;\u00e9tage.<\/span><\/li>\r\n \t<li><strong><span>COUVERTURE COMPL\u00c8TE<\/span><\/strong><span>\u00a0avec une capacit\u00e9 allant jusqu&#8217;\u00e0 34,6 gallons par jour dans une maison bien construite.*<\/span><\/li>\r\n \t<li><strong><span>MAINTENEZ FACILEMENT DES PERFORMANCES OPTIMALES<\/span><\/strong><span>\u00a0en rempla\u00e7ant la cartouche chaque ann\u00e9e et en demandant \u00e0 un entrepreneur agr\u00e9\u00e9 de remplacer les fils d&#8217;\u00e9lectrodes tous les 3 ans.<\/span><\/li>\r\n<\/ul>\r\n<h3><span>AVANTAGES:<\/span><\/h3>\r\n<span>Notre humidificateur \u00e0 vapeur pour toute la maison ajoute automatiquement de l&#8217;humidit\u00e9 \u00e0 votre maison gr\u00e2ce \u00e0 l&#8217;utilisation d&#8217;un \u00e9vent mural et d&#8217;un ventilateur d\u00e9di\u00e9s. La vapeur est cr\u00e9\u00e9e en chauffant l&#8217;eau \u00e0 l&#8217;int\u00e9rieur de l&#8217;humidificateur et transmise \u00e0 distance au bloc de ventilation.<\/span>\r\n\r\n<strong><span>INCLUS DANS LA BO\u00ceTE\u00a0:<\/span><\/strong>\r\n<ul>\r\n \t<li><span>865 Humidificateur<\/span><\/li>\r\n \t<li><span>Humidostat manuel num\u00e9rique mod\u00e8le 65<\/span><\/li>\r\n \t<li><span>Cartouche \u00e0 vapeur mod\u00e8le 80<\/span><\/li>\r\n \t<li><span>Pack de ventilateurs mod\u00e8le 5658<\/span><\/li>\r\n \t<li><span>Valve de selle<\/span><\/li>\r\n \t<li><span>Tuyau \u00e0 vapeur de 6 pieds<\/span><\/li>\r\n \t<li><span>Tuyau de vidange de 7\/8 pouces x 10 pieds<\/span><\/li>\r\n \t<li><span>Ensemble de siphon de drainage<\/span><\/li>\r\n \t<li><span>instructions d&#8217;installation<\/span><\/li>\r\n<\/ul>\r\n<strong><span>CARACT\u00c9RISTIQUES:<\/span><\/strong>\r\n<ul>\r\n \t<li><strong><span>Mat\u00e9riaux :<\/span><\/strong><span>\u00a0Acier &#8211; Galvanis\u00e9<\/span><\/li>\r\n \t<li><strong><span>Mesures r\u00e9elles\u00a0:<\/span><\/strong><span>\u00a020,88 H x 7,13 L x 10,13 P (pouces)<\/span><\/li>\r\n<\/ul>\t\t\t\t\t\t\t\t<\/div>\n\t\t\t\t<\/div>\n\t\t\t\t\t<\/div>\n\t\t<\/div>\n\t\t\t\t\t<\/div>\n\t\t<\/section>\n\t\t\t\t<section class=\"elementor-section elementor-top-section elementor-element elementor-element-b39f709 elementor-section-boxed elementor-section-height-default elementor-section-height-default\" data-id=\"b39f709\" data-element_type=\"section\">\n\t\t\t\t\t\t<div class=\"elementor-container elementor-column-gap-default\">\n\t\t\t\t\t<div class=\"elementor-column elementor-col-100 elementor-top-column elementor-element elementor-element-7c8eeb7\" data-id=\"7c8eeb7\" data-element_type=\"column\">\n\t\t\t<div class=\"elementor-widget-wrap elementor-element-populated\">\n\t\t\t\t\t\t<div class=\"elementor-element elementor-element-9082033 elementor-tabs-view-horizontal elementor-widget elementor-widget-tabs\" data-id=\"9082033\" data-element_type=\"widget\" data-widget_type=\"tabs.default\">\n\t\t\t\t<div class=\"elementor-widget-container\">\n\t\t\t\t\t\t\t<div class=\"elementor-tabs\">\n\t\t\t<div class=\"elementor-tabs-wrapper\" role=\"tablist\" >\n\t\t\t\t\t\t\t\t\t<div id=\"elementor-tab-title-1511\" class=\"elementor-tab-title elementor-tab-desktop-title\" aria-selected=\"true\" data-tab=\"1\" role=\"tab\" tabindex=\"0\" aria-controls=\"elementor-tab-content-1511\" aria-expanded=\"false\">Fichiers<\/div>\n\t\t\t\t\t\t\t<\/div>\n\t\t\t<div class=\"elementor-tabs-content-wrapper\" role=\"tablist\" aria-orientation=\"vertical\">\n\t\t\t\t\t\t\t\t\t<div class=\"elementor-tab-title elementor-tab-mobile-title\" aria-selected=\"true\" data-tab=\"1\" role=\"tab\" tabindex=\"0\" aria-controls=\"elementor-tab-content-1511\" aria-expanded=\"false\">Fichiers<\/div>\n\t\t\t\t\t<div id=\"elementor-tab-content-1511\" class=\"elementor-tab-content elementor-clearfix\" data-tab=\"1\" role=\"tabpanel\" aria-labelledby=\"elementor-tab-title-1511\" tabindex=\"0\" hidden=\"false\"><i class=\"far fa-file-pdf fa-xl\" style=\"font-size:35px\"><\/i><a href=\"https:\/\/www.belleflamme.ca\/wp-content\/uploads\/2024\/05\/aprilaire-5658-steam-humidifier-fan-pack-installation-and-maintenance-instructions-B2206931.pdf\"> Fan Pack<\/a><\/br>\n<i class=\"far fa-file-pdf fa-xl\" style=\"font-size:35px\"><\/i><a href=\"https:\/\/www.belleflamme.ca\/wp-content\/uploads\/2024\/05\/aprilaire-800-series-steam-humidifier-english-french-owners-manual-B2210090.pdf\"> Manuel<\/a><\/br><\/div>\n\t\t\t\t\t\t\t<\/div>\n\t\t<\/div>\n\t\t\t\t\t\t<\/div>\n\t\t\t\t<\/div>\n\t\t\t\t\t<\/div>\n\t\t<\/div>\n\t\t\t\t\t<\/div>\n\t\t<\/section>\n\t\t\t\t<\/div>\n\t\t","protected":false},"excerpt":{"rendered":"<p>CARACT\u00c9RISTIQUES DU MOD\u00c8LE 865\u00a0: L&#8217;HUMIDIT\u00c9 POUR LA SANT\u00c9\u00a0Les humidificateurs \u00e0 vapeur AprilAire peuvent vous aider \u00e0 maintenir une humidit\u00e9 optimale dans votre maison, ce qui a \u00e9t\u00e9 d\u00e9montr\u00e9 pour r\u00e9duire l&#8217;incidence des infections respiratoires et des sympt\u00f4mes li\u00e9s aux allergies et \u00e0 l&#8217;asthme en minimisant la formation de bact\u00e9ries et de virus. L&#8217;HUMIDIT\u00c9 POUR LE [&hellip;]<\/p>\n","protected":false},"featured_media":39668,"template":"","meta":{"inline_featured_image":false},"product_brand":[298],"product_cat":[70,84,79,71],"product_tag":[],"class_list":{"0":"post-39655","1":"product","2":"type-product","3":"status-publish","4":"has-post-thumbnail","6":"product_brand-aprilaire","7":"product_cat-climatisation-chauffage","8":"product_cat-humidificateurs","9":"product_cat-qualite-de-lair","10":"product_cat-systeme-central","12":"first","13":"instock","14":"taxable","15":"shipping-taxable","16":"product-type-simple"},"yoast_head":"<!-- This site is optimized with the Yoast SEO Premium plugin v24.2 (Yoast SEO v24.2) - https:\/\/yoast.com\/wordpress\/plugins\/seo\/ -->\n<title>Humidificateur \u00e0 vapeur AprilAire 865 avec pack ventilateur - Groupe BelleFlamme<\/title>\n<meta name=\"description\" content=\"Humidificateur \u00e0 vapeur AprilAire 865 avec pack ventilateur vendu par le Groupe Belleflamme. Laval, Montr\u00e9al, Gatineau et Saint-Sauveur.\" \/>\n<meta name=\"robots\" content=\"index, follow, max-snippet:-1, max-image-preview:large, max-video-preview:-1\" \/>\n<link rel=\"canonical\" href=\"https:\/\/staging.belleflamme.ca\/fr\/produit\/humidificateur-a-vapeur-aprilaire-865-avec-pack-ventilateur\/\" \/>\n<meta property=\"og:locale\" content=\"fr_FR\" \/>\n<meta property=\"og:type\" content=\"article\" \/>\n<meta property=\"og:title\" content=\"Humidificateur \u00e0 vapeur AprilAire 865 avec pack ventilateur\" \/>\n<meta property=\"og:description\" content=\"Humidificateur \u00e0 vapeur AprilAire 865 avec pack ventilateur vendu par le Groupe Belleflamme. Laval, Montr\u00e9al, Gatineau et Saint-Sauveur.\" \/>\n<meta property=\"og:url\" content=\"https:\/\/staging.belleflamme.ca\/fr\/produit\/humidificateur-a-vapeur-aprilaire-865-avec-pack-ventilateur\/\" \/>\n<meta property=\"og:site_name\" content=\"Groupe BelleFlamme\" \/>\n<meta property=\"article:publisher\" content=\"https:\/\/www.facebook.com\/belleflamme.ca\/\" \/>\n<meta property=\"article:modified_time\" content=\"2024-05-22T15:55:14+00:00\" \/>\n<meta property=\"og:image\" content=\"https:\/\/www.belleflamme.ca\/wp-content\/uploads\/2024\/05\/Humidificateur-a-vapeur-AprilAire-865-avec-pack-ventilateur.webp\" \/>\n\t<meta property=\"og:image:width\" content=\"1080\" \/>\n\t<meta property=\"og:image:height\" content=\"1080\" \/>\n\t<meta property=\"og:image:type\" content=\"image\/webp\" \/>\n<meta name=\"twitter:card\" content=\"summary_large_image\" \/>\n<meta name=\"twitter:label1\" content=\"Prix\" \/>\n\t<meta name=\"twitter:data1\" content=\"\" \/>\n\t<meta name=\"twitter:label2\" content=\"Disponibilit\u00e9\" \/>\n\t<meta name=\"twitter:data2\" content=\"En stock\" \/>\n<script type=\"application\/ld+json\" class=\"yoast-schema-graph\">{\"@context\":\"https:\/\/schema.org\",\"@graph\":[{\"@type\":[\"WebPage\",\"ItemPage\"],\"@id\":\"https:\/\/staging.belleflamme.ca\/fr\/produit\/humidificateur-a-vapeur-aprilaire-865-avec-pack-ventilateur\/\",\"url\":\"https:\/\/staging.belleflamme.ca\/fr\/produit\/humidificateur-a-vapeur-aprilaire-865-avec-pack-ventilateur\/\",\"name\":\"Humidificateur \u00e0 vapeur AprilAire 865 avec pack ventilateur - Groupe BelleFlamme\",\"isPartOf\":{\"@id\":\"https:\/\/www.belleflamme.ca\/fr\/#website\"},\"primaryImageOfPage\":{\"@id\":\"https:\/\/staging.belleflamme.ca\/fr\/produit\/humidificateur-a-vapeur-aprilaire-865-avec-pack-ventilateur\/#primaryimage\"},\"image\":{\"@id\":\"https:\/\/staging.belleflamme.ca\/fr\/produit\/humidificateur-a-vapeur-aprilaire-865-avec-pack-ventilateur\/#primaryimage\"},\"thumbnailUrl\":\"https:\/\/staging.belleflamme.ca\/wp-content\/uploads\/2024\/05\/Humidificateur-a-vapeur-AprilAire-865-avec-pack-ventilateur.webp\",\"datePublished\":\"2024-05-22T15:51:08+00:00\",\"dateModified\":\"2024-05-22T15:55:14+00:00\",\"description\":\"Humidificateur \u00e0 vapeur AprilAire 865 avec pack ventilateur vendu par le Groupe Belleflamme. Laval, Montr\u00e9al, Gatineau et Saint-Sauveur.\",\"breadcrumb\":{\"@id\":\"https:\/\/staging.belleflamme.ca\/fr\/produit\/humidificateur-a-vapeur-aprilaire-865-avec-pack-ventilateur\/#breadcrumb\"},\"inLanguage\":\"fr-FR\",\"potentialAction\":[{\"@type\":\"ReadAction\",\"target\":[\"https:\/\/staging.belleflamme.ca\/fr\/produit\/humidificateur-a-vapeur-aprilaire-865-avec-pack-ventilateur\/\"]}]},{\"@type\":\"ImageObject\",\"inLanguage\":\"fr-FR\",\"@id\":\"https:\/\/staging.belleflamme.ca\/fr\/produit\/humidificateur-a-vapeur-aprilaire-865-avec-pack-ventilateur\/#primaryimage\",\"url\":\"https:\/\/staging.belleflamme.ca\/wp-content\/uploads\/2024\/05\/Humidificateur-a-vapeur-AprilAire-865-avec-pack-ventilateur.webp\",\"contentUrl\":\"https:\/\/staging.belleflamme.ca\/wp-content\/uploads\/2024\/05\/Humidificateur-a-vapeur-AprilAire-865-avec-pack-ventilateur.webp\",\"width\":1080,\"height\":1080,\"caption\":\"Humidificateur \u00e0 vapeur AprilAire 865 avec pack ventilateur\"},{\"@type\":\"BreadcrumbList\",\"@id\":\"https:\/\/staging.belleflamme.ca\/fr\/produit\/humidificateur-a-vapeur-aprilaire-865-avec-pack-ventilateur\/#breadcrumb\",\"itemListElement\":[{\"@type\":\"ListItem\",\"position\":1,\"name\":\"Accueil\",\"item\":\"https:\/\/www.belleflamme.ca\/fr\/\"},{\"@type\":\"ListItem\",\"position\":2,\"name\":\"Boutique\",\"item\":\"https:\/\/www.belleflamme.ca\/fr\/boutique\/\"},{\"@type\":\"ListItem\",\"position\":3,\"name\":\"Climatisation &amp; Chauffage\",\"item\":\"https:\/\/staging.belleflamme.ca\/fr\/categories\/climatisation-chauffage\/\"},{\"@type\":\"ListItem\",\"position\":4,\"name\":\"Syst\u00e8me central\",\"item\":\"https:\/\/staging.belleflamme.ca\/fr\/categories\/climatisation-chauffage\/systeme-central\/\"},{\"@type\":\"ListItem\",\"position\":5,\"name\":\"Qualit\u00e9 de l'air\",\"item\":\"https:\/\/staging.belleflamme.ca\/fr\/categories\/climatisation-chauffage\/systeme-central\/qualite-de-lair\/\"},{\"@type\":\"ListItem\",\"position\":6,\"name\":\"Humidificateurs\",\"item\":\"https:\/\/staging.belleflamme.ca\/fr\/categories\/climatisation-chauffage\/systeme-central\/qualite-de-lair\/humidificateurs\/\"},{\"@type\":\"ListItem\",\"position\":7,\"name\":\"Humidificateur \u00e0 vapeur AprilAire 865 avec pack ventilateur\"}]},{\"@type\":\"WebSite\",\"@id\":\"https:\/\/www.belleflamme.ca\/fr\/#website\",\"url\":\"https:\/\/www.belleflamme.ca\/fr\/\",\"name\":\"Groupe Belleflamme\",\"description\":\"La m\u00e9canique du b\u00e2timent dans le sang.\",\"publisher\":{\"@id\":\"https:\/\/www.belleflamme.ca\/fr\/#organization\"},\"potentialAction\":[{\"@type\":\"SearchAction\",\"target\":{\"@type\":\"EntryPoint\",\"urlTemplate\":\"https:\/\/www.belleflamme.ca\/fr\/?s={search_term_string}\"},\"query-input\":{\"@type\":\"PropertyValueSpecification\",\"valueRequired\":true,\"valueName\":\"search_term_string\"}}],\"inLanguage\":\"fr-FR\"},{\"@type\":[\"Organization\",\"Place\"],\"@id\":\"https:\/\/www.belleflamme.ca\/fr\/#organization\",\"name\":\"Groupe Belleflamme\",\"alternateName\":\"Belleflamme\",\"url\":\"https:\/\/www.belleflamme.ca\/fr\/\",\"logo\":{\"@type\":\"ImageObject\",\"inLanguage\":\"fr-FR\",\"@id\":\"https:\/\/www.belleflamme.ca\/fr\/#\/schema\/logo\/image\/\",\"url\":\"https:\/\/staging.belleflamme.ca\/wp-content\/uploads\/2023\/01\/og-image.jpg\",\"contentUrl\":\"https:\/\/staging.belleflamme.ca\/wp-content\/uploads\/2023\/01\/og-image.jpg\",\"width\":1200,\"height\":630,\"caption\":\"Groupe Belleflamme\"},\"image\":{\"@id\":\"https:\/\/www.belleflamme.ca\/fr\/#\/schema\/logo\/image\/\"},\"sameAs\":[\"https:\/\/www.facebook.com\/belleflamme.ca\/\",\"https:\/\/www.linkedin.com\/company\/belleflamme\/\",\"https:\/\/www.pinterest.ca\/groupebelleflamme\/\",\"https:\/\/www.instagram.com\/legroupebelleflamme\/\"],\"mainEntityOfPage\":{\"@id\":\"https:\/\/staging.belleflamme.ca\/fr\/produit\/humidificateur-a-vapeur-aprilaire-865-avec-pack-ventilateur\/\"}}]}<\/script>\n<meta property=\"product:brand\" content=\"Aprilaire\" \/>\n<meta property=\"product:price:amount\" content=\"0.00\" \/>\n<meta property=\"product:price:currency\" content=\"CAD\" \/>\n<meta property=\"og:availability\" content=\"instock\" \/>\n<meta property=\"product:availability\" content=\"instock\" \/>\n<meta property=\"product:condition\" content=\"new\" \/>\n<!-- \/ Yoast SEO Premium plugin. -->","yoast_head_json":{"title":"Humidificateur \u00e0 vapeur AprilAire 865 avec pack ventilateur - Groupe BelleFlamme","description":"Humidificateur \u00e0 vapeur AprilAire 865 avec pack ventilateur vendu par le Groupe Belleflamme. Laval, Montr\u00e9al, Gatineau et Saint-Sauveur.","robots":{"index":"index","follow":"follow","max-snippet":"max-snippet:-1","max-image-preview":"max-image-preview:large","max-video-preview":"max-video-preview:-1"},"canonical":"https:\/\/staging.belleflamme.ca\/fr\/produit\/humidificateur-a-vapeur-aprilaire-865-avec-pack-ventilateur\/","og_locale":"fr_FR","og_type":"article","og_title":"Humidificateur \u00e0 vapeur AprilAire 865 avec pack ventilateur","og_description":"Humidificateur \u00e0 vapeur AprilAire 865 avec pack ventilateur vendu par le Groupe Belleflamme. Laval, Montr\u00e9al, Gatineau et Saint-Sauveur.","og_url":"https:\/\/staging.belleflamme.ca\/fr\/produit\/humidificateur-a-vapeur-aprilaire-865-avec-pack-ventilateur\/","og_site_name":"Groupe BelleFlamme","article_publisher":"https:\/\/www.facebook.com\/belleflamme.ca\/","article_modified_time":"2024-05-22T15:55:14+00:00","og_image":[{"width":1080,"height":1080,"url":"https:\/\/www.belleflamme.ca\/wp-content\/uploads\/2024\/05\/Humidificateur-a-vapeur-AprilAire-865-avec-pack-ventilateur.webp","type":"image\/webp"}],"twitter_card":"summary_large_image","twitter_misc":{"Prix":"","Disponibilit\u00e9":"En stock"},"schema":{"@context":"https:\/\/schema.org","@graph":[{"@type":["WebPage","ItemPage"],"@id":"https:\/\/staging.belleflamme.ca\/fr\/produit\/humidificateur-a-vapeur-aprilaire-865-avec-pack-ventilateur\/","url":"https:\/\/staging.belleflamme.ca\/fr\/produit\/humidificateur-a-vapeur-aprilaire-865-avec-pack-ventilateur\/","name":"Humidificateur \u00e0 vapeur AprilAire 865 avec pack ventilateur - Groupe BelleFlamme","isPartOf":{"@id":"https:\/\/www.belleflamme.ca\/fr\/#website"},"primaryImageOfPage":{"@id":"https:\/\/staging.belleflamme.ca\/fr\/produit\/humidificateur-a-vapeur-aprilaire-865-avec-pack-ventilateur\/#primaryimage"},"image":{"@id":"https:\/\/staging.belleflamme.ca\/fr\/produit\/humidificateur-a-vapeur-aprilaire-865-avec-pack-ventilateur\/#primaryimage"},"thumbnailUrl":"https:\/\/staging.belleflamme.ca\/wp-content\/uploads\/2024\/05\/Humidificateur-a-vapeur-AprilAire-865-avec-pack-ventilateur.webp","datePublished":"2024-05-22T15:51:08+00:00","dateModified":"2024-05-22T15:55:14+00:00","description":"Humidificateur \u00e0 vapeur AprilAire 865 avec pack ventilateur vendu par le Groupe Belleflamme. Laval, Montr\u00e9al, Gatineau et Saint-Sauveur.","breadcrumb":{"@id":"https:\/\/staging.belleflamme.ca\/fr\/produit\/humidificateur-a-vapeur-aprilaire-865-avec-pack-ventilateur\/#breadcrumb"},"inLanguage":"fr-FR","potentialAction":[{"@type":"ReadAction","target":["https:\/\/staging.belleflamme.ca\/fr\/produit\/humidificateur-a-vapeur-aprilaire-865-avec-pack-ventilateur\/"]}]},{"@type":"ImageObject","inLanguage":"fr-FR","@id":"https:\/\/staging.belleflamme.ca\/fr\/produit\/humidificateur-a-vapeur-aprilaire-865-avec-pack-ventilateur\/#primaryimage","url":"https:\/\/staging.belleflamme.ca\/wp-content\/uploads\/2024\/05\/Humidificateur-a-vapeur-AprilAire-865-avec-pack-ventilateur.webp","contentUrl":"https:\/\/staging.belleflamme.ca\/wp-content\/uploads\/2024\/05\/Humidificateur-a-vapeur-AprilAire-865-avec-pack-ventilateur.webp","width":1080,"height":1080,"caption":"Humidificateur \u00e0 vapeur AprilAire 865 avec pack ventilateur"},{"@type":"BreadcrumbList","@id":"https:\/\/staging.belleflamme.ca\/fr\/produit\/humidificateur-a-vapeur-aprilaire-865-avec-pack-ventilateur\/#breadcrumb","itemListElement":[{"@type":"ListItem","position":1,"name":"Accueil","item":"https:\/\/www.belleflamme.ca\/fr\/"},{"@type":"ListItem","position":2,"name":"Boutique","item":"https:\/\/www.belleflamme.ca\/fr\/boutique\/"},{"@type":"ListItem","position":3,"name":"Climatisation &amp; Chauffage","item":"https:\/\/staging.belleflamme.ca\/fr\/categories\/climatisation-chauffage\/"},{"@type":"ListItem","position":4,"name":"Syst\u00e8me central","item":"https:\/\/staging.belleflamme.ca\/fr\/categories\/climatisation-chauffage\/systeme-central\/"},{"@type":"ListItem","position":5,"name":"Qualit\u00e9 de l'air","item":"https:\/\/staging.belleflamme.ca\/fr\/categories\/climatisation-chauffage\/systeme-central\/qualite-de-lair\/"},{"@type":"ListItem","position":6,"name":"Humidificateurs","item":"https:\/\/staging.belleflamme.ca\/fr\/categories\/climatisation-chauffage\/systeme-central\/qualite-de-lair\/humidificateurs\/"},{"@type":"ListItem","position":7,"name":"Humidificateur \u00e0 vapeur AprilAire 865 avec pack ventilateur"}]},{"@type":"WebSite","@id":"https:\/\/www.belleflamme.ca\/fr\/#website","url":"https:\/\/www.belleflamme.ca\/fr\/","name":"Groupe Belleflamme","description":"La m\u00e9canique du b\u00e2timent dans le sang.","publisher":{"@id":"https:\/\/www.belleflamme.ca\/fr\/#organization"},"potentialAction":[{"@type":"SearchAction","target":{"@type":"EntryPoint","urlTemplate":"https:\/\/www.belleflamme.ca\/fr\/?s={search_term_string}"},"query-input":{"@type":"PropertyValueSpecification","valueRequired":true,"valueName":"search_term_string"}}],"inLanguage":"fr-FR"},{"@type":["Organization","Place"],"@id":"https:\/\/www.belleflamme.ca\/fr\/#organization","name":"Groupe Belleflamme","alternateName":"Belleflamme","url":"https:\/\/www.belleflamme.ca\/fr\/","logo":{"@type":"ImageObject","inLanguage":"fr-FR","@id":"https:\/\/www.belleflamme.ca\/fr\/#\/schema\/logo\/image\/","url":"https:\/\/staging.belleflamme.ca\/wp-content\/uploads\/2023\/01\/og-image.jpg","contentUrl":"https:\/\/staging.belleflamme.ca\/wp-content\/uploads\/2023\/01\/og-image.jpg","width":1200,"height":630,"caption":"Groupe Belleflamme"},"image":{"@id":"https:\/\/www.belleflamme.ca\/fr\/#\/schema\/logo\/image\/"},"sameAs":["https:\/\/www.facebook.com\/belleflamme.ca\/","https:\/\/www.linkedin.com\/company\/belleflamme\/","https:\/\/www.pinterest.ca\/groupebelleflamme\/","https:\/\/www.instagram.com\/legroupebelleflamme\/"],"mainEntityOfPage":{"@id":"https:\/\/staging.belleflamme.ca\/fr\/produit\/humidificateur-a-vapeur-aprilaire-865-avec-pack-ventilateur\/"}}]},"product_brand":"Aprilaire","product_price_amount":"0.00","product_price_currency":"CAD","og_availability":"instock","product_availability":"instock","product_condition":"new"},"_links":{"self":[{"href":"https:\/\/staging.belleflamme.ca\/fr\/wp-json\/wp\/v2\/product\/39655","targetHints":{"allow":["GET"]}}],"collection":[{"href":"https:\/\/staging.belleflamme.ca\/fr\/wp-json\/wp\/v2\/product"}],"about":[{"href":"https:\/\/staging.belleflamme.ca\/fr\/wp-json\/wp\/v2\/types\/product"}],"version-history":[{"count":4,"href":"https:\/\/staging.belleflamme.ca\/fr\/wp-json\/wp\/v2\/product\/39655\/revisions"}],"predecessor-version":[{"id":39677,"href":"https:\/\/staging.belleflamme.ca\/fr\/wp-json\/wp\/v2\/product\/39655\/revisions\/39677"}],"wp:featuredmedia":[{"embeddable":true,"href":"https:\/\/staging.belleflamme.ca\/fr\/wp-json\/wp\/v2\/media\/39668"}],"wp:attachment":[{"href":"https:\/\/staging.belleflamme.ca\/fr\/wp-json\/wp\/v2\/media?parent=39655"}],"wp:term":[{"taxonomy":"product_brand","embeddable":true,"href":"https:\/\/staging.belleflamme.ca\/fr\/wp-json\/wp\/v2\/product_brand?post=39655"},{"taxonomy":"product_cat","embeddable":true,"href":"https:\/\/staging.belleflamme.ca\/fr\/wp-json\/wp\/v2\/product_cat?post=39655"},{"taxonomy":"product_tag","embeddable":true,"href":"https:\/\/staging.belleflamme.ca\/fr\/wp-json\/wp\/v2\/product_tag?post=39655"}],"curies":[{"name":"wp","href":"https:\/\/api.w.org\/{rel}","templated":true}]}}