{"id":39361,"date":"2024-05-17T11:45:54","date_gmt":"2024-05-17T15:45:54","guid":{"rendered":"https:\/\/www.belleflamme.ca\/?post_type=product&#038;p=39361"},"modified":"2024-05-17T14:20:28","modified_gmt":"2024-05-17T18:20:28","slug":"ventilateur-dappoint-pour-secheuse-de-5po-sdf200-de-ortech","status":"publish","type":"product","link":"https:\/\/staging.belleflamme.ca\/fr\/produit\/ventilateur-dappoint-pour-secheuse-de-5po-sdf200-de-ortech\/","title":{"rendered":"Ventilateur d&#8217;appoint pour s\u00e9cheuse de 5po SDF200 de Ortech"},"content":{"rendered":"\t\t<div data-elementor-type=\"product-post\" data-elementor-id=\"39361\" class=\"elementor elementor-39361\" data-elementor-post-type=\"product\">\n\t\t\t\t\t\t<section class=\"elementor-section elementor-top-section elementor-element elementor-element-23f211da elementor-section-boxed elementor-section-height-default elementor-section-height-default\" data-id=\"23f211da\" data-element_type=\"section\">\n\t\t\t\t\t\t<div class=\"elementor-container elementor-column-gap-default\">\n\t\t\t\t\t<div class=\"elementor-column elementor-col-100 elementor-top-column elementor-element elementor-element-25a8a594\" data-id=\"25a8a594\" data-element_type=\"column\">\n\t\t\t<div class=\"elementor-widget-wrap elementor-element-populated\">\n\t\t\t\t\t\t<div class=\"elementor-element elementor-element-6e69d494 elementor-widget elementor-widget-text-editor\" data-id=\"6e69d494\" data-element_type=\"widget\" data-widget_type=\"text-editor.default\">\n\t\t\t\t<div class=\"elementor-widget-container\">\n\t\t\t\t\t\t\t\t\tVentilateur d&#8217;appoint de s\u00e9cheuse \u00e0 admission de 5\u00a0po pour montage au plafond et au mur\r\n\r\nDescription :\r\n<ul>\r\n \t<li><strong><span>Admission<\/span><\/strong><span>\u00a0: 5\u201d<\/span><\/li>\r\n \t<li><strong><span>Poids<\/span><\/strong><span>\u00a0: 12 livres<\/span><\/li>\r\n \t<li><strong><span>D\u00e9charge<\/span><\/strong><span>\u00a0: 5\u201d<\/span><\/li>\r\n \t<li><strong><span>Dimensions<\/span><\/strong><span>\u00a0:10-1\/2\u201d x 11\u201d x 6\u201d<\/span><\/li>\r\n<\/ul>\r\nCARACT\u00c9RISTIQUES\r\n<div id=\"specifications\" class=\"specifications active\">\r\n<table border=\"1\" cellspacing=\"0\">\r\n<tbody>\r\n<tr>\r\n<td><span>Mod\u00e8le<\/span><\/td>\r\n<td><span>SDF-200<\/span><\/td>\r\n<\/tr>\r\n<tr>\r\n<td><span>0,1&#8243; sp<\/span><\/td>\r\n<td><span>206<\/span><\/td>\r\n<\/tr>\r\n<tr>\r\n<td><span>0,2&#8243; sp<\/span><\/td>\r\n<td><span>203<\/span><\/td>\r\n<\/tr>\r\n<tr>\r\n<td><span>0,3&#8243; sp<\/span><\/td>\r\n<td><span>196<\/span><\/td>\r\n<\/tr>\r\n<tr>\r\n<td><span>0,4&#8243; sp<\/span><\/td>\r\n<td><span>190<\/span><\/td>\r\n<\/tr>\r\n<tr>\r\n<td><span>0,5&#8243; sp<\/span><\/td>\r\n<td><span>183<\/span><\/td>\r\n<\/tr>\r\n<tr>\r\n<td><span>0,6&#8243; sp<\/span><\/td>\r\n<td><span>176<\/span><\/td>\r\n<\/tr>\r\n<tr>\r\n<td><span>0,7&#8243; sp<\/span><\/td>\r\n<td><span>168<\/span><\/td>\r\n<\/tr>\r\n<tr>\r\n<td><span>0,8&#8243; sp<\/span><\/td>\r\n<td><span>160<\/span><\/td>\r\n<\/tr>\r\n<tr>\r\n<td><span>Amp\u00e8res (FLA)<\/span><\/td>\r\n<td><span>0,9<\/span><\/td>\r\n<\/tr>\r\n<tr>\r\n<td><span>RPM<\/span><\/td>\r\n<td><span>2600<\/span><\/td>\r\n<\/tr>\r\n<tr>\r\n<td><strong><span>Quantit\u00e9s par caisse<\/span><\/strong><\/td>\r\n<td><span>1<\/span><\/td>\r\n<\/tr>\r\n<\/tbody>\r\n<\/table>\r\n<\/div>\t\t\t\t\t\t\t\t<\/div>\n\t\t\t\t<\/div>\n\t\t\t\t\t<\/div>\n\t\t<\/div>\n\t\t\t\t\t<\/div>\n\t\t<\/section>\n\t\t\t\t<section class=\"elementor-section elementor-top-section elementor-element elementor-element-d1b0e55 elementor-section-boxed elementor-section-height-default elementor-section-height-default\" data-id=\"d1b0e55\" data-element_type=\"section\">\n\t\t\t\t\t\t<div class=\"elementor-container elementor-column-gap-default\">\n\t\t\t\t\t<div class=\"elementor-column elementor-col-100 elementor-top-column elementor-element elementor-element-e640252\" data-id=\"e640252\" data-element_type=\"column\">\n\t\t\t<div class=\"elementor-widget-wrap elementor-element-populated\">\n\t\t\t\t\t\t<div class=\"elementor-element elementor-element-2fd04fe elementor-tabs-view-horizontal elementor-widget elementor-widget-tabs\" data-id=\"2fd04fe\" data-element_type=\"widget\" data-widget_type=\"tabs.default\">\n\t\t\t\t<div class=\"elementor-widget-container\">\n\t\t\t\t\t\t\t<div class=\"elementor-tabs\">\n\t\t\t<div class=\"elementor-tabs-wrapper\" role=\"tablist\" >\n\t\t\t\t\t\t\t\t\t<div id=\"elementor-tab-title-5011\" class=\"elementor-tab-title elementor-tab-desktop-title\" aria-selected=\"true\" data-tab=\"1\" role=\"tab\" tabindex=\"0\" aria-controls=\"elementor-tab-content-5011\" aria-expanded=\"false\">Fichiers<\/div>\n\t\t\t\t\t\t\t<\/div>\n\t\t\t<div class=\"elementor-tabs-content-wrapper\" role=\"tablist\" aria-orientation=\"vertical\">\n\t\t\t\t\t\t\t\t\t<div class=\"elementor-tab-title elementor-tab-mobile-title\" aria-selected=\"true\" data-tab=\"1\" role=\"tab\" tabindex=\"0\" aria-controls=\"elementor-tab-content-5011\" aria-expanded=\"false\">Fichiers<\/div>\n\t\t\t\t\t<div id=\"elementor-tab-content-5011\" class=\"elementor-tab-content elementor-clearfix\" data-tab=\"1\" role=\"tabpanel\" aria-labelledby=\"elementor-tab-title-5011\" tabindex=\"0\" hidden=\"false\"><i class=\"far fa-file-pdf fa-xl\" style=\"font-size:35px\"><\/i><a href=\"https:\/\/www.belleflamme.ca\/wp-content\/uploads\/2024\/05\/17007731691644900927sdf200_feb-2022-version.pdf\"> Sp\u00e9cifications<\/a><\/br>\n<i class=\"far fa-file-pdf fa-xl\" style=\"font-size:35px\"><\/i><a href=\"https:\/\/www.belleflamme.ca\/wp-content\/uploads\/2024\/05\/17006710391617295189sdf200-instruction-manual.pdf\"> Manuel<\/a><\/br>\n<i class=\"far fa-file-pdf fa-xl\" style=\"font-size:35px\"><\/i><a href=\"https:\/\/www.belleflamme.ca\/wp-content\/uploads\/2024\/05\/159103346415893312821579818455operation-and-maintenance-guide-ortech-fans-1-1.pdf\"> Service<\/a><\/br>\n<i class=\"far fa-file-pdf fa-xl\" style=\"font-size:35px\"><\/i><a href=\"https:\/\/www.belleflamme.ca\/wp-content\/uploads\/2024\/05\/159103349515893313471586783007diagram-amp-sensor-sdf200-1.pdf\"> Guide de C\u00e2blage<\/a><\/br><\/div>\n\t\t\t\t\t\t\t<\/div>\n\t\t<\/div>\n\t\t\t\t\t\t<\/div>\n\t\t\t\t<\/div>\n\t\t\t\t\t<\/div>\n\t\t<\/div>\n\t\t\t\t\t<\/div>\n\t\t<\/section>\n\t\t\t\t<\/div>\n\t\t","protected":false},"excerpt":{"rendered":"<p>Ventilateur d&#8217;appoint de s\u00e9cheuse \u00e0 admission de 5\u00a0po pour montage au plafond et au mur Description : Admission\u00a0: 5\u201d Poids\u00a0: 12 livres D\u00e9charge\u00a0: 5\u201d Dimensions\u00a0:10-1\/2\u201d x 11\u201d x 6\u201d CARACT\u00c9RISTIQUES Mod\u00e8le SDF-200 0,1&#8243; sp 206 0,2&#8243; sp 203 0,3&#8243; sp 196 0,4&#8243; sp 190 0,5&#8243; sp 183 0,6&#8243; sp 176 0,7&#8243; sp 168 0,8&#8243; sp [&hellip;]<\/p>\n","protected":false},"featured_media":39362,"template":"","meta":{"inline_featured_image":false},"product_brand":[302],"product_cat":[1450,73],"product_tag":[],"class_list":{"0":"post-39361","1":"product","2":"type-product","3":"status-publish","4":"has-post-thumbnail","6":"product_brand-ortech","7":"product_cat-ventilateur-en-ligne","8":"product_cat-ventilation","10":"first","11":"instock","12":"taxable","13":"shipping-taxable","14":"product-type-simple"},"yoast_head":"<!-- This site is optimized with the Yoast SEO Premium plugin v24.2 (Yoast SEO v24.2) - https:\/\/yoast.com\/wordpress\/plugins\/seo\/ -->\n<title>Ventilateur d&#039;appoint pour s\u00e9cheuse de 5po SDF200 de Ortech - Groupe BelleFlamme<\/title>\n<meta name=\"description\" content=\"Ventilateur d&#039;appoint pour s\u00e9cheuse de 5po SDF200 de Ortech vendu par le Groupe Belleflamme. Laval, Montr\u00e9al, Gatineau et Saint-Sauveur.\" \/>\n<meta name=\"robots\" content=\"index, follow, max-snippet:-1, max-image-preview:large, max-video-preview:-1\" \/>\n<link rel=\"canonical\" href=\"https:\/\/staging.belleflamme.ca\/fr\/produit\/ventilateur-dappoint-pour-secheuse-de-5po-sdf200-de-ortech\/\" \/>\n<meta property=\"og:locale\" content=\"fr_FR\" \/>\n<meta property=\"og:type\" content=\"article\" \/>\n<meta property=\"og:title\" content=\"Ventilateur d&#039;appoint pour s\u00e9cheuse de 5po SDF200 de Ortech\" \/>\n<meta property=\"og:description\" content=\"Ventilateur d&#039;appoint pour s\u00e9cheuse de 5po SDF200 de Ortech vendu par le Groupe Belleflamme. Laval, Montr\u00e9al, Gatineau et Saint-Sauveur.\" \/>\n<meta property=\"og:url\" content=\"https:\/\/staging.belleflamme.ca\/fr\/produit\/ventilateur-dappoint-pour-secheuse-de-5po-sdf200-de-ortech\/\" \/>\n<meta property=\"og:site_name\" content=\"Groupe BelleFlamme\" \/>\n<meta property=\"article:publisher\" content=\"https:\/\/www.facebook.com\/belleflamme.ca\/\" \/>\n<meta property=\"article:modified_time\" content=\"2024-05-17T18:20:28+00:00\" \/>\n<meta property=\"og:image\" content=\"https:\/\/www.belleflamme.ca\/wp-content\/uploads\/2024\/05\/Ventilateur-dappoint-pour-secheuse-de-5po-SDF200-de-Ortech.jpg\" \/>\n\t<meta property=\"og:image:width\" content=\"300\" \/>\n\t<meta property=\"og:image:height\" content=\"300\" \/>\n\t<meta property=\"og:image:type\" content=\"image\/jpeg\" \/>\n<meta name=\"twitter:card\" content=\"summary_large_image\" \/>\n<meta name=\"twitter:label1\" content=\"Prix\" \/>\n\t<meta name=\"twitter:data1\" content=\"\" \/>\n\t<meta name=\"twitter:label2\" content=\"Disponibilit\u00e9\" \/>\n\t<meta name=\"twitter:data2\" content=\"En stock\" \/>\n<script type=\"application\/ld+json\" class=\"yoast-schema-graph\">{\"@context\":\"https:\/\/schema.org\",\"@graph\":[{\"@type\":[\"WebPage\",\"ItemPage\"],\"@id\":\"https:\/\/staging.belleflamme.ca\/fr\/produit\/ventilateur-dappoint-pour-secheuse-de-5po-sdf200-de-ortech\/\",\"url\":\"https:\/\/staging.belleflamme.ca\/fr\/produit\/ventilateur-dappoint-pour-secheuse-de-5po-sdf200-de-ortech\/\",\"name\":\"Ventilateur d'appoint pour s\u00e9cheuse de 5po SDF200 de Ortech - Groupe BelleFlamme\",\"isPartOf\":{\"@id\":\"https:\/\/www.belleflamme.ca\/fr\/#website\"},\"primaryImageOfPage\":{\"@id\":\"https:\/\/staging.belleflamme.ca\/fr\/produit\/ventilateur-dappoint-pour-secheuse-de-5po-sdf200-de-ortech\/#primaryimage\"},\"image\":{\"@id\":\"https:\/\/staging.belleflamme.ca\/fr\/produit\/ventilateur-dappoint-pour-secheuse-de-5po-sdf200-de-ortech\/#primaryimage\"},\"thumbnailUrl\":\"https:\/\/staging.belleflamme.ca\/wp-content\/uploads\/2024\/05\/Ventilateur-dappoint-pour-secheuse-de-5po-SDF200-de-Ortech.jpg\",\"datePublished\":\"2024-05-17T15:45:54+00:00\",\"dateModified\":\"2024-05-17T18:20:28+00:00\",\"description\":\"Ventilateur d'appoint pour s\u00e9cheuse de 5po SDF200 de Ortech vendu par le Groupe Belleflamme. Laval, Montr\u00e9al, Gatineau et Saint-Sauveur.\",\"breadcrumb\":{\"@id\":\"https:\/\/staging.belleflamme.ca\/fr\/produit\/ventilateur-dappoint-pour-secheuse-de-5po-sdf200-de-ortech\/#breadcrumb\"},\"inLanguage\":\"fr-FR\",\"potentialAction\":[{\"@type\":\"ReadAction\",\"target\":[\"https:\/\/staging.belleflamme.ca\/fr\/produit\/ventilateur-dappoint-pour-secheuse-de-5po-sdf200-de-ortech\/\"]}]},{\"@type\":\"ImageObject\",\"inLanguage\":\"fr-FR\",\"@id\":\"https:\/\/staging.belleflamme.ca\/fr\/produit\/ventilateur-dappoint-pour-secheuse-de-5po-sdf200-de-ortech\/#primaryimage\",\"url\":\"https:\/\/staging.belleflamme.ca\/wp-content\/uploads\/2024\/05\/Ventilateur-dappoint-pour-secheuse-de-5po-SDF200-de-Ortech.jpg\",\"contentUrl\":\"https:\/\/staging.belleflamme.ca\/wp-content\/uploads\/2024\/05\/Ventilateur-dappoint-pour-secheuse-de-5po-SDF200-de-Ortech.jpg\",\"width\":300,\"height\":300,\"caption\":\"Ventilateur d'appoint pour s\u00e9cheuse de 5po SDF200 de Ortech\"},{\"@type\":\"BreadcrumbList\",\"@id\":\"https:\/\/staging.belleflamme.ca\/fr\/produit\/ventilateur-dappoint-pour-secheuse-de-5po-sdf200-de-ortech\/#breadcrumb\",\"itemListElement\":[{\"@type\":\"ListItem\",\"position\":1,\"name\":\"Accueil\",\"item\":\"https:\/\/www.belleflamme.ca\/fr\/\"},{\"@type\":\"ListItem\",\"position\":2,\"name\":\"Boutique\",\"item\":\"https:\/\/www.belleflamme.ca\/fr\/boutique\/\"},{\"@type\":\"ListItem\",\"position\":3,\"name\":\"Climatisation &amp; Chauffage\",\"item\":\"https:\/\/staging.belleflamme.ca\/fr\/categories\/climatisation-chauffage\/\"},{\"@type\":\"ListItem\",\"position\":4,\"name\":\"Ventilation\",\"item\":\"https:\/\/staging.belleflamme.ca\/fr\/categories\/climatisation-chauffage\/ventilation\/\"},{\"@type\":\"ListItem\",\"position\":5,\"name\":\"Ventilateur en Ligne\",\"item\":\"https:\/\/staging.belleflamme.ca\/fr\/categories\/climatisation-chauffage\/ventilation\/ventilateur-en-ligne\/\"},{\"@type\":\"ListItem\",\"position\":6,\"name\":\"Ventilateur d&#8217;appoint pour s\u00e9cheuse de 5po SDF200 de Ortech\"}]},{\"@type\":\"WebSite\",\"@id\":\"https:\/\/www.belleflamme.ca\/fr\/#website\",\"url\":\"https:\/\/www.belleflamme.ca\/fr\/\",\"name\":\"Groupe Belleflamme\",\"description\":\"La m\u00e9canique du b\u00e2timent dans le sang.\",\"publisher\":{\"@id\":\"https:\/\/www.belleflamme.ca\/fr\/#organization\"},\"potentialAction\":[{\"@type\":\"SearchAction\",\"target\":{\"@type\":\"EntryPoint\",\"urlTemplate\":\"https:\/\/www.belleflamme.ca\/fr\/?s={search_term_string}\"},\"query-input\":{\"@type\":\"PropertyValueSpecification\",\"valueRequired\":true,\"valueName\":\"search_term_string\"}}],\"inLanguage\":\"fr-FR\"},{\"@type\":[\"Organization\",\"Place\"],\"@id\":\"https:\/\/www.belleflamme.ca\/fr\/#organization\",\"name\":\"Groupe Belleflamme\",\"alternateName\":\"Belleflamme\",\"url\":\"https:\/\/www.belleflamme.ca\/fr\/\",\"logo\":{\"@type\":\"ImageObject\",\"inLanguage\":\"fr-FR\",\"@id\":\"https:\/\/www.belleflamme.ca\/fr\/#\/schema\/logo\/image\/\",\"url\":\"https:\/\/staging.belleflamme.ca\/wp-content\/uploads\/2023\/01\/og-image.jpg\",\"contentUrl\":\"https:\/\/staging.belleflamme.ca\/wp-content\/uploads\/2023\/01\/og-image.jpg\",\"width\":1200,\"height\":630,\"caption\":\"Groupe Belleflamme\"},\"image\":{\"@id\":\"https:\/\/www.belleflamme.ca\/fr\/#\/schema\/logo\/image\/\"},\"sameAs\":[\"https:\/\/www.facebook.com\/belleflamme.ca\/\",\"https:\/\/www.linkedin.com\/company\/belleflamme\/\",\"https:\/\/www.pinterest.ca\/groupebelleflamme\/\",\"https:\/\/www.instagram.com\/legroupebelleflamme\/\"],\"mainEntityOfPage\":{\"@id\":\"https:\/\/staging.belleflamme.ca\/fr\/produit\/ventilateur-dappoint-pour-secheuse-de-5po-sdf200-de-ortech\/\"}}]}<\/script>\n<meta property=\"product:brand\" content=\"Ortech\" \/>\n<meta property=\"product:price:amount\" content=\"0.00\" \/>\n<meta property=\"product:price:currency\" content=\"CAD\" \/>\n<meta property=\"og:availability\" content=\"instock\" \/>\n<meta property=\"product:availability\" content=\"instock\" \/>\n<meta property=\"product:retailer_item_id\" content=\"SDF200\" \/>\n<meta property=\"product:condition\" content=\"new\" \/>\n<!-- \/ Yoast SEO Premium plugin. -->","yoast_head_json":{"title":"Ventilateur d'appoint pour s\u00e9cheuse de 5po SDF200 de Ortech - Groupe BelleFlamme","description":"Ventilateur d'appoint pour s\u00e9cheuse de 5po SDF200 de Ortech vendu par le Groupe Belleflamme. Laval, Montr\u00e9al, Gatineau et Saint-Sauveur.","robots":{"index":"index","follow":"follow","max-snippet":"max-snippet:-1","max-image-preview":"max-image-preview:large","max-video-preview":"max-video-preview:-1"},"canonical":"https:\/\/staging.belleflamme.ca\/fr\/produit\/ventilateur-dappoint-pour-secheuse-de-5po-sdf200-de-ortech\/","og_locale":"fr_FR","og_type":"article","og_title":"Ventilateur d'appoint pour s\u00e9cheuse de 5po SDF200 de Ortech","og_description":"Ventilateur d'appoint pour s\u00e9cheuse de 5po SDF200 de Ortech vendu par le Groupe Belleflamme. Laval, Montr\u00e9al, Gatineau et Saint-Sauveur.","og_url":"https:\/\/staging.belleflamme.ca\/fr\/produit\/ventilateur-dappoint-pour-secheuse-de-5po-sdf200-de-ortech\/","og_site_name":"Groupe BelleFlamme","article_publisher":"https:\/\/www.facebook.com\/belleflamme.ca\/","article_modified_time":"2024-05-17T18:20:28+00:00","og_image":[{"width":300,"height":300,"url":"https:\/\/www.belleflamme.ca\/wp-content\/uploads\/2024\/05\/Ventilateur-dappoint-pour-secheuse-de-5po-SDF200-de-Ortech.jpg","type":"image\/jpeg"}],"twitter_card":"summary_large_image","twitter_misc":{"Prix":"","Disponibilit\u00e9":"En stock"},"schema":{"@context":"https:\/\/schema.org","@graph":[{"@type":["WebPage","ItemPage"],"@id":"https:\/\/staging.belleflamme.ca\/fr\/produit\/ventilateur-dappoint-pour-secheuse-de-5po-sdf200-de-ortech\/","url":"https:\/\/staging.belleflamme.ca\/fr\/produit\/ventilateur-dappoint-pour-secheuse-de-5po-sdf200-de-ortech\/","name":"Ventilateur d'appoint pour s\u00e9cheuse de 5po SDF200 de Ortech - Groupe BelleFlamme","isPartOf":{"@id":"https:\/\/www.belleflamme.ca\/fr\/#website"},"primaryImageOfPage":{"@id":"https:\/\/staging.belleflamme.ca\/fr\/produit\/ventilateur-dappoint-pour-secheuse-de-5po-sdf200-de-ortech\/#primaryimage"},"image":{"@id":"https:\/\/staging.belleflamme.ca\/fr\/produit\/ventilateur-dappoint-pour-secheuse-de-5po-sdf200-de-ortech\/#primaryimage"},"thumbnailUrl":"https:\/\/staging.belleflamme.ca\/wp-content\/uploads\/2024\/05\/Ventilateur-dappoint-pour-secheuse-de-5po-SDF200-de-Ortech.jpg","datePublished":"2024-05-17T15:45:54+00:00","dateModified":"2024-05-17T18:20:28+00:00","description":"Ventilateur d'appoint pour s\u00e9cheuse de 5po SDF200 de Ortech vendu par le Groupe Belleflamme. Laval, Montr\u00e9al, Gatineau et Saint-Sauveur.","breadcrumb":{"@id":"https:\/\/staging.belleflamme.ca\/fr\/produit\/ventilateur-dappoint-pour-secheuse-de-5po-sdf200-de-ortech\/#breadcrumb"},"inLanguage":"fr-FR","potentialAction":[{"@type":"ReadAction","target":["https:\/\/staging.belleflamme.ca\/fr\/produit\/ventilateur-dappoint-pour-secheuse-de-5po-sdf200-de-ortech\/"]}]},{"@type":"ImageObject","inLanguage":"fr-FR","@id":"https:\/\/staging.belleflamme.ca\/fr\/produit\/ventilateur-dappoint-pour-secheuse-de-5po-sdf200-de-ortech\/#primaryimage","url":"https:\/\/staging.belleflamme.ca\/wp-content\/uploads\/2024\/05\/Ventilateur-dappoint-pour-secheuse-de-5po-SDF200-de-Ortech.jpg","contentUrl":"https:\/\/staging.belleflamme.ca\/wp-content\/uploads\/2024\/05\/Ventilateur-dappoint-pour-secheuse-de-5po-SDF200-de-Ortech.jpg","width":300,"height":300,"caption":"Ventilateur d'appoint pour s\u00e9cheuse de 5po SDF200 de Ortech"},{"@type":"BreadcrumbList","@id":"https:\/\/staging.belleflamme.ca\/fr\/produit\/ventilateur-dappoint-pour-secheuse-de-5po-sdf200-de-ortech\/#breadcrumb","itemListElement":[{"@type":"ListItem","position":1,"name":"Accueil","item":"https:\/\/www.belleflamme.ca\/fr\/"},{"@type":"ListItem","position":2,"name":"Boutique","item":"https:\/\/www.belleflamme.ca\/fr\/boutique\/"},{"@type":"ListItem","position":3,"name":"Climatisation &amp; Chauffage","item":"https:\/\/staging.belleflamme.ca\/fr\/categories\/climatisation-chauffage\/"},{"@type":"ListItem","position":4,"name":"Ventilation","item":"https:\/\/staging.belleflamme.ca\/fr\/categories\/climatisation-chauffage\/ventilation\/"},{"@type":"ListItem","position":5,"name":"Ventilateur en Ligne","item":"https:\/\/staging.belleflamme.ca\/fr\/categories\/climatisation-chauffage\/ventilation\/ventilateur-en-ligne\/"},{"@type":"ListItem","position":6,"name":"Ventilateur d&#8217;appoint pour s\u00e9cheuse de 5po SDF200 de Ortech"}]},{"@type":"WebSite","@id":"https:\/\/www.belleflamme.ca\/fr\/#website","url":"https:\/\/www.belleflamme.ca\/fr\/","name":"Groupe Belleflamme","description":"La m\u00e9canique du b\u00e2timent dans le sang.","publisher":{"@id":"https:\/\/www.belleflamme.ca\/fr\/#organization"},"potentialAction":[{"@type":"SearchAction","target":{"@type":"EntryPoint","urlTemplate":"https:\/\/www.belleflamme.ca\/fr\/?s={search_term_string}"},"query-input":{"@type":"PropertyValueSpecification","valueRequired":true,"valueName":"search_term_string"}}],"inLanguage":"fr-FR"},{"@type":["Organization","Place"],"@id":"https:\/\/www.belleflamme.ca\/fr\/#organization","name":"Groupe Belleflamme","alternateName":"Belleflamme","url":"https:\/\/www.belleflamme.ca\/fr\/","logo":{"@type":"ImageObject","inLanguage":"fr-FR","@id":"https:\/\/www.belleflamme.ca\/fr\/#\/schema\/logo\/image\/","url":"https:\/\/staging.belleflamme.ca\/wp-content\/uploads\/2023\/01\/og-image.jpg","contentUrl":"https:\/\/staging.belleflamme.ca\/wp-content\/uploads\/2023\/01\/og-image.jpg","width":1200,"height":630,"caption":"Groupe Belleflamme"},"image":{"@id":"https:\/\/www.belleflamme.ca\/fr\/#\/schema\/logo\/image\/"},"sameAs":["https:\/\/www.facebook.com\/belleflamme.ca\/","https:\/\/www.linkedin.com\/company\/belleflamme\/","https:\/\/www.pinterest.ca\/groupebelleflamme\/","https:\/\/www.instagram.com\/legroupebelleflamme\/"],"mainEntityOfPage":{"@id":"https:\/\/staging.belleflamme.ca\/fr\/produit\/ventilateur-dappoint-pour-secheuse-de-5po-sdf200-de-ortech\/"}}]},"product_brand":"Ortech","product_price_amount":"0.00","product_price_currency":"CAD","og_availability":"instock","product_availability":"instock","product_retailer_item_id":"SDF200","product_condition":"new"},"_links":{"self":[{"href":"https:\/\/staging.belleflamme.ca\/fr\/wp-json\/wp\/v2\/product\/39361","targetHints":{"allow":["GET"]}}],"collection":[{"href":"https:\/\/staging.belleflamme.ca\/fr\/wp-json\/wp\/v2\/product"}],"about":[{"href":"https:\/\/staging.belleflamme.ca\/fr\/wp-json\/wp\/v2\/types\/product"}],"version-history":[{"count":5,"href":"https:\/\/staging.belleflamme.ca\/fr\/wp-json\/wp\/v2\/product\/39361\/revisions"}],"predecessor-version":[{"id":39490,"href":"https:\/\/staging.belleflamme.ca\/fr\/wp-json\/wp\/v2\/product\/39361\/revisions\/39490"}],"wp:featuredmedia":[{"embeddable":true,"href":"https:\/\/staging.belleflamme.ca\/fr\/wp-json\/wp\/v2\/media\/39362"}],"wp:attachment":[{"href":"https:\/\/staging.belleflamme.ca\/fr\/wp-json\/wp\/v2\/media?parent=39361"}],"wp:term":[{"taxonomy":"product_brand","embeddable":true,"href":"https:\/\/staging.belleflamme.ca\/fr\/wp-json\/wp\/v2\/product_brand?post=39361"},{"taxonomy":"product_cat","embeddable":true,"href":"https:\/\/staging.belleflamme.ca\/fr\/wp-json\/wp\/v2\/product_cat?post=39361"},{"taxonomy":"product_tag","embeddable":true,"href":"https:\/\/staging.belleflamme.ca\/fr\/wp-json\/wp\/v2\/product_tag?post=39361"}],"curies":[{"name":"wp","href":"https:\/\/api.w.org\/{rel}","templated":true}]}}