{"id":39174,"date":"2024-05-16T17:01:15","date_gmt":"2024-05-16T21:01:15","guid":{"rendered":"https:\/\/www.belleflamme.ca\/?post_type=product&#038;p=39174"},"modified":"2024-05-17T14:08:13","modified_gmt":"2024-05-17T18:08:13","slug":"ventilateur-en-ligne-odsin-80-de-ortech","status":"publish","type":"product","link":"https:\/\/staging.belleflamme.ca\/fr\/produit\/ventilateur-en-ligne-odsin-80-de-ortech\/","title":{"rendered":"Ventilateur en Ligne ODSIN-80 de Ortech"},"content":{"rendered":"\t\t<div data-elementor-type=\"product-post\" data-elementor-id=\"39174\" class=\"elementor elementor-39174\" data-elementor-post-type=\"product\">\n\t\t\t\t\t\t<section class=\"elementor-section elementor-top-section elementor-element elementor-element-1e0e593c elementor-section-boxed elementor-section-height-default elementor-section-height-default\" data-id=\"1e0e593c\" data-element_type=\"section\">\n\t\t\t\t\t\t<div class=\"elementor-container elementor-column-gap-default\">\n\t\t\t\t\t<div class=\"elementor-column elementor-col-100 elementor-top-column elementor-element elementor-element-4d9c0ab2\" data-id=\"4d9c0ab2\" data-element_type=\"column\">\n\t\t\t<div class=\"elementor-widget-wrap elementor-element-populated\">\n\t\t\t\t\t\t<div class=\"elementor-element elementor-element-547f1896 elementor-widget elementor-widget-text-editor\" data-id=\"547f1896\" data-element_type=\"widget\" data-widget_type=\"text-editor.default\">\n\t\t\t\t<div class=\"elementor-widget-container\">\n\t\t\t\t\t\t\t\t\tVentilateur en ligne de s\u00e9rie universelle de 80 CFM avec collier en plastique amovible de 6 po\r\n\r\nDescription :\r\n<div class=\"col xs12 m12 stretch-card\">\r\n<div class=\"productDesc\">\r\n<div id=\"pro_desc_misc\">\r\n<ul>\r\n \t<li><span>D\u00e9tient une \u00e9valuation ETL<\/span><\/li>\r\n \t<li><span>Moteur prot\u00e9g\u00e9 thermiquement<\/span><\/li>\r\n \t<li><span>Capable d\u2019\u00e9vacuer l\u2019air silencieusement et efficacement<\/span><\/li>\r\n \t<li><span>Le ventilateur doit \u00eatre mont\u00e9 au plafond ou au mur<\/span><\/li>\r\n \t<li><span>Livr\u00e9 avec un moteur de d\u00e9marrage \u00e0 condensateur connu pour son rendement \u00e9lev\u00e9 et sa fiabilit\u00e9 durable<\/span><\/li>\r\n<\/ul>\r\nCARACT\u00c9RISTIQUES\r\n\r\n<\/div>\r\n<\/div>\r\n<\/div>\r\n<div class=\"col xs12 m12 stretch-card\">\r\n<div id=\"desc_ins\" class=\"productDesc\">\r\n<div id=\"specifications\" class=\"specifications active\">\r\n<table border=\"1\" cellspacing=\"1\" cellpadding=\"1\">\r\n<tbody>\r\n<tr>\r\n<td><strong><span>Volume d&#8217;air (CFM)<\/span><\/strong><\/td>\r\n<td><span>80<\/span><\/td>\r\n<\/tr>\r\n<tr>\r\n<td><strong><span>Bruit (sones)<\/span><\/strong><\/td>\r\n<td><span>0,3<\/span><\/td>\r\n<\/tr>\r\n<tr>\r\n<td><strong><span>Puissance du ventilateur<\/span><\/strong><\/td>\r\n<td><span>&lt; 26W<\/span><\/td>\r\n<\/tr>\r\n<tr>\r\n<td><strong><span>Diam\u00e8tre du conduit<\/span><\/strong><\/td>\r\n<td><span>6&#8243;<\/span><\/td>\r\n<\/tr>\r\n<tr>\r\n<td><strong><span>Puissance nominale<\/span><\/strong><\/td>\r\n<td><span>120 V\/60 Hz<\/span><\/td>\r\n<\/tr>\r\n<tr>\r\n<td><strong><span>Taille du logement<\/span><\/strong><\/td>\r\n<td><span>11-5\/16&#8243; x 10-1\/2&#8243; x 7-3\/4&#8243;<\/span><\/td>\r\n<\/tr>\r\n<tr>\r\n<td><strong><span>Dimensions d&#8217;admission<\/span><\/strong><\/td>\r\n<td><span>10&#8243; x 3-1\/4&#8243;<\/span><\/td>\r\n<\/tr>\r\n<tr>\r\n<td><strong><span>Poids<\/span><\/strong><\/td>\r\n<td><span>10,4 livres<\/span><\/td>\r\n<\/tr>\r\n<\/tbody>\r\n<\/table>\r\n<\/div>\r\n<\/div>\r\n<\/div>\t\t\t\t\t\t\t\t<\/div>\n\t\t\t\t<\/div>\n\t\t\t\t\t<\/div>\n\t\t<\/div>\n\t\t\t\t\t<\/div>\n\t\t<\/section>\n\t\t\t\t<section class=\"elementor-section elementor-top-section elementor-element elementor-element-12b3419 elementor-section-boxed elementor-section-height-default elementor-section-height-default\" data-id=\"12b3419\" data-element_type=\"section\">\n\t\t\t\t\t\t<div class=\"elementor-container elementor-column-gap-default\">\n\t\t\t\t\t<div class=\"elementor-column elementor-col-100 elementor-top-column elementor-element elementor-element-a538716\" data-id=\"a538716\" data-element_type=\"column\">\n\t\t\t<div class=\"elementor-widget-wrap elementor-element-populated\">\n\t\t\t\t\t\t<div class=\"elementor-element elementor-element-16efb32 elementor-tabs-view-horizontal elementor-widget elementor-widget-tabs\" data-id=\"16efb32\" data-element_type=\"widget\" data-widget_type=\"tabs.default\">\n\t\t\t\t<div class=\"elementor-widget-container\">\n\t\t\t\t\t\t\t<div class=\"elementor-tabs\">\n\t\t\t<div class=\"elementor-tabs-wrapper\" role=\"tablist\" >\n\t\t\t\t\t\t\t\t\t<div id=\"elementor-tab-title-2401\" class=\"elementor-tab-title elementor-tab-desktop-title\" aria-selected=\"true\" data-tab=\"1\" role=\"tab\" tabindex=\"0\" aria-controls=\"elementor-tab-content-2401\" aria-expanded=\"false\">Fichiers<\/div>\n\t\t\t\t\t\t\t<\/div>\n\t\t\t<div class=\"elementor-tabs-content-wrapper\" role=\"tablist\" aria-orientation=\"vertical\">\n\t\t\t\t\t\t\t\t\t<div class=\"elementor-tab-title elementor-tab-mobile-title\" aria-selected=\"true\" data-tab=\"1\" role=\"tab\" tabindex=\"0\" aria-controls=\"elementor-tab-content-2401\" aria-expanded=\"false\">Fichiers<\/div>\n\t\t\t\t\t<div id=\"elementor-tab-content-2401\" class=\"elementor-tab-content elementor-clearfix\" data-tab=\"1\" role=\"tabpanel\" aria-labelledby=\"elementor-tab-title-2401\" tabindex=\"0\" hidden=\"false\"><i class=\"far fa-file-pdf fa-xl\" style=\"font-size:35px\"><\/i><a href=\"https:\/\/www.belleflamme.ca\/wp-content\/uploads\/2024\/05\/1638940247odsin-universal-inline-fans.pdf\"> Sp\u00e9cifications<\/a><\/br>\n<i class=\"far fa-file-pdf fa-xl\" style=\"font-size:35px\"><\/i><a href=\"https:\/\/www.belleflamme.ca\/wp-content\/uploads\/2024\/05\/1600210384odsin-fans-instruction-manual.pdf\"> Manuel<\/a><\/br><\/div>\n\t\t\t\t\t\t\t<\/div>\n\t\t<\/div>\n\t\t\t\t\t\t<\/div>\n\t\t\t\t<\/div>\n\t\t\t\t\t<\/div>\n\t\t<\/div>\n\t\t\t\t\t<\/div>\n\t\t<\/section>\n\t\t\t\t<\/div>\n\t\t","protected":false},"excerpt":{"rendered":"<p>Ventilateur en ligne de s\u00e9rie universelle de 80 CFM avec collier en plastique amovible de 6 po Description : D\u00e9tient une \u00e9valuation ETL Moteur prot\u00e9g\u00e9 thermiquement Capable d\u2019\u00e9vacuer l\u2019air silencieusement et efficacement Le ventilateur doit \u00eatre mont\u00e9 au plafond ou au mur Livr\u00e9 avec un moteur de d\u00e9marrage \u00e0 condensateur connu pour son rendement \u00e9lev\u00e9 [&hellip;]<\/p>\n","protected":false},"featured_media":39175,"template":"","meta":{"inline_featured_image":false},"product_brand":[302],"product_cat":[70,1450,73],"product_tag":[],"class_list":{"0":"post-39174","1":"product","2":"type-product","3":"status-publish","4":"has-post-thumbnail","6":"product_brand-ortech","7":"product_cat-climatisation-chauffage","8":"product_cat-ventilateur-en-ligne","9":"product_cat-ventilation","11":"first","12":"instock","13":"taxable","14":"shipping-taxable","15":"product-type-simple"},"yoast_head":"<!-- This site is optimized with the Yoast SEO Premium plugin v24.2 (Yoast SEO v24.2) - https:\/\/yoast.com\/wordpress\/plugins\/seo\/ -->\n<title>Ventilateur en Ligne ODSIN-80 de Ortech - Groupe BelleFlamme<\/title>\n<meta name=\"description\" content=\"Ventilateur en Ligne ODSIN-80 de Ortech vendu par le Groupe Belleflamme. Laval, Montr\u00e9al, Gatineau et Saint-Sauveur.\" \/>\n<meta name=\"robots\" content=\"index, follow, max-snippet:-1, max-image-preview:large, max-video-preview:-1\" \/>\n<link rel=\"canonical\" href=\"https:\/\/staging.belleflamme.ca\/fr\/produit\/ventilateur-en-ligne-odsin-80-de-ortech\/\" \/>\n<meta property=\"og:locale\" content=\"fr_FR\" \/>\n<meta property=\"og:type\" content=\"article\" \/>\n<meta property=\"og:title\" content=\"Ventilateur en Ligne ODSIN-80 de Ortech\" \/>\n<meta property=\"og:description\" content=\"Ventilateur en Ligne ODSIN-80 de Ortech vendu par le Groupe Belleflamme. Laval, Montr\u00e9al, Gatineau et Saint-Sauveur.\" \/>\n<meta property=\"og:url\" content=\"https:\/\/staging.belleflamme.ca\/fr\/produit\/ventilateur-en-ligne-odsin-80-de-ortech\/\" \/>\n<meta property=\"og:site_name\" content=\"Groupe BelleFlamme\" \/>\n<meta property=\"article:publisher\" content=\"https:\/\/www.facebook.com\/belleflamme.ca\/\" \/>\n<meta property=\"article:modified_time\" content=\"2024-05-17T18:08:13+00:00\" \/>\n<meta property=\"og:image\" content=\"https:\/\/www.belleflamme.ca\/wp-content\/uploads\/2024\/05\/Ventilateur-en-Ligne-ODSIN-80-de-Ortech.jpg\" \/>\n\t<meta property=\"og:image:width\" content=\"900\" \/>\n\t<meta property=\"og:image:height\" content=\"900\" \/>\n\t<meta property=\"og:image:type\" content=\"image\/jpeg\" \/>\n<meta name=\"twitter:card\" content=\"summary_large_image\" \/>\n<meta name=\"twitter:label1\" content=\"Prix\" \/>\n\t<meta name=\"twitter:data1\" content=\"\" \/>\n\t<meta name=\"twitter:label2\" content=\"Disponibilit\u00e9\" \/>\n\t<meta name=\"twitter:data2\" content=\"En stock\" \/>\n<script type=\"application\/ld+json\" class=\"yoast-schema-graph\">{\"@context\":\"https:\/\/schema.org\",\"@graph\":[{\"@type\":[\"WebPage\",\"ItemPage\"],\"@id\":\"https:\/\/staging.belleflamme.ca\/fr\/produit\/ventilateur-en-ligne-odsin-80-de-ortech\/\",\"url\":\"https:\/\/staging.belleflamme.ca\/fr\/produit\/ventilateur-en-ligne-odsin-80-de-ortech\/\",\"name\":\"Ventilateur en Ligne ODSIN-80 de Ortech - Groupe BelleFlamme\",\"isPartOf\":{\"@id\":\"https:\/\/www.belleflamme.ca\/fr\/#website\"},\"primaryImageOfPage\":{\"@id\":\"https:\/\/staging.belleflamme.ca\/fr\/produit\/ventilateur-en-ligne-odsin-80-de-ortech\/#primaryimage\"},\"image\":{\"@id\":\"https:\/\/staging.belleflamme.ca\/fr\/produit\/ventilateur-en-ligne-odsin-80-de-ortech\/#primaryimage\"},\"thumbnailUrl\":\"https:\/\/staging.belleflamme.ca\/wp-content\/uploads\/2024\/05\/Ventilateur-en-Ligne-ODSIN-80-de-Ortech.jpg\",\"datePublished\":\"2024-05-16T21:01:15+00:00\",\"dateModified\":\"2024-05-17T18:08:13+00:00\",\"description\":\"Ventilateur en Ligne ODSIN-80 de Ortech vendu par le Groupe Belleflamme. Laval, Montr\u00e9al, Gatineau et Saint-Sauveur.\",\"breadcrumb\":{\"@id\":\"https:\/\/staging.belleflamme.ca\/fr\/produit\/ventilateur-en-ligne-odsin-80-de-ortech\/#breadcrumb\"},\"inLanguage\":\"fr-FR\",\"potentialAction\":[{\"@type\":\"ReadAction\",\"target\":[\"https:\/\/staging.belleflamme.ca\/fr\/produit\/ventilateur-en-ligne-odsin-80-de-ortech\/\"]}]},{\"@type\":\"ImageObject\",\"inLanguage\":\"fr-FR\",\"@id\":\"https:\/\/staging.belleflamme.ca\/fr\/produit\/ventilateur-en-ligne-odsin-80-de-ortech\/#primaryimage\",\"url\":\"https:\/\/staging.belleflamme.ca\/wp-content\/uploads\/2024\/05\/Ventilateur-en-Ligne-ODSIN-80-de-Ortech.jpg\",\"contentUrl\":\"https:\/\/staging.belleflamme.ca\/wp-content\/uploads\/2024\/05\/Ventilateur-en-Ligne-ODSIN-80-de-Ortech.jpg\",\"width\":900,\"height\":900,\"caption\":\"Ventilateur en Ligne ODSIN-80 de Ortech\"},{\"@type\":\"BreadcrumbList\",\"@id\":\"https:\/\/staging.belleflamme.ca\/fr\/produit\/ventilateur-en-ligne-odsin-80-de-ortech\/#breadcrumb\",\"itemListElement\":[{\"@type\":\"ListItem\",\"position\":1,\"name\":\"Accueil\",\"item\":\"https:\/\/www.belleflamme.ca\/fr\/\"},{\"@type\":\"ListItem\",\"position\":2,\"name\":\"Boutique\",\"item\":\"https:\/\/www.belleflamme.ca\/fr\/boutique\/\"},{\"@type\":\"ListItem\",\"position\":3,\"name\":\"Climatisation &amp; Chauffage\",\"item\":\"https:\/\/staging.belleflamme.ca\/fr\/categories\/climatisation-chauffage\/\"},{\"@type\":\"ListItem\",\"position\":4,\"name\":\"Ventilation\",\"item\":\"https:\/\/staging.belleflamme.ca\/fr\/categories\/climatisation-chauffage\/ventilation\/\"},{\"@type\":\"ListItem\",\"position\":5,\"name\":\"Ventilateur en Ligne\",\"item\":\"https:\/\/staging.belleflamme.ca\/fr\/categories\/climatisation-chauffage\/ventilation\/ventilateur-en-ligne\/\"},{\"@type\":\"ListItem\",\"position\":6,\"name\":\"Ventilateur en Ligne ODSIN-80 de Ortech\"}]},{\"@type\":\"WebSite\",\"@id\":\"https:\/\/www.belleflamme.ca\/fr\/#website\",\"url\":\"https:\/\/www.belleflamme.ca\/fr\/\",\"name\":\"Groupe Belleflamme\",\"description\":\"La m\u00e9canique du b\u00e2timent dans le sang.\",\"publisher\":{\"@id\":\"https:\/\/www.belleflamme.ca\/fr\/#organization\"},\"potentialAction\":[{\"@type\":\"SearchAction\",\"target\":{\"@type\":\"EntryPoint\",\"urlTemplate\":\"https:\/\/www.belleflamme.ca\/fr\/?s={search_term_string}\"},\"query-input\":{\"@type\":\"PropertyValueSpecification\",\"valueRequired\":true,\"valueName\":\"search_term_string\"}}],\"inLanguage\":\"fr-FR\"},{\"@type\":[\"Organization\",\"Place\"],\"@id\":\"https:\/\/www.belleflamme.ca\/fr\/#organization\",\"name\":\"Groupe Belleflamme\",\"alternateName\":\"Belleflamme\",\"url\":\"https:\/\/www.belleflamme.ca\/fr\/\",\"logo\":{\"@type\":\"ImageObject\",\"inLanguage\":\"fr-FR\",\"@id\":\"https:\/\/www.belleflamme.ca\/fr\/#\/schema\/logo\/image\/\",\"url\":\"https:\/\/staging.belleflamme.ca\/wp-content\/uploads\/2023\/01\/og-image.jpg\",\"contentUrl\":\"https:\/\/staging.belleflamme.ca\/wp-content\/uploads\/2023\/01\/og-image.jpg\",\"width\":1200,\"height\":630,\"caption\":\"Groupe Belleflamme\"},\"image\":{\"@id\":\"https:\/\/www.belleflamme.ca\/fr\/#\/schema\/logo\/image\/\"},\"sameAs\":[\"https:\/\/www.facebook.com\/belleflamme.ca\/\",\"https:\/\/www.linkedin.com\/company\/belleflamme\/\",\"https:\/\/www.pinterest.ca\/groupebelleflamme\/\",\"https:\/\/www.instagram.com\/legroupebelleflamme\/\"],\"mainEntityOfPage\":{\"@id\":\"https:\/\/staging.belleflamme.ca\/fr\/produit\/ventilateur-en-ligne-odsin-80-de-ortech\/\"}}]}<\/script>\n<meta property=\"product:brand\" content=\"Ortech\" \/>\n<meta property=\"product:price:amount\" content=\"0.00\" \/>\n<meta property=\"product:price:currency\" content=\"CAD\" \/>\n<meta property=\"og:availability\" content=\"instock\" \/>\n<meta property=\"product:availability\" content=\"instock\" \/>\n<meta property=\"product:retailer_item_id\" content=\"ODSIN-80\" \/>\n<meta property=\"product:condition\" content=\"new\" \/>\n<!-- \/ Yoast SEO Premium plugin. -->","yoast_head_json":{"title":"Ventilateur en Ligne ODSIN-80 de Ortech - Groupe BelleFlamme","description":"Ventilateur en Ligne ODSIN-80 de Ortech vendu par le Groupe Belleflamme. Laval, Montr\u00e9al, Gatineau et Saint-Sauveur.","robots":{"index":"index","follow":"follow","max-snippet":"max-snippet:-1","max-image-preview":"max-image-preview:large","max-video-preview":"max-video-preview:-1"},"canonical":"https:\/\/staging.belleflamme.ca\/fr\/produit\/ventilateur-en-ligne-odsin-80-de-ortech\/","og_locale":"fr_FR","og_type":"article","og_title":"Ventilateur en Ligne ODSIN-80 de Ortech","og_description":"Ventilateur en Ligne ODSIN-80 de Ortech vendu par le Groupe Belleflamme. Laval, Montr\u00e9al, Gatineau et Saint-Sauveur.","og_url":"https:\/\/staging.belleflamme.ca\/fr\/produit\/ventilateur-en-ligne-odsin-80-de-ortech\/","og_site_name":"Groupe BelleFlamme","article_publisher":"https:\/\/www.facebook.com\/belleflamme.ca\/","article_modified_time":"2024-05-17T18:08:13+00:00","og_image":[{"width":900,"height":900,"url":"https:\/\/www.belleflamme.ca\/wp-content\/uploads\/2024\/05\/Ventilateur-en-Ligne-ODSIN-80-de-Ortech.jpg","type":"image\/jpeg"}],"twitter_card":"summary_large_image","twitter_misc":{"Prix":"","Disponibilit\u00e9":"En stock"},"schema":{"@context":"https:\/\/schema.org","@graph":[{"@type":["WebPage","ItemPage"],"@id":"https:\/\/staging.belleflamme.ca\/fr\/produit\/ventilateur-en-ligne-odsin-80-de-ortech\/","url":"https:\/\/staging.belleflamme.ca\/fr\/produit\/ventilateur-en-ligne-odsin-80-de-ortech\/","name":"Ventilateur en Ligne ODSIN-80 de Ortech - Groupe BelleFlamme","isPartOf":{"@id":"https:\/\/www.belleflamme.ca\/fr\/#website"},"primaryImageOfPage":{"@id":"https:\/\/staging.belleflamme.ca\/fr\/produit\/ventilateur-en-ligne-odsin-80-de-ortech\/#primaryimage"},"image":{"@id":"https:\/\/staging.belleflamme.ca\/fr\/produit\/ventilateur-en-ligne-odsin-80-de-ortech\/#primaryimage"},"thumbnailUrl":"https:\/\/staging.belleflamme.ca\/wp-content\/uploads\/2024\/05\/Ventilateur-en-Ligne-ODSIN-80-de-Ortech.jpg","datePublished":"2024-05-16T21:01:15+00:00","dateModified":"2024-05-17T18:08:13+00:00","description":"Ventilateur en Ligne ODSIN-80 de Ortech vendu par le Groupe Belleflamme. Laval, Montr\u00e9al, Gatineau et Saint-Sauveur.","breadcrumb":{"@id":"https:\/\/staging.belleflamme.ca\/fr\/produit\/ventilateur-en-ligne-odsin-80-de-ortech\/#breadcrumb"},"inLanguage":"fr-FR","potentialAction":[{"@type":"ReadAction","target":["https:\/\/staging.belleflamme.ca\/fr\/produit\/ventilateur-en-ligne-odsin-80-de-ortech\/"]}]},{"@type":"ImageObject","inLanguage":"fr-FR","@id":"https:\/\/staging.belleflamme.ca\/fr\/produit\/ventilateur-en-ligne-odsin-80-de-ortech\/#primaryimage","url":"https:\/\/staging.belleflamme.ca\/wp-content\/uploads\/2024\/05\/Ventilateur-en-Ligne-ODSIN-80-de-Ortech.jpg","contentUrl":"https:\/\/staging.belleflamme.ca\/wp-content\/uploads\/2024\/05\/Ventilateur-en-Ligne-ODSIN-80-de-Ortech.jpg","width":900,"height":900,"caption":"Ventilateur en Ligne ODSIN-80 de Ortech"},{"@type":"BreadcrumbList","@id":"https:\/\/staging.belleflamme.ca\/fr\/produit\/ventilateur-en-ligne-odsin-80-de-ortech\/#breadcrumb","itemListElement":[{"@type":"ListItem","position":1,"name":"Accueil","item":"https:\/\/www.belleflamme.ca\/fr\/"},{"@type":"ListItem","position":2,"name":"Boutique","item":"https:\/\/www.belleflamme.ca\/fr\/boutique\/"},{"@type":"ListItem","position":3,"name":"Climatisation &amp; Chauffage","item":"https:\/\/staging.belleflamme.ca\/fr\/categories\/climatisation-chauffage\/"},{"@type":"ListItem","position":4,"name":"Ventilation","item":"https:\/\/staging.belleflamme.ca\/fr\/categories\/climatisation-chauffage\/ventilation\/"},{"@type":"ListItem","position":5,"name":"Ventilateur en Ligne","item":"https:\/\/staging.belleflamme.ca\/fr\/categories\/climatisation-chauffage\/ventilation\/ventilateur-en-ligne\/"},{"@type":"ListItem","position":6,"name":"Ventilateur en Ligne ODSIN-80 de Ortech"}]},{"@type":"WebSite","@id":"https:\/\/www.belleflamme.ca\/fr\/#website","url":"https:\/\/www.belleflamme.ca\/fr\/","name":"Groupe Belleflamme","description":"La m\u00e9canique du b\u00e2timent dans le sang.","publisher":{"@id":"https:\/\/www.belleflamme.ca\/fr\/#organization"},"potentialAction":[{"@type":"SearchAction","target":{"@type":"EntryPoint","urlTemplate":"https:\/\/www.belleflamme.ca\/fr\/?s={search_term_string}"},"query-input":{"@type":"PropertyValueSpecification","valueRequired":true,"valueName":"search_term_string"}}],"inLanguage":"fr-FR"},{"@type":["Organization","Place"],"@id":"https:\/\/www.belleflamme.ca\/fr\/#organization","name":"Groupe Belleflamme","alternateName":"Belleflamme","url":"https:\/\/www.belleflamme.ca\/fr\/","logo":{"@type":"ImageObject","inLanguage":"fr-FR","@id":"https:\/\/www.belleflamme.ca\/fr\/#\/schema\/logo\/image\/","url":"https:\/\/staging.belleflamme.ca\/wp-content\/uploads\/2023\/01\/og-image.jpg","contentUrl":"https:\/\/staging.belleflamme.ca\/wp-content\/uploads\/2023\/01\/og-image.jpg","width":1200,"height":630,"caption":"Groupe Belleflamme"},"image":{"@id":"https:\/\/www.belleflamme.ca\/fr\/#\/schema\/logo\/image\/"},"sameAs":["https:\/\/www.facebook.com\/belleflamme.ca\/","https:\/\/www.linkedin.com\/company\/belleflamme\/","https:\/\/www.pinterest.ca\/groupebelleflamme\/","https:\/\/www.instagram.com\/legroupebelleflamme\/"],"mainEntityOfPage":{"@id":"https:\/\/staging.belleflamme.ca\/fr\/produit\/ventilateur-en-ligne-odsin-80-de-ortech\/"}}]},"product_brand":"Ortech","product_price_amount":"0.00","product_price_currency":"CAD","og_availability":"instock","product_availability":"instock","product_retailer_item_id":"ODSIN-80","product_condition":"new"},"_links":{"self":[{"href":"https:\/\/staging.belleflamme.ca\/fr\/wp-json\/wp\/v2\/product\/39174","targetHints":{"allow":["GET"]}}],"collection":[{"href":"https:\/\/staging.belleflamme.ca\/fr\/wp-json\/wp\/v2\/product"}],"about":[{"href":"https:\/\/staging.belleflamme.ca\/fr\/wp-json\/wp\/v2\/types\/product"}],"version-history":[{"count":5,"href":"https:\/\/staging.belleflamme.ca\/fr\/wp-json\/wp\/v2\/product\/39174\/revisions"}],"predecessor-version":[{"id":39474,"href":"https:\/\/staging.belleflamme.ca\/fr\/wp-json\/wp\/v2\/product\/39174\/revisions\/39474"}],"wp:featuredmedia":[{"embeddable":true,"href":"https:\/\/staging.belleflamme.ca\/fr\/wp-json\/wp\/v2\/media\/39175"}],"wp:attachment":[{"href":"https:\/\/staging.belleflamme.ca\/fr\/wp-json\/wp\/v2\/media?parent=39174"}],"wp:term":[{"taxonomy":"product_brand","embeddable":true,"href":"https:\/\/staging.belleflamme.ca\/fr\/wp-json\/wp\/v2\/product_brand?post=39174"},{"taxonomy":"product_cat","embeddable":true,"href":"https:\/\/staging.belleflamme.ca\/fr\/wp-json\/wp\/v2\/product_cat?post=39174"},{"taxonomy":"product_tag","embeddable":true,"href":"https:\/\/staging.belleflamme.ca\/fr\/wp-json\/wp\/v2\/product_tag?post=39174"}],"curies":[{"name":"wp","href":"https:\/\/api.w.org\/{rel}","templated":true}]}}