{"id":38925,"date":"2024-05-16T14:55:31","date_gmt":"2024-05-16T18:55:31","guid":{"rendered":"https:\/\/www.belleflamme.ca\/?post_type=product&#038;p=38925"},"modified":"2024-05-17T13:01:56","modified_gmt":"2024-05-17T17:01:56","slug":"ventilateur-en-ligne-oddmf-10-1070-de-ortech","status":"publish","type":"product","link":"https:\/\/staging.belleflamme.ca\/fr\/produit\/ventilateur-en-ligne-oddmf-10-1070-de-ortech\/","title":{"rendered":"Ventilateur en ligne ODDMF-10-1070 de Ortech"},"content":{"rendered":"\t\t<div data-elementor-type=\"product-post\" data-elementor-id=\"38925\" class=\"elementor elementor-38925\" data-elementor-post-type=\"product\">\n\t\t\t\t\t\t<section class=\"elementor-section elementor-top-section elementor-element elementor-element-5a3f92b7 elementor-section-boxed elementor-section-height-default elementor-section-height-default\" data-id=\"5a3f92b7\" data-element_type=\"section\">\n\t\t\t\t\t\t<div class=\"elementor-container elementor-column-gap-default\">\n\t\t\t\t\t<div class=\"elementor-column elementor-col-100 elementor-top-column elementor-element elementor-element-18250a05\" data-id=\"18250a05\" data-element_type=\"column\">\n\t\t\t<div class=\"elementor-widget-wrap elementor-element-populated\">\n\t\t\t\t\t\t<div class=\"elementor-element elementor-element-2e0c0e4d elementor-widget elementor-widget-text-editor\" data-id=\"2e0c0e4d\" data-element_type=\"widget\" data-widget_type=\"text-editor.default\">\n\t\t\t\t<div class=\"elementor-widget-container\">\n\t\t\t\t\t\t\t\t\tVentilateur en ligne \u00e0 flux mixte de taille compacte de 10\u00a0po avec diverses applications\r\n\r\nDescription :\r\n<ul>\r\n \t<li><span>Moteur brushless 6 p\u00f4les \u00e0 onde sinuso\u00efdale<\/span><\/li>\r\n \t<li><span>\u00c9quip\u00e9 d&#8217;un moteur EC sans balais de pointe<\/span><\/li>\r\n \t<li><span>Construit avec un bo\u00eetier en aluminium et des turbines doubles de conception de moteur \u00e0 r\u00e9action<\/span><\/li>\r\n \t<li><span>Peut fonctionner avec une consommation d&#8217;\u00e9nergie bien inf\u00e9rieure \u00e0 celle des ventilateurs moyens<\/span><\/li>\r\n<\/ul>\r\n&nbsp;\r\n\r\n<img fetchpriority=\"high\" decoding=\"async\" class=\"alignnone size-full wp-image-38926\" src=\"https:\/\/www.belleflamme.ca\/wp-content\/uploads\/2024\/05\/2024-05-16-14_54_01-ODDMF-10-1070.png\" alt=\"\" width=\"1279\" height=\"179\" srcset=\"https:\/\/staging.belleflamme.ca\/wp-content\/uploads\/2024\/05\/2024-05-16-14_54_01-ODDMF-10-1070.png 1279w, https:\/\/staging.belleflamme.ca\/wp-content\/uploads\/2024\/05\/2024-05-16-14_54_01-ODDMF-10-1070-300x42.png 300w, https:\/\/staging.belleflamme.ca\/wp-content\/uploads\/2024\/05\/2024-05-16-14_54_01-ODDMF-10-1070-1024x143.png 1024w, https:\/\/staging.belleflamme.ca\/wp-content\/uploads\/2024\/05\/2024-05-16-14_54_01-ODDMF-10-1070-768x107.png 768w, https:\/\/staging.belleflamme.ca\/wp-content\/uploads\/2024\/05\/2024-05-16-14_54_01-ODDMF-10-1070-900x126.png 900w\" sizes=\"(max-width: 1279px) 100vw, 1279px\" \/>\r\n\r\nCARACT\u00c9RISTIQUES\r\n<div id=\"specifications\" class=\"specifications active\">\r\n<table border=\"1\" cellspacing=\"1\" cellpadding=\"1\">\r\n<tbody>\r\n<tr>\r\n<td><strong><span>Taille du ventilateur<\/span><\/strong><\/td>\r\n<td><span>10&#8243; (250 mm)<\/span><\/td>\r\n<\/tr>\r\n<tr>\r\n<td><strong><span>Tension<\/span><\/strong><\/td>\r\n<td><span>120V<\/span><\/td>\r\n<\/tr>\r\n<tr>\r\n<td><strong><span>Max. Vitesse<\/span><\/strong><\/td>\r\n<td><span>3200 tr\/min<\/span><\/td>\r\n<\/tr>\r\n<tr>\r\n<td><strong><span>Max. Flux d&#8217;air<\/span><\/strong><\/td>\r\n<td><span>1065 PCM<\/span><\/td>\r\n<\/tr>\r\n<tr>\r\n<td><strong><span>Pression statique<\/span><\/strong><\/td>\r\n<td><span>2,05 po H\u2082O \/ 510 Pa<\/span><\/td>\r\n<\/tr>\r\n<tr>\r\n<td><strong><span>Niveau de bruit<\/span><\/strong><\/td>\r\n<td><span>65 dBA<\/span><\/td>\r\n<\/tr>\r\n<tr>\r\n<td><strong><span>Max. Pouvoir<\/span><\/strong><\/td>\r\n<td><span>150W<\/span><\/td>\r\n<\/tr>\r\n<tr>\r\n<td><strong><span>Type de moteur<\/span><\/strong><\/td>\r\n<td><span>Moteur CE<\/span><\/td>\r\n<\/tr>\r\n<tr>\r\n<td><strong><span>Conception de la turbine<\/span><\/strong><\/td>\r\n<td><span>Flux mixte<\/span><\/td>\r\n<\/tr>\r\n<tr>\r\n<td><strong><span>Indice IP<\/span><\/strong><\/td>\r\n<td><span>IP 64 (IP 68 disponible sur commande personnalis\u00e9e)<\/span><\/td>\r\n<\/tr>\r\n<tr>\r\n<td><strong><span>Poids du ventilateur<\/span><\/strong><\/td>\r\n<td><span>6,6 livres<\/span><\/td>\r\n<\/tr>\r\n<\/tbody>\r\n<\/table>\r\n<\/div>\t\t\t\t\t\t\t\t<\/div>\n\t\t\t\t<\/div>\n\t\t\t\t\t<\/div>\n\t\t<\/div>\n\t\t\t\t\t<\/div>\n\t\t<\/section>\n\t\t\t\t<section class=\"elementor-section elementor-top-section elementor-element elementor-element-db0af4f elementor-section-boxed elementor-section-height-default elementor-section-height-default\" data-id=\"db0af4f\" data-element_type=\"section\">\n\t\t\t\t\t\t<div class=\"elementor-container elementor-column-gap-default\">\n\t\t\t\t\t<div class=\"elementor-column elementor-col-100 elementor-top-column elementor-element elementor-element-82a1d96\" data-id=\"82a1d96\" data-element_type=\"column\">\n\t\t\t<div class=\"elementor-widget-wrap elementor-element-populated\">\n\t\t\t\t\t\t<div class=\"elementor-element elementor-element-e4e1a62 elementor-tabs-view-horizontal elementor-widget elementor-widget-tabs\" data-id=\"e4e1a62\" data-element_type=\"widget\" data-widget_type=\"tabs.default\">\n\t\t\t\t<div class=\"elementor-widget-container\">\n\t\t\t\t\t\t\t<div class=\"elementor-tabs\">\n\t\t\t<div class=\"elementor-tabs-wrapper\" role=\"tablist\" >\n\t\t\t\t\t\t\t\t\t<div id=\"elementor-tab-title-2391\" class=\"elementor-tab-title elementor-tab-desktop-title\" aria-selected=\"true\" data-tab=\"1\" role=\"tab\" tabindex=\"0\" aria-controls=\"elementor-tab-content-2391\" aria-expanded=\"false\">Fichiers<\/div>\n\t\t\t\t\t\t\t<\/div>\n\t\t\t<div class=\"elementor-tabs-content-wrapper\" role=\"tablist\" aria-orientation=\"vertical\">\n\t\t\t\t\t\t\t\t\t<div class=\"elementor-tab-title elementor-tab-mobile-title\" aria-selected=\"true\" data-tab=\"1\" role=\"tab\" tabindex=\"0\" aria-controls=\"elementor-tab-content-2391\" aria-expanded=\"false\">Fichiers<\/div>\n\t\t\t\t\t<div id=\"elementor-tab-content-2391\" class=\"elementor-tab-content elementor-clearfix\" data-tab=\"1\" role=\"tabpanel\" aria-labelledby=\"elementor-tab-title-2391\" tabindex=\"0\" hidden=\"false\"><i class=\"far fa-file-pdf fa-xl\" style=\"font-size:35px\"><\/i><a href=\"https:\/\/www.belleflamme.ca\/wp-content\/uploads\/2024\/05\/168453638016845360661675968666167345333116559197361639623716oddmf-10-1065_revised.pdf\"> Sp\u00e9cifications<\/a><\/br>\n<i class=\"far fa-file-pdf fa-xl\" style=\"font-size:35px\"><\/i><a href=\"https:\/\/www.belleflamme.ca\/wp-content\/uploads\/2024\/05\/16575793861639623729oddmf-6_8_10_12-instruction-manual.pdf\"> Manuel<\/a><\/br><\/div>\n\t\t\t\t\t\t\t<\/div>\n\t\t<\/div>\n\t\t\t\t\t\t<\/div>\n\t\t\t\t<\/div>\n\t\t\t\t\t<\/div>\n\t\t<\/div>\n\t\t\t\t\t<\/div>\n\t\t<\/section>\n\t\t\t\t<\/div>\n\t\t","protected":false},"excerpt":{"rendered":"<p>Ventilateur en ligne \u00e0 flux mixte de taille compacte de 10\u00a0po avec diverses applications Description : Moteur brushless 6 p\u00f4les \u00e0 onde sinuso\u00efdale \u00c9quip\u00e9 d&#8217;un moteur EC sans balais de pointe Construit avec un bo\u00eetier en aluminium et des turbines doubles de conception de moteur \u00e0 r\u00e9action Peut fonctionner avec une consommation d&#8217;\u00e9nergie bien inf\u00e9rieure [&hellip;]<\/p>\n","protected":false},"featured_media":38928,"template":"","meta":{"inline_featured_image":false},"product_brand":[302],"product_cat":[70,1450,73],"product_tag":[],"class_list":{"0":"post-38925","1":"product","2":"type-product","3":"status-publish","4":"has-post-thumbnail","6":"product_brand-ortech","7":"product_cat-climatisation-chauffage","8":"product_cat-ventilateur-en-ligne","9":"product_cat-ventilation","11":"first","12":"instock","13":"taxable","14":"shipping-taxable","15":"product-type-simple"},"yoast_head":"<!-- This site is optimized with the Yoast SEO Premium plugin v24.2 (Yoast SEO v24.2) - https:\/\/yoast.com\/wordpress\/plugins\/seo\/ -->\n<title>Ventilateur en ligne ODDMF-10-1070 de Ortech - Groupe BelleFlamme<\/title>\n<meta name=\"description\" content=\"Ventilateur en ligne ODDMF-10-1070 de Ortech vendu par le Groupe Belleflamme. Laval, Montr\u00e9al, Gatineau et Saint-Sauveur.\" \/>\n<meta name=\"robots\" content=\"index, follow, max-snippet:-1, max-image-preview:large, max-video-preview:-1\" \/>\n<link rel=\"canonical\" href=\"https:\/\/staging.belleflamme.ca\/fr\/produit\/ventilateur-en-ligne-oddmf-10-1070-de-ortech\/\" \/>\n<meta property=\"og:locale\" content=\"fr_FR\" \/>\n<meta property=\"og:type\" content=\"article\" \/>\n<meta property=\"og:title\" content=\"Ventilateur en ligne ODDMF-10-1070 de Ortech\" \/>\n<meta property=\"og:description\" content=\"Ventilateur en ligne ODDMF-10-1070 de Ortech vendu par le Groupe Belleflamme. Laval, Montr\u00e9al, Gatineau et Saint-Sauveur.\" \/>\n<meta property=\"og:url\" content=\"https:\/\/staging.belleflamme.ca\/fr\/produit\/ventilateur-en-ligne-oddmf-10-1070-de-ortech\/\" \/>\n<meta property=\"og:site_name\" content=\"Groupe BelleFlamme\" \/>\n<meta property=\"article:publisher\" content=\"https:\/\/www.facebook.com\/belleflamme.ca\/\" \/>\n<meta property=\"article:modified_time\" content=\"2024-05-17T17:01:56+00:00\" \/>\n<meta property=\"og:image\" content=\"https:\/\/www.belleflamme.ca\/wp-content\/uploads\/2024\/05\/Ventilateur-en-ligne-ODDMF-10-1070-de-Ortech.jpg\" \/>\n\t<meta property=\"og:image:width\" content=\"900\" \/>\n\t<meta property=\"og:image:height\" content=\"900\" \/>\n\t<meta property=\"og:image:type\" content=\"image\/jpeg\" \/>\n<meta name=\"twitter:card\" content=\"summary_large_image\" \/>\n<meta name=\"twitter:label1\" content=\"Prix\" \/>\n\t<meta name=\"twitter:data1\" content=\"\" \/>\n\t<meta name=\"twitter:label2\" content=\"Disponibilit\u00e9\" \/>\n\t<meta name=\"twitter:data2\" content=\"En stock\" \/>\n<script type=\"application\/ld+json\" class=\"yoast-schema-graph\">{\"@context\":\"https:\/\/schema.org\",\"@graph\":[{\"@type\":[\"WebPage\",\"ItemPage\"],\"@id\":\"https:\/\/staging.belleflamme.ca\/fr\/produit\/ventilateur-en-ligne-oddmf-10-1070-de-ortech\/\",\"url\":\"https:\/\/staging.belleflamme.ca\/fr\/produit\/ventilateur-en-ligne-oddmf-10-1070-de-ortech\/\",\"name\":\"Ventilateur en ligne ODDMF-10-1070 de Ortech - Groupe BelleFlamme\",\"isPartOf\":{\"@id\":\"https:\/\/www.belleflamme.ca\/fr\/#website\"},\"primaryImageOfPage\":{\"@id\":\"https:\/\/staging.belleflamme.ca\/fr\/produit\/ventilateur-en-ligne-oddmf-10-1070-de-ortech\/#primaryimage\"},\"image\":{\"@id\":\"https:\/\/staging.belleflamme.ca\/fr\/produit\/ventilateur-en-ligne-oddmf-10-1070-de-ortech\/#primaryimage\"},\"thumbnailUrl\":\"https:\/\/staging.belleflamme.ca\/wp-content\/uploads\/2024\/05\/Ventilateur-en-ligne-ODDMF-10-1070-de-Ortech.jpg\",\"datePublished\":\"2024-05-16T18:55:31+00:00\",\"dateModified\":\"2024-05-17T17:01:56+00:00\",\"description\":\"Ventilateur en ligne ODDMF-10-1070 de Ortech vendu par le Groupe Belleflamme. Laval, Montr\u00e9al, Gatineau et Saint-Sauveur.\",\"breadcrumb\":{\"@id\":\"https:\/\/staging.belleflamme.ca\/fr\/produit\/ventilateur-en-ligne-oddmf-10-1070-de-ortech\/#breadcrumb\"},\"inLanguage\":\"fr-FR\",\"potentialAction\":[{\"@type\":\"ReadAction\",\"target\":[\"https:\/\/staging.belleflamme.ca\/fr\/produit\/ventilateur-en-ligne-oddmf-10-1070-de-ortech\/\"]}]},{\"@type\":\"ImageObject\",\"inLanguage\":\"fr-FR\",\"@id\":\"https:\/\/staging.belleflamme.ca\/fr\/produit\/ventilateur-en-ligne-oddmf-10-1070-de-ortech\/#primaryimage\",\"url\":\"https:\/\/staging.belleflamme.ca\/wp-content\/uploads\/2024\/05\/Ventilateur-en-ligne-ODDMF-10-1070-de-Ortech.jpg\",\"contentUrl\":\"https:\/\/staging.belleflamme.ca\/wp-content\/uploads\/2024\/05\/Ventilateur-en-ligne-ODDMF-10-1070-de-Ortech.jpg\",\"width\":900,\"height\":900,\"caption\":\"Ventilateur en ligne ODDMF-10-1070 de Ortech\"},{\"@type\":\"BreadcrumbList\",\"@id\":\"https:\/\/staging.belleflamme.ca\/fr\/produit\/ventilateur-en-ligne-oddmf-10-1070-de-ortech\/#breadcrumb\",\"itemListElement\":[{\"@type\":\"ListItem\",\"position\":1,\"name\":\"Accueil\",\"item\":\"https:\/\/www.belleflamme.ca\/fr\/\"},{\"@type\":\"ListItem\",\"position\":2,\"name\":\"Boutique\",\"item\":\"https:\/\/www.belleflamme.ca\/fr\/boutique\/\"},{\"@type\":\"ListItem\",\"position\":3,\"name\":\"Climatisation &amp; Chauffage\",\"item\":\"https:\/\/staging.belleflamme.ca\/fr\/categories\/climatisation-chauffage\/\"},{\"@type\":\"ListItem\",\"position\":4,\"name\":\"Ventilation\",\"item\":\"https:\/\/staging.belleflamme.ca\/fr\/categories\/climatisation-chauffage\/ventilation\/\"},{\"@type\":\"ListItem\",\"position\":5,\"name\":\"Ventilateur en Ligne\",\"item\":\"https:\/\/staging.belleflamme.ca\/fr\/categories\/climatisation-chauffage\/ventilation\/ventilateur-en-ligne\/\"},{\"@type\":\"ListItem\",\"position\":6,\"name\":\"Ventilateur en ligne ODDMF-10-1070 de Ortech\"}]},{\"@type\":\"WebSite\",\"@id\":\"https:\/\/www.belleflamme.ca\/fr\/#website\",\"url\":\"https:\/\/www.belleflamme.ca\/fr\/\",\"name\":\"Groupe Belleflamme\",\"description\":\"La m\u00e9canique du b\u00e2timent dans le sang.\",\"publisher\":{\"@id\":\"https:\/\/www.belleflamme.ca\/fr\/#organization\"},\"potentialAction\":[{\"@type\":\"SearchAction\",\"target\":{\"@type\":\"EntryPoint\",\"urlTemplate\":\"https:\/\/www.belleflamme.ca\/fr\/?s={search_term_string}\"},\"query-input\":{\"@type\":\"PropertyValueSpecification\",\"valueRequired\":true,\"valueName\":\"search_term_string\"}}],\"inLanguage\":\"fr-FR\"},{\"@type\":[\"Organization\",\"Place\"],\"@id\":\"https:\/\/www.belleflamme.ca\/fr\/#organization\",\"name\":\"Groupe Belleflamme\",\"alternateName\":\"Belleflamme\",\"url\":\"https:\/\/www.belleflamme.ca\/fr\/\",\"logo\":{\"@type\":\"ImageObject\",\"inLanguage\":\"fr-FR\",\"@id\":\"https:\/\/www.belleflamme.ca\/fr\/#\/schema\/logo\/image\/\",\"url\":\"https:\/\/staging.belleflamme.ca\/wp-content\/uploads\/2023\/01\/og-image.jpg\",\"contentUrl\":\"https:\/\/staging.belleflamme.ca\/wp-content\/uploads\/2023\/01\/og-image.jpg\",\"width\":1200,\"height\":630,\"caption\":\"Groupe Belleflamme\"},\"image\":{\"@id\":\"https:\/\/www.belleflamme.ca\/fr\/#\/schema\/logo\/image\/\"},\"sameAs\":[\"https:\/\/www.facebook.com\/belleflamme.ca\/\",\"https:\/\/www.linkedin.com\/company\/belleflamme\/\",\"https:\/\/www.pinterest.ca\/groupebelleflamme\/\",\"https:\/\/www.instagram.com\/legroupebelleflamme\/\"],\"mainEntityOfPage\":{\"@id\":\"https:\/\/staging.belleflamme.ca\/fr\/produit\/ventilateur-en-ligne-oddmf-10-1070-de-ortech\/\"}}]}<\/script>\n<meta property=\"product:brand\" content=\"Ortech\" \/>\n<meta property=\"product:price:amount\" content=\"0.00\" \/>\n<meta property=\"product:price:currency\" content=\"CAD\" \/>\n<meta property=\"og:availability\" content=\"instock\" \/>\n<meta property=\"product:availability\" content=\"instock\" \/>\n<meta property=\"product:retailer_item_id\" content=\"ODDMF-10-1070\" \/>\n<meta property=\"product:condition\" content=\"new\" \/>\n<!-- \/ Yoast SEO Premium plugin. -->","yoast_head_json":{"title":"Ventilateur en ligne ODDMF-10-1070 de Ortech - Groupe BelleFlamme","description":"Ventilateur en ligne ODDMF-10-1070 de Ortech vendu par le Groupe Belleflamme. Laval, Montr\u00e9al, Gatineau et Saint-Sauveur.","robots":{"index":"index","follow":"follow","max-snippet":"max-snippet:-1","max-image-preview":"max-image-preview:large","max-video-preview":"max-video-preview:-1"},"canonical":"https:\/\/staging.belleflamme.ca\/fr\/produit\/ventilateur-en-ligne-oddmf-10-1070-de-ortech\/","og_locale":"fr_FR","og_type":"article","og_title":"Ventilateur en ligne ODDMF-10-1070 de Ortech","og_description":"Ventilateur en ligne ODDMF-10-1070 de Ortech vendu par le Groupe Belleflamme. Laval, Montr\u00e9al, Gatineau et Saint-Sauveur.","og_url":"https:\/\/staging.belleflamme.ca\/fr\/produit\/ventilateur-en-ligne-oddmf-10-1070-de-ortech\/","og_site_name":"Groupe BelleFlamme","article_publisher":"https:\/\/www.facebook.com\/belleflamme.ca\/","article_modified_time":"2024-05-17T17:01:56+00:00","og_image":[{"width":900,"height":900,"url":"https:\/\/www.belleflamme.ca\/wp-content\/uploads\/2024\/05\/Ventilateur-en-ligne-ODDMF-10-1070-de-Ortech.jpg","type":"image\/jpeg"}],"twitter_card":"summary_large_image","twitter_misc":{"Prix":"","Disponibilit\u00e9":"En stock"},"schema":{"@context":"https:\/\/schema.org","@graph":[{"@type":["WebPage","ItemPage"],"@id":"https:\/\/staging.belleflamme.ca\/fr\/produit\/ventilateur-en-ligne-oddmf-10-1070-de-ortech\/","url":"https:\/\/staging.belleflamme.ca\/fr\/produit\/ventilateur-en-ligne-oddmf-10-1070-de-ortech\/","name":"Ventilateur en ligne ODDMF-10-1070 de Ortech - Groupe BelleFlamme","isPartOf":{"@id":"https:\/\/www.belleflamme.ca\/fr\/#website"},"primaryImageOfPage":{"@id":"https:\/\/staging.belleflamme.ca\/fr\/produit\/ventilateur-en-ligne-oddmf-10-1070-de-ortech\/#primaryimage"},"image":{"@id":"https:\/\/staging.belleflamme.ca\/fr\/produit\/ventilateur-en-ligne-oddmf-10-1070-de-ortech\/#primaryimage"},"thumbnailUrl":"https:\/\/staging.belleflamme.ca\/wp-content\/uploads\/2024\/05\/Ventilateur-en-ligne-ODDMF-10-1070-de-Ortech.jpg","datePublished":"2024-05-16T18:55:31+00:00","dateModified":"2024-05-17T17:01:56+00:00","description":"Ventilateur en ligne ODDMF-10-1070 de Ortech vendu par le Groupe Belleflamme. Laval, Montr\u00e9al, Gatineau et Saint-Sauveur.","breadcrumb":{"@id":"https:\/\/staging.belleflamme.ca\/fr\/produit\/ventilateur-en-ligne-oddmf-10-1070-de-ortech\/#breadcrumb"},"inLanguage":"fr-FR","potentialAction":[{"@type":"ReadAction","target":["https:\/\/staging.belleflamme.ca\/fr\/produit\/ventilateur-en-ligne-oddmf-10-1070-de-ortech\/"]}]},{"@type":"ImageObject","inLanguage":"fr-FR","@id":"https:\/\/staging.belleflamme.ca\/fr\/produit\/ventilateur-en-ligne-oddmf-10-1070-de-ortech\/#primaryimage","url":"https:\/\/staging.belleflamme.ca\/wp-content\/uploads\/2024\/05\/Ventilateur-en-ligne-ODDMF-10-1070-de-Ortech.jpg","contentUrl":"https:\/\/staging.belleflamme.ca\/wp-content\/uploads\/2024\/05\/Ventilateur-en-ligne-ODDMF-10-1070-de-Ortech.jpg","width":900,"height":900,"caption":"Ventilateur en ligne ODDMF-10-1070 de Ortech"},{"@type":"BreadcrumbList","@id":"https:\/\/staging.belleflamme.ca\/fr\/produit\/ventilateur-en-ligne-oddmf-10-1070-de-ortech\/#breadcrumb","itemListElement":[{"@type":"ListItem","position":1,"name":"Accueil","item":"https:\/\/www.belleflamme.ca\/fr\/"},{"@type":"ListItem","position":2,"name":"Boutique","item":"https:\/\/www.belleflamme.ca\/fr\/boutique\/"},{"@type":"ListItem","position":3,"name":"Climatisation &amp; Chauffage","item":"https:\/\/staging.belleflamme.ca\/fr\/categories\/climatisation-chauffage\/"},{"@type":"ListItem","position":4,"name":"Ventilation","item":"https:\/\/staging.belleflamme.ca\/fr\/categories\/climatisation-chauffage\/ventilation\/"},{"@type":"ListItem","position":5,"name":"Ventilateur en Ligne","item":"https:\/\/staging.belleflamme.ca\/fr\/categories\/climatisation-chauffage\/ventilation\/ventilateur-en-ligne\/"},{"@type":"ListItem","position":6,"name":"Ventilateur en ligne ODDMF-10-1070 de Ortech"}]},{"@type":"WebSite","@id":"https:\/\/www.belleflamme.ca\/fr\/#website","url":"https:\/\/www.belleflamme.ca\/fr\/","name":"Groupe Belleflamme","description":"La m\u00e9canique du b\u00e2timent dans le sang.","publisher":{"@id":"https:\/\/www.belleflamme.ca\/fr\/#organization"},"potentialAction":[{"@type":"SearchAction","target":{"@type":"EntryPoint","urlTemplate":"https:\/\/www.belleflamme.ca\/fr\/?s={search_term_string}"},"query-input":{"@type":"PropertyValueSpecification","valueRequired":true,"valueName":"search_term_string"}}],"inLanguage":"fr-FR"},{"@type":["Organization","Place"],"@id":"https:\/\/www.belleflamme.ca\/fr\/#organization","name":"Groupe Belleflamme","alternateName":"Belleflamme","url":"https:\/\/www.belleflamme.ca\/fr\/","logo":{"@type":"ImageObject","inLanguage":"fr-FR","@id":"https:\/\/www.belleflamme.ca\/fr\/#\/schema\/logo\/image\/","url":"https:\/\/staging.belleflamme.ca\/wp-content\/uploads\/2023\/01\/og-image.jpg","contentUrl":"https:\/\/staging.belleflamme.ca\/wp-content\/uploads\/2023\/01\/og-image.jpg","width":1200,"height":630,"caption":"Groupe Belleflamme"},"image":{"@id":"https:\/\/www.belleflamme.ca\/fr\/#\/schema\/logo\/image\/"},"sameAs":["https:\/\/www.facebook.com\/belleflamme.ca\/","https:\/\/www.linkedin.com\/company\/belleflamme\/","https:\/\/www.pinterest.ca\/groupebelleflamme\/","https:\/\/www.instagram.com\/legroupebelleflamme\/"],"mainEntityOfPage":{"@id":"https:\/\/staging.belleflamme.ca\/fr\/produit\/ventilateur-en-ligne-oddmf-10-1070-de-ortech\/"}}]},"product_brand":"Ortech","product_price_amount":"0.00","product_price_currency":"CAD","og_availability":"instock","product_availability":"instock","product_retailer_item_id":"ODDMF-10-1070","product_condition":"new"},"_links":{"self":[{"href":"https:\/\/staging.belleflamme.ca\/fr\/wp-json\/wp\/v2\/product\/38925","targetHints":{"allow":["GET"]}}],"collection":[{"href":"https:\/\/staging.belleflamme.ca\/fr\/wp-json\/wp\/v2\/product"}],"about":[{"href":"https:\/\/staging.belleflamme.ca\/fr\/wp-json\/wp\/v2\/types\/product"}],"version-history":[{"count":5,"href":"https:\/\/staging.belleflamme.ca\/fr\/wp-json\/wp\/v2\/product\/38925\/revisions"}],"predecessor-version":[{"id":39441,"href":"https:\/\/staging.belleflamme.ca\/fr\/wp-json\/wp\/v2\/product\/38925\/revisions\/39441"}],"wp:featuredmedia":[{"embeddable":true,"href":"https:\/\/staging.belleflamme.ca\/fr\/wp-json\/wp\/v2\/media\/38928"}],"wp:attachment":[{"href":"https:\/\/staging.belleflamme.ca\/fr\/wp-json\/wp\/v2\/media?parent=38925"}],"wp:term":[{"taxonomy":"product_brand","embeddable":true,"href":"https:\/\/staging.belleflamme.ca\/fr\/wp-json\/wp\/v2\/product_brand?post=38925"},{"taxonomy":"product_cat","embeddable":true,"href":"https:\/\/staging.belleflamme.ca\/fr\/wp-json\/wp\/v2\/product_cat?post=38925"},{"taxonomy":"product_tag","embeddable":true,"href":"https:\/\/staging.belleflamme.ca\/fr\/wp-json\/wp\/v2\/product_tag?post=38925"}],"curies":[{"name":"wp","href":"https:\/\/api.w.org\/{rel}","templated":true}]}}