{"id":38790,"date":"2024-05-16T10:17:14","date_gmt":"2024-05-16T14:17:14","guid":{"rendered":"https:\/\/www.belleflamme.ca\/?post_type=product&#038;p=38790"},"modified":"2024-05-17T12:50:00","modified_gmt":"2024-05-17T16:50:00","slug":"ventilateur-en-ligne-oddin-110-de-ortech","status":"publish","type":"product","link":"https:\/\/staging.belleflamme.ca\/fr\/produit\/ventilateur-en-ligne-oddin-110-de-ortech\/","title":{"rendered":"Ventilateur en ligne ODDIN-110 de Ortech"},"content":{"rendered":"\t\t<div data-elementor-type=\"product-post\" data-elementor-id=\"38790\" class=\"elementor elementor-38790\" data-elementor-post-type=\"product\">\n\t\t\t\t\t\t<section class=\"elementor-section elementor-top-section elementor-element elementor-element-79db74ac elementor-section-boxed elementor-section-height-default elementor-section-height-default\" data-id=\"79db74ac\" data-element_type=\"section\">\n\t\t\t\t\t\t<div class=\"elementor-container elementor-column-gap-default\">\n\t\t\t\t\t<div class=\"elementor-column elementor-col-100 elementor-top-column elementor-element elementor-element-bc32113\" data-id=\"bc32113\" data-element_type=\"column\">\n\t\t\t<div class=\"elementor-widget-wrap elementor-element-populated\">\n\t\t\t\t\t\t<div class=\"elementor-element elementor-element-282b6e4c elementor-widget elementor-widget-text-editor\" data-id=\"282b6e4c\" data-element_type=\"widget\" data-widget_type=\"text-editor.default\">\n\t\t\t\t<div class=\"elementor-widget-container\">\n\t\t\t\t\t\t\t\t\t<p>Ventilateur en ligne de s\u00e9rie universelle de 90 \u00e0 140 CFM avec collier m\u00e9tallique amovible de 6&#8243;<\/p>\n<p>&nbsp;<\/p>\n<p>Description:<\/p>\n<ul>\n<li><span>Livr\u00e9 avec une fonction basse vitesse dot\u00e9e d&#8217;un contr\u00f4leur de vitesse\/vitesse int\u00e9gr\u00e9 con\u00e7u pour fonctionner en continu 24 heures sur 24 afin de respecter les codes du b\u00e2timent locaux.<\/span><\/li>\n<li><span>Offre un ventilateur capable de produire 4 CFM diff\u00e9rents de 90 \u00e0 140 cfm (vitesse variable r\u00e9glable de 30 cfm \u00e0 140 cfm)<\/span><\/li>\n<li><span>Cela permet au ventilateur de fonctionner pendant quelques minutes suppl\u00e9mentaires pour s&#8217;assurer que tout l&#8217;air vici\u00e9 a \u00e9t\u00e9 \u00e9limin\u00e9.<\/span><\/li>\n<li><span>Lorsque le ventilateur est \u00e9teint, il dispose d&#8217;un d\u00e9lai int\u00e9gr\u00e9 qui peut \u00eatre r\u00e9gl\u00e9 entre 3 et 30 minutes.<\/span><\/li>\n<li><span>Les cinq vitesses du ventilateur ont \u00e9t\u00e9 r\u00e9gl\u00e9es en usine pour r\u00e9pondre aux performances indiqu\u00e9es sur le tableau des ventilateurs.<\/span><\/li>\n<li><span>Les performances du ventilateur peuvent \u00eatre simplement modifi\u00e9es en ajustant les commandes de d\u00e9placement du ventilateur int\u00e9gr\u00e9es.<\/span><\/li>\n<li><span>Peut \u00eatre mont\u00e9 au plafond ou au mur et capable d&#8217;\u00e9vacuer l&#8217;air de mani\u00e8re silencieuse et efficace.<\/span><\/li>\n<li><span>Porte une \u00e9valuation cETLus<\/span><\/li>\n<\/ul><div><br><\/div>\n<p>CARACT\u00c9RISTIQUES<\/p>\n<div id=\"specifications\" class=\"specifications active\">\n<table border=\"1\" cellspacing=\"1\" cellpadding=\"1\">\n<tbody>\n<tr>\n<td><strong><span>Volume d&#8217;air (CFM)<\/span><\/strong><\/td>\n<td><span>90\/110\/120\/140<\/span><\/td>\n<\/tr>\n<tr>\n<td><strong><span>Bruit (sones)<\/span><\/strong><\/td>\n<td><span>0,5 \/ 0,9 \/ 1,2 \/ 1,6<\/span><\/td>\n<\/tr>\n<tr>\n<td><strong><span>Puissance du ventilateur<\/span><\/strong><\/td>\n<td><span>8,1 W \/ 10,3 W \/ 12,2 W \/ 15,6 W<\/span><\/td>\n<\/tr>\n<tr>\n<td><strong><span>Diam\u00e8tre du conduit<\/span><\/strong><\/td>\n<td><span>6&#8243;<\/span><\/td>\n<\/tr>\n<tr>\n<td><strong><span>Puissance nominale<\/span><\/strong><\/td>\n<td><span>120 V\/60 Hz<\/span><\/td>\n<\/tr>\n<tr>\n<td><strong><span>Taille du logement<\/span><\/strong><\/td>\n<td><span>11-5\/16&#8243; x 10-1\/2&#8243; x 7-3\/4&#8243;<\/span><\/td>\n<\/tr>\n<tr>\n<td><strong><span>Dimensions d&#8217;admission<\/span><\/strong><\/td>\n<td><span>10&#8243; x 3-1\/4&#8243;<\/span><\/td>\n<\/tr>\n<\/tbody>\n<\/table>\n<\/div>\t\t\t\t\t\t\t\t<\/div>\n\t\t\t\t<\/div>\n\t\t\t\t\t<\/div>\n\t\t<\/div>\n\t\t\t\t\t<\/div>\n\t\t<\/section>\n\t\t\t\t<section class=\"elementor-section elementor-top-section elementor-element elementor-element-608e291 elementor-section-boxed elementor-section-height-default elementor-section-height-default\" data-id=\"608e291\" data-element_type=\"section\">\n\t\t\t\t\t\t<div class=\"elementor-container elementor-column-gap-default\">\n\t\t\t\t\t<div class=\"elementor-column elementor-col-100 elementor-top-column elementor-element elementor-element-86c88e6\" data-id=\"86c88e6\" data-element_type=\"column\">\n\t\t\t<div class=\"elementor-widget-wrap elementor-element-populated\">\n\t\t\t\t\t\t<div class=\"elementor-element elementor-element-17a787f elementor-tabs-view-horizontal elementor-widget elementor-widget-tabs\" data-id=\"17a787f\" data-element_type=\"widget\" data-widget_type=\"tabs.default\">\n\t\t\t\t<div class=\"elementor-widget-container\">\n\t\t\t\t\t\t\t<div class=\"elementor-tabs\">\n\t\t\t<div class=\"elementor-tabs-wrapper\" role=\"tablist\" >\n\t\t\t\t\t\t\t\t\t<div id=\"elementor-tab-title-2481\" class=\"elementor-tab-title elementor-tab-desktop-title\" aria-selected=\"true\" data-tab=\"1\" role=\"tab\" tabindex=\"0\" aria-controls=\"elementor-tab-content-2481\" aria-expanded=\"false\">Fichiers<\/div>\n\t\t\t\t\t\t\t<\/div>\n\t\t\t<div class=\"elementor-tabs-content-wrapper\" role=\"tablist\" aria-orientation=\"vertical\">\n\t\t\t\t\t\t\t\t\t<div class=\"elementor-tab-title elementor-tab-mobile-title\" aria-selected=\"true\" data-tab=\"1\" role=\"tab\" tabindex=\"0\" aria-controls=\"elementor-tab-content-2481\" aria-expanded=\"false\">Fichiers<\/div>\n\t\t\t\t\t<div id=\"elementor-tab-content-2481\" class=\"elementor-tab-content elementor-clearfix\" data-tab=\"1\" role=\"tabpanel\" aria-labelledby=\"elementor-tab-title-2481\" tabindex=\"0\" hidden=\"false\"><i class=\"far fa-file-pdf fa-xl\" style=\"font-size:35px\"><\/i><a href=\"https:\/\/www.belleflamme.ca\/wp-content\/uploads\/2024\/05\/1638937452oddin110.pdf\"> Sp\u00e9cification<\/a><\/br>\n<i class=\"far fa-file-pdf fa-xl\" style=\"font-size:35px\"><\/i><a href=\"https:\/\/www.belleflamme.ca\/wp-content\/uploads\/2024\/05\/1600192043oddin110-instruction-manual_ortech.pdf\"> Manuel<\/a><\/br><\/div>\n\t\t\t\t\t\t\t<\/div>\n\t\t<\/div>\n\t\t\t\t\t\t<\/div>\n\t\t\t\t<\/div>\n\t\t\t\t\t<\/div>\n\t\t<\/div>\n\t\t\t\t\t<\/div>\n\t\t<\/section>\n\t\t\t\t<\/div>\n\t\t","protected":false},"excerpt":{"rendered":"<p>Ventilateur en ligne de s\u00e9rie universelle de 90 \u00e0 140 CFM avec collier m\u00e9tallique amovible de 6&#8243; &nbsp; Description: Livr\u00e9 avec une fonction basse vitesse dot\u00e9e d&#8217;un contr\u00f4leur de vitesse\/vitesse int\u00e9gr\u00e9 con\u00e7u pour fonctionner en continu 24 heures sur 24 afin de respecter les codes du b\u00e2timent locaux. Offre un ventilateur capable de produire 4 [&hellip;]<\/p>\n","protected":false},"featured_media":38847,"template":"","meta":{"inline_featured_image":false},"product_brand":[302],"product_cat":[70,90,73],"product_tag":[],"class_list":{"0":"post-38790","1":"product","2":"type-product","3":"status-publish","4":"has-post-thumbnail","6":"product_brand-ortech","7":"product_cat-climatisation-chauffage","8":"product_cat-ventilateur-salle-de-bain","9":"product_cat-ventilation","11":"first","12":"instock","13":"taxable","14":"shipping-taxable","15":"product-type-simple"},"yoast_head":"<!-- This site is optimized with the Yoast SEO Premium plugin v24.2 (Yoast SEO v24.2) - https:\/\/yoast.com\/wordpress\/plugins\/seo\/ -->\n<title>Ventilateur en ligne ODDIN-110 de Ortech - Groupe BelleFlamme<\/title>\n<meta name=\"description\" content=\"Ventilateur en ligne ODDIN-110 de Ortech vendu par le Groupe Belleflamme. Laval, Montr\u00e9al, Gatineau et Saint-Sauveur.\" \/>\n<meta name=\"robots\" content=\"index, follow, max-snippet:-1, max-image-preview:large, max-video-preview:-1\" \/>\n<link rel=\"canonical\" href=\"https:\/\/staging.belleflamme.ca\/fr\/produit\/ventilateur-en-ligne-oddin-110-de-ortech\/\" \/>\n<meta property=\"og:locale\" content=\"fr_FR\" \/>\n<meta property=\"og:type\" content=\"article\" \/>\n<meta property=\"og:title\" content=\"Ventilateur en ligne ODDIN-110 de Ortech\" \/>\n<meta property=\"og:description\" content=\"Ventilateur en ligne ODDIN-110 de Ortech vendu par le Groupe Belleflamme. Laval, Montr\u00e9al, Gatineau et Saint-Sauveur.\" \/>\n<meta property=\"og:url\" content=\"https:\/\/staging.belleflamme.ca\/fr\/produit\/ventilateur-en-ligne-oddin-110-de-ortech\/\" \/>\n<meta property=\"og:site_name\" content=\"Groupe BelleFlamme\" \/>\n<meta property=\"article:publisher\" content=\"https:\/\/www.facebook.com\/belleflamme.ca\/\" \/>\n<meta property=\"article:modified_time\" content=\"2024-05-17T16:50:00+00:00\" \/>\n<meta property=\"og:image\" content=\"https:\/\/www.belleflamme.ca\/wp-content\/uploads\/2024\/05\/Ventilateur-en-ligne-ODDIN-110-de-Ortech.jpg\" \/>\n\t<meta property=\"og:image:width\" content=\"900\" \/>\n\t<meta property=\"og:image:height\" content=\"900\" \/>\n\t<meta property=\"og:image:type\" content=\"image\/jpeg\" \/>\n<meta name=\"twitter:card\" content=\"summary_large_image\" \/>\n<meta name=\"twitter:label1\" content=\"Prix\" \/>\n\t<meta name=\"twitter:data1\" content=\"\" \/>\n\t<meta name=\"twitter:label2\" content=\"Disponibilit\u00e9\" \/>\n\t<meta name=\"twitter:data2\" content=\"En stock\" \/>\n<script type=\"application\/ld+json\" class=\"yoast-schema-graph\">{\"@context\":\"https:\/\/schema.org\",\"@graph\":[{\"@type\":[\"WebPage\",\"ItemPage\"],\"@id\":\"https:\/\/staging.belleflamme.ca\/fr\/produit\/ventilateur-en-ligne-oddin-110-de-ortech\/\",\"url\":\"https:\/\/staging.belleflamme.ca\/fr\/produit\/ventilateur-en-ligne-oddin-110-de-ortech\/\",\"name\":\"Ventilateur en ligne ODDIN-110 de Ortech - Groupe BelleFlamme\",\"isPartOf\":{\"@id\":\"https:\/\/www.belleflamme.ca\/fr\/#website\"},\"primaryImageOfPage\":{\"@id\":\"https:\/\/staging.belleflamme.ca\/fr\/produit\/ventilateur-en-ligne-oddin-110-de-ortech\/#primaryimage\"},\"image\":{\"@id\":\"https:\/\/staging.belleflamme.ca\/fr\/produit\/ventilateur-en-ligne-oddin-110-de-ortech\/#primaryimage\"},\"thumbnailUrl\":\"https:\/\/staging.belleflamme.ca\/wp-content\/uploads\/2024\/05\/Ventilateur-en-ligne-ODDIN-110-de-Ortech.jpg\",\"datePublished\":\"2024-05-16T14:17:14+00:00\",\"dateModified\":\"2024-05-17T16:50:00+00:00\",\"description\":\"Ventilateur en ligne ODDIN-110 de Ortech vendu par le Groupe Belleflamme. Laval, Montr\u00e9al, Gatineau et Saint-Sauveur.\",\"breadcrumb\":{\"@id\":\"https:\/\/staging.belleflamme.ca\/fr\/produit\/ventilateur-en-ligne-oddin-110-de-ortech\/#breadcrumb\"},\"inLanguage\":\"fr-FR\",\"potentialAction\":[{\"@type\":\"ReadAction\",\"target\":[\"https:\/\/staging.belleflamme.ca\/fr\/produit\/ventilateur-en-ligne-oddin-110-de-ortech\/\"]}]},{\"@type\":\"ImageObject\",\"inLanguage\":\"fr-FR\",\"@id\":\"https:\/\/staging.belleflamme.ca\/fr\/produit\/ventilateur-en-ligne-oddin-110-de-ortech\/#primaryimage\",\"url\":\"https:\/\/staging.belleflamme.ca\/wp-content\/uploads\/2024\/05\/Ventilateur-en-ligne-ODDIN-110-de-Ortech.jpg\",\"contentUrl\":\"https:\/\/staging.belleflamme.ca\/wp-content\/uploads\/2024\/05\/Ventilateur-en-ligne-ODDIN-110-de-Ortech.jpg\",\"width\":900,\"height\":900,\"caption\":\"Ventilateur en ligne ODDIN-110 de Ortech\"},{\"@type\":\"BreadcrumbList\",\"@id\":\"https:\/\/staging.belleflamme.ca\/fr\/produit\/ventilateur-en-ligne-oddin-110-de-ortech\/#breadcrumb\",\"itemListElement\":[{\"@type\":\"ListItem\",\"position\":1,\"name\":\"Accueil\",\"item\":\"https:\/\/www.belleflamme.ca\/fr\/\"},{\"@type\":\"ListItem\",\"position\":2,\"name\":\"Boutique\",\"item\":\"https:\/\/www.belleflamme.ca\/fr\/boutique\/\"},{\"@type\":\"ListItem\",\"position\":3,\"name\":\"Climatisation &amp; Chauffage\",\"item\":\"https:\/\/staging.belleflamme.ca\/fr\/categories\/climatisation-chauffage\/\"},{\"@type\":\"ListItem\",\"position\":4,\"name\":\"Ventilation\",\"item\":\"https:\/\/staging.belleflamme.ca\/fr\/categories\/climatisation-chauffage\/ventilation\/\"},{\"@type\":\"ListItem\",\"position\":5,\"name\":\"Ventilateurs salle de bain\",\"item\":\"https:\/\/staging.belleflamme.ca\/fr\/categories\/climatisation-chauffage\/ventilation\/ventilateur-salle-de-bain\/\"},{\"@type\":\"ListItem\",\"position\":6,\"name\":\"Ventilateur en ligne ODDIN-110 de Ortech\"}]},{\"@type\":\"WebSite\",\"@id\":\"https:\/\/www.belleflamme.ca\/fr\/#website\",\"url\":\"https:\/\/www.belleflamme.ca\/fr\/\",\"name\":\"Groupe Belleflamme\",\"description\":\"La m\u00e9canique du b\u00e2timent dans le sang.\",\"publisher\":{\"@id\":\"https:\/\/www.belleflamme.ca\/fr\/#organization\"},\"potentialAction\":[{\"@type\":\"SearchAction\",\"target\":{\"@type\":\"EntryPoint\",\"urlTemplate\":\"https:\/\/www.belleflamme.ca\/fr\/?s={search_term_string}\"},\"query-input\":{\"@type\":\"PropertyValueSpecification\",\"valueRequired\":true,\"valueName\":\"search_term_string\"}}],\"inLanguage\":\"fr-FR\"},{\"@type\":[\"Organization\",\"Place\"],\"@id\":\"https:\/\/www.belleflamme.ca\/fr\/#organization\",\"name\":\"Groupe Belleflamme\",\"alternateName\":\"Belleflamme\",\"url\":\"https:\/\/www.belleflamme.ca\/fr\/\",\"logo\":{\"@type\":\"ImageObject\",\"inLanguage\":\"fr-FR\",\"@id\":\"https:\/\/www.belleflamme.ca\/fr\/#\/schema\/logo\/image\/\",\"url\":\"https:\/\/staging.belleflamme.ca\/wp-content\/uploads\/2023\/01\/og-image.jpg\",\"contentUrl\":\"https:\/\/staging.belleflamme.ca\/wp-content\/uploads\/2023\/01\/og-image.jpg\",\"width\":1200,\"height\":630,\"caption\":\"Groupe Belleflamme\"},\"image\":{\"@id\":\"https:\/\/www.belleflamme.ca\/fr\/#\/schema\/logo\/image\/\"},\"sameAs\":[\"https:\/\/www.facebook.com\/belleflamme.ca\/\",\"https:\/\/www.linkedin.com\/company\/belleflamme\/\",\"https:\/\/www.pinterest.ca\/groupebelleflamme\/\",\"https:\/\/www.instagram.com\/legroupebelleflamme\/\"],\"mainEntityOfPage\":{\"@id\":\"https:\/\/staging.belleflamme.ca\/fr\/produit\/ventilateur-en-ligne-oddin-110-de-ortech\/\"}}]}<\/script>\n<meta property=\"product:brand\" content=\"Ortech\" \/>\n<meta property=\"product:price:amount\" content=\"0.00\" \/>\n<meta property=\"product:price:currency\" content=\"CAD\" \/>\n<meta property=\"og:availability\" content=\"instock\" \/>\n<meta property=\"product:availability\" content=\"instock\" \/>\n<meta property=\"product:retailer_item_id\" content=\"ODDIN-110\" \/>\n<meta property=\"product:condition\" content=\"new\" \/>\n<!-- \/ Yoast SEO Premium plugin. -->","yoast_head_json":{"title":"Ventilateur en ligne ODDIN-110 de Ortech - Groupe BelleFlamme","description":"Ventilateur en ligne ODDIN-110 de Ortech vendu par le Groupe Belleflamme. Laval, Montr\u00e9al, Gatineau et Saint-Sauveur.","robots":{"index":"index","follow":"follow","max-snippet":"max-snippet:-1","max-image-preview":"max-image-preview:large","max-video-preview":"max-video-preview:-1"},"canonical":"https:\/\/staging.belleflamme.ca\/fr\/produit\/ventilateur-en-ligne-oddin-110-de-ortech\/","og_locale":"fr_FR","og_type":"article","og_title":"Ventilateur en ligne ODDIN-110 de Ortech","og_description":"Ventilateur en ligne ODDIN-110 de Ortech vendu par le Groupe Belleflamme. Laval, Montr\u00e9al, Gatineau et Saint-Sauveur.","og_url":"https:\/\/staging.belleflamme.ca\/fr\/produit\/ventilateur-en-ligne-oddin-110-de-ortech\/","og_site_name":"Groupe BelleFlamme","article_publisher":"https:\/\/www.facebook.com\/belleflamme.ca\/","article_modified_time":"2024-05-17T16:50:00+00:00","og_image":[{"width":900,"height":900,"url":"https:\/\/www.belleflamme.ca\/wp-content\/uploads\/2024\/05\/Ventilateur-en-ligne-ODDIN-110-de-Ortech.jpg","type":"image\/jpeg"}],"twitter_card":"summary_large_image","twitter_misc":{"Prix":"","Disponibilit\u00e9":"En stock"},"schema":{"@context":"https:\/\/schema.org","@graph":[{"@type":["WebPage","ItemPage"],"@id":"https:\/\/staging.belleflamme.ca\/fr\/produit\/ventilateur-en-ligne-oddin-110-de-ortech\/","url":"https:\/\/staging.belleflamme.ca\/fr\/produit\/ventilateur-en-ligne-oddin-110-de-ortech\/","name":"Ventilateur en ligne ODDIN-110 de Ortech - Groupe BelleFlamme","isPartOf":{"@id":"https:\/\/www.belleflamme.ca\/fr\/#website"},"primaryImageOfPage":{"@id":"https:\/\/staging.belleflamme.ca\/fr\/produit\/ventilateur-en-ligne-oddin-110-de-ortech\/#primaryimage"},"image":{"@id":"https:\/\/staging.belleflamme.ca\/fr\/produit\/ventilateur-en-ligne-oddin-110-de-ortech\/#primaryimage"},"thumbnailUrl":"https:\/\/staging.belleflamme.ca\/wp-content\/uploads\/2024\/05\/Ventilateur-en-ligne-ODDIN-110-de-Ortech.jpg","datePublished":"2024-05-16T14:17:14+00:00","dateModified":"2024-05-17T16:50:00+00:00","description":"Ventilateur en ligne ODDIN-110 de Ortech vendu par le Groupe Belleflamme. Laval, Montr\u00e9al, Gatineau et Saint-Sauveur.","breadcrumb":{"@id":"https:\/\/staging.belleflamme.ca\/fr\/produit\/ventilateur-en-ligne-oddin-110-de-ortech\/#breadcrumb"},"inLanguage":"fr-FR","potentialAction":[{"@type":"ReadAction","target":["https:\/\/staging.belleflamme.ca\/fr\/produit\/ventilateur-en-ligne-oddin-110-de-ortech\/"]}]},{"@type":"ImageObject","inLanguage":"fr-FR","@id":"https:\/\/staging.belleflamme.ca\/fr\/produit\/ventilateur-en-ligne-oddin-110-de-ortech\/#primaryimage","url":"https:\/\/staging.belleflamme.ca\/wp-content\/uploads\/2024\/05\/Ventilateur-en-ligne-ODDIN-110-de-Ortech.jpg","contentUrl":"https:\/\/staging.belleflamme.ca\/wp-content\/uploads\/2024\/05\/Ventilateur-en-ligne-ODDIN-110-de-Ortech.jpg","width":900,"height":900,"caption":"Ventilateur en ligne ODDIN-110 de Ortech"},{"@type":"BreadcrumbList","@id":"https:\/\/staging.belleflamme.ca\/fr\/produit\/ventilateur-en-ligne-oddin-110-de-ortech\/#breadcrumb","itemListElement":[{"@type":"ListItem","position":1,"name":"Accueil","item":"https:\/\/www.belleflamme.ca\/fr\/"},{"@type":"ListItem","position":2,"name":"Boutique","item":"https:\/\/www.belleflamme.ca\/fr\/boutique\/"},{"@type":"ListItem","position":3,"name":"Climatisation &amp; Chauffage","item":"https:\/\/staging.belleflamme.ca\/fr\/categories\/climatisation-chauffage\/"},{"@type":"ListItem","position":4,"name":"Ventilation","item":"https:\/\/staging.belleflamme.ca\/fr\/categories\/climatisation-chauffage\/ventilation\/"},{"@type":"ListItem","position":5,"name":"Ventilateurs salle de bain","item":"https:\/\/staging.belleflamme.ca\/fr\/categories\/climatisation-chauffage\/ventilation\/ventilateur-salle-de-bain\/"},{"@type":"ListItem","position":6,"name":"Ventilateur en ligne ODDIN-110 de Ortech"}]},{"@type":"WebSite","@id":"https:\/\/www.belleflamme.ca\/fr\/#website","url":"https:\/\/www.belleflamme.ca\/fr\/","name":"Groupe Belleflamme","description":"La m\u00e9canique du b\u00e2timent dans le sang.","publisher":{"@id":"https:\/\/www.belleflamme.ca\/fr\/#organization"},"potentialAction":[{"@type":"SearchAction","target":{"@type":"EntryPoint","urlTemplate":"https:\/\/www.belleflamme.ca\/fr\/?s={search_term_string}"},"query-input":{"@type":"PropertyValueSpecification","valueRequired":true,"valueName":"search_term_string"}}],"inLanguage":"fr-FR"},{"@type":["Organization","Place"],"@id":"https:\/\/www.belleflamme.ca\/fr\/#organization","name":"Groupe Belleflamme","alternateName":"Belleflamme","url":"https:\/\/www.belleflamme.ca\/fr\/","logo":{"@type":"ImageObject","inLanguage":"fr-FR","@id":"https:\/\/www.belleflamme.ca\/fr\/#\/schema\/logo\/image\/","url":"https:\/\/staging.belleflamme.ca\/wp-content\/uploads\/2023\/01\/og-image.jpg","contentUrl":"https:\/\/staging.belleflamme.ca\/wp-content\/uploads\/2023\/01\/og-image.jpg","width":1200,"height":630,"caption":"Groupe Belleflamme"},"image":{"@id":"https:\/\/www.belleflamme.ca\/fr\/#\/schema\/logo\/image\/"},"sameAs":["https:\/\/www.facebook.com\/belleflamme.ca\/","https:\/\/www.linkedin.com\/company\/belleflamme\/","https:\/\/www.pinterest.ca\/groupebelleflamme\/","https:\/\/www.instagram.com\/legroupebelleflamme\/"],"mainEntityOfPage":{"@id":"https:\/\/staging.belleflamme.ca\/fr\/produit\/ventilateur-en-ligne-oddin-110-de-ortech\/"}}]},"product_brand":"Ortech","product_price_amount":"0.00","product_price_currency":"CAD","og_availability":"instock","product_availability":"instock","product_retailer_item_id":"ODDIN-110","product_condition":"new"},"_links":{"self":[{"href":"https:\/\/staging.belleflamme.ca\/fr\/wp-json\/wp\/v2\/product\/38790","targetHints":{"allow":["GET"]}}],"collection":[{"href":"https:\/\/staging.belleflamme.ca\/fr\/wp-json\/wp\/v2\/product"}],"about":[{"href":"https:\/\/staging.belleflamme.ca\/fr\/wp-json\/wp\/v2\/types\/product"}],"version-history":[{"count":10,"href":"https:\/\/staging.belleflamme.ca\/fr\/wp-json\/wp\/v2\/product\/38790\/revisions"}],"predecessor-version":[{"id":39432,"href":"https:\/\/staging.belleflamme.ca\/fr\/wp-json\/wp\/v2\/product\/38790\/revisions\/39432"}],"wp:featuredmedia":[{"embeddable":true,"href":"https:\/\/staging.belleflamme.ca\/fr\/wp-json\/wp\/v2\/media\/38847"}],"wp:attachment":[{"href":"https:\/\/staging.belleflamme.ca\/fr\/wp-json\/wp\/v2\/media?parent=38790"}],"wp:term":[{"taxonomy":"product_brand","embeddable":true,"href":"https:\/\/staging.belleflamme.ca\/fr\/wp-json\/wp\/v2\/product_brand?post=38790"},{"taxonomy":"product_cat","embeddable":true,"href":"https:\/\/staging.belleflamme.ca\/fr\/wp-json\/wp\/v2\/product_cat?post=38790"},{"taxonomy":"product_tag","embeddable":true,"href":"https:\/\/staging.belleflamme.ca\/fr\/wp-json\/wp\/v2\/product_tag?post=38790"}],"curies":[{"name":"wp","href":"https:\/\/api.w.org\/{rel}","templated":true}]}}