{"id":38474,"date":"2024-05-15T14:19:05","date_gmt":"2024-05-15T18:19:05","guid":{"rendered":"https:\/\/www.belleflamme.ca\/?post_type=product&#038;p=38474"},"modified":"2024-05-17T14:40:07","modified_gmt":"2024-05-17T18:40:07","slug":"vre-whispercomfort-solution-de-ventilation-equilibree-40-20-ou-20-10-pi%c2%b3-min-de-panasonic","status":"publish","type":"product","link":"https:\/\/staging.belleflamme.ca\/fr\/produit\/vre-whispercomfort-solution-de-ventilation-equilibree-40-20-ou-20-10-pi%c2%b3-min-de-panasonic\/","title":{"rendered":"VRE WhisperComfort &#8211; Solution de ventilation \u00e9quilibr\u00e9e, 40 \/ 20 ou 20 \/ 10 pi\u00b3\/min de Panasonic"},"content":{"rendered":"\t\t<div data-elementor-type=\"product-post\" data-elementor-id=\"38474\" class=\"elementor elementor-38474\" data-elementor-post-type=\"product\">\n\t\t\t\t\t\t<section class=\"elementor-section elementor-top-section elementor-element elementor-element-7c74d91b elementor-section-boxed elementor-section-height-default elementor-section-height-default\" data-id=\"7c74d91b\" data-element_type=\"section\">\n\t\t\t\t\t\t<div class=\"elementor-container elementor-column-gap-default\">\n\t\t\t\t\t<div class=\"elementor-column elementor-col-100 elementor-top-column elementor-element elementor-element-59fd4cb5\" data-id=\"59fd4cb5\" data-element_type=\"column\">\n\t\t\t<div class=\"elementor-widget-wrap elementor-element-populated\">\n\t\t\t\t\t\t<div class=\"elementor-element elementor-element-3da0e84c elementor-widget elementor-widget-text-editor\" data-id=\"3da0e84c\" data-element_type=\"widget\" data-widget_type=\"text-editor.default\">\n\t\t\t\t<div class=\"elementor-widget-container\">\n\t\t\t\t\t\t\t\t\t<div class=\"product-details__description\">\r\n<div class=\"field field--name-field-product-details field--type-text-long field--label-above\">\r\n<h2 class=\"field__label product-details__sub-title\">D\u00c9TAILS DU PRODUIT<\/h2>\r\n<div class=\"field__item trimmed-text-block__content\">\r\n\r\nLe ventilateur \u00e0 r\u00e9cup\u00e9ration d\u2019\u00e9nergie (VRE) WhisperComfort\u00ae est un syst\u00e8me autonome qui fournit une ventilation \u00e9quilibr\u00e9e.\r\n\r\n<\/div>\r\n<\/div>\r\n<\/div>\r\n<div class=\"rotating-promo-banners\">\r\n<div class=\"rotating-promo-banners--slider slick-initialized slick-slider\" role=\"region\" aria-label=\"Carousel\">\r\n<div class=\"slick-list draggable\">\r\n<div class=\"slick-track\">\r\n<div class=\"rotating-promo-banners__slider-item slick-slide slick-current slick-active\" tabindex=\"0\" data-slick-index=\"0\" aria-hidden=\"false\"><\/div>\r\n<\/div>\r\n<\/div>\r\n<\/div>\r\n<\/div>\r\n<div class=\"product-details__key-features\">\r\n<div class=\"field field--name-field-product-features field--type-string field--label-above\">\r\n<h2 class=\"field__label product-details__sub-title\">CARACT\u00c9RISTIQUES PRINCIPALES<\/h2>\r\n<ul class=\"field__items\">\r\n \t<li class=\"field__item\">Id\u00e9al pour les maisons unifamiliales et les logements collectifs<\/li>\r\n \t<li class=\"field__item\">Abordable, facile \u00e0 installer et \u00e9co\u00e9nerg\u00e9tique<\/li>\r\n \t<li class=\"field__item\">Homologu\u00e9 UL pour applications \u00e0 montage mural ou au plafond<\/li>\r\n \t<li class=\"field__item\">Conforme aux normes et aux codes les plus r\u00e9cents<\/li>\r\n<\/ul>\r\n<\/div>\r\n<\/div>\r\n&nbsp;\r\n<h2 class=\"accordion-block__title\">SP\u00c9CIFICATIONS DE PRODUITS<\/h2>\r\n<section id=\"section-specifications\" class=\"accordion-block__content product-details__accordion-content accordion-block__content--custom-scrollbar\">\r\n<div class=\"product-specs product-details__product-specs\">\r\n<table class=\"field field--name-field-product-specifications field--type-entity-reference-revisions field--label-hidden styled-table product-specs__table field__items field__items\">\r\n<thead class=\"visually-hidden\">\r\n<tr>\r\n<th scope=\"col\">Specification<\/th>\r\n<th scope=\"col\">Description<\/th>\r\n<\/tr>\r\n<\/thead>\r\n<tbody>\r\n<tr class=\"field__item\">\r\n<th class=\"field field--name-field-product-spec-label field--type-entity-reference field--label-hidden product-specs__spec-key field__item\" scope=\"row\">Nom du produit<\/th>\r\n<td class=\"field field--name-field-product-spec-value field--type-string-long field--label-hidden product-specs__spec-value field__item\">VRE WhisperComfort<\/td>\r\n<\/tr>\r\n<tr class=\"field__item\">\r\n<th class=\"field field--name-field-product-spec-label field--type-entity-reference field--label-hidden product-specs__spec-key field__item\" scope=\"row\">D\u00e9bit d&#8217;air sortant (pi\u00b3\/min)<\/th>\r\n<td class=\"field field--name-field-product-spec-value field--type-string-long field--label-hidden product-specs__spec-value field__item\">40 @ P.S. 0,1 po, 20 @ P.S. 0,1 po, 10 @ P.S. 0,1 po<\/td>\r\n<\/tr>\r\n<tr class=\"field__item\">\r\n<th class=\"field field--name-field-product-spec-label field--type-entity-reference field--label-hidden product-specs__spec-key field__item\" scope=\"row\">Alimentation (V \/ Hz)<\/th>\r\n<td class=\"field field--name-field-product-spec-value field--type-string-long field--label-hidden product-specs__spec-value field__item\">40 @ P.S. 0,1 po = 0,8, 20 @ P.S. 0,1 po = moins de 0,3, 10 @ P.S. 0,1 po = s.o.<\/td>\r\n<\/tr>\r\n<tr class=\"field__item\">\r\n<th class=\"field field--name-field-product-spec-label field--type-entity-reference field--label-hidden product-specs__spec-key field__item\" scope=\"row\">Type de moteur<\/th>\r\n<td class=\"field field--name-field-product-spec-value field--type-string-long field--label-hidden product-specs__spec-value field__item\">c.a.<\/td>\r\n<\/tr>\r\n<tr class=\"field__item\">\r\n<th class=\"field field--name-field-product-spec-label field--type-entity-reference field--label-hidden product-specs__spec-key field__item\" scope=\"row\">Diam\u00e8tre du conduit<\/th>\r\n<td class=\"field field--name-field-product-spec-value field--type-string-long field--label-hidden product-specs__spec-value field__item\">2 x 102 mm (4 po)<\/td>\r\n<\/tr>\r\n<tr class=\"field__item\">\r\n<th class=\"field field--name-field-product-spec-label field--type-entity-reference field--label-hidden product-specs__spec-key field__item\" scope=\"row\">Installation<\/th>\r\n<td class=\"field field--name-field-product-spec-value field--type-string-long field--label-hidden product-specs__spec-value field__item\">Plafond \/ mur<\/td>\r\n<\/tr>\r\n<tr class=\"field__item\">\r\n<th class=\"field field--name-field-product-spec-label field--type-entity-reference field--label-hidden product-specs__spec-key field__item\" scope=\"row\">ENERGY STAR\u00ae, ASHRAE 62.2, LEED<\/th>\r\n<td class=\"field field--name-field-product-spec-value field--type-string-long field--label-hidden product-specs__spec-value field__item\">Non<\/td>\r\n<\/tr>\r\n<tr class=\"field__item\">\r\n<th class=\"field field--name-field-product-spec-label field--type-entity-reference field--label-hidden product-specs__spec-key field__item\" scope=\"row\">Garantie<\/th>\r\n<td class=\"field field--name-field-product-spec-value field--type-string-long field--label-hidden product-specs__spec-value field__item\">3 ans sur pi\u00e8ces<\/td>\r\n<\/tr>\r\n<\/tbody>\r\n<\/table>\r\n<\/div>\r\n<\/section>\t\t\t\t\t\t\t\t<\/div>\n\t\t\t\t<\/div>\n\t\t\t\t\t<\/div>\n\t\t<\/div>\n\t\t\t\t\t<\/div>\n\t\t<\/section>\n\t\t\t\t<section class=\"elementor-section elementor-top-section elementor-element elementor-element-a638605 elementor-section-boxed elementor-section-height-default elementor-section-height-default\" data-id=\"a638605\" data-element_type=\"section\">\n\t\t\t\t\t\t<div class=\"elementor-container elementor-column-gap-default\">\n\t\t\t\t\t<div class=\"elementor-column elementor-col-100 elementor-top-column elementor-element elementor-element-a520272\" data-id=\"a520272\" data-element_type=\"column\">\n\t\t\t<div class=\"elementor-widget-wrap elementor-element-populated\">\n\t\t\t\t\t\t<div class=\"elementor-element elementor-element-2d7ba8e elementor-tabs-view-horizontal elementor-widget elementor-widget-tabs\" data-id=\"2d7ba8e\" data-element_type=\"widget\" data-widget_type=\"tabs.default\">\n\t\t\t\t<div class=\"elementor-widget-container\">\n\t\t\t\t\t\t\t<div class=\"elementor-tabs\">\n\t\t\t<div class=\"elementor-tabs-wrapper\" role=\"tablist\" >\n\t\t\t\t\t\t\t\t\t<div id=\"elementor-tab-title-4761\" class=\"elementor-tab-title elementor-tab-desktop-title\" aria-selected=\"true\" data-tab=\"1\" role=\"tab\" tabindex=\"0\" aria-controls=\"elementor-tab-content-4761\" aria-expanded=\"false\">Fichiers<\/div>\n\t\t\t\t\t\t\t<\/div>\n\t\t\t<div class=\"elementor-tabs-content-wrapper\" role=\"tablist\" aria-orientation=\"vertical\">\n\t\t\t\t\t\t\t\t\t<div class=\"elementor-tab-title elementor-tab-mobile-title\" aria-selected=\"true\" data-tab=\"1\" role=\"tab\" tabindex=\"0\" aria-controls=\"elementor-tab-content-4761\" aria-expanded=\"false\">Fichiers<\/div>\n\t\t\t\t\t<div id=\"elementor-tab-content-4761\" class=\"elementor-tab-content elementor-clearfix\" data-tab=\"1\" role=\"tabpanel\" aria-labelledby=\"elementor-tab-title-4761\" tabindex=\"0\" hidden=\"false\"><i class=\"far fa-file-pdf fa-xl\" style=\"font-size:35px\"><\/i><a href=\"https:\/\/www.belleflamme.ca\/wp-content\/uploads\/2024\/05\/WhisperComfort_Spec_Sheet_fr.pdf\"> Sp\u00e9cifications<\/a><\/br><\/div>\n\t\t\t\t\t\t\t<\/div>\n\t\t<\/div>\n\t\t\t\t\t\t<\/div>\n\t\t\t\t<\/div>\n\t\t\t\t\t<\/div>\n\t\t<\/div>\n\t\t\t\t\t<\/div>\n\t\t<\/section>\n\t\t\t\t<\/div>\n\t\t","protected":false},"excerpt":{"rendered":"<p>D\u00c9TAILS DU PRODUIT Le ventilateur \u00e0 r\u00e9cup\u00e9ration d\u2019\u00e9nergie (VRE) WhisperComfort\u00ae est un syst\u00e8me autonome qui fournit une ventilation \u00e9quilibr\u00e9e. CARACT\u00c9RISTIQUES PRINCIPALES Id\u00e9al pour les maisons unifamiliales et les logements collectifs Abordable, facile \u00e0 installer et \u00e9co\u00e9nerg\u00e9tique Homologu\u00e9 UL pour applications \u00e0 montage mural ou au plafond Conforme aux normes et aux codes les plus r\u00e9cents [&hellip;]<\/p>\n","protected":false},"featured_media":38475,"template":"","meta":{"inline_featured_image":false},"product_brand":[1448],"product_cat":[70,90,73],"product_tag":[],"class_list":{"0":"post-38474","1":"product","2":"type-product","3":"status-publish","4":"has-post-thumbnail","6":"product_brand-panasonic","7":"product_cat-climatisation-chauffage","8":"product_cat-ventilateur-salle-de-bain","9":"product_cat-ventilation","11":"first","12":"instock","13":"taxable","14":"shipping-taxable","15":"purchasable","16":"product-type-simple"},"yoast_head":"<!-- This site is optimized with the Yoast SEO Premium plugin v24.2 (Yoast SEO v24.2) - https:\/\/yoast.com\/wordpress\/plugins\/seo\/ -->\n<title>VRE WhisperComfort - Solution de ventilation \u00e9quilibr\u00e9e, 40 \/ 20 ou 20 \/ 10 pi\u00b3\/min de Panasonic - Groupe BelleFlamme<\/title>\n<meta name=\"description\" content=\"VRE WhisperComfort - Solution de ventilation \u00e9quilibr\u00e9e, 40 \/ 20 ou 20 \/ 10 pi\u00b3\/min de Panasonic vendu par le Groupe Belleflamme. Laval, Montr\u00e9al, Gatineau et Saint-Sauveur.\" \/>\n<meta name=\"robots\" content=\"index, follow, max-snippet:-1, max-image-preview:large, max-video-preview:-1\" \/>\n<link rel=\"canonical\" href=\"https:\/\/staging.belleflamme.ca\/fr\/produit\/vre-whispercomfort-solution-de-ventilation-equilibree-40-20-ou-20-10-pi%c2%b3-min-de-panasonic\/\" \/>\n<meta property=\"og:locale\" content=\"fr_FR\" \/>\n<meta property=\"og:type\" content=\"article\" \/>\n<meta property=\"og:title\" content=\"VRE WhisperComfort - Solution de ventilation \u00e9quilibr\u00e9e, 40 \/ 20 ou 20 \/ 10 pi\u00b3\/min de Panasonic\" \/>\n<meta property=\"og:description\" content=\"VRE WhisperComfort - Solution de ventilation \u00e9quilibr\u00e9e, 40 \/ 20 ou 20 \/ 10 pi\u00b3\/min de Panasonic vendu par le Groupe Belleflamme. Laval, Montr\u00e9al, Gatineau et Saint-Sauveur.\" \/>\n<meta property=\"og:url\" content=\"https:\/\/staging.belleflamme.ca\/fr\/produit\/vre-whispercomfort-solution-de-ventilation-equilibree-40-20-ou-20-10-pi%c2%b3-min-de-panasonic\/\" \/>\n<meta property=\"og:site_name\" content=\"Groupe BelleFlamme\" \/>\n<meta property=\"article:publisher\" content=\"https:\/\/www.facebook.com\/belleflamme.ca\/\" \/>\n<meta property=\"article:modified_time\" content=\"2024-05-17T18:40:07+00:00\" \/>\n<meta property=\"og:image\" content=\"https:\/\/www.belleflamme.ca\/wp-content\/uploads\/2024\/05\/VRE-WhisperComfort-Solution-de-ventilation-equilibree-40-20-ou-20-10-pi\u00b3min-de-Panasonic.png\" \/>\n\t<meta property=\"og:image:width\" content=\"600\" \/>\n\t<meta property=\"og:image:height\" content=\"600\" \/>\n\t<meta property=\"og:image:type\" content=\"image\/png\" \/>\n<meta name=\"twitter:card\" content=\"summary_large_image\" \/>\n<meta name=\"twitter:label1\" content=\"Prix\" \/>\n\t<meta name=\"twitter:data1\" content=\"&#036;805.00\" \/>\n\t<meta name=\"twitter:label2\" content=\"Disponibilit\u00e9\" \/>\n\t<meta name=\"twitter:data2\" content=\"En stock\" \/>\n<script type=\"application\/ld+json\" class=\"yoast-schema-graph\">{\"@context\":\"https:\/\/schema.org\",\"@graph\":[{\"@type\":[\"WebPage\",\"ItemPage\"],\"@id\":\"https:\/\/staging.belleflamme.ca\/fr\/produit\/vre-whispercomfort-solution-de-ventilation-equilibree-40-20-ou-20-10-pi%c2%b3-min-de-panasonic\/\",\"url\":\"https:\/\/staging.belleflamme.ca\/fr\/produit\/vre-whispercomfort-solution-de-ventilation-equilibree-40-20-ou-20-10-pi%c2%b3-min-de-panasonic\/\",\"name\":\"VRE WhisperComfort - Solution de ventilation \u00e9quilibr\u00e9e, 40 \/ 20 ou 20 \/ 10 pi\u00b3\/min de Panasonic - Groupe BelleFlamme\",\"isPartOf\":{\"@id\":\"https:\/\/www.belleflamme.ca\/fr\/#website\"},\"primaryImageOfPage\":{\"@id\":\"https:\/\/staging.belleflamme.ca\/fr\/produit\/vre-whispercomfort-solution-de-ventilation-equilibree-40-20-ou-20-10-pi%c2%b3-min-de-panasonic\/#primaryimage\"},\"image\":{\"@id\":\"https:\/\/staging.belleflamme.ca\/fr\/produit\/vre-whispercomfort-solution-de-ventilation-equilibree-40-20-ou-20-10-pi%c2%b3-min-de-panasonic\/#primaryimage\"},\"thumbnailUrl\":\"https:\/\/staging.belleflamme.ca\/wp-content\/uploads\/2024\/05\/VRE-WhisperComfort-Solution-de-ventilation-equilibree-40-20-ou-20-10-pi\u00b3min-de-Panasonic.png\",\"datePublished\":\"2024-05-15T18:19:05+00:00\",\"dateModified\":\"2024-05-17T18:40:07+00:00\",\"description\":\"VRE WhisperComfort - Solution de ventilation \u00e9quilibr\u00e9e, 40 \/ 20 ou 20 \/ 10 pi\u00b3\/min de Panasonic vendu par le Groupe Belleflamme. Laval, Montr\u00e9al, Gatineau et Saint-Sauveur.\",\"breadcrumb\":{\"@id\":\"https:\/\/staging.belleflamme.ca\/fr\/produit\/vre-whispercomfort-solution-de-ventilation-equilibree-40-20-ou-20-10-pi%c2%b3-min-de-panasonic\/#breadcrumb\"},\"inLanguage\":\"fr-FR\",\"potentialAction\":[{\"@type\":\"ReadAction\",\"target\":[\"https:\/\/staging.belleflamme.ca\/fr\/produit\/vre-whispercomfort-solution-de-ventilation-equilibree-40-20-ou-20-10-pi%c2%b3-min-de-panasonic\/\"]}]},{\"@type\":\"ImageObject\",\"inLanguage\":\"fr-FR\",\"@id\":\"https:\/\/staging.belleflamme.ca\/fr\/produit\/vre-whispercomfort-solution-de-ventilation-equilibree-40-20-ou-20-10-pi%c2%b3-min-de-panasonic\/#primaryimage\",\"url\":\"https:\/\/staging.belleflamme.ca\/wp-content\/uploads\/2024\/05\/VRE-WhisperComfort-Solution-de-ventilation-equilibree-40-20-ou-20-10-pi\u00b3min-de-Panasonic.png\",\"contentUrl\":\"https:\/\/staging.belleflamme.ca\/wp-content\/uploads\/2024\/05\/VRE-WhisperComfort-Solution-de-ventilation-equilibree-40-20-ou-20-10-pi\u00b3min-de-Panasonic.png\",\"width\":600,\"height\":600,\"caption\":\"VRE WhisperComfort - Solution de ventilation \u00e9quilibr\u00e9e, 40 \/ 20 ou 20 \/ 10 pi\u00b3\/min de Panasonic\"},{\"@type\":\"BreadcrumbList\",\"@id\":\"https:\/\/staging.belleflamme.ca\/fr\/produit\/vre-whispercomfort-solution-de-ventilation-equilibree-40-20-ou-20-10-pi%c2%b3-min-de-panasonic\/#breadcrumb\",\"itemListElement\":[{\"@type\":\"ListItem\",\"position\":1,\"name\":\"Accueil\",\"item\":\"https:\/\/www.belleflamme.ca\/fr\/\"},{\"@type\":\"ListItem\",\"position\":2,\"name\":\"Boutique\",\"item\":\"https:\/\/www.belleflamme.ca\/fr\/boutique\/\"},{\"@type\":\"ListItem\",\"position\":3,\"name\":\"Climatisation &amp; Chauffage\",\"item\":\"https:\/\/staging.belleflamme.ca\/fr\/categories\/climatisation-chauffage\/\"},{\"@type\":\"ListItem\",\"position\":4,\"name\":\"Ventilation\",\"item\":\"https:\/\/staging.belleflamme.ca\/fr\/categories\/climatisation-chauffage\/ventilation\/\"},{\"@type\":\"ListItem\",\"position\":5,\"name\":\"Ventilateurs salle de bain\",\"item\":\"https:\/\/staging.belleflamme.ca\/fr\/categories\/climatisation-chauffage\/ventilation\/ventilateur-salle-de-bain\/\"},{\"@type\":\"ListItem\",\"position\":6,\"name\":\"VRE WhisperComfort &#8211; Solution de ventilation \u00e9quilibr\u00e9e, 40 \/ 20 ou 20 \/ 10 pi\u00b3\/min de Panasonic\"}]},{\"@type\":\"WebSite\",\"@id\":\"https:\/\/www.belleflamme.ca\/fr\/#website\",\"url\":\"https:\/\/www.belleflamme.ca\/fr\/\",\"name\":\"Groupe Belleflamme\",\"description\":\"La m\u00e9canique du b\u00e2timent dans le sang.\",\"publisher\":{\"@id\":\"https:\/\/www.belleflamme.ca\/fr\/#organization\"},\"potentialAction\":[{\"@type\":\"SearchAction\",\"target\":{\"@type\":\"EntryPoint\",\"urlTemplate\":\"https:\/\/www.belleflamme.ca\/fr\/?s={search_term_string}\"},\"query-input\":{\"@type\":\"PropertyValueSpecification\",\"valueRequired\":true,\"valueName\":\"search_term_string\"}}],\"inLanguage\":\"fr-FR\"},{\"@type\":[\"Organization\",\"Place\"],\"@id\":\"https:\/\/www.belleflamme.ca\/fr\/#organization\",\"name\":\"Groupe Belleflamme\",\"alternateName\":\"Belleflamme\",\"url\":\"https:\/\/www.belleflamme.ca\/fr\/\",\"logo\":{\"@type\":\"ImageObject\",\"inLanguage\":\"fr-FR\",\"@id\":\"https:\/\/www.belleflamme.ca\/fr\/#\/schema\/logo\/image\/\",\"url\":\"https:\/\/staging.belleflamme.ca\/wp-content\/uploads\/2023\/01\/og-image.jpg\",\"contentUrl\":\"https:\/\/staging.belleflamme.ca\/wp-content\/uploads\/2023\/01\/og-image.jpg\",\"width\":1200,\"height\":630,\"caption\":\"Groupe Belleflamme\"},\"image\":{\"@id\":\"https:\/\/www.belleflamme.ca\/fr\/#\/schema\/logo\/image\/\"},\"sameAs\":[\"https:\/\/www.facebook.com\/belleflamme.ca\/\",\"https:\/\/www.linkedin.com\/company\/belleflamme\/\",\"https:\/\/www.pinterest.ca\/groupebelleflamme\/\",\"https:\/\/www.instagram.com\/legroupebelleflamme\/\"],\"mainEntityOfPage\":{\"@id\":\"https:\/\/staging.belleflamme.ca\/fr\/produit\/vre-whispercomfort-solution-de-ventilation-equilibree-40-20-ou-20-10-pi%c2%b3-min-de-panasonic\/\"}}]}<\/script>\n<meta property=\"product:brand\" content=\"Panasonic\" \/>\n<meta property=\"product:price:amount\" content=\"805.00\" \/>\n<meta property=\"product:price:currency\" content=\"CAD\" \/>\n<meta property=\"og:availability\" content=\"instock\" \/>\n<meta property=\"product:availability\" content=\"instock\" \/>\n<meta property=\"product:retailer_item_id\" content=\"FV-04VE1\" \/>\n<meta property=\"product:condition\" content=\"new\" \/>\n<!-- \/ Yoast SEO Premium plugin. -->","yoast_head_json":{"title":"VRE WhisperComfort - Solution de ventilation \u00e9quilibr\u00e9e, 40 \/ 20 ou 20 \/ 10 pi\u00b3\/min de Panasonic - Groupe BelleFlamme","description":"VRE WhisperComfort - Solution de ventilation \u00e9quilibr\u00e9e, 40 \/ 20 ou 20 \/ 10 pi\u00b3\/min de Panasonic vendu par le Groupe Belleflamme. Laval, Montr\u00e9al, Gatineau et Saint-Sauveur.","robots":{"index":"index","follow":"follow","max-snippet":"max-snippet:-1","max-image-preview":"max-image-preview:large","max-video-preview":"max-video-preview:-1"},"canonical":"https:\/\/staging.belleflamme.ca\/fr\/produit\/vre-whispercomfort-solution-de-ventilation-equilibree-40-20-ou-20-10-pi%c2%b3-min-de-panasonic\/","og_locale":"fr_FR","og_type":"article","og_title":"VRE WhisperComfort - Solution de ventilation \u00e9quilibr\u00e9e, 40 \/ 20 ou 20 \/ 10 pi\u00b3\/min de Panasonic","og_description":"VRE WhisperComfort - Solution de ventilation \u00e9quilibr\u00e9e, 40 \/ 20 ou 20 \/ 10 pi\u00b3\/min de Panasonic vendu par le Groupe Belleflamme. Laval, Montr\u00e9al, Gatineau et Saint-Sauveur.","og_url":"https:\/\/staging.belleflamme.ca\/fr\/produit\/vre-whispercomfort-solution-de-ventilation-equilibree-40-20-ou-20-10-pi%c2%b3-min-de-panasonic\/","og_site_name":"Groupe BelleFlamme","article_publisher":"https:\/\/www.facebook.com\/belleflamme.ca\/","article_modified_time":"2024-05-17T18:40:07+00:00","og_image":[{"width":600,"height":600,"url":"https:\/\/www.belleflamme.ca\/wp-content\/uploads\/2024\/05\/VRE-WhisperComfort-Solution-de-ventilation-equilibree-40-20-ou-20-10-pi\u00b3min-de-Panasonic.png","type":"image\/png"}],"twitter_card":"summary_large_image","twitter_misc":{"Prix":"&#36;805.00","Disponibilit\u00e9":"En stock"},"schema":{"@context":"https:\/\/schema.org","@graph":[{"@type":["WebPage","ItemPage"],"@id":"https:\/\/staging.belleflamme.ca\/fr\/produit\/vre-whispercomfort-solution-de-ventilation-equilibree-40-20-ou-20-10-pi%c2%b3-min-de-panasonic\/","url":"https:\/\/staging.belleflamme.ca\/fr\/produit\/vre-whispercomfort-solution-de-ventilation-equilibree-40-20-ou-20-10-pi%c2%b3-min-de-panasonic\/","name":"VRE WhisperComfort - Solution de ventilation \u00e9quilibr\u00e9e, 40 \/ 20 ou 20 \/ 10 pi\u00b3\/min de Panasonic - Groupe BelleFlamme","isPartOf":{"@id":"https:\/\/www.belleflamme.ca\/fr\/#website"},"primaryImageOfPage":{"@id":"https:\/\/staging.belleflamme.ca\/fr\/produit\/vre-whispercomfort-solution-de-ventilation-equilibree-40-20-ou-20-10-pi%c2%b3-min-de-panasonic\/#primaryimage"},"image":{"@id":"https:\/\/staging.belleflamme.ca\/fr\/produit\/vre-whispercomfort-solution-de-ventilation-equilibree-40-20-ou-20-10-pi%c2%b3-min-de-panasonic\/#primaryimage"},"thumbnailUrl":"https:\/\/staging.belleflamme.ca\/wp-content\/uploads\/2024\/05\/VRE-WhisperComfort-Solution-de-ventilation-equilibree-40-20-ou-20-10-pi\u00b3min-de-Panasonic.png","datePublished":"2024-05-15T18:19:05+00:00","dateModified":"2024-05-17T18:40:07+00:00","description":"VRE WhisperComfort - Solution de ventilation \u00e9quilibr\u00e9e, 40 \/ 20 ou 20 \/ 10 pi\u00b3\/min de Panasonic vendu par le Groupe Belleflamme. Laval, Montr\u00e9al, Gatineau et Saint-Sauveur.","breadcrumb":{"@id":"https:\/\/staging.belleflamme.ca\/fr\/produit\/vre-whispercomfort-solution-de-ventilation-equilibree-40-20-ou-20-10-pi%c2%b3-min-de-panasonic\/#breadcrumb"},"inLanguage":"fr-FR","potentialAction":[{"@type":"ReadAction","target":["https:\/\/staging.belleflamme.ca\/fr\/produit\/vre-whispercomfort-solution-de-ventilation-equilibree-40-20-ou-20-10-pi%c2%b3-min-de-panasonic\/"]}]},{"@type":"ImageObject","inLanguage":"fr-FR","@id":"https:\/\/staging.belleflamme.ca\/fr\/produit\/vre-whispercomfort-solution-de-ventilation-equilibree-40-20-ou-20-10-pi%c2%b3-min-de-panasonic\/#primaryimage","url":"https:\/\/staging.belleflamme.ca\/wp-content\/uploads\/2024\/05\/VRE-WhisperComfort-Solution-de-ventilation-equilibree-40-20-ou-20-10-pi\u00b3min-de-Panasonic.png","contentUrl":"https:\/\/staging.belleflamme.ca\/wp-content\/uploads\/2024\/05\/VRE-WhisperComfort-Solution-de-ventilation-equilibree-40-20-ou-20-10-pi\u00b3min-de-Panasonic.png","width":600,"height":600,"caption":"VRE WhisperComfort - Solution de ventilation \u00e9quilibr\u00e9e, 40 \/ 20 ou 20 \/ 10 pi\u00b3\/min de Panasonic"},{"@type":"BreadcrumbList","@id":"https:\/\/staging.belleflamme.ca\/fr\/produit\/vre-whispercomfort-solution-de-ventilation-equilibree-40-20-ou-20-10-pi%c2%b3-min-de-panasonic\/#breadcrumb","itemListElement":[{"@type":"ListItem","position":1,"name":"Accueil","item":"https:\/\/www.belleflamme.ca\/fr\/"},{"@type":"ListItem","position":2,"name":"Boutique","item":"https:\/\/www.belleflamme.ca\/fr\/boutique\/"},{"@type":"ListItem","position":3,"name":"Climatisation &amp; Chauffage","item":"https:\/\/staging.belleflamme.ca\/fr\/categories\/climatisation-chauffage\/"},{"@type":"ListItem","position":4,"name":"Ventilation","item":"https:\/\/staging.belleflamme.ca\/fr\/categories\/climatisation-chauffage\/ventilation\/"},{"@type":"ListItem","position":5,"name":"Ventilateurs salle de bain","item":"https:\/\/staging.belleflamme.ca\/fr\/categories\/climatisation-chauffage\/ventilation\/ventilateur-salle-de-bain\/"},{"@type":"ListItem","position":6,"name":"VRE WhisperComfort &#8211; Solution de ventilation \u00e9quilibr\u00e9e, 40 \/ 20 ou 20 \/ 10 pi\u00b3\/min de Panasonic"}]},{"@type":"WebSite","@id":"https:\/\/www.belleflamme.ca\/fr\/#website","url":"https:\/\/www.belleflamme.ca\/fr\/","name":"Groupe Belleflamme","description":"La m\u00e9canique du b\u00e2timent dans le sang.","publisher":{"@id":"https:\/\/www.belleflamme.ca\/fr\/#organization"},"potentialAction":[{"@type":"SearchAction","target":{"@type":"EntryPoint","urlTemplate":"https:\/\/www.belleflamme.ca\/fr\/?s={search_term_string}"},"query-input":{"@type":"PropertyValueSpecification","valueRequired":true,"valueName":"search_term_string"}}],"inLanguage":"fr-FR"},{"@type":["Organization","Place"],"@id":"https:\/\/www.belleflamme.ca\/fr\/#organization","name":"Groupe Belleflamme","alternateName":"Belleflamme","url":"https:\/\/www.belleflamme.ca\/fr\/","logo":{"@type":"ImageObject","inLanguage":"fr-FR","@id":"https:\/\/www.belleflamme.ca\/fr\/#\/schema\/logo\/image\/","url":"https:\/\/staging.belleflamme.ca\/wp-content\/uploads\/2023\/01\/og-image.jpg","contentUrl":"https:\/\/staging.belleflamme.ca\/wp-content\/uploads\/2023\/01\/og-image.jpg","width":1200,"height":630,"caption":"Groupe Belleflamme"},"image":{"@id":"https:\/\/www.belleflamme.ca\/fr\/#\/schema\/logo\/image\/"},"sameAs":["https:\/\/www.facebook.com\/belleflamme.ca\/","https:\/\/www.linkedin.com\/company\/belleflamme\/","https:\/\/www.pinterest.ca\/groupebelleflamme\/","https:\/\/www.instagram.com\/legroupebelleflamme\/"],"mainEntityOfPage":{"@id":"https:\/\/staging.belleflamme.ca\/fr\/produit\/vre-whispercomfort-solution-de-ventilation-equilibree-40-20-ou-20-10-pi%c2%b3-min-de-panasonic\/"}}]},"product_brand":"Panasonic","product_price_amount":"805.00","product_price_currency":"CAD","og_availability":"instock","product_availability":"instock","product_retailer_item_id":"FV-04VE1","product_condition":"new"},"_links":{"self":[{"href":"https:\/\/staging.belleflamme.ca\/fr\/wp-json\/wp\/v2\/product\/38474","targetHints":{"allow":["GET"]}}],"collection":[{"href":"https:\/\/staging.belleflamme.ca\/fr\/wp-json\/wp\/v2\/product"}],"about":[{"href":"https:\/\/staging.belleflamme.ca\/fr\/wp-json\/wp\/v2\/types\/product"}],"version-history":[{"count":5,"href":"https:\/\/staging.belleflamme.ca\/fr\/wp-json\/wp\/v2\/product\/38474\/revisions"}],"predecessor-version":[{"id":39506,"href":"https:\/\/staging.belleflamme.ca\/fr\/wp-json\/wp\/v2\/product\/38474\/revisions\/39506"}],"wp:featuredmedia":[{"embeddable":true,"href":"https:\/\/staging.belleflamme.ca\/fr\/wp-json\/wp\/v2\/media\/38475"}],"wp:attachment":[{"href":"https:\/\/staging.belleflamme.ca\/fr\/wp-json\/wp\/v2\/media?parent=38474"}],"wp:term":[{"taxonomy":"product_brand","embeddable":true,"href":"https:\/\/staging.belleflamme.ca\/fr\/wp-json\/wp\/v2\/product_brand?post=38474"},{"taxonomy":"product_cat","embeddable":true,"href":"https:\/\/staging.belleflamme.ca\/fr\/wp-json\/wp\/v2\/product_cat?post=38474"},{"taxonomy":"product_tag","embeddable":true,"href":"https:\/\/staging.belleflamme.ca\/fr\/wp-json\/wp\/v2\/product_tag?post=38474"}],"curies":[{"name":"wp","href":"https:\/\/api.w.org\/{rel}","templated":true}]}}