{"id":38012,"date":"2024-05-14T15:47:54","date_gmt":"2024-05-14T19:47:54","guid":{"rendered":"https:\/\/www.belleflamme.ca\/?post_type=product&#038;p=38012"},"modified":"2024-05-14T15:48:58","modified_gmt":"2024-05-14T19:48:58","slug":"appareil-de-traitement-dair-hydronique-rw1t-de-ruud","status":"publish","type":"product","link":"https:\/\/staging.belleflamme.ca\/fr\/produit\/appareil-de-traitement-dair-hydronique-rw1t-de-ruud\/","title":{"rendered":"Appareil de Traitement d&#8217;air Hydronique RW1T de Ruud"},"content":{"rendered":"\t\t<div data-elementor-type=\"product-post\" data-elementor-id=\"38012\" class=\"elementor elementor-38012\" data-elementor-post-type=\"product\">\n\t\t\t\t\t\t<section class=\"elementor-section elementor-top-section elementor-element elementor-element-3882c6a9 elementor-section-boxed elementor-section-height-default elementor-section-height-default\" data-id=\"3882c6a9\" data-element_type=\"section\">\n\t\t\t\t\t\t<div class=\"elementor-container elementor-column-gap-default\">\n\t\t\t\t\t<div class=\"elementor-column elementor-col-100 elementor-top-column elementor-element elementor-element-4335898a\" data-id=\"4335898a\" data-element_type=\"column\">\n\t\t\t<div class=\"elementor-widget-wrap elementor-element-populated\">\n\t\t\t\t\t\t<div class=\"elementor-element elementor-element-6f13b06 elementor-widget elementor-widget-text-editor\" data-id=\"6f13b06\" data-element_type=\"widget\" data-widget_type=\"text-editor.default\">\n\t\t\t\t<div class=\"elementor-widget-container\">\n\t\t\t\t\t\t\t\t\t<strong><span>Caract\u00e9ristiques du syst\u00e8me de traitement d&#8217;air hydronique<\/span><\/strong>\r\n<ul>\r\n \t<li><span>La conception \u00e0 profil bas de 34 pouces est plus l\u00e9g\u00e8re, plus facile \u00e0 manipuler et laisse de la place pour des accessoires en option<\/span><\/li>\r\n \t<li><span>Raccordements \u00e9lectriques c\u00f4t\u00e9 gauche ou droit<\/span><\/li>\r\n \t<li><span>Le tableau de commande int\u00e9gr\u00e9 propose des diagnostics, g\u00e8re toutes les fonctions op\u00e9rationnelles et fournit des connexions pour l&#8217;humidificateur et le purificateur d&#8217;air \u00e9lectronique.<\/span><\/li>\r\n \t<li><span>Un compartiment de ventilation isol\u00e9 en fait l&#8217;un des appareils de traitement d&#8217;air hydroniques les plus silencieux du march\u00e9 aujourd&#8217;hui.<\/span><\/li>\r\n \t<li><span>Armoire en acier galvanis\u00e9 pr\u00e9-peinte<\/span><\/li>\r\n \t<li><span>Filtre(s) permanent(s) moul\u00e9(s)<\/span><\/li>\r\n \t<li><span>Protection du transformateur et du fusible de commande<\/span><\/li>\r\n \t<li><span>Le fond solide est standard<\/span><\/li>\r\n \t<li><span>Une vari\u00e9t\u00e9 de serpentins de refroidissement et de pl\u00e9nums con\u00e7us pour \u00eatre utilis\u00e9s avec le syst\u00e8me de traitement d&#8217;air hydronique sont disponibles en tant qu&#8217;accessoires en option pour les mod\u00e8les de climatisation.<\/span><\/li>\r\n \t<li><span>Pompe \u00e0 eau en acier inoxydable<\/span><\/li>\r\n<\/ul>\r\n<strong><span>Caract\u00e9ristiques du chauffe-eau sans r\u00e9servoir<\/span><\/strong>\r\n<ul>\r\n \t<li><span>Le meilleur de l&#8217;industrie\u00a0! D\u00e9bit minimum de 0,26 GPM, d\u00e9bit d&#8217;activation minimum de 0,40 GPM<\/span><\/li>\r\n \t<li><span>Mod\u00e8les homologu\u00e9s ENERGY STAR\u00ae disponibles<\/span><\/li>\r\n \t<li><span>Technologie de br\u00fbleur de nouvelle g\u00e9n\u00e9ration<\/span><\/li>\r\n \t<li><span>La t\u00e9l\u00e9commande UMC-117 et 10 pieds de fil de thermostat sont inclus<\/span><\/li>\r\n \t<li><span>C\u00e2ble EZ-Link\u2122 disponible pour les applications \u00e0 forte demande permettant de connecter deux unit\u00e9s sans r\u00e9servoir pour fonctionner comme une seule<\/span><\/li>\r\n \t<li><span>Capacit\u00e9 \u00e0 haute altitude \u2013 jusqu\u2019\u00e0 9\u00a0840 pieds d\u2019altitude au-dessus du niveau de la mer (aucune puce requise)<\/span><\/li>\r\n \t<li><span>Commandes \u00e9lectroniques intelligentes con\u00e7ues pour augmenter l&#8217;efficacit\u00e9 \u00e9nerg\u00e9tique et la s\u00e9curit\u00e9<\/span><\/li>\r\n \t<li><span>Syst\u00e8me d&#8217;autodiagnostic<\/span><\/li>\r\n<\/ul>\r\n&nbsp;\t\t\t\t\t\t\t\t<\/div>\n\t\t\t\t<\/div>\n\t\t\t\t\t<\/div>\n\t\t<\/div>\n\t\t\t\t\t<\/div>\n\t\t<\/section>\n\t\t\t\t<section class=\"elementor-section elementor-top-section elementor-element elementor-element-11921fd elementor-section-boxed elementor-section-height-default elementor-section-height-default\" data-id=\"11921fd\" data-element_type=\"section\">\n\t\t\t\t\t\t<div class=\"elementor-container elementor-column-gap-default\">\n\t\t\t\t\t<div class=\"elementor-column elementor-col-100 elementor-top-column elementor-element elementor-element-470d06d\" data-id=\"470d06d\" data-element_type=\"column\">\n\t\t\t<div class=\"elementor-widget-wrap elementor-element-populated\">\n\t\t\t\t\t\t<div class=\"elementor-element elementor-element-736a1f9 elementor-tabs-view-horizontal elementor-widget elementor-widget-tabs\" data-id=\"736a1f9\" data-element_type=\"widget\" data-widget_type=\"tabs.default\">\n\t\t\t\t<div class=\"elementor-widget-container\">\n\t\t\t\t\t\t\t<div class=\"elementor-tabs\">\n\t\t\t<div class=\"elementor-tabs-wrapper\" role=\"tablist\" >\n\t\t\t\t\t\t\t\t\t<div id=\"elementor-tab-title-1211\" class=\"elementor-tab-title elementor-tab-desktop-title\" aria-selected=\"true\" data-tab=\"1\" role=\"tab\" tabindex=\"0\" aria-controls=\"elementor-tab-content-1211\" aria-expanded=\"false\">Fichiers<\/div>\n\t\t\t\t\t\t\t<\/div>\n\t\t\t<div class=\"elementor-tabs-content-wrapper\" role=\"tablist\" aria-orientation=\"vertical\">\n\t\t\t\t\t\t\t\t\t<div class=\"elementor-tab-title elementor-tab-mobile-title\" aria-selected=\"true\" data-tab=\"1\" role=\"tab\" tabindex=\"0\" aria-controls=\"elementor-tab-content-1211\" aria-expanded=\"false\">Fichiers<\/div>\n\t\t\t\t\t<div id=\"elementor-tab-content-1211\" class=\"elementor-tab-content elementor-clearfix\" data-tab=\"1\" role=\"tabpanel\" aria-labelledby=\"elementor-tab-title-1211\" tabindex=\"0\" hidden=\"false\"><i class=\"far fa-file-pdf fa-xl\" style=\"font-size:35px\"><\/i><a href=\"https:\/\/www.belleflamme.ca\/wp-content\/uploads\/2024\/05\/H22-557_Rev1.pdf\"> Brochure<\/a><\/br><\/div>\n\t\t\t\t\t\t\t<\/div>\n\t\t<\/div>\n\t\t\t\t\t\t<\/div>\n\t\t\t\t<\/div>\n\t\t\t\t\t<\/div>\n\t\t<\/div>\n\t\t\t\t\t<\/div>\n\t\t<\/section>\n\t\t\t\t<\/div>\n\t\t","protected":false},"excerpt":{"rendered":"<p>Caract\u00e9ristiques du syst\u00e8me de traitement d&#8217;air hydronique La conception \u00e0 profil bas de 34 pouces est plus l\u00e9g\u00e8re, plus facile \u00e0 manipuler et laisse de la place pour des accessoires en option Raccordements \u00e9lectriques c\u00f4t\u00e9 gauche ou droit Le tableau de commande int\u00e9gr\u00e9 propose des diagnostics, g\u00e8re toutes les fonctions op\u00e9rationnelles et fournit des connexions [&hellip;]<\/p>\n","protected":false},"featured_media":38013,"template":"","meta":{"inline_featured_image":false},"product_brand":[306],"product_cat":[70,76,82,71],"product_tag":[],"class_list":{"0":"post-38012","1":"product","2":"type-product","3":"status-publish","4":"has-post-thumbnail","6":"product_brand-ruud","7":"product_cat-climatisation-chauffage","8":"product_cat-fournaise","9":"product_cat-fournaises-hydroniques","10":"product_cat-systeme-central","12":"first","13":"instock","14":"taxable","15":"shipping-taxable","16":"product-type-simple"},"yoast_head":"<!-- This site is optimized with the Yoast SEO Premium plugin v24.2 (Yoast SEO v24.2) - https:\/\/yoast.com\/wordpress\/plugins\/seo\/ -->\n<title>Appareil de Traitement d&#039;air Hydronique RW1T de Ruud - Groupe BelleFlamme<\/title>\n<meta name=\"description\" content=\"Appareil de Traitement d&#039;air Hydronique RW1T de Ruud vendu et install\u00e9 par le Groupe Belleflamme. Laval, Montr\u00e9al, Gatineau et Saint-Sauveur.\" \/>\n<meta name=\"robots\" content=\"index, follow, max-snippet:-1, max-image-preview:large, max-video-preview:-1\" \/>\n<link rel=\"canonical\" href=\"https:\/\/staging.belleflamme.ca\/fr\/produit\/appareil-de-traitement-dair-hydronique-rw1t-de-ruud\/\" \/>\n<meta property=\"og:locale\" content=\"fr_FR\" \/>\n<meta property=\"og:type\" content=\"article\" \/>\n<meta property=\"og:title\" content=\"Appareil de Traitement d&#039;air Hydronique RW1T de Ruud\" \/>\n<meta property=\"og:description\" content=\"Appareil de Traitement d&#039;air Hydronique RW1T de Ruud vendu et install\u00e9 par le Groupe Belleflamme. Laval, Montr\u00e9al, Gatineau et Saint-Sauveur.\" \/>\n<meta property=\"og:url\" content=\"https:\/\/staging.belleflamme.ca\/fr\/produit\/appareil-de-traitement-dair-hydronique-rw1t-de-ruud\/\" \/>\n<meta property=\"og:site_name\" content=\"Groupe BelleFlamme\" \/>\n<meta property=\"article:publisher\" content=\"https:\/\/www.facebook.com\/belleflamme.ca\/\" \/>\n<meta property=\"article:modified_time\" content=\"2024-05-14T19:48:58+00:00\" \/>\n<meta property=\"og:image\" content=\"https:\/\/www.belleflamme.ca\/wp-content\/uploads\/2024\/05\/Appareil-de-Traitement-dair-Hydronique-de-Ruud.png\" \/>\n\t<meta property=\"og:image:width\" content=\"600\" \/>\n\t<meta property=\"og:image:height\" content=\"600\" \/>\n\t<meta property=\"og:image:type\" content=\"image\/png\" \/>\n<meta name=\"twitter:card\" content=\"summary_large_image\" \/>\n<meta name=\"twitter:label1\" content=\"Prix\" \/>\n\t<meta name=\"twitter:data1\" content=\"\" \/>\n\t<meta name=\"twitter:label2\" content=\"Disponibilit\u00e9\" \/>\n\t<meta name=\"twitter:data2\" content=\"En stock\" \/>\n<script type=\"application\/ld+json\" class=\"yoast-schema-graph\">{\"@context\":\"https:\/\/schema.org\",\"@graph\":[{\"@type\":[\"WebPage\",\"ItemPage\"],\"@id\":\"https:\/\/staging.belleflamme.ca\/fr\/produit\/appareil-de-traitement-dair-hydronique-rw1t-de-ruud\/\",\"url\":\"https:\/\/staging.belleflamme.ca\/fr\/produit\/appareil-de-traitement-dair-hydronique-rw1t-de-ruud\/\",\"name\":\"Appareil de Traitement d'air Hydronique RW1T de Ruud - Groupe BelleFlamme\",\"isPartOf\":{\"@id\":\"https:\/\/www.belleflamme.ca\/fr\/#website\"},\"primaryImageOfPage\":{\"@id\":\"https:\/\/staging.belleflamme.ca\/fr\/produit\/appareil-de-traitement-dair-hydronique-rw1t-de-ruud\/#primaryimage\"},\"image\":{\"@id\":\"https:\/\/staging.belleflamme.ca\/fr\/produit\/appareil-de-traitement-dair-hydronique-rw1t-de-ruud\/#primaryimage\"},\"thumbnailUrl\":\"https:\/\/staging.belleflamme.ca\/wp-content\/uploads\/2024\/05\/Appareil-de-Traitement-dair-Hydronique-de-Ruud.png\",\"datePublished\":\"2024-05-14T19:47:54+00:00\",\"dateModified\":\"2024-05-14T19:48:58+00:00\",\"description\":\"Appareil de Traitement d'air Hydronique RW1T de Ruud vendu et install\u00e9 par le Groupe Belleflamme. Laval, Montr\u00e9al, Gatineau et Saint-Sauveur.\",\"breadcrumb\":{\"@id\":\"https:\/\/staging.belleflamme.ca\/fr\/produit\/appareil-de-traitement-dair-hydronique-rw1t-de-ruud\/#breadcrumb\"},\"inLanguage\":\"fr-FR\",\"potentialAction\":[{\"@type\":\"ReadAction\",\"target\":[\"https:\/\/staging.belleflamme.ca\/fr\/produit\/appareil-de-traitement-dair-hydronique-rw1t-de-ruud\/\"]}]},{\"@type\":\"ImageObject\",\"inLanguage\":\"fr-FR\",\"@id\":\"https:\/\/staging.belleflamme.ca\/fr\/produit\/appareil-de-traitement-dair-hydronique-rw1t-de-ruud\/#primaryimage\",\"url\":\"https:\/\/staging.belleflamme.ca\/wp-content\/uploads\/2024\/05\/Appareil-de-Traitement-dair-Hydronique-de-Ruud.png\",\"contentUrl\":\"https:\/\/staging.belleflamme.ca\/wp-content\/uploads\/2024\/05\/Appareil-de-Traitement-dair-Hydronique-de-Ruud.png\",\"width\":600,\"height\":600,\"caption\":\"Appareil de Traitement d'air Hydronique de Ruud\"},{\"@type\":\"BreadcrumbList\",\"@id\":\"https:\/\/staging.belleflamme.ca\/fr\/produit\/appareil-de-traitement-dair-hydronique-rw1t-de-ruud\/#breadcrumb\",\"itemListElement\":[{\"@type\":\"ListItem\",\"position\":1,\"name\":\"Accueil\",\"item\":\"https:\/\/www.belleflamme.ca\/fr\/\"},{\"@type\":\"ListItem\",\"position\":2,\"name\":\"Boutique\",\"item\":\"https:\/\/www.belleflamme.ca\/fr\/boutique\/\"},{\"@type\":\"ListItem\",\"position\":3,\"name\":\"Climatisation &amp; Chauffage\",\"item\":\"https:\/\/staging.belleflamme.ca\/fr\/categories\/climatisation-chauffage\/\"},{\"@type\":\"ListItem\",\"position\":4,\"name\":\"Syst\u00e8me central\",\"item\":\"https:\/\/staging.belleflamme.ca\/fr\/categories\/climatisation-chauffage\/systeme-central\/\"},{\"@type\":\"ListItem\",\"position\":5,\"name\":\"Fournaise\",\"item\":\"https:\/\/staging.belleflamme.ca\/fr\/categories\/climatisation-chauffage\/systeme-central\/fournaise\/\"},{\"@type\":\"ListItem\",\"position\":6,\"name\":\"Fournaises Hydroniques\",\"item\":\"https:\/\/staging.belleflamme.ca\/fr\/categories\/climatisation-chauffage\/systeme-central\/fournaise\/fournaises-hydroniques\/\"},{\"@type\":\"ListItem\",\"position\":7,\"name\":\"Appareil de Traitement d&#8217;air Hydronique RW1T de Ruud\"}]},{\"@type\":\"WebSite\",\"@id\":\"https:\/\/www.belleflamme.ca\/fr\/#website\",\"url\":\"https:\/\/www.belleflamme.ca\/fr\/\",\"name\":\"Groupe Belleflamme\",\"description\":\"La m\u00e9canique du b\u00e2timent dans le sang.\",\"publisher\":{\"@id\":\"https:\/\/www.belleflamme.ca\/fr\/#organization\"},\"potentialAction\":[{\"@type\":\"SearchAction\",\"target\":{\"@type\":\"EntryPoint\",\"urlTemplate\":\"https:\/\/www.belleflamme.ca\/fr\/?s={search_term_string}\"},\"query-input\":{\"@type\":\"PropertyValueSpecification\",\"valueRequired\":true,\"valueName\":\"search_term_string\"}}],\"inLanguage\":\"fr-FR\"},{\"@type\":[\"Organization\",\"Place\"],\"@id\":\"https:\/\/www.belleflamme.ca\/fr\/#organization\",\"name\":\"Groupe Belleflamme\",\"alternateName\":\"Belleflamme\",\"url\":\"https:\/\/www.belleflamme.ca\/fr\/\",\"logo\":{\"@type\":\"ImageObject\",\"inLanguage\":\"fr-FR\",\"@id\":\"https:\/\/www.belleflamme.ca\/fr\/#\/schema\/logo\/image\/\",\"url\":\"https:\/\/staging.belleflamme.ca\/wp-content\/uploads\/2023\/01\/og-image.jpg\",\"contentUrl\":\"https:\/\/staging.belleflamme.ca\/wp-content\/uploads\/2023\/01\/og-image.jpg\",\"width\":1200,\"height\":630,\"caption\":\"Groupe Belleflamme\"},\"image\":{\"@id\":\"https:\/\/www.belleflamme.ca\/fr\/#\/schema\/logo\/image\/\"},\"sameAs\":[\"https:\/\/www.facebook.com\/belleflamme.ca\/\",\"https:\/\/www.linkedin.com\/company\/belleflamme\/\",\"https:\/\/www.pinterest.ca\/groupebelleflamme\/\",\"https:\/\/www.instagram.com\/legroupebelleflamme\/\"],\"mainEntityOfPage\":{\"@id\":\"https:\/\/staging.belleflamme.ca\/fr\/produit\/appareil-de-traitement-dair-hydronique-rw1t-de-ruud\/\"}}]}<\/script>\n<meta property=\"product:brand\" content=\"Ruud\" \/>\n<meta property=\"product:price:amount\" content=\"0.00\" \/>\n<meta property=\"product:price:currency\" content=\"CAD\" \/>\n<meta property=\"og:availability\" content=\"instock\" \/>\n<meta property=\"product:availability\" content=\"instock\" \/>\n<meta property=\"product:condition\" content=\"new\" \/>\n<!-- \/ Yoast SEO Premium plugin. -->","yoast_head_json":{"title":"Appareil de Traitement d'air Hydronique RW1T de Ruud - Groupe BelleFlamme","description":"Appareil de Traitement d'air Hydronique RW1T de Ruud vendu et install\u00e9 par le Groupe Belleflamme. Laval, Montr\u00e9al, Gatineau et Saint-Sauveur.","robots":{"index":"index","follow":"follow","max-snippet":"max-snippet:-1","max-image-preview":"max-image-preview:large","max-video-preview":"max-video-preview:-1"},"canonical":"https:\/\/staging.belleflamme.ca\/fr\/produit\/appareil-de-traitement-dair-hydronique-rw1t-de-ruud\/","og_locale":"fr_FR","og_type":"article","og_title":"Appareil de Traitement d'air Hydronique RW1T de Ruud","og_description":"Appareil de Traitement d'air Hydronique RW1T de Ruud vendu et install\u00e9 par le Groupe Belleflamme. Laval, Montr\u00e9al, Gatineau et Saint-Sauveur.","og_url":"https:\/\/staging.belleflamme.ca\/fr\/produit\/appareil-de-traitement-dair-hydronique-rw1t-de-ruud\/","og_site_name":"Groupe BelleFlamme","article_publisher":"https:\/\/www.facebook.com\/belleflamme.ca\/","article_modified_time":"2024-05-14T19:48:58+00:00","og_image":[{"width":600,"height":600,"url":"https:\/\/www.belleflamme.ca\/wp-content\/uploads\/2024\/05\/Appareil-de-Traitement-dair-Hydronique-de-Ruud.png","type":"image\/png"}],"twitter_card":"summary_large_image","twitter_misc":{"Prix":"","Disponibilit\u00e9":"En stock"},"schema":{"@context":"https:\/\/schema.org","@graph":[{"@type":["WebPage","ItemPage"],"@id":"https:\/\/staging.belleflamme.ca\/fr\/produit\/appareil-de-traitement-dair-hydronique-rw1t-de-ruud\/","url":"https:\/\/staging.belleflamme.ca\/fr\/produit\/appareil-de-traitement-dair-hydronique-rw1t-de-ruud\/","name":"Appareil de Traitement d'air Hydronique RW1T de Ruud - Groupe BelleFlamme","isPartOf":{"@id":"https:\/\/www.belleflamme.ca\/fr\/#website"},"primaryImageOfPage":{"@id":"https:\/\/staging.belleflamme.ca\/fr\/produit\/appareil-de-traitement-dair-hydronique-rw1t-de-ruud\/#primaryimage"},"image":{"@id":"https:\/\/staging.belleflamme.ca\/fr\/produit\/appareil-de-traitement-dair-hydronique-rw1t-de-ruud\/#primaryimage"},"thumbnailUrl":"https:\/\/staging.belleflamme.ca\/wp-content\/uploads\/2024\/05\/Appareil-de-Traitement-dair-Hydronique-de-Ruud.png","datePublished":"2024-05-14T19:47:54+00:00","dateModified":"2024-05-14T19:48:58+00:00","description":"Appareil de Traitement d'air Hydronique RW1T de Ruud vendu et install\u00e9 par le Groupe Belleflamme. Laval, Montr\u00e9al, Gatineau et Saint-Sauveur.","breadcrumb":{"@id":"https:\/\/staging.belleflamme.ca\/fr\/produit\/appareil-de-traitement-dair-hydronique-rw1t-de-ruud\/#breadcrumb"},"inLanguage":"fr-FR","potentialAction":[{"@type":"ReadAction","target":["https:\/\/staging.belleflamme.ca\/fr\/produit\/appareil-de-traitement-dair-hydronique-rw1t-de-ruud\/"]}]},{"@type":"ImageObject","inLanguage":"fr-FR","@id":"https:\/\/staging.belleflamme.ca\/fr\/produit\/appareil-de-traitement-dair-hydronique-rw1t-de-ruud\/#primaryimage","url":"https:\/\/staging.belleflamme.ca\/wp-content\/uploads\/2024\/05\/Appareil-de-Traitement-dair-Hydronique-de-Ruud.png","contentUrl":"https:\/\/staging.belleflamme.ca\/wp-content\/uploads\/2024\/05\/Appareil-de-Traitement-dair-Hydronique-de-Ruud.png","width":600,"height":600,"caption":"Appareil de Traitement d'air Hydronique de Ruud"},{"@type":"BreadcrumbList","@id":"https:\/\/staging.belleflamme.ca\/fr\/produit\/appareil-de-traitement-dair-hydronique-rw1t-de-ruud\/#breadcrumb","itemListElement":[{"@type":"ListItem","position":1,"name":"Accueil","item":"https:\/\/www.belleflamme.ca\/fr\/"},{"@type":"ListItem","position":2,"name":"Boutique","item":"https:\/\/www.belleflamme.ca\/fr\/boutique\/"},{"@type":"ListItem","position":3,"name":"Climatisation &amp; Chauffage","item":"https:\/\/staging.belleflamme.ca\/fr\/categories\/climatisation-chauffage\/"},{"@type":"ListItem","position":4,"name":"Syst\u00e8me central","item":"https:\/\/staging.belleflamme.ca\/fr\/categories\/climatisation-chauffage\/systeme-central\/"},{"@type":"ListItem","position":5,"name":"Fournaise","item":"https:\/\/staging.belleflamme.ca\/fr\/categories\/climatisation-chauffage\/systeme-central\/fournaise\/"},{"@type":"ListItem","position":6,"name":"Fournaises Hydroniques","item":"https:\/\/staging.belleflamme.ca\/fr\/categories\/climatisation-chauffage\/systeme-central\/fournaise\/fournaises-hydroniques\/"},{"@type":"ListItem","position":7,"name":"Appareil de Traitement d&#8217;air Hydronique RW1T de Ruud"}]},{"@type":"WebSite","@id":"https:\/\/www.belleflamme.ca\/fr\/#website","url":"https:\/\/www.belleflamme.ca\/fr\/","name":"Groupe Belleflamme","description":"La m\u00e9canique du b\u00e2timent dans le sang.","publisher":{"@id":"https:\/\/www.belleflamme.ca\/fr\/#organization"},"potentialAction":[{"@type":"SearchAction","target":{"@type":"EntryPoint","urlTemplate":"https:\/\/www.belleflamme.ca\/fr\/?s={search_term_string}"},"query-input":{"@type":"PropertyValueSpecification","valueRequired":true,"valueName":"search_term_string"}}],"inLanguage":"fr-FR"},{"@type":["Organization","Place"],"@id":"https:\/\/www.belleflamme.ca\/fr\/#organization","name":"Groupe Belleflamme","alternateName":"Belleflamme","url":"https:\/\/www.belleflamme.ca\/fr\/","logo":{"@type":"ImageObject","inLanguage":"fr-FR","@id":"https:\/\/www.belleflamme.ca\/fr\/#\/schema\/logo\/image\/","url":"https:\/\/staging.belleflamme.ca\/wp-content\/uploads\/2023\/01\/og-image.jpg","contentUrl":"https:\/\/staging.belleflamme.ca\/wp-content\/uploads\/2023\/01\/og-image.jpg","width":1200,"height":630,"caption":"Groupe Belleflamme"},"image":{"@id":"https:\/\/www.belleflamme.ca\/fr\/#\/schema\/logo\/image\/"},"sameAs":["https:\/\/www.facebook.com\/belleflamme.ca\/","https:\/\/www.linkedin.com\/company\/belleflamme\/","https:\/\/www.pinterest.ca\/groupebelleflamme\/","https:\/\/www.instagram.com\/legroupebelleflamme\/"],"mainEntityOfPage":{"@id":"https:\/\/staging.belleflamme.ca\/fr\/produit\/appareil-de-traitement-dair-hydronique-rw1t-de-ruud\/"}}]},"product_brand":"Ruud","product_price_amount":"0.00","product_price_currency":"CAD","og_availability":"instock","product_availability":"instock","product_condition":"new"},"_links":{"self":[{"href":"https:\/\/staging.belleflamme.ca\/fr\/wp-json\/wp\/v2\/product\/38012","targetHints":{"allow":["GET"]}}],"collection":[{"href":"https:\/\/staging.belleflamme.ca\/fr\/wp-json\/wp\/v2\/product"}],"about":[{"href":"https:\/\/staging.belleflamme.ca\/fr\/wp-json\/wp\/v2\/types\/product"}],"version-history":[{"count":4,"href":"https:\/\/staging.belleflamme.ca\/fr\/wp-json\/wp\/v2\/product\/38012\/revisions"}],"predecessor-version":[{"id":38020,"href":"https:\/\/staging.belleflamme.ca\/fr\/wp-json\/wp\/v2\/product\/38012\/revisions\/38020"}],"wp:featuredmedia":[{"embeddable":true,"href":"https:\/\/staging.belleflamme.ca\/fr\/wp-json\/wp\/v2\/media\/38013"}],"wp:attachment":[{"href":"https:\/\/staging.belleflamme.ca\/fr\/wp-json\/wp\/v2\/media?parent=38012"}],"wp:term":[{"taxonomy":"product_brand","embeddable":true,"href":"https:\/\/staging.belleflamme.ca\/fr\/wp-json\/wp\/v2\/product_brand?post=38012"},{"taxonomy":"product_cat","embeddable":true,"href":"https:\/\/staging.belleflamme.ca\/fr\/wp-json\/wp\/v2\/product_cat?post=38012"},{"taxonomy":"product_tag","embeddable":true,"href":"https:\/\/staging.belleflamme.ca\/fr\/wp-json\/wp\/v2\/product_tag?post=38012"}],"curies":[{"name":"wp","href":"https:\/\/api.w.org\/{rel}","templated":true}]}}