{"id":37907,"date":"2024-05-14T13:48:49","date_gmt":"2024-05-14T17:48:49","guid":{"rendered":"https:\/\/www.belleflamme.ca\/?post_type=product&#038;p=37907"},"modified":"2024-12-02T16:03:09","modified_gmt":"2024-12-02T21:03:09","slug":"thermopompe-murale-21-seer-modele-platinum-de-maxi-air","status":"publish","type":"product","link":"https:\/\/staging.belleflamme.ca\/fr\/produit\/thermopompe-murale-21-seer-modele-platinum-de-maxi-air\/","title":{"rendered":"Thermopompe Murale  21 SEER Mod\u00e8le Platinum de Maxi Air"},"content":{"rendered":"\t\t<div data-elementor-type=\"product-post\" data-elementor-id=\"37907\" class=\"elementor elementor-37907\" data-elementor-post-type=\"product\">\n\t\t\t\t\t\t<section class=\"elementor-section elementor-top-section elementor-element elementor-element-43b82ed elementor-section-boxed elementor-section-height-default elementor-section-height-default\" data-id=\"43b82ed\" data-element_type=\"section\">\n\t\t\t\t\t\t<div class=\"elementor-container elementor-column-gap-default\">\n\t\t\t\t\t<div class=\"elementor-column elementor-col-100 elementor-top-column elementor-element elementor-element-240d7a5e\" data-id=\"240d7a5e\" data-element_type=\"column\">\n\t\t\t<div class=\"elementor-widget-wrap elementor-element-populated\">\n\t\t\t\t\t\t<div class=\"elementor-element elementor-element-2604b990 elementor-widget elementor-widget-text-editor\" data-id=\"2604b990\" data-element_type=\"widget\" data-widget_type=\"text-editor.default\">\n\t\t\t\t<div class=\"elementor-widget-container\">\n\t\t\t\t\t\t\t\t\t<h2 style=\"text-align: center;\">THERMOPOMPE MURALE<br \/>\u00c0 VITESSE VARIABLE SANS CONDUITS<\/h2><p><img decoding=\"async\" class=\"alignnone size-full wp-image-44447\" src=\"https:\/\/www.belleflamme.ca\/wp-content\/uploads\/2024\/12\/logo-Energy-Star-logo.png\" alt=\"\" width=\"100\" height=\"100\" \/><\/p><h3>L\u2019\u00e9l\u00e9gance \u00e0 haute performance<\/h3><p>Avec son taux de rendement de 21 SEER, la thermopompe murale Maxi Air Inverter Platinum 21 vous<br \/>procure le plus grand confort en toute saison. L\u2019\u00e9t\u00e9, elle rafraichit votre r\u00e9sidence avec son syst\u00e8me de<br \/>climatisation \u00e0 haut rendement, tandis qu\u2019en hiver, elle vous procure de la chaleur jusqu\u2019\u00e0 -25 \u00baC.<br \/>Silencieuse et au design \u00e9pur\u00e9, elle s\u2019int\u00e8gre parfaitement dans votre d\u00e9cor.<br \/>De plus, puisqu\u2019aucun conduit n\u2019est requis, elle s\u2019installe facilement dans<br \/>n\u2019importe quelle pi\u00e8ce de votre demeure.<\/p><h3>Confort cibl\u00e9<\/h3><p>Contrairement aux syst\u00e8mes centraux, la thermopompe murale vous permet de temp\u00e9rer uniquement la zone souhait\u00e9e. Ainsi, vous r\u00e9alisez d\u2019importantes \u00e9conomies d\u2019\u00e9nergie sans compromettre votre confort.<\/p><h3>CARACT\u00c9RISTIQUES<\/h3><ul><li>Filtre \u00e0 air<\/li><li>Mode nuit<\/li><li>Programmation 24 heures<\/li><li>Volets motoris\u00e9s haut\/bas<\/li><li>Mode d\u00e9shumidification<\/li><li>Fonctionnement jusqu\u2019\u00e0 -25 \u00baC<\/li><li>T\u00e9l\u00e9commande sans fil<\/li><li>Ultra silencieuse<\/li><li>Vitesse variable<\/li><li>R\u00e9frig\u00e9rant R410A<\/li><li>12 niveaux de vitesses pour la ventilation int\u00e9rieure<\/li><li>5 niveaux de vitesses pour la ventilation ext\u00e9rieure<\/li><\/ul><h3>De grandes \u00e9conomies d\u2019\u00e9nergie<\/h3><p>Gr\u00e2ce \u00e0 sa technologie Inverter (vitesse variable), la thermopompe murale Platinum 21 vous procure un chauffage et une climatisation stable, sans grandes fluctuations de temp\u00e9rature causant l\u2019inconfort et le gaspillage d\u2019\u00e9nergie.<\/p><p>\u2022 Temp\u00e9rature constante et confortable<br \/>\u2022 Fonctionnement plus silencieux<br \/>\u2022 Vitesse du compresseur adapt\u00e9e au besoin<br \/>de chauffage ou de climatisation<br \/>\u2022 Importantes \u00e9conomies puisque le<br \/>compresseur ne fonctionne pas en<br \/>permanence au maximum de sa capacit\u00e9<\/p><p><img fetchpriority=\"high\" decoding=\"async\" class=\"alignnone size-full wp-image-44694\" src=\"https:\/\/www.belleflamme.ca\/wp-content\/uploads\/2024\/12\/2024-12-02-15_59_50-MAX098_depliant-MaxiAir_Platimum-21_04.pdf.png\" alt=\"\" width=\"412\" height=\"188\" srcset=\"https:\/\/staging.belleflamme.ca\/wp-content\/uploads\/2024\/12\/2024-12-02-15_59_50-MAX098_depliant-MaxiAir_Platimum-21_04.pdf.png 412w, https:\/\/staging.belleflamme.ca\/wp-content\/uploads\/2024\/12\/2024-12-02-15_59_50-MAX098_depliant-MaxiAir_Platimum-21_04.pdf-300x137.png 300w\" sizes=\"(max-width: 412px) 100vw, 412px\" \/><\/p><h3>Le confort \u00e0 port\u00e9e de main<\/h3><p>Choisissez facilement entre la simple ventilation, la climatisation ou le chauffage! La thermopompe murale Platinum 21 est munie d\u2019une t\u00e9l\u00e9commande ergonomique qui vous offre un acc\u00e8s rapide \u00e0 plusieurs fonctions. Quel que soit l\u2019emplacement de l\u2019unit\u00e9 dans votre r\u00e9sidence, vous avez le plein contr\u00f4le \u00e0 distance.<\/p><p><img decoding=\"async\" class=\"alignnone size-full wp-image-37908\" src=\"https:\/\/www.belleflamme.ca\/wp-content\/uploads\/2024\/05\/2024-05-14-13_48_19-Climatiseurs-_-Thermopompes-Archives-Maxivent.png\" alt=\"\" width=\"483\" height=\"193\" srcset=\"https:\/\/staging.belleflamme.ca\/wp-content\/uploads\/2024\/05\/2024-05-14-13_48_19-Climatiseurs-_-Thermopompes-Archives-Maxivent.png 483w, https:\/\/staging.belleflamme.ca\/wp-content\/uploads\/2024\/05\/2024-05-14-13_48_19-Climatiseurs-_-Thermopompes-Archives-Maxivent-300x120.png 300w\" sizes=\"(max-width: 483px) 100vw, 483px\" \/><\/p><p style=\"text-align: center;\"><img loading=\"lazy\" decoding=\"async\" class=\"alignnone size-full wp-image-44212\" src=\"https:\/\/www.belleflamme.ca\/wp-content\/uploads\/2024\/11\/Garantie-Belleflamme-FR-5.png\" alt=\"\" width=\"250\" height=\"250\" srcset=\"https:\/\/staging.belleflamme.ca\/wp-content\/uploads\/2024\/11\/Garantie-Belleflamme-FR-5.png 250w, https:\/\/staging.belleflamme.ca\/wp-content\/uploads\/2024\/11\/Garantie-Belleflamme-FR-5-150x150.png 150w, https:\/\/staging.belleflamme.ca\/wp-content\/uploads\/2024\/11\/Garantie-Belleflamme-FR-5-100x100.png 100w\" sizes=\"(max-width: 250px) 100vw, 250px\" \/><\/p><p>\u00a0<\/p><p style=\"text-align: center;\"><img loading=\"lazy\" decoding=\"async\" class=\"alignnone size-full wp-image-44696\" src=\"https:\/\/www.belleflamme.ca\/wp-content\/uploads\/2024\/12\/2024-12-02-16_02_10-MAX098_depliant-MaxiAir_Platimum-21_04.pdf.png\" alt=\"\" width=\"872\" height=\"787\" srcset=\"https:\/\/staging.belleflamme.ca\/wp-content\/uploads\/2024\/12\/2024-12-02-16_02_10-MAX098_depliant-MaxiAir_Platimum-21_04.pdf.png 872w, https:\/\/staging.belleflamme.ca\/wp-content\/uploads\/2024\/12\/2024-12-02-16_02_10-MAX098_depliant-MaxiAir_Platimum-21_04.pdf-300x271.png 300w, https:\/\/staging.belleflamme.ca\/wp-content\/uploads\/2024\/12\/2024-12-02-16_02_10-MAX098_depliant-MaxiAir_Platimum-21_04.pdf-768x693.png 768w\" sizes=\"(max-width: 872px) 100vw, 872px\" \/><\/p>\t\t\t\t\t\t\t\t<\/div>\n\t\t\t\t<\/div>\n\t\t\t\t\t<\/div>\n\t\t<\/div>\n\t\t\t\t\t<\/div>\n\t\t<\/section>\n\t\t\t\t<section class=\"elementor-section elementor-top-section elementor-element elementor-element-7f1a64b elementor-section-boxed elementor-section-height-default elementor-section-height-default\" data-id=\"7f1a64b\" data-element_type=\"section\">\n\t\t\t\t\t\t<div class=\"elementor-container elementor-column-gap-default\">\n\t\t\t\t\t<div class=\"elementor-column elementor-col-100 elementor-top-column elementor-element elementor-element-1a792bd\" data-id=\"1a792bd\" data-element_type=\"column\">\n\t\t\t<div class=\"elementor-widget-wrap elementor-element-populated\">\n\t\t\t\t\t\t<div class=\"elementor-element elementor-element-0ea20ab elementor-tabs-view-horizontal elementor-widget elementor-widget-tabs\" data-id=\"0ea20ab\" data-element_type=\"widget\" data-widget_type=\"tabs.default\">\n\t\t\t\t<div class=\"elementor-widget-container\">\n\t\t\t\t\t\t\t<div class=\"elementor-tabs\">\n\t\t\t<div class=\"elementor-tabs-wrapper\" role=\"tablist\" >\n\t\t\t\t\t\t\t\t\t<div id=\"elementor-tab-title-1531\" class=\"elementor-tab-title elementor-tab-desktop-title\" aria-selected=\"true\" data-tab=\"1\" role=\"tab\" tabindex=\"0\" aria-controls=\"elementor-tab-content-1531\" aria-expanded=\"false\">Fichiers<\/div>\n\t\t\t\t\t\t\t<\/div>\n\t\t\t<div class=\"elementor-tabs-content-wrapper\" role=\"tablist\" aria-orientation=\"vertical\">\n\t\t\t\t\t\t\t\t\t<div class=\"elementor-tab-title elementor-tab-mobile-title\" aria-selected=\"true\" data-tab=\"1\" role=\"tab\" tabindex=\"0\" aria-controls=\"elementor-tab-content-1531\" aria-expanded=\"false\">Fichiers<\/div>\n\t\t\t\t\t<div id=\"elementor-tab-content-1531\" class=\"elementor-tab-content elementor-clearfix\" data-tab=\"1\" role=\"tabpanel\" aria-labelledby=\"elementor-tab-title-1531\" tabindex=\"0\" hidden=\"false\"><i class=\"far fa-file-pdf fa-xl\" style=\"font-size:35px\"><\/i><a href=\"https:\/\/www.belleflamme.ca\/wp-content\/uploads\/2024\/05\/MAX098_depliant-MaxiAir_Platimum-21_04.pdf\"> Brochure<\/a><\/br>\n<i class=\"far fa-file-pdf fa-xl\" style=\"font-size:35px\"><\/i><a href=\"https:\/\/www.belleflamme.ca\/wp-content\/uploads\/2024\/05\/Platinum-21-Manuel-dinstallation.pdf\"> Installation<\/a><\/br>\n<i class=\"far fa-file-pdf fa-xl\" style=\"font-size:35px\"><\/i><a href=\"https:\/\/www.belleflamme.ca\/wp-content\/uploads\/2024\/05\/Manuel-proprietaire-Platinum-21-3.pdf\"> Manuel<\/a><\/br>\n<\/div>\n\t\t\t\t\t\t\t<\/div>\n\t\t<\/div>\n\t\t\t\t\t\t<\/div>\n\t\t\t\t<\/div>\n\t\t\t\t\t<\/div>\n\t\t<\/div>\n\t\t\t\t\t<\/div>\n\t\t<\/section>\n\t\t\t\t<\/div>\n\t\t","protected":false},"excerpt":{"rendered":"<p>THERMOPOMPE MURALE\u00c0 VITESSE VARIABLE SANS CONDUITS L\u2019\u00e9l\u00e9gance \u00e0 haute performance Avec son taux de rendement de 21 SEER, la thermopompe murale Maxi Air Inverter Platinum 21 vousprocure le plus grand confort en toute saison. L\u2019\u00e9t\u00e9, elle rafraichit votre r\u00e9sidence avec son syst\u00e8me declimatisation \u00e0 haut rendement, tandis qu\u2019en hiver, elle vous procure de la chaleur [&hellip;]<\/p>\n","protected":false},"featured_media":44687,"template":"","meta":{"inline_featured_image":false},"product_brand":[1446],"product_cat":[70,72,86],"product_tag":[],"class_list":{"0":"post-37907","1":"product","2":"type-product","3":"status-publish","4":"has-post-thumbnail","6":"product_brand-maxi-air","7":"product_cat-climatisation-chauffage","8":"product_cat-systeme-mural","9":"product_cat-thermopompes-murales","11":"first","12":"instock","13":"taxable","14":"shipping-taxable","15":"product-type-variable"},"yoast_head":"<!-- This site is optimized with the Yoast SEO Premium plugin v24.2 (Yoast SEO v24.2) - https:\/\/yoast.com\/wordpress\/plugins\/seo\/ -->\n<title>Thermopompe Murale 21 SEER Mod\u00e8le Platinum de Maxi Air - Groupe BelleFlamme<\/title>\n<meta name=\"description\" content=\"Thermopompe Murale 21 SEER Mod\u00e8le Platinum de Maxi Air vendu et install\u00e9 par le Groupe Belleflamme. Laval, Montr\u00e9al, Gatineau et Saint-Sauveur.\" \/>\n<meta name=\"robots\" content=\"index, follow, max-snippet:-1, max-image-preview:large, max-video-preview:-1\" \/>\n<link rel=\"canonical\" href=\"https:\/\/staging.belleflamme.ca\/fr\/produit\/thermopompe-murale-21-seer-modele-platinum-de-maxi-air\/\" \/>\n<meta property=\"og:locale\" content=\"fr_FR\" \/>\n<meta property=\"og:type\" content=\"article\" \/>\n<meta property=\"og:title\" content=\"Thermopompe Murale 21 SEER Mod\u00e8le Platinum de Maxi Air\" \/>\n<meta property=\"og:description\" content=\"Thermopompe Murale 21 SEER Mod\u00e8le Platinum de Maxi Air vendu et install\u00e9 par le Groupe Belleflamme. Laval, Montr\u00e9al, Gatineau et Saint-Sauveur.\" \/>\n<meta property=\"og:url\" content=\"https:\/\/staging.belleflamme.ca\/fr\/produit\/thermopompe-murale-21-seer-modele-platinum-de-maxi-air\/\" \/>\n<meta property=\"og:site_name\" content=\"Groupe BelleFlamme\" \/>\n<meta property=\"article:publisher\" content=\"https:\/\/www.facebook.com\/belleflamme.ca\/\" \/>\n<meta property=\"article:modified_time\" content=\"2024-12-02T21:03:09+00:00\" \/>\n<meta property=\"og:image\" content=\"https:\/\/www.belleflamme.ca\/wp-content\/uploads\/2024\/05\/Thermopompe-Murale-21-SEER-Modele-Platinum-de-Maxi-Air.webp\" \/>\n\t<meta property=\"og:image:width\" content=\"600\" \/>\n\t<meta property=\"og:image:height\" content=\"600\" \/>\n\t<meta property=\"og:image:type\" content=\"image\/webp\" \/>\n<meta name=\"twitter:card\" content=\"summary_large_image\" \/>\n<meta name=\"twitter:label1\" content=\"Disponibilit\u00e9\" \/>\n\t<meta name=\"twitter:data1\" content=\"En stock\" \/>\n<script type=\"application\/ld+json\" class=\"yoast-schema-graph\">{\"@context\":\"https:\/\/schema.org\",\"@graph\":[{\"@type\":[\"WebPage\",\"ItemPage\"],\"@id\":\"https:\/\/staging.belleflamme.ca\/fr\/produit\/thermopompe-murale-21-seer-modele-platinum-de-maxi-air\/\",\"url\":\"https:\/\/staging.belleflamme.ca\/fr\/produit\/thermopompe-murale-21-seer-modele-platinum-de-maxi-air\/\",\"name\":\"Thermopompe Murale 21 SEER Mod\u00e8le Platinum de Maxi Air - Groupe BelleFlamme\",\"isPartOf\":{\"@id\":\"https:\/\/www.belleflamme.ca\/fr\/#website\"},\"primaryImageOfPage\":{\"@id\":\"https:\/\/staging.belleflamme.ca\/fr\/produit\/thermopompe-murale-21-seer-modele-platinum-de-maxi-air\/#primaryimage\"},\"image\":{\"@id\":\"https:\/\/staging.belleflamme.ca\/fr\/produit\/thermopompe-murale-21-seer-modele-platinum-de-maxi-air\/#primaryimage\"},\"thumbnailUrl\":\"https:\/\/staging.belleflamme.ca\/wp-content\/uploads\/2024\/05\/Thermopompe-Murale-21-SEER-Modele-Platinum-de-Maxi-Air.webp\",\"datePublished\":\"2024-05-14T17:48:49+00:00\",\"dateModified\":\"2024-12-02T21:03:09+00:00\",\"description\":\"Thermopompe Murale 21 SEER Mod\u00e8le Platinum de Maxi Air vendu et install\u00e9 par le Groupe Belleflamme. Laval, Montr\u00e9al, Gatineau et Saint-Sauveur.\",\"breadcrumb\":{\"@id\":\"https:\/\/staging.belleflamme.ca\/fr\/produit\/thermopompe-murale-21-seer-modele-platinum-de-maxi-air\/#breadcrumb\"},\"inLanguage\":\"fr-FR\",\"potentialAction\":[{\"@type\":\"ReadAction\",\"target\":[\"https:\/\/staging.belleflamme.ca\/fr\/produit\/thermopompe-murale-21-seer-modele-platinum-de-maxi-air\/\"]}]},{\"@type\":\"ImageObject\",\"inLanguage\":\"fr-FR\",\"@id\":\"https:\/\/staging.belleflamme.ca\/fr\/produit\/thermopompe-murale-21-seer-modele-platinum-de-maxi-air\/#primaryimage\",\"url\":\"https:\/\/staging.belleflamme.ca\/wp-content\/uploads\/2024\/05\/Thermopompe-Murale-21-SEER-Modele-Platinum-de-Maxi-Air.webp\",\"contentUrl\":\"https:\/\/staging.belleflamme.ca\/wp-content\/uploads\/2024\/05\/Thermopompe-Murale-21-SEER-Modele-Platinum-de-Maxi-Air.webp\",\"width\":600,\"height\":600,\"caption\":\"Thermopompe Murale 21 SEER Mod\u00e8le Platinum de Maxi Air\"},{\"@type\":\"BreadcrumbList\",\"@id\":\"https:\/\/staging.belleflamme.ca\/fr\/produit\/thermopompe-murale-21-seer-modele-platinum-de-maxi-air\/#breadcrumb\",\"itemListElement\":[{\"@type\":\"ListItem\",\"position\":1,\"name\":\"Accueil\",\"item\":\"https:\/\/www.belleflamme.ca\/fr\/\"},{\"@type\":\"ListItem\",\"position\":2,\"name\":\"Boutique\",\"item\":\"https:\/\/www.belleflamme.ca\/fr\/boutique\/\"},{\"@type\":\"ListItem\",\"position\":3,\"name\":\"Climatisation &amp; Chauffage\",\"item\":\"https:\/\/staging.belleflamme.ca\/fr\/categories\/climatisation-chauffage\/\"},{\"@type\":\"ListItem\",\"position\":4,\"name\":\"Syst\u00e8me Mural\",\"item\":\"https:\/\/staging.belleflamme.ca\/fr\/categories\/climatisation-chauffage\/systeme-mural\/\"},{\"@type\":\"ListItem\",\"position\":5,\"name\":\"Thermopompes Murales\",\"item\":\"https:\/\/staging.belleflamme.ca\/fr\/categories\/climatisation-chauffage\/systeme-mural\/thermopompes-murales\/\"},{\"@type\":\"ListItem\",\"position\":6,\"name\":\"Thermopompe Murale 21 SEER Mod\u00e8le Platinum de Maxi Air\"}]},{\"@type\":\"WebSite\",\"@id\":\"https:\/\/www.belleflamme.ca\/fr\/#website\",\"url\":\"https:\/\/www.belleflamme.ca\/fr\/\",\"name\":\"Groupe Belleflamme\",\"description\":\"La m\u00e9canique du b\u00e2timent dans le sang.\",\"publisher\":{\"@id\":\"https:\/\/www.belleflamme.ca\/fr\/#organization\"},\"potentialAction\":[{\"@type\":\"SearchAction\",\"target\":{\"@type\":\"EntryPoint\",\"urlTemplate\":\"https:\/\/www.belleflamme.ca\/fr\/?s={search_term_string}\"},\"query-input\":{\"@type\":\"PropertyValueSpecification\",\"valueRequired\":true,\"valueName\":\"search_term_string\"}}],\"inLanguage\":\"fr-FR\"},{\"@type\":[\"Organization\",\"Place\"],\"@id\":\"https:\/\/www.belleflamme.ca\/fr\/#organization\",\"name\":\"Groupe Belleflamme\",\"alternateName\":\"Belleflamme\",\"url\":\"https:\/\/www.belleflamme.ca\/fr\/\",\"logo\":{\"@type\":\"ImageObject\",\"inLanguage\":\"fr-FR\",\"@id\":\"https:\/\/www.belleflamme.ca\/fr\/#\/schema\/logo\/image\/\",\"url\":\"https:\/\/staging.belleflamme.ca\/wp-content\/uploads\/2023\/01\/og-image.jpg\",\"contentUrl\":\"https:\/\/staging.belleflamme.ca\/wp-content\/uploads\/2023\/01\/og-image.jpg\",\"width\":1200,\"height\":630,\"caption\":\"Groupe Belleflamme\"},\"image\":{\"@id\":\"https:\/\/www.belleflamme.ca\/fr\/#\/schema\/logo\/image\/\"},\"sameAs\":[\"https:\/\/www.facebook.com\/belleflamme.ca\/\",\"https:\/\/www.linkedin.com\/company\/belleflamme\/\",\"https:\/\/www.pinterest.ca\/groupebelleflamme\/\",\"https:\/\/www.instagram.com\/legroupebelleflamme\/\"],\"mainEntityOfPage\":{\"@id\":\"https:\/\/staging.belleflamme.ca\/fr\/produit\/thermopompe-murale-21-seer-modele-platinum-de-maxi-air\/\"}}]}<\/script>\n<meta property=\"product:brand\" content=\"Maxi Air\" \/>\n<meta property=\"og:availability\" content=\"instock\" \/>\n<meta property=\"product:availability\" content=\"instock\" \/>\n<meta property=\"product:condition\" content=\"new\" \/>\n<!-- \/ Yoast SEO Premium plugin. -->","yoast_head_json":{"title":"Thermopompe Murale 21 SEER Mod\u00e8le Platinum de Maxi Air - Groupe BelleFlamme","description":"Thermopompe Murale 21 SEER Mod\u00e8le Platinum de Maxi Air vendu et install\u00e9 par le Groupe Belleflamme. Laval, Montr\u00e9al, Gatineau et Saint-Sauveur.","robots":{"index":"index","follow":"follow","max-snippet":"max-snippet:-1","max-image-preview":"max-image-preview:large","max-video-preview":"max-video-preview:-1"},"canonical":"https:\/\/staging.belleflamme.ca\/fr\/produit\/thermopompe-murale-21-seer-modele-platinum-de-maxi-air\/","og_locale":"fr_FR","og_type":"article","og_title":"Thermopompe Murale 21 SEER Mod\u00e8le Platinum de Maxi Air","og_description":"Thermopompe Murale 21 SEER Mod\u00e8le Platinum de Maxi Air vendu et install\u00e9 par le Groupe Belleflamme. Laval, Montr\u00e9al, Gatineau et Saint-Sauveur.","og_url":"https:\/\/staging.belleflamme.ca\/fr\/produit\/thermopompe-murale-21-seer-modele-platinum-de-maxi-air\/","og_site_name":"Groupe BelleFlamme","article_publisher":"https:\/\/www.facebook.com\/belleflamme.ca\/","article_modified_time":"2024-12-02T21:03:09+00:00","og_image":[{"width":600,"height":600,"url":"https:\/\/www.belleflamme.ca\/wp-content\/uploads\/2024\/05\/Thermopompe-Murale-21-SEER-Modele-Platinum-de-Maxi-Air.webp","type":"image\/webp"}],"twitter_card":"summary_large_image","twitter_misc":{"Disponibilit\u00e9":"En stock"},"schema":{"@context":"https:\/\/schema.org","@graph":[{"@type":["WebPage","ItemPage"],"@id":"https:\/\/staging.belleflamme.ca\/fr\/produit\/thermopompe-murale-21-seer-modele-platinum-de-maxi-air\/","url":"https:\/\/staging.belleflamme.ca\/fr\/produit\/thermopompe-murale-21-seer-modele-platinum-de-maxi-air\/","name":"Thermopompe Murale 21 SEER Mod\u00e8le Platinum de Maxi Air - Groupe BelleFlamme","isPartOf":{"@id":"https:\/\/www.belleflamme.ca\/fr\/#website"},"primaryImageOfPage":{"@id":"https:\/\/staging.belleflamme.ca\/fr\/produit\/thermopompe-murale-21-seer-modele-platinum-de-maxi-air\/#primaryimage"},"image":{"@id":"https:\/\/staging.belleflamme.ca\/fr\/produit\/thermopompe-murale-21-seer-modele-platinum-de-maxi-air\/#primaryimage"},"thumbnailUrl":"https:\/\/staging.belleflamme.ca\/wp-content\/uploads\/2024\/05\/Thermopompe-Murale-21-SEER-Modele-Platinum-de-Maxi-Air.webp","datePublished":"2024-05-14T17:48:49+00:00","dateModified":"2024-12-02T21:03:09+00:00","description":"Thermopompe Murale 21 SEER Mod\u00e8le Platinum de Maxi Air vendu et install\u00e9 par le Groupe Belleflamme. Laval, Montr\u00e9al, Gatineau et Saint-Sauveur.","breadcrumb":{"@id":"https:\/\/staging.belleflamme.ca\/fr\/produit\/thermopompe-murale-21-seer-modele-platinum-de-maxi-air\/#breadcrumb"},"inLanguage":"fr-FR","potentialAction":[{"@type":"ReadAction","target":["https:\/\/staging.belleflamme.ca\/fr\/produit\/thermopompe-murale-21-seer-modele-platinum-de-maxi-air\/"]}]},{"@type":"ImageObject","inLanguage":"fr-FR","@id":"https:\/\/staging.belleflamme.ca\/fr\/produit\/thermopompe-murale-21-seer-modele-platinum-de-maxi-air\/#primaryimage","url":"https:\/\/staging.belleflamme.ca\/wp-content\/uploads\/2024\/05\/Thermopompe-Murale-21-SEER-Modele-Platinum-de-Maxi-Air.webp","contentUrl":"https:\/\/staging.belleflamme.ca\/wp-content\/uploads\/2024\/05\/Thermopompe-Murale-21-SEER-Modele-Platinum-de-Maxi-Air.webp","width":600,"height":600,"caption":"Thermopompe Murale 21 SEER Mod\u00e8le Platinum de Maxi Air"},{"@type":"BreadcrumbList","@id":"https:\/\/staging.belleflamme.ca\/fr\/produit\/thermopompe-murale-21-seer-modele-platinum-de-maxi-air\/#breadcrumb","itemListElement":[{"@type":"ListItem","position":1,"name":"Accueil","item":"https:\/\/www.belleflamme.ca\/fr\/"},{"@type":"ListItem","position":2,"name":"Boutique","item":"https:\/\/www.belleflamme.ca\/fr\/boutique\/"},{"@type":"ListItem","position":3,"name":"Climatisation &amp; Chauffage","item":"https:\/\/staging.belleflamme.ca\/fr\/categories\/climatisation-chauffage\/"},{"@type":"ListItem","position":4,"name":"Syst\u00e8me Mural","item":"https:\/\/staging.belleflamme.ca\/fr\/categories\/climatisation-chauffage\/systeme-mural\/"},{"@type":"ListItem","position":5,"name":"Thermopompes Murales","item":"https:\/\/staging.belleflamme.ca\/fr\/categories\/climatisation-chauffage\/systeme-mural\/thermopompes-murales\/"},{"@type":"ListItem","position":6,"name":"Thermopompe Murale 21 SEER Mod\u00e8le Platinum de Maxi Air"}]},{"@type":"WebSite","@id":"https:\/\/www.belleflamme.ca\/fr\/#website","url":"https:\/\/www.belleflamme.ca\/fr\/","name":"Groupe Belleflamme","description":"La m\u00e9canique du b\u00e2timent dans le sang.","publisher":{"@id":"https:\/\/www.belleflamme.ca\/fr\/#organization"},"potentialAction":[{"@type":"SearchAction","target":{"@type":"EntryPoint","urlTemplate":"https:\/\/www.belleflamme.ca\/fr\/?s={search_term_string}"},"query-input":{"@type":"PropertyValueSpecification","valueRequired":true,"valueName":"search_term_string"}}],"inLanguage":"fr-FR"},{"@type":["Organization","Place"],"@id":"https:\/\/www.belleflamme.ca\/fr\/#organization","name":"Groupe Belleflamme","alternateName":"Belleflamme","url":"https:\/\/www.belleflamme.ca\/fr\/","logo":{"@type":"ImageObject","inLanguage":"fr-FR","@id":"https:\/\/www.belleflamme.ca\/fr\/#\/schema\/logo\/image\/","url":"https:\/\/staging.belleflamme.ca\/wp-content\/uploads\/2023\/01\/og-image.jpg","contentUrl":"https:\/\/staging.belleflamme.ca\/wp-content\/uploads\/2023\/01\/og-image.jpg","width":1200,"height":630,"caption":"Groupe Belleflamme"},"image":{"@id":"https:\/\/www.belleflamme.ca\/fr\/#\/schema\/logo\/image\/"},"sameAs":["https:\/\/www.facebook.com\/belleflamme.ca\/","https:\/\/www.linkedin.com\/company\/belleflamme\/","https:\/\/www.pinterest.ca\/groupebelleflamme\/","https:\/\/www.instagram.com\/legroupebelleflamme\/"],"mainEntityOfPage":{"@id":"https:\/\/staging.belleflamme.ca\/fr\/produit\/thermopompe-murale-21-seer-modele-platinum-de-maxi-air\/"}}]},"product_brand":"Maxi Air","og_availability":"instock","product_availability":"instock","product_condition":"new"},"_links":{"self":[{"href":"https:\/\/staging.belleflamme.ca\/fr\/wp-json\/wp\/v2\/product\/37907","targetHints":{"allow":["GET"]}}],"collection":[{"href":"https:\/\/staging.belleflamme.ca\/fr\/wp-json\/wp\/v2\/product"}],"about":[{"href":"https:\/\/staging.belleflamme.ca\/fr\/wp-json\/wp\/v2\/types\/product"}],"version-history":[{"count":8,"href":"https:\/\/staging.belleflamme.ca\/fr\/wp-json\/wp\/v2\/product\/37907\/revisions"}],"predecessor-version":[{"id":44700,"href":"https:\/\/staging.belleflamme.ca\/fr\/wp-json\/wp\/v2\/product\/37907\/revisions\/44700"}],"wp:featuredmedia":[{"embeddable":true,"href":"https:\/\/staging.belleflamme.ca\/fr\/wp-json\/wp\/v2\/media\/44687"}],"wp:attachment":[{"href":"https:\/\/staging.belleflamme.ca\/fr\/wp-json\/wp\/v2\/media?parent=37907"}],"wp:term":[{"taxonomy":"product_brand","embeddable":true,"href":"https:\/\/staging.belleflamme.ca\/fr\/wp-json\/wp\/v2\/product_brand?post=37907"},{"taxonomy":"product_cat","embeddable":true,"href":"https:\/\/staging.belleflamme.ca\/fr\/wp-json\/wp\/v2\/product_cat?post=37907"},{"taxonomy":"product_tag","embeddable":true,"href":"https:\/\/staging.belleflamme.ca\/fr\/wp-json\/wp\/v2\/product_tag?post=37907"}],"curies":[{"name":"wp","href":"https:\/\/api.w.org\/{rel}","templated":true}]}}