{"id":37836,"date":"2024-05-14T12:49:27","date_gmt":"2024-05-14T16:49:27","guid":{"rendered":"https:\/\/www.belleflamme.ca\/?post_type=product&#038;p=37836"},"modified":"2024-11-28T12:08:00","modified_gmt":"2024-11-28T17:08:00","slug":"thermopompe-multi-zone-heat-extreme-pro-de-direct-air","status":"publish","type":"product","link":"https:\/\/staging.belleflamme.ca\/fr\/produit\/thermopompe-multi-zone-heat-extreme-pro-de-direct-air\/","title":{"rendered":"Thermopompe Multi-Zone Heat Extreme Pro de Direct Air"},"content":{"rendered":"\t\t<div data-elementor-type=\"product-post\" data-elementor-id=\"37836\" class=\"elementor elementor-37836\" data-elementor-post-type=\"product\">\n\t\t\t\t\t\t<section class=\"elementor-section elementor-top-section elementor-element elementor-element-7ff509ef elementor-section-boxed elementor-section-height-default elementor-section-height-default\" data-id=\"7ff509ef\" data-element_type=\"section\">\n\t\t\t\t\t\t<div class=\"elementor-container elementor-column-gap-default\">\n\t\t\t\t\t<div class=\"elementor-column elementor-col-100 elementor-top-column elementor-element elementor-element-3344114f\" data-id=\"3344114f\" data-element_type=\"column\">\n\t\t\t<div class=\"elementor-widget-wrap elementor-element-populated\">\n\t\t\t\t\t\t<div class=\"elementor-element elementor-element-a00ca89 elementor-widget elementor-widget-text-editor\" data-id=\"a00ca89\" data-element_type=\"widget\" data-widget_type=\"text-editor.default\">\n\t\t\t\t<div class=\"elementor-widget-container\">\n\t\t\t\t\t\t\t\t\t<h2>Syst\u00e8mes de climatisation Direct Air Multi Zone<\/h2><h3>Un syst\u00e8me qui fonctionne plus intelligemment.<\/h3><h3>FONCTIONNE JUSQU\u2019\u00c0 -35\u00b0C<\/h3><p>La technologie Inverter de Direct Air pour Thermopompe offre des options d\u2019installation polyvalentes pour les condos et les espaces commerciaux. Outre l\u2019unit\u00e9 murale bien-aim\u00e9e, Direct Air propose quatre unit\u00e9s Inverter suppl\u00e9mentaires avec des conceptions \u00e9l\u00e9gantes : unit\u00e9 de conduit, console murale, unit\u00e9 de cassette 4 voies et console de plafond \/ sol, r\u00e9pondant \u00e0 diverses exigences de chauffage et de refroidissement.<\/p><p style=\"text-align: center;\"><img fetchpriority=\"high\" decoding=\"async\" class=\"alignnone size-full wp-image-44131\" src=\"https:\/\/www.belleflamme.ca\/wp-content\/uploads\/2024\/11\/2024-11-28-09_22_44-23-SEER-HeatPump-Direct-Air-_-Comfort-at-its-Best.png\" alt=\"\" width=\"679\" height=\"147\" srcset=\"https:\/\/staging.belleflamme.ca\/wp-content\/uploads\/2024\/11\/2024-11-28-09_22_44-23-SEER-HeatPump-Direct-Air-_-Comfort-at-its-Best.png 679w, https:\/\/staging.belleflamme.ca\/wp-content\/uploads\/2024\/11\/2024-11-28-09_22_44-23-SEER-HeatPump-Direct-Air-_-Comfort-at-its-Best-300x65.png 300w\" sizes=\"(max-width: 679px) 100vw, 679px\" \/><\/p><ul><li>Red\u00e9marrage automatique<\/li><li>D\u00e9givrage Automatique<\/li><li>minuterie 24h<\/li><li>Wi-Fi et compatible avec Google\/Alexa<\/li><\/ul><h2>Explorez la puissance du confort<\/h2><p>Diverses options de Thermopompe Inverter pour condos et espaces commerciaux<\/p><p>La s\u00e9lection de Thermopompe Direct Air avec technologie Inverter offre maintenant plus de possibilit\u00e9s d\u2019installation pour r\u00e9pondre aux besoins sp\u00e9cifiques des condos ou des locaux commerciaux. En plus de l\u2019unit\u00e9 murale populaire, Direct Air propose \u00e9galement 4 autres types d\u2019onduleurs avec des conceptions \u00e9l\u00e9gantes et discr\u00e8tes qui r\u00e9pondront \u00e0 vos besoins de chauffage et de refroidissement : unit\u00e9 de conduit, console murale, unit\u00e9 de cassette 4 voies et console plafond \/ sol.<\/p><p><img decoding=\"async\" class=\"alignnone size-full wp-image-37815\" src=\"https:\/\/www.belleflamme.ca\/wp-content\/uploads\/2024\/05\/2024-05-14-12_30_06-Multi-Zone-Series-Heat-Pumps-\u2013-Direct-Air.png\" alt=\"\" width=\"1047\" height=\"247\" srcset=\"https:\/\/staging.belleflamme.ca\/wp-content\/uploads\/2024\/05\/2024-05-14-12_30_06-Multi-Zone-Series-Heat-Pumps-\u2013-Direct-Air.png 1047w, https:\/\/staging.belleflamme.ca\/wp-content\/uploads\/2024\/05\/2024-05-14-12_30_06-Multi-Zone-Series-Heat-Pumps-\u2013-Direct-Air-300x71.png 300w, https:\/\/staging.belleflamme.ca\/wp-content\/uploads\/2024\/05\/2024-05-14-12_30_06-Multi-Zone-Series-Heat-Pumps-\u2013-Direct-Air-1024x242.png 1024w, https:\/\/staging.belleflamme.ca\/wp-content\/uploads\/2024\/05\/2024-05-14-12_30_06-Multi-Zone-Series-Heat-Pumps-\u2013-Direct-Air-768x181.png 768w, https:\/\/staging.belleflamme.ca\/wp-content\/uploads\/2024\/05\/2024-05-14-12_30_06-Multi-Zone-Series-Heat-Pumps-\u2013-Direct-Air-900x212.png 900w\" sizes=\"(max-width: 1047px) 100vw, 1047px\" \/><\/p><p>\u00a0<\/p><div class=\"elementor-element elementor-element-de5fa05 elementor-widget elementor-widget-heading\" data-id=\"de5fa05\" data-element_type=\"widget\" data-widget_type=\"heading.default\"><div class=\"elementor-widget-container\"><h2 class=\"elementor-heading-title elementor-size-default\">Compl\u00e9ments parfaits pour la s\u00e9rie Heat Xtreme Pro<\/h2><\/div><\/div><div class=\"elementor-element elementor-element-b8c1f90 elementor-widget elementor-widget-text-editor\" data-id=\"b8c1f90\" data-element_type=\"widget\" data-widget_type=\"text-editor.default\"><div class=\"elementor-widget-container\"><p>Direct Air pr\u00e9sente une gamme de Thermopompe Inverter polyvalentes adapt\u00e9es aux condos et aux espaces commerciaux. Ces unit\u00e9s, y compris les options murales, de conduit, de console murale, de cassette 4 voies et de console de plafond\/plancher, offrent des solutions d\u2019installation flexibles. Ils s\u2019int\u00e8grent parfaitement \u00e0 la\u00a0 s\u00e9rie Heat Xtreme Pro, assurant des capacit\u00e9s compl\u00e8tes de chauffage et de refroidissement pour divers environnements.<\/p><p style=\"text-align: center;\"><img decoding=\"async\" class=\"alignnone size-full wp-image-44091\" src=\"https:\/\/www.belleflamme.ca\/wp-content\/uploads\/2024\/11\/Garantie-Belleflamme-FR-2.png\" alt=\"\" width=\"250\" height=\"250\" srcset=\"https:\/\/staging.belleflamme.ca\/wp-content\/uploads\/2024\/11\/Garantie-Belleflamme-FR-2.png 250w, https:\/\/staging.belleflamme.ca\/wp-content\/uploads\/2024\/11\/Garantie-Belleflamme-FR-2-150x150.png 150w, https:\/\/staging.belleflamme.ca\/wp-content\/uploads\/2024\/11\/Garantie-Belleflamme-FR-2-100x100.png 100w\" sizes=\"(max-width: 250px) 100vw, 250px\" \/> <img loading=\"lazy\" decoding=\"async\" class=\"alignnone size-full wp-image-44089\" src=\"https:\/\/www.belleflamme.ca\/wp-content\/uploads\/2024\/11\/Garantie-Belleflamme-FR-1-1.png\" alt=\"\" width=\"250\" height=\"250\" srcset=\"https:\/\/staging.belleflamme.ca\/wp-content\/uploads\/2024\/11\/Garantie-Belleflamme-FR-1-1.png 250w, https:\/\/staging.belleflamme.ca\/wp-content\/uploads\/2024\/11\/Garantie-Belleflamme-FR-1-1-150x150.png 150w, https:\/\/staging.belleflamme.ca\/wp-content\/uploads\/2024\/11\/Garantie-Belleflamme-FR-1-1-100x100.png 100w\" sizes=\"(max-width: 250px) 100vw, 250px\" \/><\/p><h2 style=\"text-align: center;\">Sp\u00e9cifications et Mod\u00e8les<\/h2><\/div><\/div><p style=\"text-align: center;\"><img loading=\"lazy\" decoding=\"async\" class=\"alignnone size-full wp-image-44202\" src=\"https:\/\/www.belleflamme.ca\/wp-content\/uploads\/2024\/11\/2024-11-28-10_31_16-Multi-Zone-Series-Heat-Pumps-Direct-Air-_-Comfort-at-its-Best.png\" alt=\"\" width=\"954\" height=\"789\" srcset=\"https:\/\/staging.belleflamme.ca\/wp-content\/uploads\/2024\/11\/2024-11-28-10_31_16-Multi-Zone-Series-Heat-Pumps-Direct-Air-_-Comfort-at-its-Best.png 954w, https:\/\/staging.belleflamme.ca\/wp-content\/uploads\/2024\/11\/2024-11-28-10_31_16-Multi-Zone-Series-Heat-Pumps-Direct-Air-_-Comfort-at-its-Best-300x248.png 300w, https:\/\/staging.belleflamme.ca\/wp-content\/uploads\/2024\/11\/2024-11-28-10_31_16-Multi-Zone-Series-Heat-Pumps-Direct-Air-_-Comfort-at-its-Best-768x635.png 768w, https:\/\/staging.belleflamme.ca\/wp-content\/uploads\/2024\/11\/2024-11-28-10_31_16-Multi-Zone-Series-Heat-Pumps-Direct-Air-_-Comfort-at-its-Best-900x744.png 900w\" sizes=\"(max-width: 954px) 100vw, 954px\" \/><\/p>\t\t\t\t\t\t\t\t<\/div>\n\t\t\t\t<\/div>\n\t\t\t\t\t<\/div>\n\t\t<\/div>\n\t\t\t\t\t<\/div>\n\t\t<\/section>\n\t\t\t\t<section class=\"elementor-section elementor-top-section elementor-element elementor-element-45082d8 elementor-section-boxed elementor-section-height-default elementor-section-height-default\" data-id=\"45082d8\" data-element_type=\"section\">\n\t\t\t\t\t\t<div class=\"elementor-container elementor-column-gap-default\">\n\t\t\t\t\t<div class=\"elementor-column elementor-col-100 elementor-top-column elementor-element elementor-element-23ac2dc\" data-id=\"23ac2dc\" data-element_type=\"column\">\n\t\t\t<div class=\"elementor-widget-wrap elementor-element-populated\">\n\t\t\t\t\t\t<div class=\"elementor-element elementor-element-e9efe6e elementor-tabs-view-horizontal elementor-widget elementor-widget-tabs\" data-id=\"e9efe6e\" data-element_type=\"widget\" data-widget_type=\"tabs.default\">\n\t\t\t\t<div class=\"elementor-widget-container\">\n\t\t\t\t\t\t\t<div class=\"elementor-tabs\">\n\t\t\t<div class=\"elementor-tabs-wrapper\" role=\"tablist\" >\n\t\t\t\t\t\t\t\t\t<div id=\"elementor-tab-title-2451\" class=\"elementor-tab-title elementor-tab-desktop-title\" aria-selected=\"true\" data-tab=\"1\" role=\"tab\" tabindex=\"0\" aria-controls=\"elementor-tab-content-2451\" aria-expanded=\"false\">Fichiers<\/div>\n\t\t\t\t\t\t\t<\/div>\n\t\t\t<div class=\"elementor-tabs-content-wrapper\" role=\"tablist\" aria-orientation=\"vertical\">\n\t\t\t\t\t\t\t\t\t<div class=\"elementor-tab-title elementor-tab-mobile-title\" aria-selected=\"true\" data-tab=\"1\" role=\"tab\" tabindex=\"0\" aria-controls=\"elementor-tab-content-2451\" aria-expanded=\"false\">Fichiers<\/div>\n\t\t\t\t\t<div id=\"elementor-tab-content-2451\" class=\"elementor-tab-content elementor-clearfix\" data-tab=\"1\" role=\"tabpanel\" aria-labelledby=\"elementor-tab-title-2451\" tabindex=\"0\" hidden=\"false\"><i class=\"far fa-file-pdf fa-xl\" style=\"font-size:35px\"><\/i><a href=\"https:\/\/www.belleflamme.ca\/wp-content\/uploads\/2024\/05\/63158_Directair___Hxpro___Brochure_web____2022___FR-1.pdf\"> Brochure<\/a><\/br><\/div>\n\t\t\t\t\t\t\t<\/div>\n\t\t<\/div>\n\t\t\t\t\t\t<\/div>\n\t\t\t\t<\/div>\n\t\t\t\t\t<\/div>\n\t\t<\/div>\n\t\t\t\t\t<\/div>\n\t\t<\/section>\n\t\t\t\t<\/div>\n\t\t","protected":false},"excerpt":{"rendered":"<p>Syst\u00e8mes de climatisation Direct Air Multi Zone Un syst\u00e8me qui fonctionne plus intelligemment. FONCTIONNE JUSQU\u2019\u00c0 -35\u00b0C La technologie Inverter de Direct Air pour Thermopompe offre des options d\u2019installation polyvalentes pour les condos et les espaces commerciaux. Outre l\u2019unit\u00e9 murale bien-aim\u00e9e, Direct Air propose quatre unit\u00e9s Inverter suppl\u00e9mentaires avec des conceptions \u00e9l\u00e9gantes : unit\u00e9 de conduit, [&hellip;]<\/p>\n","protected":false},"featured_media":44168,"template":"","meta":{"inline_featured_image":false},"product_brand":[292],"product_cat":[70,312,313],"product_tag":[],"class_list":{"0":"post-37836","1":"product","2":"type-product","3":"status-publish","4":"has-post-thumbnail","6":"product_brand-direct-air","7":"product_cat-climatisation-chauffage","8":"product_cat-systeme-mutli-zones","9":"product_cat-thermopompes-multi-zones","11":"first","12":"instock","13":"taxable","14":"shipping-taxable","15":"product-type-variable"},"yoast_head":"<!-- This site is optimized with the Yoast SEO Premium plugin v24.2 (Yoast SEO v24.2) - https:\/\/yoast.com\/wordpress\/plugins\/seo\/ -->\n<title>Thermopompe Multi-Zone Heat Extreme Pro de Direct Air - Groupe BelleFlamme<\/title>\n<meta name=\"description\" content=\"Thermopompe Multi-Zone Heat Extreme Pro de Direct Air vendu et install\u00e9 par le Groupe Belleflamme. Laval, Montr\u00e9al, Gatineau et Saint-Sauveur.\" \/>\n<meta name=\"robots\" content=\"index, follow, max-snippet:-1, max-image-preview:large, max-video-preview:-1\" \/>\n<link rel=\"canonical\" href=\"https:\/\/staging.belleflamme.ca\/fr\/produit\/thermopompe-multi-zone-heat-extreme-pro-de-direct-air\/\" \/>\n<meta property=\"og:locale\" content=\"fr_FR\" \/>\n<meta property=\"og:type\" content=\"article\" \/>\n<meta property=\"og:title\" content=\"Thermopompe Multi-Zone Heat Extreme Pro de Direct Air\" \/>\n<meta property=\"og:description\" content=\"Thermopompe Multi-Zone Heat Extreme Pro de Direct Air vendu et install\u00e9 par le Groupe Belleflamme. Laval, Montr\u00e9al, Gatineau et Saint-Sauveur.\" \/>\n<meta property=\"og:url\" content=\"https:\/\/staging.belleflamme.ca\/fr\/produit\/thermopompe-multi-zone-heat-extreme-pro-de-direct-air\/\" \/>\n<meta property=\"og:site_name\" content=\"Groupe BelleFlamme\" \/>\n<meta property=\"article:publisher\" content=\"https:\/\/www.facebook.com\/belleflamme.ca\/\" \/>\n<meta property=\"article:modified_time\" content=\"2024-11-28T17:08:00+00:00\" \/>\n<meta property=\"og:image\" content=\"https:\/\/www.belleflamme.ca\/wp-content\/uploads\/2024\/05\/climatisation-direct-air-multi-zone-.webp\" \/>\n\t<meta property=\"og:image:width\" content=\"600\" \/>\n\t<meta property=\"og:image:height\" content=\"600\" \/>\n\t<meta property=\"og:image:type\" content=\"image\/webp\" \/>\n<meta name=\"twitter:card\" content=\"summary_large_image\" \/>\n<meta name=\"twitter:label1\" content=\"Disponibilit\u00e9\" \/>\n\t<meta name=\"twitter:data1\" content=\"En stock\" \/>\n<script type=\"application\/ld+json\" class=\"yoast-schema-graph\">{\"@context\":\"https:\/\/schema.org\",\"@graph\":[{\"@type\":[\"WebPage\",\"ItemPage\"],\"@id\":\"https:\/\/staging.belleflamme.ca\/fr\/produit\/thermopompe-multi-zone-heat-extreme-pro-de-direct-air\/\",\"url\":\"https:\/\/staging.belleflamme.ca\/fr\/produit\/thermopompe-multi-zone-heat-extreme-pro-de-direct-air\/\",\"name\":\"Thermopompe Multi-Zone Heat Extreme Pro de Direct Air - Groupe BelleFlamme\",\"isPartOf\":{\"@id\":\"https:\/\/www.belleflamme.ca\/fr\/#website\"},\"primaryImageOfPage\":{\"@id\":\"https:\/\/staging.belleflamme.ca\/fr\/produit\/thermopompe-multi-zone-heat-extreme-pro-de-direct-air\/#primaryimage\"},\"image\":{\"@id\":\"https:\/\/staging.belleflamme.ca\/fr\/produit\/thermopompe-multi-zone-heat-extreme-pro-de-direct-air\/#primaryimage\"},\"thumbnailUrl\":\"https:\/\/staging.belleflamme.ca\/wp-content\/uploads\/2024\/05\/climatisation-direct-air-multi-zone-.webp\",\"datePublished\":\"2024-05-14T16:49:27+00:00\",\"dateModified\":\"2024-11-28T17:08:00+00:00\",\"description\":\"Thermopompe Multi-Zone Heat Extreme Pro de Direct Air vendu et install\u00e9 par le Groupe Belleflamme. Laval, Montr\u00e9al, Gatineau et Saint-Sauveur.\",\"breadcrumb\":{\"@id\":\"https:\/\/staging.belleflamme.ca\/fr\/produit\/thermopompe-multi-zone-heat-extreme-pro-de-direct-air\/#breadcrumb\"},\"inLanguage\":\"fr-FR\",\"potentialAction\":[{\"@type\":\"ReadAction\",\"target\":[\"https:\/\/staging.belleflamme.ca\/fr\/produit\/thermopompe-multi-zone-heat-extreme-pro-de-direct-air\/\"]}]},{\"@type\":\"ImageObject\",\"inLanguage\":\"fr-FR\",\"@id\":\"https:\/\/staging.belleflamme.ca\/fr\/produit\/thermopompe-multi-zone-heat-extreme-pro-de-direct-air\/#primaryimage\",\"url\":\"https:\/\/staging.belleflamme.ca\/wp-content\/uploads\/2024\/05\/climatisation-direct-air-multi-zone-.webp\",\"contentUrl\":\"https:\/\/staging.belleflamme.ca\/wp-content\/uploads\/2024\/05\/climatisation-direct-air-multi-zone-.webp\",\"width\":600,\"height\":600},{\"@type\":\"BreadcrumbList\",\"@id\":\"https:\/\/staging.belleflamme.ca\/fr\/produit\/thermopompe-multi-zone-heat-extreme-pro-de-direct-air\/#breadcrumb\",\"itemListElement\":[{\"@type\":\"ListItem\",\"position\":1,\"name\":\"Accueil\",\"item\":\"https:\/\/www.belleflamme.ca\/fr\/\"},{\"@type\":\"ListItem\",\"position\":2,\"name\":\"Boutique\",\"item\":\"https:\/\/www.belleflamme.ca\/fr\/boutique\/\"},{\"@type\":\"ListItem\",\"position\":3,\"name\":\"Climatisation &amp; Chauffage\",\"item\":\"https:\/\/staging.belleflamme.ca\/fr\/categories\/climatisation-chauffage\/\"},{\"@type\":\"ListItem\",\"position\":4,\"name\":\"Syst\u00e8me Multi-Zone\",\"item\":\"https:\/\/staging.belleflamme.ca\/fr\/categories\/climatisation-chauffage\/systeme-mutli-zones\/\"},{\"@type\":\"ListItem\",\"position\":5,\"name\":\"Thermopompes Multi-Zones\",\"item\":\"https:\/\/staging.belleflamme.ca\/fr\/categories\/climatisation-chauffage\/systeme-mutli-zones\/thermopompes-multi-zones\/\"},{\"@type\":\"ListItem\",\"position\":6,\"name\":\"Thermopompe Multi-Zone Heat Extreme Pro de Direct Air\"}]},{\"@type\":\"WebSite\",\"@id\":\"https:\/\/www.belleflamme.ca\/fr\/#website\",\"url\":\"https:\/\/www.belleflamme.ca\/fr\/\",\"name\":\"Groupe Belleflamme\",\"description\":\"La m\u00e9canique du b\u00e2timent dans le sang.\",\"publisher\":{\"@id\":\"https:\/\/www.belleflamme.ca\/fr\/#organization\"},\"potentialAction\":[{\"@type\":\"SearchAction\",\"target\":{\"@type\":\"EntryPoint\",\"urlTemplate\":\"https:\/\/www.belleflamme.ca\/fr\/?s={search_term_string}\"},\"query-input\":{\"@type\":\"PropertyValueSpecification\",\"valueRequired\":true,\"valueName\":\"search_term_string\"}}],\"inLanguage\":\"fr-FR\"},{\"@type\":[\"Organization\",\"Place\"],\"@id\":\"https:\/\/www.belleflamme.ca\/fr\/#organization\",\"name\":\"Groupe Belleflamme\",\"alternateName\":\"Belleflamme\",\"url\":\"https:\/\/www.belleflamme.ca\/fr\/\",\"logo\":{\"@type\":\"ImageObject\",\"inLanguage\":\"fr-FR\",\"@id\":\"https:\/\/www.belleflamme.ca\/fr\/#\/schema\/logo\/image\/\",\"url\":\"https:\/\/staging.belleflamme.ca\/wp-content\/uploads\/2023\/01\/og-image.jpg\",\"contentUrl\":\"https:\/\/staging.belleflamme.ca\/wp-content\/uploads\/2023\/01\/og-image.jpg\",\"width\":1200,\"height\":630,\"caption\":\"Groupe Belleflamme\"},\"image\":{\"@id\":\"https:\/\/www.belleflamme.ca\/fr\/#\/schema\/logo\/image\/\"},\"sameAs\":[\"https:\/\/www.facebook.com\/belleflamme.ca\/\",\"https:\/\/www.linkedin.com\/company\/belleflamme\/\",\"https:\/\/www.pinterest.ca\/groupebelleflamme\/\",\"https:\/\/www.instagram.com\/legroupebelleflamme\/\"],\"mainEntityOfPage\":{\"@id\":\"https:\/\/staging.belleflamme.ca\/fr\/produit\/thermopompe-multi-zone-heat-extreme-pro-de-direct-air\/\"}}]}<\/script>\n<meta property=\"product:brand\" content=\"Direct Air\" \/>\n<meta property=\"og:availability\" content=\"instock\" \/>\n<meta property=\"product:availability\" content=\"instock\" \/>\n<meta property=\"product:condition\" content=\"new\" \/>\n<!-- \/ Yoast SEO Premium plugin. -->","yoast_head_json":{"title":"Thermopompe Multi-Zone Heat Extreme Pro de Direct Air - Groupe BelleFlamme","description":"Thermopompe Multi-Zone Heat Extreme Pro de Direct Air vendu et install\u00e9 par le Groupe Belleflamme. Laval, Montr\u00e9al, Gatineau et Saint-Sauveur.","robots":{"index":"index","follow":"follow","max-snippet":"max-snippet:-1","max-image-preview":"max-image-preview:large","max-video-preview":"max-video-preview:-1"},"canonical":"https:\/\/staging.belleflamme.ca\/fr\/produit\/thermopompe-multi-zone-heat-extreme-pro-de-direct-air\/","og_locale":"fr_FR","og_type":"article","og_title":"Thermopompe Multi-Zone Heat Extreme Pro de Direct Air","og_description":"Thermopompe Multi-Zone Heat Extreme Pro de Direct Air vendu et install\u00e9 par le Groupe Belleflamme. Laval, Montr\u00e9al, Gatineau et Saint-Sauveur.","og_url":"https:\/\/staging.belleflamme.ca\/fr\/produit\/thermopompe-multi-zone-heat-extreme-pro-de-direct-air\/","og_site_name":"Groupe BelleFlamme","article_publisher":"https:\/\/www.facebook.com\/belleflamme.ca\/","article_modified_time":"2024-11-28T17:08:00+00:00","og_image":[{"width":600,"height":600,"url":"https:\/\/www.belleflamme.ca\/wp-content\/uploads\/2024\/05\/climatisation-direct-air-multi-zone-.webp","type":"image\/webp"}],"twitter_card":"summary_large_image","twitter_misc":{"Disponibilit\u00e9":"En stock"},"schema":{"@context":"https:\/\/schema.org","@graph":[{"@type":["WebPage","ItemPage"],"@id":"https:\/\/staging.belleflamme.ca\/fr\/produit\/thermopompe-multi-zone-heat-extreme-pro-de-direct-air\/","url":"https:\/\/staging.belleflamme.ca\/fr\/produit\/thermopompe-multi-zone-heat-extreme-pro-de-direct-air\/","name":"Thermopompe Multi-Zone Heat Extreme Pro de Direct Air - Groupe BelleFlamme","isPartOf":{"@id":"https:\/\/www.belleflamme.ca\/fr\/#website"},"primaryImageOfPage":{"@id":"https:\/\/staging.belleflamme.ca\/fr\/produit\/thermopompe-multi-zone-heat-extreme-pro-de-direct-air\/#primaryimage"},"image":{"@id":"https:\/\/staging.belleflamme.ca\/fr\/produit\/thermopompe-multi-zone-heat-extreme-pro-de-direct-air\/#primaryimage"},"thumbnailUrl":"https:\/\/staging.belleflamme.ca\/wp-content\/uploads\/2024\/05\/climatisation-direct-air-multi-zone-.webp","datePublished":"2024-05-14T16:49:27+00:00","dateModified":"2024-11-28T17:08:00+00:00","description":"Thermopompe Multi-Zone Heat Extreme Pro de Direct Air vendu et install\u00e9 par le Groupe Belleflamme. Laval, Montr\u00e9al, Gatineau et Saint-Sauveur.","breadcrumb":{"@id":"https:\/\/staging.belleflamme.ca\/fr\/produit\/thermopompe-multi-zone-heat-extreme-pro-de-direct-air\/#breadcrumb"},"inLanguage":"fr-FR","potentialAction":[{"@type":"ReadAction","target":["https:\/\/staging.belleflamme.ca\/fr\/produit\/thermopompe-multi-zone-heat-extreme-pro-de-direct-air\/"]}]},{"@type":"ImageObject","inLanguage":"fr-FR","@id":"https:\/\/staging.belleflamme.ca\/fr\/produit\/thermopompe-multi-zone-heat-extreme-pro-de-direct-air\/#primaryimage","url":"https:\/\/staging.belleflamme.ca\/wp-content\/uploads\/2024\/05\/climatisation-direct-air-multi-zone-.webp","contentUrl":"https:\/\/staging.belleflamme.ca\/wp-content\/uploads\/2024\/05\/climatisation-direct-air-multi-zone-.webp","width":600,"height":600},{"@type":"BreadcrumbList","@id":"https:\/\/staging.belleflamme.ca\/fr\/produit\/thermopompe-multi-zone-heat-extreme-pro-de-direct-air\/#breadcrumb","itemListElement":[{"@type":"ListItem","position":1,"name":"Accueil","item":"https:\/\/www.belleflamme.ca\/fr\/"},{"@type":"ListItem","position":2,"name":"Boutique","item":"https:\/\/www.belleflamme.ca\/fr\/boutique\/"},{"@type":"ListItem","position":3,"name":"Climatisation &amp; Chauffage","item":"https:\/\/staging.belleflamme.ca\/fr\/categories\/climatisation-chauffage\/"},{"@type":"ListItem","position":4,"name":"Syst\u00e8me Multi-Zone","item":"https:\/\/staging.belleflamme.ca\/fr\/categories\/climatisation-chauffage\/systeme-mutli-zones\/"},{"@type":"ListItem","position":5,"name":"Thermopompes Multi-Zones","item":"https:\/\/staging.belleflamme.ca\/fr\/categories\/climatisation-chauffage\/systeme-mutli-zones\/thermopompes-multi-zones\/"},{"@type":"ListItem","position":6,"name":"Thermopompe Multi-Zone Heat Extreme Pro de Direct Air"}]},{"@type":"WebSite","@id":"https:\/\/www.belleflamme.ca\/fr\/#website","url":"https:\/\/www.belleflamme.ca\/fr\/","name":"Groupe Belleflamme","description":"La m\u00e9canique du b\u00e2timent dans le sang.","publisher":{"@id":"https:\/\/www.belleflamme.ca\/fr\/#organization"},"potentialAction":[{"@type":"SearchAction","target":{"@type":"EntryPoint","urlTemplate":"https:\/\/www.belleflamme.ca\/fr\/?s={search_term_string}"},"query-input":{"@type":"PropertyValueSpecification","valueRequired":true,"valueName":"search_term_string"}}],"inLanguage":"fr-FR"},{"@type":["Organization","Place"],"@id":"https:\/\/www.belleflamme.ca\/fr\/#organization","name":"Groupe Belleflamme","alternateName":"Belleflamme","url":"https:\/\/www.belleflamme.ca\/fr\/","logo":{"@type":"ImageObject","inLanguage":"fr-FR","@id":"https:\/\/www.belleflamme.ca\/fr\/#\/schema\/logo\/image\/","url":"https:\/\/staging.belleflamme.ca\/wp-content\/uploads\/2023\/01\/og-image.jpg","contentUrl":"https:\/\/staging.belleflamme.ca\/wp-content\/uploads\/2023\/01\/og-image.jpg","width":1200,"height":630,"caption":"Groupe Belleflamme"},"image":{"@id":"https:\/\/www.belleflamme.ca\/fr\/#\/schema\/logo\/image\/"},"sameAs":["https:\/\/www.facebook.com\/belleflamme.ca\/","https:\/\/www.linkedin.com\/company\/belleflamme\/","https:\/\/www.pinterest.ca\/groupebelleflamme\/","https:\/\/www.instagram.com\/legroupebelleflamme\/"],"mainEntityOfPage":{"@id":"https:\/\/staging.belleflamme.ca\/fr\/produit\/thermopompe-multi-zone-heat-extreme-pro-de-direct-air\/"}}]},"product_brand":"Direct Air","og_availability":"instock","product_availability":"instock","product_condition":"new"},"_links":{"self":[{"href":"https:\/\/staging.belleflamme.ca\/fr\/wp-json\/wp\/v2\/product\/37836","targetHints":{"allow":["GET"]}}],"collection":[{"href":"https:\/\/staging.belleflamme.ca\/fr\/wp-json\/wp\/v2\/product"}],"about":[{"href":"https:\/\/staging.belleflamme.ca\/fr\/wp-json\/wp\/v2\/types\/product"}],"version-history":[{"count":12,"href":"https:\/\/staging.belleflamme.ca\/fr\/wp-json\/wp\/v2\/product\/37836\/revisions"}],"predecessor-version":[{"id":44206,"href":"https:\/\/staging.belleflamme.ca\/fr\/wp-json\/wp\/v2\/product\/37836\/revisions\/44206"}],"wp:featuredmedia":[{"embeddable":true,"href":"https:\/\/staging.belleflamme.ca\/fr\/wp-json\/wp\/v2\/media\/44168"}],"wp:attachment":[{"href":"https:\/\/staging.belleflamme.ca\/fr\/wp-json\/wp\/v2\/media?parent=37836"}],"wp:term":[{"taxonomy":"product_brand","embeddable":true,"href":"https:\/\/staging.belleflamme.ca\/fr\/wp-json\/wp\/v2\/product_brand?post=37836"},{"taxonomy":"product_cat","embeddable":true,"href":"https:\/\/staging.belleflamme.ca\/fr\/wp-json\/wp\/v2\/product_cat?post=37836"},{"taxonomy":"product_tag","embeddable":true,"href":"https:\/\/staging.belleflamme.ca\/fr\/wp-json\/wp\/v2\/product_tag?post=37836"}],"curies":[{"name":"wp","href":"https:\/\/api.w.org\/{rel}","templated":true}]}}