{"id":37760,"date":"2024-05-14T11:53:44","date_gmt":"2024-05-14T15:53:44","guid":{"rendered":"https:\/\/www.belleflamme.ca\/?post_type=product&#038;p=37760"},"modified":"2024-11-28T10:29:16","modified_gmt":"2024-11-28T15:29:16","slug":"thermopompe-murale-da-25-de-direct-air","status":"publish","type":"product","link":"https:\/\/staging.belleflamme.ca\/fr\/produit\/thermopompe-murale-da-25-de-direct-air\/","title":{"rendered":"Thermopompe Murale DA 25 de Direct Air"},"content":{"rendered":"\t\t<div data-elementor-type=\"product-post\" data-elementor-id=\"37760\" class=\"elementor elementor-37760\" data-elementor-post-type=\"product\">\n\t\t\t\t\t\t<section class=\"elementor-section elementor-top-section elementor-element elementor-element-57916db9 elementor-section-boxed elementor-section-height-default elementor-section-height-default\" data-id=\"57916db9\" data-element_type=\"section\">\n\t\t\t\t\t\t<div class=\"elementor-container elementor-column-gap-default\">\n\t\t\t\t\t<div class=\"elementor-column elementor-col-100 elementor-top-column elementor-element elementor-element-30796f28\" data-id=\"30796f28\" data-element_type=\"column\">\n\t\t\t<div class=\"elementor-widget-wrap elementor-element-populated\">\n\t\t\t\t\t\t<div class=\"elementor-element elementor-element-72f70555 elementor-widget elementor-widget-text-editor\" data-id=\"72f70555\" data-element_type=\"widget\" data-widget_type=\"text-editor.default\">\n\t\t\t\t<div class=\"elementor-widget-container\">\n\t\t\t\t\t\t\t\t\t<h2>S\u00e9ries Direct Air DA 25<\/h2><p style=\"text-align: center;\"><img fetchpriority=\"high\" decoding=\"async\" class=\"alignnone size-full wp-image-44152\" src=\"https:\/\/www.belleflamme.ca\/wp-content\/uploads\/2024\/11\/2024-11-28-09_46_41-DA25-Series-HeatPump-Direct-Air-_-Comfort-at-its-Best.png\" alt=\"\" width=\"211\" height=\"237\" \/><\/p><h3>Jusqu\u2019\u00e0 23,5 SEER<br \/>Jusqu\u2019\u00e0 11,5 HSPF<\/h3><p>Dites adieu aux hivers froids et bonjour \u00e0 une maison bien au chaud avec nos Thermopompe fiables, vous offrant un rendement de chauffage constant et efficace lorsque vous en avez le plus besoin.<\/p><p>Sa taille compacte, dot\u00e9e d\u2019un nouveau design \u00e9l\u00e9gant, est con\u00e7ue pour compl\u00e9ter parfaitement tout ext\u00e9rieur unique de la maison ou de l\u2019entreprise.<\/p><div class=\"elementor-element elementor-element-ec86830 e-con-full e-flex e-con e-child\" data-id=\"ec86830\" data-element_type=\"container\"><div class=\"elementor-element elementor-element-a8f69f2 elementor-widget elementor-widget-text-editor\" data-id=\"a8f69f2\" data-element_type=\"widget\" data-widget_type=\"text-editor.default\"><div class=\"elementor-widget-container\"><ul><li>Red\u00e9marrage automatique<\/li><li>D\u00e9givrage Automatique<\/li><li>Minuterie 24h<\/li><li>Wi-Fi en option<\/li><\/ul><\/div><\/div><\/div><h3>Offrez-vous le confort tout au long de l&#8217;ann\u00e9e<\/h3><h4>Temp\u00e9ratures id\u00e9ales par tous les temps<\/h4><p>Capacit\u00e9 de refroidissement de -25 \u00b0C \u00e0 50 \u00b0C et chauffage de -25 \u00b0C \u00e0 30 \u00b0C<\/p><h3>Confort personnalis\u00e9 \u00e0 port\u00e9e de main<\/h3><p>Thermopompe s\u00e9rie DA25 offre une gamme de modes personnalisables pour r\u00e9pondre \u00e0 tous vos besoins.<\/p><p>Activate Mode Veille for whisper-quiet operation and optimized energy efficiency during nighttime hours.<\/p><p>Avez-vous besoin d&#8217;une recharge rapide ou d&#8217;une chaleur rapide? Engagez-vous. Mode de Turbo for swift temperature adjustments.<\/p><p>Pour un refroidissement et un chauffage respectueux de l\u2019environnement, Eco Mode ajuste intelligemment les param\u00e8tres pour minimiser la consommation d\u2019\u00e9nergie sans compromettre le confort. Avec ces modes polyvalents, la s\u00e9rie DA25 assure un contr\u00f4le climatique personnalis\u00e9 adapt\u00e9 \u00e0 votre style de vie.<\/p><h3>Capteur d\u2019humidit\u00e9 pour Confort accru<\/h3><p>\u00c9levez votre confort int\u00e9rieur au niveau sup\u00e9rieur gr\u00e2ce \u00e0 la fonction de capteur d\u2019humidit\u00e9 int\u00e9gr\u00e9e \u00e0 notre Thermopompe s\u00e9rie DA25. Cette technologie de pointe ajuste automatiquement les niveaux d\u2019humidit\u00e9 pour optimiser le confort, assurant un environnement agr\u00e9able et sain toute l\u2019ann\u00e9e.<\/p><p>Laissez vos conditions int\u00e9rieures collantes ou s\u00e8ches derri\u00e8re vous et b\u00e9n\u00e9ficiez d&#8217;un confort personnalis\u00e9 adapt\u00e9 \u00e0 vos pr\u00e9f\u00e9rences gr\u00e2ce \u00e0 Thermopompe DA25 Series \u00e9quip\u00e9e d&#8217;un capteur d&#8217;humidit\u00e9.<\/p><p style=\"text-align: center;\"><img decoding=\"async\" class=\"alignnone size-full wp-image-44155\" src=\"https:\/\/www.belleflamme.ca\/wp-content\/uploads\/2024\/11\/Garantie-Belleflamme-FR-4.png\" alt=\"\" width=\"250\" height=\"250\" srcset=\"https:\/\/staging.belleflamme.ca\/wp-content\/uploads\/2024\/11\/Garantie-Belleflamme-FR-4.png 250w, https:\/\/staging.belleflamme.ca\/wp-content\/uploads\/2024\/11\/Garantie-Belleflamme-FR-4-150x150.png 150w, https:\/\/staging.belleflamme.ca\/wp-content\/uploads\/2024\/11\/Garantie-Belleflamme-FR-4-100x100.png 100w\" sizes=\"(max-width: 250px) 100vw, 250px\" \/><\/p><h2 style=\"text-align: center;\">Sp\u00e9cifications et Mod\u00e8les<\/h2><p style=\"text-align: center;\"><img decoding=\"async\" class=\"alignnone size-full wp-image-44188\" src=\"https:\/\/www.belleflamme.ca\/wp-content\/uploads\/2024\/11\/2024-11-28-10_24_20-Multi-Zone-Series-Heat-Pumps-Direct-Air-_-Comfort-at-its-Best.png\" alt=\"\" width=\"1075\" height=\"849\" srcset=\"https:\/\/staging.belleflamme.ca\/wp-content\/uploads\/2024\/11\/2024-11-28-10_24_20-Multi-Zone-Series-Heat-Pumps-Direct-Air-_-Comfort-at-its-Best.png 1075w, https:\/\/staging.belleflamme.ca\/wp-content\/uploads\/2024\/11\/2024-11-28-10_24_20-Multi-Zone-Series-Heat-Pumps-Direct-Air-_-Comfort-at-its-Best-300x237.png 300w, https:\/\/staging.belleflamme.ca\/wp-content\/uploads\/2024\/11\/2024-11-28-10_24_20-Multi-Zone-Series-Heat-Pumps-Direct-Air-_-Comfort-at-its-Best-1024x809.png 1024w, https:\/\/staging.belleflamme.ca\/wp-content\/uploads\/2024\/11\/2024-11-28-10_24_20-Multi-Zone-Series-Heat-Pumps-Direct-Air-_-Comfort-at-its-Best-768x607.png 768w, https:\/\/staging.belleflamme.ca\/wp-content\/uploads\/2024\/11\/2024-11-28-10_24_20-Multi-Zone-Series-Heat-Pumps-Direct-Air-_-Comfort-at-its-Best-900x711.png 900w\" sizes=\"(max-width: 1075px) 100vw, 1075px\" \/><\/p>\t\t\t\t\t\t\t\t<\/div>\n\t\t\t\t<\/div>\n\t\t\t\t\t<\/div>\n\t\t<\/div>\n\t\t\t\t\t<\/div>\n\t\t<\/section>\n\t\t\t\t<section class=\"elementor-section elementor-top-section elementor-element elementor-element-2f5efd7 elementor-section-boxed elementor-section-height-default elementor-section-height-default\" data-id=\"2f5efd7\" data-element_type=\"section\">\n\t\t\t\t\t\t<div class=\"elementor-container elementor-column-gap-default\">\n\t\t\t\t\t<div class=\"elementor-column elementor-col-100 elementor-top-column elementor-element elementor-element-d2ad9a6\" data-id=\"d2ad9a6\" data-element_type=\"column\">\n\t\t\t<div class=\"elementor-widget-wrap elementor-element-populated\">\n\t\t\t\t\t\t<div class=\"elementor-element elementor-element-c49295d elementor-tabs-view-horizontal elementor-widget elementor-widget-tabs\" data-id=\"c49295d\" data-element_type=\"widget\" data-widget_type=\"tabs.default\">\n\t\t\t\t<div class=\"elementor-widget-container\">\n\t\t\t\t\t\t\t<div class=\"elementor-tabs\">\n\t\t\t<div class=\"elementor-tabs-wrapper\" role=\"tablist\" >\n\t\t\t\t\t\t\t\t\t<div id=\"elementor-tab-title-2061\" class=\"elementor-tab-title elementor-tab-desktop-title\" aria-selected=\"true\" data-tab=\"1\" role=\"tab\" tabindex=\"0\" aria-controls=\"elementor-tab-content-2061\" aria-expanded=\"false\">Fichiers<\/div>\n\t\t\t\t\t\t\t<\/div>\n\t\t\t<div class=\"elementor-tabs-content-wrapper\" role=\"tablist\" aria-orientation=\"vertical\">\n\t\t\t\t\t\t\t\t\t<div class=\"elementor-tab-title elementor-tab-mobile-title\" aria-selected=\"true\" data-tab=\"1\" role=\"tab\" tabindex=\"0\" aria-controls=\"elementor-tab-content-2061\" aria-expanded=\"false\">Fichiers<\/div>\n\t\t\t\t\t<div id=\"elementor-tab-content-2061\" class=\"elementor-tab-content elementor-clearfix\" data-tab=\"1\" role=\"tabpanel\" aria-labelledby=\"elementor-tab-title-2061\" tabindex=\"0\" hidden=\"false\"><i class=\"far fa-file-pdf fa-xl\" style=\"font-size:35px\"><\/i><a href=\"https:\/\/www.belleflamme.ca\/wp-content\/uploads\/2024\/05\/63169_DirectAir___DA25___Brochure_web____FR___20230322.pdf\"> Brochure<\/a><\/br><\/div>\n\t\t\t\t\t\t\t<\/div>\n\t\t<\/div>\n\t\t\t\t\t\t<\/div>\n\t\t\t\t<\/div>\n\t\t\t\t\t<\/div>\n\t\t<\/div>\n\t\t\t\t\t<\/div>\n\t\t<\/section>\n\t\t\t\t<\/div>\n\t\t","protected":false},"excerpt":{"rendered":"<p>S\u00e9ries Direct Air DA 25 Jusqu\u2019\u00e0 23,5 SEERJusqu\u2019\u00e0 11,5 HSPF Dites adieu aux hivers froids et bonjour \u00e0 une maison bien au chaud avec nos Thermopompe fiables, vous offrant un rendement de chauffage constant et efficace lorsque vous en avez le plus besoin. Sa taille compacte, dot\u00e9e d\u2019un nouveau design \u00e9l\u00e9gant, est con\u00e7ue pour compl\u00e9ter [&hellip;]<\/p>\n","protected":false},"featured_media":44147,"template":"","meta":{"inline_featured_image":false},"product_brand":[292],"product_cat":[70,72,86],"product_tag":[],"class_list":{"0":"post-37760","1":"product","2":"type-product","3":"status-publish","4":"has-post-thumbnail","6":"product_brand-direct-air","7":"product_cat-climatisation-chauffage","8":"product_cat-systeme-mural","9":"product_cat-thermopompes-murales","11":"first","12":"outofstock","13":"taxable","14":"shipping-taxable","15":"product-type-variable"},"yoast_head":"<!-- This site is optimized with the Yoast SEO Premium plugin v24.2 (Yoast SEO v24.2) - https:\/\/yoast.com\/wordpress\/plugins\/seo\/ -->\n<title>Thermopompe Murale DA 25 de Direct Air - Groupe BelleFlamme<\/title>\n<meta name=\"description\" content=\"Thermopompe Murale DA 25 de Direct Air vendu et install\u00e9 par le Groupe Belleflamme. Laval, Montr\u00e9al, Gatineau et Saint-Sauveur.\" \/>\n<meta name=\"robots\" content=\"index, follow, max-snippet:-1, max-image-preview:large, max-video-preview:-1\" \/>\n<link rel=\"canonical\" href=\"https:\/\/staging.belleflamme.ca\/fr\/produit\/thermopompe-murale-da-25-de-direct-air\/\" \/>\n<meta property=\"og:locale\" content=\"fr_FR\" \/>\n<meta property=\"og:type\" content=\"article\" \/>\n<meta property=\"og:title\" content=\"Thermopompe Murale DA 25 de Direct Air\" \/>\n<meta property=\"og:description\" content=\"Thermopompe Murale DA 25 de Direct Air vendu et install\u00e9 par le Groupe Belleflamme. Laval, Montr\u00e9al, Gatineau et Saint-Sauveur.\" \/>\n<meta property=\"og:url\" content=\"https:\/\/staging.belleflamme.ca\/fr\/produit\/thermopompe-murale-da-25-de-direct-air\/\" \/>\n<meta property=\"og:site_name\" content=\"Groupe BelleFlamme\" \/>\n<meta property=\"article:publisher\" content=\"https:\/\/www.facebook.com\/belleflamme.ca\/\" \/>\n<meta property=\"article:modified_time\" content=\"2024-11-28T15:29:16+00:00\" \/>\n<meta property=\"og:image\" content=\"https:\/\/www.belleflamme.ca\/wp-content\/uploads\/2024\/05\/Thermopompe-Murale-Heat-Extreme-de-Direct-Air-2.webp\" \/>\n\t<meta property=\"og:image:width\" content=\"600\" \/>\n\t<meta property=\"og:image:height\" content=\"600\" \/>\n\t<meta property=\"og:image:type\" content=\"image\/webp\" \/>\n<meta name=\"twitter:card\" content=\"summary_large_image\" \/>\n<meta name=\"twitter:label1\" content=\"Disponibilit\u00e9\" \/>\n\t<meta name=\"twitter:data1\" content=\"Rupture de stock\" \/>\n<script type=\"application\/ld+json\" class=\"yoast-schema-graph\">{\"@context\":\"https:\/\/schema.org\",\"@graph\":[{\"@type\":[\"WebPage\",\"ItemPage\"],\"@id\":\"https:\/\/staging.belleflamme.ca\/fr\/produit\/thermopompe-murale-da-25-de-direct-air\/\",\"url\":\"https:\/\/staging.belleflamme.ca\/fr\/produit\/thermopompe-murale-da-25-de-direct-air\/\",\"name\":\"Thermopompe Murale DA 25 de Direct Air - Groupe BelleFlamme\",\"isPartOf\":{\"@id\":\"https:\/\/www.belleflamme.ca\/fr\/#website\"},\"primaryImageOfPage\":{\"@id\":\"https:\/\/staging.belleflamme.ca\/fr\/produit\/thermopompe-murale-da-25-de-direct-air\/#primaryimage\"},\"image\":{\"@id\":\"https:\/\/staging.belleflamme.ca\/fr\/produit\/thermopompe-murale-da-25-de-direct-air\/#primaryimage\"},\"thumbnailUrl\":\"https:\/\/staging.belleflamme.ca\/wp-content\/uploads\/2024\/05\/Thermopompe-Murale-Heat-Extreme-de-Direct-Air-2.webp\",\"datePublished\":\"2024-05-14T15:53:44+00:00\",\"dateModified\":\"2024-11-28T15:29:16+00:00\",\"description\":\"Thermopompe Murale DA 25 de Direct Air vendu et install\u00e9 par le Groupe Belleflamme. Laval, Montr\u00e9al, Gatineau et Saint-Sauveur.\",\"breadcrumb\":{\"@id\":\"https:\/\/staging.belleflamme.ca\/fr\/produit\/thermopompe-murale-da-25-de-direct-air\/#breadcrumb\"},\"inLanguage\":\"fr-FR\",\"potentialAction\":[{\"@type\":\"ReadAction\",\"target\":[\"https:\/\/staging.belleflamme.ca\/fr\/produit\/thermopompe-murale-da-25-de-direct-air\/\"]}]},{\"@type\":\"ImageObject\",\"inLanguage\":\"fr-FR\",\"@id\":\"https:\/\/staging.belleflamme.ca\/fr\/produit\/thermopompe-murale-da-25-de-direct-air\/#primaryimage\",\"url\":\"https:\/\/staging.belleflamme.ca\/wp-content\/uploads\/2024\/05\/Thermopompe-Murale-Heat-Extreme-de-Direct-Air-2.webp\",\"contentUrl\":\"https:\/\/staging.belleflamme.ca\/wp-content\/uploads\/2024\/05\/Thermopompe-Murale-Heat-Extreme-de-Direct-Air-2.webp\",\"width\":600,\"height\":600,\"caption\":\"Thermopompe Murale Heat Extreme de Direct Air\"},{\"@type\":\"BreadcrumbList\",\"@id\":\"https:\/\/staging.belleflamme.ca\/fr\/produit\/thermopompe-murale-da-25-de-direct-air\/#breadcrumb\",\"itemListElement\":[{\"@type\":\"ListItem\",\"position\":1,\"name\":\"Accueil\",\"item\":\"https:\/\/www.belleflamme.ca\/fr\/\"},{\"@type\":\"ListItem\",\"position\":2,\"name\":\"Boutique\",\"item\":\"https:\/\/www.belleflamme.ca\/fr\/boutique\/\"},{\"@type\":\"ListItem\",\"position\":3,\"name\":\"Climatisation &amp; Chauffage\",\"item\":\"https:\/\/staging.belleflamme.ca\/fr\/categories\/climatisation-chauffage\/\"},{\"@type\":\"ListItem\",\"position\":4,\"name\":\"Thermopompe Murale DA 25 de Direct Air\"}]},{\"@type\":\"WebSite\",\"@id\":\"https:\/\/www.belleflamme.ca\/fr\/#website\",\"url\":\"https:\/\/www.belleflamme.ca\/fr\/\",\"name\":\"Groupe Belleflamme\",\"description\":\"La m\u00e9canique du b\u00e2timent dans le sang.\",\"publisher\":{\"@id\":\"https:\/\/www.belleflamme.ca\/fr\/#organization\"},\"potentialAction\":[{\"@type\":\"SearchAction\",\"target\":{\"@type\":\"EntryPoint\",\"urlTemplate\":\"https:\/\/www.belleflamme.ca\/fr\/?s={search_term_string}\"},\"query-input\":{\"@type\":\"PropertyValueSpecification\",\"valueRequired\":true,\"valueName\":\"search_term_string\"}}],\"inLanguage\":\"fr-FR\"},{\"@type\":[\"Organization\",\"Place\"],\"@id\":\"https:\/\/www.belleflamme.ca\/fr\/#organization\",\"name\":\"Groupe Belleflamme\",\"alternateName\":\"Belleflamme\",\"url\":\"https:\/\/www.belleflamme.ca\/fr\/\",\"logo\":{\"@type\":\"ImageObject\",\"inLanguage\":\"fr-FR\",\"@id\":\"https:\/\/www.belleflamme.ca\/fr\/#\/schema\/logo\/image\/\",\"url\":\"https:\/\/staging.belleflamme.ca\/wp-content\/uploads\/2023\/01\/og-image.jpg\",\"contentUrl\":\"https:\/\/staging.belleflamme.ca\/wp-content\/uploads\/2023\/01\/og-image.jpg\",\"width\":1200,\"height\":630,\"caption\":\"Groupe Belleflamme\"},\"image\":{\"@id\":\"https:\/\/www.belleflamme.ca\/fr\/#\/schema\/logo\/image\/\"},\"sameAs\":[\"https:\/\/www.facebook.com\/belleflamme.ca\/\",\"https:\/\/www.linkedin.com\/company\/belleflamme\/\",\"https:\/\/www.pinterest.ca\/groupebelleflamme\/\",\"https:\/\/www.instagram.com\/legroupebelleflamme\/\"],\"mainEntityOfPage\":{\"@id\":\"https:\/\/staging.belleflamme.ca\/fr\/produit\/thermopompe-murale-da-25-de-direct-air\/\"}}]}<\/script>\n<meta property=\"product:brand\" content=\"Direct Air\" \/>\n<meta property=\"og:availability\" content=\"out of stock\" \/>\n<meta property=\"product:availability\" content=\"out of stock\" \/>\n<meta property=\"product:condition\" content=\"new\" \/>\n<!-- \/ Yoast SEO Premium plugin. -->","yoast_head_json":{"title":"Thermopompe Murale DA 25 de Direct Air - Groupe BelleFlamme","description":"Thermopompe Murale DA 25 de Direct Air vendu et install\u00e9 par le Groupe Belleflamme. Laval, Montr\u00e9al, Gatineau et Saint-Sauveur.","robots":{"index":"index","follow":"follow","max-snippet":"max-snippet:-1","max-image-preview":"max-image-preview:large","max-video-preview":"max-video-preview:-1"},"canonical":"https:\/\/staging.belleflamme.ca\/fr\/produit\/thermopompe-murale-da-25-de-direct-air\/","og_locale":"fr_FR","og_type":"article","og_title":"Thermopompe Murale DA 25 de Direct Air","og_description":"Thermopompe Murale DA 25 de Direct Air vendu et install\u00e9 par le Groupe Belleflamme. Laval, Montr\u00e9al, Gatineau et Saint-Sauveur.","og_url":"https:\/\/staging.belleflamme.ca\/fr\/produit\/thermopompe-murale-da-25-de-direct-air\/","og_site_name":"Groupe BelleFlamme","article_publisher":"https:\/\/www.facebook.com\/belleflamme.ca\/","article_modified_time":"2024-11-28T15:29:16+00:00","og_image":[{"width":600,"height":600,"url":"https:\/\/www.belleflamme.ca\/wp-content\/uploads\/2024\/05\/Thermopompe-Murale-Heat-Extreme-de-Direct-Air-2.webp","type":"image\/webp"}],"twitter_card":"summary_large_image","twitter_misc":{"Disponibilit\u00e9":"Rupture de stock"},"schema":{"@context":"https:\/\/schema.org","@graph":[{"@type":["WebPage","ItemPage"],"@id":"https:\/\/staging.belleflamme.ca\/fr\/produit\/thermopompe-murale-da-25-de-direct-air\/","url":"https:\/\/staging.belleflamme.ca\/fr\/produit\/thermopompe-murale-da-25-de-direct-air\/","name":"Thermopompe Murale DA 25 de Direct Air - Groupe BelleFlamme","isPartOf":{"@id":"https:\/\/www.belleflamme.ca\/fr\/#website"},"primaryImageOfPage":{"@id":"https:\/\/staging.belleflamme.ca\/fr\/produit\/thermopompe-murale-da-25-de-direct-air\/#primaryimage"},"image":{"@id":"https:\/\/staging.belleflamme.ca\/fr\/produit\/thermopompe-murale-da-25-de-direct-air\/#primaryimage"},"thumbnailUrl":"https:\/\/staging.belleflamme.ca\/wp-content\/uploads\/2024\/05\/Thermopompe-Murale-Heat-Extreme-de-Direct-Air-2.webp","datePublished":"2024-05-14T15:53:44+00:00","dateModified":"2024-11-28T15:29:16+00:00","description":"Thermopompe Murale DA 25 de Direct Air vendu et install\u00e9 par le Groupe Belleflamme. Laval, Montr\u00e9al, Gatineau et Saint-Sauveur.","breadcrumb":{"@id":"https:\/\/staging.belleflamme.ca\/fr\/produit\/thermopompe-murale-da-25-de-direct-air\/#breadcrumb"},"inLanguage":"fr-FR","potentialAction":[{"@type":"ReadAction","target":["https:\/\/staging.belleflamme.ca\/fr\/produit\/thermopompe-murale-da-25-de-direct-air\/"]}]},{"@type":"ImageObject","inLanguage":"fr-FR","@id":"https:\/\/staging.belleflamme.ca\/fr\/produit\/thermopompe-murale-da-25-de-direct-air\/#primaryimage","url":"https:\/\/staging.belleflamme.ca\/wp-content\/uploads\/2024\/05\/Thermopompe-Murale-Heat-Extreme-de-Direct-Air-2.webp","contentUrl":"https:\/\/staging.belleflamme.ca\/wp-content\/uploads\/2024\/05\/Thermopompe-Murale-Heat-Extreme-de-Direct-Air-2.webp","width":600,"height":600,"caption":"Thermopompe Murale Heat Extreme de Direct Air"},{"@type":"BreadcrumbList","@id":"https:\/\/staging.belleflamme.ca\/fr\/produit\/thermopompe-murale-da-25-de-direct-air\/#breadcrumb","itemListElement":[{"@type":"ListItem","position":1,"name":"Accueil","item":"https:\/\/www.belleflamme.ca\/fr\/"},{"@type":"ListItem","position":2,"name":"Boutique","item":"https:\/\/www.belleflamme.ca\/fr\/boutique\/"},{"@type":"ListItem","position":3,"name":"Climatisation &amp; Chauffage","item":"https:\/\/staging.belleflamme.ca\/fr\/categories\/climatisation-chauffage\/"},{"@type":"ListItem","position":4,"name":"Thermopompe Murale DA 25 de Direct Air"}]},{"@type":"WebSite","@id":"https:\/\/www.belleflamme.ca\/fr\/#website","url":"https:\/\/www.belleflamme.ca\/fr\/","name":"Groupe Belleflamme","description":"La m\u00e9canique du b\u00e2timent dans le sang.","publisher":{"@id":"https:\/\/www.belleflamme.ca\/fr\/#organization"},"potentialAction":[{"@type":"SearchAction","target":{"@type":"EntryPoint","urlTemplate":"https:\/\/www.belleflamme.ca\/fr\/?s={search_term_string}"},"query-input":{"@type":"PropertyValueSpecification","valueRequired":true,"valueName":"search_term_string"}}],"inLanguage":"fr-FR"},{"@type":["Organization","Place"],"@id":"https:\/\/www.belleflamme.ca\/fr\/#organization","name":"Groupe Belleflamme","alternateName":"Belleflamme","url":"https:\/\/www.belleflamme.ca\/fr\/","logo":{"@type":"ImageObject","inLanguage":"fr-FR","@id":"https:\/\/www.belleflamme.ca\/fr\/#\/schema\/logo\/image\/","url":"https:\/\/staging.belleflamme.ca\/wp-content\/uploads\/2023\/01\/og-image.jpg","contentUrl":"https:\/\/staging.belleflamme.ca\/wp-content\/uploads\/2023\/01\/og-image.jpg","width":1200,"height":630,"caption":"Groupe Belleflamme"},"image":{"@id":"https:\/\/www.belleflamme.ca\/fr\/#\/schema\/logo\/image\/"},"sameAs":["https:\/\/www.facebook.com\/belleflamme.ca\/","https:\/\/www.linkedin.com\/company\/belleflamme\/","https:\/\/www.pinterest.ca\/groupebelleflamme\/","https:\/\/www.instagram.com\/legroupebelleflamme\/"],"mainEntityOfPage":{"@id":"https:\/\/staging.belleflamme.ca\/fr\/produit\/thermopompe-murale-da-25-de-direct-air\/"}}]},"product_brand":"Direct Air","og_availability":"out of stock","product_availability":"out of stock","product_condition":"new"},"_links":{"self":[{"href":"https:\/\/staging.belleflamme.ca\/fr\/wp-json\/wp\/v2\/product\/37760","targetHints":{"allow":["GET"]}}],"collection":[{"href":"https:\/\/staging.belleflamme.ca\/fr\/wp-json\/wp\/v2\/product"}],"about":[{"href":"https:\/\/staging.belleflamme.ca\/fr\/wp-json\/wp\/v2\/types\/product"}],"version-history":[{"count":22,"href":"https:\/\/staging.belleflamme.ca\/fr\/wp-json\/wp\/v2\/product\/37760\/revisions"}],"predecessor-version":[{"id":44198,"href":"https:\/\/staging.belleflamme.ca\/fr\/wp-json\/wp\/v2\/product\/37760\/revisions\/44198"}],"wp:featuredmedia":[{"embeddable":true,"href":"https:\/\/staging.belleflamme.ca\/fr\/wp-json\/wp\/v2\/media\/44147"}],"wp:attachment":[{"href":"https:\/\/staging.belleflamme.ca\/fr\/wp-json\/wp\/v2\/media?parent=37760"}],"wp:term":[{"taxonomy":"product_brand","embeddable":true,"href":"https:\/\/staging.belleflamme.ca\/fr\/wp-json\/wp\/v2\/product_brand?post=37760"},{"taxonomy":"product_cat","embeddable":true,"href":"https:\/\/staging.belleflamme.ca\/fr\/wp-json\/wp\/v2\/product_cat?post=37760"},{"taxonomy":"product_tag","embeddable":true,"href":"https:\/\/staging.belleflamme.ca\/fr\/wp-json\/wp\/v2\/product_tag?post=37760"}],"curies":[{"name":"wp","href":"https:\/\/api.w.org\/{rel}","templated":true}]}}