{"id":37656,"date":"2024-05-13T14:20:32","date_gmt":"2024-05-13T18:20:32","guid":{"rendered":"https:\/\/www.belleflamme.ca\/?post_type=product&#038;p=37656"},"modified":"2024-11-28T10:40:44","modified_gmt":"2024-11-28T15:40:44","slug":"climatiseur-mural-serie-dir-de-direct-air","status":"publish","type":"product","link":"https:\/\/staging.belleflamme.ca\/fr\/produit\/climatiseur-mural-serie-dir-de-direct-air\/","title":{"rendered":"Climatiseur Mural S\u00e9rie DIR de Direct Air"},"content":{"rendered":"\t\t<div data-elementor-type=\"product-post\" data-elementor-id=\"37656\" class=\"elementor elementor-37656\" data-elementor-post-type=\"product\">\n\t\t\t\t\t\t<section class=\"elementor-section elementor-top-section elementor-element elementor-element-70200153 elementor-section-boxed elementor-section-height-default elementor-section-height-default\" data-id=\"70200153\" data-element_type=\"section\">\n\t\t\t\t\t\t<div class=\"elementor-container elementor-column-gap-default\">\n\t\t\t\t\t<div class=\"elementor-column elementor-col-100 elementor-top-column elementor-element elementor-element-560fd719\" data-id=\"560fd719\" data-element_type=\"column\">\n\t\t\t<div class=\"elementor-widget-wrap elementor-element-populated\">\n\t\t\t\t\t\t<div class=\"elementor-element elementor-element-424b23b elementor-widget elementor-widget-text-editor\" data-id=\"424b23b\" data-element_type=\"widget\" data-widget_type=\"text-editor.default\">\n\t\t\t\t<div class=\"elementor-widget-container\">\n\t\t\t\t\t\t\t\t\t<h2>S\u00e9rie DIR- Direct Air<\/h2><h3>18 SEER Climatiseur<\/h3><p>Voici le climatiseur DIR Series 18 SEER, une centrale de confort de refroidissement avec des fonctionnalit\u00e9s avanc\u00e9es, notamment le mode silencieux, le nettoyage automatique et un \u00e9cran LED sur le panneau avant, con\u00e7u pour \u00e9lever votre exp\u00e9rience climatique int\u00e9rieure \u00e0 un tout nouveau niveau.<\/p><p>Il est temps d\u2019\u00e9lever votre environnement. Il est temps pour Direct Air.<\/p><p style=\"text-align: center;\"><img fetchpriority=\"high\" decoding=\"async\" class=\"alignnone size-full wp-image-44131\" src=\"https:\/\/www.belleflamme.ca\/wp-content\/uploads\/2024\/11\/2024-11-28-09_22_44-23-SEER-HeatPump-Direct-Air-_-Comfort-at-its-Best.png\" alt=\"\" width=\"679\" height=\"147\" srcset=\"https:\/\/staging.belleflamme.ca\/wp-content\/uploads\/2024\/11\/2024-11-28-09_22_44-23-SEER-HeatPump-Direct-Air-_-Comfort-at-its-Best.png 679w, https:\/\/staging.belleflamme.ca\/wp-content\/uploads\/2024\/11\/2024-11-28-09_22_44-23-SEER-HeatPump-Direct-Air-_-Comfort-at-its-Best-300x65.png 300w\" sizes=\"(max-width: 679px) 100vw, 679px\" \/><\/p><div data-id=\"0577e47\" data-element_type=\"container\"><div><div data-id=\"2c3c6a8\" data-element_type=\"container\"><div data-id=\"0d06fe1\" data-element_type=\"widget\" data-widget_type=\"text-editor.default\"><div><ul><li>Affichage LED sur le panneau avant<\/li><li>Contr\u00f4le \u00e0 distance \u00e0 ACL<\/li><li>Mode silencieux<\/li><li>Auto-nettoyage<\/li><\/ul><\/div><\/div><\/div><\/div><\/div><h3 style=\"text-align: left;\">Compresseur \u00e9co\u00e9nerg\u00e9tique<\/h3><p style=\"text-align: left;\">D\u00e9couvrez le m\u00e9lange parfait de performance et de tranquillit\u00e9.<\/p><div data-id=\"265d446\" data-element_type=\"container\"><div><div data-id=\"ad1775b\" data-element_type=\"widget\" data-widget_type=\"button.default\"><div><h3 style=\"text-align: left;\">Confort accru avec la persienne automatique horizontale d\u2019oscillation<\/h3><p style=\"text-align: left;\">Dites adieu \u00e0 l\u2019air stagnant et bonjour au confort optimis\u00e9 car la persienne se balance silencieusement, distribuant l\u2019air uniform\u00e9ment et efficacement dans toute la pi\u00e8ce<\/p><p style=\"text-align: left;\">Que vous vous d\u00e9tendiez \u00e0 la maison ou que vous travailliez au bureau, cette fonctionnalit\u00e9 innovante offre une exp\u00e9rience de contr\u00f4le de la temp\u00e9rature fluide et agr\u00e9able, am\u00e9liorant votre satisfaction globale avec notre technologie de Thermopompe.<\/p><h3 style=\"text-align: left;\">Fonctionnement Silencieux<\/h3><p style=\"text-align: left;\">L\u2019air est \u00e9vacu\u00e9 par une grille sur le dessus de l\u2019unit\u00e9 et est dirig\u00e9 vers le haut, loin de la v\u00e9g\u00e9tation environnante.<\/p><p style=\"text-align: left;\">La conception de la lame du ventilateur garantit qu\u2019il fonctionne tranquillement, ce que vous et vos voisins\u00a0<span style=\"background-color: #ffffff; color: #202020; font-size: 17px; font-family: var( --e-global-typography-text-font-family ), Sans-serif; font-style: var( --e-global-typography-text-font-style ); font-weight: var( --e-global-typography-text-font-weight ); letter-spacing: var( --e-global-typography-text-letter-spacing ); text-transform: var( --e-global-typography-text-text-transform );\">appr\u00e9cierez<\/span><\/p><p style=\"text-align: center;\"><img decoding=\"async\" class=\"alignnone size-full wp-image-44212\" src=\"https:\/\/www.belleflamme.ca\/wp-content\/uploads\/2024\/11\/Garantie-Belleflamme-FR-5.png\" alt=\"\" width=\"250\" height=\"250\" srcset=\"https:\/\/staging.belleflamme.ca\/wp-content\/uploads\/2024\/11\/Garantie-Belleflamme-FR-5.png 250w, https:\/\/staging.belleflamme.ca\/wp-content\/uploads\/2024\/11\/Garantie-Belleflamme-FR-5-150x150.png 150w, https:\/\/staging.belleflamme.ca\/wp-content\/uploads\/2024\/11\/Garantie-Belleflamme-FR-5-100x100.png 100w\" sizes=\"(max-width: 250px) 100vw, 250px\" \/><\/p><h2 style=\"text-align: center;\">Sp\u00e9cifications et Mod\u00e8les<\/h2><p style=\"text-align: left;\"><span style=\"background-color: #ffffff; color: #202020; font-size: 17px; font-family: var( --e-global-typography-text-font-family ), Sans-serif; font-style: var( --e-global-typography-text-font-style ); font-weight: var( --e-global-typography-text-font-weight ); letter-spacing: var( --e-global-typography-text-letter-spacing ); text-transform: var( --e-global-typography-text-text-transform );\">\u00a0<\/span><\/p><p style=\"text-align: left;\"><img decoding=\"async\" style=\"color: var( --e-global-color-text ); font-family: var( --e-global-typography-text-font-family ), Sans-serif; font-size: var( --e-global-typography-text-font-size ); font-style: var( --e-global-typography-text-font-style ); font-weight: var( --e-global-typography-text-font-weight ); letter-spacing: var( --e-global-typography-text-letter-spacing ); text-transform: var( --e-global-typography-text-text-transform ); background-color: rgba(255, 255, 255, 0);\" src=\"https:\/\/www.belleflamme.ca\/wp-content\/uploads\/2024\/05\/2024-05-14-11_38_07-Climatiseur_systeme-sans-conduit-\u2013-Air-direct.png\" alt=\"\" width=\"952\" height=\"610\" \/><\/p><\/div><\/div><\/div><\/div>\t\t\t\t\t\t\t\t<\/div>\n\t\t\t\t<\/div>\n\t\t\t\t\t<\/div>\n\t\t<\/div>\n\t\t\t\t\t<\/div>\n\t\t<\/section>\n\t\t\t\t<section class=\"elementor-section elementor-top-section elementor-element elementor-element-0ae58fe elementor-section-boxed elementor-section-height-default elementor-section-height-default\" data-id=\"0ae58fe\" data-element_type=\"section\">\n\t\t\t\t\t\t<div class=\"elementor-container elementor-column-gap-default\">\n\t\t\t\t\t<div class=\"elementor-column elementor-col-100 elementor-top-column elementor-element elementor-element-13831d2\" data-id=\"13831d2\" data-element_type=\"column\">\n\t\t\t<div class=\"elementor-widget-wrap elementor-element-populated\">\n\t\t\t\t\t\t<div class=\"elementor-element elementor-element-96400bf elementor-tabs-view-horizontal elementor-widget elementor-widget-tabs\" data-id=\"96400bf\" data-element_type=\"widget\" data-widget_type=\"tabs.default\">\n\t\t\t\t<div class=\"elementor-widget-container\">\n\t\t\t\t\t\t\t<div class=\"elementor-tabs\">\n\t\t\t<div class=\"elementor-tabs-wrapper\" role=\"tablist\" >\n\t\t\t\t\t\t\t\t\t<div id=\"elementor-tab-title-1571\" class=\"elementor-tab-title elementor-tab-desktop-title\" aria-selected=\"true\" data-tab=\"1\" role=\"tab\" tabindex=\"0\" aria-controls=\"elementor-tab-content-1571\" aria-expanded=\"false\">Fichiers<\/div>\n\t\t\t\t\t\t\t<\/div>\n\t\t\t<div class=\"elementor-tabs-content-wrapper\" role=\"tablist\" aria-orientation=\"vertical\">\n\t\t\t\t\t\t\t\t\t<div class=\"elementor-tab-title elementor-tab-mobile-title\" aria-selected=\"true\" data-tab=\"1\" role=\"tab\" tabindex=\"0\" aria-controls=\"elementor-tab-content-1571\" aria-expanded=\"false\">Fichiers<\/div>\n\t\t\t\t\t<div id=\"elementor-tab-content-1571\" class=\"elementor-tab-content elementor-clearfix\" data-tab=\"1\" role=\"tabpanel\" aria-labelledby=\"elementor-tab-title-1571\" tabindex=\"0\" hidden=\"false\"><i class=\"far fa-file-pdf fa-xl\" style=\"font-size:35px\"><\/i><a href=\"https:\/\/www.belleflamme.ca\/wp-content\/uploads\/2024\/05\/63042_DA_18SEER_BROCHURE_FR_2022.pdf\"> Brochure<\/a><\/br><\/div>\n\t\t\t\t\t\t\t<\/div>\n\t\t<\/div>\n\t\t\t\t\t\t<\/div>\n\t\t\t\t<\/div>\n\t\t\t\t\t<\/div>\n\t\t<\/div>\n\t\t\t\t\t<\/div>\n\t\t<\/section>\n\t\t\t\t<\/div>\n\t\t","protected":false},"excerpt":{"rendered":"<p>S\u00e9rie DIR- Direct Air 18 SEER Climatiseur Voici le climatiseur DIR Series 18 SEER, une centrale de confort de refroidissement avec des fonctionnalit\u00e9s avanc\u00e9es, notamment le mode silencieux, le nettoyage automatique et un \u00e9cran LED sur le panneau avant, con\u00e7u pour \u00e9lever votre exp\u00e9rience climatique int\u00e9rieure \u00e0 un tout nouveau niveau. Il est temps d\u2019\u00e9lever [&hellip;]<\/p>\n","protected":false},"featured_media":44145,"template":"","meta":{"inline_featured_image":false},"product_brand":[292],"product_cat":[70,85,72],"product_tag":[],"class_list":{"0":"post-37656","1":"product","2":"type-product","3":"status-publish","4":"has-post-thumbnail","6":"product_brand-direct-air","7":"product_cat-climatisation-chauffage","8":"product_cat-climatisation-murale","9":"product_cat-systeme-mural","11":"first","12":"instock","13":"taxable","14":"shipping-taxable","15":"product-type-variable"},"yoast_head":"<!-- This site is optimized with the Yoast SEO Premium plugin v24.2 (Yoast SEO v24.2) - https:\/\/yoast.com\/wordpress\/plugins\/seo\/ -->\n<title>Climatiseur Mural S\u00e9rie DIR de Direct Air - Groupe BelleFlamme<\/title>\n<meta name=\"description\" content=\"Climatiseur Mural S\u00e9rie DIR de Direct Air vendu et install\u00e9 par le Groupe Belleflamme. Laval, Montr\u00e9al, Gatineau et Saint-Sauveur.\" \/>\n<meta name=\"robots\" content=\"index, follow, max-snippet:-1, max-image-preview:large, max-video-preview:-1\" \/>\n<link rel=\"canonical\" href=\"https:\/\/staging.belleflamme.ca\/fr\/produit\/climatiseur-mural-serie-dir-de-direct-air\/\" \/>\n<meta property=\"og:locale\" content=\"fr_FR\" \/>\n<meta property=\"og:type\" content=\"article\" \/>\n<meta property=\"og:title\" content=\"Climatiseur Mural S\u00e9rie DIR de Direct Air\" \/>\n<meta property=\"og:description\" content=\"Climatiseur Mural S\u00e9rie DIR de Direct Air vendu et install\u00e9 par le Groupe Belleflamme. Laval, Montr\u00e9al, Gatineau et Saint-Sauveur.\" \/>\n<meta property=\"og:url\" content=\"https:\/\/staging.belleflamme.ca\/fr\/produit\/climatiseur-mural-serie-dir-de-direct-air\/\" \/>\n<meta property=\"og:site_name\" content=\"Groupe BelleFlamme\" \/>\n<meta property=\"article:publisher\" content=\"https:\/\/www.facebook.com\/belleflamme.ca\/\" \/>\n<meta property=\"article:modified_time\" content=\"2024-11-28T15:40:44+00:00\" \/>\n<meta property=\"og:image\" content=\"https:\/\/www.belleflamme.ca\/wp-content\/uploads\/2024\/05\/Thermopompe-Murale-Heat-Extreme-de-Direct-Air-1.webp\" \/>\n\t<meta property=\"og:image:width\" content=\"600\" \/>\n\t<meta property=\"og:image:height\" content=\"600\" \/>\n\t<meta property=\"og:image:type\" content=\"image\/webp\" \/>\n<meta name=\"twitter:card\" content=\"summary_large_image\" \/>\n<meta name=\"twitter:label1\" content=\"Disponibilit\u00e9\" \/>\n\t<meta name=\"twitter:data1\" content=\"En stock\" \/>\n<script type=\"application\/ld+json\" class=\"yoast-schema-graph\">{\"@context\":\"https:\/\/schema.org\",\"@graph\":[{\"@type\":[\"WebPage\",\"ItemPage\"],\"@id\":\"https:\/\/staging.belleflamme.ca\/fr\/produit\/climatiseur-mural-serie-dir-de-direct-air\/\",\"url\":\"https:\/\/staging.belleflamme.ca\/fr\/produit\/climatiseur-mural-serie-dir-de-direct-air\/\",\"name\":\"Climatiseur Mural S\u00e9rie DIR de Direct Air - Groupe BelleFlamme\",\"isPartOf\":{\"@id\":\"https:\/\/www.belleflamme.ca\/fr\/#website\"},\"primaryImageOfPage\":{\"@id\":\"https:\/\/staging.belleflamme.ca\/fr\/produit\/climatiseur-mural-serie-dir-de-direct-air\/#primaryimage\"},\"image\":{\"@id\":\"https:\/\/staging.belleflamme.ca\/fr\/produit\/climatiseur-mural-serie-dir-de-direct-air\/#primaryimage\"},\"thumbnailUrl\":\"https:\/\/staging.belleflamme.ca\/wp-content\/uploads\/2024\/05\/Thermopompe-Murale-Heat-Extreme-de-Direct-Air-1.webp\",\"datePublished\":\"2024-05-13T18:20:32+00:00\",\"dateModified\":\"2024-11-28T15:40:44+00:00\",\"description\":\"Climatiseur Mural S\u00e9rie DIR de Direct Air vendu et install\u00e9 par le Groupe Belleflamme. Laval, Montr\u00e9al, Gatineau et Saint-Sauveur.\",\"breadcrumb\":{\"@id\":\"https:\/\/staging.belleflamme.ca\/fr\/produit\/climatiseur-mural-serie-dir-de-direct-air\/#breadcrumb\"},\"inLanguage\":\"fr-FR\",\"potentialAction\":[{\"@type\":\"ReadAction\",\"target\":[\"https:\/\/staging.belleflamme.ca\/fr\/produit\/climatiseur-mural-serie-dir-de-direct-air\/\"]}]},{\"@type\":\"ImageObject\",\"inLanguage\":\"fr-FR\",\"@id\":\"https:\/\/staging.belleflamme.ca\/fr\/produit\/climatiseur-mural-serie-dir-de-direct-air\/#primaryimage\",\"url\":\"https:\/\/staging.belleflamme.ca\/wp-content\/uploads\/2024\/05\/Thermopompe-Murale-Heat-Extreme-de-Direct-Air-1.webp\",\"contentUrl\":\"https:\/\/staging.belleflamme.ca\/wp-content\/uploads\/2024\/05\/Thermopompe-Murale-Heat-Extreme-de-Direct-Air-1.webp\",\"width\":600,\"height\":600},{\"@type\":\"BreadcrumbList\",\"@id\":\"https:\/\/staging.belleflamme.ca\/fr\/produit\/climatiseur-mural-serie-dir-de-direct-air\/#breadcrumb\",\"itemListElement\":[{\"@type\":\"ListItem\",\"position\":1,\"name\":\"Accueil\",\"item\":\"https:\/\/www.belleflamme.ca\/fr\/\"},{\"@type\":\"ListItem\",\"position\":2,\"name\":\"Boutique\",\"item\":\"https:\/\/www.belleflamme.ca\/fr\/boutique\/\"},{\"@type\":\"ListItem\",\"position\":3,\"name\":\"Climatisation &amp; Chauffage\",\"item\":\"https:\/\/staging.belleflamme.ca\/fr\/categories\/climatisation-chauffage\/\"},{\"@type\":\"ListItem\",\"position\":4,\"name\":\"Syst\u00e8me Mural\",\"item\":\"https:\/\/staging.belleflamme.ca\/fr\/categories\/climatisation-chauffage\/systeme-mural\/\"},{\"@type\":\"ListItem\",\"position\":5,\"name\":\"Climatisation murale\",\"item\":\"https:\/\/staging.belleflamme.ca\/fr\/categories\/climatisation-chauffage\/systeme-mural\/climatisation-murale\/\"},{\"@type\":\"ListItem\",\"position\":6,\"name\":\"Climatiseur Mural S\u00e9rie DIR de Direct Air\"}]},{\"@type\":\"WebSite\",\"@id\":\"https:\/\/www.belleflamme.ca\/fr\/#website\",\"url\":\"https:\/\/www.belleflamme.ca\/fr\/\",\"name\":\"Groupe Belleflamme\",\"description\":\"La m\u00e9canique du b\u00e2timent dans le sang.\",\"publisher\":{\"@id\":\"https:\/\/www.belleflamme.ca\/fr\/#organization\"},\"potentialAction\":[{\"@type\":\"SearchAction\",\"target\":{\"@type\":\"EntryPoint\",\"urlTemplate\":\"https:\/\/www.belleflamme.ca\/fr\/?s={search_term_string}\"},\"query-input\":{\"@type\":\"PropertyValueSpecification\",\"valueRequired\":true,\"valueName\":\"search_term_string\"}}],\"inLanguage\":\"fr-FR\"},{\"@type\":[\"Organization\",\"Place\"],\"@id\":\"https:\/\/www.belleflamme.ca\/fr\/#organization\",\"name\":\"Groupe Belleflamme\",\"alternateName\":\"Belleflamme\",\"url\":\"https:\/\/www.belleflamme.ca\/fr\/\",\"logo\":{\"@type\":\"ImageObject\",\"inLanguage\":\"fr-FR\",\"@id\":\"https:\/\/www.belleflamme.ca\/fr\/#\/schema\/logo\/image\/\",\"url\":\"https:\/\/staging.belleflamme.ca\/wp-content\/uploads\/2023\/01\/og-image.jpg\",\"contentUrl\":\"https:\/\/staging.belleflamme.ca\/wp-content\/uploads\/2023\/01\/og-image.jpg\",\"width\":1200,\"height\":630,\"caption\":\"Groupe Belleflamme\"},\"image\":{\"@id\":\"https:\/\/www.belleflamme.ca\/fr\/#\/schema\/logo\/image\/\"},\"sameAs\":[\"https:\/\/www.facebook.com\/belleflamme.ca\/\",\"https:\/\/www.linkedin.com\/company\/belleflamme\/\",\"https:\/\/www.pinterest.ca\/groupebelleflamme\/\",\"https:\/\/www.instagram.com\/legroupebelleflamme\/\"],\"mainEntityOfPage\":{\"@id\":\"https:\/\/staging.belleflamme.ca\/fr\/produit\/climatiseur-mural-serie-dir-de-direct-air\/\"}}]}<\/script>\n<meta property=\"product:brand\" content=\"Direct Air\" \/>\n<meta property=\"og:availability\" content=\"instock\" \/>\n<meta property=\"product:availability\" content=\"instock\" \/>\n<meta property=\"product:condition\" content=\"new\" \/>\n<!-- \/ Yoast SEO Premium plugin. -->","yoast_head_json":{"title":"Climatiseur Mural S\u00e9rie DIR de Direct Air - Groupe BelleFlamme","description":"Climatiseur Mural S\u00e9rie DIR de Direct Air vendu et install\u00e9 par le Groupe Belleflamme. Laval, Montr\u00e9al, Gatineau et Saint-Sauveur.","robots":{"index":"index","follow":"follow","max-snippet":"max-snippet:-1","max-image-preview":"max-image-preview:large","max-video-preview":"max-video-preview:-1"},"canonical":"https:\/\/staging.belleflamme.ca\/fr\/produit\/climatiseur-mural-serie-dir-de-direct-air\/","og_locale":"fr_FR","og_type":"article","og_title":"Climatiseur Mural S\u00e9rie DIR de Direct Air","og_description":"Climatiseur Mural S\u00e9rie DIR de Direct Air vendu et install\u00e9 par le Groupe Belleflamme. Laval, Montr\u00e9al, Gatineau et Saint-Sauveur.","og_url":"https:\/\/staging.belleflamme.ca\/fr\/produit\/climatiseur-mural-serie-dir-de-direct-air\/","og_site_name":"Groupe BelleFlamme","article_publisher":"https:\/\/www.facebook.com\/belleflamme.ca\/","article_modified_time":"2024-11-28T15:40:44+00:00","og_image":[{"width":600,"height":600,"url":"https:\/\/www.belleflamme.ca\/wp-content\/uploads\/2024\/05\/Thermopompe-Murale-Heat-Extreme-de-Direct-Air-1.webp","type":"image\/webp"}],"twitter_card":"summary_large_image","twitter_misc":{"Disponibilit\u00e9":"En stock"},"schema":{"@context":"https:\/\/schema.org","@graph":[{"@type":["WebPage","ItemPage"],"@id":"https:\/\/staging.belleflamme.ca\/fr\/produit\/climatiseur-mural-serie-dir-de-direct-air\/","url":"https:\/\/staging.belleflamme.ca\/fr\/produit\/climatiseur-mural-serie-dir-de-direct-air\/","name":"Climatiseur Mural S\u00e9rie DIR de Direct Air - Groupe BelleFlamme","isPartOf":{"@id":"https:\/\/www.belleflamme.ca\/fr\/#website"},"primaryImageOfPage":{"@id":"https:\/\/staging.belleflamme.ca\/fr\/produit\/climatiseur-mural-serie-dir-de-direct-air\/#primaryimage"},"image":{"@id":"https:\/\/staging.belleflamme.ca\/fr\/produit\/climatiseur-mural-serie-dir-de-direct-air\/#primaryimage"},"thumbnailUrl":"https:\/\/staging.belleflamme.ca\/wp-content\/uploads\/2024\/05\/Thermopompe-Murale-Heat-Extreme-de-Direct-Air-1.webp","datePublished":"2024-05-13T18:20:32+00:00","dateModified":"2024-11-28T15:40:44+00:00","description":"Climatiseur Mural S\u00e9rie DIR de Direct Air vendu et install\u00e9 par le Groupe Belleflamme. Laval, Montr\u00e9al, Gatineau et Saint-Sauveur.","breadcrumb":{"@id":"https:\/\/staging.belleflamme.ca\/fr\/produit\/climatiseur-mural-serie-dir-de-direct-air\/#breadcrumb"},"inLanguage":"fr-FR","potentialAction":[{"@type":"ReadAction","target":["https:\/\/staging.belleflamme.ca\/fr\/produit\/climatiseur-mural-serie-dir-de-direct-air\/"]}]},{"@type":"ImageObject","inLanguage":"fr-FR","@id":"https:\/\/staging.belleflamme.ca\/fr\/produit\/climatiseur-mural-serie-dir-de-direct-air\/#primaryimage","url":"https:\/\/staging.belleflamme.ca\/wp-content\/uploads\/2024\/05\/Thermopompe-Murale-Heat-Extreme-de-Direct-Air-1.webp","contentUrl":"https:\/\/staging.belleflamme.ca\/wp-content\/uploads\/2024\/05\/Thermopompe-Murale-Heat-Extreme-de-Direct-Air-1.webp","width":600,"height":600},{"@type":"BreadcrumbList","@id":"https:\/\/staging.belleflamme.ca\/fr\/produit\/climatiseur-mural-serie-dir-de-direct-air\/#breadcrumb","itemListElement":[{"@type":"ListItem","position":1,"name":"Accueil","item":"https:\/\/www.belleflamme.ca\/fr\/"},{"@type":"ListItem","position":2,"name":"Boutique","item":"https:\/\/www.belleflamme.ca\/fr\/boutique\/"},{"@type":"ListItem","position":3,"name":"Climatisation &amp; Chauffage","item":"https:\/\/staging.belleflamme.ca\/fr\/categories\/climatisation-chauffage\/"},{"@type":"ListItem","position":4,"name":"Syst\u00e8me Mural","item":"https:\/\/staging.belleflamme.ca\/fr\/categories\/climatisation-chauffage\/systeme-mural\/"},{"@type":"ListItem","position":5,"name":"Climatisation murale","item":"https:\/\/staging.belleflamme.ca\/fr\/categories\/climatisation-chauffage\/systeme-mural\/climatisation-murale\/"},{"@type":"ListItem","position":6,"name":"Climatiseur Mural S\u00e9rie DIR de Direct Air"}]},{"@type":"WebSite","@id":"https:\/\/www.belleflamme.ca\/fr\/#website","url":"https:\/\/www.belleflamme.ca\/fr\/","name":"Groupe Belleflamme","description":"La m\u00e9canique du b\u00e2timent dans le sang.","publisher":{"@id":"https:\/\/www.belleflamme.ca\/fr\/#organization"},"potentialAction":[{"@type":"SearchAction","target":{"@type":"EntryPoint","urlTemplate":"https:\/\/www.belleflamme.ca\/fr\/?s={search_term_string}"},"query-input":{"@type":"PropertyValueSpecification","valueRequired":true,"valueName":"search_term_string"}}],"inLanguage":"fr-FR"},{"@type":["Organization","Place"],"@id":"https:\/\/www.belleflamme.ca\/fr\/#organization","name":"Groupe Belleflamme","alternateName":"Belleflamme","url":"https:\/\/www.belleflamme.ca\/fr\/","logo":{"@type":"ImageObject","inLanguage":"fr-FR","@id":"https:\/\/www.belleflamme.ca\/fr\/#\/schema\/logo\/image\/","url":"https:\/\/staging.belleflamme.ca\/wp-content\/uploads\/2023\/01\/og-image.jpg","contentUrl":"https:\/\/staging.belleflamme.ca\/wp-content\/uploads\/2023\/01\/og-image.jpg","width":1200,"height":630,"caption":"Groupe Belleflamme"},"image":{"@id":"https:\/\/www.belleflamme.ca\/fr\/#\/schema\/logo\/image\/"},"sameAs":["https:\/\/www.facebook.com\/belleflamme.ca\/","https:\/\/www.linkedin.com\/company\/belleflamme\/","https:\/\/www.pinterest.ca\/groupebelleflamme\/","https:\/\/www.instagram.com\/legroupebelleflamme\/"],"mainEntityOfPage":{"@id":"https:\/\/staging.belleflamme.ca\/fr\/produit\/climatiseur-mural-serie-dir-de-direct-air\/"}}]},"product_brand":"Direct Air","og_availability":"instock","product_availability":"instock","product_condition":"new"},"_links":{"self":[{"href":"https:\/\/staging.belleflamme.ca\/fr\/wp-json\/wp\/v2\/product\/37656","targetHints":{"allow":["GET"]}}],"collection":[{"href":"https:\/\/staging.belleflamme.ca\/fr\/wp-json\/wp\/v2\/product"}],"about":[{"href":"https:\/\/staging.belleflamme.ca\/fr\/wp-json\/wp\/v2\/types\/product"}],"version-history":[{"count":17,"href":"https:\/\/staging.belleflamme.ca\/fr\/wp-json\/wp\/v2\/product\/37656\/revisions"}],"predecessor-version":[{"id":44217,"href":"https:\/\/staging.belleflamme.ca\/fr\/wp-json\/wp\/v2\/product\/37656\/revisions\/44217"}],"wp:featuredmedia":[{"embeddable":true,"href":"https:\/\/staging.belleflamme.ca\/fr\/wp-json\/wp\/v2\/media\/44145"}],"wp:attachment":[{"href":"https:\/\/staging.belleflamme.ca\/fr\/wp-json\/wp\/v2\/media?parent=37656"}],"wp:term":[{"taxonomy":"product_brand","embeddable":true,"href":"https:\/\/staging.belleflamme.ca\/fr\/wp-json\/wp\/v2\/product_brand?post=37656"},{"taxonomy":"product_cat","embeddable":true,"href":"https:\/\/staging.belleflamme.ca\/fr\/wp-json\/wp\/v2\/product_cat?post=37656"},{"taxonomy":"product_tag","embeddable":true,"href":"https:\/\/staging.belleflamme.ca\/fr\/wp-json\/wp\/v2\/product_tag?post=37656"}],"curies":[{"name":"wp","href":"https:\/\/api.w.org\/{rel}","templated":true}]}}