{"id":37326,"date":"2024-05-02T10:39:04","date_gmt":"2024-05-02T14:39:04","guid":{"rendered":"https:\/\/www.belleflamme.ca\/?post_type=product&#038;p=37326"},"modified":"2024-10-01T14:49:31","modified_gmt":"2024-10-01T18:49:31","slug":"table-patioflame-st-tropez-rectangulaire-de-napoleon","status":"publish","type":"product","link":"https:\/\/staging.belleflamme.ca\/fr\/produit\/table-patioflame-st-tropez-rectangulaire-de-napoleon\/","title":{"rendered":"Table Patioflame St-Tropez Rectangulaire de Napoleon"},"content":{"rendered":"\t\t<div data-elementor-type=\"product-post\" data-elementor-id=\"37326\" class=\"elementor elementor-37326\" data-elementor-post-type=\"product\">\n\t\t\t\t\t\t<section class=\"elementor-section elementor-top-section elementor-element elementor-element-5cbdf3a0 elementor-section-boxed elementor-section-height-default elementor-section-height-default\" data-id=\"5cbdf3a0\" data-element_type=\"section\">\n\t\t\t\t\t\t<div class=\"elementor-container elementor-column-gap-default\">\n\t\t\t\t\t<div class=\"elementor-column elementor-col-100 elementor-top-column elementor-element elementor-element-1ef59399\" data-id=\"1ef59399\" data-element_type=\"column\">\n\t\t\t<div class=\"elementor-widget-wrap elementor-element-populated\">\n\t\t\t\t\t\t<div class=\"elementor-element elementor-element-57dbc42 elementor-widget elementor-widget-text-editor\" data-id=\"57dbc42\" data-element_type=\"widget\" data-widget_type=\"text-editor.default\">\n\t\t\t\t<div class=\"elementor-widget-container\">\n\t\t\t\t\t\t\t\t\t<iframe title=\"YouTube video player\" src=\"https:\/\/www.youtube.com\/embed\/0E7t2GXJ8ts?si=_n9CHDjo8hk1ScVR\" width=\"560\" height=\"315\" frameborder=\"0\" allowfullscreen=\"allowfullscreen\"><\/iframe>\r\n\r\n&nbsp;\r\n<h3 class=\"title hide-item-on-mobile\">DESCRIPTION<\/h3>\r\n<div class=\"inner-wrapper\" data-max-height=\"360px\" data-fade=\"true\">\r\n<div class=\"clearfix text-formatted field field--name-body field--type-text-with-summary field--label-hidden field__item\">\r\n\r\nLe parfait espace de s\u00e9jour ext\u00e9rieur comprend un lieu de d\u00e9tente, un lieu pour d\u00e9poser vos rafra\u00eechissements et se r\u00e9unir, un lieu qui constitue le centre d\u2019int\u00e9r\u00eat. La table de Patioflame\u00ae St-Tropez rectangulaire de Napoleon est l\u2019ajout id\u00e9al \u00e0 votre espace de s\u00e9jour ext\u00e9rieur. De conception lin\u00e9aire classique, elle s\u2019agencera \u00e0 tout d\u00e9cor ext\u00e9rieur. Son fini bronze rustique lui donne une apparence antique, tandis que le br\u00fbleur au gaz lin\u00e9aire ajoute une touche de modernit\u00e9, tout en produisant un magnifique ruban de flammes. Son \u00e9l\u00e9gant lit de braises de verre refl\u00e8te les flammes qui vous r\u00e9chauffent afin de cr\u00e9er une ambiance de confort. La table de Patioflame\u00ae St-Tropez rectangulaire g\u00e9n\u00e8re une chaleur de 60 000 BTU gr\u00e2ce \u00e0 ses magnifiques flammes vives qui illumineront votre espace de s\u00e9jour ext\u00e9rieur. Le r\u00e9servoir de propane est cach\u00e9 \u00e0 l\u2019int\u00e9rieur de la table, derri\u00e8re une porte facilement accessible.\r\n\r\n<\/div>\r\n<\/div>\r\n&nbsp;\r\n<h3 class=\"title hide-item-on-mobile\">CARACT\u00c9RISTIQUES<\/h3>\r\n<div class=\"inner-wrapper\" data-max-height=\"360px\" data-fade=\"true\">\r\n<div class=\"clearfix text-formatted field field--name-field-summary-features field--type-text field--label-hidden field__items\">\r\n<ul>\r\n \t<li class=\"field__item\">Jusqu&#8217;\u00e0 60 000 BTU<\/li>\r\n \t<li class=\"field__item\">Lit de braises de verre CRYSTALINE\u1d39\u1d30 topaze<\/li>\r\n \t<li class=\"field__item\">Construction en fonte d\u2019aluminium r\u00e9sistant \u00e0\u00a0 la rouille<\/li>\r\n \t<li class=\"field__item\">Br\u00fbleur en acier inoxydable<\/li>\r\n \t<li class=\"field__item\">Fini bronze rustique<\/li>\r\n \t<li class=\"field__item\">Braises de verre disponibles en six couleurs<\/li>\r\n \t<li class=\"field__item\">Couvercle de br\u00fbleur<\/li>\r\n<\/ul>\r\n<\/div>\r\n<\/div>\r\n&nbsp;\r\n<table class=\"specification-table\">\r\n<tbody>\r\n<tr>\r\n<th>GARANTIE<\/th>\r\n<td>Garantie limit\u00e9e de 3\u00a0ans<sup>*<\/sup><\/td>\r\n<\/tr>\r\n<tr>\r\n<th>TYPE DE COMBUSTIBLE<\/th>\r\n<td>Propane<\/td>\r\n<\/tr>\r\n<tr>\r\n<th>D\u00c9BIT DE CHALEUR<\/th>\r\n<td>60 000 BTU (17,58 kW)<\/td>\r\n<\/tr>\r\n<tr>\r\n<th>HAUTEUR<\/th>\r\n<td>23 in (58,50 cm)<\/td>\r\n<\/tr>\r\n<tr>\r\n<th>LARGEUR<\/th>\r\n<td>57 in (145 cm)<\/td>\r\n<\/tr>\r\n<tr>\r\n<th>PROFONDEUR<\/th>\r\n<td>37 in (94 cm)<\/td>\r\n<\/tr>\r\n<\/tbody>\r\n<\/table>\t\t\t\t\t\t\t\t<\/div>\n\t\t\t\t<\/div>\n\t\t\t\t\t<\/div>\n\t\t<\/div>\n\t\t\t\t\t<\/div>\n\t\t<\/section>\n\t\t\t\t<section class=\"elementor-section elementor-top-section elementor-element elementor-element-8962371 elementor-section-boxed elementor-section-height-default elementor-section-height-default\" data-id=\"8962371\" data-element_type=\"section\">\n\t\t\t\t\t\t<div class=\"elementor-container elementor-column-gap-default\">\n\t\t\t\t\t<div class=\"elementor-column elementor-col-100 elementor-top-column elementor-element elementor-element-6236280\" data-id=\"6236280\" data-element_type=\"column\">\n\t\t\t<div class=\"elementor-widget-wrap elementor-element-populated\">\n\t\t\t\t\t\t<div class=\"elementor-element elementor-element-f5e654b elementor-tabs-view-horizontal elementor-widget elementor-widget-tabs\" data-id=\"f5e654b\" data-element_type=\"widget\" data-widget_type=\"tabs.default\">\n\t\t\t\t<div class=\"elementor-widget-container\">\n\t\t\t\t\t\t\t<div class=\"elementor-tabs\">\n\t\t\t<div class=\"elementor-tabs-wrapper\" role=\"tablist\" >\n\t\t\t\t\t\t\t\t\t<div id=\"elementor-tab-title-2571\" class=\"elementor-tab-title elementor-tab-desktop-title\" aria-selected=\"true\" data-tab=\"1\" role=\"tab\" tabindex=\"0\" aria-controls=\"elementor-tab-content-2571\" aria-expanded=\"false\">Fichiers<\/div>\n\t\t\t\t\t\t\t<\/div>\n\t\t\t<div class=\"elementor-tabs-content-wrapper\" role=\"tablist\" aria-orientation=\"vertical\">\n\t\t\t\t\t\t\t\t\t<div class=\"elementor-tab-title elementor-tab-mobile-title\" aria-selected=\"true\" data-tab=\"1\" role=\"tab\" tabindex=\"0\" aria-controls=\"elementor-tab-content-2571\" aria-expanded=\"false\">Fichiers<\/div>\n\t\t\t\t\t<div id=\"elementor-tab-content-2571\" class=\"elementor-tab-content elementor-clearfix\" data-tab=\"1\" role=\"tabpanel\" aria-labelledby=\"elementor-tab-title-2571\" tabindex=\"0\" hidden=\"false\"><i class=\"far fa-file-pdf fa-xl\" style=\"font-size:35px\"><\/i><a href=\"https:\/\/www.belleflamme.ca\/wp-content\/uploads\/2024\/05\/Exterieur-et-Patioflame-Brochure.pdf\"> Brochure<\/a><\/br>\n<i class=\"far fa-file-pdf fa-xl\" style=\"font-size:35px\"><\/i><a href=\"https:\/\/www.belleflamme.ca\/wp-content\/uploads\/2024\/05\/StTropez-series-manual.pdf\"> Manuel<\/a><\/br><\/div>\n\t\t\t\t\t\t\t<\/div>\n\t\t<\/div>\n\t\t\t\t\t\t<\/div>\n\t\t\t\t<\/div>\n\t\t\t\t\t<\/div>\n\t\t<\/div>\n\t\t\t\t\t<\/div>\n\t\t<\/section>\n\t\t\t\t<\/div>\n\t\t","protected":false},"excerpt":{"rendered":"<p>DESCRIPTION Le parfait espace de s\u00e9jour ext\u00e9rieur comprend un lieu de d\u00e9tente, un lieu pour d\u00e9poser vos rafra\u00eechissements et se r\u00e9unir, un lieu qui constitue le centre d\u2019int\u00e9r\u00eat. La table de Patioflame\u00ae St-Tropez rectangulaire de Napoleon est l\u2019ajout id\u00e9al \u00e0 votre espace de s\u00e9jour ext\u00e9rieur. De conception lin\u00e9aire classique, elle s\u2019agencera \u00e0 tout d\u00e9cor ext\u00e9rieur. [&hellip;]<\/p>\n","protected":false},"featured_media":37327,"template":"","meta":{"inline_featured_image":false},"product_brand":[1316],"product_cat":[113,118],"product_tag":[],"class_list":{"0":"post-37326","1":"product","2":"type-product","3":"status-publish","4":"has-post-thumbnail","6":"product_brand-bbq-napoleon","7":"product_cat-bbq-produits-exterieurs","8":"product_cat-table-de-feu","10":"first","11":"instock","12":"taxable","13":"shipping-taxable","14":"purchasable","15":"product-type-simple"},"yoast_head":"<!-- This site is optimized with the Yoast SEO Premium plugin v24.2 (Yoast SEO v24.2) - https:\/\/yoast.com\/wordpress\/plugins\/seo\/ -->\n<title>Table Patioflame St-Tropez Rectangulaire de Napoleon - Groupe BelleFlamme<\/title>\n<meta name=\"description\" content=\"Table Patioflame St-Tropez Rectangulaire de Napoleon\" \/>\n<meta name=\"robots\" content=\"index, follow, max-snippet:-1, max-image-preview:large, max-video-preview:-1\" \/>\n<link rel=\"canonical\" href=\"https:\/\/staging.belleflamme.ca\/fr\/produit\/table-patioflame-st-tropez-rectangulaire-de-napoleon\/\" \/>\n<meta property=\"og:locale\" content=\"fr_FR\" \/>\n<meta property=\"og:type\" content=\"article\" \/>\n<meta property=\"og:title\" content=\"Table Patioflame St-Tropez Rectangulaire de Napoleon\" \/>\n<meta property=\"og:description\" content=\"Table Patioflame St-Tropez Rectangulaire de Napoleon\" \/>\n<meta property=\"og:url\" content=\"https:\/\/staging.belleflamme.ca\/fr\/produit\/table-patioflame-st-tropez-rectangulaire-de-napoleon\/\" \/>\n<meta property=\"og:site_name\" content=\"Groupe BelleFlamme\" \/>\n<meta property=\"article:publisher\" content=\"https:\/\/www.facebook.com\/belleflamme.ca\/\" \/>\n<meta property=\"article:modified_time\" content=\"2024-10-01T18:49:31+00:00\" \/>\n<meta property=\"og:image\" content=\"https:\/\/www.belleflamme.ca\/wp-content\/uploads\/2024\/05\/Table-Patioflame-St-Tropez-Rectangulaire-de-Napoleon.png\" \/>\n\t<meta property=\"og:image:width\" content=\"1000\" \/>\n\t<meta property=\"og:image:height\" content=\"1000\" \/>\n\t<meta property=\"og:image:type\" content=\"image\/png\" \/>\n<meta name=\"twitter:card\" content=\"summary_large_image\" \/>\n<meta name=\"twitter:label1\" content=\"Prix\" \/>\n\t<meta name=\"twitter:data1\" content=\"&#036;1,699.00\" \/>\n\t<meta name=\"twitter:label2\" content=\"Disponibilit\u00e9\" \/>\n\t<meta name=\"twitter:data2\" content=\"En stock\" \/>\n<script type=\"application\/ld+json\" class=\"yoast-schema-graph\">{\"@context\":\"https:\/\/schema.org\",\"@graph\":[{\"@type\":[\"WebPage\",\"ItemPage\"],\"@id\":\"https:\/\/staging.belleflamme.ca\/fr\/produit\/table-patioflame-st-tropez-rectangulaire-de-napoleon\/\",\"url\":\"https:\/\/staging.belleflamme.ca\/fr\/produit\/table-patioflame-st-tropez-rectangulaire-de-napoleon\/\",\"name\":\"Table Patioflame St-Tropez Rectangulaire de Napoleon - Groupe BelleFlamme\",\"isPartOf\":{\"@id\":\"https:\/\/www.belleflamme.ca\/fr\/#website\"},\"primaryImageOfPage\":{\"@id\":\"https:\/\/staging.belleflamme.ca\/fr\/produit\/table-patioflame-st-tropez-rectangulaire-de-napoleon\/#primaryimage\"},\"image\":{\"@id\":\"https:\/\/staging.belleflamme.ca\/fr\/produit\/table-patioflame-st-tropez-rectangulaire-de-napoleon\/#primaryimage\"},\"thumbnailUrl\":\"https:\/\/staging.belleflamme.ca\/wp-content\/uploads\/2024\/05\/Table-Patioflame-St-Tropez-Rectangulaire-de-Napoleon.png\",\"datePublished\":\"2024-05-02T14:39:04+00:00\",\"dateModified\":\"2024-10-01T18:49:31+00:00\",\"description\":\"Table Patioflame St-Tropez Rectangulaire de Napoleon\",\"breadcrumb\":{\"@id\":\"https:\/\/staging.belleflamme.ca\/fr\/produit\/table-patioflame-st-tropez-rectangulaire-de-napoleon\/#breadcrumb\"},\"inLanguage\":\"fr-FR\",\"potentialAction\":[{\"@type\":\"ReadAction\",\"target\":[\"https:\/\/staging.belleflamme.ca\/fr\/produit\/table-patioflame-st-tropez-rectangulaire-de-napoleon\/\"]}]},{\"@type\":\"ImageObject\",\"inLanguage\":\"fr-FR\",\"@id\":\"https:\/\/staging.belleflamme.ca\/fr\/produit\/table-patioflame-st-tropez-rectangulaire-de-napoleon\/#primaryimage\",\"url\":\"https:\/\/staging.belleflamme.ca\/wp-content\/uploads\/2024\/05\/Table-Patioflame-St-Tropez-Rectangulaire-de-Napoleon.png\",\"contentUrl\":\"https:\/\/staging.belleflamme.ca\/wp-content\/uploads\/2024\/05\/Table-Patioflame-St-Tropez-Rectangulaire-de-Napoleon.png\",\"width\":1000,\"height\":1000,\"caption\":\"Table Patioflame St-Tropez Rectangulaire de Napoleon\"},{\"@type\":\"BreadcrumbList\",\"@id\":\"https:\/\/staging.belleflamme.ca\/fr\/produit\/table-patioflame-st-tropez-rectangulaire-de-napoleon\/#breadcrumb\",\"itemListElement\":[{\"@type\":\"ListItem\",\"position\":1,\"name\":\"Accueil\",\"item\":\"https:\/\/www.belleflamme.ca\/fr\/\"},{\"@type\":\"ListItem\",\"position\":2,\"name\":\"Boutique\",\"item\":\"https:\/\/www.belleflamme.ca\/fr\/boutique\/\"},{\"@type\":\"ListItem\",\"position\":3,\"name\":\"BBQ &amp; Produits Ext\u00e9rieurs\",\"item\":\"https:\/\/staging.belleflamme.ca\/fr\/categories\/bbq-produits-exterieurs\/\"},{\"@type\":\"ListItem\",\"position\":4,\"name\":\"Tables de Feu\",\"item\":\"https:\/\/staging.belleflamme.ca\/fr\/categories\/bbq-produits-exterieurs\/table-de-feu\/\"},{\"@type\":\"ListItem\",\"position\":5,\"name\":\"Table Patioflame St-Tropez Rectangulaire de Napoleon\"}]},{\"@type\":\"WebSite\",\"@id\":\"https:\/\/www.belleflamme.ca\/fr\/#website\",\"url\":\"https:\/\/www.belleflamme.ca\/fr\/\",\"name\":\"Groupe Belleflamme\",\"description\":\"La m\u00e9canique du b\u00e2timent dans le sang.\",\"publisher\":{\"@id\":\"https:\/\/www.belleflamme.ca\/fr\/#organization\"},\"potentialAction\":[{\"@type\":\"SearchAction\",\"target\":{\"@type\":\"EntryPoint\",\"urlTemplate\":\"https:\/\/www.belleflamme.ca\/fr\/?s={search_term_string}\"},\"query-input\":{\"@type\":\"PropertyValueSpecification\",\"valueRequired\":true,\"valueName\":\"search_term_string\"}}],\"inLanguage\":\"fr-FR\"},{\"@type\":[\"Organization\",\"Place\"],\"@id\":\"https:\/\/www.belleflamme.ca\/fr\/#organization\",\"name\":\"Groupe Belleflamme\",\"alternateName\":\"Belleflamme\",\"url\":\"https:\/\/www.belleflamme.ca\/fr\/\",\"logo\":{\"@type\":\"ImageObject\",\"inLanguage\":\"fr-FR\",\"@id\":\"https:\/\/www.belleflamme.ca\/fr\/#\/schema\/logo\/image\/\",\"url\":\"https:\/\/staging.belleflamme.ca\/wp-content\/uploads\/2023\/01\/og-image.jpg\",\"contentUrl\":\"https:\/\/staging.belleflamme.ca\/wp-content\/uploads\/2023\/01\/og-image.jpg\",\"width\":1200,\"height\":630,\"caption\":\"Groupe Belleflamme\"},\"image\":{\"@id\":\"https:\/\/www.belleflamme.ca\/fr\/#\/schema\/logo\/image\/\"},\"sameAs\":[\"https:\/\/www.facebook.com\/belleflamme.ca\/\",\"https:\/\/www.linkedin.com\/company\/belleflamme\/\",\"https:\/\/www.pinterest.ca\/groupebelleflamme\/\",\"https:\/\/www.instagram.com\/legroupebelleflamme\/\"],\"mainEntityOfPage\":{\"@id\":\"https:\/\/staging.belleflamme.ca\/fr\/produit\/table-patioflame-st-tropez-rectangulaire-de-napoleon\/\"}}]}<\/script>\n<meta property=\"product:brand\" content=\"BBQ Napoleon\" \/>\n<meta property=\"product:price:amount\" content=\"1699.00\" \/>\n<meta property=\"product:price:currency\" content=\"CAD\" \/>\n<meta property=\"og:availability\" content=\"instock\" \/>\n<meta property=\"product:availability\" content=\"instock\" \/>\n<meta property=\"product:retailer_item_id\" content=\"STTR1-BZ\" \/>\n<meta property=\"product:condition\" content=\"new\" \/>\n<!-- \/ Yoast SEO Premium plugin. -->","yoast_head_json":{"title":"Table Patioflame St-Tropez Rectangulaire de Napoleon - Groupe BelleFlamme","description":"Table Patioflame St-Tropez Rectangulaire de Napoleon","robots":{"index":"index","follow":"follow","max-snippet":"max-snippet:-1","max-image-preview":"max-image-preview:large","max-video-preview":"max-video-preview:-1"},"canonical":"https:\/\/staging.belleflamme.ca\/fr\/produit\/table-patioflame-st-tropez-rectangulaire-de-napoleon\/","og_locale":"fr_FR","og_type":"article","og_title":"Table Patioflame St-Tropez Rectangulaire de Napoleon","og_description":"Table Patioflame St-Tropez Rectangulaire de Napoleon","og_url":"https:\/\/staging.belleflamme.ca\/fr\/produit\/table-patioflame-st-tropez-rectangulaire-de-napoleon\/","og_site_name":"Groupe BelleFlamme","article_publisher":"https:\/\/www.facebook.com\/belleflamme.ca\/","article_modified_time":"2024-10-01T18:49:31+00:00","og_image":[{"width":1000,"height":1000,"url":"https:\/\/www.belleflamme.ca\/wp-content\/uploads\/2024\/05\/Table-Patioflame-St-Tropez-Rectangulaire-de-Napoleon.png","type":"image\/png"}],"twitter_card":"summary_large_image","twitter_misc":{"Prix":"&#36;1,699.00","Disponibilit\u00e9":"En stock"},"schema":{"@context":"https:\/\/schema.org","@graph":[{"@type":["WebPage","ItemPage"],"@id":"https:\/\/staging.belleflamme.ca\/fr\/produit\/table-patioflame-st-tropez-rectangulaire-de-napoleon\/","url":"https:\/\/staging.belleflamme.ca\/fr\/produit\/table-patioflame-st-tropez-rectangulaire-de-napoleon\/","name":"Table Patioflame St-Tropez Rectangulaire de Napoleon - Groupe BelleFlamme","isPartOf":{"@id":"https:\/\/www.belleflamme.ca\/fr\/#website"},"primaryImageOfPage":{"@id":"https:\/\/staging.belleflamme.ca\/fr\/produit\/table-patioflame-st-tropez-rectangulaire-de-napoleon\/#primaryimage"},"image":{"@id":"https:\/\/staging.belleflamme.ca\/fr\/produit\/table-patioflame-st-tropez-rectangulaire-de-napoleon\/#primaryimage"},"thumbnailUrl":"https:\/\/staging.belleflamme.ca\/wp-content\/uploads\/2024\/05\/Table-Patioflame-St-Tropez-Rectangulaire-de-Napoleon.png","datePublished":"2024-05-02T14:39:04+00:00","dateModified":"2024-10-01T18:49:31+00:00","description":"Table Patioflame St-Tropez Rectangulaire de Napoleon","breadcrumb":{"@id":"https:\/\/staging.belleflamme.ca\/fr\/produit\/table-patioflame-st-tropez-rectangulaire-de-napoleon\/#breadcrumb"},"inLanguage":"fr-FR","potentialAction":[{"@type":"ReadAction","target":["https:\/\/staging.belleflamme.ca\/fr\/produit\/table-patioflame-st-tropez-rectangulaire-de-napoleon\/"]}]},{"@type":"ImageObject","inLanguage":"fr-FR","@id":"https:\/\/staging.belleflamme.ca\/fr\/produit\/table-patioflame-st-tropez-rectangulaire-de-napoleon\/#primaryimage","url":"https:\/\/staging.belleflamme.ca\/wp-content\/uploads\/2024\/05\/Table-Patioflame-St-Tropez-Rectangulaire-de-Napoleon.png","contentUrl":"https:\/\/staging.belleflamme.ca\/wp-content\/uploads\/2024\/05\/Table-Patioflame-St-Tropez-Rectangulaire-de-Napoleon.png","width":1000,"height":1000,"caption":"Table Patioflame St-Tropez Rectangulaire de Napoleon"},{"@type":"BreadcrumbList","@id":"https:\/\/staging.belleflamme.ca\/fr\/produit\/table-patioflame-st-tropez-rectangulaire-de-napoleon\/#breadcrumb","itemListElement":[{"@type":"ListItem","position":1,"name":"Accueil","item":"https:\/\/www.belleflamme.ca\/fr\/"},{"@type":"ListItem","position":2,"name":"Boutique","item":"https:\/\/www.belleflamme.ca\/fr\/boutique\/"},{"@type":"ListItem","position":3,"name":"BBQ &amp; Produits Ext\u00e9rieurs","item":"https:\/\/staging.belleflamme.ca\/fr\/categories\/bbq-produits-exterieurs\/"},{"@type":"ListItem","position":4,"name":"Tables de Feu","item":"https:\/\/staging.belleflamme.ca\/fr\/categories\/bbq-produits-exterieurs\/table-de-feu\/"},{"@type":"ListItem","position":5,"name":"Table Patioflame St-Tropez Rectangulaire de Napoleon"}]},{"@type":"WebSite","@id":"https:\/\/www.belleflamme.ca\/fr\/#website","url":"https:\/\/www.belleflamme.ca\/fr\/","name":"Groupe Belleflamme","description":"La m\u00e9canique du b\u00e2timent dans le sang.","publisher":{"@id":"https:\/\/www.belleflamme.ca\/fr\/#organization"},"potentialAction":[{"@type":"SearchAction","target":{"@type":"EntryPoint","urlTemplate":"https:\/\/www.belleflamme.ca\/fr\/?s={search_term_string}"},"query-input":{"@type":"PropertyValueSpecification","valueRequired":true,"valueName":"search_term_string"}}],"inLanguage":"fr-FR"},{"@type":["Organization","Place"],"@id":"https:\/\/www.belleflamme.ca\/fr\/#organization","name":"Groupe Belleflamme","alternateName":"Belleflamme","url":"https:\/\/www.belleflamme.ca\/fr\/","logo":{"@type":"ImageObject","inLanguage":"fr-FR","@id":"https:\/\/www.belleflamme.ca\/fr\/#\/schema\/logo\/image\/","url":"https:\/\/staging.belleflamme.ca\/wp-content\/uploads\/2023\/01\/og-image.jpg","contentUrl":"https:\/\/staging.belleflamme.ca\/wp-content\/uploads\/2023\/01\/og-image.jpg","width":1200,"height":630,"caption":"Groupe Belleflamme"},"image":{"@id":"https:\/\/www.belleflamme.ca\/fr\/#\/schema\/logo\/image\/"},"sameAs":["https:\/\/www.facebook.com\/belleflamme.ca\/","https:\/\/www.linkedin.com\/company\/belleflamme\/","https:\/\/www.pinterest.ca\/groupebelleflamme\/","https:\/\/www.instagram.com\/legroupebelleflamme\/"],"mainEntityOfPage":{"@id":"https:\/\/staging.belleflamme.ca\/fr\/produit\/table-patioflame-st-tropez-rectangulaire-de-napoleon\/"}}]},"product_brand":"BBQ Napoleon","product_price_amount":"1699.00","product_price_currency":"CAD","og_availability":"instock","product_availability":"instock","product_retailer_item_id":"STTR1-BZ","product_condition":"new"},"_links":{"self":[{"href":"https:\/\/staging.belleflamme.ca\/fr\/wp-json\/wp\/v2\/product\/37326","targetHints":{"allow":["GET"]}}],"collection":[{"href":"https:\/\/staging.belleflamme.ca\/fr\/wp-json\/wp\/v2\/product"}],"about":[{"href":"https:\/\/staging.belleflamme.ca\/fr\/wp-json\/wp\/v2\/types\/product"}],"version-history":[{"count":5,"href":"https:\/\/staging.belleflamme.ca\/fr\/wp-json\/wp\/v2\/product\/37326\/revisions"}],"predecessor-version":[{"id":43409,"href":"https:\/\/staging.belleflamme.ca\/fr\/wp-json\/wp\/v2\/product\/37326\/revisions\/43409"}],"wp:featuredmedia":[{"embeddable":true,"href":"https:\/\/staging.belleflamme.ca\/fr\/wp-json\/wp\/v2\/media\/37327"}],"wp:attachment":[{"href":"https:\/\/staging.belleflamme.ca\/fr\/wp-json\/wp\/v2\/media?parent=37326"}],"wp:term":[{"taxonomy":"product_brand","embeddable":true,"href":"https:\/\/staging.belleflamme.ca\/fr\/wp-json\/wp\/v2\/product_brand?post=37326"},{"taxonomy":"product_cat","embeddable":true,"href":"https:\/\/staging.belleflamme.ca\/fr\/wp-json\/wp\/v2\/product_cat?post=37326"},{"taxonomy":"product_tag","embeddable":true,"href":"https:\/\/staging.belleflamme.ca\/fr\/wp-json\/wp\/v2\/product_tag?post=37326"}],"curies":[{"name":"wp","href":"https:\/\/api.w.org\/{rel}","templated":true}]}}