{"id":37210,"date":"2024-05-01T11:58:23","date_gmt":"2024-05-01T15:58:23","guid":{"rendered":"https:\/\/www.belleflamme.ca\/?post_type=product&#038;p=37210"},"modified":"2024-10-01T14:18:07","modified_gmt":"2024-10-01T18:18:07","slug":"espaceur-mural-oasis-de-napoleon","status":"publish","type":"product","link":"https:\/\/staging.belleflamme.ca\/fr\/produit\/espaceur-mural-oasis-de-napoleon\/","title":{"rendered":"Espaceur Mural Oasis de Napoleon"},"content":{"rendered":"\t\t<div data-elementor-type=\"product-post\" data-elementor-id=\"37210\" class=\"elementor elementor-37210\" data-elementor-post-type=\"product\">\n\t\t\t\t\t\t<section class=\"elementor-section elementor-top-section elementor-element elementor-element-6fbb863e elementor-section-boxed elementor-section-height-default elementor-section-height-default\" data-id=\"6fbb863e\" data-element_type=\"section\">\n\t\t\t\t\t\t<div class=\"elementor-container elementor-column-gap-default\">\n\t\t\t\t\t<div class=\"elementor-column elementor-col-100 elementor-top-column elementor-element elementor-element-f7eacdc\" data-id=\"f7eacdc\" data-element_type=\"column\">\n\t\t\t<div class=\"elementor-widget-wrap elementor-element-populated\">\n\t\t\t\t\t\t<div class=\"elementor-element elementor-element-5b068b71 elementor-widget elementor-widget-text-editor\" data-id=\"5b068b71\" data-element_type=\"widget\" data-widget_type=\"text-editor.default\">\n\t\t\t\t<div class=\"elementor-widget-container\">\n\t\t\t\t\t\t\t\t\t<h3 class=\"title hide-item-on-mobile\">DESCRIPTION<\/h3>\r\n<div class=\"inner-wrapper fade\" data-max-height=\"360px\" data-fade=\"true\">\r\n<div class=\"clearfix text-formatted field field--name-body field--type-text-with-summary field--label-hidden field__item\">\r\n\r\nL&#8217;espaceur mural OASIS\u1d39\u1d30 de Napoleon agit comme une barri\u00e8re entre votre cuisine ext\u00e9rieure et un mur ou une structure.\r\n\r\n<\/div>\r\n<\/div>\r\n&nbsp;\r\n<h3 class=\"title hide-item-on-mobile\">CARACT\u00c9RISTIQUES<\/h3>\r\n<div class=\"inner-wrapper\" data-max-height=\"360px\" data-fade=\"true\">\r\n<div class=\"clearfix text-formatted field field--name-field-summary-features field--type-text field--label-hidden field__items\">\r\n<ul>\r\n \t<li class=\"field__item\">Acier galvanis\u00e9 recuit avec rev\u00eatement de peinture en poudre<\/li>\r\n \t<li class=\"field__item\">Espaceur requis pour les installations contre un mur<\/li>\r\n \t<li class=\"field__item\">Comble l&#8217;espace entre le cabinet et le mur<\/li>\r\n \t<li class=\"field__item\">Moulures fluides<\/li>\r\n<\/ul>\r\n<\/div>\r\n<\/div>\r\n&nbsp;\r\n<table class=\"specification-table\">\r\n<tbody>\r\n<tr>\r\n<th>GARANTIE<\/th>\r\n<td>Garantie limit\u00e9e de 10\u00a0ans<sup>*<\/sup><\/td>\r\n<\/tr>\r\n<tr>\r\n<th>HAUTEUR<\/th>\r\n<td>35 in (90 cm)<\/td>\r\n<\/tr>\r\n<tr>\r\n<th>LARGEUR<\/th>\r\n<td>1,50 in (4 cm)<\/td>\r\n<\/tr>\r\n<tr>\r\n<th>PROFONDEUR<\/th>\r\n<td>1,50 in (17,80 cm)<\/td>\r\n<\/tr>\r\n<tr>\r\n<th>HAUTEUR DE LA BO\u00ceTE<\/th>\r\n<td>2 in (5,08 cm)<\/td>\r\n<\/tr>\r\n<tr>\r\n<th>LARGEUR DE LA BO\u00ceTE<\/th>\r\n<td>8 in (20,32 cm)<\/td>\r\n<\/tr>\r\n<tr>\r\n<th>PROFONDEUR DE LA BO\u00ceTE<\/th>\r\n<td>32 in (81,28 cm)<\/td>\r\n<\/tr>\r\n<tr>\r\n<th>POIDS DE LA BO\u00ceTE<\/th>\r\n<td>4,50 lbs. (2,04 kg)<\/td>\r\n<\/tr>\r\n<\/tbody>\r\n<\/table>\t\t\t\t\t\t\t\t<\/div>\n\t\t\t\t<\/div>\n\t\t\t\t\t<\/div>\n\t\t<\/div>\n\t\t\t\t\t<\/div>\n\t\t<\/section>\n\t\t\t\t<section class=\"elementor-section elementor-top-section elementor-element elementor-element-a347313 elementor-section-boxed elementor-section-height-default elementor-section-height-default\" data-id=\"a347313\" data-element_type=\"section\">\n\t\t\t\t\t\t<div class=\"elementor-container elementor-column-gap-default\">\n\t\t\t\t\t<div class=\"elementor-column elementor-col-100 elementor-top-column elementor-element elementor-element-7dbc8e1\" data-id=\"7dbc8e1\" data-element_type=\"column\">\n\t\t\t<div class=\"elementor-widget-wrap elementor-element-populated\">\n\t\t\t\t\t\t<div class=\"elementor-element elementor-element-1064880 elementor-tabs-view-horizontal elementor-widget elementor-widget-tabs\" data-id=\"1064880\" data-element_type=\"widget\" data-widget_type=\"tabs.default\">\n\t\t\t\t<div class=\"elementor-widget-container\">\n\t\t\t\t\t\t\t<div class=\"elementor-tabs\">\n\t\t\t<div class=\"elementor-tabs-wrapper\" role=\"tablist\" >\n\t\t\t\t\t\t\t\t\t<div id=\"elementor-tab-title-1711\" class=\"elementor-tab-title elementor-tab-desktop-title\" aria-selected=\"true\" data-tab=\"1\" role=\"tab\" tabindex=\"0\" aria-controls=\"elementor-tab-content-1711\" aria-expanded=\"false\">Fichiers<\/div>\n\t\t\t\t\t\t\t<\/div>\n\t\t\t<div class=\"elementor-tabs-content-wrapper\" role=\"tablist\" aria-orientation=\"vertical\">\n\t\t\t\t\t\t\t\t\t<div class=\"elementor-tab-title elementor-tab-mobile-title\" aria-selected=\"true\" data-tab=\"1\" role=\"tab\" tabindex=\"0\" aria-controls=\"elementor-tab-content-1711\" aria-expanded=\"false\">Fichiers<\/div>\n\t\t\t\t\t<div id=\"elementor-tab-content-1711\" class=\"elementor-tab-content elementor-clearfix\" data-tab=\"1\" role=\"tabpanel\" aria-labelledby=\"elementor-tab-title-1711\" tabindex=\"0\" hidden=\"false\"><i class=\"far fa-file-pdf fa-xl\" style=\"font-size:35px\"><\/i><a href=\"https:\/\/www.belleflamme.ca\/wp-content\/uploads\/2024\/05\/Series-Encastrees-et-OASIS-Brochure-1.pdf\"> Brochure<\/a><\/br>\n<i class=\"far fa-file-pdf fa-xl\" style=\"font-size:35px\"><\/i><a href=\"https:\/\/www.belleflamme.ca\/wp-content\/uploads\/2024\/05\/N415-0416.pdf\"> Manuel<\/a><\/br><\/div>\n\t\t\t\t\t\t\t<\/div>\n\t\t<\/div>\n\t\t\t\t\t\t<\/div>\n\t\t\t\t<\/div>\n\t\t\t\t\t<\/div>\n\t\t<\/div>\n\t\t\t\t\t<\/div>\n\t\t<\/section>\n\t\t\t\t<\/div>\n\t\t","protected":false},"excerpt":{"rendered":"<p>DESCRIPTION L&#8217;espaceur mural OASIS\u1d39\u1d30 de Napoleon agit comme une barri\u00e8re entre votre cuisine ext\u00e9rieure et un mur ou une structure. CARACT\u00c9RISTIQUES Acier galvanis\u00e9 recuit avec rev\u00eatement de peinture en poudre Espaceur requis pour les installations contre un mur Comble l&#8217;espace entre le cabinet et le mur Moulures fluides &nbsp; GARANTIE Garantie limit\u00e9e de 10\u00a0ans* HAUTEUR [&hellip;]<\/p>\n","protected":false},"featured_media":37211,"template":"","meta":{"inline_featured_image":false},"product_brand":[1316],"product_cat":[113,352,116],"product_tag":[],"class_list":{"0":"post-37210","1":"product","2":"type-product","3":"status-publish","4":"has-post-thumbnail","6":"product_brand-bbq-napoleon","7":"product_cat-bbq-produits-exterieurs","8":"product_cat-cabinets-et-modules","9":"product_cat-cuisine-exterieure","11":"first","12":"instock","13":"taxable","14":"shipping-taxable","15":"purchasable","16":"product-type-simple"},"yoast_head":"<!-- This site is optimized with the Yoast SEO Premium plugin v24.2 (Yoast SEO v24.2) - https:\/\/yoast.com\/wordpress\/plugins\/seo\/ -->\n<title>Espaceur Mural Oasis de Napoleon - Groupe BelleFlamme<\/title>\n<meta name=\"description\" content=\"Espaceur Mural Oasis de Napoleon vendu par le Groupe Belleflamme. Laval, Montr\u00e9al, Gatineau et Saint-Sauveur.\" \/>\n<meta name=\"robots\" content=\"index, follow, max-snippet:-1, max-image-preview:large, max-video-preview:-1\" \/>\n<link rel=\"canonical\" href=\"https:\/\/staging.belleflamme.ca\/fr\/produit\/espaceur-mural-oasis-de-napoleon\/\" \/>\n<meta property=\"og:locale\" content=\"fr_FR\" \/>\n<meta property=\"og:type\" content=\"article\" \/>\n<meta property=\"og:title\" content=\"Espaceur Mural Oasis de Napoleon\" \/>\n<meta property=\"og:description\" content=\"Espaceur Mural Oasis de Napoleon vendu par le Groupe Belleflamme. Laval, Montr\u00e9al, Gatineau et Saint-Sauveur.\" \/>\n<meta property=\"og:url\" content=\"https:\/\/staging.belleflamme.ca\/fr\/produit\/espaceur-mural-oasis-de-napoleon\/\" \/>\n<meta property=\"og:site_name\" content=\"Groupe BelleFlamme\" \/>\n<meta property=\"article:publisher\" content=\"https:\/\/www.facebook.com\/belleflamme.ca\/\" \/>\n<meta property=\"article:modified_time\" content=\"2024-10-01T18:18:07+00:00\" \/>\n<meta property=\"og:image\" content=\"https:\/\/www.belleflamme.ca\/wp-content\/uploads\/2024\/05\/Espaceur-Mural-Oasis-de-Napoleon.png\" \/>\n\t<meta property=\"og:image:width\" content=\"1000\" \/>\n\t<meta property=\"og:image:height\" content=\"1000\" \/>\n\t<meta property=\"og:image:type\" content=\"image\/png\" \/>\n<meta name=\"twitter:card\" content=\"summary_large_image\" \/>\n<meta name=\"twitter:label1\" content=\"Prix\" \/>\n\t<meta name=\"twitter:data1\" content=\"&#036;99.00\" \/>\n\t<meta name=\"twitter:label2\" content=\"Disponibilit\u00e9\" \/>\n\t<meta name=\"twitter:data2\" content=\"En stock\" \/>\n<script type=\"application\/ld+json\" class=\"yoast-schema-graph\">{\"@context\":\"https:\/\/schema.org\",\"@graph\":[{\"@type\":[\"WebPage\",\"ItemPage\"],\"@id\":\"https:\/\/staging.belleflamme.ca\/fr\/produit\/espaceur-mural-oasis-de-napoleon\/\",\"url\":\"https:\/\/staging.belleflamme.ca\/fr\/produit\/espaceur-mural-oasis-de-napoleon\/\",\"name\":\"Espaceur Mural Oasis de Napoleon - Groupe BelleFlamme\",\"isPartOf\":{\"@id\":\"https:\/\/www.belleflamme.ca\/fr\/#website\"},\"primaryImageOfPage\":{\"@id\":\"https:\/\/staging.belleflamme.ca\/fr\/produit\/espaceur-mural-oasis-de-napoleon\/#primaryimage\"},\"image\":{\"@id\":\"https:\/\/staging.belleflamme.ca\/fr\/produit\/espaceur-mural-oasis-de-napoleon\/#primaryimage\"},\"thumbnailUrl\":\"https:\/\/staging.belleflamme.ca\/wp-content\/uploads\/2024\/05\/Espaceur-Mural-Oasis-de-Napoleon.png\",\"datePublished\":\"2024-05-01T15:58:23+00:00\",\"dateModified\":\"2024-10-01T18:18:07+00:00\",\"description\":\"Espaceur Mural Oasis de Napoleon vendu par le Groupe Belleflamme. Laval, Montr\u00e9al, Gatineau et Saint-Sauveur.\",\"breadcrumb\":{\"@id\":\"https:\/\/staging.belleflamme.ca\/fr\/produit\/espaceur-mural-oasis-de-napoleon\/#breadcrumb\"},\"inLanguage\":\"fr-FR\",\"potentialAction\":[{\"@type\":\"ReadAction\",\"target\":[\"https:\/\/staging.belleflamme.ca\/fr\/produit\/espaceur-mural-oasis-de-napoleon\/\"]}]},{\"@type\":\"ImageObject\",\"inLanguage\":\"fr-FR\",\"@id\":\"https:\/\/staging.belleflamme.ca\/fr\/produit\/espaceur-mural-oasis-de-napoleon\/#primaryimage\",\"url\":\"https:\/\/staging.belleflamme.ca\/wp-content\/uploads\/2024\/05\/Espaceur-Mural-Oasis-de-Napoleon.png\",\"contentUrl\":\"https:\/\/staging.belleflamme.ca\/wp-content\/uploads\/2024\/05\/Espaceur-Mural-Oasis-de-Napoleon.png\",\"width\":1000,\"height\":1000,\"caption\":\"Espaceur Mural Oasis de Napoleon\"},{\"@type\":\"BreadcrumbList\",\"@id\":\"https:\/\/staging.belleflamme.ca\/fr\/produit\/espaceur-mural-oasis-de-napoleon\/#breadcrumb\",\"itemListElement\":[{\"@type\":\"ListItem\",\"position\":1,\"name\":\"Accueil\",\"item\":\"https:\/\/www.belleflamme.ca\/fr\/\"},{\"@type\":\"ListItem\",\"position\":2,\"name\":\"Boutique\",\"item\":\"https:\/\/www.belleflamme.ca\/fr\/boutique\/\"},{\"@type\":\"ListItem\",\"position\":3,\"name\":\"BBQ &amp; Produits Ext\u00e9rieurs\",\"item\":\"https:\/\/staging.belleflamme.ca\/fr\/categories\/bbq-produits-exterieurs\/\"},{\"@type\":\"ListItem\",\"position\":4,\"name\":\"Cuisine Ext\u00e9rieure\",\"item\":\"https:\/\/staging.belleflamme.ca\/fr\/categories\/bbq-produits-exterieurs\/cuisine-exterieure\/\"},{\"@type\":\"ListItem\",\"position\":5,\"name\":\"Cabinets et Modules\",\"item\":\"https:\/\/staging.belleflamme.ca\/fr\/categories\/bbq-produits-exterieurs\/cuisine-exterieure\/cabinets-et-modules\/\"},{\"@type\":\"ListItem\",\"position\":6,\"name\":\"Espaceur Mural Oasis de Napoleon\"}]},{\"@type\":\"WebSite\",\"@id\":\"https:\/\/www.belleflamme.ca\/fr\/#website\",\"url\":\"https:\/\/www.belleflamme.ca\/fr\/\",\"name\":\"Groupe Belleflamme\",\"description\":\"La m\u00e9canique du b\u00e2timent dans le sang.\",\"publisher\":{\"@id\":\"https:\/\/www.belleflamme.ca\/fr\/#organization\"},\"potentialAction\":[{\"@type\":\"SearchAction\",\"target\":{\"@type\":\"EntryPoint\",\"urlTemplate\":\"https:\/\/www.belleflamme.ca\/fr\/?s={search_term_string}\"},\"query-input\":{\"@type\":\"PropertyValueSpecification\",\"valueRequired\":true,\"valueName\":\"search_term_string\"}}],\"inLanguage\":\"fr-FR\"},{\"@type\":[\"Organization\",\"Place\"],\"@id\":\"https:\/\/www.belleflamme.ca\/fr\/#organization\",\"name\":\"Groupe Belleflamme\",\"alternateName\":\"Belleflamme\",\"url\":\"https:\/\/www.belleflamme.ca\/fr\/\",\"logo\":{\"@type\":\"ImageObject\",\"inLanguage\":\"fr-FR\",\"@id\":\"https:\/\/www.belleflamme.ca\/fr\/#\/schema\/logo\/image\/\",\"url\":\"https:\/\/staging.belleflamme.ca\/wp-content\/uploads\/2023\/01\/og-image.jpg\",\"contentUrl\":\"https:\/\/staging.belleflamme.ca\/wp-content\/uploads\/2023\/01\/og-image.jpg\",\"width\":1200,\"height\":630,\"caption\":\"Groupe Belleflamme\"},\"image\":{\"@id\":\"https:\/\/www.belleflamme.ca\/fr\/#\/schema\/logo\/image\/\"},\"sameAs\":[\"https:\/\/www.facebook.com\/belleflamme.ca\/\",\"https:\/\/www.linkedin.com\/company\/belleflamme\/\",\"https:\/\/www.pinterest.ca\/groupebelleflamme\/\",\"https:\/\/www.instagram.com\/legroupebelleflamme\/\"],\"mainEntityOfPage\":{\"@id\":\"https:\/\/staging.belleflamme.ca\/fr\/produit\/espaceur-mural-oasis-de-napoleon\/\"}}]}<\/script>\n<meta property=\"product:brand\" content=\"BBQ Napoleon\" \/>\n<meta property=\"product:price:amount\" content=\"99.00\" \/>\n<meta property=\"product:price:currency\" content=\"CAD\" \/>\n<meta property=\"og:availability\" content=\"instock\" \/>\n<meta property=\"product:availability\" content=\"instock\" \/>\n<meta property=\"product:retailer_item_id\" content=\"IM-WSF-CN\" \/>\n<meta property=\"product:condition\" content=\"new\" \/>\n<!-- \/ Yoast SEO Premium plugin. -->","yoast_head_json":{"title":"Espaceur Mural Oasis de Napoleon - Groupe BelleFlamme","description":"Espaceur Mural Oasis de Napoleon vendu par le Groupe Belleflamme. Laval, Montr\u00e9al, Gatineau et Saint-Sauveur.","robots":{"index":"index","follow":"follow","max-snippet":"max-snippet:-1","max-image-preview":"max-image-preview:large","max-video-preview":"max-video-preview:-1"},"canonical":"https:\/\/staging.belleflamme.ca\/fr\/produit\/espaceur-mural-oasis-de-napoleon\/","og_locale":"fr_FR","og_type":"article","og_title":"Espaceur Mural Oasis de Napoleon","og_description":"Espaceur Mural Oasis de Napoleon vendu par le Groupe Belleflamme. Laval, Montr\u00e9al, Gatineau et Saint-Sauveur.","og_url":"https:\/\/staging.belleflamme.ca\/fr\/produit\/espaceur-mural-oasis-de-napoleon\/","og_site_name":"Groupe BelleFlamme","article_publisher":"https:\/\/www.facebook.com\/belleflamme.ca\/","article_modified_time":"2024-10-01T18:18:07+00:00","og_image":[{"width":1000,"height":1000,"url":"https:\/\/www.belleflamme.ca\/wp-content\/uploads\/2024\/05\/Espaceur-Mural-Oasis-de-Napoleon.png","type":"image\/png"}],"twitter_card":"summary_large_image","twitter_misc":{"Prix":"&#36;99.00","Disponibilit\u00e9":"En stock"},"schema":{"@context":"https:\/\/schema.org","@graph":[{"@type":["WebPage","ItemPage"],"@id":"https:\/\/staging.belleflamme.ca\/fr\/produit\/espaceur-mural-oasis-de-napoleon\/","url":"https:\/\/staging.belleflamme.ca\/fr\/produit\/espaceur-mural-oasis-de-napoleon\/","name":"Espaceur Mural Oasis de Napoleon - Groupe BelleFlamme","isPartOf":{"@id":"https:\/\/www.belleflamme.ca\/fr\/#website"},"primaryImageOfPage":{"@id":"https:\/\/staging.belleflamme.ca\/fr\/produit\/espaceur-mural-oasis-de-napoleon\/#primaryimage"},"image":{"@id":"https:\/\/staging.belleflamme.ca\/fr\/produit\/espaceur-mural-oasis-de-napoleon\/#primaryimage"},"thumbnailUrl":"https:\/\/staging.belleflamme.ca\/wp-content\/uploads\/2024\/05\/Espaceur-Mural-Oasis-de-Napoleon.png","datePublished":"2024-05-01T15:58:23+00:00","dateModified":"2024-10-01T18:18:07+00:00","description":"Espaceur Mural Oasis de Napoleon vendu par le Groupe Belleflamme. Laval, Montr\u00e9al, Gatineau et Saint-Sauveur.","breadcrumb":{"@id":"https:\/\/staging.belleflamme.ca\/fr\/produit\/espaceur-mural-oasis-de-napoleon\/#breadcrumb"},"inLanguage":"fr-FR","potentialAction":[{"@type":"ReadAction","target":["https:\/\/staging.belleflamme.ca\/fr\/produit\/espaceur-mural-oasis-de-napoleon\/"]}]},{"@type":"ImageObject","inLanguage":"fr-FR","@id":"https:\/\/staging.belleflamme.ca\/fr\/produit\/espaceur-mural-oasis-de-napoleon\/#primaryimage","url":"https:\/\/staging.belleflamme.ca\/wp-content\/uploads\/2024\/05\/Espaceur-Mural-Oasis-de-Napoleon.png","contentUrl":"https:\/\/staging.belleflamme.ca\/wp-content\/uploads\/2024\/05\/Espaceur-Mural-Oasis-de-Napoleon.png","width":1000,"height":1000,"caption":"Espaceur Mural Oasis de Napoleon"},{"@type":"BreadcrumbList","@id":"https:\/\/staging.belleflamme.ca\/fr\/produit\/espaceur-mural-oasis-de-napoleon\/#breadcrumb","itemListElement":[{"@type":"ListItem","position":1,"name":"Accueil","item":"https:\/\/www.belleflamme.ca\/fr\/"},{"@type":"ListItem","position":2,"name":"Boutique","item":"https:\/\/www.belleflamme.ca\/fr\/boutique\/"},{"@type":"ListItem","position":3,"name":"BBQ &amp; Produits Ext\u00e9rieurs","item":"https:\/\/staging.belleflamme.ca\/fr\/categories\/bbq-produits-exterieurs\/"},{"@type":"ListItem","position":4,"name":"Cuisine Ext\u00e9rieure","item":"https:\/\/staging.belleflamme.ca\/fr\/categories\/bbq-produits-exterieurs\/cuisine-exterieure\/"},{"@type":"ListItem","position":5,"name":"Cabinets et Modules","item":"https:\/\/staging.belleflamme.ca\/fr\/categories\/bbq-produits-exterieurs\/cuisine-exterieure\/cabinets-et-modules\/"},{"@type":"ListItem","position":6,"name":"Espaceur Mural Oasis de Napoleon"}]},{"@type":"WebSite","@id":"https:\/\/www.belleflamme.ca\/fr\/#website","url":"https:\/\/www.belleflamme.ca\/fr\/","name":"Groupe Belleflamme","description":"La m\u00e9canique du b\u00e2timent dans le sang.","publisher":{"@id":"https:\/\/www.belleflamme.ca\/fr\/#organization"},"potentialAction":[{"@type":"SearchAction","target":{"@type":"EntryPoint","urlTemplate":"https:\/\/www.belleflamme.ca\/fr\/?s={search_term_string}"},"query-input":{"@type":"PropertyValueSpecification","valueRequired":true,"valueName":"search_term_string"}}],"inLanguage":"fr-FR"},{"@type":["Organization","Place"],"@id":"https:\/\/www.belleflamme.ca\/fr\/#organization","name":"Groupe Belleflamme","alternateName":"Belleflamme","url":"https:\/\/www.belleflamme.ca\/fr\/","logo":{"@type":"ImageObject","inLanguage":"fr-FR","@id":"https:\/\/www.belleflamme.ca\/fr\/#\/schema\/logo\/image\/","url":"https:\/\/staging.belleflamme.ca\/wp-content\/uploads\/2023\/01\/og-image.jpg","contentUrl":"https:\/\/staging.belleflamme.ca\/wp-content\/uploads\/2023\/01\/og-image.jpg","width":1200,"height":630,"caption":"Groupe Belleflamme"},"image":{"@id":"https:\/\/www.belleflamme.ca\/fr\/#\/schema\/logo\/image\/"},"sameAs":["https:\/\/www.facebook.com\/belleflamme.ca\/","https:\/\/www.linkedin.com\/company\/belleflamme\/","https:\/\/www.pinterest.ca\/groupebelleflamme\/","https:\/\/www.instagram.com\/legroupebelleflamme\/"],"mainEntityOfPage":{"@id":"https:\/\/staging.belleflamme.ca\/fr\/produit\/espaceur-mural-oasis-de-napoleon\/"}}]},"product_brand":"BBQ Napoleon","product_price_amount":"99.00","product_price_currency":"CAD","og_availability":"instock","product_availability":"instock","product_retailer_item_id":"IM-WSF-CN","product_condition":"new"},"_links":{"self":[{"href":"https:\/\/staging.belleflamme.ca\/fr\/wp-json\/wp\/v2\/product\/37210","targetHints":{"allow":["GET"]}}],"collection":[{"href":"https:\/\/staging.belleflamme.ca\/fr\/wp-json\/wp\/v2\/product"}],"about":[{"href":"https:\/\/staging.belleflamme.ca\/fr\/wp-json\/wp\/v2\/types\/product"}],"version-history":[{"count":5,"href":"https:\/\/staging.belleflamme.ca\/fr\/wp-json\/wp\/v2\/product\/37210\/revisions"}],"predecessor-version":[{"id":43380,"href":"https:\/\/staging.belleflamme.ca\/fr\/wp-json\/wp\/v2\/product\/37210\/revisions\/43380"}],"wp:featuredmedia":[{"embeddable":true,"href":"https:\/\/staging.belleflamme.ca\/fr\/wp-json\/wp\/v2\/media\/37211"}],"wp:attachment":[{"href":"https:\/\/staging.belleflamme.ca\/fr\/wp-json\/wp\/v2\/media?parent=37210"}],"wp:term":[{"taxonomy":"product_brand","embeddable":true,"href":"https:\/\/staging.belleflamme.ca\/fr\/wp-json\/wp\/v2\/product_brand?post=37210"},{"taxonomy":"product_cat","embeddable":true,"href":"https:\/\/staging.belleflamme.ca\/fr\/wp-json\/wp\/v2\/product_cat?post=37210"},{"taxonomy":"product_tag","embeddable":true,"href":"https:\/\/staging.belleflamme.ca\/fr\/wp-json\/wp\/v2\/product_tag?post=37210"}],"curies":[{"name":"wp","href":"https:\/\/api.w.org\/{rel}","templated":true}]}}